{"id":9153,"date":"2023-11-22T14:28:28","date_gmt":"2023-11-22T14:28:28","guid":{"rendered":"https:\/\/abaa.mx\/tienda\/?post_type=product&#038;p=9153"},"modified":"2023-11-22T14:28:28","modified_gmt":"2023-11-22T14:28:28","slug":"medidor-de-altura-12-521742120","status":"publish","type":"product","link":"https:\/\/abaa.mx\/tienda\/medidor-de-altura-12-521742120\/","title":{"rendered":"Medidor de Altura 12&#8243; &#8211; 521742120"},"content":{"rendered":"<p>Medidor de Altura 12&#8243; &#8211; 521742120.<\/p>\n","protected":false},"excerpt":{"rendered":"<p><b>Medidor de Altura An\u00e1logo.<\/b><\/p>\n<ul>\n<li>La base se endurece, se pone a tierra y se lamina para lograr la m\u00e1xima planicidad.<\/li>\n<li>Punz\u00f3n de punta de carburo.<\/li>\n<li>Doble vigas cromadas.<\/li>\n<li>El v\u00e1stago de la espiga mide 0.350 &#8220;x .0350&#8221;.<\/li>\n<li>El ajuste de cero se puede obtener en toda la gama del medidor.<\/li>\n<li>Lecturas gruesas en graduaciones de .100 &#8220;: las lecturas finas tomadas en el indicador son .001&#8221;.<\/li>\n<li>Contadores de d\u00edgitos independientes que registran tanto el recorrido hacia arriba como hacia abajo.<\/li>\n<\/ul>\n<p><b>Especificaciones:<\/b><\/p>\n<ul>\n<li>Alcance: 12 &#8220;.<\/li>\n<li>Precisi\u00f3n: \u00b1 0.0015 &#8220;.<\/li>\n<\/ul>\n","protected":false},"featured_media":9155,"comment_status":"open","ping_status":"closed","template":"","meta":{"_joinchat":[]},"product_brand":[],"product_cat":[138],"product_tag":[],"class_list":{"0":"post-9153","1":"product","2":"type-product","3":"status-publish","4":"has-post-thumbnail","6":"product_cat-verniers-digitales","8":"first","9":"instock","10":"shipping-taxable","11":"product-type-simple"},"yoast_head":"<!-- This site is optimized with the Yoast SEO plugin v26.4 - https:\/\/yoast.com\/wordpress\/plugins\/seo\/ -->\n<title>Medidor de Altura 12&quot; - 521742120 - Abaa tienda online<\/title>\n<meta name=\"robots\" content=\"index, follow, max-snippet:-1, max-image-preview:large, max-video-preview:-1\" \/>\n<link rel=\"canonical\" href=\"https:\/\/abaa.mx\/tienda\/medidor-de-altura-12-521742120\/\" \/>\n<meta property=\"og:locale\" content=\"es_MX\" \/>\n<meta property=\"og:type\" content=\"article\" \/>\n<meta property=\"og:title\" content=\"Medidor de Altura 12&quot; - 521742120 - Abaa tienda online\" \/>\n<meta property=\"og:description\" content=\"Medidor de Altura An\u00e1logo.   La base se endurece, se pone a tierra y se lamina para lograr la m\u00e1xima planicidad.  Punz\u00f3n de punta de carburo.  Doble vigas cromadas.  El v\u00e1stago de la espiga mide 0.350 &quot;x .0350&quot;.  El ajuste de cero se puede obtener en toda la gama del medidor.  Lecturas gruesas en graduaciones de .100 &quot;: las lecturas finas tomadas en el indicador son .001&quot;.  Contadores de d\u00edgitos independientes que registran tanto el recorrido hacia arriba como hacia abajo.  Especificaciones:   Alcance: 12 &quot;.  Precisi\u00f3n: \u00b1 0.0015 &quot;.\" \/>\n<meta property=\"og:url\" content=\"https:\/\/abaa.mx\/tienda\/medidor-de-altura-12-521742120\/\" \/>\n<meta property=\"og:site_name\" content=\"Abaa tienda online\" \/>\n<meta property=\"og:image\" content=\"https:\/\/abaa.mx\/tienda\/wp-content\/uploads\/2023\/11\/FOWLER-521742120.jpg\" \/>\n\t<meta property=\"og:image:width\" content=\"380\" \/>\n\t<meta property=\"og:image:height\" content=\"448\" \/>\n\t<meta property=\"og:image:type\" content=\"image\/jpeg\" \/>\n<meta name=\"twitter:card\" content=\"summary_large_image\" \/>\n<meta name=\"twitter:label1\" content=\"Tiempo de lectura\" \/>\n\t<meta name=\"twitter:data1\" content=\"1 minuto\" \/>\n<script type=\"application\/ld+json\" class=\"yoast-schema-graph\">{\"@context\":\"https:\/\/schema.org\",\"@graph\":[{\"@type\":\"WebPage\",\"@id\":\"https:\/\/abaa.mx\/tienda\/medidor-de-altura-12-521742120\/\",\"url\":\"https:\/\/abaa.mx\/tienda\/medidor-de-altura-12-521742120\/\",\"name\":\"Medidor de Altura 12\\\" - 521742120 - Abaa tienda online\",\"isPartOf\":{\"@id\":\"https:\/\/abaa.mx\/tienda\/#website\"},\"primaryImageOfPage\":{\"@id\":\"https:\/\/abaa.mx\/tienda\/medidor-de-altura-12-521742120\/#primaryimage\"},\"image\":{\"@id\":\"https:\/\/abaa.mx\/tienda\/medidor-de-altura-12-521742120\/#primaryimage\"},\"thumbnailUrl\":\"https:\/\/abaa.mx\/tienda\/wp-content\/uploads\/2023\/11\/FOWLER-521742120.jpg\",\"datePublished\":\"2023-11-22T14:28:28+00:00\",\"breadcrumb\":{\"@id\":\"https:\/\/abaa.mx\/tienda\/medidor-de-altura-12-521742120\/#breadcrumb\"},\"inLanguage\":\"es\",\"potentialAction\":[{\"@type\":\"ReadAction\",\"target\":[\"https:\/\/abaa.mx\/tienda\/medidor-de-altura-12-521742120\/\"]}]},{\"@type\":\"ImageObject\",\"inLanguage\":\"es\",\"@id\":\"https:\/\/abaa.mx\/tienda\/medidor-de-altura-12-521742120\/#primaryimage\",\"url\":\"https:\/\/abaa.mx\/tienda\/wp-content\/uploads\/2023\/11\/FOWLER-521742120.jpg\",\"contentUrl\":\"https:\/\/abaa.mx\/tienda\/wp-content\/uploads\/2023\/11\/FOWLER-521742120.jpg\",\"width\":380,\"height\":448,\"caption\":\"FOWLER-521742120\"},{\"@type\":\"BreadcrumbList\",\"@id\":\"https:\/\/abaa.mx\/tienda\/medidor-de-altura-12-521742120\/#breadcrumb\",\"itemListElement\":[{\"@type\":\"ListItem\",\"position\":1,\"name\":\"Inicio\",\"item\":\"https:\/\/abaa.mx\/tienda\/\"},{\"@type\":\"ListItem\",\"position\":2,\"name\":\"Tienda\",\"item\":\"https:\/\/abaa.mx\/tienda\/\"},{\"@type\":\"ListItem\",\"position\":3,\"name\":\"Medidor de Altura 12&#8243; &#8211; 521742120\"}]},{\"@type\":\"WebSite\",\"@id\":\"https:\/\/abaa.mx\/tienda\/#website\",\"url\":\"https:\/\/abaa.mx\/tienda\/\",\"name\":\"Abaa tienda online\",\"description\":\"Instrumentos de medici\u00f3n\",\"publisher\":{\"@id\":\"https:\/\/abaa.mx\/tienda\/#organization\"},\"potentialAction\":[{\"@type\":\"SearchAction\",\"target\":{\"@type\":\"EntryPoint\",\"urlTemplate\":\"https:\/\/abaa.mx\/tienda\/?s={search_term_string}\"},\"query-input\":{\"@type\":\"PropertyValueSpecification\",\"valueRequired\":true,\"valueName\":\"search_term_string\"}}],\"inLanguage\":\"es\"},{\"@type\":\"Organization\",\"@id\":\"https:\/\/abaa.mx\/tienda\/#organization\",\"name\":\"Abaa tienda online\",\"url\":\"https:\/\/abaa.mx\/tienda\/\",\"logo\":{\"@type\":\"ImageObject\",\"inLanguage\":\"es\",\"@id\":\"https:\/\/abaa.mx\/tienda\/#\/schema\/logo\/image\/\",\"url\":\"https:\/\/abaa.mx\/tienda\/wp-content\/uploads\/2024\/01\/abaa-metrologia-tienda.png\",\"contentUrl\":\"https:\/\/abaa.mx\/tienda\/wp-content\/uploads\/2024\/01\/abaa-metrologia-tienda.png\",\"width\":300,\"height\":141,\"caption\":\"Abaa tienda online\"},\"image\":{\"@id\":\"https:\/\/abaa.mx\/tienda\/#\/schema\/logo\/image\/\"}}]}<\/script>\n<!-- \/ Yoast SEO plugin. -->","yoast_head_json":{"title":"Medidor de Altura 12\" - 521742120 - Abaa tienda online","robots":{"index":"index","follow":"follow","max-snippet":"max-snippet:-1","max-image-preview":"max-image-preview:large","max-video-preview":"max-video-preview:-1"},"canonical":"https:\/\/abaa.mx\/tienda\/medidor-de-altura-12-521742120\/","og_locale":"es_MX","og_type":"article","og_title":"Medidor de Altura 12\" - 521742120 - Abaa tienda online","og_description":"Medidor de Altura An\u00e1logo.   La base se endurece, se pone a tierra y se lamina para lograr la m\u00e1xima planicidad.  Punz\u00f3n de punta de carburo.  Doble vigas cromadas.  El v\u00e1stago de la espiga mide 0.350 \"x .0350\".  El ajuste de cero se puede obtener en toda la gama del medidor.  Lecturas gruesas en graduaciones de .100 \": las lecturas finas tomadas en el indicador son .001\".  Contadores de d\u00edgitos independientes que registran tanto el recorrido hacia arriba como hacia abajo.  Especificaciones:   Alcance: 12 \".  Precisi\u00f3n: \u00b1 0.0015 \".","og_url":"https:\/\/abaa.mx\/tienda\/medidor-de-altura-12-521742120\/","og_site_name":"Abaa tienda online","og_image":[{"width":380,"height":448,"url":"https:\/\/abaa.mx\/tienda\/wp-content\/uploads\/2023\/11\/FOWLER-521742120.jpg","type":"image\/jpeg"}],"twitter_card":"summary_large_image","twitter_misc":{"Tiempo de lectura":"1 minuto"},"schema":{"@context":"https:\/\/schema.org","@graph":[{"@type":"WebPage","@id":"https:\/\/abaa.mx\/tienda\/medidor-de-altura-12-521742120\/","url":"https:\/\/abaa.mx\/tienda\/medidor-de-altura-12-521742120\/","name":"Medidor de Altura 12\" - 521742120 - Abaa tienda online","isPartOf":{"@id":"https:\/\/abaa.mx\/tienda\/#website"},"primaryImageOfPage":{"@id":"https:\/\/abaa.mx\/tienda\/medidor-de-altura-12-521742120\/#primaryimage"},"image":{"@id":"https:\/\/abaa.mx\/tienda\/medidor-de-altura-12-521742120\/#primaryimage"},"thumbnailUrl":"https:\/\/abaa.mx\/tienda\/wp-content\/uploads\/2023\/11\/FOWLER-521742120.jpg","datePublished":"2023-11-22T14:28:28+00:00","breadcrumb":{"@id":"https:\/\/abaa.mx\/tienda\/medidor-de-altura-12-521742120\/#breadcrumb"},"inLanguage":"es","potentialAction":[{"@type":"ReadAction","target":["https:\/\/abaa.mx\/tienda\/medidor-de-altura-12-521742120\/"]}]},{"@type":"ImageObject","inLanguage":"es","@id":"https:\/\/abaa.mx\/tienda\/medidor-de-altura-12-521742120\/#primaryimage","url":"https:\/\/abaa.mx\/tienda\/wp-content\/uploads\/2023\/11\/FOWLER-521742120.jpg","contentUrl":"https:\/\/abaa.mx\/tienda\/wp-content\/uploads\/2023\/11\/FOWLER-521742120.jpg","width":380,"height":448,"caption":"FOWLER-521742120"},{"@type":"BreadcrumbList","@id":"https:\/\/abaa.mx\/tienda\/medidor-de-altura-12-521742120\/#breadcrumb","itemListElement":[{"@type":"ListItem","position":1,"name":"Inicio","item":"https:\/\/abaa.mx\/tienda\/"},{"@type":"ListItem","position":2,"name":"Tienda","item":"https:\/\/abaa.mx\/tienda\/"},{"@type":"ListItem","position":3,"name":"Medidor de Altura 12&#8243; &#8211; 521742120"}]},{"@type":"WebSite","@id":"https:\/\/abaa.mx\/tienda\/#website","url":"https:\/\/abaa.mx\/tienda\/","name":"Abaa tienda online","description":"Instrumentos de medici\u00f3n","publisher":{"@id":"https:\/\/abaa.mx\/tienda\/#organization"},"potentialAction":[{"@type":"SearchAction","target":{"@type":"EntryPoint","urlTemplate":"https:\/\/abaa.mx\/tienda\/?s={search_term_string}"},"query-input":{"@type":"PropertyValueSpecification","valueRequired":true,"valueName":"search_term_string"}}],"inLanguage":"es"},{"@type":"Organization","@id":"https:\/\/abaa.mx\/tienda\/#organization","name":"Abaa tienda online","url":"https:\/\/abaa.mx\/tienda\/","logo":{"@type":"ImageObject","inLanguage":"es","@id":"https:\/\/abaa.mx\/tienda\/#\/schema\/logo\/image\/","url":"https:\/\/abaa.mx\/tienda\/wp-content\/uploads\/2024\/01\/abaa-metrologia-tienda.png","contentUrl":"https:\/\/abaa.mx\/tienda\/wp-content\/uploads\/2024\/01\/abaa-metrologia-tienda.png","width":300,"height":141,"caption":"Abaa tienda online"},"image":{"@id":"https:\/\/abaa.mx\/tienda\/#\/schema\/logo\/image\/"}}]}},"_links":{"self":[{"href":"https:\/\/abaa.mx\/tienda\/wp-json\/wp\/v2\/product\/9153","targetHints":{"allow":["GET"]}}],"collection":[{"href":"https:\/\/abaa.mx\/tienda\/wp-json\/wp\/v2\/product"}],"about":[{"href":"https:\/\/abaa.mx\/tienda\/wp-json\/wp\/v2\/types\/product"}],"replies":[{"embeddable":true,"href":"https:\/\/abaa.mx\/tienda\/wp-json\/wp\/v2\/comments?post=9153"}],"wp:featuredmedia":[{"embeddable":true,"href":"https:\/\/abaa.mx\/tienda\/wp-json\/wp\/v2\/media\/9155"}],"wp:attachment":[{"href":"https:\/\/abaa.mx\/tienda\/wp-json\/wp\/v2\/media?parent=9153"}],"wp:term":[{"taxonomy":"product_brand","embeddable":true,"href":"https:\/\/abaa.mx\/tienda\/wp-json\/wp\/v2\/product_brand?post=9153"},{"taxonomy":"product_cat","embeddable":true,"href":"https:\/\/abaa.mx\/tienda\/wp-json\/wp\/v2\/product_cat?post=9153"},{"taxonomy":"product_tag","embeddable":true,"href":"https:\/\/abaa.mx\/tienda\/wp-json\/wp\/v2\/product_tag?post=9153"}],"curies":[{"name":"wp","href":"https:\/\/api.w.org\/{rel}","templated":true}]}}