{"id":9142,"date":"2023-11-21T20:37:48","date_gmt":"2023-11-21T20:37:48","guid":{"rendered":"https:\/\/abaa.mx\/tienda\/?post_type=product&#038;p=9142"},"modified":"2023-11-21T20:37:49","modified_gmt":"2023-11-21T20:37:49","slug":"vernier-digital-4-v4","status":"publish","type":"product","link":"https:\/\/abaa.mx\/tienda\/vernier-digital-4-v4\/","title":{"rendered":"Vernier Digital 4 &#8211; V4"},"content":{"rendered":"<p>Vernier Digital 4 &#8211; V4.<\/p>\n","protected":false},"excerpt":{"rendered":"<p><strong>Descripci\u00f3n:<\/strong>\u00a0La balanza de cer\u00e1mica absoluta asegura que el calibrador nunca perder\u00e1 su punto de referencia.<\/p>\n<ul>\n<li>Medici\u00f3n Absoluta \/ Incremental.<\/li>\n<li>La escala absoluta asegura que el calibrador nunca perder\u00e1 su punto de referencia.<\/li>\n<li>Marco de acero inoxidable.<\/li>\n<li>Conversi\u00f3n directa de pulgadas \/ m\u00e9tricas.<\/li>\n<li>Pantalla LCD grande f\u00e1cil de leer.<\/li>\n<li>Referencia absoluta.<\/li>\n<li>Incluye caja.<\/li>\n<\/ul>\n<p><strong>Especificaciones:<\/strong><\/p>\n<ul>\n<li>Rango: 4?\/100mm.<\/li>\n<li>Exactitud: 0.001?\/.02mm.<\/li>\n<li>Resoluci\u00f3n: 0.0005?\/.01mm.<\/li>\n<li>Largo Quijada Externa: 1.56?.<\/li>\n<li>Largo Quijada Interna : 0.635?.<\/li>\n<li>Espesor de Quijada: 0.117?.<\/li>\n<li>Incluye salida para datos (Cable de datos se vende por separado, FW-545203990CA).<\/li>\n<\/ul>\n","protected":false},"featured_media":9143,"comment_status":"open","ping_status":"closed","template":"","meta":{"_joinchat":[]},"product_brand":[],"product_cat":[138],"product_tag":[],"class_list":{"0":"post-9142","1":"product","2":"type-product","3":"status-publish","4":"has-post-thumbnail","6":"product_cat-verniers-digitales","8":"first","9":"instock","10":"shipping-taxable","11":"product-type-simple"},"yoast_head":"<!-- This site is optimized with the Yoast SEO plugin v26.4 - https:\/\/yoast.com\/wordpress\/plugins\/seo\/ -->\n<title>Vernier Digital 4 - V4 - Abaa tienda online<\/title>\n<meta name=\"robots\" content=\"index, follow, max-snippet:-1, max-image-preview:large, max-video-preview:-1\" \/>\n<link rel=\"canonical\" href=\"https:\/\/abaa.mx\/tienda\/vernier-digital-4-v4\/\" \/>\n<meta property=\"og:locale\" content=\"es_MX\" \/>\n<meta property=\"og:type\" content=\"article\" \/>\n<meta property=\"og:title\" content=\"Vernier Digital 4 - V4 - Abaa tienda online\" \/>\n<meta property=\"og:description\" content=\"Descripci\u00f3n:\u00a0La balanza de cer\u00e1mica absoluta asegura que el calibrador nunca perder\u00e1 su punto de referencia.   Medici\u00f3n Absoluta \/ Incremental.  La escala absoluta asegura que el calibrador nunca perder\u00e1 su punto de referencia.  Marco de acero inoxidable.  Conversi\u00f3n directa de pulgadas \/ m\u00e9tricas.  Pantalla LCD grande f\u00e1cil de leer.  Referencia absoluta.  Incluye caja.  Especificaciones:   Rango: 4?\/100mm.  Exactitud: 0.001?\/.02mm.  Resoluci\u00f3n: 0.0005?\/.01mm.  Largo Quijada Externa: 1.56?.  Largo Quijada Interna : 0.635?.  Espesor de Quijada: 0.117?.  Incluye salida para datos (Cable de datos se vende por separado, FW-545203990CA).\" \/>\n<meta property=\"og:url\" content=\"https:\/\/abaa.mx\/tienda\/vernier-digital-4-v4\/\" \/>\n<meta property=\"og:site_name\" content=\"Abaa tienda online\" \/>\n<meta property=\"article:modified_time\" content=\"2023-11-21T20:37:49+00:00\" \/>\n<meta property=\"og:image\" content=\"https:\/\/abaa.mx\/tienda\/wp-content\/uploads\/2023\/11\/FOWLER-V4.jpg\" \/>\n\t<meta property=\"og:image:width\" content=\"498\" \/>\n\t<meta property=\"og:image:height\" content=\"275\" \/>\n\t<meta property=\"og:image:type\" content=\"image\/jpeg\" \/>\n<meta name=\"twitter:card\" content=\"summary_large_image\" \/>\n<meta name=\"twitter:label1\" content=\"Tiempo de lectura\" \/>\n\t<meta name=\"twitter:data1\" content=\"1 minuto\" \/>\n<script type=\"application\/ld+json\" class=\"yoast-schema-graph\">{\"@context\":\"https:\/\/schema.org\",\"@graph\":[{\"@type\":\"WebPage\",\"@id\":\"https:\/\/abaa.mx\/tienda\/vernier-digital-4-v4\/\",\"url\":\"https:\/\/abaa.mx\/tienda\/vernier-digital-4-v4\/\",\"name\":\"Vernier Digital 4 - V4 - Abaa tienda online\",\"isPartOf\":{\"@id\":\"https:\/\/abaa.mx\/tienda\/#website\"},\"primaryImageOfPage\":{\"@id\":\"https:\/\/abaa.mx\/tienda\/vernier-digital-4-v4\/#primaryimage\"},\"image\":{\"@id\":\"https:\/\/abaa.mx\/tienda\/vernier-digital-4-v4\/#primaryimage\"},\"thumbnailUrl\":\"https:\/\/abaa.mx\/tienda\/wp-content\/uploads\/2023\/11\/FOWLER-V4.jpg\",\"datePublished\":\"2023-11-21T20:37:48+00:00\",\"dateModified\":\"2023-11-21T20:37:49+00:00\",\"breadcrumb\":{\"@id\":\"https:\/\/abaa.mx\/tienda\/vernier-digital-4-v4\/#breadcrumb\"},\"inLanguage\":\"es\",\"potentialAction\":[{\"@type\":\"ReadAction\",\"target\":[\"https:\/\/abaa.mx\/tienda\/vernier-digital-4-v4\/\"]}]},{\"@type\":\"ImageObject\",\"inLanguage\":\"es\",\"@id\":\"https:\/\/abaa.mx\/tienda\/vernier-digital-4-v4\/#primaryimage\",\"url\":\"https:\/\/abaa.mx\/tienda\/wp-content\/uploads\/2023\/11\/FOWLER-V4.jpg\",\"contentUrl\":\"https:\/\/abaa.mx\/tienda\/wp-content\/uploads\/2023\/11\/FOWLER-V4.jpg\",\"width\":498,\"height\":275,\"caption\":\"FOWLER-V4\"},{\"@type\":\"BreadcrumbList\",\"@id\":\"https:\/\/abaa.mx\/tienda\/vernier-digital-4-v4\/#breadcrumb\",\"itemListElement\":[{\"@type\":\"ListItem\",\"position\":1,\"name\":\"Inicio\",\"item\":\"https:\/\/abaa.mx\/tienda\/\"},{\"@type\":\"ListItem\",\"position\":2,\"name\":\"Tienda\",\"item\":\"https:\/\/abaa.mx\/tienda\/\"},{\"@type\":\"ListItem\",\"position\":3,\"name\":\"Vernier Digital 4 &#8211; V4\"}]},{\"@type\":\"WebSite\",\"@id\":\"https:\/\/abaa.mx\/tienda\/#website\",\"url\":\"https:\/\/abaa.mx\/tienda\/\",\"name\":\"Abaa tienda online\",\"description\":\"Instrumentos de medici\u00f3n\",\"publisher\":{\"@id\":\"https:\/\/abaa.mx\/tienda\/#organization\"},\"potentialAction\":[{\"@type\":\"SearchAction\",\"target\":{\"@type\":\"EntryPoint\",\"urlTemplate\":\"https:\/\/abaa.mx\/tienda\/?s={search_term_string}\"},\"query-input\":{\"@type\":\"PropertyValueSpecification\",\"valueRequired\":true,\"valueName\":\"search_term_string\"}}],\"inLanguage\":\"es\"},{\"@type\":\"Organization\",\"@id\":\"https:\/\/abaa.mx\/tienda\/#organization\",\"name\":\"Abaa tienda online\",\"url\":\"https:\/\/abaa.mx\/tienda\/\",\"logo\":{\"@type\":\"ImageObject\",\"inLanguage\":\"es\",\"@id\":\"https:\/\/abaa.mx\/tienda\/#\/schema\/logo\/image\/\",\"url\":\"https:\/\/abaa.mx\/tienda\/wp-content\/uploads\/2024\/01\/abaa-metrologia-tienda.png\",\"contentUrl\":\"https:\/\/abaa.mx\/tienda\/wp-content\/uploads\/2024\/01\/abaa-metrologia-tienda.png\",\"width\":300,\"height\":141,\"caption\":\"Abaa tienda online\"},\"image\":{\"@id\":\"https:\/\/abaa.mx\/tienda\/#\/schema\/logo\/image\/\"}}]}<\/script>\n<!-- \/ Yoast SEO plugin. -->","yoast_head_json":{"title":"Vernier Digital 4 - V4 - Abaa tienda online","robots":{"index":"index","follow":"follow","max-snippet":"max-snippet:-1","max-image-preview":"max-image-preview:large","max-video-preview":"max-video-preview:-1"},"canonical":"https:\/\/abaa.mx\/tienda\/vernier-digital-4-v4\/","og_locale":"es_MX","og_type":"article","og_title":"Vernier Digital 4 - V4 - Abaa tienda online","og_description":"Descripci\u00f3n:\u00a0La balanza de cer\u00e1mica absoluta asegura que el calibrador nunca perder\u00e1 su punto de referencia.   Medici\u00f3n Absoluta \/ Incremental.  La escala absoluta asegura que el calibrador nunca perder\u00e1 su punto de referencia.  Marco de acero inoxidable.  Conversi\u00f3n directa de pulgadas \/ m\u00e9tricas.  Pantalla LCD grande f\u00e1cil de leer.  Referencia absoluta.  Incluye caja.  Especificaciones:   Rango: 4?\/100mm.  Exactitud: 0.001?\/.02mm.  Resoluci\u00f3n: 0.0005?\/.01mm.  Largo Quijada Externa: 1.56?.  Largo Quijada Interna : 0.635?.  Espesor de Quijada: 0.117?.  Incluye salida para datos (Cable de datos se vende por separado, FW-545203990CA).","og_url":"https:\/\/abaa.mx\/tienda\/vernier-digital-4-v4\/","og_site_name":"Abaa tienda online","article_modified_time":"2023-11-21T20:37:49+00:00","og_image":[{"width":498,"height":275,"url":"https:\/\/abaa.mx\/tienda\/wp-content\/uploads\/2023\/11\/FOWLER-V4.jpg","type":"image\/jpeg"}],"twitter_card":"summary_large_image","twitter_misc":{"Tiempo de lectura":"1 minuto"},"schema":{"@context":"https:\/\/schema.org","@graph":[{"@type":"WebPage","@id":"https:\/\/abaa.mx\/tienda\/vernier-digital-4-v4\/","url":"https:\/\/abaa.mx\/tienda\/vernier-digital-4-v4\/","name":"Vernier Digital 4 - V4 - Abaa tienda online","isPartOf":{"@id":"https:\/\/abaa.mx\/tienda\/#website"},"primaryImageOfPage":{"@id":"https:\/\/abaa.mx\/tienda\/vernier-digital-4-v4\/#primaryimage"},"image":{"@id":"https:\/\/abaa.mx\/tienda\/vernier-digital-4-v4\/#primaryimage"},"thumbnailUrl":"https:\/\/abaa.mx\/tienda\/wp-content\/uploads\/2023\/11\/FOWLER-V4.jpg","datePublished":"2023-11-21T20:37:48+00:00","dateModified":"2023-11-21T20:37:49+00:00","breadcrumb":{"@id":"https:\/\/abaa.mx\/tienda\/vernier-digital-4-v4\/#breadcrumb"},"inLanguage":"es","potentialAction":[{"@type":"ReadAction","target":["https:\/\/abaa.mx\/tienda\/vernier-digital-4-v4\/"]}]},{"@type":"ImageObject","inLanguage":"es","@id":"https:\/\/abaa.mx\/tienda\/vernier-digital-4-v4\/#primaryimage","url":"https:\/\/abaa.mx\/tienda\/wp-content\/uploads\/2023\/11\/FOWLER-V4.jpg","contentUrl":"https:\/\/abaa.mx\/tienda\/wp-content\/uploads\/2023\/11\/FOWLER-V4.jpg","width":498,"height":275,"caption":"FOWLER-V4"},{"@type":"BreadcrumbList","@id":"https:\/\/abaa.mx\/tienda\/vernier-digital-4-v4\/#breadcrumb","itemListElement":[{"@type":"ListItem","position":1,"name":"Inicio","item":"https:\/\/abaa.mx\/tienda\/"},{"@type":"ListItem","position":2,"name":"Tienda","item":"https:\/\/abaa.mx\/tienda\/"},{"@type":"ListItem","position":3,"name":"Vernier Digital 4 &#8211; V4"}]},{"@type":"WebSite","@id":"https:\/\/abaa.mx\/tienda\/#website","url":"https:\/\/abaa.mx\/tienda\/","name":"Abaa tienda online","description":"Instrumentos de medici\u00f3n","publisher":{"@id":"https:\/\/abaa.mx\/tienda\/#organization"},"potentialAction":[{"@type":"SearchAction","target":{"@type":"EntryPoint","urlTemplate":"https:\/\/abaa.mx\/tienda\/?s={search_term_string}"},"query-input":{"@type":"PropertyValueSpecification","valueRequired":true,"valueName":"search_term_string"}}],"inLanguage":"es"},{"@type":"Organization","@id":"https:\/\/abaa.mx\/tienda\/#organization","name":"Abaa tienda online","url":"https:\/\/abaa.mx\/tienda\/","logo":{"@type":"ImageObject","inLanguage":"es","@id":"https:\/\/abaa.mx\/tienda\/#\/schema\/logo\/image\/","url":"https:\/\/abaa.mx\/tienda\/wp-content\/uploads\/2024\/01\/abaa-metrologia-tienda.png","contentUrl":"https:\/\/abaa.mx\/tienda\/wp-content\/uploads\/2024\/01\/abaa-metrologia-tienda.png","width":300,"height":141,"caption":"Abaa tienda online"},"image":{"@id":"https:\/\/abaa.mx\/tienda\/#\/schema\/logo\/image\/"}}]}},"_links":{"self":[{"href":"https:\/\/abaa.mx\/tienda\/wp-json\/wp\/v2\/product\/9142","targetHints":{"allow":["GET"]}}],"collection":[{"href":"https:\/\/abaa.mx\/tienda\/wp-json\/wp\/v2\/product"}],"about":[{"href":"https:\/\/abaa.mx\/tienda\/wp-json\/wp\/v2\/types\/product"}],"replies":[{"embeddable":true,"href":"https:\/\/abaa.mx\/tienda\/wp-json\/wp\/v2\/comments?post=9142"}],"wp:featuredmedia":[{"embeddable":true,"href":"https:\/\/abaa.mx\/tienda\/wp-json\/wp\/v2\/media\/9143"}],"wp:attachment":[{"href":"https:\/\/abaa.mx\/tienda\/wp-json\/wp\/v2\/media?parent=9142"}],"wp:term":[{"taxonomy":"product_brand","embeddable":true,"href":"https:\/\/abaa.mx\/tienda\/wp-json\/wp\/v2\/product_brand?post=9142"},{"taxonomy":"product_cat","embeddable":true,"href":"https:\/\/abaa.mx\/tienda\/wp-json\/wp\/v2\/product_cat?post=9142"},{"taxonomy":"product_tag","embeddable":true,"href":"https:\/\/abaa.mx\/tienda\/wp-json\/wp\/v2\/product_tag?post=9142"}],"curies":[{"name":"wp","href":"https:\/\/api.w.org\/{rel}","templated":true}]}}