{"id":9131,"date":"2023-11-21T20:04:28","date_gmt":"2023-11-21T20:04:28","guid":{"rendered":"https:\/\/abaa.mx\/tienda\/?post_type=product&#038;p=9131"},"modified":"2023-11-21T20:04:28","modified_gmt":"2023-11-21T20:04:28","slug":"vernier-de-alto-rango-0-24-600mm-541000241","status":"publish","type":"product","link":"https:\/\/abaa.mx\/tienda\/vernier-de-alto-rango-0-24-600mm-541000241\/","title":{"rendered":"Vernier de Alto Rango 0-24 &#8211; 600mm &#8211; 541000241"},"content":{"rendered":"<p>Vernier de Alto Rango 0-24 &#8211; 600mm &#8211; 541000241.<\/p>\n","protected":false},"excerpt":{"rendered":"<p><strong>Vernier de Alto Rango 0-24&#8243;\/600mm, Fowler.<\/strong><\/p>\n<ul>\n<li>Funci\u00f3n de retenci\u00f3n.<\/li>\n<li>Para piezas de trabajo m\u00e1s grandes. Las mand\u00edbulas largas permiten un mayor acceso y mediciones m\u00e1s f\u00e1ciles.<\/li>\n<li>Tama\u00f1o de la punta: 0.800&#8243;.<\/li>\n<li>Pantalla digital de tama\u00f1o completo .0005&#8243;.<\/li>\n<li>Rango: 0-24&#8243;\/600 mm.<\/li>\n<li>Soporte para el pulgar ergon\u00f3mico para un f\u00e1cil ajuste.<\/li>\n<li>El modo preestablecido ahora incluye compensaci\u00f3n para las mand\u00edbulas internas.<\/li>\n<li>Todos los tama\u00f1os tienen un tornillo de ajuste fino.<\/li>\n<li>Conversi\u00f3n pulgadas \/ m\u00e9trica.<\/li>\n<li>Profundidad de la mand\u00edbula: 4&#8243;.<\/li>\n<li>Resoluci\u00f3n: 0.0005&#8243;\/.01mm.<\/li>\n<\/ul>\n","protected":false},"featured_media":9133,"comment_status":"open","ping_status":"closed","template":"","meta":{"_joinchat":[]},"product_brand":[],"product_cat":[138],"product_tag":[],"class_list":{"0":"post-9131","1":"product","2":"type-product","3":"status-publish","4":"has-post-thumbnail","6":"product_cat-verniers-digitales","8":"first","9":"instock","10":"shipping-taxable","11":"product-type-simple"},"yoast_head":"<!-- This site is optimized with the Yoast SEO plugin v26.4 - https:\/\/yoast.com\/wordpress\/plugins\/seo\/ -->\n<title>Vernier de Alto Rango 0-24 - 600mm - 541000241 - Abaa tienda online<\/title>\n<meta name=\"robots\" content=\"index, follow, max-snippet:-1, max-image-preview:large, max-video-preview:-1\" \/>\n<link rel=\"canonical\" href=\"https:\/\/abaa.mx\/tienda\/vernier-de-alto-rango-0-24-600mm-541000241\/\" \/>\n<meta property=\"og:locale\" content=\"es_MX\" \/>\n<meta property=\"og:type\" content=\"article\" \/>\n<meta property=\"og:title\" content=\"Vernier de Alto Rango 0-24 - 600mm - 541000241 - Abaa tienda online\" \/>\n<meta property=\"og:description\" content=\"Vernier de Alto Rango 0-24&quot;\/600mm, Fowler.   Funci\u00f3n de retenci\u00f3n.  Para piezas de trabajo m\u00e1s grandes. Las mand\u00edbulas largas permiten un mayor acceso y mediciones m\u00e1s f\u00e1ciles.  Tama\u00f1o de la punta: 0.800&quot;.  Pantalla digital de tama\u00f1o completo .0005&quot;.  Rango: 0-24&quot;\/600 mm.  Soporte para el pulgar ergon\u00f3mico para un f\u00e1cil ajuste.  El modo preestablecido ahora incluye compensaci\u00f3n para las mand\u00edbulas internas.  Todos los tama\u00f1os tienen un tornillo de ajuste fino.  Conversi\u00f3n pulgadas \/ m\u00e9trica.  Profundidad de la mand\u00edbula: 4&quot;.  Resoluci\u00f3n: 0.0005&quot;\/.01mm.\" \/>\n<meta property=\"og:url\" content=\"https:\/\/abaa.mx\/tienda\/vernier-de-alto-rango-0-24-600mm-541000241\/\" \/>\n<meta property=\"og:site_name\" content=\"Abaa tienda online\" \/>\n<meta property=\"og:image\" content=\"https:\/\/abaa.mx\/tienda\/wp-content\/uploads\/2023\/11\/FOWLER-541000241.jpg\" \/>\n\t<meta property=\"og:image:width\" content=\"592\" \/>\n\t<meta property=\"og:image:height\" content=\"286\" \/>\n\t<meta property=\"og:image:type\" content=\"image\/jpeg\" \/>\n<meta name=\"twitter:card\" content=\"summary_large_image\" \/>\n<meta name=\"twitter:label1\" content=\"Tiempo de lectura\" \/>\n\t<meta name=\"twitter:data1\" content=\"1 minuto\" \/>\n<script type=\"application\/ld+json\" class=\"yoast-schema-graph\">{\"@context\":\"https:\/\/schema.org\",\"@graph\":[{\"@type\":\"WebPage\",\"@id\":\"https:\/\/abaa.mx\/tienda\/vernier-de-alto-rango-0-24-600mm-541000241\/\",\"url\":\"https:\/\/abaa.mx\/tienda\/vernier-de-alto-rango-0-24-600mm-541000241\/\",\"name\":\"Vernier de Alto Rango 0-24 - 600mm - 541000241 - Abaa tienda online\",\"isPartOf\":{\"@id\":\"https:\/\/abaa.mx\/tienda\/#website\"},\"primaryImageOfPage\":{\"@id\":\"https:\/\/abaa.mx\/tienda\/vernier-de-alto-rango-0-24-600mm-541000241\/#primaryimage\"},\"image\":{\"@id\":\"https:\/\/abaa.mx\/tienda\/vernier-de-alto-rango-0-24-600mm-541000241\/#primaryimage\"},\"thumbnailUrl\":\"https:\/\/abaa.mx\/tienda\/wp-content\/uploads\/2023\/11\/FOWLER-541000241.jpg\",\"datePublished\":\"2023-11-21T20:04:28+00:00\",\"breadcrumb\":{\"@id\":\"https:\/\/abaa.mx\/tienda\/vernier-de-alto-rango-0-24-600mm-541000241\/#breadcrumb\"},\"inLanguage\":\"es\",\"potentialAction\":[{\"@type\":\"ReadAction\",\"target\":[\"https:\/\/abaa.mx\/tienda\/vernier-de-alto-rango-0-24-600mm-541000241\/\"]}]},{\"@type\":\"ImageObject\",\"inLanguage\":\"es\",\"@id\":\"https:\/\/abaa.mx\/tienda\/vernier-de-alto-rango-0-24-600mm-541000241\/#primaryimage\",\"url\":\"https:\/\/abaa.mx\/tienda\/wp-content\/uploads\/2023\/11\/FOWLER-541000241.jpg\",\"contentUrl\":\"https:\/\/abaa.mx\/tienda\/wp-content\/uploads\/2023\/11\/FOWLER-541000241.jpg\",\"width\":592,\"height\":286,\"caption\":\"FOWLER-541000241\"},{\"@type\":\"BreadcrumbList\",\"@id\":\"https:\/\/abaa.mx\/tienda\/vernier-de-alto-rango-0-24-600mm-541000241\/#breadcrumb\",\"itemListElement\":[{\"@type\":\"ListItem\",\"position\":1,\"name\":\"Inicio\",\"item\":\"https:\/\/abaa.mx\/tienda\/\"},{\"@type\":\"ListItem\",\"position\":2,\"name\":\"Tienda\",\"item\":\"https:\/\/abaa.mx\/tienda\/\"},{\"@type\":\"ListItem\",\"position\":3,\"name\":\"Vernier de Alto Rango 0-24 &#8211; 600mm &#8211; 541000241\"}]},{\"@type\":\"WebSite\",\"@id\":\"https:\/\/abaa.mx\/tienda\/#website\",\"url\":\"https:\/\/abaa.mx\/tienda\/\",\"name\":\"Abaa tienda online\",\"description\":\"Instrumentos de medici\u00f3n\",\"publisher\":{\"@id\":\"https:\/\/abaa.mx\/tienda\/#organization\"},\"potentialAction\":[{\"@type\":\"SearchAction\",\"target\":{\"@type\":\"EntryPoint\",\"urlTemplate\":\"https:\/\/abaa.mx\/tienda\/?s={search_term_string}\"},\"query-input\":{\"@type\":\"PropertyValueSpecification\",\"valueRequired\":true,\"valueName\":\"search_term_string\"}}],\"inLanguage\":\"es\"},{\"@type\":\"Organization\",\"@id\":\"https:\/\/abaa.mx\/tienda\/#organization\",\"name\":\"Abaa tienda online\",\"url\":\"https:\/\/abaa.mx\/tienda\/\",\"logo\":{\"@type\":\"ImageObject\",\"inLanguage\":\"es\",\"@id\":\"https:\/\/abaa.mx\/tienda\/#\/schema\/logo\/image\/\",\"url\":\"https:\/\/abaa.mx\/tienda\/wp-content\/uploads\/2024\/01\/abaa-metrologia-tienda.png\",\"contentUrl\":\"https:\/\/abaa.mx\/tienda\/wp-content\/uploads\/2024\/01\/abaa-metrologia-tienda.png\",\"width\":300,\"height\":141,\"caption\":\"Abaa tienda online\"},\"image\":{\"@id\":\"https:\/\/abaa.mx\/tienda\/#\/schema\/logo\/image\/\"}}]}<\/script>\n<!-- \/ Yoast SEO plugin. -->","yoast_head_json":{"title":"Vernier de Alto Rango 0-24 - 600mm - 541000241 - Abaa tienda online","robots":{"index":"index","follow":"follow","max-snippet":"max-snippet:-1","max-image-preview":"max-image-preview:large","max-video-preview":"max-video-preview:-1"},"canonical":"https:\/\/abaa.mx\/tienda\/vernier-de-alto-rango-0-24-600mm-541000241\/","og_locale":"es_MX","og_type":"article","og_title":"Vernier de Alto Rango 0-24 - 600mm - 541000241 - Abaa tienda online","og_description":"Vernier de Alto Rango 0-24\"\/600mm, Fowler.   Funci\u00f3n de retenci\u00f3n.  Para piezas de trabajo m\u00e1s grandes. Las mand\u00edbulas largas permiten un mayor acceso y mediciones m\u00e1s f\u00e1ciles.  Tama\u00f1o de la punta: 0.800\".  Pantalla digital de tama\u00f1o completo .0005\".  Rango: 0-24\"\/600 mm.  Soporte para el pulgar ergon\u00f3mico para un f\u00e1cil ajuste.  El modo preestablecido ahora incluye compensaci\u00f3n para las mand\u00edbulas internas.  Todos los tama\u00f1os tienen un tornillo de ajuste fino.  Conversi\u00f3n pulgadas \/ m\u00e9trica.  Profundidad de la mand\u00edbula: 4\".  Resoluci\u00f3n: 0.0005\"\/.01mm.","og_url":"https:\/\/abaa.mx\/tienda\/vernier-de-alto-rango-0-24-600mm-541000241\/","og_site_name":"Abaa tienda online","og_image":[{"width":592,"height":286,"url":"https:\/\/abaa.mx\/tienda\/wp-content\/uploads\/2023\/11\/FOWLER-541000241.jpg","type":"image\/jpeg"}],"twitter_card":"summary_large_image","twitter_misc":{"Tiempo de lectura":"1 minuto"},"schema":{"@context":"https:\/\/schema.org","@graph":[{"@type":"WebPage","@id":"https:\/\/abaa.mx\/tienda\/vernier-de-alto-rango-0-24-600mm-541000241\/","url":"https:\/\/abaa.mx\/tienda\/vernier-de-alto-rango-0-24-600mm-541000241\/","name":"Vernier de Alto Rango 0-24 - 600mm - 541000241 - Abaa tienda online","isPartOf":{"@id":"https:\/\/abaa.mx\/tienda\/#website"},"primaryImageOfPage":{"@id":"https:\/\/abaa.mx\/tienda\/vernier-de-alto-rango-0-24-600mm-541000241\/#primaryimage"},"image":{"@id":"https:\/\/abaa.mx\/tienda\/vernier-de-alto-rango-0-24-600mm-541000241\/#primaryimage"},"thumbnailUrl":"https:\/\/abaa.mx\/tienda\/wp-content\/uploads\/2023\/11\/FOWLER-541000241.jpg","datePublished":"2023-11-21T20:04:28+00:00","breadcrumb":{"@id":"https:\/\/abaa.mx\/tienda\/vernier-de-alto-rango-0-24-600mm-541000241\/#breadcrumb"},"inLanguage":"es","potentialAction":[{"@type":"ReadAction","target":["https:\/\/abaa.mx\/tienda\/vernier-de-alto-rango-0-24-600mm-541000241\/"]}]},{"@type":"ImageObject","inLanguage":"es","@id":"https:\/\/abaa.mx\/tienda\/vernier-de-alto-rango-0-24-600mm-541000241\/#primaryimage","url":"https:\/\/abaa.mx\/tienda\/wp-content\/uploads\/2023\/11\/FOWLER-541000241.jpg","contentUrl":"https:\/\/abaa.mx\/tienda\/wp-content\/uploads\/2023\/11\/FOWLER-541000241.jpg","width":592,"height":286,"caption":"FOWLER-541000241"},{"@type":"BreadcrumbList","@id":"https:\/\/abaa.mx\/tienda\/vernier-de-alto-rango-0-24-600mm-541000241\/#breadcrumb","itemListElement":[{"@type":"ListItem","position":1,"name":"Inicio","item":"https:\/\/abaa.mx\/tienda\/"},{"@type":"ListItem","position":2,"name":"Tienda","item":"https:\/\/abaa.mx\/tienda\/"},{"@type":"ListItem","position":3,"name":"Vernier de Alto Rango 0-24 &#8211; 600mm &#8211; 541000241"}]},{"@type":"WebSite","@id":"https:\/\/abaa.mx\/tienda\/#website","url":"https:\/\/abaa.mx\/tienda\/","name":"Abaa tienda online","description":"Instrumentos de medici\u00f3n","publisher":{"@id":"https:\/\/abaa.mx\/tienda\/#organization"},"potentialAction":[{"@type":"SearchAction","target":{"@type":"EntryPoint","urlTemplate":"https:\/\/abaa.mx\/tienda\/?s={search_term_string}"},"query-input":{"@type":"PropertyValueSpecification","valueRequired":true,"valueName":"search_term_string"}}],"inLanguage":"es"},{"@type":"Organization","@id":"https:\/\/abaa.mx\/tienda\/#organization","name":"Abaa tienda online","url":"https:\/\/abaa.mx\/tienda\/","logo":{"@type":"ImageObject","inLanguage":"es","@id":"https:\/\/abaa.mx\/tienda\/#\/schema\/logo\/image\/","url":"https:\/\/abaa.mx\/tienda\/wp-content\/uploads\/2024\/01\/abaa-metrologia-tienda.png","contentUrl":"https:\/\/abaa.mx\/tienda\/wp-content\/uploads\/2024\/01\/abaa-metrologia-tienda.png","width":300,"height":141,"caption":"Abaa tienda online"},"image":{"@id":"https:\/\/abaa.mx\/tienda\/#\/schema\/logo\/image\/"}}]}},"_links":{"self":[{"href":"https:\/\/abaa.mx\/tienda\/wp-json\/wp\/v2\/product\/9131","targetHints":{"allow":["GET"]}}],"collection":[{"href":"https:\/\/abaa.mx\/tienda\/wp-json\/wp\/v2\/product"}],"about":[{"href":"https:\/\/abaa.mx\/tienda\/wp-json\/wp\/v2\/types\/product"}],"replies":[{"embeddable":true,"href":"https:\/\/abaa.mx\/tienda\/wp-json\/wp\/v2\/comments?post=9131"}],"wp:featuredmedia":[{"embeddable":true,"href":"https:\/\/abaa.mx\/tienda\/wp-json\/wp\/v2\/media\/9133"}],"wp:attachment":[{"href":"https:\/\/abaa.mx\/tienda\/wp-json\/wp\/v2\/media?parent=9131"}],"wp:term":[{"taxonomy":"product_brand","embeddable":true,"href":"https:\/\/abaa.mx\/tienda\/wp-json\/wp\/v2\/product_brand?post=9131"},{"taxonomy":"product_cat","embeddable":true,"href":"https:\/\/abaa.mx\/tienda\/wp-json\/wp\/v2\/product_cat?post=9131"},{"taxonomy":"product_tag","embeddable":true,"href":"https:\/\/abaa.mx\/tienda\/wp-json\/wp\/v2\/product_tag?post=9131"}],"curies":[{"name":"wp","href":"https:\/\/api.w.org\/{rel}","templated":true}]}}