{"id":9119,"date":"2023-11-21T17:46:53","date_gmt":"2023-11-21T17:46:53","guid":{"rendered":"https:\/\/abaa.mx\/tienda\/?post_type=product&#038;p=9119"},"modified":"2023-11-21T17:46:53","modified_gmt":"2023-11-21T17:46:53","slug":"probador-de-transformadores-ttr-1660","status":"publish","type":"product","link":"https:\/\/abaa.mx\/tienda\/probador-de-transformadores-ttr-1660\/","title":{"rendered":"Probador de transformadores TTR -1660"},"content":{"rendered":"<p>Probador de transformadores TTR -1660.<\/p>\n","protected":false},"excerpt":{"rendered":"<p><b>Caracteristicas:<\/b><\/p>\n<ul>\n<li>Ilustraci\u00f3n gr\u00e1fica y literal de mediciones y conexiones con matriz de puntos retroiluminada grande 240 x 128 LCD. Mostrar los datos de prueba con los valores del transformador de la placa de identificaci\u00f3n para facilitar la interpretaci\u00f3n.<\/li>\n<li>Almacenar 4096 archivos de los valores de la placa de identificaci\u00f3n del transformador (VT \/ PT \/ CT, 1? \/ 3?, Frecuencia de prueba, Voltajes primarios y secundarios o Ratio, RCF) y Datos de medici\u00f3n.<\/li>\n<li>La pantalla muestra los valores de relaci\u00f3n, desviaci\u00f3n, salida secundaria, voltaje y corriente de excitaci\u00f3n, \u00e1ngulo de fase y transformador de placa de identificaci\u00f3n \/ VT \/ CT en una p\u00e1gina para una interpretaci\u00f3n f\u00e1cil de la calidad del transformador.<\/li>\n<li>Mediciones de 1? y 3?Transformer \/ VT \/ CT Turns Ratio.<\/li>\n<li>Comunicaci\u00f3n inal\u00e1mbrica de diente azul con PC.<\/li>\n<li>Registros con sello de fecha y hora.<\/li>\n<li>Desactivar o activar la desconexi\u00f3n autom\u00e1tica con tiempo programable.<\/li>\n<li>Seleccione Filtro para eliminar ruido de campo (Lento, Normal, R\u00e1pido).<\/li>\n<li>RCF programable por el usuario (factor de correcci\u00f3n de referencia, 0.99 ~ 1.01) para corregir la precisi\u00f3n dentro de un error de 1%.<\/li>\n<li>Reloj de calendario incorporado.<\/li>\n<li>Sistema de archivos amigable para la recuperaci\u00f3n f\u00e1cil de datos en el sitio y la gesti\u00f3n de valores de la placa de identificaci\u00f3n.<\/li>\n<li>Potente bater\u00eda de litio (3400mAH) con circuito de carga incorporado.<\/li>\n<li>10 frecuencias de prueba (50 ~ 400Hz).<\/li>\n<li>Relaci\u00f3n VT \/ PT 0,8 ~ 10000, relaci\u00f3n CT 0,8 ~ 2000.<\/li>\n<li>Compruebe los puntos de prueba en vivo, cortocircuito, circuito abierto y polaridad inversa antes de cada medici\u00f3n. El mensaje se muestra para avisar a los usuarios (pero, la comprobaci\u00f3n no se realiza una vez que se inicia la medici\u00f3n).<\/li>\n<li>9 tipos de bobinas de 3? Conexiones preinstaladas para facilitar la selecci\u00f3n del usuario.<\/li>\n<\/ul>\n<div><\/div>\n<div><strong data-spm-anchor-id=\"a2g0o.detail.1000023.i0.33a0bd11eeGT1M\">Datos y par\u00e1metros:<\/strong><\/div>\n<div><\/div>\n<div><\/div>\n<div>\n<div class=\"scrollable-wrapper\">\n<table border=\"1\" width=\"595\" cellspacing=\"0\" cellpadding=\"0\">\n<tbody>\n<tr>\n<td>\n<p align=\"center\">Relaci\u00f3n de giro\/engranaje variable (VT\/PT)<\/p>\n<\/td>\n<td colspan=\"2\">\n<p align=\"center\">Archivo autom\u00e1tico: 0,8000 ~ 10000:1<\/p>\n<\/td>\n<\/tr>\n<tr>\n<td rowspan=\"4\">\n<p align=\"center\">Precisi\u00f3n (70Hz)<\/p>\n<\/td>\n<td>\n<p align=\"center\">Relaci\u00f3n de giro\/relaci\u00f3n variable<\/p>\n<\/td>\n<td>\n<p align=\"center\">Precisi\u00f3n (% de la lectura)<\/p>\n<\/td>\n<\/tr>\n<tr>\n<td>\n<p align=\"center\">0,8000 ~ 999,99<\/p>\n<\/td>\n<td>\n<p align=\"center\">\u00b1 0.1%<\/p>\n<\/td>\n<\/tr>\n<tr>\n<td>\n<p align=\"center\">1000,0 ~ 4999,9<\/p>\n<\/td>\n<td>\n<p align=\"center\">\u00b1 0.2%<\/p>\n<\/td>\n<\/tr>\n<tr>\n<td>\n<p align=\"center\">5000,0 ~ 10000<\/p>\n<\/td>\n<td>\n<p align=\"center\">\u00b1 0.25%<\/p>\n<\/td>\n<\/tr>\n<tr>\n<td>\n<p align=\"center\">Relaci\u00f3n de giro\/relaci\u00f3n variable (CT)<\/p>\n<\/td>\n<td colspan=\"2\">\n<p align=\"center\">Archivo autom\u00e1tico: 0,8000 ~ 2000,0<\/p>\n<\/td>\n<\/tr>\n<tr>\n<td rowspan=\"2\">\n<p align=\"center\">Precisi\u00f3n (70Hz)<\/p>\n<\/td>\n<td>\n<p align=\"center\">Relaci\u00f3n de giro\/relaci\u00f3n variable<\/p>\n<\/td>\n<td>\n<p align=\"center\">Precisi\u00f3n (% de la lectura)<\/p>\n<\/td>\n<\/tr>\n<tr>\n<td>\n<p align=\"center\">De 0,8000 a 2000,0<\/p>\n<\/td>\n<td>\n<p align=\"center\">\u00b1 0.5%<\/p>\n<\/td>\n<\/tr>\n<tr>\n<td rowspan=\"2\">\n<p align=\"center\">Se\u00f1al de prueba<\/p>\n<\/td>\n<td colspan=\"2\">\n<p align=\"center\">Modo VT\/PT: hasta 34Vrms<\/p>\n<\/td>\n<\/tr>\n<tr>\n<td colspan=\"2\">\n<p align=\"center\">Modo CT: 0 ~ 1A ajuste autom\u00e1ticamente, 0,1 ~ 20Vrms<\/p>\n<\/td>\n<\/tr>\n<tr>\n<td rowspan=\"2\">\n<p align=\"center\">Pantalla de prueba de corriente<\/p>\n<\/td>\n<td colspan=\"2\">\n<p align=\"center\">Posici\u00f3n del engranaje: 0 ~ 1000ma<\/p>\n<\/td>\n<\/tr>\n<tr>\n<td colspan=\"2\">\n<p align=\"center\">Precisi\u00f3n: \u00b1 (2% de lectura + 2mA)<\/p>\n<\/td>\n<\/tr>\n<tr>\n<td>\n<p align=\"center\">Frecuencia de prueba (Hz)<\/p>\n<\/td>\n<td colspan=\"2\">\n<p align=\"center\">50 y 55 60 70 100 y 120 de 200 de 240 de 300 de 400<\/p>\n<\/td>\n<\/tr>\n<tr>\n<td>\n<p align=\"center\">Pantalla<\/p>\n<\/td>\n<td colspan=\"2\">\n<p align=\"center\">Pantalla LCD gr\u00e1fica grande de 5 &#8220;(240*128) con retroiluminaci\u00f3n<\/p>\n<\/td>\n<\/tr>\n<tr>\n<td>\n<p align=\"center\">Fuente de alimentaci\u00f3n<\/p>\n<\/td>\n<td colspan=\"2\">\n<p align=\"center\">Bater\u00eda de litio recargable (3400mAh)<\/p>\n<\/td>\n<\/tr>\n<tr>\n<td>\n<p align=\"center\">Duraci\u00f3n de la bater\u00eda<\/p>\n<\/td>\n<td colspan=\"2\">\n<p align=\"center\">El funcionamiento continuo puede superar las 10 horas, la duraci\u00f3n de la bater\u00eda se muestra en %<\/p>\n<\/td>\n<\/tr>\n<tr>\n<td>\n<p align=\"center\">Cargador de bater\u00eda<\/p>\n<\/td>\n<td colspan=\"2\">\n<p align=\"center\">Entrada de uso General (entrada 90 ~ 264Vrms)<\/p>\n<\/td>\n<\/tr>\n<tr>\n<td>\n<p align=\"center\">Tiempo de carga<\/p>\n<\/td>\n<td colspan=\"2\">\n<p align=\"center\">&lt;4 horas<\/p>\n<\/td>\n<\/tr>\n<tr>\n<td>\n<p align=\"center\">Almacenamiento de registro de datos<\/p>\n<\/td>\n<td colspan=\"2\">\n<p align=\"center\">VTM&#8230; CTM VTR CTR&#8230; BMP &#8211; 4096 archivos de cada<\/p>\n<\/td>\n<\/tr>\n<tr>\n<td>\n<p align=\"center\">Fecha\/Hora<\/p>\n<\/td>\n<td colspan=\"2\">\n<p align=\"center\">Alimentado por bater\u00eda, reloj de calendario perpetuo en tiempo real<\/p>\n<\/td>\n<\/tr>\n<tr>\n<td>\n<p align=\"center\">M\u00e9todos de medici\u00f3n<\/p>\n<\/td>\n<td colspan=\"2\">\n<p align=\"center\">ANSI \/ IEEE C57.12.90 y IEC 600076,1<\/p>\n<\/td>\n<\/tr>\n<tr>\n<td>\n<p align=\"center\">Entorno operativo<\/p>\n<\/td>\n<td colspan=\"2\">\n<p align=\"center\">5 \u2103 ~ 50 \u2103 85% RH<\/p>\n<\/td>\n<\/tr>\n<tr>\n<td>\n<p align=\"center\">Entorno de almacenamiento<\/p>\n<\/td>\n<td colspan=\"2\">\n<p align=\"center\">-20 \u2103 ~ 60 \u2103 75% RH<\/p>\n<\/td>\n<\/tr>\n<\/tbody>\n<\/table>\n<\/div>\n<\/div>\n","protected":false},"featured_media":9121,"comment_status":"open","ping_status":"closed","template":"","meta":{"_joinchat":[]},"product_brand":[],"product_cat":[126],"product_tag":[],"class_list":{"0":"post-9119","1":"product","2":"type-product","3":"status-publish","4":"has-post-thumbnail","6":"product_cat-probadores-de-transformadores","8":"first","9":"instock","10":"shipping-taxable","11":"product-type-simple"},"yoast_head":"<!-- This site is optimized with the Yoast SEO plugin v26.4 - https:\/\/yoast.com\/wordpress\/plugins\/seo\/ -->\n<title>Probador de transformadores TTR -1660 - Abaa tienda online<\/title>\n<meta name=\"robots\" content=\"index, follow, max-snippet:-1, max-image-preview:large, max-video-preview:-1\" \/>\n<link rel=\"canonical\" href=\"https:\/\/abaa.mx\/tienda\/probador-de-transformadores-ttr-1660\/\" \/>\n<meta property=\"og:locale\" content=\"es_MX\" \/>\n<meta property=\"og:type\" content=\"article\" \/>\n<meta property=\"og:title\" content=\"Probador de transformadores TTR -1660 - Abaa tienda online\" \/>\n<meta property=\"og:description\" content=\"Caracteristicas:   Ilustraci\u00f3n gr\u00e1fica y literal de mediciones y conexiones con matriz de puntos retroiluminada grande 240 x 128 LCD. Mostrar los datos de prueba con los valores del transformador de la placa de identificaci\u00f3n para facilitar la interpretaci\u00f3n.  Almacenar 4096 archivos de los valores de la placa de identificaci\u00f3n del transformador (VT \/ PT \/ CT, 1? \/ 3?, Frecuencia de prueba, Voltajes primarios y secundarios o Ratio, RCF) y Datos de medici\u00f3n.  La pantalla muestra los valores de relaci\u00f3n, desviaci\u00f3n, salida secundaria, voltaje y corriente de excitaci\u00f3n, \u00e1ngulo de fase y transformador de placa de identificaci\u00f3n \/ VT \/ CT en una p\u00e1gina para una interpretaci\u00f3n f\u00e1cil de la calidad del transformador.  Mediciones de 1? y 3?Transformer \/ VT \/ CT Turns Ratio.  Comunicaci\u00f3n inal\u00e1mbrica de diente azul con PC.  Registros con sello de fecha y hora.  Desactivar o activar la desconexi\u00f3n autom\u00e1tica con tiempo programable.  Seleccione Filtro para eliminar ruido de campo (Lento, Normal, R\u00e1pido).  RCF programable por el usuario (factor de correcci\u00f3n de referencia, 0.99 ~ 1.01) para corregir la precisi\u00f3n dentro de un error de 1%.  Reloj de calendario incorporado.  Sistema de archivos amigable para la recuperaci\u00f3n f\u00e1cil de datos en el sitio y la gesti\u00f3n de valores de la placa de identificaci\u00f3n.  Potente bater\u00eda de litio (3400mAH) con circuito de carga incorporado.  10 frecuencias de prueba (50 ~ 400Hz).  Relaci\u00f3n VT \/ PT 0,8 ~ 10000, relaci\u00f3n CT 0,8 ~ 2000.  Compruebe los puntos de prueba en vivo, cortocircuito, circuito abierto y polaridad inversa antes de cada medici\u00f3n. El mensaje se muestra para avisar a los usuarios (pero, la comprobaci\u00f3n no se realiza una vez que se inicia la medici\u00f3n).  9 tipos de bobinas de 3? Conexiones preinstaladas para facilitar la selecci\u00f3n del usuario.   Datos y par\u00e1metros:         Relaci\u00f3n de giro\/engranaje variable (VT\/PT)   Archivo autom\u00e1tico: 0,8000 ~ 10000:1     Precisi\u00f3n (70Hz)   Relaci\u00f3n de giro\/relaci\u00f3n variable   Precisi\u00f3n (% de la lectura)     0,8000 ~ 999,99   \u00b1 0.1%     1000,0 ~ 4999,9   \u00b1 0.2%     5000,0 ~ 10000   \u00b1 0.25%     Relaci\u00f3n de giro\/relaci\u00f3n variable (CT)   Archivo autom\u00e1tico: 0,8000 ~ 2000,0     Precisi\u00f3n (70Hz)   Relaci\u00f3n de giro\/relaci\u00f3n variable   Precisi\u00f3n (% de la lectura)     De 0,8000 a 2000,0   \u00b1 0.5%     Se\u00f1al de prueba   Modo VT\/PT: hasta 34Vrms     Modo CT: 0 ~ 1A ajuste autom\u00e1ticamente, 0,1 ~ 20Vrms     Pantalla de prueba de corriente   Posici\u00f3n del engranaje: 0 ~ 1000ma     Precisi\u00f3n: \u00b1 (2% de lectura + 2mA)     Frecuencia de prueba (Hz)   50 y 55 60 70 100 y 120 de 200 de 240 de 300 de 400     Pantalla   Pantalla LCD gr\u00e1fica grande de 5 &quot;(240*128) con retroiluminaci\u00f3n     Fuente de alimentaci\u00f3n   Bater\u00eda de litio recargable (3400mAh)     Duraci\u00f3n de la bater\u00eda   El funcionamiento continuo puede superar las 10 horas, la duraci\u00f3n de la bater\u00eda se muestra en %     Cargador de bater\u00eda   Entrada de uso General (entrada 90 ~ 264Vrms)     Tiempo de carga   &lt;4 horas     Almacenamiento de registro de datos   VTM... CTM VTR CTR... BMP - 4096 archivos de cada     Fecha\/Hora   Alimentado por bater\u00eda, reloj de calendario perpetuo en tiempo real     M\u00e9todos de medici\u00f3n   ANSI \/ IEEE C57.12.90 y IEC 600076,1     Entorno operativo   5 \u2103 ~ 50 \u2103 85% RH     Entorno de almacenamiento   -20 \u2103 ~ 60 \u2103 75% RH\" \/>\n<meta property=\"og:url\" content=\"https:\/\/abaa.mx\/tienda\/probador-de-transformadores-ttr-1660\/\" \/>\n<meta property=\"og:site_name\" content=\"Abaa tienda online\" \/>\n<meta property=\"og:image\" content=\"https:\/\/abaa.mx\/tienda\/wp-content\/uploads\/2023\/11\/PROVA-1660.jpg\" \/>\n\t<meta property=\"og:image:width\" content=\"459\" \/>\n\t<meta property=\"og:image:height\" content=\"387\" \/>\n\t<meta property=\"og:image:type\" content=\"image\/jpeg\" \/>\n<meta name=\"twitter:card\" content=\"summary_large_image\" \/>\n<meta name=\"twitter:label1\" content=\"Tiempo de lectura\" \/>\n\t<meta name=\"twitter:data1\" content=\"1 minuto\" \/>\n<script type=\"application\/ld+json\" class=\"yoast-schema-graph\">{\"@context\":\"https:\/\/schema.org\",\"@graph\":[{\"@type\":\"WebPage\",\"@id\":\"https:\/\/abaa.mx\/tienda\/probador-de-transformadores-ttr-1660\/\",\"url\":\"https:\/\/abaa.mx\/tienda\/probador-de-transformadores-ttr-1660\/\",\"name\":\"Probador de transformadores TTR -1660 - Abaa tienda online\",\"isPartOf\":{\"@id\":\"https:\/\/abaa.mx\/tienda\/#website\"},\"primaryImageOfPage\":{\"@id\":\"https:\/\/abaa.mx\/tienda\/probador-de-transformadores-ttr-1660\/#primaryimage\"},\"image\":{\"@id\":\"https:\/\/abaa.mx\/tienda\/probador-de-transformadores-ttr-1660\/#primaryimage\"},\"thumbnailUrl\":\"https:\/\/abaa.mx\/tienda\/wp-content\/uploads\/2023\/11\/PROVA-1660.jpg\",\"datePublished\":\"2023-11-21T17:46:53+00:00\",\"breadcrumb\":{\"@id\":\"https:\/\/abaa.mx\/tienda\/probador-de-transformadores-ttr-1660\/#breadcrumb\"},\"inLanguage\":\"es\",\"potentialAction\":[{\"@type\":\"ReadAction\",\"target\":[\"https:\/\/abaa.mx\/tienda\/probador-de-transformadores-ttr-1660\/\"]}]},{\"@type\":\"ImageObject\",\"inLanguage\":\"es\",\"@id\":\"https:\/\/abaa.mx\/tienda\/probador-de-transformadores-ttr-1660\/#primaryimage\",\"url\":\"https:\/\/abaa.mx\/tienda\/wp-content\/uploads\/2023\/11\/PROVA-1660.jpg\",\"contentUrl\":\"https:\/\/abaa.mx\/tienda\/wp-content\/uploads\/2023\/11\/PROVA-1660.jpg\",\"width\":459,\"height\":387,\"caption\":\"PROVA-1660\"},{\"@type\":\"BreadcrumbList\",\"@id\":\"https:\/\/abaa.mx\/tienda\/probador-de-transformadores-ttr-1660\/#breadcrumb\",\"itemListElement\":[{\"@type\":\"ListItem\",\"position\":1,\"name\":\"Inicio\",\"item\":\"https:\/\/abaa.mx\/tienda\/\"},{\"@type\":\"ListItem\",\"position\":2,\"name\":\"Tienda\",\"item\":\"https:\/\/abaa.mx\/tienda\/\"},{\"@type\":\"ListItem\",\"position\":3,\"name\":\"Probador de transformadores TTR -1660\"}]},{\"@type\":\"WebSite\",\"@id\":\"https:\/\/abaa.mx\/tienda\/#website\",\"url\":\"https:\/\/abaa.mx\/tienda\/\",\"name\":\"Abaa tienda online\",\"description\":\"Instrumentos de medici\u00f3n\",\"publisher\":{\"@id\":\"https:\/\/abaa.mx\/tienda\/#organization\"},\"potentialAction\":[{\"@type\":\"SearchAction\",\"target\":{\"@type\":\"EntryPoint\",\"urlTemplate\":\"https:\/\/abaa.mx\/tienda\/?s={search_term_string}\"},\"query-input\":{\"@type\":\"PropertyValueSpecification\",\"valueRequired\":true,\"valueName\":\"search_term_string\"}}],\"inLanguage\":\"es\"},{\"@type\":\"Organization\",\"@id\":\"https:\/\/abaa.mx\/tienda\/#organization\",\"name\":\"Abaa tienda online\",\"url\":\"https:\/\/abaa.mx\/tienda\/\",\"logo\":{\"@type\":\"ImageObject\",\"inLanguage\":\"es\",\"@id\":\"https:\/\/abaa.mx\/tienda\/#\/schema\/logo\/image\/\",\"url\":\"https:\/\/abaa.mx\/tienda\/wp-content\/uploads\/2024\/01\/abaa-metrologia-tienda.png\",\"contentUrl\":\"https:\/\/abaa.mx\/tienda\/wp-content\/uploads\/2024\/01\/abaa-metrologia-tienda.png\",\"width\":300,\"height\":141,\"caption\":\"Abaa tienda online\"},\"image\":{\"@id\":\"https:\/\/abaa.mx\/tienda\/#\/schema\/logo\/image\/\"}}]}<\/script>\n<!-- \/ Yoast SEO plugin. -->","yoast_head_json":{"title":"Probador de transformadores TTR -1660 - Abaa tienda online","robots":{"index":"index","follow":"follow","max-snippet":"max-snippet:-1","max-image-preview":"max-image-preview:large","max-video-preview":"max-video-preview:-1"},"canonical":"https:\/\/abaa.mx\/tienda\/probador-de-transformadores-ttr-1660\/","og_locale":"es_MX","og_type":"article","og_title":"Probador de transformadores TTR -1660 - Abaa tienda online","og_description":"Caracteristicas:   Ilustraci\u00f3n gr\u00e1fica y literal de mediciones y conexiones con matriz de puntos retroiluminada grande 240 x 128 LCD. Mostrar los datos de prueba con los valores del transformador de la placa de identificaci\u00f3n para facilitar la interpretaci\u00f3n.  Almacenar 4096 archivos de los valores de la placa de identificaci\u00f3n del transformador (VT \/ PT \/ CT, 1? \/ 3?, Frecuencia de prueba, Voltajes primarios y secundarios o Ratio, RCF) y Datos de medici\u00f3n.  La pantalla muestra los valores de relaci\u00f3n, desviaci\u00f3n, salida secundaria, voltaje y corriente de excitaci\u00f3n, \u00e1ngulo de fase y transformador de placa de identificaci\u00f3n \/ VT \/ CT en una p\u00e1gina para una interpretaci\u00f3n f\u00e1cil de la calidad del transformador.  Mediciones de 1? y 3?Transformer \/ VT \/ CT Turns Ratio.  Comunicaci\u00f3n inal\u00e1mbrica de diente azul con PC.  Registros con sello de fecha y hora.  Desactivar o activar la desconexi\u00f3n autom\u00e1tica con tiempo programable.  Seleccione Filtro para eliminar ruido de campo (Lento, Normal, R\u00e1pido).  RCF programable por el usuario (factor de correcci\u00f3n de referencia, 0.99 ~ 1.01) para corregir la precisi\u00f3n dentro de un error de 1%.  Reloj de calendario incorporado.  Sistema de archivos amigable para la recuperaci\u00f3n f\u00e1cil de datos en el sitio y la gesti\u00f3n de valores de la placa de identificaci\u00f3n.  Potente bater\u00eda de litio (3400mAH) con circuito de carga incorporado.  10 frecuencias de prueba (50 ~ 400Hz).  Relaci\u00f3n VT \/ PT 0,8 ~ 10000, relaci\u00f3n CT 0,8 ~ 2000.  Compruebe los puntos de prueba en vivo, cortocircuito, circuito abierto y polaridad inversa antes de cada medici\u00f3n. El mensaje se muestra para avisar a los usuarios (pero, la comprobaci\u00f3n no se realiza una vez que se inicia la medici\u00f3n).  9 tipos de bobinas de 3? Conexiones preinstaladas para facilitar la selecci\u00f3n del usuario.   Datos y par\u00e1metros:         Relaci\u00f3n de giro\/engranaje variable (VT\/PT)   Archivo autom\u00e1tico: 0,8000 ~ 10000:1     Precisi\u00f3n (70Hz)   Relaci\u00f3n de giro\/relaci\u00f3n variable   Precisi\u00f3n (% de la lectura)     0,8000 ~ 999,99   \u00b1 0.1%     1000,0 ~ 4999,9   \u00b1 0.2%     5000,0 ~ 10000   \u00b1 0.25%     Relaci\u00f3n de giro\/relaci\u00f3n variable (CT)   Archivo autom\u00e1tico: 0,8000 ~ 2000,0     Precisi\u00f3n (70Hz)   Relaci\u00f3n de giro\/relaci\u00f3n variable   Precisi\u00f3n (% de la lectura)     De 0,8000 a 2000,0   \u00b1 0.5%     Se\u00f1al de prueba   Modo VT\/PT: hasta 34Vrms     Modo CT: 0 ~ 1A ajuste autom\u00e1ticamente, 0,1 ~ 20Vrms     Pantalla de prueba de corriente   Posici\u00f3n del engranaje: 0 ~ 1000ma     Precisi\u00f3n: \u00b1 (2% de lectura + 2mA)     Frecuencia de prueba (Hz)   50 y 55 60 70 100 y 120 de 200 de 240 de 300 de 400     Pantalla   Pantalla LCD gr\u00e1fica grande de 5 \"(240*128) con retroiluminaci\u00f3n     Fuente de alimentaci\u00f3n   Bater\u00eda de litio recargable (3400mAh)     Duraci\u00f3n de la bater\u00eda   El funcionamiento continuo puede superar las 10 horas, la duraci\u00f3n de la bater\u00eda se muestra en %     Cargador de bater\u00eda   Entrada de uso General (entrada 90 ~ 264Vrms)     Tiempo de carga   &lt;4 horas     Almacenamiento de registro de datos   VTM... CTM VTR CTR... BMP - 4096 archivos de cada     Fecha\/Hora   Alimentado por bater\u00eda, reloj de calendario perpetuo en tiempo real     M\u00e9todos de medici\u00f3n   ANSI \/ IEEE C57.12.90 y IEC 600076,1     Entorno operativo   5 \u2103 ~ 50 \u2103 85% RH     Entorno de almacenamiento   -20 \u2103 ~ 60 \u2103 75% RH","og_url":"https:\/\/abaa.mx\/tienda\/probador-de-transformadores-ttr-1660\/","og_site_name":"Abaa tienda online","og_image":[{"width":459,"height":387,"url":"https:\/\/abaa.mx\/tienda\/wp-content\/uploads\/2023\/11\/PROVA-1660.jpg","type":"image\/jpeg"}],"twitter_card":"summary_large_image","twitter_misc":{"Tiempo de lectura":"1 minuto"},"schema":{"@context":"https:\/\/schema.org","@graph":[{"@type":"WebPage","@id":"https:\/\/abaa.mx\/tienda\/probador-de-transformadores-ttr-1660\/","url":"https:\/\/abaa.mx\/tienda\/probador-de-transformadores-ttr-1660\/","name":"Probador de transformadores TTR -1660 - Abaa tienda online","isPartOf":{"@id":"https:\/\/abaa.mx\/tienda\/#website"},"primaryImageOfPage":{"@id":"https:\/\/abaa.mx\/tienda\/probador-de-transformadores-ttr-1660\/#primaryimage"},"image":{"@id":"https:\/\/abaa.mx\/tienda\/probador-de-transformadores-ttr-1660\/#primaryimage"},"thumbnailUrl":"https:\/\/abaa.mx\/tienda\/wp-content\/uploads\/2023\/11\/PROVA-1660.jpg","datePublished":"2023-11-21T17:46:53+00:00","breadcrumb":{"@id":"https:\/\/abaa.mx\/tienda\/probador-de-transformadores-ttr-1660\/#breadcrumb"},"inLanguage":"es","potentialAction":[{"@type":"ReadAction","target":["https:\/\/abaa.mx\/tienda\/probador-de-transformadores-ttr-1660\/"]}]},{"@type":"ImageObject","inLanguage":"es","@id":"https:\/\/abaa.mx\/tienda\/probador-de-transformadores-ttr-1660\/#primaryimage","url":"https:\/\/abaa.mx\/tienda\/wp-content\/uploads\/2023\/11\/PROVA-1660.jpg","contentUrl":"https:\/\/abaa.mx\/tienda\/wp-content\/uploads\/2023\/11\/PROVA-1660.jpg","width":459,"height":387,"caption":"PROVA-1660"},{"@type":"BreadcrumbList","@id":"https:\/\/abaa.mx\/tienda\/probador-de-transformadores-ttr-1660\/#breadcrumb","itemListElement":[{"@type":"ListItem","position":1,"name":"Inicio","item":"https:\/\/abaa.mx\/tienda\/"},{"@type":"ListItem","position":2,"name":"Tienda","item":"https:\/\/abaa.mx\/tienda\/"},{"@type":"ListItem","position":3,"name":"Probador de transformadores TTR -1660"}]},{"@type":"WebSite","@id":"https:\/\/abaa.mx\/tienda\/#website","url":"https:\/\/abaa.mx\/tienda\/","name":"Abaa tienda online","description":"Instrumentos de medici\u00f3n","publisher":{"@id":"https:\/\/abaa.mx\/tienda\/#organization"},"potentialAction":[{"@type":"SearchAction","target":{"@type":"EntryPoint","urlTemplate":"https:\/\/abaa.mx\/tienda\/?s={search_term_string}"},"query-input":{"@type":"PropertyValueSpecification","valueRequired":true,"valueName":"search_term_string"}}],"inLanguage":"es"},{"@type":"Organization","@id":"https:\/\/abaa.mx\/tienda\/#organization","name":"Abaa tienda online","url":"https:\/\/abaa.mx\/tienda\/","logo":{"@type":"ImageObject","inLanguage":"es","@id":"https:\/\/abaa.mx\/tienda\/#\/schema\/logo\/image\/","url":"https:\/\/abaa.mx\/tienda\/wp-content\/uploads\/2024\/01\/abaa-metrologia-tienda.png","contentUrl":"https:\/\/abaa.mx\/tienda\/wp-content\/uploads\/2024\/01\/abaa-metrologia-tienda.png","width":300,"height":141,"caption":"Abaa tienda online"},"image":{"@id":"https:\/\/abaa.mx\/tienda\/#\/schema\/logo\/image\/"}}]}},"_links":{"self":[{"href":"https:\/\/abaa.mx\/tienda\/wp-json\/wp\/v2\/product\/9119","targetHints":{"allow":["GET"]}}],"collection":[{"href":"https:\/\/abaa.mx\/tienda\/wp-json\/wp\/v2\/product"}],"about":[{"href":"https:\/\/abaa.mx\/tienda\/wp-json\/wp\/v2\/types\/product"}],"replies":[{"embeddable":true,"href":"https:\/\/abaa.mx\/tienda\/wp-json\/wp\/v2\/comments?post=9119"}],"wp:featuredmedia":[{"embeddable":true,"href":"https:\/\/abaa.mx\/tienda\/wp-json\/wp\/v2\/media\/9121"}],"wp:attachment":[{"href":"https:\/\/abaa.mx\/tienda\/wp-json\/wp\/v2\/media?parent=9119"}],"wp:term":[{"taxonomy":"product_brand","embeddable":true,"href":"https:\/\/abaa.mx\/tienda\/wp-json\/wp\/v2\/product_brand?post=9119"},{"taxonomy":"product_cat","embeddable":true,"href":"https:\/\/abaa.mx\/tienda\/wp-json\/wp\/v2\/product_cat?post=9119"},{"taxonomy":"product_tag","embeddable":true,"href":"https:\/\/abaa.mx\/tienda\/wp-json\/wp\/v2\/product_tag?post=9119"}],"curies":[{"name":"wp","href":"https:\/\/api.w.org\/{rel}","templated":true}]}}