{"id":9114,"date":"2023-11-21T17:38:30","date_gmt":"2023-11-21T17:38:30","guid":{"rendered":"https:\/\/abaa.mx\/tienda\/?post_type=product&#038;p=9114"},"modified":"2023-11-21T17:38:31","modified_gmt":"2023-11-21T17:38:31","slug":"ttr-probador-de-transformadores-trifasico-kingrun-jyt","status":"publish","type":"product","link":"https:\/\/abaa.mx\/tienda\/ttr-probador-de-transformadores-trifasico-kingrun-jyt\/","title":{"rendered":"TTR, Probador de Transformadores Trifasico, Kingrun &#8211; JYT"},"content":{"rendered":"<p>TTR, Probador de Transformadores Trifasico, Kingrun &#8211; JYT.<\/p>\n","protected":false},"excerpt":{"rendered":"<p><b>Caracter\u00edsticas:<\/b><\/p>\n<ul>\n<li>Conexi\u00f3n en forma de z para prueba en transformador.<\/li>\n<li>Compacto y ligero.<\/li>\n<li>Funci\u00f3n de protecci\u00f3n reversa y de trampa de presi\u00f3n alta y baja.<\/li>\n<li>Impresi\u00f3n r\u00e1pida y silenciosa de datos por impresora t\u00e9rmica integrada.<\/li>\n<li>Prueba r\u00e1pida, puede hacer prueba trif\u00e1sica en 7 segundos.<\/li>\n<li>Puede atenuar las tasas variables de las pruebas y agrupar las pruebas funcionales.<\/li>\n<li>Amplio rango de pruebas.<\/li>\n<li>Funci\u00f3n de protecci\u00f3n de corto circuito en transformador y de corto circuito inter-vuelta.<\/li>\n<li>Pantalla con reloj fechador y memoria para datos.<\/li>\n<\/ul>\n","protected":false},"featured_media":9115,"comment_status":"open","ping_status":"closed","template":"","meta":{"_joinchat":[]},"product_brand":[],"product_cat":[126],"product_tag":[],"class_list":{"0":"post-9114","1":"product","2":"type-product","3":"status-publish","4":"has-post-thumbnail","6":"product_cat-probadores-de-transformadores","8":"first","9":"instock","10":"shipping-taxable","11":"product-type-simple"},"yoast_head":"<!-- This site is optimized with the Yoast SEO plugin v26.4 - https:\/\/yoast.com\/wordpress\/plugins\/seo\/ -->\n<title>TTR, Probador de Transformadores Trifasico, Kingrun - JYT - Abaa tienda online<\/title>\n<meta name=\"robots\" content=\"index, follow, max-snippet:-1, max-image-preview:large, max-video-preview:-1\" \/>\n<link rel=\"canonical\" href=\"https:\/\/abaa.mx\/tienda\/ttr-probador-de-transformadores-trifasico-kingrun-jyt\/\" \/>\n<meta property=\"og:locale\" content=\"es_MX\" \/>\n<meta property=\"og:type\" content=\"article\" \/>\n<meta property=\"og:title\" content=\"TTR, Probador de Transformadores Trifasico, Kingrun - JYT - Abaa tienda online\" \/>\n<meta property=\"og:description\" content=\"Caracter\u00edsticas:   Conexi\u00f3n en forma de z para prueba en transformador.  Compacto y ligero.  Funci\u00f3n de protecci\u00f3n reversa y de trampa de presi\u00f3n alta y baja.  Impresi\u00f3n r\u00e1pida y silenciosa de datos por impresora t\u00e9rmica integrada.  Prueba r\u00e1pida, puede hacer prueba trif\u00e1sica en 7 segundos.  Puede atenuar las tasas variables de las pruebas y agrupar las pruebas funcionales.  Amplio rango de pruebas.  Funci\u00f3n de protecci\u00f3n de corto circuito en transformador y de corto circuito inter-vuelta.  Pantalla con reloj fechador y memoria para datos.\" \/>\n<meta property=\"og:url\" content=\"https:\/\/abaa.mx\/tienda\/ttr-probador-de-transformadores-trifasico-kingrun-jyt\/\" \/>\n<meta property=\"og:site_name\" content=\"Abaa tienda online\" \/>\n<meta property=\"article:modified_time\" content=\"2023-11-21T17:38:31+00:00\" \/>\n<meta property=\"og:image\" content=\"https:\/\/abaa.mx\/tienda\/wp-content\/uploads\/2023\/11\/KINGRUN-JYT.jpg\" \/>\n\t<meta property=\"og:image:width\" content=\"349\" \/>\n\t<meta property=\"og:image:height\" content=\"424\" \/>\n\t<meta property=\"og:image:type\" content=\"image\/jpeg\" \/>\n<meta name=\"twitter:card\" content=\"summary_large_image\" \/>\n<meta name=\"twitter:label1\" content=\"Tiempo de lectura\" \/>\n\t<meta name=\"twitter:data1\" content=\"1 minuto\" \/>\n<script type=\"application\/ld+json\" class=\"yoast-schema-graph\">{\"@context\":\"https:\/\/schema.org\",\"@graph\":[{\"@type\":\"WebPage\",\"@id\":\"https:\/\/abaa.mx\/tienda\/ttr-probador-de-transformadores-trifasico-kingrun-jyt\/\",\"url\":\"https:\/\/abaa.mx\/tienda\/ttr-probador-de-transformadores-trifasico-kingrun-jyt\/\",\"name\":\"TTR, Probador de Transformadores Trifasico, Kingrun - JYT - Abaa tienda online\",\"isPartOf\":{\"@id\":\"https:\/\/abaa.mx\/tienda\/#website\"},\"primaryImageOfPage\":{\"@id\":\"https:\/\/abaa.mx\/tienda\/ttr-probador-de-transformadores-trifasico-kingrun-jyt\/#primaryimage\"},\"image\":{\"@id\":\"https:\/\/abaa.mx\/tienda\/ttr-probador-de-transformadores-trifasico-kingrun-jyt\/#primaryimage\"},\"thumbnailUrl\":\"https:\/\/abaa.mx\/tienda\/wp-content\/uploads\/2023\/11\/KINGRUN-JYT.jpg\",\"datePublished\":\"2023-11-21T17:38:30+00:00\",\"dateModified\":\"2023-11-21T17:38:31+00:00\",\"breadcrumb\":{\"@id\":\"https:\/\/abaa.mx\/tienda\/ttr-probador-de-transformadores-trifasico-kingrun-jyt\/#breadcrumb\"},\"inLanguage\":\"es\",\"potentialAction\":[{\"@type\":\"ReadAction\",\"target\":[\"https:\/\/abaa.mx\/tienda\/ttr-probador-de-transformadores-trifasico-kingrun-jyt\/\"]}]},{\"@type\":\"ImageObject\",\"inLanguage\":\"es\",\"@id\":\"https:\/\/abaa.mx\/tienda\/ttr-probador-de-transformadores-trifasico-kingrun-jyt\/#primaryimage\",\"url\":\"https:\/\/abaa.mx\/tienda\/wp-content\/uploads\/2023\/11\/KINGRUN-JYT.jpg\",\"contentUrl\":\"https:\/\/abaa.mx\/tienda\/wp-content\/uploads\/2023\/11\/KINGRUN-JYT.jpg\",\"width\":349,\"height\":424,\"caption\":\"KINGRUN-JYT\"},{\"@type\":\"BreadcrumbList\",\"@id\":\"https:\/\/abaa.mx\/tienda\/ttr-probador-de-transformadores-trifasico-kingrun-jyt\/#breadcrumb\",\"itemListElement\":[{\"@type\":\"ListItem\",\"position\":1,\"name\":\"Inicio\",\"item\":\"https:\/\/abaa.mx\/tienda\/\"},{\"@type\":\"ListItem\",\"position\":2,\"name\":\"Tienda\",\"item\":\"https:\/\/abaa.mx\/tienda\/\"},{\"@type\":\"ListItem\",\"position\":3,\"name\":\"TTR, Probador de Transformadores Trifasico, Kingrun &#8211; JYT\"}]},{\"@type\":\"WebSite\",\"@id\":\"https:\/\/abaa.mx\/tienda\/#website\",\"url\":\"https:\/\/abaa.mx\/tienda\/\",\"name\":\"Abaa tienda online\",\"description\":\"Instrumentos de medici\u00f3n\",\"publisher\":{\"@id\":\"https:\/\/abaa.mx\/tienda\/#organization\"},\"potentialAction\":[{\"@type\":\"SearchAction\",\"target\":{\"@type\":\"EntryPoint\",\"urlTemplate\":\"https:\/\/abaa.mx\/tienda\/?s={search_term_string}\"},\"query-input\":{\"@type\":\"PropertyValueSpecification\",\"valueRequired\":true,\"valueName\":\"search_term_string\"}}],\"inLanguage\":\"es\"},{\"@type\":\"Organization\",\"@id\":\"https:\/\/abaa.mx\/tienda\/#organization\",\"name\":\"Abaa tienda online\",\"url\":\"https:\/\/abaa.mx\/tienda\/\",\"logo\":{\"@type\":\"ImageObject\",\"inLanguage\":\"es\",\"@id\":\"https:\/\/abaa.mx\/tienda\/#\/schema\/logo\/image\/\",\"url\":\"https:\/\/abaa.mx\/tienda\/wp-content\/uploads\/2024\/01\/abaa-metrologia-tienda.png\",\"contentUrl\":\"https:\/\/abaa.mx\/tienda\/wp-content\/uploads\/2024\/01\/abaa-metrologia-tienda.png\",\"width\":300,\"height\":141,\"caption\":\"Abaa tienda online\"},\"image\":{\"@id\":\"https:\/\/abaa.mx\/tienda\/#\/schema\/logo\/image\/\"}}]}<\/script>\n<!-- \/ Yoast SEO plugin. -->","yoast_head_json":{"title":"TTR, Probador de Transformadores Trifasico, Kingrun - JYT - Abaa tienda online","robots":{"index":"index","follow":"follow","max-snippet":"max-snippet:-1","max-image-preview":"max-image-preview:large","max-video-preview":"max-video-preview:-1"},"canonical":"https:\/\/abaa.mx\/tienda\/ttr-probador-de-transformadores-trifasico-kingrun-jyt\/","og_locale":"es_MX","og_type":"article","og_title":"TTR, Probador de Transformadores Trifasico, Kingrun - JYT - Abaa tienda online","og_description":"Caracter\u00edsticas:   Conexi\u00f3n en forma de z para prueba en transformador.  Compacto y ligero.  Funci\u00f3n de protecci\u00f3n reversa y de trampa de presi\u00f3n alta y baja.  Impresi\u00f3n r\u00e1pida y silenciosa de datos por impresora t\u00e9rmica integrada.  Prueba r\u00e1pida, puede hacer prueba trif\u00e1sica en 7 segundos.  Puede atenuar las tasas variables de las pruebas y agrupar las pruebas funcionales.  Amplio rango de pruebas.  Funci\u00f3n de protecci\u00f3n de corto circuito en transformador y de corto circuito inter-vuelta.  Pantalla con reloj fechador y memoria para datos.","og_url":"https:\/\/abaa.mx\/tienda\/ttr-probador-de-transformadores-trifasico-kingrun-jyt\/","og_site_name":"Abaa tienda online","article_modified_time":"2023-11-21T17:38:31+00:00","og_image":[{"width":349,"height":424,"url":"https:\/\/abaa.mx\/tienda\/wp-content\/uploads\/2023\/11\/KINGRUN-JYT.jpg","type":"image\/jpeg"}],"twitter_card":"summary_large_image","twitter_misc":{"Tiempo de lectura":"1 minuto"},"schema":{"@context":"https:\/\/schema.org","@graph":[{"@type":"WebPage","@id":"https:\/\/abaa.mx\/tienda\/ttr-probador-de-transformadores-trifasico-kingrun-jyt\/","url":"https:\/\/abaa.mx\/tienda\/ttr-probador-de-transformadores-trifasico-kingrun-jyt\/","name":"TTR, Probador de Transformadores Trifasico, Kingrun - JYT - Abaa tienda online","isPartOf":{"@id":"https:\/\/abaa.mx\/tienda\/#website"},"primaryImageOfPage":{"@id":"https:\/\/abaa.mx\/tienda\/ttr-probador-de-transformadores-trifasico-kingrun-jyt\/#primaryimage"},"image":{"@id":"https:\/\/abaa.mx\/tienda\/ttr-probador-de-transformadores-trifasico-kingrun-jyt\/#primaryimage"},"thumbnailUrl":"https:\/\/abaa.mx\/tienda\/wp-content\/uploads\/2023\/11\/KINGRUN-JYT.jpg","datePublished":"2023-11-21T17:38:30+00:00","dateModified":"2023-11-21T17:38:31+00:00","breadcrumb":{"@id":"https:\/\/abaa.mx\/tienda\/ttr-probador-de-transformadores-trifasico-kingrun-jyt\/#breadcrumb"},"inLanguage":"es","potentialAction":[{"@type":"ReadAction","target":["https:\/\/abaa.mx\/tienda\/ttr-probador-de-transformadores-trifasico-kingrun-jyt\/"]}]},{"@type":"ImageObject","inLanguage":"es","@id":"https:\/\/abaa.mx\/tienda\/ttr-probador-de-transformadores-trifasico-kingrun-jyt\/#primaryimage","url":"https:\/\/abaa.mx\/tienda\/wp-content\/uploads\/2023\/11\/KINGRUN-JYT.jpg","contentUrl":"https:\/\/abaa.mx\/tienda\/wp-content\/uploads\/2023\/11\/KINGRUN-JYT.jpg","width":349,"height":424,"caption":"KINGRUN-JYT"},{"@type":"BreadcrumbList","@id":"https:\/\/abaa.mx\/tienda\/ttr-probador-de-transformadores-trifasico-kingrun-jyt\/#breadcrumb","itemListElement":[{"@type":"ListItem","position":1,"name":"Inicio","item":"https:\/\/abaa.mx\/tienda\/"},{"@type":"ListItem","position":2,"name":"Tienda","item":"https:\/\/abaa.mx\/tienda\/"},{"@type":"ListItem","position":3,"name":"TTR, Probador de Transformadores Trifasico, Kingrun &#8211; JYT"}]},{"@type":"WebSite","@id":"https:\/\/abaa.mx\/tienda\/#website","url":"https:\/\/abaa.mx\/tienda\/","name":"Abaa tienda online","description":"Instrumentos de medici\u00f3n","publisher":{"@id":"https:\/\/abaa.mx\/tienda\/#organization"},"potentialAction":[{"@type":"SearchAction","target":{"@type":"EntryPoint","urlTemplate":"https:\/\/abaa.mx\/tienda\/?s={search_term_string}"},"query-input":{"@type":"PropertyValueSpecification","valueRequired":true,"valueName":"search_term_string"}}],"inLanguage":"es"},{"@type":"Organization","@id":"https:\/\/abaa.mx\/tienda\/#organization","name":"Abaa tienda online","url":"https:\/\/abaa.mx\/tienda\/","logo":{"@type":"ImageObject","inLanguage":"es","@id":"https:\/\/abaa.mx\/tienda\/#\/schema\/logo\/image\/","url":"https:\/\/abaa.mx\/tienda\/wp-content\/uploads\/2024\/01\/abaa-metrologia-tienda.png","contentUrl":"https:\/\/abaa.mx\/tienda\/wp-content\/uploads\/2024\/01\/abaa-metrologia-tienda.png","width":300,"height":141,"caption":"Abaa tienda online"},"image":{"@id":"https:\/\/abaa.mx\/tienda\/#\/schema\/logo\/image\/"}}]}},"_links":{"self":[{"href":"https:\/\/abaa.mx\/tienda\/wp-json\/wp\/v2\/product\/9114","targetHints":{"allow":["GET"]}}],"collection":[{"href":"https:\/\/abaa.mx\/tienda\/wp-json\/wp\/v2\/product"}],"about":[{"href":"https:\/\/abaa.mx\/tienda\/wp-json\/wp\/v2\/types\/product"}],"replies":[{"embeddable":true,"href":"https:\/\/abaa.mx\/tienda\/wp-json\/wp\/v2\/comments?post=9114"}],"wp:featuredmedia":[{"embeddable":true,"href":"https:\/\/abaa.mx\/tienda\/wp-json\/wp\/v2\/media\/9115"}],"wp:attachment":[{"href":"https:\/\/abaa.mx\/tienda\/wp-json\/wp\/v2\/media?parent=9114"}],"wp:term":[{"taxonomy":"product_brand","embeddable":true,"href":"https:\/\/abaa.mx\/tienda\/wp-json\/wp\/v2\/product_brand?post=9114"},{"taxonomy":"product_cat","embeddable":true,"href":"https:\/\/abaa.mx\/tienda\/wp-json\/wp\/v2\/product_cat?post=9114"},{"taxonomy":"product_tag","embeddable":true,"href":"https:\/\/abaa.mx\/tienda\/wp-json\/wp\/v2\/product_tag?post=9114"}],"curies":[{"name":"wp","href":"https:\/\/api.w.org\/{rel}","templated":true}]}}