{"id":9110,"date":"2023-11-21T17:03:48","date_gmt":"2023-11-21T17:03:48","guid":{"rendered":"https:\/\/abaa.mx\/tienda\/?post_type=product&#038;p=9110"},"modified":"2023-11-21T17:03:48","modified_gmt":"2023-11-21T17:03:48","slug":"torquimetro-digital-wenzhou-abe-aw","status":"publish","type":"product","link":"https:\/\/abaa.mx\/tienda\/torquimetro-digital-wenzhou-abe-aw\/","title":{"rendered":"Torqu\u00edmetro Digital Wenzhou Abe &#8211; AW"},"content":{"rendered":"<p>Torqu\u00edmetro Digital Wenzhou Abe &#8211; AW.<\/p>\n","protected":false},"excerpt":{"rendered":"<p>Una llave dinamom\u00e9trica con pantalla digital con cabezal de trinquete y una llave dinamom\u00e9trica con pantalla digital de cabezal reemplazable no son iguales de la llave dinamom\u00e9trica habitual , en la que la llave con cabezal reemplazable AWJC con su cabezal de trinquete adjunto se puede sustituir con un cabezal abierto, un cabezal de flor de ciruelo, un cabezal de apertura m\u00f3vil inteligente , etc. cualquier ocasi\u00f3n. Los dos tienen potentes funciones operativas, incluido el ajuste de par; ajuste de la unidad; ajuste de modo; almacenaje de valor; compensaci\u00f3n de valor; salida de valor y funci\u00f3n de correcci\u00f3n del usuario. Con un funcionamiento sencillo , la pantalla digital se instala para reducir los requisitos del operador. Es aplicable a la sujeci\u00f3n y control de pernos en la industria del autom\u00f3vil, industria de maquinaria, etc.<\/p>\n<p><b>Las caracter\u00edsticas funcionales:<\/b><\/p>\n<ul>\n<li>Valor de lectura del par de la pantalla digital.<\/li>\n<li>Precisi\u00f3n de \u00b1 2% en el sentido de las agujas del reloj y \u00b1 2.5% en el sentido contrario a las agujas del reloj (el rango de funcionamiento m\u00e1ximo est\u00e1 dentro del 20 ~ 100%).<\/li>\n<li>Se puede operar tanto en sentido horario como antihorario.<\/li>\n<li>Modo de retenci\u00f3n de picos y tiempo real.<\/li>\n<li>Zumbador e indicaci\u00f3n LCD (cuando el valor de par est\u00e1 preestablecido)?.<\/li>\n<li>Cuatro tipos de unidades de ingenier\u00eda (ft.lb, in.lb, N.m, kgf.cm).<\/li>\n<li>Se pueden almacenar 99 grupos de valores registrados.<\/li>\n<li>Apagado autom\u00e1tico en 5 minutos.<\/li>\n<\/ul>\n","protected":false},"featured_media":9112,"comment_status":"open","ping_status":"closed","template":"","meta":{"_joinchat":[]},"product_brand":[],"product_cat":[136],"product_tag":[],"class_list":{"0":"post-9110","1":"product","2":"type-product","3":"status-publish","4":"has-post-thumbnail","6":"product_cat-torquimetro","8":"first","9":"instock","10":"shipping-taxable","11":"product-type-simple"},"yoast_head":"<!-- This site is optimized with the Yoast SEO plugin v26.4 - https:\/\/yoast.com\/wordpress\/plugins\/seo\/ -->\n<title>Torqu\u00edmetro Digital Wenzhou Abe - AW - Abaa tienda online<\/title>\n<meta name=\"robots\" content=\"index, follow, max-snippet:-1, max-image-preview:large, max-video-preview:-1\" \/>\n<link rel=\"canonical\" href=\"https:\/\/abaa.mx\/tienda\/torquimetro-digital-wenzhou-abe-aw\/\" \/>\n<meta property=\"og:locale\" content=\"es_MX\" \/>\n<meta property=\"og:type\" content=\"article\" \/>\n<meta property=\"og:title\" content=\"Torqu\u00edmetro Digital Wenzhou Abe - AW - Abaa tienda online\" \/>\n<meta property=\"og:description\" content=\"Una llave dinamom\u00e9trica con pantalla digital con cabezal de trinquete y una llave dinamom\u00e9trica con pantalla digital de cabezal reemplazable no son iguales de la llave dinamom\u00e9trica habitual , en la que la llave con cabezal reemplazable AWJC con su cabezal de trinquete adjunto se puede sustituir con un cabezal abierto, un cabezal de flor de ciruelo, un cabezal de apertura m\u00f3vil inteligente , etc. cualquier ocasi\u00f3n. Los dos tienen potentes funciones operativas, incluido el ajuste de par; ajuste de la unidad; ajuste de modo; almacenaje de valor; compensaci\u00f3n de valor; salida de valor y funci\u00f3n de correcci\u00f3n del usuario. Con un funcionamiento sencillo , la pantalla digital se instala para reducir los requisitos del operador. Es aplicable a la sujeci\u00f3n y control de pernos en la industria del autom\u00f3vil, industria de maquinaria, etc.  Las caracter\u00edsticas funcionales:   Valor de lectura del par de la pantalla digital.  Precisi\u00f3n de \u00b1 2% en el sentido de las agujas del reloj y \u00b1 2.5% en el sentido contrario a las agujas del reloj (el rango de funcionamiento m\u00e1ximo est\u00e1 dentro del 20 ~ 100%).  Se puede operar tanto en sentido horario como antihorario.  Modo de retenci\u00f3n de picos y tiempo real.  Zumbador e indicaci\u00f3n LCD (cuando el valor de par est\u00e1 preestablecido)?.  Cuatro tipos de unidades de ingenier\u00eda (ft.lb, in.lb, N.m, kgf.cm).  Se pueden almacenar 99 grupos de valores registrados.  Apagado autom\u00e1tico en 5 minutos.\" \/>\n<meta property=\"og:url\" content=\"https:\/\/abaa.mx\/tienda\/torquimetro-digital-wenzhou-abe-aw\/\" \/>\n<meta property=\"og:site_name\" content=\"Abaa tienda online\" \/>\n<meta property=\"og:image\" content=\"https:\/\/abaa.mx\/tienda\/wp-content\/uploads\/2023\/11\/WHENZHOV-ABE-ABE-AW.jpg\" \/>\n\t<meta property=\"og:image:width\" content=\"571\" \/>\n\t<meta property=\"og:image:height\" content=\"286\" \/>\n\t<meta property=\"og:image:type\" content=\"image\/jpeg\" \/>\n<meta name=\"twitter:card\" content=\"summary_large_image\" \/>\n<meta name=\"twitter:label1\" content=\"Tiempo de lectura\" \/>\n\t<meta name=\"twitter:data1\" content=\"1 minuto\" \/>\n<script type=\"application\/ld+json\" class=\"yoast-schema-graph\">{\"@context\":\"https:\/\/schema.org\",\"@graph\":[{\"@type\":\"WebPage\",\"@id\":\"https:\/\/abaa.mx\/tienda\/torquimetro-digital-wenzhou-abe-aw\/\",\"url\":\"https:\/\/abaa.mx\/tienda\/torquimetro-digital-wenzhou-abe-aw\/\",\"name\":\"Torqu\u00edmetro Digital Wenzhou Abe - AW - Abaa tienda online\",\"isPartOf\":{\"@id\":\"https:\/\/abaa.mx\/tienda\/#website\"},\"primaryImageOfPage\":{\"@id\":\"https:\/\/abaa.mx\/tienda\/torquimetro-digital-wenzhou-abe-aw\/#primaryimage\"},\"image\":{\"@id\":\"https:\/\/abaa.mx\/tienda\/torquimetro-digital-wenzhou-abe-aw\/#primaryimage\"},\"thumbnailUrl\":\"https:\/\/abaa.mx\/tienda\/wp-content\/uploads\/2023\/11\/WHENZHOV-ABE-ABE-AW.jpg\",\"datePublished\":\"2023-11-21T17:03:48+00:00\",\"breadcrumb\":{\"@id\":\"https:\/\/abaa.mx\/tienda\/torquimetro-digital-wenzhou-abe-aw\/#breadcrumb\"},\"inLanguage\":\"es\",\"potentialAction\":[{\"@type\":\"ReadAction\",\"target\":[\"https:\/\/abaa.mx\/tienda\/torquimetro-digital-wenzhou-abe-aw\/\"]}]},{\"@type\":\"ImageObject\",\"inLanguage\":\"es\",\"@id\":\"https:\/\/abaa.mx\/tienda\/torquimetro-digital-wenzhou-abe-aw\/#primaryimage\",\"url\":\"https:\/\/abaa.mx\/tienda\/wp-content\/uploads\/2023\/11\/WHENZHOV-ABE-ABE-AW.jpg\",\"contentUrl\":\"https:\/\/abaa.mx\/tienda\/wp-content\/uploads\/2023\/11\/WHENZHOV-ABE-ABE-AW.jpg\",\"width\":571,\"height\":286,\"caption\":\"WHENZHOV ABE-ABE-AW\"},{\"@type\":\"BreadcrumbList\",\"@id\":\"https:\/\/abaa.mx\/tienda\/torquimetro-digital-wenzhou-abe-aw\/#breadcrumb\",\"itemListElement\":[{\"@type\":\"ListItem\",\"position\":1,\"name\":\"Inicio\",\"item\":\"https:\/\/abaa.mx\/tienda\/\"},{\"@type\":\"ListItem\",\"position\":2,\"name\":\"Tienda\",\"item\":\"https:\/\/abaa.mx\/tienda\/\"},{\"@type\":\"ListItem\",\"position\":3,\"name\":\"Torqu\u00edmetro Digital Wenzhou Abe &#8211; AW\"}]},{\"@type\":\"WebSite\",\"@id\":\"https:\/\/abaa.mx\/tienda\/#website\",\"url\":\"https:\/\/abaa.mx\/tienda\/\",\"name\":\"Abaa tienda online\",\"description\":\"Instrumentos de medici\u00f3n\",\"publisher\":{\"@id\":\"https:\/\/abaa.mx\/tienda\/#organization\"},\"potentialAction\":[{\"@type\":\"SearchAction\",\"target\":{\"@type\":\"EntryPoint\",\"urlTemplate\":\"https:\/\/abaa.mx\/tienda\/?s={search_term_string}\"},\"query-input\":{\"@type\":\"PropertyValueSpecification\",\"valueRequired\":true,\"valueName\":\"search_term_string\"}}],\"inLanguage\":\"es\"},{\"@type\":\"Organization\",\"@id\":\"https:\/\/abaa.mx\/tienda\/#organization\",\"name\":\"Abaa tienda online\",\"url\":\"https:\/\/abaa.mx\/tienda\/\",\"logo\":{\"@type\":\"ImageObject\",\"inLanguage\":\"es\",\"@id\":\"https:\/\/abaa.mx\/tienda\/#\/schema\/logo\/image\/\",\"url\":\"https:\/\/abaa.mx\/tienda\/wp-content\/uploads\/2024\/01\/abaa-metrologia-tienda.png\",\"contentUrl\":\"https:\/\/abaa.mx\/tienda\/wp-content\/uploads\/2024\/01\/abaa-metrologia-tienda.png\",\"width\":300,\"height\":141,\"caption\":\"Abaa tienda online\"},\"image\":{\"@id\":\"https:\/\/abaa.mx\/tienda\/#\/schema\/logo\/image\/\"}}]}<\/script>\n<!-- \/ Yoast SEO plugin. -->","yoast_head_json":{"title":"Torqu\u00edmetro Digital Wenzhou Abe - AW - Abaa tienda online","robots":{"index":"index","follow":"follow","max-snippet":"max-snippet:-1","max-image-preview":"max-image-preview:large","max-video-preview":"max-video-preview:-1"},"canonical":"https:\/\/abaa.mx\/tienda\/torquimetro-digital-wenzhou-abe-aw\/","og_locale":"es_MX","og_type":"article","og_title":"Torqu\u00edmetro Digital Wenzhou Abe - AW - Abaa tienda online","og_description":"Una llave dinamom\u00e9trica con pantalla digital con cabezal de trinquete y una llave dinamom\u00e9trica con pantalla digital de cabezal reemplazable no son iguales de la llave dinamom\u00e9trica habitual , en la que la llave con cabezal reemplazable AWJC con su cabezal de trinquete adjunto se puede sustituir con un cabezal abierto, un cabezal de flor de ciruelo, un cabezal de apertura m\u00f3vil inteligente , etc. cualquier ocasi\u00f3n. Los dos tienen potentes funciones operativas, incluido el ajuste de par; ajuste de la unidad; ajuste de modo; almacenaje de valor; compensaci\u00f3n de valor; salida de valor y funci\u00f3n de correcci\u00f3n del usuario. Con un funcionamiento sencillo , la pantalla digital se instala para reducir los requisitos del operador. Es aplicable a la sujeci\u00f3n y control de pernos en la industria del autom\u00f3vil, industria de maquinaria, etc.  Las caracter\u00edsticas funcionales:   Valor de lectura del par de la pantalla digital.  Precisi\u00f3n de \u00b1 2% en el sentido de las agujas del reloj y \u00b1 2.5% en el sentido contrario a las agujas del reloj (el rango de funcionamiento m\u00e1ximo est\u00e1 dentro del 20 ~ 100%).  Se puede operar tanto en sentido horario como antihorario.  Modo de retenci\u00f3n de picos y tiempo real.  Zumbador e indicaci\u00f3n LCD (cuando el valor de par est\u00e1 preestablecido)?.  Cuatro tipos de unidades de ingenier\u00eda (ft.lb, in.lb, N.m, kgf.cm).  Se pueden almacenar 99 grupos de valores registrados.  Apagado autom\u00e1tico en 5 minutos.","og_url":"https:\/\/abaa.mx\/tienda\/torquimetro-digital-wenzhou-abe-aw\/","og_site_name":"Abaa tienda online","og_image":[{"width":571,"height":286,"url":"https:\/\/abaa.mx\/tienda\/wp-content\/uploads\/2023\/11\/WHENZHOV-ABE-ABE-AW.jpg","type":"image\/jpeg"}],"twitter_card":"summary_large_image","twitter_misc":{"Tiempo de lectura":"1 minuto"},"schema":{"@context":"https:\/\/schema.org","@graph":[{"@type":"WebPage","@id":"https:\/\/abaa.mx\/tienda\/torquimetro-digital-wenzhou-abe-aw\/","url":"https:\/\/abaa.mx\/tienda\/torquimetro-digital-wenzhou-abe-aw\/","name":"Torqu\u00edmetro Digital Wenzhou Abe - AW - Abaa tienda online","isPartOf":{"@id":"https:\/\/abaa.mx\/tienda\/#website"},"primaryImageOfPage":{"@id":"https:\/\/abaa.mx\/tienda\/torquimetro-digital-wenzhou-abe-aw\/#primaryimage"},"image":{"@id":"https:\/\/abaa.mx\/tienda\/torquimetro-digital-wenzhou-abe-aw\/#primaryimage"},"thumbnailUrl":"https:\/\/abaa.mx\/tienda\/wp-content\/uploads\/2023\/11\/WHENZHOV-ABE-ABE-AW.jpg","datePublished":"2023-11-21T17:03:48+00:00","breadcrumb":{"@id":"https:\/\/abaa.mx\/tienda\/torquimetro-digital-wenzhou-abe-aw\/#breadcrumb"},"inLanguage":"es","potentialAction":[{"@type":"ReadAction","target":["https:\/\/abaa.mx\/tienda\/torquimetro-digital-wenzhou-abe-aw\/"]}]},{"@type":"ImageObject","inLanguage":"es","@id":"https:\/\/abaa.mx\/tienda\/torquimetro-digital-wenzhou-abe-aw\/#primaryimage","url":"https:\/\/abaa.mx\/tienda\/wp-content\/uploads\/2023\/11\/WHENZHOV-ABE-ABE-AW.jpg","contentUrl":"https:\/\/abaa.mx\/tienda\/wp-content\/uploads\/2023\/11\/WHENZHOV-ABE-ABE-AW.jpg","width":571,"height":286,"caption":"WHENZHOV ABE-ABE-AW"},{"@type":"BreadcrumbList","@id":"https:\/\/abaa.mx\/tienda\/torquimetro-digital-wenzhou-abe-aw\/#breadcrumb","itemListElement":[{"@type":"ListItem","position":1,"name":"Inicio","item":"https:\/\/abaa.mx\/tienda\/"},{"@type":"ListItem","position":2,"name":"Tienda","item":"https:\/\/abaa.mx\/tienda\/"},{"@type":"ListItem","position":3,"name":"Torqu\u00edmetro Digital Wenzhou Abe &#8211; AW"}]},{"@type":"WebSite","@id":"https:\/\/abaa.mx\/tienda\/#website","url":"https:\/\/abaa.mx\/tienda\/","name":"Abaa tienda online","description":"Instrumentos de medici\u00f3n","publisher":{"@id":"https:\/\/abaa.mx\/tienda\/#organization"},"potentialAction":[{"@type":"SearchAction","target":{"@type":"EntryPoint","urlTemplate":"https:\/\/abaa.mx\/tienda\/?s={search_term_string}"},"query-input":{"@type":"PropertyValueSpecification","valueRequired":true,"valueName":"search_term_string"}}],"inLanguage":"es"},{"@type":"Organization","@id":"https:\/\/abaa.mx\/tienda\/#organization","name":"Abaa tienda online","url":"https:\/\/abaa.mx\/tienda\/","logo":{"@type":"ImageObject","inLanguage":"es","@id":"https:\/\/abaa.mx\/tienda\/#\/schema\/logo\/image\/","url":"https:\/\/abaa.mx\/tienda\/wp-content\/uploads\/2024\/01\/abaa-metrologia-tienda.png","contentUrl":"https:\/\/abaa.mx\/tienda\/wp-content\/uploads\/2024\/01\/abaa-metrologia-tienda.png","width":300,"height":141,"caption":"Abaa tienda online"},"image":{"@id":"https:\/\/abaa.mx\/tienda\/#\/schema\/logo\/image\/"}}]}},"_links":{"self":[{"href":"https:\/\/abaa.mx\/tienda\/wp-json\/wp\/v2\/product\/9110","targetHints":{"allow":["GET"]}}],"collection":[{"href":"https:\/\/abaa.mx\/tienda\/wp-json\/wp\/v2\/product"}],"about":[{"href":"https:\/\/abaa.mx\/tienda\/wp-json\/wp\/v2\/types\/product"}],"replies":[{"embeddable":true,"href":"https:\/\/abaa.mx\/tienda\/wp-json\/wp\/v2\/comments?post=9110"}],"wp:featuredmedia":[{"embeddable":true,"href":"https:\/\/abaa.mx\/tienda\/wp-json\/wp\/v2\/media\/9112"}],"wp:attachment":[{"href":"https:\/\/abaa.mx\/tienda\/wp-json\/wp\/v2\/media?parent=9110"}],"wp:term":[{"taxonomy":"product_brand","embeddable":true,"href":"https:\/\/abaa.mx\/tienda\/wp-json\/wp\/v2\/product_brand?post=9110"},{"taxonomy":"product_cat","embeddable":true,"href":"https:\/\/abaa.mx\/tienda\/wp-json\/wp\/v2\/product_cat?post=9110"},{"taxonomy":"product_tag","embeddable":true,"href":"https:\/\/abaa.mx\/tienda\/wp-json\/wp\/v2\/product_tag?post=9110"}],"curies":[{"name":"wp","href":"https:\/\/api.w.org\/{rel}","templated":true}]}}