{"id":9108,"date":"2023-11-21T16:59:44","date_gmt":"2023-11-21T16:59:44","guid":{"rendered":"https:\/\/abaa.mx\/tienda\/?post_type=product&#038;p=9108"},"modified":"2023-11-21T16:59:44","modified_gmt":"2023-11-21T16:59:44","slug":"calibrador-para-torquimetros-0-020-a-200-kgf-cm-serie-im","status":"publish","type":"product","link":"https:\/\/abaa.mx\/tienda\/calibrador-para-torquimetros-0-020-a-200-kgf-cm-serie-im\/","title":{"rendered":"Calibrador para torqu\u00edmetros 0.020 a 200 kgf-cm Serie IM"},"content":{"rendered":"<p>Calibrador para torqu\u00edmetros 0.020 a 200 kgf-cm Serie IM.<\/p>\n","protected":false},"excerpt":{"rendered":"<p>Los probadroes de torque de las series IM-I\/disco compacto \/DI son las herramientas correctas para calibrar herramientas de poder y herramientas neum\u00e1ticas de no impacto. Con nuestro aparato podr\u00e1s contrastar el nivel de torque provisto por herramientas neum\u00e1ticas de no-impacto , tales como desarmadores y llaves el\u00e9ctricas de torque. Verifica el nivel de ajuste de tus herramientas de torque antes de liberarnos ir a la l\u00ednea de producci\u00f3n para reducir la tasa de retrabajo o de desperdicio (scrap).<\/p>\n<p><b>Caracter\u00edsticas principales:<\/b><\/p>\n<ul>\n<li>La pantalla del calibrador despliega valores estad\u00edsticos m\u00e1ximo, m\u00ednimo y promedio.<\/li>\n<li>Los calibradores de torque IM-I8 son compatibles con el software opcional de descarga de datos IM-SW1SVUSB (se vende por separado). En pruebas de ruptura, el Pico m\u00e1ximo y Pico-inicial se capturan en cada lectura. Aplicaciones: Mediciones de torque para herramientas el\u00e9ctricas y neum\u00e1ticas excepto llaves neum\u00e1ticas de impacto. Ensamble y ajuste de sujetadores en l\u00edneas de producci\u00f3n, ensamble y talleres de mantenimiento.<\/li>\n<li>Puntos de inspecci\u00f3n alto \/ bajo programables para la evaluaci\u00f3n tipo pasa\/no-pasa.<\/li>\n<li>Podr\u00e1 identificar el ajuste correcto con se\u00f1ales visuales y audibles para garantizar un ajuste uniforme en sus herramientas.<\/li>\n<li>Estos le ahorrar\u00e1n tiempo entre pruebas.<\/li>\n<li>Cuenta con adaptadores inteligentes que simulan una junta atornillada y no requieren<\/li>\n<li>ser retrocedidas al concluir la prueba.<\/li>\n<\/ul>\n","protected":false},"featured_media":9109,"comment_status":"open","ping_status":"closed","template":"","meta":{"_joinchat":[]},"product_brand":[],"product_cat":[136],"product_tag":[],"class_list":{"0":"post-9108","1":"product","2":"type-product","3":"status-publish","4":"has-post-thumbnail","6":"product_cat-torquimetro","8":"first","9":"instock","10":"shipping-taxable","11":"product-type-simple"},"yoast_head":"<!-- This site is optimized with the Yoast SEO plugin v26.4 - https:\/\/yoast.com\/wordpress\/plugins\/seo\/ -->\n<title>Calibrador para torqu\u00edmetros 0.020 a 200 kgf-cm Serie IM - Abaa tienda online<\/title>\n<meta name=\"robots\" content=\"index, follow, max-snippet:-1, max-image-preview:large, max-video-preview:-1\" \/>\n<link rel=\"canonical\" href=\"https:\/\/abaa.mx\/tienda\/calibrador-para-torquimetros-0-020-a-200-kgf-cm-serie-im\/\" \/>\n<meta property=\"og:locale\" content=\"es_MX\" \/>\n<meta property=\"og:type\" content=\"article\" \/>\n<meta property=\"og:title\" content=\"Calibrador para torqu\u00edmetros 0.020 a 200 kgf-cm Serie IM - Abaa tienda online\" \/>\n<meta property=\"og:description\" content=\"Los probadroes de torque de las series IM-I\/disco compacto \/DI son las herramientas correctas para calibrar herramientas de poder y herramientas neum\u00e1ticas de no impacto. Con nuestro aparato podr\u00e1s contrastar el nivel de torque provisto por herramientas neum\u00e1ticas de no-impacto , tales como desarmadores y llaves el\u00e9ctricas de torque. Verifica el nivel de ajuste de tus herramientas de torque antes de liberarnos ir a la l\u00ednea de producci\u00f3n para reducir la tasa de retrabajo o de desperdicio (scrap).  Caracter\u00edsticas principales:   La pantalla del calibrador despliega valores estad\u00edsticos m\u00e1ximo, m\u00ednimo y promedio.  Los calibradores de torque IM-I8 son compatibles con el software opcional de descarga de datos IM-SW1SVUSB (se vende por separado). En pruebas de ruptura, el Pico m\u00e1ximo y Pico-inicial se capturan en cada lectura. Aplicaciones: Mediciones de torque para herramientas el\u00e9ctricas y neum\u00e1ticas excepto llaves neum\u00e1ticas de impacto. Ensamble y ajuste de sujetadores en l\u00edneas de producci\u00f3n, ensamble y talleres de mantenimiento.  Puntos de inspecci\u00f3n alto \/ bajo programables para la evaluaci\u00f3n tipo pasa\/no-pasa.  Podr\u00e1 identificar el ajuste correcto con se\u00f1ales visuales y audibles para garantizar un ajuste uniforme en sus herramientas.  Estos le ahorrar\u00e1n tiempo entre pruebas.  Cuenta con adaptadores inteligentes que simulan una junta atornillada y no requieren  ser retrocedidas al concluir la prueba.\" \/>\n<meta property=\"og:url\" content=\"https:\/\/abaa.mx\/tienda\/calibrador-para-torquimetros-0-020-a-200-kgf-cm-serie-im\/\" \/>\n<meta property=\"og:site_name\" content=\"Abaa tienda online\" \/>\n<meta property=\"og:image\" content=\"https:\/\/abaa.mx\/tienda\/wp-content\/uploads\/2023\/11\/IMADA-200-KGF-CM-SERIE-IM.jpg\" \/>\n\t<meta property=\"og:image:width\" content=\"402\" \/>\n\t<meta property=\"og:image:height\" content=\"319\" \/>\n\t<meta property=\"og:image:type\" content=\"image\/jpeg\" \/>\n<meta name=\"twitter:card\" content=\"summary_large_image\" \/>\n<meta name=\"twitter:label1\" content=\"Tiempo de lectura\" \/>\n\t<meta name=\"twitter:data1\" content=\"1 minuto\" \/>\n<script type=\"application\/ld+json\" class=\"yoast-schema-graph\">{\"@context\":\"https:\/\/schema.org\",\"@graph\":[{\"@type\":\"WebPage\",\"@id\":\"https:\/\/abaa.mx\/tienda\/calibrador-para-torquimetros-0-020-a-200-kgf-cm-serie-im\/\",\"url\":\"https:\/\/abaa.mx\/tienda\/calibrador-para-torquimetros-0-020-a-200-kgf-cm-serie-im\/\",\"name\":\"Calibrador para torqu\u00edmetros 0.020 a 200 kgf-cm Serie IM - Abaa tienda online\",\"isPartOf\":{\"@id\":\"https:\/\/abaa.mx\/tienda\/#website\"},\"primaryImageOfPage\":{\"@id\":\"https:\/\/abaa.mx\/tienda\/calibrador-para-torquimetros-0-020-a-200-kgf-cm-serie-im\/#primaryimage\"},\"image\":{\"@id\":\"https:\/\/abaa.mx\/tienda\/calibrador-para-torquimetros-0-020-a-200-kgf-cm-serie-im\/#primaryimage\"},\"thumbnailUrl\":\"https:\/\/abaa.mx\/tienda\/wp-content\/uploads\/2023\/11\/IMADA-200-KGF-CM-SERIE-IM.jpg\",\"datePublished\":\"2023-11-21T16:59:44+00:00\",\"breadcrumb\":{\"@id\":\"https:\/\/abaa.mx\/tienda\/calibrador-para-torquimetros-0-020-a-200-kgf-cm-serie-im\/#breadcrumb\"},\"inLanguage\":\"es\",\"potentialAction\":[{\"@type\":\"ReadAction\",\"target\":[\"https:\/\/abaa.mx\/tienda\/calibrador-para-torquimetros-0-020-a-200-kgf-cm-serie-im\/\"]}]},{\"@type\":\"ImageObject\",\"inLanguage\":\"es\",\"@id\":\"https:\/\/abaa.mx\/tienda\/calibrador-para-torquimetros-0-020-a-200-kgf-cm-serie-im\/#primaryimage\",\"url\":\"https:\/\/abaa.mx\/tienda\/wp-content\/uploads\/2023\/11\/IMADA-200-KGF-CM-SERIE-IM.jpg\",\"contentUrl\":\"https:\/\/abaa.mx\/tienda\/wp-content\/uploads\/2023\/11\/IMADA-200-KGF-CM-SERIE-IM.jpg\",\"width\":402,\"height\":319,\"caption\":\"IMADA-200 KGF-CM-SERIE IM\"},{\"@type\":\"BreadcrumbList\",\"@id\":\"https:\/\/abaa.mx\/tienda\/calibrador-para-torquimetros-0-020-a-200-kgf-cm-serie-im\/#breadcrumb\",\"itemListElement\":[{\"@type\":\"ListItem\",\"position\":1,\"name\":\"Inicio\",\"item\":\"https:\/\/abaa.mx\/tienda\/\"},{\"@type\":\"ListItem\",\"position\":2,\"name\":\"Tienda\",\"item\":\"https:\/\/abaa.mx\/tienda\/\"},{\"@type\":\"ListItem\",\"position\":3,\"name\":\"Calibrador para torqu\u00edmetros 0.020 a 200 kgf-cm Serie IM\"}]},{\"@type\":\"WebSite\",\"@id\":\"https:\/\/abaa.mx\/tienda\/#website\",\"url\":\"https:\/\/abaa.mx\/tienda\/\",\"name\":\"Abaa tienda online\",\"description\":\"Instrumentos de medici\u00f3n\",\"publisher\":{\"@id\":\"https:\/\/abaa.mx\/tienda\/#organization\"},\"potentialAction\":[{\"@type\":\"SearchAction\",\"target\":{\"@type\":\"EntryPoint\",\"urlTemplate\":\"https:\/\/abaa.mx\/tienda\/?s={search_term_string}\"},\"query-input\":{\"@type\":\"PropertyValueSpecification\",\"valueRequired\":true,\"valueName\":\"search_term_string\"}}],\"inLanguage\":\"es\"},{\"@type\":\"Organization\",\"@id\":\"https:\/\/abaa.mx\/tienda\/#organization\",\"name\":\"Abaa tienda online\",\"url\":\"https:\/\/abaa.mx\/tienda\/\",\"logo\":{\"@type\":\"ImageObject\",\"inLanguage\":\"es\",\"@id\":\"https:\/\/abaa.mx\/tienda\/#\/schema\/logo\/image\/\",\"url\":\"https:\/\/abaa.mx\/tienda\/wp-content\/uploads\/2024\/01\/abaa-metrologia-tienda.png\",\"contentUrl\":\"https:\/\/abaa.mx\/tienda\/wp-content\/uploads\/2024\/01\/abaa-metrologia-tienda.png\",\"width\":300,\"height\":141,\"caption\":\"Abaa tienda online\"},\"image\":{\"@id\":\"https:\/\/abaa.mx\/tienda\/#\/schema\/logo\/image\/\"}}]}<\/script>\n<!-- \/ Yoast SEO plugin. -->","yoast_head_json":{"title":"Calibrador para torqu\u00edmetros 0.020 a 200 kgf-cm Serie IM - Abaa tienda online","robots":{"index":"index","follow":"follow","max-snippet":"max-snippet:-1","max-image-preview":"max-image-preview:large","max-video-preview":"max-video-preview:-1"},"canonical":"https:\/\/abaa.mx\/tienda\/calibrador-para-torquimetros-0-020-a-200-kgf-cm-serie-im\/","og_locale":"es_MX","og_type":"article","og_title":"Calibrador para torqu\u00edmetros 0.020 a 200 kgf-cm Serie IM - Abaa tienda online","og_description":"Los probadroes de torque de las series IM-I\/disco compacto \/DI son las herramientas correctas para calibrar herramientas de poder y herramientas neum\u00e1ticas de no impacto. Con nuestro aparato podr\u00e1s contrastar el nivel de torque provisto por herramientas neum\u00e1ticas de no-impacto , tales como desarmadores y llaves el\u00e9ctricas de torque. Verifica el nivel de ajuste de tus herramientas de torque antes de liberarnos ir a la l\u00ednea de producci\u00f3n para reducir la tasa de retrabajo o de desperdicio (scrap).  Caracter\u00edsticas principales:   La pantalla del calibrador despliega valores estad\u00edsticos m\u00e1ximo, m\u00ednimo y promedio.  Los calibradores de torque IM-I8 son compatibles con el software opcional de descarga de datos IM-SW1SVUSB (se vende por separado). En pruebas de ruptura, el Pico m\u00e1ximo y Pico-inicial se capturan en cada lectura. Aplicaciones: Mediciones de torque para herramientas el\u00e9ctricas y neum\u00e1ticas excepto llaves neum\u00e1ticas de impacto. Ensamble y ajuste de sujetadores en l\u00edneas de producci\u00f3n, ensamble y talleres de mantenimiento.  Puntos de inspecci\u00f3n alto \/ bajo programables para la evaluaci\u00f3n tipo pasa\/no-pasa.  Podr\u00e1 identificar el ajuste correcto con se\u00f1ales visuales y audibles para garantizar un ajuste uniforme en sus herramientas.  Estos le ahorrar\u00e1n tiempo entre pruebas.  Cuenta con adaptadores inteligentes que simulan una junta atornillada y no requieren  ser retrocedidas al concluir la prueba.","og_url":"https:\/\/abaa.mx\/tienda\/calibrador-para-torquimetros-0-020-a-200-kgf-cm-serie-im\/","og_site_name":"Abaa tienda online","og_image":[{"width":402,"height":319,"url":"https:\/\/abaa.mx\/tienda\/wp-content\/uploads\/2023\/11\/IMADA-200-KGF-CM-SERIE-IM.jpg","type":"image\/jpeg"}],"twitter_card":"summary_large_image","twitter_misc":{"Tiempo de lectura":"1 minuto"},"schema":{"@context":"https:\/\/schema.org","@graph":[{"@type":"WebPage","@id":"https:\/\/abaa.mx\/tienda\/calibrador-para-torquimetros-0-020-a-200-kgf-cm-serie-im\/","url":"https:\/\/abaa.mx\/tienda\/calibrador-para-torquimetros-0-020-a-200-kgf-cm-serie-im\/","name":"Calibrador para torqu\u00edmetros 0.020 a 200 kgf-cm Serie IM - Abaa tienda online","isPartOf":{"@id":"https:\/\/abaa.mx\/tienda\/#website"},"primaryImageOfPage":{"@id":"https:\/\/abaa.mx\/tienda\/calibrador-para-torquimetros-0-020-a-200-kgf-cm-serie-im\/#primaryimage"},"image":{"@id":"https:\/\/abaa.mx\/tienda\/calibrador-para-torquimetros-0-020-a-200-kgf-cm-serie-im\/#primaryimage"},"thumbnailUrl":"https:\/\/abaa.mx\/tienda\/wp-content\/uploads\/2023\/11\/IMADA-200-KGF-CM-SERIE-IM.jpg","datePublished":"2023-11-21T16:59:44+00:00","breadcrumb":{"@id":"https:\/\/abaa.mx\/tienda\/calibrador-para-torquimetros-0-020-a-200-kgf-cm-serie-im\/#breadcrumb"},"inLanguage":"es","potentialAction":[{"@type":"ReadAction","target":["https:\/\/abaa.mx\/tienda\/calibrador-para-torquimetros-0-020-a-200-kgf-cm-serie-im\/"]}]},{"@type":"ImageObject","inLanguage":"es","@id":"https:\/\/abaa.mx\/tienda\/calibrador-para-torquimetros-0-020-a-200-kgf-cm-serie-im\/#primaryimage","url":"https:\/\/abaa.mx\/tienda\/wp-content\/uploads\/2023\/11\/IMADA-200-KGF-CM-SERIE-IM.jpg","contentUrl":"https:\/\/abaa.mx\/tienda\/wp-content\/uploads\/2023\/11\/IMADA-200-KGF-CM-SERIE-IM.jpg","width":402,"height":319,"caption":"IMADA-200 KGF-CM-SERIE IM"},{"@type":"BreadcrumbList","@id":"https:\/\/abaa.mx\/tienda\/calibrador-para-torquimetros-0-020-a-200-kgf-cm-serie-im\/#breadcrumb","itemListElement":[{"@type":"ListItem","position":1,"name":"Inicio","item":"https:\/\/abaa.mx\/tienda\/"},{"@type":"ListItem","position":2,"name":"Tienda","item":"https:\/\/abaa.mx\/tienda\/"},{"@type":"ListItem","position":3,"name":"Calibrador para torqu\u00edmetros 0.020 a 200 kgf-cm Serie IM"}]},{"@type":"WebSite","@id":"https:\/\/abaa.mx\/tienda\/#website","url":"https:\/\/abaa.mx\/tienda\/","name":"Abaa tienda online","description":"Instrumentos de medici\u00f3n","publisher":{"@id":"https:\/\/abaa.mx\/tienda\/#organization"},"potentialAction":[{"@type":"SearchAction","target":{"@type":"EntryPoint","urlTemplate":"https:\/\/abaa.mx\/tienda\/?s={search_term_string}"},"query-input":{"@type":"PropertyValueSpecification","valueRequired":true,"valueName":"search_term_string"}}],"inLanguage":"es"},{"@type":"Organization","@id":"https:\/\/abaa.mx\/tienda\/#organization","name":"Abaa tienda online","url":"https:\/\/abaa.mx\/tienda\/","logo":{"@type":"ImageObject","inLanguage":"es","@id":"https:\/\/abaa.mx\/tienda\/#\/schema\/logo\/image\/","url":"https:\/\/abaa.mx\/tienda\/wp-content\/uploads\/2024\/01\/abaa-metrologia-tienda.png","contentUrl":"https:\/\/abaa.mx\/tienda\/wp-content\/uploads\/2024\/01\/abaa-metrologia-tienda.png","width":300,"height":141,"caption":"Abaa tienda online"},"image":{"@id":"https:\/\/abaa.mx\/tienda\/#\/schema\/logo\/image\/"}}]}},"_links":{"self":[{"href":"https:\/\/abaa.mx\/tienda\/wp-json\/wp\/v2\/product\/9108","targetHints":{"allow":["GET"]}}],"collection":[{"href":"https:\/\/abaa.mx\/tienda\/wp-json\/wp\/v2\/product"}],"about":[{"href":"https:\/\/abaa.mx\/tienda\/wp-json\/wp\/v2\/types\/product"}],"replies":[{"embeddable":true,"href":"https:\/\/abaa.mx\/tienda\/wp-json\/wp\/v2\/comments?post=9108"}],"wp:featuredmedia":[{"embeddable":true,"href":"https:\/\/abaa.mx\/tienda\/wp-json\/wp\/v2\/media\/9109"}],"wp:attachment":[{"href":"https:\/\/abaa.mx\/tienda\/wp-json\/wp\/v2\/media?parent=9108"}],"wp:term":[{"taxonomy":"product_brand","embeddable":true,"href":"https:\/\/abaa.mx\/tienda\/wp-json\/wp\/v2\/product_brand?post=9108"},{"taxonomy":"product_cat","embeddable":true,"href":"https:\/\/abaa.mx\/tienda\/wp-json\/wp\/v2\/product_cat?post=9108"},{"taxonomy":"product_tag","embeddable":true,"href":"https:\/\/abaa.mx\/tienda\/wp-json\/wp\/v2\/product_tag?post=9108"}],"curies":[{"name":"wp","href":"https:\/\/api.w.org\/{rel}","templated":true}]}}