{"id":9106,"date":"2023-11-21T16:55:44","date_gmt":"2023-11-21T16:55:44","guid":{"rendered":"https:\/\/abaa.mx\/tienda\/?post_type=product&#038;p=9106"},"modified":"2023-12-04T17:49:03","modified_gmt":"2023-12-04T17:49:03","slug":"torquimetro-digital-tipo-desarmador-1-4-rango-0-6060-00-cn-m-glk060e","status":"publish","type":"product","link":"https:\/\/abaa.mx\/tienda\/torquimetro-digital-tipo-desarmador-1-4-rango-0-6060-00-cn-m-glk060e\/","title":{"rendered":"Torquimetro Digital tipo Desarmador 1-4&#8243;, rango 0.60~60.00 cN-m &#8211; GLK060E"},"content":{"rendered":"<p>Torquimetro Digital tipo Desarmador 1\/4&#8243;, rango 0.60~60.00 cN-m &#8211; GLK060E.<\/p>\n","protected":false},"excerpt":{"rendered":"<ul>Torqu\u00edmetro Digital Destornillador Serie GLK 60, 250, 500 cN-m de Capacidad<\/ul>\n<ul>\n<li>Los destornilladores digitales de torque GLK son compactos, ligeros y cuentan con alarmas LED y audibles, asa ergon\u00f3mica, controles con pulsador y bater\u00eda.<\/li>\n<li>Medir el par de torsi\u00f3n en los modos de pico o en tiempo real. El modo de cero autom\u00e1tico restablece autom\u00e1ticamente las mediciones de pico (1 ~ 10 segundos). Unidades seleccionables de ozf-in, lbf-in y cN-m.<\/li>\n<li>Disponible opcionalmente trinquete opcional (RA2) con unidad cuadrada de 1\/4 &#8220;, CW, CCW y operaci\u00f3n fija.<\/li>\n<li>El modo Paso \/ Falla cuenta el n\u00famero de sujetadores apretados dentro de los l\u00edmites programados de par alto y bajo.<\/li>\n<li>Para obtener mayor precisi\u00f3n y salida de datos, consulte los destornilladores digitales IM-DID4A.<\/li>\n<li>Cinco presets de par programables almacenados en la memoria permiten al usuario comprobar los valores usados ??frecuentemente. Los preajustes alertan al usuario con una se\u00f1al intermitente al 90% y una se\u00f1al continua al 100% del valor de par preajustado usando LEDs e indicadores audibles que permiten a los usuarios apretar hasta el 10% de un valor de par preajustado.<\/li>\n<\/ul>\n<p><b>Especificaciones:<\/b><\/p>\n<ul>\n<li>Exactitud:\u00b11.5% F.S.<\/li>\n<li>Direcci\u00f3n de medici\u00f3n:CW con la exhibici\u00f3n que hace frente a usted, CCW con la exhibici\u00f3n lejos lejos de usted.<\/li>\n<li>Unidad de medida:Seleccionable lbf-in, lbf-ft, kgf-m, N-m.<\/li>\n<li>Memoria de datos:5 (valores de torsi\u00f3n objetivo memorizables), 1 (modo de paso \/ fallo).<\/li>\n<li>Apagado autom\u00e1tico:La alimentaci\u00f3n se apaga autom\u00e1ticamente despu\u00e9s de 2 minutos de no uso.<\/li>\n<li>Bater\u00eda:Bater\u00eda de litio CR2354.<\/li>\n<li>Duraci\u00f3n de la bater\u00eda:Aprox. 2 meses (100 usos por d\u00eda).<\/li>\n<\/ul>\n<p>&nbsp;<\/p>\n","protected":false},"featured_media":9107,"comment_status":"open","ping_status":"closed","template":"","meta":{"_joinchat":[]},"product_brand":[],"product_cat":[136],"product_tag":[],"class_list":{"0":"post-9106","1":"product","2":"type-product","3":"status-publish","4":"has-post-thumbnail","6":"product_cat-torquimetro","8":"first","9":"instock","10":"shipping-taxable","11":"product-type-simple"},"yoast_head":"<!-- This site is optimized with the Yoast SEO plugin v26.4 - https:\/\/yoast.com\/wordpress\/plugins\/seo\/ -->\n<title>Torquimetro Digital tipo Desarmador 1-4&quot;, rango 0.60~60.00 cN-m - GLK060E - Abaa tienda online<\/title>\n<meta name=\"robots\" content=\"index, follow, max-snippet:-1, max-image-preview:large, max-video-preview:-1\" \/>\n<link rel=\"canonical\" href=\"https:\/\/abaa.mx\/tienda\/torquimetro-digital-tipo-desarmador-1-4-rango-0-6060-00-cn-m-glk060e\/\" \/>\n<meta property=\"og:locale\" content=\"es_MX\" \/>\n<meta property=\"og:type\" content=\"article\" \/>\n<meta property=\"og:title\" content=\"Torquimetro Digital tipo Desarmador 1-4&quot;, rango 0.60~60.00 cN-m - GLK060E - Abaa tienda online\" \/>\n<meta property=\"og:description\" content=\"Torqu\u00edmetro Digital Destornillador Serie GLK 60, 250, 500 cN-m de Capacidad   Los destornilladores digitales de torque GLK son compactos, ligeros y cuentan con alarmas LED y audibles, asa ergon\u00f3mica, controles con pulsador y bater\u00eda.  Medir el par de torsi\u00f3n en los modos de pico o en tiempo real. El modo de cero autom\u00e1tico restablece autom\u00e1ticamente las mediciones de pico (1 ~ 10 segundos). Unidades seleccionables de ozf-in, lbf-in y cN-m.  Disponible opcionalmente trinquete opcional (RA2) con unidad cuadrada de 1\/4 &quot;, CW, CCW y operaci\u00f3n fija.  El modo Paso \/ Falla cuenta el n\u00famero de sujetadores apretados dentro de los l\u00edmites programados de par alto y bajo.  Para obtener mayor precisi\u00f3n y salida de datos, consulte los destornilladores digitales IM-DID4A.  Cinco presets de par programables almacenados en la memoria permiten al usuario comprobar los valores usados ??frecuentemente. Los preajustes alertan al usuario con una se\u00f1al intermitente al 90% y una se\u00f1al continua al 100% del valor de par preajustado usando LEDs e indicadores audibles que permiten a los usuarios apretar hasta el 10% de un valor de par preajustado.  Especificaciones:   Exactitud:\u00b11.5% F.S.  Direcci\u00f3n de medici\u00f3n:CW con la exhibici\u00f3n que hace frente a usted, CCW con la exhibici\u00f3n lejos lejos de usted.  Unidad de medida:Seleccionable lbf-in, lbf-ft, kgf-m, N-m.  Memoria de datos:5 (valores de torsi\u00f3n objetivo memorizables), 1 (modo de paso \/ fallo).  Apagado autom\u00e1tico:La alimentaci\u00f3n se apaga autom\u00e1ticamente despu\u00e9s de 2 minutos de no uso.  Bater\u00eda:Bater\u00eda de litio CR2354.  Duraci\u00f3n de la bater\u00eda:Aprox. 2 meses (100 usos por d\u00eda).  &nbsp;\" \/>\n<meta property=\"og:url\" content=\"https:\/\/abaa.mx\/tienda\/torquimetro-digital-tipo-desarmador-1-4-rango-0-6060-00-cn-m-glk060e\/\" \/>\n<meta property=\"og:site_name\" content=\"Abaa tienda online\" \/>\n<meta property=\"article:modified_time\" content=\"2023-12-04T17:49:03+00:00\" \/>\n<meta property=\"og:image\" content=\"https:\/\/abaa.mx\/tienda\/wp-content\/uploads\/2023\/11\/IMADA-GLK060E.jpg\" \/>\n\t<meta property=\"og:image:width\" content=\"392\" \/>\n\t<meta property=\"og:image:height\" content=\"340\" \/>\n\t<meta property=\"og:image:type\" content=\"image\/jpeg\" \/>\n<meta name=\"twitter:card\" content=\"summary_large_image\" \/>\n<meta name=\"twitter:label1\" content=\"Tiempo de lectura\" \/>\n\t<meta name=\"twitter:data1\" content=\"1 minuto\" \/>\n<script type=\"application\/ld+json\" class=\"yoast-schema-graph\">{\"@context\":\"https:\/\/schema.org\",\"@graph\":[{\"@type\":\"WebPage\",\"@id\":\"https:\/\/abaa.mx\/tienda\/torquimetro-digital-tipo-desarmador-1-4-rango-0-6060-00-cn-m-glk060e\/\",\"url\":\"https:\/\/abaa.mx\/tienda\/torquimetro-digital-tipo-desarmador-1-4-rango-0-6060-00-cn-m-glk060e\/\",\"name\":\"Torquimetro Digital tipo Desarmador 1-4\\\", rango 0.60~60.00 cN-m - GLK060E - Abaa tienda online\",\"isPartOf\":{\"@id\":\"https:\/\/abaa.mx\/tienda\/#website\"},\"primaryImageOfPage\":{\"@id\":\"https:\/\/abaa.mx\/tienda\/torquimetro-digital-tipo-desarmador-1-4-rango-0-6060-00-cn-m-glk060e\/#primaryimage\"},\"image\":{\"@id\":\"https:\/\/abaa.mx\/tienda\/torquimetro-digital-tipo-desarmador-1-4-rango-0-6060-00-cn-m-glk060e\/#primaryimage\"},\"thumbnailUrl\":\"https:\/\/abaa.mx\/tienda\/wp-content\/uploads\/2023\/11\/IMADA-GLK060E.jpg\",\"datePublished\":\"2023-11-21T16:55:44+00:00\",\"dateModified\":\"2023-12-04T17:49:03+00:00\",\"breadcrumb\":{\"@id\":\"https:\/\/abaa.mx\/tienda\/torquimetro-digital-tipo-desarmador-1-4-rango-0-6060-00-cn-m-glk060e\/#breadcrumb\"},\"inLanguage\":\"es\",\"potentialAction\":[{\"@type\":\"ReadAction\",\"target\":[\"https:\/\/abaa.mx\/tienda\/torquimetro-digital-tipo-desarmador-1-4-rango-0-6060-00-cn-m-glk060e\/\"]}]},{\"@type\":\"ImageObject\",\"inLanguage\":\"es\",\"@id\":\"https:\/\/abaa.mx\/tienda\/torquimetro-digital-tipo-desarmador-1-4-rango-0-6060-00-cn-m-glk060e\/#primaryimage\",\"url\":\"https:\/\/abaa.mx\/tienda\/wp-content\/uploads\/2023\/11\/IMADA-GLK060E.jpg\",\"contentUrl\":\"https:\/\/abaa.mx\/tienda\/wp-content\/uploads\/2023\/11\/IMADA-GLK060E.jpg\",\"width\":392,\"height\":340,\"caption\":\"IMADA-GLK060E\"},{\"@type\":\"BreadcrumbList\",\"@id\":\"https:\/\/abaa.mx\/tienda\/torquimetro-digital-tipo-desarmador-1-4-rango-0-6060-00-cn-m-glk060e\/#breadcrumb\",\"itemListElement\":[{\"@type\":\"ListItem\",\"position\":1,\"name\":\"Inicio\",\"item\":\"https:\/\/abaa.mx\/tienda\/\"},{\"@type\":\"ListItem\",\"position\":2,\"name\":\"Tienda\",\"item\":\"https:\/\/abaa.mx\/tienda\/\"},{\"@type\":\"ListItem\",\"position\":3,\"name\":\"Torquimetro Digital tipo Desarmador 1-4&#8243;, rango 0.60~60.00 cN-m &#8211; GLK060E\"}]},{\"@type\":\"WebSite\",\"@id\":\"https:\/\/abaa.mx\/tienda\/#website\",\"url\":\"https:\/\/abaa.mx\/tienda\/\",\"name\":\"Abaa tienda online\",\"description\":\"Instrumentos de medici\u00f3n\",\"publisher\":{\"@id\":\"https:\/\/abaa.mx\/tienda\/#organization\"},\"potentialAction\":[{\"@type\":\"SearchAction\",\"target\":{\"@type\":\"EntryPoint\",\"urlTemplate\":\"https:\/\/abaa.mx\/tienda\/?s={search_term_string}\"},\"query-input\":{\"@type\":\"PropertyValueSpecification\",\"valueRequired\":true,\"valueName\":\"search_term_string\"}}],\"inLanguage\":\"es\"},{\"@type\":\"Organization\",\"@id\":\"https:\/\/abaa.mx\/tienda\/#organization\",\"name\":\"Abaa tienda online\",\"url\":\"https:\/\/abaa.mx\/tienda\/\",\"logo\":{\"@type\":\"ImageObject\",\"inLanguage\":\"es\",\"@id\":\"https:\/\/abaa.mx\/tienda\/#\/schema\/logo\/image\/\",\"url\":\"https:\/\/abaa.mx\/tienda\/wp-content\/uploads\/2024\/01\/abaa-metrologia-tienda.png\",\"contentUrl\":\"https:\/\/abaa.mx\/tienda\/wp-content\/uploads\/2024\/01\/abaa-metrologia-tienda.png\",\"width\":300,\"height\":141,\"caption\":\"Abaa tienda online\"},\"image\":{\"@id\":\"https:\/\/abaa.mx\/tienda\/#\/schema\/logo\/image\/\"}}]}<\/script>\n<!-- \/ Yoast SEO plugin. -->","yoast_head_json":{"title":"Torquimetro Digital tipo Desarmador 1-4\", rango 0.60~60.00 cN-m - GLK060E - Abaa tienda online","robots":{"index":"index","follow":"follow","max-snippet":"max-snippet:-1","max-image-preview":"max-image-preview:large","max-video-preview":"max-video-preview:-1"},"canonical":"https:\/\/abaa.mx\/tienda\/torquimetro-digital-tipo-desarmador-1-4-rango-0-6060-00-cn-m-glk060e\/","og_locale":"es_MX","og_type":"article","og_title":"Torquimetro Digital tipo Desarmador 1-4\", rango 0.60~60.00 cN-m - GLK060E - Abaa tienda online","og_description":"Torqu\u00edmetro Digital Destornillador Serie GLK 60, 250, 500 cN-m de Capacidad   Los destornilladores digitales de torque GLK son compactos, ligeros y cuentan con alarmas LED y audibles, asa ergon\u00f3mica, controles con pulsador y bater\u00eda.  Medir el par de torsi\u00f3n en los modos de pico o en tiempo real. El modo de cero autom\u00e1tico restablece autom\u00e1ticamente las mediciones de pico (1 ~ 10 segundos). Unidades seleccionables de ozf-in, lbf-in y cN-m.  Disponible opcionalmente trinquete opcional (RA2) con unidad cuadrada de 1\/4 \", CW, CCW y operaci\u00f3n fija.  El modo Paso \/ Falla cuenta el n\u00famero de sujetadores apretados dentro de los l\u00edmites programados de par alto y bajo.  Para obtener mayor precisi\u00f3n y salida de datos, consulte los destornilladores digitales IM-DID4A.  Cinco presets de par programables almacenados en la memoria permiten al usuario comprobar los valores usados ??frecuentemente. Los preajustes alertan al usuario con una se\u00f1al intermitente al 90% y una se\u00f1al continua al 100% del valor de par preajustado usando LEDs e indicadores audibles que permiten a los usuarios apretar hasta el 10% de un valor de par preajustado.  Especificaciones:   Exactitud:\u00b11.5% F.S.  Direcci\u00f3n de medici\u00f3n:CW con la exhibici\u00f3n que hace frente a usted, CCW con la exhibici\u00f3n lejos lejos de usted.  Unidad de medida:Seleccionable lbf-in, lbf-ft, kgf-m, N-m.  Memoria de datos:5 (valores de torsi\u00f3n objetivo memorizables), 1 (modo de paso \/ fallo).  Apagado autom\u00e1tico:La alimentaci\u00f3n se apaga autom\u00e1ticamente despu\u00e9s de 2 minutos de no uso.  Bater\u00eda:Bater\u00eda de litio CR2354.  Duraci\u00f3n de la bater\u00eda:Aprox. 2 meses (100 usos por d\u00eda).  &nbsp;","og_url":"https:\/\/abaa.mx\/tienda\/torquimetro-digital-tipo-desarmador-1-4-rango-0-6060-00-cn-m-glk060e\/","og_site_name":"Abaa tienda online","article_modified_time":"2023-12-04T17:49:03+00:00","og_image":[{"width":392,"height":340,"url":"https:\/\/abaa.mx\/tienda\/wp-content\/uploads\/2023\/11\/IMADA-GLK060E.jpg","type":"image\/jpeg"}],"twitter_card":"summary_large_image","twitter_misc":{"Tiempo de lectura":"1 minuto"},"schema":{"@context":"https:\/\/schema.org","@graph":[{"@type":"WebPage","@id":"https:\/\/abaa.mx\/tienda\/torquimetro-digital-tipo-desarmador-1-4-rango-0-6060-00-cn-m-glk060e\/","url":"https:\/\/abaa.mx\/tienda\/torquimetro-digital-tipo-desarmador-1-4-rango-0-6060-00-cn-m-glk060e\/","name":"Torquimetro Digital tipo Desarmador 1-4\", rango 0.60~60.00 cN-m - GLK060E - Abaa tienda online","isPartOf":{"@id":"https:\/\/abaa.mx\/tienda\/#website"},"primaryImageOfPage":{"@id":"https:\/\/abaa.mx\/tienda\/torquimetro-digital-tipo-desarmador-1-4-rango-0-6060-00-cn-m-glk060e\/#primaryimage"},"image":{"@id":"https:\/\/abaa.mx\/tienda\/torquimetro-digital-tipo-desarmador-1-4-rango-0-6060-00-cn-m-glk060e\/#primaryimage"},"thumbnailUrl":"https:\/\/abaa.mx\/tienda\/wp-content\/uploads\/2023\/11\/IMADA-GLK060E.jpg","datePublished":"2023-11-21T16:55:44+00:00","dateModified":"2023-12-04T17:49:03+00:00","breadcrumb":{"@id":"https:\/\/abaa.mx\/tienda\/torquimetro-digital-tipo-desarmador-1-4-rango-0-6060-00-cn-m-glk060e\/#breadcrumb"},"inLanguage":"es","potentialAction":[{"@type":"ReadAction","target":["https:\/\/abaa.mx\/tienda\/torquimetro-digital-tipo-desarmador-1-4-rango-0-6060-00-cn-m-glk060e\/"]}]},{"@type":"ImageObject","inLanguage":"es","@id":"https:\/\/abaa.mx\/tienda\/torquimetro-digital-tipo-desarmador-1-4-rango-0-6060-00-cn-m-glk060e\/#primaryimage","url":"https:\/\/abaa.mx\/tienda\/wp-content\/uploads\/2023\/11\/IMADA-GLK060E.jpg","contentUrl":"https:\/\/abaa.mx\/tienda\/wp-content\/uploads\/2023\/11\/IMADA-GLK060E.jpg","width":392,"height":340,"caption":"IMADA-GLK060E"},{"@type":"BreadcrumbList","@id":"https:\/\/abaa.mx\/tienda\/torquimetro-digital-tipo-desarmador-1-4-rango-0-6060-00-cn-m-glk060e\/#breadcrumb","itemListElement":[{"@type":"ListItem","position":1,"name":"Inicio","item":"https:\/\/abaa.mx\/tienda\/"},{"@type":"ListItem","position":2,"name":"Tienda","item":"https:\/\/abaa.mx\/tienda\/"},{"@type":"ListItem","position":3,"name":"Torquimetro Digital tipo Desarmador 1-4&#8243;, rango 0.60~60.00 cN-m &#8211; GLK060E"}]},{"@type":"WebSite","@id":"https:\/\/abaa.mx\/tienda\/#website","url":"https:\/\/abaa.mx\/tienda\/","name":"Abaa tienda online","description":"Instrumentos de medici\u00f3n","publisher":{"@id":"https:\/\/abaa.mx\/tienda\/#organization"},"potentialAction":[{"@type":"SearchAction","target":{"@type":"EntryPoint","urlTemplate":"https:\/\/abaa.mx\/tienda\/?s={search_term_string}"},"query-input":{"@type":"PropertyValueSpecification","valueRequired":true,"valueName":"search_term_string"}}],"inLanguage":"es"},{"@type":"Organization","@id":"https:\/\/abaa.mx\/tienda\/#organization","name":"Abaa tienda online","url":"https:\/\/abaa.mx\/tienda\/","logo":{"@type":"ImageObject","inLanguage":"es","@id":"https:\/\/abaa.mx\/tienda\/#\/schema\/logo\/image\/","url":"https:\/\/abaa.mx\/tienda\/wp-content\/uploads\/2024\/01\/abaa-metrologia-tienda.png","contentUrl":"https:\/\/abaa.mx\/tienda\/wp-content\/uploads\/2024\/01\/abaa-metrologia-tienda.png","width":300,"height":141,"caption":"Abaa tienda online"},"image":{"@id":"https:\/\/abaa.mx\/tienda\/#\/schema\/logo\/image\/"}}]}},"_links":{"self":[{"href":"https:\/\/abaa.mx\/tienda\/wp-json\/wp\/v2\/product\/9106","targetHints":{"allow":["GET"]}}],"collection":[{"href":"https:\/\/abaa.mx\/tienda\/wp-json\/wp\/v2\/product"}],"about":[{"href":"https:\/\/abaa.mx\/tienda\/wp-json\/wp\/v2\/types\/product"}],"replies":[{"embeddable":true,"href":"https:\/\/abaa.mx\/tienda\/wp-json\/wp\/v2\/comments?post=9106"}],"wp:featuredmedia":[{"embeddable":true,"href":"https:\/\/abaa.mx\/tienda\/wp-json\/wp\/v2\/media\/9107"}],"wp:attachment":[{"href":"https:\/\/abaa.mx\/tienda\/wp-json\/wp\/v2\/media?parent=9106"}],"wp:term":[{"taxonomy":"product_brand","embeddable":true,"href":"https:\/\/abaa.mx\/tienda\/wp-json\/wp\/v2\/product_brand?post=9106"},{"taxonomy":"product_cat","embeddable":true,"href":"https:\/\/abaa.mx\/tienda\/wp-json\/wp\/v2\/product_cat?post=9106"},{"taxonomy":"product_tag","embeddable":true,"href":"https:\/\/abaa.mx\/tienda\/wp-json\/wp\/v2\/product_tag?post=9106"}],"curies":[{"name":"wp","href":"https:\/\/api.w.org\/{rel}","templated":true}]}}