{"id":9098,"date":"2023-11-21T16:31:26","date_gmt":"2023-11-21T16:31:26","guid":{"rendered":"https:\/\/abaa.mx\/tienda\/?post_type=product&#038;p=9098"},"modified":"2023-11-21T16:31:27","modified_gmt":"2023-11-21T16:31:27","slug":"torquimetro-de-llave-ajustable-135-n-m-gek135w36e","status":"publish","type":"product","link":"https:\/\/abaa.mx\/tienda\/torquimetro-de-llave-ajustable-135-n-m-gek135w36e\/","title":{"rendered":"Torquimetro de Llave Ajustable, 135 N-m &#8211; GEK135W36E"},"content":{"rendered":"<p>Torquimetro de Llave Ajustable, 135 N-m &#8211; GEK135W36E.<\/p>\n","protected":false},"excerpt":{"rendered":"<p>La llave digital de torque de apertura ajustable IM-GEK135W36E le permite expander sus mediciones de torque en esos sitios donde una llave tipo ratchet no puede llegar. La llave tiene una mandibula construida en acero forjado y un sensor poderoso de dise\u00f1o \u00fanico dentro del maneral que detecta y examina con precision el torque aplicado a a empu\u00f1adura sin importar la colocaci\u00f3n de sus manos. La empu\u00f1adura ergon\u00f3mica le deja manener el punto de torque en el centro de su mano. Las mandibulas dise\u00f1adas especielmente para sostener una longitud de trabajo constante sin importar un m\u00ednimo si la mandibulas estan totalmente abiertas o cerradas.<\/p>\n<p><strong>\u00a0Caracteristicas principales:<\/strong> La llave de Torque Ratchet digital tiene un cabezal de trinquete de acero forjado y se caracteriza por un singular modelo de sensor en el mango ergon\u00f3mico que detecta torque con precisi\u00f3n y examina la carga aplicada a la empu\u00f1adura de forma precisa con independencia de la situaci\u00f3n de la mano del usuario, en contraste a otros equipos donde el punto de carga definitivamente afecta la prueba. M\u00e9todos de medici\u00f3n torque en modo de pico, pico con reinicio\/cero autom\u00e1ticos y torque en tiempo real. Puedes pre-detallar 5 distintos puntos de ajuste que puedes elegir. Cuando se est\u00e1 trabajando con un punto de ajuste &#8220;X&#8221;, te alertan con una se\u00f1al auditiva intermitente al alcanzar el 90% del ajuste y con una se\u00f1al continua al conseguir el 100 % del valor preestablecido. En modo Pass\/Fail transporta la cuenta del n\u00famero de sujetadores ajustados con limites de torque programados en altas y bajas. Se compone a la regla en todo el mundo ISO-6789.<\/p>\n<p><strong>Aplicaciones:<\/strong> Ensamble y ajuste de sujetadores en lineas de producci\u00f3n, ensamble y talleres de mantenimiento.<\/p>\n","protected":false},"featured_media":9099,"comment_status":"open","ping_status":"closed","template":"","meta":{"_joinchat":[]},"product_brand":[],"product_cat":[136],"product_tag":[],"class_list":{"0":"post-9098","1":"product","2":"type-product","3":"status-publish","4":"has-post-thumbnail","6":"product_cat-torquimetro","8":"first","9":"instock","10":"shipping-taxable","11":"product-type-simple"},"yoast_head":"<!-- This site is optimized with the Yoast SEO plugin v26.4 - https:\/\/yoast.com\/wordpress\/plugins\/seo\/ -->\n<title>Torquimetro de Llave Ajustable, 135 N-m - GEK135W36E - Abaa tienda online<\/title>\n<meta name=\"robots\" content=\"index, follow, max-snippet:-1, max-image-preview:large, max-video-preview:-1\" \/>\n<link rel=\"canonical\" href=\"https:\/\/abaa.mx\/tienda\/torquimetro-de-llave-ajustable-135-n-m-gek135w36e\/\" \/>\n<meta property=\"og:locale\" content=\"es_MX\" \/>\n<meta property=\"og:type\" content=\"article\" \/>\n<meta property=\"og:title\" content=\"Torquimetro de Llave Ajustable, 135 N-m - GEK135W36E - Abaa tienda online\" \/>\n<meta property=\"og:description\" content=\"La llave digital de torque de apertura ajustable IM-GEK135W36E le permite expander sus mediciones de torque en esos sitios donde una llave tipo ratchet no puede llegar. La llave tiene una mandibula construida en acero forjado y un sensor poderoso de dise\u00f1o \u00fanico dentro del maneral que detecta y examina con precision el torque aplicado a a empu\u00f1adura sin importar la colocaci\u00f3n de sus manos. La empu\u00f1adura ergon\u00f3mica le deja manener el punto de torque en el centro de su mano. Las mandibulas dise\u00f1adas especielmente para sostener una longitud de trabajo constante sin importar un m\u00ednimo si la mandibulas estan totalmente abiertas o cerradas.  \u00a0Caracteristicas principales: La llave de Torque Ratchet digital tiene un cabezal de trinquete de acero forjado y se caracteriza por un singular modelo de sensor en el mango ergon\u00f3mico que detecta torque con precisi\u00f3n y examina la carga aplicada a la empu\u00f1adura de forma precisa con independencia de la situaci\u00f3n de la mano del usuario, en contraste a otros equipos donde el punto de carga definitivamente afecta la prueba. M\u00e9todos de medici\u00f3n torque en modo de pico, pico con reinicio\/cero autom\u00e1ticos y torque en tiempo real. Puedes pre-detallar 5 distintos puntos de ajuste que puedes elegir. Cuando se est\u00e1 trabajando con un punto de ajuste &quot;X&quot;, te alertan con una se\u00f1al auditiva intermitente al alcanzar el 90% del ajuste y con una se\u00f1al continua al conseguir el 100 % del valor preestablecido. En modo Pass\/Fail transporta la cuenta del n\u00famero de sujetadores ajustados con limites de torque programados en altas y bajas. Se compone a la regla en todo el mundo ISO-6789.  Aplicaciones: Ensamble y ajuste de sujetadores en lineas de producci\u00f3n, ensamble y talleres de mantenimiento.\" \/>\n<meta property=\"og:url\" content=\"https:\/\/abaa.mx\/tienda\/torquimetro-de-llave-ajustable-135-n-m-gek135w36e\/\" \/>\n<meta property=\"og:site_name\" content=\"Abaa tienda online\" \/>\n<meta property=\"article:modified_time\" content=\"2023-11-21T16:31:27+00:00\" \/>\n<meta property=\"og:image\" content=\"https:\/\/abaa.mx\/tienda\/wp-content\/uploads\/2023\/11\/IMADA-GEK135W36E.jpg\" \/>\n\t<meta property=\"og:image:width\" content=\"541\" \/>\n\t<meta property=\"og:image:height\" content=\"243\" \/>\n\t<meta property=\"og:image:type\" content=\"image\/jpeg\" \/>\n<meta name=\"twitter:card\" content=\"summary_large_image\" \/>\n<meta name=\"twitter:label1\" content=\"Tiempo de lectura\" \/>\n\t<meta name=\"twitter:data1\" content=\"1 minuto\" \/>\n<script type=\"application\/ld+json\" class=\"yoast-schema-graph\">{\"@context\":\"https:\/\/schema.org\",\"@graph\":[{\"@type\":\"WebPage\",\"@id\":\"https:\/\/abaa.mx\/tienda\/torquimetro-de-llave-ajustable-135-n-m-gek135w36e\/\",\"url\":\"https:\/\/abaa.mx\/tienda\/torquimetro-de-llave-ajustable-135-n-m-gek135w36e\/\",\"name\":\"Torquimetro de Llave Ajustable, 135 N-m - GEK135W36E - Abaa tienda online\",\"isPartOf\":{\"@id\":\"https:\/\/abaa.mx\/tienda\/#website\"},\"primaryImageOfPage\":{\"@id\":\"https:\/\/abaa.mx\/tienda\/torquimetro-de-llave-ajustable-135-n-m-gek135w36e\/#primaryimage\"},\"image\":{\"@id\":\"https:\/\/abaa.mx\/tienda\/torquimetro-de-llave-ajustable-135-n-m-gek135w36e\/#primaryimage\"},\"thumbnailUrl\":\"https:\/\/abaa.mx\/tienda\/wp-content\/uploads\/2023\/11\/IMADA-GEK135W36E.jpg\",\"datePublished\":\"2023-11-21T16:31:26+00:00\",\"dateModified\":\"2023-11-21T16:31:27+00:00\",\"breadcrumb\":{\"@id\":\"https:\/\/abaa.mx\/tienda\/torquimetro-de-llave-ajustable-135-n-m-gek135w36e\/#breadcrumb\"},\"inLanguage\":\"es\",\"potentialAction\":[{\"@type\":\"ReadAction\",\"target\":[\"https:\/\/abaa.mx\/tienda\/torquimetro-de-llave-ajustable-135-n-m-gek135w36e\/\"]}]},{\"@type\":\"ImageObject\",\"inLanguage\":\"es\",\"@id\":\"https:\/\/abaa.mx\/tienda\/torquimetro-de-llave-ajustable-135-n-m-gek135w36e\/#primaryimage\",\"url\":\"https:\/\/abaa.mx\/tienda\/wp-content\/uploads\/2023\/11\/IMADA-GEK135W36E.jpg\",\"contentUrl\":\"https:\/\/abaa.mx\/tienda\/wp-content\/uploads\/2023\/11\/IMADA-GEK135W36E.jpg\",\"width\":541,\"height\":243,\"caption\":\"IMADA-GEK135W36E\"},{\"@type\":\"BreadcrumbList\",\"@id\":\"https:\/\/abaa.mx\/tienda\/torquimetro-de-llave-ajustable-135-n-m-gek135w36e\/#breadcrumb\",\"itemListElement\":[{\"@type\":\"ListItem\",\"position\":1,\"name\":\"Inicio\",\"item\":\"https:\/\/abaa.mx\/tienda\/\"},{\"@type\":\"ListItem\",\"position\":2,\"name\":\"Tienda\",\"item\":\"https:\/\/abaa.mx\/tienda\/\"},{\"@type\":\"ListItem\",\"position\":3,\"name\":\"Torquimetro de Llave Ajustable, 135 N-m &#8211; GEK135W36E\"}]},{\"@type\":\"WebSite\",\"@id\":\"https:\/\/abaa.mx\/tienda\/#website\",\"url\":\"https:\/\/abaa.mx\/tienda\/\",\"name\":\"Abaa tienda online\",\"description\":\"Instrumentos de medici\u00f3n\",\"publisher\":{\"@id\":\"https:\/\/abaa.mx\/tienda\/#organization\"},\"potentialAction\":[{\"@type\":\"SearchAction\",\"target\":{\"@type\":\"EntryPoint\",\"urlTemplate\":\"https:\/\/abaa.mx\/tienda\/?s={search_term_string}\"},\"query-input\":{\"@type\":\"PropertyValueSpecification\",\"valueRequired\":true,\"valueName\":\"search_term_string\"}}],\"inLanguage\":\"es\"},{\"@type\":\"Organization\",\"@id\":\"https:\/\/abaa.mx\/tienda\/#organization\",\"name\":\"Abaa tienda online\",\"url\":\"https:\/\/abaa.mx\/tienda\/\",\"logo\":{\"@type\":\"ImageObject\",\"inLanguage\":\"es\",\"@id\":\"https:\/\/abaa.mx\/tienda\/#\/schema\/logo\/image\/\",\"url\":\"https:\/\/abaa.mx\/tienda\/wp-content\/uploads\/2024\/01\/abaa-metrologia-tienda.png\",\"contentUrl\":\"https:\/\/abaa.mx\/tienda\/wp-content\/uploads\/2024\/01\/abaa-metrologia-tienda.png\",\"width\":300,\"height\":141,\"caption\":\"Abaa tienda online\"},\"image\":{\"@id\":\"https:\/\/abaa.mx\/tienda\/#\/schema\/logo\/image\/\"}}]}<\/script>\n<!-- \/ Yoast SEO plugin. -->","yoast_head_json":{"title":"Torquimetro de Llave Ajustable, 135 N-m - GEK135W36E - Abaa tienda online","robots":{"index":"index","follow":"follow","max-snippet":"max-snippet:-1","max-image-preview":"max-image-preview:large","max-video-preview":"max-video-preview:-1"},"canonical":"https:\/\/abaa.mx\/tienda\/torquimetro-de-llave-ajustable-135-n-m-gek135w36e\/","og_locale":"es_MX","og_type":"article","og_title":"Torquimetro de Llave Ajustable, 135 N-m - GEK135W36E - Abaa tienda online","og_description":"La llave digital de torque de apertura ajustable IM-GEK135W36E le permite expander sus mediciones de torque en esos sitios donde una llave tipo ratchet no puede llegar. La llave tiene una mandibula construida en acero forjado y un sensor poderoso de dise\u00f1o \u00fanico dentro del maneral que detecta y examina con precision el torque aplicado a a empu\u00f1adura sin importar la colocaci\u00f3n de sus manos. La empu\u00f1adura ergon\u00f3mica le deja manener el punto de torque en el centro de su mano. Las mandibulas dise\u00f1adas especielmente para sostener una longitud de trabajo constante sin importar un m\u00ednimo si la mandibulas estan totalmente abiertas o cerradas.  \u00a0Caracteristicas principales: La llave de Torque Ratchet digital tiene un cabezal de trinquete de acero forjado y se caracteriza por un singular modelo de sensor en el mango ergon\u00f3mico que detecta torque con precisi\u00f3n y examina la carga aplicada a la empu\u00f1adura de forma precisa con independencia de la situaci\u00f3n de la mano del usuario, en contraste a otros equipos donde el punto de carga definitivamente afecta la prueba. M\u00e9todos de medici\u00f3n torque en modo de pico, pico con reinicio\/cero autom\u00e1ticos y torque en tiempo real. Puedes pre-detallar 5 distintos puntos de ajuste que puedes elegir. Cuando se est\u00e1 trabajando con un punto de ajuste \"X\", te alertan con una se\u00f1al auditiva intermitente al alcanzar el 90% del ajuste y con una se\u00f1al continua al conseguir el 100 % del valor preestablecido. En modo Pass\/Fail transporta la cuenta del n\u00famero de sujetadores ajustados con limites de torque programados en altas y bajas. Se compone a la regla en todo el mundo ISO-6789.  Aplicaciones: Ensamble y ajuste de sujetadores en lineas de producci\u00f3n, ensamble y talleres de mantenimiento.","og_url":"https:\/\/abaa.mx\/tienda\/torquimetro-de-llave-ajustable-135-n-m-gek135w36e\/","og_site_name":"Abaa tienda online","article_modified_time":"2023-11-21T16:31:27+00:00","og_image":[{"width":541,"height":243,"url":"https:\/\/abaa.mx\/tienda\/wp-content\/uploads\/2023\/11\/IMADA-GEK135W36E.jpg","type":"image\/jpeg"}],"twitter_card":"summary_large_image","twitter_misc":{"Tiempo de lectura":"1 minuto"},"schema":{"@context":"https:\/\/schema.org","@graph":[{"@type":"WebPage","@id":"https:\/\/abaa.mx\/tienda\/torquimetro-de-llave-ajustable-135-n-m-gek135w36e\/","url":"https:\/\/abaa.mx\/tienda\/torquimetro-de-llave-ajustable-135-n-m-gek135w36e\/","name":"Torquimetro de Llave Ajustable, 135 N-m - GEK135W36E - Abaa tienda online","isPartOf":{"@id":"https:\/\/abaa.mx\/tienda\/#website"},"primaryImageOfPage":{"@id":"https:\/\/abaa.mx\/tienda\/torquimetro-de-llave-ajustable-135-n-m-gek135w36e\/#primaryimage"},"image":{"@id":"https:\/\/abaa.mx\/tienda\/torquimetro-de-llave-ajustable-135-n-m-gek135w36e\/#primaryimage"},"thumbnailUrl":"https:\/\/abaa.mx\/tienda\/wp-content\/uploads\/2023\/11\/IMADA-GEK135W36E.jpg","datePublished":"2023-11-21T16:31:26+00:00","dateModified":"2023-11-21T16:31:27+00:00","breadcrumb":{"@id":"https:\/\/abaa.mx\/tienda\/torquimetro-de-llave-ajustable-135-n-m-gek135w36e\/#breadcrumb"},"inLanguage":"es","potentialAction":[{"@type":"ReadAction","target":["https:\/\/abaa.mx\/tienda\/torquimetro-de-llave-ajustable-135-n-m-gek135w36e\/"]}]},{"@type":"ImageObject","inLanguage":"es","@id":"https:\/\/abaa.mx\/tienda\/torquimetro-de-llave-ajustable-135-n-m-gek135w36e\/#primaryimage","url":"https:\/\/abaa.mx\/tienda\/wp-content\/uploads\/2023\/11\/IMADA-GEK135W36E.jpg","contentUrl":"https:\/\/abaa.mx\/tienda\/wp-content\/uploads\/2023\/11\/IMADA-GEK135W36E.jpg","width":541,"height":243,"caption":"IMADA-GEK135W36E"},{"@type":"BreadcrumbList","@id":"https:\/\/abaa.mx\/tienda\/torquimetro-de-llave-ajustable-135-n-m-gek135w36e\/#breadcrumb","itemListElement":[{"@type":"ListItem","position":1,"name":"Inicio","item":"https:\/\/abaa.mx\/tienda\/"},{"@type":"ListItem","position":2,"name":"Tienda","item":"https:\/\/abaa.mx\/tienda\/"},{"@type":"ListItem","position":3,"name":"Torquimetro de Llave Ajustable, 135 N-m &#8211; GEK135W36E"}]},{"@type":"WebSite","@id":"https:\/\/abaa.mx\/tienda\/#website","url":"https:\/\/abaa.mx\/tienda\/","name":"Abaa tienda online","description":"Instrumentos de medici\u00f3n","publisher":{"@id":"https:\/\/abaa.mx\/tienda\/#organization"},"potentialAction":[{"@type":"SearchAction","target":{"@type":"EntryPoint","urlTemplate":"https:\/\/abaa.mx\/tienda\/?s={search_term_string}"},"query-input":{"@type":"PropertyValueSpecification","valueRequired":true,"valueName":"search_term_string"}}],"inLanguage":"es"},{"@type":"Organization","@id":"https:\/\/abaa.mx\/tienda\/#organization","name":"Abaa tienda online","url":"https:\/\/abaa.mx\/tienda\/","logo":{"@type":"ImageObject","inLanguage":"es","@id":"https:\/\/abaa.mx\/tienda\/#\/schema\/logo\/image\/","url":"https:\/\/abaa.mx\/tienda\/wp-content\/uploads\/2024\/01\/abaa-metrologia-tienda.png","contentUrl":"https:\/\/abaa.mx\/tienda\/wp-content\/uploads\/2024\/01\/abaa-metrologia-tienda.png","width":300,"height":141,"caption":"Abaa tienda online"},"image":{"@id":"https:\/\/abaa.mx\/tienda\/#\/schema\/logo\/image\/"}}]}},"_links":{"self":[{"href":"https:\/\/abaa.mx\/tienda\/wp-json\/wp\/v2\/product\/9098","targetHints":{"allow":["GET"]}}],"collection":[{"href":"https:\/\/abaa.mx\/tienda\/wp-json\/wp\/v2\/product"}],"about":[{"href":"https:\/\/abaa.mx\/tienda\/wp-json\/wp\/v2\/types\/product"}],"replies":[{"embeddable":true,"href":"https:\/\/abaa.mx\/tienda\/wp-json\/wp\/v2\/comments?post=9098"}],"wp:featuredmedia":[{"embeddable":true,"href":"https:\/\/abaa.mx\/tienda\/wp-json\/wp\/v2\/media\/9099"}],"wp:attachment":[{"href":"https:\/\/abaa.mx\/tienda\/wp-json\/wp\/v2\/media?parent=9098"}],"wp:term":[{"taxonomy":"product_brand","embeddable":true,"href":"https:\/\/abaa.mx\/tienda\/wp-json\/wp\/v2\/product_brand?post=9098"},{"taxonomy":"product_cat","embeddable":true,"href":"https:\/\/abaa.mx\/tienda\/wp-json\/wp\/v2\/product_cat?post=9098"},{"taxonomy":"product_tag","embeddable":true,"href":"https:\/\/abaa.mx\/tienda\/wp-json\/wp\/v2\/product_tag?post=9098"}],"curies":[{"name":"wp","href":"https:\/\/api.w.org\/{rel}","templated":true}]}}