{"id":9092,"date":"2023-11-21T16:14:57","date_gmt":"2023-11-21T16:14:57","guid":{"rendered":"https:\/\/abaa.mx\/tienda\/?post_type=product&#038;p=9092"},"modified":"2025-08-08T18:22:01","modified_gmt":"2025-08-08T18:22:01","slug":"torquimetro-ratchet-drive-3-8-tq8803","status":"publish","type":"product","link":"https:\/\/abaa.mx\/tienda\/torquimetro-ratchet-drive-3-8-tq8803\/","title":{"rendered":"Torquimetro Ratchet, Drive 3-8 &#8211; TQ8803"},"content":{"rendered":"<p>Torquimetro Ratchet, Drive 3\/8 &#8211; TQ8803.<\/p>\n","protected":false},"excerpt":{"rendered":"<p>El LT-TQ8803 es una llave de torque digital con capacidad de cien kgf-cm. Mide torque a tiempo real , funci\u00f3n &#8220;auto hold&#8221; que retiene en pantalla el ultimo valor registrado.<\/p>\n<p>Torqu\u00edmetro digital profesional y fuerte. Funci\u00f3n de retenci\u00f3n de datos autom\u00e1tico para congelar la remata medida de la lectura. Pantalla LCD con retroiluminaci\u00f3n de f\u00e1cil lectura. Circuito para ahorrar bater\u00eda, desconexi\u00f3n autom\u00e1tica. Circuito del microordenador, alto desempe\u00f1o.<\/p>\n<p>Fuente de nutrici\u00f3n : DC 1.5V bater\u00eda (UM-4, AAA) X 4 PCs. Funci\u00f3n de coche apagado para ahorrar bater\u00eda.<\/p>\n","protected":false},"featured_media":9093,"comment_status":"open","ping_status":"closed","template":"","meta":{"_joinchat":[]},"product_brand":[],"product_cat":[136],"product_tag":[],"class_list":{"0":"post-9092","1":"product","2":"type-product","3":"status-publish","4":"has-post-thumbnail","6":"product_cat-torquimetro","8":"first","9":"instock","10":"shipping-taxable","11":"product-type-simple"},"yoast_head":"<!-- This site is optimized with the Yoast SEO plugin v26.4 - https:\/\/yoast.com\/wordpress\/plugins\/seo\/ -->\n<title>Torquimetro Ratchet, Drive 3-8 - TQ8803 - Abaa tienda online<\/title>\n<meta name=\"robots\" content=\"index, follow, max-snippet:-1, max-image-preview:large, max-video-preview:-1\" \/>\n<link rel=\"canonical\" href=\"https:\/\/abaa.mx\/tienda\/torquimetro-ratchet-drive-3-8-tq8803\/\" \/>\n<meta property=\"og:locale\" content=\"es_MX\" \/>\n<meta property=\"og:type\" content=\"article\" \/>\n<meta property=\"og:title\" content=\"Torquimetro Ratchet, Drive 3-8 - TQ8803 - Abaa tienda online\" \/>\n<meta property=\"og:description\" content=\"El LT-TQ8803 es una llave de torque digital con capacidad de cien kgf-cm. Mide torque a tiempo real , funci\u00f3n &quot;auto hold&quot; que retiene en pantalla el ultimo valor registrado.  Torqu\u00edmetro digital profesional y fuerte. Funci\u00f3n de retenci\u00f3n de datos autom\u00e1tico para congelar la remata medida de la lectura. Pantalla LCD con retroiluminaci\u00f3n de f\u00e1cil lectura. Circuito para ahorrar bater\u00eda, desconexi\u00f3n autom\u00e1tica. Circuito del microordenador, alto desempe\u00f1o.  Fuente de nutrici\u00f3n : DC 1.5V bater\u00eda (UM-4, AAA) X 4 PCs. Funci\u00f3n de coche apagado para ahorrar bater\u00eda.\" \/>\n<meta property=\"og:url\" content=\"https:\/\/abaa.mx\/tienda\/torquimetro-ratchet-drive-3-8-tq8803\/\" \/>\n<meta property=\"og:site_name\" content=\"Abaa tienda online\" \/>\n<meta property=\"article:modified_time\" content=\"2025-08-08T18:22:01+00:00\" \/>\n<meta property=\"og:image\" content=\"https:\/\/abaa.mx\/tienda\/wp-content\/uploads\/2023\/11\/LUTRON-TQ8803.jpg\" \/>\n\t<meta property=\"og:image:width\" content=\"504\" \/>\n\t<meta property=\"og:image:height\" content=\"369\" \/>\n\t<meta property=\"og:image:type\" content=\"image\/jpeg\" \/>\n<meta name=\"twitter:card\" content=\"summary_large_image\" \/>\n<meta name=\"twitter:label1\" content=\"Tiempo de lectura\" \/>\n\t<meta name=\"twitter:data1\" content=\"1 minuto\" \/>\n<script type=\"application\/ld+json\" class=\"yoast-schema-graph\">{\"@context\":\"https:\/\/schema.org\",\"@graph\":[{\"@type\":\"WebPage\",\"@id\":\"https:\/\/abaa.mx\/tienda\/torquimetro-ratchet-drive-3-8-tq8803\/\",\"url\":\"https:\/\/abaa.mx\/tienda\/torquimetro-ratchet-drive-3-8-tq8803\/\",\"name\":\"Torquimetro Ratchet, Drive 3-8 - TQ8803 - Abaa tienda online\",\"isPartOf\":{\"@id\":\"https:\/\/abaa.mx\/tienda\/#website\"},\"primaryImageOfPage\":{\"@id\":\"https:\/\/abaa.mx\/tienda\/torquimetro-ratchet-drive-3-8-tq8803\/#primaryimage\"},\"image\":{\"@id\":\"https:\/\/abaa.mx\/tienda\/torquimetro-ratchet-drive-3-8-tq8803\/#primaryimage\"},\"thumbnailUrl\":\"https:\/\/abaa.mx\/tienda\/wp-content\/uploads\/2023\/11\/LUTRON-TQ8803.jpg\",\"datePublished\":\"2023-11-21T16:14:57+00:00\",\"dateModified\":\"2025-08-08T18:22:01+00:00\",\"breadcrumb\":{\"@id\":\"https:\/\/abaa.mx\/tienda\/torquimetro-ratchet-drive-3-8-tq8803\/#breadcrumb\"},\"inLanguage\":\"es\",\"potentialAction\":[{\"@type\":\"ReadAction\",\"target\":[\"https:\/\/abaa.mx\/tienda\/torquimetro-ratchet-drive-3-8-tq8803\/\"]}]},{\"@type\":\"ImageObject\",\"inLanguage\":\"es\",\"@id\":\"https:\/\/abaa.mx\/tienda\/torquimetro-ratchet-drive-3-8-tq8803\/#primaryimage\",\"url\":\"https:\/\/abaa.mx\/tienda\/wp-content\/uploads\/2023\/11\/LUTRON-TQ8803.jpg\",\"contentUrl\":\"https:\/\/abaa.mx\/tienda\/wp-content\/uploads\/2023\/11\/LUTRON-TQ8803.jpg\",\"width\":504,\"height\":369,\"caption\":\"LUTRON-TQ8803\"},{\"@type\":\"BreadcrumbList\",\"@id\":\"https:\/\/abaa.mx\/tienda\/torquimetro-ratchet-drive-3-8-tq8803\/#breadcrumb\",\"itemListElement\":[{\"@type\":\"ListItem\",\"position\":1,\"name\":\"Inicio\",\"item\":\"https:\/\/abaa.mx\/tienda\/\"},{\"@type\":\"ListItem\",\"position\":2,\"name\":\"Tienda\",\"item\":\"https:\/\/abaa.mx\/tienda\/\"},{\"@type\":\"ListItem\",\"position\":3,\"name\":\"Torquimetro Ratchet, Drive 3-8 &#8211; TQ8803\"}]},{\"@type\":\"WebSite\",\"@id\":\"https:\/\/abaa.mx\/tienda\/#website\",\"url\":\"https:\/\/abaa.mx\/tienda\/\",\"name\":\"Abaa tienda online\",\"description\":\"Instrumentos de medici\u00f3n\",\"publisher\":{\"@id\":\"https:\/\/abaa.mx\/tienda\/#organization\"},\"potentialAction\":[{\"@type\":\"SearchAction\",\"target\":{\"@type\":\"EntryPoint\",\"urlTemplate\":\"https:\/\/abaa.mx\/tienda\/?s={search_term_string}\"},\"query-input\":{\"@type\":\"PropertyValueSpecification\",\"valueRequired\":true,\"valueName\":\"search_term_string\"}}],\"inLanguage\":\"es\"},{\"@type\":\"Organization\",\"@id\":\"https:\/\/abaa.mx\/tienda\/#organization\",\"name\":\"Abaa tienda online\",\"url\":\"https:\/\/abaa.mx\/tienda\/\",\"logo\":{\"@type\":\"ImageObject\",\"inLanguage\":\"es\",\"@id\":\"https:\/\/abaa.mx\/tienda\/#\/schema\/logo\/image\/\",\"url\":\"https:\/\/abaa.mx\/tienda\/wp-content\/uploads\/2024\/01\/abaa-metrologia-tienda.png\",\"contentUrl\":\"https:\/\/abaa.mx\/tienda\/wp-content\/uploads\/2024\/01\/abaa-metrologia-tienda.png\",\"width\":300,\"height\":141,\"caption\":\"Abaa tienda online\"},\"image\":{\"@id\":\"https:\/\/abaa.mx\/tienda\/#\/schema\/logo\/image\/\"}}]}<\/script>\n<!-- \/ Yoast SEO plugin. -->","yoast_head_json":{"title":"Torquimetro Ratchet, Drive 3-8 - TQ8803 - Abaa tienda online","robots":{"index":"index","follow":"follow","max-snippet":"max-snippet:-1","max-image-preview":"max-image-preview:large","max-video-preview":"max-video-preview:-1"},"canonical":"https:\/\/abaa.mx\/tienda\/torquimetro-ratchet-drive-3-8-tq8803\/","og_locale":"es_MX","og_type":"article","og_title":"Torquimetro Ratchet, Drive 3-8 - TQ8803 - Abaa tienda online","og_description":"El LT-TQ8803 es una llave de torque digital con capacidad de cien kgf-cm. Mide torque a tiempo real , funci\u00f3n \"auto hold\" que retiene en pantalla el ultimo valor registrado.  Torqu\u00edmetro digital profesional y fuerte. Funci\u00f3n de retenci\u00f3n de datos autom\u00e1tico para congelar la remata medida de la lectura. Pantalla LCD con retroiluminaci\u00f3n de f\u00e1cil lectura. Circuito para ahorrar bater\u00eda, desconexi\u00f3n autom\u00e1tica. Circuito del microordenador, alto desempe\u00f1o.  Fuente de nutrici\u00f3n : DC 1.5V bater\u00eda (UM-4, AAA) X 4 PCs. Funci\u00f3n de coche apagado para ahorrar bater\u00eda.","og_url":"https:\/\/abaa.mx\/tienda\/torquimetro-ratchet-drive-3-8-tq8803\/","og_site_name":"Abaa tienda online","article_modified_time":"2025-08-08T18:22:01+00:00","og_image":[{"width":504,"height":369,"url":"https:\/\/abaa.mx\/tienda\/wp-content\/uploads\/2023\/11\/LUTRON-TQ8803.jpg","type":"image\/jpeg"}],"twitter_card":"summary_large_image","twitter_misc":{"Tiempo de lectura":"1 minuto"},"schema":{"@context":"https:\/\/schema.org","@graph":[{"@type":"WebPage","@id":"https:\/\/abaa.mx\/tienda\/torquimetro-ratchet-drive-3-8-tq8803\/","url":"https:\/\/abaa.mx\/tienda\/torquimetro-ratchet-drive-3-8-tq8803\/","name":"Torquimetro Ratchet, Drive 3-8 - TQ8803 - Abaa tienda online","isPartOf":{"@id":"https:\/\/abaa.mx\/tienda\/#website"},"primaryImageOfPage":{"@id":"https:\/\/abaa.mx\/tienda\/torquimetro-ratchet-drive-3-8-tq8803\/#primaryimage"},"image":{"@id":"https:\/\/abaa.mx\/tienda\/torquimetro-ratchet-drive-3-8-tq8803\/#primaryimage"},"thumbnailUrl":"https:\/\/abaa.mx\/tienda\/wp-content\/uploads\/2023\/11\/LUTRON-TQ8803.jpg","datePublished":"2023-11-21T16:14:57+00:00","dateModified":"2025-08-08T18:22:01+00:00","breadcrumb":{"@id":"https:\/\/abaa.mx\/tienda\/torquimetro-ratchet-drive-3-8-tq8803\/#breadcrumb"},"inLanguage":"es","potentialAction":[{"@type":"ReadAction","target":["https:\/\/abaa.mx\/tienda\/torquimetro-ratchet-drive-3-8-tq8803\/"]}]},{"@type":"ImageObject","inLanguage":"es","@id":"https:\/\/abaa.mx\/tienda\/torquimetro-ratchet-drive-3-8-tq8803\/#primaryimage","url":"https:\/\/abaa.mx\/tienda\/wp-content\/uploads\/2023\/11\/LUTRON-TQ8803.jpg","contentUrl":"https:\/\/abaa.mx\/tienda\/wp-content\/uploads\/2023\/11\/LUTRON-TQ8803.jpg","width":504,"height":369,"caption":"LUTRON-TQ8803"},{"@type":"BreadcrumbList","@id":"https:\/\/abaa.mx\/tienda\/torquimetro-ratchet-drive-3-8-tq8803\/#breadcrumb","itemListElement":[{"@type":"ListItem","position":1,"name":"Inicio","item":"https:\/\/abaa.mx\/tienda\/"},{"@type":"ListItem","position":2,"name":"Tienda","item":"https:\/\/abaa.mx\/tienda\/"},{"@type":"ListItem","position":3,"name":"Torquimetro Ratchet, Drive 3-8 &#8211; TQ8803"}]},{"@type":"WebSite","@id":"https:\/\/abaa.mx\/tienda\/#website","url":"https:\/\/abaa.mx\/tienda\/","name":"Abaa tienda online","description":"Instrumentos de medici\u00f3n","publisher":{"@id":"https:\/\/abaa.mx\/tienda\/#organization"},"potentialAction":[{"@type":"SearchAction","target":{"@type":"EntryPoint","urlTemplate":"https:\/\/abaa.mx\/tienda\/?s={search_term_string}"},"query-input":{"@type":"PropertyValueSpecification","valueRequired":true,"valueName":"search_term_string"}}],"inLanguage":"es"},{"@type":"Organization","@id":"https:\/\/abaa.mx\/tienda\/#organization","name":"Abaa tienda online","url":"https:\/\/abaa.mx\/tienda\/","logo":{"@type":"ImageObject","inLanguage":"es","@id":"https:\/\/abaa.mx\/tienda\/#\/schema\/logo\/image\/","url":"https:\/\/abaa.mx\/tienda\/wp-content\/uploads\/2024\/01\/abaa-metrologia-tienda.png","contentUrl":"https:\/\/abaa.mx\/tienda\/wp-content\/uploads\/2024\/01\/abaa-metrologia-tienda.png","width":300,"height":141,"caption":"Abaa tienda online"},"image":{"@id":"https:\/\/abaa.mx\/tienda\/#\/schema\/logo\/image\/"}}]}},"_links":{"self":[{"href":"https:\/\/abaa.mx\/tienda\/wp-json\/wp\/v2\/product\/9092","targetHints":{"allow":["GET"]}}],"collection":[{"href":"https:\/\/abaa.mx\/tienda\/wp-json\/wp\/v2\/product"}],"about":[{"href":"https:\/\/abaa.mx\/tienda\/wp-json\/wp\/v2\/types\/product"}],"replies":[{"embeddable":true,"href":"https:\/\/abaa.mx\/tienda\/wp-json\/wp\/v2\/comments?post=9092"}],"wp:featuredmedia":[{"embeddable":true,"href":"https:\/\/abaa.mx\/tienda\/wp-json\/wp\/v2\/media\/9093"}],"wp:attachment":[{"href":"https:\/\/abaa.mx\/tienda\/wp-json\/wp\/v2\/media?parent=9092"}],"wp:term":[{"taxonomy":"product_brand","embeddable":true,"href":"https:\/\/abaa.mx\/tienda\/wp-json\/wp\/v2\/product_brand?post=9092"},{"taxonomy":"product_cat","embeddable":true,"href":"https:\/\/abaa.mx\/tienda\/wp-json\/wp\/v2\/product_cat?post=9092"},{"taxonomy":"product_tag","embeddable":true,"href":"https:\/\/abaa.mx\/tienda\/wp-json\/wp\/v2\/product_tag?post=9092"}],"curies":[{"name":"wp","href":"https:\/\/api.w.org\/{rel}","templated":true}]}}