{"id":9086,"date":"2023-11-21T15:59:56","date_gmt":"2023-11-21T15:59:56","guid":{"rendered":"https:\/\/abaa.mx\/tienda\/?post_type=product&#038;p=9086"},"modified":"2023-12-04T17:53:56","modified_gmt":"2023-12-04T17:53:56","slug":"torquimetro-palanca-15-n-m-drive-1-4-diw15","status":"publish","type":"product","link":"https:\/\/abaa.mx\/tienda\/torquimetro-palanca-15-n-m-drive-1-4-diw15\/","title":{"rendered":"Torquimetro Palanca 15 N-m, drive 1-4 &#8211; DIW15"},"content":{"rendered":"<p>Torquimetro Palanca 15 N-m, drive 1\/4 &#8211; DIW15.<\/p>\n","protected":false},"excerpt":{"rendered":"<p>Los torqu\u00edmetros digitales de palanca de la serie IM-DIW son de peso ligero pero cuentan con caracter\u00edsticas que los hacen muy resistentes. Se utilizan para la verificaci\u00f3n del ajuste de pernos y otros medios de sujeci\u00f3n disponibles. El cabezal del torqu\u00edmetro tiene una capacidad de giro de 300\u00ba y puede ser usado en espacios apretados. Con su sensor \u00fanico de torque central podr\u00e1 obtener lecturas consistentes sin importar en que lugar del brazo de palanca haya colocado su mano para operar el equipo. Cuentan con un drive de cuadro con medida de 1\/4&#8243; que puede acoplar dados de uso industrial disponibles comercialmente. Dispone de cuatro diferentes modos de medici\u00f3n. Puerto de salida de datos a PC puede usarse a tiempo real con dos velocidades de transferencia de datos 12 o 180 datos por segundo para an\u00e1lisis de torque. Almacene en memoria por pulsaci\u00f3n de bot\u00f3n de env\u00edo para llevar control estad\u00edstico de producci\u00f3n. Contador de operaciones programable que permite generar lotes de valores de torque cuando se eval\u00faan secuencias de ensamble. Almacena hasta 800 datos en la memoria interna. Software y cable USB para descarga de datos a PC son material opcional (consulta versiones disponibles, se venden por separado).<\/p>\n<p><strong>Aplicaciones:<\/strong> Verifique otras herramientas controladas por torque comparando el torque aplicado por la herramienta a un perno o sujetador viable contra el resultado en el torqu\u00edmetro. Realice pruebas de aflojamiento y de ruptura por cedencia. Su dise\u00f1o resistente dise\u00f1o suficientemente robusto para el trabajo en la l\u00ednea de producci\u00f3n. Realice pruebas de pasa\/no-pasa simplemente estableciendo los limites de su criterio de aceptaci\u00f3n. Salida continua de datos para control estad\u00edstico de procesos (SPC) v\u00eda USB con ayuda de software y cable USB (accesorios opcionales) los datos se registran y transfieren en tasas de 12 y hasta 180 datos por segundo.<\/p>\n","protected":false},"featured_media":9087,"comment_status":"open","ping_status":"closed","template":"","meta":{"_joinchat":[]},"product_brand":[],"product_cat":[136],"product_tag":[],"class_list":{"0":"post-9086","1":"product","2":"type-product","3":"status-publish","4":"has-post-thumbnail","6":"product_cat-torquimetro","8":"first","9":"instock","10":"shipping-taxable","11":"product-type-simple"},"yoast_head":"<!-- This site is optimized with the Yoast SEO plugin v26.4 - https:\/\/yoast.com\/wordpress\/plugins\/seo\/ -->\n<title>Torquimetro Palanca 15 N-m, drive 1-4 - DIW15 - Abaa tienda online<\/title>\n<meta name=\"robots\" content=\"index, follow, max-snippet:-1, max-image-preview:large, max-video-preview:-1\" \/>\n<link rel=\"canonical\" href=\"https:\/\/abaa.mx\/tienda\/torquimetro-palanca-15-n-m-drive-1-4-diw15\/\" \/>\n<meta property=\"og:locale\" content=\"es_MX\" \/>\n<meta property=\"og:type\" content=\"article\" \/>\n<meta property=\"og:title\" content=\"Torquimetro Palanca 15 N-m, drive 1-4 - DIW15 - Abaa tienda online\" \/>\n<meta property=\"og:description\" content=\"Los torqu\u00edmetros digitales de palanca de la serie IM-DIW son de peso ligero pero cuentan con caracter\u00edsticas que los hacen muy resistentes. Se utilizan para la verificaci\u00f3n del ajuste de pernos y otros medios de sujeci\u00f3n disponibles. El cabezal del torqu\u00edmetro tiene una capacidad de giro de 300\u00ba y puede ser usado en espacios apretados. Con su sensor \u00fanico de torque central podr\u00e1 obtener lecturas consistentes sin importar en que lugar del brazo de palanca haya colocado su mano para operar el equipo. Cuentan con un drive de cuadro con medida de 1\/4&quot; que puede acoplar dados de uso industrial disponibles comercialmente. Dispone de cuatro diferentes modos de medici\u00f3n. Puerto de salida de datos a PC puede usarse a tiempo real con dos velocidades de transferencia de datos 12 o 180 datos por segundo para an\u00e1lisis de torque. Almacene en memoria por pulsaci\u00f3n de bot\u00f3n de env\u00edo para llevar control estad\u00edstico de producci\u00f3n. Contador de operaciones programable que permite generar lotes de valores de torque cuando se eval\u00faan secuencias de ensamble. Almacena hasta 800 datos en la memoria interna. Software y cable USB para descarga de datos a PC son material opcional (consulta versiones disponibles, se venden por separado).  Aplicaciones: Verifique otras herramientas controladas por torque comparando el torque aplicado por la herramienta a un perno o sujetador viable contra el resultado en el torqu\u00edmetro. Realice pruebas de aflojamiento y de ruptura por cedencia. Su dise\u00f1o resistente dise\u00f1o suficientemente robusto para el trabajo en la l\u00ednea de producci\u00f3n. Realice pruebas de pasa\/no-pasa simplemente estableciendo los limites de su criterio de aceptaci\u00f3n. Salida continua de datos para control estad\u00edstico de procesos (SPC) v\u00eda USB con ayuda de software y cable USB (accesorios opcionales) los datos se registran y transfieren en tasas de 12 y hasta 180 datos por segundo.\" \/>\n<meta property=\"og:url\" content=\"https:\/\/abaa.mx\/tienda\/torquimetro-palanca-15-n-m-drive-1-4-diw15\/\" \/>\n<meta property=\"og:site_name\" content=\"Abaa tienda online\" \/>\n<meta property=\"article:modified_time\" content=\"2023-12-04T17:53:56+00:00\" \/>\n<meta property=\"og:image\" content=\"https:\/\/abaa.mx\/tienda\/wp-content\/uploads\/2023\/11\/IMADA-DIW15.jpg\" \/>\n\t<meta property=\"og:image:width\" content=\"475\" \/>\n\t<meta property=\"og:image:height\" content=\"279\" \/>\n\t<meta property=\"og:image:type\" content=\"image\/jpeg\" \/>\n<meta name=\"twitter:card\" content=\"summary_large_image\" \/>\n<meta name=\"twitter:label1\" content=\"Tiempo de lectura\" \/>\n\t<meta name=\"twitter:data1\" content=\"1 minuto\" \/>\n<script type=\"application\/ld+json\" class=\"yoast-schema-graph\">{\"@context\":\"https:\/\/schema.org\",\"@graph\":[{\"@type\":\"WebPage\",\"@id\":\"https:\/\/abaa.mx\/tienda\/torquimetro-palanca-15-n-m-drive-1-4-diw15\/\",\"url\":\"https:\/\/abaa.mx\/tienda\/torquimetro-palanca-15-n-m-drive-1-4-diw15\/\",\"name\":\"Torquimetro Palanca 15 N-m, drive 1-4 - DIW15 - Abaa tienda online\",\"isPartOf\":{\"@id\":\"https:\/\/abaa.mx\/tienda\/#website\"},\"primaryImageOfPage\":{\"@id\":\"https:\/\/abaa.mx\/tienda\/torquimetro-palanca-15-n-m-drive-1-4-diw15\/#primaryimage\"},\"image\":{\"@id\":\"https:\/\/abaa.mx\/tienda\/torquimetro-palanca-15-n-m-drive-1-4-diw15\/#primaryimage\"},\"thumbnailUrl\":\"https:\/\/abaa.mx\/tienda\/wp-content\/uploads\/2023\/11\/IMADA-DIW15.jpg\",\"datePublished\":\"2023-11-21T15:59:56+00:00\",\"dateModified\":\"2023-12-04T17:53:56+00:00\",\"breadcrumb\":{\"@id\":\"https:\/\/abaa.mx\/tienda\/torquimetro-palanca-15-n-m-drive-1-4-diw15\/#breadcrumb\"},\"inLanguage\":\"es\",\"potentialAction\":[{\"@type\":\"ReadAction\",\"target\":[\"https:\/\/abaa.mx\/tienda\/torquimetro-palanca-15-n-m-drive-1-4-diw15\/\"]}]},{\"@type\":\"ImageObject\",\"inLanguage\":\"es\",\"@id\":\"https:\/\/abaa.mx\/tienda\/torquimetro-palanca-15-n-m-drive-1-4-diw15\/#primaryimage\",\"url\":\"https:\/\/abaa.mx\/tienda\/wp-content\/uploads\/2023\/11\/IMADA-DIW15.jpg\",\"contentUrl\":\"https:\/\/abaa.mx\/tienda\/wp-content\/uploads\/2023\/11\/IMADA-DIW15.jpg\",\"width\":475,\"height\":279,\"caption\":\"IMADA-DIW15\"},{\"@type\":\"BreadcrumbList\",\"@id\":\"https:\/\/abaa.mx\/tienda\/torquimetro-palanca-15-n-m-drive-1-4-diw15\/#breadcrumb\",\"itemListElement\":[{\"@type\":\"ListItem\",\"position\":1,\"name\":\"Inicio\",\"item\":\"https:\/\/abaa.mx\/tienda\/\"},{\"@type\":\"ListItem\",\"position\":2,\"name\":\"Tienda\",\"item\":\"https:\/\/abaa.mx\/tienda\/\"},{\"@type\":\"ListItem\",\"position\":3,\"name\":\"Torquimetro Palanca 15 N-m, drive 1-4 &#8211; DIW15\"}]},{\"@type\":\"WebSite\",\"@id\":\"https:\/\/abaa.mx\/tienda\/#website\",\"url\":\"https:\/\/abaa.mx\/tienda\/\",\"name\":\"Abaa tienda online\",\"description\":\"Instrumentos de medici\u00f3n\",\"publisher\":{\"@id\":\"https:\/\/abaa.mx\/tienda\/#organization\"},\"potentialAction\":[{\"@type\":\"SearchAction\",\"target\":{\"@type\":\"EntryPoint\",\"urlTemplate\":\"https:\/\/abaa.mx\/tienda\/?s={search_term_string}\"},\"query-input\":{\"@type\":\"PropertyValueSpecification\",\"valueRequired\":true,\"valueName\":\"search_term_string\"}}],\"inLanguage\":\"es\"},{\"@type\":\"Organization\",\"@id\":\"https:\/\/abaa.mx\/tienda\/#organization\",\"name\":\"Abaa tienda online\",\"url\":\"https:\/\/abaa.mx\/tienda\/\",\"logo\":{\"@type\":\"ImageObject\",\"inLanguage\":\"es\",\"@id\":\"https:\/\/abaa.mx\/tienda\/#\/schema\/logo\/image\/\",\"url\":\"https:\/\/abaa.mx\/tienda\/wp-content\/uploads\/2024\/01\/abaa-metrologia-tienda.png\",\"contentUrl\":\"https:\/\/abaa.mx\/tienda\/wp-content\/uploads\/2024\/01\/abaa-metrologia-tienda.png\",\"width\":300,\"height\":141,\"caption\":\"Abaa tienda online\"},\"image\":{\"@id\":\"https:\/\/abaa.mx\/tienda\/#\/schema\/logo\/image\/\"}}]}<\/script>\n<!-- \/ Yoast SEO plugin. -->","yoast_head_json":{"title":"Torquimetro Palanca 15 N-m, drive 1-4 - DIW15 - Abaa tienda online","robots":{"index":"index","follow":"follow","max-snippet":"max-snippet:-1","max-image-preview":"max-image-preview:large","max-video-preview":"max-video-preview:-1"},"canonical":"https:\/\/abaa.mx\/tienda\/torquimetro-palanca-15-n-m-drive-1-4-diw15\/","og_locale":"es_MX","og_type":"article","og_title":"Torquimetro Palanca 15 N-m, drive 1-4 - DIW15 - Abaa tienda online","og_description":"Los torqu\u00edmetros digitales de palanca de la serie IM-DIW son de peso ligero pero cuentan con caracter\u00edsticas que los hacen muy resistentes. Se utilizan para la verificaci\u00f3n del ajuste de pernos y otros medios de sujeci\u00f3n disponibles. El cabezal del torqu\u00edmetro tiene una capacidad de giro de 300\u00ba y puede ser usado en espacios apretados. Con su sensor \u00fanico de torque central podr\u00e1 obtener lecturas consistentes sin importar en que lugar del brazo de palanca haya colocado su mano para operar el equipo. Cuentan con un drive de cuadro con medida de 1\/4\" que puede acoplar dados de uso industrial disponibles comercialmente. Dispone de cuatro diferentes modos de medici\u00f3n. Puerto de salida de datos a PC puede usarse a tiempo real con dos velocidades de transferencia de datos 12 o 180 datos por segundo para an\u00e1lisis de torque. Almacene en memoria por pulsaci\u00f3n de bot\u00f3n de env\u00edo para llevar control estad\u00edstico de producci\u00f3n. Contador de operaciones programable que permite generar lotes de valores de torque cuando se eval\u00faan secuencias de ensamble. Almacena hasta 800 datos en la memoria interna. Software y cable USB para descarga de datos a PC son material opcional (consulta versiones disponibles, se venden por separado).  Aplicaciones: Verifique otras herramientas controladas por torque comparando el torque aplicado por la herramienta a un perno o sujetador viable contra el resultado en el torqu\u00edmetro. Realice pruebas de aflojamiento y de ruptura por cedencia. Su dise\u00f1o resistente dise\u00f1o suficientemente robusto para el trabajo en la l\u00ednea de producci\u00f3n. Realice pruebas de pasa\/no-pasa simplemente estableciendo los limites de su criterio de aceptaci\u00f3n. Salida continua de datos para control estad\u00edstico de procesos (SPC) v\u00eda USB con ayuda de software y cable USB (accesorios opcionales) los datos se registran y transfieren en tasas de 12 y hasta 180 datos por segundo.","og_url":"https:\/\/abaa.mx\/tienda\/torquimetro-palanca-15-n-m-drive-1-4-diw15\/","og_site_name":"Abaa tienda online","article_modified_time":"2023-12-04T17:53:56+00:00","og_image":[{"width":475,"height":279,"url":"https:\/\/abaa.mx\/tienda\/wp-content\/uploads\/2023\/11\/IMADA-DIW15.jpg","type":"image\/jpeg"}],"twitter_card":"summary_large_image","twitter_misc":{"Tiempo de lectura":"1 minuto"},"schema":{"@context":"https:\/\/schema.org","@graph":[{"@type":"WebPage","@id":"https:\/\/abaa.mx\/tienda\/torquimetro-palanca-15-n-m-drive-1-4-diw15\/","url":"https:\/\/abaa.mx\/tienda\/torquimetro-palanca-15-n-m-drive-1-4-diw15\/","name":"Torquimetro Palanca 15 N-m, drive 1-4 - DIW15 - Abaa tienda online","isPartOf":{"@id":"https:\/\/abaa.mx\/tienda\/#website"},"primaryImageOfPage":{"@id":"https:\/\/abaa.mx\/tienda\/torquimetro-palanca-15-n-m-drive-1-4-diw15\/#primaryimage"},"image":{"@id":"https:\/\/abaa.mx\/tienda\/torquimetro-palanca-15-n-m-drive-1-4-diw15\/#primaryimage"},"thumbnailUrl":"https:\/\/abaa.mx\/tienda\/wp-content\/uploads\/2023\/11\/IMADA-DIW15.jpg","datePublished":"2023-11-21T15:59:56+00:00","dateModified":"2023-12-04T17:53:56+00:00","breadcrumb":{"@id":"https:\/\/abaa.mx\/tienda\/torquimetro-palanca-15-n-m-drive-1-4-diw15\/#breadcrumb"},"inLanguage":"es","potentialAction":[{"@type":"ReadAction","target":["https:\/\/abaa.mx\/tienda\/torquimetro-palanca-15-n-m-drive-1-4-diw15\/"]}]},{"@type":"ImageObject","inLanguage":"es","@id":"https:\/\/abaa.mx\/tienda\/torquimetro-palanca-15-n-m-drive-1-4-diw15\/#primaryimage","url":"https:\/\/abaa.mx\/tienda\/wp-content\/uploads\/2023\/11\/IMADA-DIW15.jpg","contentUrl":"https:\/\/abaa.mx\/tienda\/wp-content\/uploads\/2023\/11\/IMADA-DIW15.jpg","width":475,"height":279,"caption":"IMADA-DIW15"},{"@type":"BreadcrumbList","@id":"https:\/\/abaa.mx\/tienda\/torquimetro-palanca-15-n-m-drive-1-4-diw15\/#breadcrumb","itemListElement":[{"@type":"ListItem","position":1,"name":"Inicio","item":"https:\/\/abaa.mx\/tienda\/"},{"@type":"ListItem","position":2,"name":"Tienda","item":"https:\/\/abaa.mx\/tienda\/"},{"@type":"ListItem","position":3,"name":"Torquimetro Palanca 15 N-m, drive 1-4 &#8211; DIW15"}]},{"@type":"WebSite","@id":"https:\/\/abaa.mx\/tienda\/#website","url":"https:\/\/abaa.mx\/tienda\/","name":"Abaa tienda online","description":"Instrumentos de medici\u00f3n","publisher":{"@id":"https:\/\/abaa.mx\/tienda\/#organization"},"potentialAction":[{"@type":"SearchAction","target":{"@type":"EntryPoint","urlTemplate":"https:\/\/abaa.mx\/tienda\/?s={search_term_string}"},"query-input":{"@type":"PropertyValueSpecification","valueRequired":true,"valueName":"search_term_string"}}],"inLanguage":"es"},{"@type":"Organization","@id":"https:\/\/abaa.mx\/tienda\/#organization","name":"Abaa tienda online","url":"https:\/\/abaa.mx\/tienda\/","logo":{"@type":"ImageObject","inLanguage":"es","@id":"https:\/\/abaa.mx\/tienda\/#\/schema\/logo\/image\/","url":"https:\/\/abaa.mx\/tienda\/wp-content\/uploads\/2024\/01\/abaa-metrologia-tienda.png","contentUrl":"https:\/\/abaa.mx\/tienda\/wp-content\/uploads\/2024\/01\/abaa-metrologia-tienda.png","width":300,"height":141,"caption":"Abaa tienda online"},"image":{"@id":"https:\/\/abaa.mx\/tienda\/#\/schema\/logo\/image\/"}}]}},"_links":{"self":[{"href":"https:\/\/abaa.mx\/tienda\/wp-json\/wp\/v2\/product\/9086","targetHints":{"allow":["GET"]}}],"collection":[{"href":"https:\/\/abaa.mx\/tienda\/wp-json\/wp\/v2\/product"}],"about":[{"href":"https:\/\/abaa.mx\/tienda\/wp-json\/wp\/v2\/types\/product"}],"replies":[{"embeddable":true,"href":"https:\/\/abaa.mx\/tienda\/wp-json\/wp\/v2\/comments?post=9086"}],"wp:featuredmedia":[{"embeddable":true,"href":"https:\/\/abaa.mx\/tienda\/wp-json\/wp\/v2\/media\/9087"}],"wp:attachment":[{"href":"https:\/\/abaa.mx\/tienda\/wp-json\/wp\/v2\/media?parent=9086"}],"wp:term":[{"taxonomy":"product_brand","embeddable":true,"href":"https:\/\/abaa.mx\/tienda\/wp-json\/wp\/v2\/product_brand?post=9086"},{"taxonomy":"product_cat","embeddable":true,"href":"https:\/\/abaa.mx\/tienda\/wp-json\/wp\/v2\/product_cat?post=9086"},{"taxonomy":"product_tag","embeddable":true,"href":"https:\/\/abaa.mx\/tienda\/wp-json\/wp\/v2\/product_tag?post=9086"}],"curies":[{"name":"wp","href":"https:\/\/api.w.org\/{rel}","templated":true}]}}