{"id":9081,"date":"2023-11-21T15:51:59","date_gmt":"2023-11-21T15:51:59","guid":{"rendered":"https:\/\/abaa.mx\/tienda\/?post_type=product&#038;p=9081"},"modified":"2023-11-21T15:52:00","modified_gmt":"2023-11-21T15:52:00","slug":"torquimetro-celda-externa-40-lbf-in-htgs40","status":"publish","type":"product","link":"https:\/\/abaa.mx\/tienda\/torquimetro-celda-externa-40-lbf-in-htgs40\/","title":{"rendered":"Torqu\u00edmetro Celda Externa 40 lbf-in &#8211; HTGS40"},"content":{"rendered":"<p>Torqu\u00edmetro Celda Externa 40 lbf-in &#8211; HTGS40.<\/p>\n","protected":false},"excerpt":{"rendered":"<p><b>Caracter\u00edsticas est\u00e1ndar:<\/b><\/p>\n<ul>\n<li>Memoria de datos para la descarga del ordenador.<\/li>\n<li>Tiempo real y modo pico (seleccionable).<\/li>\n<li>Capacidad de sobrecarga 200% de F.S.<\/li>\n<li>Punto de consigna alto \/ bajo programable con indicadores LED con c\u00f3digo de colores y se\u00f1al de salida para la prueba r\u00e1pida de ir \/ no ir.<\/li>\n<li>Dise\u00f1o ergon\u00f3mico con empu\u00f1adura de goma antideslizante, construcci\u00f3n de metal resistente.<\/li>\n<li>5mm Jacobs Chuck (4mm para HTG2-4) (Chuck de 13mm disponible).<\/li>\n<li>Indicador de sobrecarga y se\u00f1al de salida.<\/li>\n<li>Indicador de bater\u00eda baja.<\/li>\n<li>Las unidades de lbf-in, kgf-cm y N-cm son seleccionables.<\/li>\n<li>Funciona con pilas internas de Ni-MH o adaptador de CA.<\/li>\n<li>Tanto en sentido horario como antihorario.<\/li>\n<li>RS-232C, salidas digitales y anal\u00f3gicas.<\/li>\n<\/ul>\n<p><b>Especificaciones T\u00e9cnicas:<\/b><\/p>\n<ul>\n<li>Salidas:USB (puerto COM virtual), RS-232C, Digitamatic y salida anal\u00f3gica \u00b1 2 VDC.<\/li>\n<li>Indicador de bater\u00eda:Indica tres estados de carga altos, medios y bajos.<\/li>\n<li>Capacidad de Sobrecarga:200% de F.S. (El indicador de sobrecarga parpadea m\u00e1s all\u00e1 del 110% de F.S.).<\/li>\n<li>Unidades Seleccionables:lbf-in, ozf-in, N-m, N-cm, kgf-m, kgf-cm.<\/li>\n<li>Precisi\u00f3n: \u00b10.5% F.S. \u00b11 LSD.<\/li>\n<li>Temperatura de funcionamiento:32\u00b0 a 100\u00b0F (0\u00b0 a 40\u00b0C).<\/li>\n<li>Memoria:No vol\u00e1til, recuperar hasta 1.000 datos.<\/li>\n<li>Poder:Bater\u00eda Ni-MH recargable o adaptador de CA.<\/li>\n<li>Puntos de ajuste:Puntos de consigna alta \/ baja programables con LED codificados por color y se\u00f1al de salida.<\/li>\n<li>Exactitud:\u00b10.5% F.S. \u00b11 LSD.<\/li>\n<\/ul>\n","protected":false},"featured_media":9082,"comment_status":"open","ping_status":"closed","template":"","meta":{"_joinchat":[]},"product_brand":[],"product_cat":[136],"product_tag":[],"class_list":{"0":"post-9081","1":"product","2":"type-product","3":"status-publish","4":"has-post-thumbnail","6":"product_cat-torquimetro","8":"first","9":"instock","10":"shipping-taxable","11":"product-type-simple"},"yoast_head":"<!-- This site is optimized with the Yoast SEO plugin v26.4 - https:\/\/yoast.com\/wordpress\/plugins\/seo\/ -->\n<title>Torqu\u00edmetro Celda Externa 40 lbf-in - HTGS40 - Abaa tienda online<\/title>\n<meta name=\"robots\" content=\"index, follow, max-snippet:-1, max-image-preview:large, max-video-preview:-1\" \/>\n<link rel=\"canonical\" href=\"https:\/\/abaa.mx\/tienda\/torquimetro-celda-externa-40-lbf-in-htgs40\/\" \/>\n<meta property=\"og:locale\" content=\"es_MX\" \/>\n<meta property=\"og:type\" content=\"article\" \/>\n<meta property=\"og:title\" content=\"Torqu\u00edmetro Celda Externa 40 lbf-in - HTGS40 - Abaa tienda online\" \/>\n<meta property=\"og:description\" content=\"Caracter\u00edsticas est\u00e1ndar:   Memoria de datos para la descarga del ordenador.  Tiempo real y modo pico (seleccionable).  Capacidad de sobrecarga 200% de F.S.  Punto de consigna alto \/ bajo programable con indicadores LED con c\u00f3digo de colores y se\u00f1al de salida para la prueba r\u00e1pida de ir \/ no ir.  Dise\u00f1o ergon\u00f3mico con empu\u00f1adura de goma antideslizante, construcci\u00f3n de metal resistente.  5mm Jacobs Chuck (4mm para HTG2-4) (Chuck de 13mm disponible).  Indicador de sobrecarga y se\u00f1al de salida.  Indicador de bater\u00eda baja.  Las unidades de lbf-in, kgf-cm y N-cm son seleccionables.  Funciona con pilas internas de Ni-MH o adaptador de CA.  Tanto en sentido horario como antihorario.  RS-232C, salidas digitales y anal\u00f3gicas.  Especificaciones T\u00e9cnicas:   Salidas:USB (puerto COM virtual), RS-232C, Digitamatic y salida anal\u00f3gica \u00b1 2 VDC.  Indicador de bater\u00eda:Indica tres estados de carga altos, medios y bajos.  Capacidad de Sobrecarga:200% de F.S. (El indicador de sobrecarga parpadea m\u00e1s all\u00e1 del 110% de F.S.).  Unidades Seleccionables:lbf-in, ozf-in, N-m, N-cm, kgf-m, kgf-cm.  Precisi\u00f3n: \u00b10.5% F.S. \u00b11 LSD.  Temperatura de funcionamiento:32\u00b0 a 100\u00b0F (0\u00b0 a 40\u00b0C).  Memoria:No vol\u00e1til, recuperar hasta 1.000 datos.  Poder:Bater\u00eda Ni-MH recargable o adaptador de CA.  Puntos de ajuste:Puntos de consigna alta \/ baja programables con LED codificados por color y se\u00f1al de salida.  Exactitud:\u00b10.5% F.S. \u00b11 LSD.\" \/>\n<meta property=\"og:url\" content=\"https:\/\/abaa.mx\/tienda\/torquimetro-celda-externa-40-lbf-in-htgs40\/\" \/>\n<meta property=\"og:site_name\" content=\"Abaa tienda online\" \/>\n<meta property=\"article:modified_time\" content=\"2023-11-21T15:52:00+00:00\" \/>\n<meta property=\"og:image\" content=\"https:\/\/abaa.mx\/tienda\/wp-content\/uploads\/2023\/11\/IMADA-HTGS40.jpg\" \/>\n\t<meta property=\"og:image:width\" content=\"336\" \/>\n\t<meta property=\"og:image:height\" content=\"507\" \/>\n\t<meta property=\"og:image:type\" content=\"image\/jpeg\" \/>\n<meta name=\"twitter:card\" content=\"summary_large_image\" \/>\n<meta name=\"twitter:label1\" content=\"Tiempo de lectura\" \/>\n\t<meta name=\"twitter:data1\" content=\"1 minuto\" \/>\n<script type=\"application\/ld+json\" class=\"yoast-schema-graph\">{\"@context\":\"https:\/\/schema.org\",\"@graph\":[{\"@type\":\"WebPage\",\"@id\":\"https:\/\/abaa.mx\/tienda\/torquimetro-celda-externa-40-lbf-in-htgs40\/\",\"url\":\"https:\/\/abaa.mx\/tienda\/torquimetro-celda-externa-40-lbf-in-htgs40\/\",\"name\":\"Torqu\u00edmetro Celda Externa 40 lbf-in - HTGS40 - Abaa tienda online\",\"isPartOf\":{\"@id\":\"https:\/\/abaa.mx\/tienda\/#website\"},\"primaryImageOfPage\":{\"@id\":\"https:\/\/abaa.mx\/tienda\/torquimetro-celda-externa-40-lbf-in-htgs40\/#primaryimage\"},\"image\":{\"@id\":\"https:\/\/abaa.mx\/tienda\/torquimetro-celda-externa-40-lbf-in-htgs40\/#primaryimage\"},\"thumbnailUrl\":\"https:\/\/abaa.mx\/tienda\/wp-content\/uploads\/2023\/11\/IMADA-HTGS40.jpg\",\"datePublished\":\"2023-11-21T15:51:59+00:00\",\"dateModified\":\"2023-11-21T15:52:00+00:00\",\"breadcrumb\":{\"@id\":\"https:\/\/abaa.mx\/tienda\/torquimetro-celda-externa-40-lbf-in-htgs40\/#breadcrumb\"},\"inLanguage\":\"es\",\"potentialAction\":[{\"@type\":\"ReadAction\",\"target\":[\"https:\/\/abaa.mx\/tienda\/torquimetro-celda-externa-40-lbf-in-htgs40\/\"]}]},{\"@type\":\"ImageObject\",\"inLanguage\":\"es\",\"@id\":\"https:\/\/abaa.mx\/tienda\/torquimetro-celda-externa-40-lbf-in-htgs40\/#primaryimage\",\"url\":\"https:\/\/abaa.mx\/tienda\/wp-content\/uploads\/2023\/11\/IMADA-HTGS40.jpg\",\"contentUrl\":\"https:\/\/abaa.mx\/tienda\/wp-content\/uploads\/2023\/11\/IMADA-HTGS40.jpg\",\"width\":336,\"height\":507,\"caption\":\"IMADA-HTGS40\"},{\"@type\":\"BreadcrumbList\",\"@id\":\"https:\/\/abaa.mx\/tienda\/torquimetro-celda-externa-40-lbf-in-htgs40\/#breadcrumb\",\"itemListElement\":[{\"@type\":\"ListItem\",\"position\":1,\"name\":\"Inicio\",\"item\":\"https:\/\/abaa.mx\/tienda\/\"},{\"@type\":\"ListItem\",\"position\":2,\"name\":\"Tienda\",\"item\":\"https:\/\/abaa.mx\/tienda\/\"},{\"@type\":\"ListItem\",\"position\":3,\"name\":\"Torqu\u00edmetro Celda Externa 40 lbf-in &#8211; HTGS40\"}]},{\"@type\":\"WebSite\",\"@id\":\"https:\/\/abaa.mx\/tienda\/#website\",\"url\":\"https:\/\/abaa.mx\/tienda\/\",\"name\":\"Abaa tienda online\",\"description\":\"Instrumentos de medici\u00f3n\",\"publisher\":{\"@id\":\"https:\/\/abaa.mx\/tienda\/#organization\"},\"potentialAction\":[{\"@type\":\"SearchAction\",\"target\":{\"@type\":\"EntryPoint\",\"urlTemplate\":\"https:\/\/abaa.mx\/tienda\/?s={search_term_string}\"},\"query-input\":{\"@type\":\"PropertyValueSpecification\",\"valueRequired\":true,\"valueName\":\"search_term_string\"}}],\"inLanguage\":\"es\"},{\"@type\":\"Organization\",\"@id\":\"https:\/\/abaa.mx\/tienda\/#organization\",\"name\":\"Abaa tienda online\",\"url\":\"https:\/\/abaa.mx\/tienda\/\",\"logo\":{\"@type\":\"ImageObject\",\"inLanguage\":\"es\",\"@id\":\"https:\/\/abaa.mx\/tienda\/#\/schema\/logo\/image\/\",\"url\":\"https:\/\/abaa.mx\/tienda\/wp-content\/uploads\/2024\/01\/abaa-metrologia-tienda.png\",\"contentUrl\":\"https:\/\/abaa.mx\/tienda\/wp-content\/uploads\/2024\/01\/abaa-metrologia-tienda.png\",\"width\":300,\"height\":141,\"caption\":\"Abaa tienda online\"},\"image\":{\"@id\":\"https:\/\/abaa.mx\/tienda\/#\/schema\/logo\/image\/\"}}]}<\/script>\n<!-- \/ Yoast SEO plugin. -->","yoast_head_json":{"title":"Torqu\u00edmetro Celda Externa 40 lbf-in - HTGS40 - Abaa tienda online","robots":{"index":"index","follow":"follow","max-snippet":"max-snippet:-1","max-image-preview":"max-image-preview:large","max-video-preview":"max-video-preview:-1"},"canonical":"https:\/\/abaa.mx\/tienda\/torquimetro-celda-externa-40-lbf-in-htgs40\/","og_locale":"es_MX","og_type":"article","og_title":"Torqu\u00edmetro Celda Externa 40 lbf-in - HTGS40 - Abaa tienda online","og_description":"Caracter\u00edsticas est\u00e1ndar:   Memoria de datos para la descarga del ordenador.  Tiempo real y modo pico (seleccionable).  Capacidad de sobrecarga 200% de F.S.  Punto de consigna alto \/ bajo programable con indicadores LED con c\u00f3digo de colores y se\u00f1al de salida para la prueba r\u00e1pida de ir \/ no ir.  Dise\u00f1o ergon\u00f3mico con empu\u00f1adura de goma antideslizante, construcci\u00f3n de metal resistente.  5mm Jacobs Chuck (4mm para HTG2-4) (Chuck de 13mm disponible).  Indicador de sobrecarga y se\u00f1al de salida.  Indicador de bater\u00eda baja.  Las unidades de lbf-in, kgf-cm y N-cm son seleccionables.  Funciona con pilas internas de Ni-MH o adaptador de CA.  Tanto en sentido horario como antihorario.  RS-232C, salidas digitales y anal\u00f3gicas.  Especificaciones T\u00e9cnicas:   Salidas:USB (puerto COM virtual), RS-232C, Digitamatic y salida anal\u00f3gica \u00b1 2 VDC.  Indicador de bater\u00eda:Indica tres estados de carga altos, medios y bajos.  Capacidad de Sobrecarga:200% de F.S. (El indicador de sobrecarga parpadea m\u00e1s all\u00e1 del 110% de F.S.).  Unidades Seleccionables:lbf-in, ozf-in, N-m, N-cm, kgf-m, kgf-cm.  Precisi\u00f3n: \u00b10.5% F.S. \u00b11 LSD.  Temperatura de funcionamiento:32\u00b0 a 100\u00b0F (0\u00b0 a 40\u00b0C).  Memoria:No vol\u00e1til, recuperar hasta 1.000 datos.  Poder:Bater\u00eda Ni-MH recargable o adaptador de CA.  Puntos de ajuste:Puntos de consigna alta \/ baja programables con LED codificados por color y se\u00f1al de salida.  Exactitud:\u00b10.5% F.S. \u00b11 LSD.","og_url":"https:\/\/abaa.mx\/tienda\/torquimetro-celda-externa-40-lbf-in-htgs40\/","og_site_name":"Abaa tienda online","article_modified_time":"2023-11-21T15:52:00+00:00","og_image":[{"width":336,"height":507,"url":"https:\/\/abaa.mx\/tienda\/wp-content\/uploads\/2023\/11\/IMADA-HTGS40.jpg","type":"image\/jpeg"}],"twitter_card":"summary_large_image","twitter_misc":{"Tiempo de lectura":"1 minuto"},"schema":{"@context":"https:\/\/schema.org","@graph":[{"@type":"WebPage","@id":"https:\/\/abaa.mx\/tienda\/torquimetro-celda-externa-40-lbf-in-htgs40\/","url":"https:\/\/abaa.mx\/tienda\/torquimetro-celda-externa-40-lbf-in-htgs40\/","name":"Torqu\u00edmetro Celda Externa 40 lbf-in - HTGS40 - Abaa tienda online","isPartOf":{"@id":"https:\/\/abaa.mx\/tienda\/#website"},"primaryImageOfPage":{"@id":"https:\/\/abaa.mx\/tienda\/torquimetro-celda-externa-40-lbf-in-htgs40\/#primaryimage"},"image":{"@id":"https:\/\/abaa.mx\/tienda\/torquimetro-celda-externa-40-lbf-in-htgs40\/#primaryimage"},"thumbnailUrl":"https:\/\/abaa.mx\/tienda\/wp-content\/uploads\/2023\/11\/IMADA-HTGS40.jpg","datePublished":"2023-11-21T15:51:59+00:00","dateModified":"2023-11-21T15:52:00+00:00","breadcrumb":{"@id":"https:\/\/abaa.mx\/tienda\/torquimetro-celda-externa-40-lbf-in-htgs40\/#breadcrumb"},"inLanguage":"es","potentialAction":[{"@type":"ReadAction","target":["https:\/\/abaa.mx\/tienda\/torquimetro-celda-externa-40-lbf-in-htgs40\/"]}]},{"@type":"ImageObject","inLanguage":"es","@id":"https:\/\/abaa.mx\/tienda\/torquimetro-celda-externa-40-lbf-in-htgs40\/#primaryimage","url":"https:\/\/abaa.mx\/tienda\/wp-content\/uploads\/2023\/11\/IMADA-HTGS40.jpg","contentUrl":"https:\/\/abaa.mx\/tienda\/wp-content\/uploads\/2023\/11\/IMADA-HTGS40.jpg","width":336,"height":507,"caption":"IMADA-HTGS40"},{"@type":"BreadcrumbList","@id":"https:\/\/abaa.mx\/tienda\/torquimetro-celda-externa-40-lbf-in-htgs40\/#breadcrumb","itemListElement":[{"@type":"ListItem","position":1,"name":"Inicio","item":"https:\/\/abaa.mx\/tienda\/"},{"@type":"ListItem","position":2,"name":"Tienda","item":"https:\/\/abaa.mx\/tienda\/"},{"@type":"ListItem","position":3,"name":"Torqu\u00edmetro Celda Externa 40 lbf-in &#8211; HTGS40"}]},{"@type":"WebSite","@id":"https:\/\/abaa.mx\/tienda\/#website","url":"https:\/\/abaa.mx\/tienda\/","name":"Abaa tienda online","description":"Instrumentos de medici\u00f3n","publisher":{"@id":"https:\/\/abaa.mx\/tienda\/#organization"},"potentialAction":[{"@type":"SearchAction","target":{"@type":"EntryPoint","urlTemplate":"https:\/\/abaa.mx\/tienda\/?s={search_term_string}"},"query-input":{"@type":"PropertyValueSpecification","valueRequired":true,"valueName":"search_term_string"}}],"inLanguage":"es"},{"@type":"Organization","@id":"https:\/\/abaa.mx\/tienda\/#organization","name":"Abaa tienda online","url":"https:\/\/abaa.mx\/tienda\/","logo":{"@type":"ImageObject","inLanguage":"es","@id":"https:\/\/abaa.mx\/tienda\/#\/schema\/logo\/image\/","url":"https:\/\/abaa.mx\/tienda\/wp-content\/uploads\/2024\/01\/abaa-metrologia-tienda.png","contentUrl":"https:\/\/abaa.mx\/tienda\/wp-content\/uploads\/2024\/01\/abaa-metrologia-tienda.png","width":300,"height":141,"caption":"Abaa tienda online"},"image":{"@id":"https:\/\/abaa.mx\/tienda\/#\/schema\/logo\/image\/"}}]}},"_links":{"self":[{"href":"https:\/\/abaa.mx\/tienda\/wp-json\/wp\/v2\/product\/9081","targetHints":{"allow":["GET"]}}],"collection":[{"href":"https:\/\/abaa.mx\/tienda\/wp-json\/wp\/v2\/product"}],"about":[{"href":"https:\/\/abaa.mx\/tienda\/wp-json\/wp\/v2\/types\/product"}],"replies":[{"embeddable":true,"href":"https:\/\/abaa.mx\/tienda\/wp-json\/wp\/v2\/comments?post=9081"}],"wp:featuredmedia":[{"embeddable":true,"href":"https:\/\/abaa.mx\/tienda\/wp-json\/wp\/v2\/media\/9082"}],"wp:attachment":[{"href":"https:\/\/abaa.mx\/tienda\/wp-json\/wp\/v2\/media?parent=9081"}],"wp:term":[{"taxonomy":"product_brand","embeddable":true,"href":"https:\/\/abaa.mx\/tienda\/wp-json\/wp\/v2\/product_brand?post=9081"},{"taxonomy":"product_cat","embeddable":true,"href":"https:\/\/abaa.mx\/tienda\/wp-json\/wp\/v2\/product_cat?post=9081"},{"taxonomy":"product_tag","embeddable":true,"href":"https:\/\/abaa.mx\/tienda\/wp-json\/wp\/v2\/product_tag?post=9081"}],"curies":[{"name":"wp","href":"https:\/\/api.w.org\/{rel}","templated":true}]}}