{"id":9078,"date":"2023-11-21T15:46:25","date_gmt":"2023-11-21T15:46:25","guid":{"rendered":"https:\/\/abaa.mx\/tienda\/?post_type=product&#038;p=9078"},"modified":"2023-11-21T15:46:26","modified_gmt":"2023-11-21T15:46:26","slug":"analizador-de-torque-disrl10-1-0-a-100-0-kgf-cm-imada-disrl10","status":"publish","type":"product","link":"https:\/\/abaa.mx\/tienda\/analizador-de-torque-disrl10-1-0-a-100-0-kgf-cm-imada-disrl10\/","title":{"rendered":"Analizador de Torque DISRL10, 1.0 a 100.0 Kgf-cm Imada &#8211; DISRL10"},"content":{"rendered":"<p>Analizador de Torque DISRL10, 1.0 a 100.0 Kgf-cm Imada &#8211; DISRL10.<\/p>\n","protected":false},"excerpt":{"rendered":"<p>El torqu\u00edmetro digital tipo desarmador modelo DISRL10 es un equipo ergon\u00f3mico disenado par poder usarse en el piso de producci\u00f3n o en la l\u00ednea de ensamble. tiene la capacidad de cambiar torque en tornillos de hasta 90lbf-in. Su sensor remoto le deja emplearse en sitios de dif\u00edcil ingreso. Rangos programables con alarma, Salida de datos en formato USB, guarda hasta 800 datos en la memoria, modos de medici\u00f3n disponibles. M\u00faltiples escalas en sistema m\u00e9trico, sistema imperial de entidades.<\/p>\n<p><strong>Aplicaciones :<\/strong> Este aparato puede usarse para evaluar el ajuste de atornilladores controlados por torque haciendo mediciones comparativas en determinados elementos de sujeci\u00f3n. Puede efectuar pruebas de aflojamiento y separaci\u00f3n a lo largo del apriete con este equipo. Reduzca la cantidad de rechazos y retrabajos por tornillos sueltos o sobre ajustados. Dimensiones y peso: N\/A Precisi\u00f3n: \u00b10.5% FS. \u00b11 LSD Condiciones de Operaci\u00f3n: 0\u00b0 a 37\u00b0 C.<\/p>\n","protected":false},"featured_media":9079,"comment_status":"open","ping_status":"closed","template":"","meta":{"_joinchat":[]},"product_brand":[],"product_cat":[136],"product_tag":[],"class_list":{"0":"post-9078","1":"product","2":"type-product","3":"status-publish","4":"has-post-thumbnail","6":"product_cat-torquimetro","8":"first","9":"instock","10":"shipping-taxable","11":"product-type-simple"},"yoast_head":"<!-- This site is optimized with the Yoast SEO plugin v26.4 - https:\/\/yoast.com\/wordpress\/plugins\/seo\/ -->\n<title>Analizador de Torque DISRL10, 1.0 a 100.0 Kgf-cm Imada - DISRL10 - Abaa tienda online<\/title>\n<meta name=\"robots\" content=\"index, follow, max-snippet:-1, max-image-preview:large, max-video-preview:-1\" \/>\n<link rel=\"canonical\" href=\"https:\/\/abaa.mx\/tienda\/analizador-de-torque-disrl10-1-0-a-100-0-kgf-cm-imada-disrl10\/\" \/>\n<meta property=\"og:locale\" content=\"es_MX\" \/>\n<meta property=\"og:type\" content=\"article\" \/>\n<meta property=\"og:title\" content=\"Analizador de Torque DISRL10, 1.0 a 100.0 Kgf-cm Imada - DISRL10 - Abaa tienda online\" \/>\n<meta property=\"og:description\" content=\"El torqu\u00edmetro digital tipo desarmador modelo DISRL10 es un equipo ergon\u00f3mico disenado par poder usarse en el piso de producci\u00f3n o en la l\u00ednea de ensamble. tiene la capacidad de cambiar torque en tornillos de hasta 90lbf-in. Su sensor remoto le deja emplearse en sitios de dif\u00edcil ingreso. Rangos programables con alarma, Salida de datos en formato USB, guarda hasta 800 datos en la memoria, modos de medici\u00f3n disponibles. M\u00faltiples escalas en sistema m\u00e9trico, sistema imperial de entidades.  Aplicaciones : Este aparato puede usarse para evaluar el ajuste de atornilladores controlados por torque haciendo mediciones comparativas en determinados elementos de sujeci\u00f3n. Puede efectuar pruebas de aflojamiento y separaci\u00f3n a lo largo del apriete con este equipo. Reduzca la cantidad de rechazos y retrabajos por tornillos sueltos o sobre ajustados. Dimensiones y peso: N\/A Precisi\u00f3n: \u00b10.5% FS. \u00b11 LSD Condiciones de Operaci\u00f3n: 0\u00b0 a 37\u00b0 C.\" \/>\n<meta property=\"og:url\" content=\"https:\/\/abaa.mx\/tienda\/analizador-de-torque-disrl10-1-0-a-100-0-kgf-cm-imada-disrl10\/\" \/>\n<meta property=\"og:site_name\" content=\"Abaa tienda online\" \/>\n<meta property=\"article:modified_time\" content=\"2023-11-21T15:46:26+00:00\" \/>\n<meta property=\"og:image\" content=\"https:\/\/abaa.mx\/tienda\/wp-content\/uploads\/2023\/11\/IMADA-DISRL10.jpg\" \/>\n\t<meta property=\"og:image:width\" content=\"486\" \/>\n\t<meta property=\"og:image:height\" content=\"350\" \/>\n\t<meta property=\"og:image:type\" content=\"image\/jpeg\" \/>\n<meta name=\"twitter:card\" content=\"summary_large_image\" \/>\n<meta name=\"twitter:label1\" content=\"Tiempo de lectura\" \/>\n\t<meta name=\"twitter:data1\" content=\"1 minuto\" \/>\n<script type=\"application\/ld+json\" class=\"yoast-schema-graph\">{\"@context\":\"https:\/\/schema.org\",\"@graph\":[{\"@type\":\"WebPage\",\"@id\":\"https:\/\/abaa.mx\/tienda\/analizador-de-torque-disrl10-1-0-a-100-0-kgf-cm-imada-disrl10\/\",\"url\":\"https:\/\/abaa.mx\/tienda\/analizador-de-torque-disrl10-1-0-a-100-0-kgf-cm-imada-disrl10\/\",\"name\":\"Analizador de Torque DISRL10, 1.0 a 100.0 Kgf-cm Imada - DISRL10 - Abaa tienda online\",\"isPartOf\":{\"@id\":\"https:\/\/abaa.mx\/tienda\/#website\"},\"primaryImageOfPage\":{\"@id\":\"https:\/\/abaa.mx\/tienda\/analizador-de-torque-disrl10-1-0-a-100-0-kgf-cm-imada-disrl10\/#primaryimage\"},\"image\":{\"@id\":\"https:\/\/abaa.mx\/tienda\/analizador-de-torque-disrl10-1-0-a-100-0-kgf-cm-imada-disrl10\/#primaryimage\"},\"thumbnailUrl\":\"https:\/\/abaa.mx\/tienda\/wp-content\/uploads\/2023\/11\/IMADA-DISRL10.jpg\",\"datePublished\":\"2023-11-21T15:46:25+00:00\",\"dateModified\":\"2023-11-21T15:46:26+00:00\",\"breadcrumb\":{\"@id\":\"https:\/\/abaa.mx\/tienda\/analizador-de-torque-disrl10-1-0-a-100-0-kgf-cm-imada-disrl10\/#breadcrumb\"},\"inLanguage\":\"es\",\"potentialAction\":[{\"@type\":\"ReadAction\",\"target\":[\"https:\/\/abaa.mx\/tienda\/analizador-de-torque-disrl10-1-0-a-100-0-kgf-cm-imada-disrl10\/\"]}]},{\"@type\":\"ImageObject\",\"inLanguage\":\"es\",\"@id\":\"https:\/\/abaa.mx\/tienda\/analizador-de-torque-disrl10-1-0-a-100-0-kgf-cm-imada-disrl10\/#primaryimage\",\"url\":\"https:\/\/abaa.mx\/tienda\/wp-content\/uploads\/2023\/11\/IMADA-DISRL10.jpg\",\"contentUrl\":\"https:\/\/abaa.mx\/tienda\/wp-content\/uploads\/2023\/11\/IMADA-DISRL10.jpg\",\"width\":486,\"height\":350,\"caption\":\"IMADA-DISRL10\"},{\"@type\":\"BreadcrumbList\",\"@id\":\"https:\/\/abaa.mx\/tienda\/analizador-de-torque-disrl10-1-0-a-100-0-kgf-cm-imada-disrl10\/#breadcrumb\",\"itemListElement\":[{\"@type\":\"ListItem\",\"position\":1,\"name\":\"Inicio\",\"item\":\"https:\/\/abaa.mx\/tienda\/\"},{\"@type\":\"ListItem\",\"position\":2,\"name\":\"Tienda\",\"item\":\"https:\/\/abaa.mx\/tienda\/\"},{\"@type\":\"ListItem\",\"position\":3,\"name\":\"Analizador de Torque DISRL10, 1.0 a 100.0 Kgf-cm Imada &#8211; DISRL10\"}]},{\"@type\":\"WebSite\",\"@id\":\"https:\/\/abaa.mx\/tienda\/#website\",\"url\":\"https:\/\/abaa.mx\/tienda\/\",\"name\":\"Abaa tienda online\",\"description\":\"Instrumentos de medici\u00f3n\",\"publisher\":{\"@id\":\"https:\/\/abaa.mx\/tienda\/#organization\"},\"potentialAction\":[{\"@type\":\"SearchAction\",\"target\":{\"@type\":\"EntryPoint\",\"urlTemplate\":\"https:\/\/abaa.mx\/tienda\/?s={search_term_string}\"},\"query-input\":{\"@type\":\"PropertyValueSpecification\",\"valueRequired\":true,\"valueName\":\"search_term_string\"}}],\"inLanguage\":\"es\"},{\"@type\":\"Organization\",\"@id\":\"https:\/\/abaa.mx\/tienda\/#organization\",\"name\":\"Abaa tienda online\",\"url\":\"https:\/\/abaa.mx\/tienda\/\",\"logo\":{\"@type\":\"ImageObject\",\"inLanguage\":\"es\",\"@id\":\"https:\/\/abaa.mx\/tienda\/#\/schema\/logo\/image\/\",\"url\":\"https:\/\/abaa.mx\/tienda\/wp-content\/uploads\/2024\/01\/abaa-metrologia-tienda.png\",\"contentUrl\":\"https:\/\/abaa.mx\/tienda\/wp-content\/uploads\/2024\/01\/abaa-metrologia-tienda.png\",\"width\":300,\"height\":141,\"caption\":\"Abaa tienda online\"},\"image\":{\"@id\":\"https:\/\/abaa.mx\/tienda\/#\/schema\/logo\/image\/\"}}]}<\/script>\n<!-- \/ Yoast SEO plugin. -->","yoast_head_json":{"title":"Analizador de Torque DISRL10, 1.0 a 100.0 Kgf-cm Imada - DISRL10 - Abaa tienda online","robots":{"index":"index","follow":"follow","max-snippet":"max-snippet:-1","max-image-preview":"max-image-preview:large","max-video-preview":"max-video-preview:-1"},"canonical":"https:\/\/abaa.mx\/tienda\/analizador-de-torque-disrl10-1-0-a-100-0-kgf-cm-imada-disrl10\/","og_locale":"es_MX","og_type":"article","og_title":"Analizador de Torque DISRL10, 1.0 a 100.0 Kgf-cm Imada - DISRL10 - Abaa tienda online","og_description":"El torqu\u00edmetro digital tipo desarmador modelo DISRL10 es un equipo ergon\u00f3mico disenado par poder usarse en el piso de producci\u00f3n o en la l\u00ednea de ensamble. tiene la capacidad de cambiar torque en tornillos de hasta 90lbf-in. Su sensor remoto le deja emplearse en sitios de dif\u00edcil ingreso. Rangos programables con alarma, Salida de datos en formato USB, guarda hasta 800 datos en la memoria, modos de medici\u00f3n disponibles. M\u00faltiples escalas en sistema m\u00e9trico, sistema imperial de entidades.  Aplicaciones : Este aparato puede usarse para evaluar el ajuste de atornilladores controlados por torque haciendo mediciones comparativas en determinados elementos de sujeci\u00f3n. Puede efectuar pruebas de aflojamiento y separaci\u00f3n a lo largo del apriete con este equipo. Reduzca la cantidad de rechazos y retrabajos por tornillos sueltos o sobre ajustados. Dimensiones y peso: N\/A Precisi\u00f3n: \u00b10.5% FS. \u00b11 LSD Condiciones de Operaci\u00f3n: 0\u00b0 a 37\u00b0 C.","og_url":"https:\/\/abaa.mx\/tienda\/analizador-de-torque-disrl10-1-0-a-100-0-kgf-cm-imada-disrl10\/","og_site_name":"Abaa tienda online","article_modified_time":"2023-11-21T15:46:26+00:00","og_image":[{"width":486,"height":350,"url":"https:\/\/abaa.mx\/tienda\/wp-content\/uploads\/2023\/11\/IMADA-DISRL10.jpg","type":"image\/jpeg"}],"twitter_card":"summary_large_image","twitter_misc":{"Tiempo de lectura":"1 minuto"},"schema":{"@context":"https:\/\/schema.org","@graph":[{"@type":"WebPage","@id":"https:\/\/abaa.mx\/tienda\/analizador-de-torque-disrl10-1-0-a-100-0-kgf-cm-imada-disrl10\/","url":"https:\/\/abaa.mx\/tienda\/analizador-de-torque-disrl10-1-0-a-100-0-kgf-cm-imada-disrl10\/","name":"Analizador de Torque DISRL10, 1.0 a 100.0 Kgf-cm Imada - DISRL10 - Abaa tienda online","isPartOf":{"@id":"https:\/\/abaa.mx\/tienda\/#website"},"primaryImageOfPage":{"@id":"https:\/\/abaa.mx\/tienda\/analizador-de-torque-disrl10-1-0-a-100-0-kgf-cm-imada-disrl10\/#primaryimage"},"image":{"@id":"https:\/\/abaa.mx\/tienda\/analizador-de-torque-disrl10-1-0-a-100-0-kgf-cm-imada-disrl10\/#primaryimage"},"thumbnailUrl":"https:\/\/abaa.mx\/tienda\/wp-content\/uploads\/2023\/11\/IMADA-DISRL10.jpg","datePublished":"2023-11-21T15:46:25+00:00","dateModified":"2023-11-21T15:46:26+00:00","breadcrumb":{"@id":"https:\/\/abaa.mx\/tienda\/analizador-de-torque-disrl10-1-0-a-100-0-kgf-cm-imada-disrl10\/#breadcrumb"},"inLanguage":"es","potentialAction":[{"@type":"ReadAction","target":["https:\/\/abaa.mx\/tienda\/analizador-de-torque-disrl10-1-0-a-100-0-kgf-cm-imada-disrl10\/"]}]},{"@type":"ImageObject","inLanguage":"es","@id":"https:\/\/abaa.mx\/tienda\/analizador-de-torque-disrl10-1-0-a-100-0-kgf-cm-imada-disrl10\/#primaryimage","url":"https:\/\/abaa.mx\/tienda\/wp-content\/uploads\/2023\/11\/IMADA-DISRL10.jpg","contentUrl":"https:\/\/abaa.mx\/tienda\/wp-content\/uploads\/2023\/11\/IMADA-DISRL10.jpg","width":486,"height":350,"caption":"IMADA-DISRL10"},{"@type":"BreadcrumbList","@id":"https:\/\/abaa.mx\/tienda\/analizador-de-torque-disrl10-1-0-a-100-0-kgf-cm-imada-disrl10\/#breadcrumb","itemListElement":[{"@type":"ListItem","position":1,"name":"Inicio","item":"https:\/\/abaa.mx\/tienda\/"},{"@type":"ListItem","position":2,"name":"Tienda","item":"https:\/\/abaa.mx\/tienda\/"},{"@type":"ListItem","position":3,"name":"Analizador de Torque DISRL10, 1.0 a 100.0 Kgf-cm Imada &#8211; DISRL10"}]},{"@type":"WebSite","@id":"https:\/\/abaa.mx\/tienda\/#website","url":"https:\/\/abaa.mx\/tienda\/","name":"Abaa tienda online","description":"Instrumentos de medici\u00f3n","publisher":{"@id":"https:\/\/abaa.mx\/tienda\/#organization"},"potentialAction":[{"@type":"SearchAction","target":{"@type":"EntryPoint","urlTemplate":"https:\/\/abaa.mx\/tienda\/?s={search_term_string}"},"query-input":{"@type":"PropertyValueSpecification","valueRequired":true,"valueName":"search_term_string"}}],"inLanguage":"es"},{"@type":"Organization","@id":"https:\/\/abaa.mx\/tienda\/#organization","name":"Abaa tienda online","url":"https:\/\/abaa.mx\/tienda\/","logo":{"@type":"ImageObject","inLanguage":"es","@id":"https:\/\/abaa.mx\/tienda\/#\/schema\/logo\/image\/","url":"https:\/\/abaa.mx\/tienda\/wp-content\/uploads\/2024\/01\/abaa-metrologia-tienda.png","contentUrl":"https:\/\/abaa.mx\/tienda\/wp-content\/uploads\/2024\/01\/abaa-metrologia-tienda.png","width":300,"height":141,"caption":"Abaa tienda online"},"image":{"@id":"https:\/\/abaa.mx\/tienda\/#\/schema\/logo\/image\/"}}]}},"_links":{"self":[{"href":"https:\/\/abaa.mx\/tienda\/wp-json\/wp\/v2\/product\/9078","targetHints":{"allow":["GET"]}}],"collection":[{"href":"https:\/\/abaa.mx\/tienda\/wp-json\/wp\/v2\/product"}],"about":[{"href":"https:\/\/abaa.mx\/tienda\/wp-json\/wp\/v2\/types\/product"}],"replies":[{"embeddable":true,"href":"https:\/\/abaa.mx\/tienda\/wp-json\/wp\/v2\/comments?post=9078"}],"wp:featuredmedia":[{"embeddable":true,"href":"https:\/\/abaa.mx\/tienda\/wp-json\/wp\/v2\/media\/9079"}],"wp:attachment":[{"href":"https:\/\/abaa.mx\/tienda\/wp-json\/wp\/v2\/media?parent=9078"}],"wp:term":[{"taxonomy":"product_brand","embeddable":true,"href":"https:\/\/abaa.mx\/tienda\/wp-json\/wp\/v2\/product_brand?post=9078"},{"taxonomy":"product_cat","embeddable":true,"href":"https:\/\/abaa.mx\/tienda\/wp-json\/wp\/v2\/product_cat?post=9078"},{"taxonomy":"product_tag","embeddable":true,"href":"https:\/\/abaa.mx\/tienda\/wp-json\/wp\/v2\/product_tag?post=9078"}],"curies":[{"name":"wp","href":"https:\/\/api.w.org\/{rel}","templated":true}]}}