{"id":9072,"date":"2023-12-08T17:43:48","date_gmt":"2023-12-08T17:43:48","guid":{"rendered":"https:\/\/abaa.mx\/tienda\/?post_type=product&#038;p=9072"},"modified":"2023-12-08T17:43:49","modified_gmt":"2023-12-08T17:43:49","slug":"termometro-infrarrojo-bp17-trotec","status":"publish","type":"product","link":"https:\/\/abaa.mx\/tienda\/termometro-infrarrojo-bp17-trotec\/","title":{"rendered":"Term\u00f3metro infrarrojo bp17 trotec"},"content":{"rendered":"<p>El pir\u00f3metro BP17 se presenta como un term\u00f3metro de temperatura superficial fiable y preciso. Su sensor infrarrojo arroja resultados de medici\u00f3n exactos dentro de un amplio rango de medici\u00f3n de entre -50 y +380 \u00b0C. Le permite definir previamente una temperatura de referencia y, durante las mediciones, le avisa de las desviaciones tanto visualmente como por medio de una alarma ac\u00fastica. A la hora de configurar el rango de tolerancia puede elegir entre 1 \u00b0C, 3 \u00b0C y 5 \u00b0C. Para que en las mediciones superficiales sin contacto y a distancia pueda estar seguro de que est\u00e1 registrando realmente la temperatura actual y no un valor procedente del entorno, el pir\u00f3metro BP17 est\u00e1 equipado con un puntero l\u00e1ser que le muestra el punto central del \u00e1rea de medici\u00f3n (resoluci\u00f3n \u00f3ptica de 10:1).<\/p>\n<p>Tenga en cuenta que el \u00e1rea de medici\u00f3n, es decir, la zona en la que se registran los valores de temperatura, se ampl\u00eda conforme mayor es la distancia al objeto. Un detalle pr\u00e1ctico: alimentado por pila, el medidor se desactiva autom\u00e1ticamente si no se est\u00e1 utilizando y disminuye as\u00ed su consumo energ\u00e9tico, el cual es reducido de por s\u00ed. El pr\u00e1ctico estuche para cintur\u00f3n permite llevar c\u00f3modamente el pir\u00f3metro y tenerlo siempre a mano.<\/p>\n<p class=\"csc-header csc-header-n1\"><strong>Se\u00f1al de continuidad \u00f3ptica y ac\u00fastica:<\/strong><\/p>\n<p class=\"bodytext\">Si desea revisar con regularidad ciertos valores de medici\u00f3n, puede establecer previamente para ellos una temperatura de referencia, as\u00ed como\u00a0l\u00edmites de tolerancia de 1\u00a0\u00b0C, 3\u00a0\u00b0C o 5\u00a0\u00b0C.\u00a0einstellen. Si el valor medido se encuentra fuera del umbral, el aparato avisa por medio del color de la pantalla y de una se\u00f1al ac\u00fastica.<\/p>\n<p><strong>Verde si el valor est\u00e1 dentro del umbral de tolerancia:<\/strong><\/p>\n<p class=\"bodytext\">Ha establecido un valor de referencia de 25 \u00b0C y un valor umbral de 1 \u00b0C. Si la temperatura superficial medida se sit\u00faa entre 24 \u00b0C y 26 \u00b0C, es decir, dentro del rango de tolerancia, la pantalla se ilumina de color verde.<\/p>\n<p><strong>Azul si no se alcanza el valor establecido:<\/strong><\/p>\n<p class=\"bodytext\">El valor de referencia configurado es de 20 \u00b0C y el l\u00edmite de tolerancia seleccionado de +\/- 3 \u00b0C. Si la temperatura medida se encuentra entre 17 \u00b0C y 23 \u00b0C, estar\u00eda todo correcto. No obstante, si el valor actual de medici\u00f3n se sit\u00faa por debajo de los 17 \u00b0C, la pantalla se ilumina en azul y el aparato emite una se\u00f1al ac\u00fastica intermitente en intervalos largos.<\/p>\n<p><strong>Rojo si se supera el valor establecido:<\/strong><\/p>\n<p class=\"bodytext\">El valor de referencia configurado es de 30 \u00b0C y el l\u00edmite de tolerancia seleccionado de 5 \u00b0C. Si la temperatura medida se encuentra entre 25 y 35 \u00b0C, estar\u00eda todo correcto. No obstante, si la temperatura superficial del objeto de medici\u00f3n se sit\u00faa por encima de los 35 \u00b0C, la pantalla se ilumina en rojo y el aparato emite una se\u00f1al ac\u00fastica intermitente en intervalos breves.<\/p>\n","protected":false},"excerpt":{"rendered":"<p>El BP17 le permite en cualquier momento comprobar de un vistazo si la temperatura se mantiene dentro del rango configurado, sin para ello tener que prestar atenci\u00f3n a los valores concretos.La amplia pantalla con iluminaci\u00f3n de fondo garantiza una excelente visualizaci\u00f3n de los valores de medici\u00f3n incluso en condiciones de poca luminosidad, y el dise\u00f1o ergon\u00f3mico en forma de pistola asegura un manejo agradable y sin esfuerzo.<\/p>\n","protected":false},"featured_media":9703,"comment_status":"open","ping_status":"closed","template":"","meta":{"_joinchat":[]},"product_brand":[],"product_cat":[15],"product_tag":[],"class_list":{"0":"post-9072","1":"product","2":"type-product","3":"status-publish","4":"has-post-thumbnail","6":"product_cat-sin-categorizar","8":"first","9":"instock","10":"shipping-taxable","11":"product-type-simple"},"yoast_head":"<!-- This site is optimized with the Yoast SEO plugin v26.4 - https:\/\/yoast.com\/wordpress\/plugins\/seo\/ -->\n<title>Term\u00f3metro infrarrojo bp17 trotec - Abaa tienda online<\/title>\n<meta name=\"robots\" content=\"index, follow, max-snippet:-1, max-image-preview:large, max-video-preview:-1\" \/>\n<link rel=\"canonical\" href=\"https:\/\/abaa.mx\/tienda\/termometro-infrarrojo-bp17-trotec\/\" \/>\n<meta property=\"og:locale\" content=\"es_MX\" \/>\n<meta property=\"og:type\" content=\"article\" \/>\n<meta property=\"og:title\" content=\"Term\u00f3metro infrarrojo bp17 trotec - Abaa tienda online\" \/>\n<meta property=\"og:description\" content=\"El BP17 le permite en cualquier momento comprobar de un vistazo si la temperatura se mantiene dentro del rango configurado, sin para ello tener que prestar atenci\u00f3n a los valores concretos.La amplia pantalla con iluminaci\u00f3n de fondo garantiza una excelente visualizaci\u00f3n de los valores de medici\u00f3n incluso en condiciones de poca luminosidad, y el dise\u00f1o ergon\u00f3mico en forma de pistola asegura un manejo agradable y sin esfuerzo.\" \/>\n<meta property=\"og:url\" content=\"https:\/\/abaa.mx\/tienda\/termometro-infrarrojo-bp17-trotec\/\" \/>\n<meta property=\"og:site_name\" content=\"Abaa tienda online\" \/>\n<meta property=\"article:modified_time\" content=\"2023-12-08T17:43:49+00:00\" \/>\n<meta property=\"og:image\" content=\"https:\/\/abaa.mx\/tienda\/wp-content\/uploads\/2023\/12\/Termometro-infrarrojo-BP17-trotec.jpg\" \/>\n\t<meta property=\"og:image:width\" content=\"775\" \/>\n\t<meta property=\"og:image:height\" content=\"775\" \/>\n\t<meta property=\"og:image:type\" content=\"image\/jpeg\" \/>\n<meta name=\"twitter:card\" content=\"summary_large_image\" \/>\n<meta name=\"twitter:label1\" content=\"Tiempo de lectura\" \/>\n\t<meta name=\"twitter:data1\" content=\"3 minutos\" \/>\n<script type=\"application\/ld+json\" class=\"yoast-schema-graph\">{\"@context\":\"https:\/\/schema.org\",\"@graph\":[{\"@type\":\"WebPage\",\"@id\":\"https:\/\/abaa.mx\/tienda\/termometro-infrarrojo-bp17-trotec\/\",\"url\":\"https:\/\/abaa.mx\/tienda\/termometro-infrarrojo-bp17-trotec\/\",\"name\":\"Term\u00f3metro infrarrojo bp17 trotec - Abaa tienda online\",\"isPartOf\":{\"@id\":\"https:\/\/abaa.mx\/tienda\/#website\"},\"primaryImageOfPage\":{\"@id\":\"https:\/\/abaa.mx\/tienda\/termometro-infrarrojo-bp17-trotec\/#primaryimage\"},\"image\":{\"@id\":\"https:\/\/abaa.mx\/tienda\/termometro-infrarrojo-bp17-trotec\/#primaryimage\"},\"thumbnailUrl\":\"https:\/\/abaa.mx\/tienda\/wp-content\/uploads\/2023\/12\/Termometro-infrarrojo-BP17-trotec.jpg\",\"datePublished\":\"2023-12-08T17:43:48+00:00\",\"dateModified\":\"2023-12-08T17:43:49+00:00\",\"breadcrumb\":{\"@id\":\"https:\/\/abaa.mx\/tienda\/termometro-infrarrojo-bp17-trotec\/#breadcrumb\"},\"inLanguage\":\"es\",\"potentialAction\":[{\"@type\":\"ReadAction\",\"target\":[\"https:\/\/abaa.mx\/tienda\/termometro-infrarrojo-bp17-trotec\/\"]}]},{\"@type\":\"ImageObject\",\"inLanguage\":\"es\",\"@id\":\"https:\/\/abaa.mx\/tienda\/termometro-infrarrojo-bp17-trotec\/#primaryimage\",\"url\":\"https:\/\/abaa.mx\/tienda\/wp-content\/uploads\/2023\/12\/Termometro-infrarrojo-BP17-trotec.jpg\",\"contentUrl\":\"https:\/\/abaa.mx\/tienda\/wp-content\/uploads\/2023\/12\/Termometro-infrarrojo-BP17-trotec.jpg\",\"width\":775,\"height\":775,\"caption\":\"Termometro infrarrojo BP17 trotec\"},{\"@type\":\"BreadcrumbList\",\"@id\":\"https:\/\/abaa.mx\/tienda\/termometro-infrarrojo-bp17-trotec\/#breadcrumb\",\"itemListElement\":[{\"@type\":\"ListItem\",\"position\":1,\"name\":\"Inicio\",\"item\":\"https:\/\/abaa.mx\/tienda\/\"},{\"@type\":\"ListItem\",\"position\":2,\"name\":\"Tienda\",\"item\":\"https:\/\/abaa.mx\/tienda\/\"},{\"@type\":\"ListItem\",\"position\":3,\"name\":\"Term\u00f3metro infrarrojo bp17 trotec\"}]},{\"@type\":\"WebSite\",\"@id\":\"https:\/\/abaa.mx\/tienda\/#website\",\"url\":\"https:\/\/abaa.mx\/tienda\/\",\"name\":\"Abaa tienda online\",\"description\":\"Instrumentos de medici\u00f3n\",\"publisher\":{\"@id\":\"https:\/\/abaa.mx\/tienda\/#organization\"},\"potentialAction\":[{\"@type\":\"SearchAction\",\"target\":{\"@type\":\"EntryPoint\",\"urlTemplate\":\"https:\/\/abaa.mx\/tienda\/?s={search_term_string}\"},\"query-input\":{\"@type\":\"PropertyValueSpecification\",\"valueRequired\":true,\"valueName\":\"search_term_string\"}}],\"inLanguage\":\"es\"},{\"@type\":\"Organization\",\"@id\":\"https:\/\/abaa.mx\/tienda\/#organization\",\"name\":\"Abaa tienda online\",\"url\":\"https:\/\/abaa.mx\/tienda\/\",\"logo\":{\"@type\":\"ImageObject\",\"inLanguage\":\"es\",\"@id\":\"https:\/\/abaa.mx\/tienda\/#\/schema\/logo\/image\/\",\"url\":\"https:\/\/abaa.mx\/tienda\/wp-content\/uploads\/2024\/01\/abaa-metrologia-tienda.png\",\"contentUrl\":\"https:\/\/abaa.mx\/tienda\/wp-content\/uploads\/2024\/01\/abaa-metrologia-tienda.png\",\"width\":300,\"height\":141,\"caption\":\"Abaa tienda online\"},\"image\":{\"@id\":\"https:\/\/abaa.mx\/tienda\/#\/schema\/logo\/image\/\"}}]}<\/script>\n<!-- \/ Yoast SEO plugin. -->","yoast_head_json":{"title":"Term\u00f3metro infrarrojo bp17 trotec - Abaa tienda online","robots":{"index":"index","follow":"follow","max-snippet":"max-snippet:-1","max-image-preview":"max-image-preview:large","max-video-preview":"max-video-preview:-1"},"canonical":"https:\/\/abaa.mx\/tienda\/termometro-infrarrojo-bp17-trotec\/","og_locale":"es_MX","og_type":"article","og_title":"Term\u00f3metro infrarrojo bp17 trotec - Abaa tienda online","og_description":"El BP17 le permite en cualquier momento comprobar de un vistazo si la temperatura se mantiene dentro del rango configurado, sin para ello tener que prestar atenci\u00f3n a los valores concretos.La amplia pantalla con iluminaci\u00f3n de fondo garantiza una excelente visualizaci\u00f3n de los valores de medici\u00f3n incluso en condiciones de poca luminosidad, y el dise\u00f1o ergon\u00f3mico en forma de pistola asegura un manejo agradable y sin esfuerzo.","og_url":"https:\/\/abaa.mx\/tienda\/termometro-infrarrojo-bp17-trotec\/","og_site_name":"Abaa tienda online","article_modified_time":"2023-12-08T17:43:49+00:00","og_image":[{"width":775,"height":775,"url":"https:\/\/abaa.mx\/tienda\/wp-content\/uploads\/2023\/12\/Termometro-infrarrojo-BP17-trotec.jpg","type":"image\/jpeg"}],"twitter_card":"summary_large_image","twitter_misc":{"Tiempo de lectura":"3 minutos"},"schema":{"@context":"https:\/\/schema.org","@graph":[{"@type":"WebPage","@id":"https:\/\/abaa.mx\/tienda\/termometro-infrarrojo-bp17-trotec\/","url":"https:\/\/abaa.mx\/tienda\/termometro-infrarrojo-bp17-trotec\/","name":"Term\u00f3metro infrarrojo bp17 trotec - Abaa tienda online","isPartOf":{"@id":"https:\/\/abaa.mx\/tienda\/#website"},"primaryImageOfPage":{"@id":"https:\/\/abaa.mx\/tienda\/termometro-infrarrojo-bp17-trotec\/#primaryimage"},"image":{"@id":"https:\/\/abaa.mx\/tienda\/termometro-infrarrojo-bp17-trotec\/#primaryimage"},"thumbnailUrl":"https:\/\/abaa.mx\/tienda\/wp-content\/uploads\/2023\/12\/Termometro-infrarrojo-BP17-trotec.jpg","datePublished":"2023-12-08T17:43:48+00:00","dateModified":"2023-12-08T17:43:49+00:00","breadcrumb":{"@id":"https:\/\/abaa.mx\/tienda\/termometro-infrarrojo-bp17-trotec\/#breadcrumb"},"inLanguage":"es","potentialAction":[{"@type":"ReadAction","target":["https:\/\/abaa.mx\/tienda\/termometro-infrarrojo-bp17-trotec\/"]}]},{"@type":"ImageObject","inLanguage":"es","@id":"https:\/\/abaa.mx\/tienda\/termometro-infrarrojo-bp17-trotec\/#primaryimage","url":"https:\/\/abaa.mx\/tienda\/wp-content\/uploads\/2023\/12\/Termometro-infrarrojo-BP17-trotec.jpg","contentUrl":"https:\/\/abaa.mx\/tienda\/wp-content\/uploads\/2023\/12\/Termometro-infrarrojo-BP17-trotec.jpg","width":775,"height":775,"caption":"Termometro infrarrojo BP17 trotec"},{"@type":"BreadcrumbList","@id":"https:\/\/abaa.mx\/tienda\/termometro-infrarrojo-bp17-trotec\/#breadcrumb","itemListElement":[{"@type":"ListItem","position":1,"name":"Inicio","item":"https:\/\/abaa.mx\/tienda\/"},{"@type":"ListItem","position":2,"name":"Tienda","item":"https:\/\/abaa.mx\/tienda\/"},{"@type":"ListItem","position":3,"name":"Term\u00f3metro infrarrojo bp17 trotec"}]},{"@type":"WebSite","@id":"https:\/\/abaa.mx\/tienda\/#website","url":"https:\/\/abaa.mx\/tienda\/","name":"Abaa tienda online","description":"Instrumentos de medici\u00f3n","publisher":{"@id":"https:\/\/abaa.mx\/tienda\/#organization"},"potentialAction":[{"@type":"SearchAction","target":{"@type":"EntryPoint","urlTemplate":"https:\/\/abaa.mx\/tienda\/?s={search_term_string}"},"query-input":{"@type":"PropertyValueSpecification","valueRequired":true,"valueName":"search_term_string"}}],"inLanguage":"es"},{"@type":"Organization","@id":"https:\/\/abaa.mx\/tienda\/#organization","name":"Abaa tienda online","url":"https:\/\/abaa.mx\/tienda\/","logo":{"@type":"ImageObject","inLanguage":"es","@id":"https:\/\/abaa.mx\/tienda\/#\/schema\/logo\/image\/","url":"https:\/\/abaa.mx\/tienda\/wp-content\/uploads\/2024\/01\/abaa-metrologia-tienda.png","contentUrl":"https:\/\/abaa.mx\/tienda\/wp-content\/uploads\/2024\/01\/abaa-metrologia-tienda.png","width":300,"height":141,"caption":"Abaa tienda online"},"image":{"@id":"https:\/\/abaa.mx\/tienda\/#\/schema\/logo\/image\/"}}]}},"_links":{"self":[{"href":"https:\/\/abaa.mx\/tienda\/wp-json\/wp\/v2\/product\/9072","targetHints":{"allow":["GET"]}}],"collection":[{"href":"https:\/\/abaa.mx\/tienda\/wp-json\/wp\/v2\/product"}],"about":[{"href":"https:\/\/abaa.mx\/tienda\/wp-json\/wp\/v2\/types\/product"}],"replies":[{"embeddable":true,"href":"https:\/\/abaa.mx\/tienda\/wp-json\/wp\/v2\/comments?post=9072"}],"wp:featuredmedia":[{"embeddable":true,"href":"https:\/\/abaa.mx\/tienda\/wp-json\/wp\/v2\/media\/9703"}],"wp:attachment":[{"href":"https:\/\/abaa.mx\/tienda\/wp-json\/wp\/v2\/media?parent=9072"}],"wp:term":[{"taxonomy":"product_brand","embeddable":true,"href":"https:\/\/abaa.mx\/tienda\/wp-json\/wp\/v2\/product_brand?post=9072"},{"taxonomy":"product_cat","embeddable":true,"href":"https:\/\/abaa.mx\/tienda\/wp-json\/wp\/v2\/product_cat?post=9072"},{"taxonomy":"product_tag","embeddable":true,"href":"https:\/\/abaa.mx\/tienda\/wp-json\/wp\/v2\/product_tag?post=9072"}],"curies":[{"name":"wp","href":"https:\/\/api.w.org\/{rel}","templated":true}]}}