{"id":9065,"date":"2023-12-08T19:11:44","date_gmt":"2023-12-08T19:11:44","guid":{"rendered":"https:\/\/abaa.mx\/tienda\/?post_type=product&#038;p=9065"},"modified":"2023-12-08T19:11:45","modified_gmt":"2023-12-08T19:11:45","slug":"termohigrometro-bz06-trotec","status":"publish","type":"product","link":"https:\/\/abaa.mx\/tienda\/termohigrometro-bz06-trotec\/","title":{"rendered":"Termohigr\u00f3metro bz06 trotec"},"content":{"rendered":"<p class=\"csc-header csc-header-n1\"><strong>Multifuncional y sencillamente pr\u00e1ctico:<\/strong><\/p>\n<p class=\"bodytext\">El termohigr\u00f3metro BZ06\u00a0mide cada 20 segundos la temperatura ambiental y la humedad relativa del aire actuales. La gama de medici\u00f3n de la temperatura va de -10\u00a0\u00b0C a +50\u00a0\u00b0C. La humedad relativa del aire se mide del 20\u00a0% HR al 99\u00a0% HR. Mediante la funci\u00f3n MIN\/MAX el medidor archiva el valor m\u00e1s bajo y el valor m\u00e1s alto de cada una. De esa manera usted sabr\u00e1 si durante la noche o las vacaciones hubo fluctuaciones indeseadas. Con solo pulsar una tecla usted llama los valores m\u00e1s altos y m\u00e1s bajos y los vuelve a reiniciar si fuera necesario.<\/p>\n<p><strong>Para un clima agradable \u00f3ptimo y para evitar la formaci\u00f3n de moho:<\/strong><br \/>\nLa temperatura adecuada y una humedad regulada de forma \u00f3ptima son factores decisivos para un clima ambiental agradable y saludable. Valores clim\u00e1ticos tanto demasiado altos como los demasiado bajos perjudican notablemente nuestro bienestar. Por lo tanto, vale la pena monitorizar constantemente la temperatura y la humedad con el termohigr\u00f3metro BZ06 para, dependiendo de las sensibilidades individuales, regularlas a la gama \u00f3ptima con un deshumidificador, un humidificador o una potencia calor\u00edfica o refrigeraci\u00f3n adaptada.<\/p>\n<p><strong>Efecto secundario positivo<\/strong>: La transparencia de los datos clim\u00e1ticos es el primer paso para reducir los altos costes de energ\u00eda. Cada grado de temperatura ambiental ahorrado reduce el consumo de energ\u00eda en un 6 % aproximadamente y, por lo tanto, tambi\u00e9n la factura de la calefacci\u00f3n. Y una humedad del aire demasiado alta a largo plazo favorece la formaci\u00f3n de moho en la habitaci\u00f3n. Tambi\u00e9n aqu\u00ed deben tenerse en cuenta los valores porcentuales para poder tomar medidas a tiempo y evitar peligros para la salud.<\/p>\n","protected":false},"excerpt":{"rendered":"<p>El termohigr\u00f3metro de dise\u00f1o moderno BZ06 le ofrece informaci\u00f3n r\u00e1pida de un vistazo. La pantalla digital de f\u00e1cil lectura muestra la temperatura interior actual (en \u00b0C o \u00b0F), la humedad del aire (en %), la fecha, el d\u00eda de la semana y la hora en d\u00edgitos grandes. Adem\u00e1s, el pron\u00f3stico del tiempo, representado gr\u00e1ficamente, le advierte de cambios meteorol\u00f3gicos inminentes. Un elemento especialmente atractivo y llamativo es la pantalla completamente transparente de esta estaci\u00f3n clim\u00e1tica para espacios interiores.<\/p>\n","protected":false},"featured_media":9704,"comment_status":"open","ping_status":"closed","template":"","meta":{"_joinchat":[]},"product_brand":[],"product_cat":[15],"product_tag":[],"class_list":{"0":"post-9065","1":"product","2":"type-product","3":"status-publish","4":"has-post-thumbnail","6":"product_cat-sin-categorizar","8":"first","9":"instock","10":"shipping-taxable","11":"product-type-simple"},"yoast_head":"<!-- This site is optimized with the Yoast SEO plugin v26.4 - https:\/\/yoast.com\/wordpress\/plugins\/seo\/ -->\n<title>Termohigr\u00f3metro bz06 trotec - Abaa tienda online<\/title>\n<meta name=\"robots\" content=\"index, follow, max-snippet:-1, max-image-preview:large, max-video-preview:-1\" \/>\n<link rel=\"canonical\" href=\"https:\/\/abaa.mx\/tienda\/termohigrometro-bz06-trotec\/\" \/>\n<meta property=\"og:locale\" content=\"es_MX\" \/>\n<meta property=\"og:type\" content=\"article\" \/>\n<meta property=\"og:title\" content=\"Termohigr\u00f3metro bz06 trotec - Abaa tienda online\" \/>\n<meta property=\"og:description\" content=\"El termohigr\u00f3metro de dise\u00f1o moderno BZ06 le ofrece informaci\u00f3n r\u00e1pida de un vistazo. La pantalla digital de f\u00e1cil lectura muestra la temperatura interior actual (en \u00b0C o \u00b0F), la humedad del aire (en %), la fecha, el d\u00eda de la semana y la hora en d\u00edgitos grandes. Adem\u00e1s, el pron\u00f3stico del tiempo, representado gr\u00e1ficamente, le advierte de cambios meteorol\u00f3gicos inminentes. Un elemento especialmente atractivo y llamativo es la pantalla completamente transparente de esta estaci\u00f3n clim\u00e1tica para espacios interiores.\" \/>\n<meta property=\"og:url\" content=\"https:\/\/abaa.mx\/tienda\/termohigrometro-bz06-trotec\/\" \/>\n<meta property=\"og:site_name\" content=\"Abaa tienda online\" \/>\n<meta property=\"article:modified_time\" content=\"2023-12-08T19:11:45+00:00\" \/>\n<meta property=\"og:image\" content=\"https:\/\/abaa.mx\/tienda\/wp-content\/uploads\/2023\/12\/Termohigometro-bz06-trotec.jpg\" \/>\n\t<meta property=\"og:image:width\" content=\"1200\" \/>\n\t<meta property=\"og:image:height\" content=\"1372\" \/>\n\t<meta property=\"og:image:type\" content=\"image\/jpeg\" \/>\n<meta name=\"twitter:card\" content=\"summary_large_image\" \/>\n<meta name=\"twitter:label1\" content=\"Tiempo de lectura\" \/>\n\t<meta name=\"twitter:data1\" content=\"2 minutos\" \/>\n<script type=\"application\/ld+json\" class=\"yoast-schema-graph\">{\"@context\":\"https:\/\/schema.org\",\"@graph\":[{\"@type\":\"WebPage\",\"@id\":\"https:\/\/abaa.mx\/tienda\/termohigrometro-bz06-trotec\/\",\"url\":\"https:\/\/abaa.mx\/tienda\/termohigrometro-bz06-trotec\/\",\"name\":\"Termohigr\u00f3metro bz06 trotec - Abaa tienda online\",\"isPartOf\":{\"@id\":\"https:\/\/abaa.mx\/tienda\/#website\"},\"primaryImageOfPage\":{\"@id\":\"https:\/\/abaa.mx\/tienda\/termohigrometro-bz06-trotec\/#primaryimage\"},\"image\":{\"@id\":\"https:\/\/abaa.mx\/tienda\/termohigrometro-bz06-trotec\/#primaryimage\"},\"thumbnailUrl\":\"https:\/\/abaa.mx\/tienda\/wp-content\/uploads\/2023\/12\/Termohigometro-bz06-trotec.jpg\",\"datePublished\":\"2023-12-08T19:11:44+00:00\",\"dateModified\":\"2023-12-08T19:11:45+00:00\",\"breadcrumb\":{\"@id\":\"https:\/\/abaa.mx\/tienda\/termohigrometro-bz06-trotec\/#breadcrumb\"},\"inLanguage\":\"es\",\"potentialAction\":[{\"@type\":\"ReadAction\",\"target\":[\"https:\/\/abaa.mx\/tienda\/termohigrometro-bz06-trotec\/\"]}]},{\"@type\":\"ImageObject\",\"inLanguage\":\"es\",\"@id\":\"https:\/\/abaa.mx\/tienda\/termohigrometro-bz06-trotec\/#primaryimage\",\"url\":\"https:\/\/abaa.mx\/tienda\/wp-content\/uploads\/2023\/12\/Termohigometro-bz06-trotec.jpg\",\"contentUrl\":\"https:\/\/abaa.mx\/tienda\/wp-content\/uploads\/2023\/12\/Termohigometro-bz06-trotec.jpg\",\"width\":1200,\"height\":1372,\"caption\":\"Termohigometro bz06 trotec\"},{\"@type\":\"BreadcrumbList\",\"@id\":\"https:\/\/abaa.mx\/tienda\/termohigrometro-bz06-trotec\/#breadcrumb\",\"itemListElement\":[{\"@type\":\"ListItem\",\"position\":1,\"name\":\"Inicio\",\"item\":\"https:\/\/abaa.mx\/tienda\/\"},{\"@type\":\"ListItem\",\"position\":2,\"name\":\"Tienda\",\"item\":\"https:\/\/abaa.mx\/tienda\/\"},{\"@type\":\"ListItem\",\"position\":3,\"name\":\"Termohigr\u00f3metro bz06 trotec\"}]},{\"@type\":\"WebSite\",\"@id\":\"https:\/\/abaa.mx\/tienda\/#website\",\"url\":\"https:\/\/abaa.mx\/tienda\/\",\"name\":\"Abaa tienda online\",\"description\":\"Instrumentos de medici\u00f3n\",\"publisher\":{\"@id\":\"https:\/\/abaa.mx\/tienda\/#organization\"},\"potentialAction\":[{\"@type\":\"SearchAction\",\"target\":{\"@type\":\"EntryPoint\",\"urlTemplate\":\"https:\/\/abaa.mx\/tienda\/?s={search_term_string}\"},\"query-input\":{\"@type\":\"PropertyValueSpecification\",\"valueRequired\":true,\"valueName\":\"search_term_string\"}}],\"inLanguage\":\"es\"},{\"@type\":\"Organization\",\"@id\":\"https:\/\/abaa.mx\/tienda\/#organization\",\"name\":\"Abaa tienda online\",\"url\":\"https:\/\/abaa.mx\/tienda\/\",\"logo\":{\"@type\":\"ImageObject\",\"inLanguage\":\"es\",\"@id\":\"https:\/\/abaa.mx\/tienda\/#\/schema\/logo\/image\/\",\"url\":\"https:\/\/abaa.mx\/tienda\/wp-content\/uploads\/2024\/01\/abaa-metrologia-tienda.png\",\"contentUrl\":\"https:\/\/abaa.mx\/tienda\/wp-content\/uploads\/2024\/01\/abaa-metrologia-tienda.png\",\"width\":300,\"height\":141,\"caption\":\"Abaa tienda online\"},\"image\":{\"@id\":\"https:\/\/abaa.mx\/tienda\/#\/schema\/logo\/image\/\"}}]}<\/script>\n<!-- \/ Yoast SEO plugin. -->","yoast_head_json":{"title":"Termohigr\u00f3metro bz06 trotec - Abaa tienda online","robots":{"index":"index","follow":"follow","max-snippet":"max-snippet:-1","max-image-preview":"max-image-preview:large","max-video-preview":"max-video-preview:-1"},"canonical":"https:\/\/abaa.mx\/tienda\/termohigrometro-bz06-trotec\/","og_locale":"es_MX","og_type":"article","og_title":"Termohigr\u00f3metro bz06 trotec - Abaa tienda online","og_description":"El termohigr\u00f3metro de dise\u00f1o moderno BZ06 le ofrece informaci\u00f3n r\u00e1pida de un vistazo. La pantalla digital de f\u00e1cil lectura muestra la temperatura interior actual (en \u00b0C o \u00b0F), la humedad del aire (en %), la fecha, el d\u00eda de la semana y la hora en d\u00edgitos grandes. Adem\u00e1s, el pron\u00f3stico del tiempo, representado gr\u00e1ficamente, le advierte de cambios meteorol\u00f3gicos inminentes. Un elemento especialmente atractivo y llamativo es la pantalla completamente transparente de esta estaci\u00f3n clim\u00e1tica para espacios interiores.","og_url":"https:\/\/abaa.mx\/tienda\/termohigrometro-bz06-trotec\/","og_site_name":"Abaa tienda online","article_modified_time":"2023-12-08T19:11:45+00:00","og_image":[{"width":1200,"height":1372,"url":"https:\/\/abaa.mx\/tienda\/wp-content\/uploads\/2023\/12\/Termohigometro-bz06-trotec.jpg","type":"image\/jpeg"}],"twitter_card":"summary_large_image","twitter_misc":{"Tiempo de lectura":"2 minutos"},"schema":{"@context":"https:\/\/schema.org","@graph":[{"@type":"WebPage","@id":"https:\/\/abaa.mx\/tienda\/termohigrometro-bz06-trotec\/","url":"https:\/\/abaa.mx\/tienda\/termohigrometro-bz06-trotec\/","name":"Termohigr\u00f3metro bz06 trotec - Abaa tienda online","isPartOf":{"@id":"https:\/\/abaa.mx\/tienda\/#website"},"primaryImageOfPage":{"@id":"https:\/\/abaa.mx\/tienda\/termohigrometro-bz06-trotec\/#primaryimage"},"image":{"@id":"https:\/\/abaa.mx\/tienda\/termohigrometro-bz06-trotec\/#primaryimage"},"thumbnailUrl":"https:\/\/abaa.mx\/tienda\/wp-content\/uploads\/2023\/12\/Termohigometro-bz06-trotec.jpg","datePublished":"2023-12-08T19:11:44+00:00","dateModified":"2023-12-08T19:11:45+00:00","breadcrumb":{"@id":"https:\/\/abaa.mx\/tienda\/termohigrometro-bz06-trotec\/#breadcrumb"},"inLanguage":"es","potentialAction":[{"@type":"ReadAction","target":["https:\/\/abaa.mx\/tienda\/termohigrometro-bz06-trotec\/"]}]},{"@type":"ImageObject","inLanguage":"es","@id":"https:\/\/abaa.mx\/tienda\/termohigrometro-bz06-trotec\/#primaryimage","url":"https:\/\/abaa.mx\/tienda\/wp-content\/uploads\/2023\/12\/Termohigometro-bz06-trotec.jpg","contentUrl":"https:\/\/abaa.mx\/tienda\/wp-content\/uploads\/2023\/12\/Termohigometro-bz06-trotec.jpg","width":1200,"height":1372,"caption":"Termohigometro bz06 trotec"},{"@type":"BreadcrumbList","@id":"https:\/\/abaa.mx\/tienda\/termohigrometro-bz06-trotec\/#breadcrumb","itemListElement":[{"@type":"ListItem","position":1,"name":"Inicio","item":"https:\/\/abaa.mx\/tienda\/"},{"@type":"ListItem","position":2,"name":"Tienda","item":"https:\/\/abaa.mx\/tienda\/"},{"@type":"ListItem","position":3,"name":"Termohigr\u00f3metro bz06 trotec"}]},{"@type":"WebSite","@id":"https:\/\/abaa.mx\/tienda\/#website","url":"https:\/\/abaa.mx\/tienda\/","name":"Abaa tienda online","description":"Instrumentos de medici\u00f3n","publisher":{"@id":"https:\/\/abaa.mx\/tienda\/#organization"},"potentialAction":[{"@type":"SearchAction","target":{"@type":"EntryPoint","urlTemplate":"https:\/\/abaa.mx\/tienda\/?s={search_term_string}"},"query-input":{"@type":"PropertyValueSpecification","valueRequired":true,"valueName":"search_term_string"}}],"inLanguage":"es"},{"@type":"Organization","@id":"https:\/\/abaa.mx\/tienda\/#organization","name":"Abaa tienda online","url":"https:\/\/abaa.mx\/tienda\/","logo":{"@type":"ImageObject","inLanguage":"es","@id":"https:\/\/abaa.mx\/tienda\/#\/schema\/logo\/image\/","url":"https:\/\/abaa.mx\/tienda\/wp-content\/uploads\/2024\/01\/abaa-metrologia-tienda.png","contentUrl":"https:\/\/abaa.mx\/tienda\/wp-content\/uploads\/2024\/01\/abaa-metrologia-tienda.png","width":300,"height":141,"caption":"Abaa tienda online"},"image":{"@id":"https:\/\/abaa.mx\/tienda\/#\/schema\/logo\/image\/"}}]}},"_links":{"self":[{"href":"https:\/\/abaa.mx\/tienda\/wp-json\/wp\/v2\/product\/9065","targetHints":{"allow":["GET"]}}],"collection":[{"href":"https:\/\/abaa.mx\/tienda\/wp-json\/wp\/v2\/product"}],"about":[{"href":"https:\/\/abaa.mx\/tienda\/wp-json\/wp\/v2\/types\/product"}],"replies":[{"embeddable":true,"href":"https:\/\/abaa.mx\/tienda\/wp-json\/wp\/v2\/comments?post=9065"}],"wp:featuredmedia":[{"embeddable":true,"href":"https:\/\/abaa.mx\/tienda\/wp-json\/wp\/v2\/media\/9704"}],"wp:attachment":[{"href":"https:\/\/abaa.mx\/tienda\/wp-json\/wp\/v2\/media?parent=9065"}],"wp:term":[{"taxonomy":"product_brand","embeddable":true,"href":"https:\/\/abaa.mx\/tienda\/wp-json\/wp\/v2\/product_brand?post=9065"},{"taxonomy":"product_cat","embeddable":true,"href":"https:\/\/abaa.mx\/tienda\/wp-json\/wp\/v2\/product_cat?post=9065"},{"taxonomy":"product_tag","embeddable":true,"href":"https:\/\/abaa.mx\/tienda\/wp-json\/wp\/v2\/product_tag?post=9065"}],"curies":[{"name":"wp","href":"https:\/\/api.w.org\/{rel}","templated":true}]}}