{"id":9064,"date":"2023-12-08T19:29:24","date_gmt":"2023-12-08T19:29:24","guid":{"rendered":"https:\/\/abaa.mx\/tienda\/?post_type=product&#038;p=9064"},"modified":"2023-12-08T19:30:25","modified_gmt":"2023-12-08T19:30:25","slug":"amperimetro-de-gancho-be44-trotec","status":"publish","type":"product","link":"https:\/\/abaa.mx\/tienda\/amperimetro-de-gancho-be44-trotec\/","title":{"rendered":"Amper\u00edmetro de gancho be44 trotec"},"content":{"rendered":"<p>Con la pinza amperim\u00e9trica compacta BE44, siempre estar\u00e1 seguro con mediciones de tensi\u00f3n alterna de hasta 750 voltios. Usted rodea con la pinza el conductor el\u00e9ctrico y el dispositivo de medici\u00f3n detecta sin contacto si hay tensi\u00f3n al medir el campo electromagn\u00e9tico. Este &#8216;aislamiento galv\u00e1nico&#8217; evita cualquier contacto directo entre el circuito a medir, lo que tambi\u00e9n permite realizar pruebas en sistemas en funcionamiento.<br \/>\nAdem\u00e1s, la pinza le permite medir corrientes de hasta 1.000 A as\u00ed como determinar la tensi\u00f3n continua hasta 1.000 voltios, los cuales pueden ser ajustados manual o autom\u00e1ticamente a trav\u00e9s de la selecci\u00f3n de rango. La pinza de corriente BE44 es el instrumento de medici\u00f3n ideal para los apasionados de los autom\u00f3viles y los profesionales del sector automotriz, ya que tambi\u00e9n se puede utilizar, por ejemplo, para comprobar la instalaci\u00f3n el\u00e9ctrica de un autom\u00f3vil.<\/p>\n<p><strong>Basta un giro para pasar a la siguiente medici\u00f3n:<\/strong><\/p>\n<p>La BE44 dispone de todas las funciones de medici\u00f3n est\u00e1ndar, como la medici\u00f3n de la resistencia, del ciclo de trabajo y de la frecuencia, que se pueden seleccionar f\u00e1cilmente con el c\u00f3modo interruptor giratorio. Puede ver m\u00e1s informaci\u00f3n en la pantalla LCD: El indicador en forma de gr\u00e1fico de barras le muestra cu\u00e1n cerca est\u00e1 usted de un conductor el\u00e9ctrico o de su campo magn\u00e9tico. El comprobador de diodos y la prueba de continuidad tambi\u00e9n le permiten comprobar de forma fiable, por ejemplo, la instalaci\u00f3n el\u00e9ctrica de un autom\u00f3vil.<\/p>\n<p><strong>Con el equipamiento de un aut\u00e9ntico profesional:<\/strong><\/p>\n<p>Todos los resultados de la medici\u00f3n se muestran en la pantalla LCD de 1,8 pulgadas con iluminaci\u00f3n de fondo. Adem\u00e1s, la pinza amperim\u00e9trica cuenta con caracter\u00edsticas como la funci\u00f3n HOLD, los indicadores de polaridad y sobrecarga y una pantalla MIN\/MAX. Adem\u00e1s, la funci\u00f3n de desconexi\u00f3n autom\u00e1tica con ahorro de bater\u00eda y un indicador de baja capacidad de bater\u00eda garantizan un funcionamiento sin problemas del BE44, al igual que la luz LED integrada entre las dos mand\u00edbulas de las pinzas para un trabajo seguro incluso en condiciones de poca luz.<\/p>\n","protected":false},"excerpt":{"rendered":"<p>El medidor le permite medir corrientes continuas y alternas de hasta 1.000 A as\u00ed como determinar la tensi\u00f3n continua hasta 1.000 voltios, pudi\u00e9ndose ajustar ambas cosas a trav\u00e9s de la selecci\u00f3n del rango manual o autom\u00e1tica. Como de esa manera tambi\u00e9n se puede comprobar la red de corriente continua de veh\u00edculos, la pinza amperim\u00e9trica BE44 es el medidor ideal justamente para aficionados a la mec\u00e1nica automotriz y para profesionales del sector automovil\u00edstico.<\/p>\n","protected":false},"featured_media":9706,"comment_status":"open","ping_status":"closed","template":"","meta":{"_joinchat":[]},"product_brand":[],"product_cat":[15],"product_tag":[],"class_list":{"0":"post-9064","1":"product","2":"type-product","3":"status-publish","4":"has-post-thumbnail","6":"product_cat-sin-categorizar","8":"first","9":"instock","10":"shipping-taxable","11":"product-type-simple"},"yoast_head":"<!-- This site is optimized with the Yoast SEO plugin v26.4 - https:\/\/yoast.com\/wordpress\/plugins\/seo\/ -->\n<title>Amper\u00edmetro de gancho be44 trotec - Abaa tienda online<\/title>\n<meta name=\"robots\" content=\"index, follow, max-snippet:-1, max-image-preview:large, max-video-preview:-1\" \/>\n<link rel=\"canonical\" href=\"https:\/\/abaa.mx\/tienda\/amperimetro-de-gancho-be44-trotec\/\" \/>\n<meta property=\"og:locale\" content=\"es_MX\" \/>\n<meta property=\"og:type\" content=\"article\" \/>\n<meta property=\"og:title\" content=\"Amper\u00edmetro de gancho be44 trotec - Abaa tienda online\" \/>\n<meta property=\"og:description\" content=\"El medidor le permite medir corrientes continuas y alternas de hasta 1.000 A as\u00ed como determinar la tensi\u00f3n continua hasta 1.000 voltios, pudi\u00e9ndose ajustar ambas cosas a trav\u00e9s de la selecci\u00f3n del rango manual o autom\u00e1tica. Como de esa manera tambi\u00e9n se puede comprobar la red de corriente continua de veh\u00edculos, la pinza amperim\u00e9trica BE44 es el medidor ideal justamente para aficionados a la mec\u00e1nica automotriz y para profesionales del sector automovil\u00edstico.\" \/>\n<meta property=\"og:url\" content=\"https:\/\/abaa.mx\/tienda\/amperimetro-de-gancho-be44-trotec\/\" \/>\n<meta property=\"og:site_name\" content=\"Abaa tienda online\" \/>\n<meta property=\"article:modified_time\" content=\"2023-12-08T19:30:25+00:00\" \/>\n<meta property=\"og:image\" content=\"https:\/\/abaa.mx\/tienda\/wp-content\/uploads\/2023\/12\/Amperimetro-de-gancho-be44.jpg\" \/>\n\t<meta property=\"og:image:width\" content=\"444\" \/>\n\t<meta property=\"og:image:height\" content=\"602\" \/>\n\t<meta property=\"og:image:type\" content=\"image\/jpeg\" \/>\n<meta name=\"twitter:card\" content=\"summary_large_image\" \/>\n<meta name=\"twitter:label1\" content=\"Tiempo de lectura\" \/>\n\t<meta name=\"twitter:data1\" content=\"2 minutos\" \/>\n<script type=\"application\/ld+json\" class=\"yoast-schema-graph\">{\"@context\":\"https:\/\/schema.org\",\"@graph\":[{\"@type\":\"WebPage\",\"@id\":\"https:\/\/abaa.mx\/tienda\/amperimetro-de-gancho-be44-trotec\/\",\"url\":\"https:\/\/abaa.mx\/tienda\/amperimetro-de-gancho-be44-trotec\/\",\"name\":\"Amper\u00edmetro de gancho be44 trotec - Abaa tienda online\",\"isPartOf\":{\"@id\":\"https:\/\/abaa.mx\/tienda\/#website\"},\"primaryImageOfPage\":{\"@id\":\"https:\/\/abaa.mx\/tienda\/amperimetro-de-gancho-be44-trotec\/#primaryimage\"},\"image\":{\"@id\":\"https:\/\/abaa.mx\/tienda\/amperimetro-de-gancho-be44-trotec\/#primaryimage\"},\"thumbnailUrl\":\"https:\/\/abaa.mx\/tienda\/wp-content\/uploads\/2023\/12\/Amperimetro-de-gancho-be44.jpg\",\"datePublished\":\"2023-12-08T19:29:24+00:00\",\"dateModified\":\"2023-12-08T19:30:25+00:00\",\"breadcrumb\":{\"@id\":\"https:\/\/abaa.mx\/tienda\/amperimetro-de-gancho-be44-trotec\/#breadcrumb\"},\"inLanguage\":\"es\",\"potentialAction\":[{\"@type\":\"ReadAction\",\"target\":[\"https:\/\/abaa.mx\/tienda\/amperimetro-de-gancho-be44-trotec\/\"]}]},{\"@type\":\"ImageObject\",\"inLanguage\":\"es\",\"@id\":\"https:\/\/abaa.mx\/tienda\/amperimetro-de-gancho-be44-trotec\/#primaryimage\",\"url\":\"https:\/\/abaa.mx\/tienda\/wp-content\/uploads\/2023\/12\/Amperimetro-de-gancho-be44.jpg\",\"contentUrl\":\"https:\/\/abaa.mx\/tienda\/wp-content\/uploads\/2023\/12\/Amperimetro-de-gancho-be44.jpg\",\"width\":444,\"height\":602,\"caption\":\"Amperimetro de gancho be44\"},{\"@type\":\"BreadcrumbList\",\"@id\":\"https:\/\/abaa.mx\/tienda\/amperimetro-de-gancho-be44-trotec\/#breadcrumb\",\"itemListElement\":[{\"@type\":\"ListItem\",\"position\":1,\"name\":\"Inicio\",\"item\":\"https:\/\/abaa.mx\/tienda\/\"},{\"@type\":\"ListItem\",\"position\":2,\"name\":\"Tienda\",\"item\":\"https:\/\/abaa.mx\/tienda\/\"},{\"@type\":\"ListItem\",\"position\":3,\"name\":\"Amper\u00edmetro de gancho be44 trotec\"}]},{\"@type\":\"WebSite\",\"@id\":\"https:\/\/abaa.mx\/tienda\/#website\",\"url\":\"https:\/\/abaa.mx\/tienda\/\",\"name\":\"Abaa tienda online\",\"description\":\"Instrumentos de medici\u00f3n\",\"publisher\":{\"@id\":\"https:\/\/abaa.mx\/tienda\/#organization\"},\"potentialAction\":[{\"@type\":\"SearchAction\",\"target\":{\"@type\":\"EntryPoint\",\"urlTemplate\":\"https:\/\/abaa.mx\/tienda\/?s={search_term_string}\"},\"query-input\":{\"@type\":\"PropertyValueSpecification\",\"valueRequired\":true,\"valueName\":\"search_term_string\"}}],\"inLanguage\":\"es\"},{\"@type\":\"Organization\",\"@id\":\"https:\/\/abaa.mx\/tienda\/#organization\",\"name\":\"Abaa tienda online\",\"url\":\"https:\/\/abaa.mx\/tienda\/\",\"logo\":{\"@type\":\"ImageObject\",\"inLanguage\":\"es\",\"@id\":\"https:\/\/abaa.mx\/tienda\/#\/schema\/logo\/image\/\",\"url\":\"https:\/\/abaa.mx\/tienda\/wp-content\/uploads\/2024\/01\/abaa-metrologia-tienda.png\",\"contentUrl\":\"https:\/\/abaa.mx\/tienda\/wp-content\/uploads\/2024\/01\/abaa-metrologia-tienda.png\",\"width\":300,\"height\":141,\"caption\":\"Abaa tienda online\"},\"image\":{\"@id\":\"https:\/\/abaa.mx\/tienda\/#\/schema\/logo\/image\/\"}}]}<\/script>\n<!-- \/ Yoast SEO plugin. -->","yoast_head_json":{"title":"Amper\u00edmetro de gancho be44 trotec - Abaa tienda online","robots":{"index":"index","follow":"follow","max-snippet":"max-snippet:-1","max-image-preview":"max-image-preview:large","max-video-preview":"max-video-preview:-1"},"canonical":"https:\/\/abaa.mx\/tienda\/amperimetro-de-gancho-be44-trotec\/","og_locale":"es_MX","og_type":"article","og_title":"Amper\u00edmetro de gancho be44 trotec - Abaa tienda online","og_description":"El medidor le permite medir corrientes continuas y alternas de hasta 1.000 A as\u00ed como determinar la tensi\u00f3n continua hasta 1.000 voltios, pudi\u00e9ndose ajustar ambas cosas a trav\u00e9s de la selecci\u00f3n del rango manual o autom\u00e1tica. Como de esa manera tambi\u00e9n se puede comprobar la red de corriente continua de veh\u00edculos, la pinza amperim\u00e9trica BE44 es el medidor ideal justamente para aficionados a la mec\u00e1nica automotriz y para profesionales del sector automovil\u00edstico.","og_url":"https:\/\/abaa.mx\/tienda\/amperimetro-de-gancho-be44-trotec\/","og_site_name":"Abaa tienda online","article_modified_time":"2023-12-08T19:30:25+00:00","og_image":[{"width":444,"height":602,"url":"https:\/\/abaa.mx\/tienda\/wp-content\/uploads\/2023\/12\/Amperimetro-de-gancho-be44.jpg","type":"image\/jpeg"}],"twitter_card":"summary_large_image","twitter_misc":{"Tiempo de lectura":"2 minutos"},"schema":{"@context":"https:\/\/schema.org","@graph":[{"@type":"WebPage","@id":"https:\/\/abaa.mx\/tienda\/amperimetro-de-gancho-be44-trotec\/","url":"https:\/\/abaa.mx\/tienda\/amperimetro-de-gancho-be44-trotec\/","name":"Amper\u00edmetro de gancho be44 trotec - Abaa tienda online","isPartOf":{"@id":"https:\/\/abaa.mx\/tienda\/#website"},"primaryImageOfPage":{"@id":"https:\/\/abaa.mx\/tienda\/amperimetro-de-gancho-be44-trotec\/#primaryimage"},"image":{"@id":"https:\/\/abaa.mx\/tienda\/amperimetro-de-gancho-be44-trotec\/#primaryimage"},"thumbnailUrl":"https:\/\/abaa.mx\/tienda\/wp-content\/uploads\/2023\/12\/Amperimetro-de-gancho-be44.jpg","datePublished":"2023-12-08T19:29:24+00:00","dateModified":"2023-12-08T19:30:25+00:00","breadcrumb":{"@id":"https:\/\/abaa.mx\/tienda\/amperimetro-de-gancho-be44-trotec\/#breadcrumb"},"inLanguage":"es","potentialAction":[{"@type":"ReadAction","target":["https:\/\/abaa.mx\/tienda\/amperimetro-de-gancho-be44-trotec\/"]}]},{"@type":"ImageObject","inLanguage":"es","@id":"https:\/\/abaa.mx\/tienda\/amperimetro-de-gancho-be44-trotec\/#primaryimage","url":"https:\/\/abaa.mx\/tienda\/wp-content\/uploads\/2023\/12\/Amperimetro-de-gancho-be44.jpg","contentUrl":"https:\/\/abaa.mx\/tienda\/wp-content\/uploads\/2023\/12\/Amperimetro-de-gancho-be44.jpg","width":444,"height":602,"caption":"Amperimetro de gancho be44"},{"@type":"BreadcrumbList","@id":"https:\/\/abaa.mx\/tienda\/amperimetro-de-gancho-be44-trotec\/#breadcrumb","itemListElement":[{"@type":"ListItem","position":1,"name":"Inicio","item":"https:\/\/abaa.mx\/tienda\/"},{"@type":"ListItem","position":2,"name":"Tienda","item":"https:\/\/abaa.mx\/tienda\/"},{"@type":"ListItem","position":3,"name":"Amper\u00edmetro de gancho be44 trotec"}]},{"@type":"WebSite","@id":"https:\/\/abaa.mx\/tienda\/#website","url":"https:\/\/abaa.mx\/tienda\/","name":"Abaa tienda online","description":"Instrumentos de medici\u00f3n","publisher":{"@id":"https:\/\/abaa.mx\/tienda\/#organization"},"potentialAction":[{"@type":"SearchAction","target":{"@type":"EntryPoint","urlTemplate":"https:\/\/abaa.mx\/tienda\/?s={search_term_string}"},"query-input":{"@type":"PropertyValueSpecification","valueRequired":true,"valueName":"search_term_string"}}],"inLanguage":"es"},{"@type":"Organization","@id":"https:\/\/abaa.mx\/tienda\/#organization","name":"Abaa tienda online","url":"https:\/\/abaa.mx\/tienda\/","logo":{"@type":"ImageObject","inLanguage":"es","@id":"https:\/\/abaa.mx\/tienda\/#\/schema\/logo\/image\/","url":"https:\/\/abaa.mx\/tienda\/wp-content\/uploads\/2024\/01\/abaa-metrologia-tienda.png","contentUrl":"https:\/\/abaa.mx\/tienda\/wp-content\/uploads\/2024\/01\/abaa-metrologia-tienda.png","width":300,"height":141,"caption":"Abaa tienda online"},"image":{"@id":"https:\/\/abaa.mx\/tienda\/#\/schema\/logo\/image\/"}}]}},"_links":{"self":[{"href":"https:\/\/abaa.mx\/tienda\/wp-json\/wp\/v2\/product\/9064","targetHints":{"allow":["GET"]}}],"collection":[{"href":"https:\/\/abaa.mx\/tienda\/wp-json\/wp\/v2\/product"}],"about":[{"href":"https:\/\/abaa.mx\/tienda\/wp-json\/wp\/v2\/types\/product"}],"replies":[{"embeddable":true,"href":"https:\/\/abaa.mx\/tienda\/wp-json\/wp\/v2\/comments?post=9064"}],"wp:featuredmedia":[{"embeddable":true,"href":"https:\/\/abaa.mx\/tienda\/wp-json\/wp\/v2\/media\/9706"}],"wp:attachment":[{"href":"https:\/\/abaa.mx\/tienda\/wp-json\/wp\/v2\/media?parent=9064"}],"wp:term":[{"taxonomy":"product_brand","embeddable":true,"href":"https:\/\/abaa.mx\/tienda\/wp-json\/wp\/v2\/product_brand?post=9064"},{"taxonomy":"product_cat","embeddable":true,"href":"https:\/\/abaa.mx\/tienda\/wp-json\/wp\/v2\/product_cat?post=9064"},{"taxonomy":"product_tag","embeddable":true,"href":"https:\/\/abaa.mx\/tienda\/wp-json\/wp\/v2\/product_tag?post=9064"}],"curies":[{"name":"wp","href":"https:\/\/api.w.org\/{rel}","templated":true}]}}