{"id":9061,"date":"2023-11-17T20:01:33","date_gmt":"2023-11-17T20:01:33","guid":{"rendered":"https:\/\/abaa.mx\/tienda\/?post_type=product&#038;p=9061"},"modified":"2023-11-17T20:01:34","modified_gmt":"2023-11-17T20:01:34","slug":"medidor-de-resistencia-a-tierra-de-4-varillas-y-resistividad-de-terreno-4236er","status":"publish","type":"product","link":"https:\/\/abaa.mx\/tienda\/medidor-de-resistencia-a-tierra-de-4-varillas-y-resistividad-de-terreno-4236er\/","title":{"rendered":"Medidor de Resistencia a Tierra de 4 varillas y Resistividad de Terreno &#8211; 4236ER"},"content":{"rendered":"<p>Medidor de Resistencia a Tierra de 4 varillas y Resistividad de Terreno &#8211; 4236ER.<\/p>\n","protected":false},"excerpt":{"rendered":"<p>Probador de resistencia de tierra \/ resistividad de tierra de 4 cables.<\/p>\n<p><b>Caracter\u00edsticas:<\/b><\/p>\n<ul>\n<li>dici\u00f3n de voltaje de tierra: 0-300V AC.<\/li>\n<li>Rango autom\u00e1tico.<\/li>\n<li>Los datos almacenados se pueden transferir a una PC.<\/li>\n<li>Comprobaci\u00f3n autom\u00e1tica de picos C.<\/li>\n<li>Se pueden guardar 200 resultados de medici\u00f3n en la memoria y se recuerda en la pantalla.<\/li>\n<li>Transmisi\u00f3n de datos de USB \u00f3ptico a RS-232.<\/li>\n<li>Pantalla LCM.<\/li>\n<li>Apagado autom\u00e1tico.<\/li>\n<li>2 LED \u00f3pticos integrados para la transferencia de datos.<\/li>\n<li>Comprobaci\u00f3n autom\u00e1tica de picos de P.<\/li>\n<li>El intervalo entre picos de tierra auxiliares es de 1.0 ~ 50.0 m.<\/li>\n<li>Prueba de tierra a 20?, 200?, 2k?.<\/li>\n<li>Prueba de resistividad de tierra (?).<\/li>\n<li>Retenci\u00f3n de datos.<\/li>\n<li>Controlado por microprocesador.<\/li>\n<li>Prueba de 2 cables, prueba de 3 cables, prueba de 4 cables.<\/li>\n<\/ul>\n<p><img loading=\"lazy\" decoding=\"async\" class=\"\" src=\"https:\/\/cdn.shopify.com\/s\/files\/1\/0546\/7475\/1675\/files\/sw-4236er_480x480.png?v=1683246394\" width=\"405\" height=\"552\" \/><\/p>\n","protected":false},"featured_media":9062,"comment_status":"open","ping_status":"closed","template":"","meta":{"_joinchat":[]},"product_brand":[],"product_cat":[135],"product_tag":[],"class_list":{"0":"post-9061","1":"product","2":"type-product","3":"status-publish","4":"has-post-thumbnail","6":"product_cat-terrometros","8":"first","9":"instock","10":"shipping-taxable","11":"product-type-simple"},"yoast_head":"<!-- This site is optimized with the Yoast SEO plugin v26.4 - https:\/\/yoast.com\/wordpress\/plugins\/seo\/ -->\n<title>Medidor de Resistencia a Tierra de 4 varillas y Resistividad de Terreno - 4236ER - Abaa tienda online<\/title>\n<meta name=\"robots\" content=\"index, follow, max-snippet:-1, max-image-preview:large, max-video-preview:-1\" \/>\n<link rel=\"canonical\" href=\"https:\/\/abaa.mx\/tienda\/medidor-de-resistencia-a-tierra-de-4-varillas-y-resistividad-de-terreno-4236er\/\" \/>\n<meta property=\"og:locale\" content=\"es_MX\" \/>\n<meta property=\"og:type\" content=\"article\" \/>\n<meta property=\"og:title\" content=\"Medidor de Resistencia a Tierra de 4 varillas y Resistividad de Terreno - 4236ER - Abaa tienda online\" \/>\n<meta property=\"og:description\" content=\"Probador de resistencia de tierra \/ resistividad de tierra de 4 cables.  Caracter\u00edsticas:   dici\u00f3n de voltaje de tierra: 0-300V AC.  Rango autom\u00e1tico.  Los datos almacenados se pueden transferir a una PC.  Comprobaci\u00f3n autom\u00e1tica de picos C.  Se pueden guardar 200 resultados de medici\u00f3n en la memoria y se recuerda en la pantalla.  Transmisi\u00f3n de datos de USB \u00f3ptico a RS-232.  Pantalla LCM.  Apagado autom\u00e1tico.  2 LED \u00f3pticos integrados para la transferencia de datos.  Comprobaci\u00f3n autom\u00e1tica de picos de P.  El intervalo entre picos de tierra auxiliares es de 1.0 ~ 50.0 m.  Prueba de tierra a 20?, 200?, 2k?.  Prueba de resistividad de tierra (?).  Retenci\u00f3n de datos.  Controlado por microprocesador.  Prueba de 2 cables, prueba de 3 cables, prueba de 4 cables.\" \/>\n<meta property=\"og:url\" content=\"https:\/\/abaa.mx\/tienda\/medidor-de-resistencia-a-tierra-de-4-varillas-y-resistividad-de-terreno-4236er\/\" \/>\n<meta property=\"og:site_name\" content=\"Abaa tienda online\" \/>\n<meta property=\"article:modified_time\" content=\"2023-11-17T20:01:34+00:00\" \/>\n<meta property=\"og:image\" content=\"https:\/\/abaa.mx\/tienda\/wp-content\/uploads\/2023\/11\/SEW-4236ER.jpg\" \/>\n\t<meta property=\"og:image:width\" content=\"624\" \/>\n\t<meta property=\"og:image:height\" content=\"412\" \/>\n\t<meta property=\"og:image:type\" content=\"image\/jpeg\" \/>\n<meta name=\"twitter:card\" content=\"summary_large_image\" \/>\n<meta name=\"twitter:label1\" content=\"Tiempo de lectura\" \/>\n\t<meta name=\"twitter:data1\" content=\"1 minuto\" \/>\n<script type=\"application\/ld+json\" class=\"yoast-schema-graph\">{\"@context\":\"https:\/\/schema.org\",\"@graph\":[{\"@type\":\"WebPage\",\"@id\":\"https:\/\/abaa.mx\/tienda\/medidor-de-resistencia-a-tierra-de-4-varillas-y-resistividad-de-terreno-4236er\/\",\"url\":\"https:\/\/abaa.mx\/tienda\/medidor-de-resistencia-a-tierra-de-4-varillas-y-resistividad-de-terreno-4236er\/\",\"name\":\"Medidor de Resistencia a Tierra de 4 varillas y Resistividad de Terreno - 4236ER - Abaa tienda online\",\"isPartOf\":{\"@id\":\"https:\/\/abaa.mx\/tienda\/#website\"},\"primaryImageOfPage\":{\"@id\":\"https:\/\/abaa.mx\/tienda\/medidor-de-resistencia-a-tierra-de-4-varillas-y-resistividad-de-terreno-4236er\/#primaryimage\"},\"image\":{\"@id\":\"https:\/\/abaa.mx\/tienda\/medidor-de-resistencia-a-tierra-de-4-varillas-y-resistividad-de-terreno-4236er\/#primaryimage\"},\"thumbnailUrl\":\"https:\/\/abaa.mx\/tienda\/wp-content\/uploads\/2023\/11\/SEW-4236ER.jpg\",\"datePublished\":\"2023-11-17T20:01:33+00:00\",\"dateModified\":\"2023-11-17T20:01:34+00:00\",\"breadcrumb\":{\"@id\":\"https:\/\/abaa.mx\/tienda\/medidor-de-resistencia-a-tierra-de-4-varillas-y-resistividad-de-terreno-4236er\/#breadcrumb\"},\"inLanguage\":\"es\",\"potentialAction\":[{\"@type\":\"ReadAction\",\"target\":[\"https:\/\/abaa.mx\/tienda\/medidor-de-resistencia-a-tierra-de-4-varillas-y-resistividad-de-terreno-4236er\/\"]}]},{\"@type\":\"ImageObject\",\"inLanguage\":\"es\",\"@id\":\"https:\/\/abaa.mx\/tienda\/medidor-de-resistencia-a-tierra-de-4-varillas-y-resistividad-de-terreno-4236er\/#primaryimage\",\"url\":\"https:\/\/abaa.mx\/tienda\/wp-content\/uploads\/2023\/11\/SEW-4236ER.jpg\",\"contentUrl\":\"https:\/\/abaa.mx\/tienda\/wp-content\/uploads\/2023\/11\/SEW-4236ER.jpg\",\"width\":624,\"height\":412,\"caption\":\"SEW-4236ER\"},{\"@type\":\"BreadcrumbList\",\"@id\":\"https:\/\/abaa.mx\/tienda\/medidor-de-resistencia-a-tierra-de-4-varillas-y-resistividad-de-terreno-4236er\/#breadcrumb\",\"itemListElement\":[{\"@type\":\"ListItem\",\"position\":1,\"name\":\"Inicio\",\"item\":\"https:\/\/abaa.mx\/tienda\/\"},{\"@type\":\"ListItem\",\"position\":2,\"name\":\"Tienda\",\"item\":\"https:\/\/abaa.mx\/tienda\/\"},{\"@type\":\"ListItem\",\"position\":3,\"name\":\"Medidor de Resistencia a Tierra de 4 varillas y Resistividad de Terreno &#8211; 4236ER\"}]},{\"@type\":\"WebSite\",\"@id\":\"https:\/\/abaa.mx\/tienda\/#website\",\"url\":\"https:\/\/abaa.mx\/tienda\/\",\"name\":\"Abaa tienda online\",\"description\":\"Instrumentos de medici\u00f3n\",\"publisher\":{\"@id\":\"https:\/\/abaa.mx\/tienda\/#organization\"},\"potentialAction\":[{\"@type\":\"SearchAction\",\"target\":{\"@type\":\"EntryPoint\",\"urlTemplate\":\"https:\/\/abaa.mx\/tienda\/?s={search_term_string}\"},\"query-input\":{\"@type\":\"PropertyValueSpecification\",\"valueRequired\":true,\"valueName\":\"search_term_string\"}}],\"inLanguage\":\"es\"},{\"@type\":\"Organization\",\"@id\":\"https:\/\/abaa.mx\/tienda\/#organization\",\"name\":\"Abaa tienda online\",\"url\":\"https:\/\/abaa.mx\/tienda\/\",\"logo\":{\"@type\":\"ImageObject\",\"inLanguage\":\"es\",\"@id\":\"https:\/\/abaa.mx\/tienda\/#\/schema\/logo\/image\/\",\"url\":\"https:\/\/abaa.mx\/tienda\/wp-content\/uploads\/2024\/01\/abaa-metrologia-tienda.png\",\"contentUrl\":\"https:\/\/abaa.mx\/tienda\/wp-content\/uploads\/2024\/01\/abaa-metrologia-tienda.png\",\"width\":300,\"height\":141,\"caption\":\"Abaa tienda online\"},\"image\":{\"@id\":\"https:\/\/abaa.mx\/tienda\/#\/schema\/logo\/image\/\"}}]}<\/script>\n<!-- \/ Yoast SEO plugin. -->","yoast_head_json":{"title":"Medidor de Resistencia a Tierra de 4 varillas y Resistividad de Terreno - 4236ER - Abaa tienda online","robots":{"index":"index","follow":"follow","max-snippet":"max-snippet:-1","max-image-preview":"max-image-preview:large","max-video-preview":"max-video-preview:-1"},"canonical":"https:\/\/abaa.mx\/tienda\/medidor-de-resistencia-a-tierra-de-4-varillas-y-resistividad-de-terreno-4236er\/","og_locale":"es_MX","og_type":"article","og_title":"Medidor de Resistencia a Tierra de 4 varillas y Resistividad de Terreno - 4236ER - Abaa tienda online","og_description":"Probador de resistencia de tierra \/ resistividad de tierra de 4 cables.  Caracter\u00edsticas:   dici\u00f3n de voltaje de tierra: 0-300V AC.  Rango autom\u00e1tico.  Los datos almacenados se pueden transferir a una PC.  Comprobaci\u00f3n autom\u00e1tica de picos C.  Se pueden guardar 200 resultados de medici\u00f3n en la memoria y se recuerda en la pantalla.  Transmisi\u00f3n de datos de USB \u00f3ptico a RS-232.  Pantalla LCM.  Apagado autom\u00e1tico.  2 LED \u00f3pticos integrados para la transferencia de datos.  Comprobaci\u00f3n autom\u00e1tica de picos de P.  El intervalo entre picos de tierra auxiliares es de 1.0 ~ 50.0 m.  Prueba de tierra a 20?, 200?, 2k?.  Prueba de resistividad de tierra (?).  Retenci\u00f3n de datos.  Controlado por microprocesador.  Prueba de 2 cables, prueba de 3 cables, prueba de 4 cables.","og_url":"https:\/\/abaa.mx\/tienda\/medidor-de-resistencia-a-tierra-de-4-varillas-y-resistividad-de-terreno-4236er\/","og_site_name":"Abaa tienda online","article_modified_time":"2023-11-17T20:01:34+00:00","og_image":[{"width":624,"height":412,"url":"https:\/\/abaa.mx\/tienda\/wp-content\/uploads\/2023\/11\/SEW-4236ER.jpg","type":"image\/jpeg"}],"twitter_card":"summary_large_image","twitter_misc":{"Tiempo de lectura":"1 minuto"},"schema":{"@context":"https:\/\/schema.org","@graph":[{"@type":"WebPage","@id":"https:\/\/abaa.mx\/tienda\/medidor-de-resistencia-a-tierra-de-4-varillas-y-resistividad-de-terreno-4236er\/","url":"https:\/\/abaa.mx\/tienda\/medidor-de-resistencia-a-tierra-de-4-varillas-y-resistividad-de-terreno-4236er\/","name":"Medidor de Resistencia a Tierra de 4 varillas y Resistividad de Terreno - 4236ER - Abaa tienda online","isPartOf":{"@id":"https:\/\/abaa.mx\/tienda\/#website"},"primaryImageOfPage":{"@id":"https:\/\/abaa.mx\/tienda\/medidor-de-resistencia-a-tierra-de-4-varillas-y-resistividad-de-terreno-4236er\/#primaryimage"},"image":{"@id":"https:\/\/abaa.mx\/tienda\/medidor-de-resistencia-a-tierra-de-4-varillas-y-resistividad-de-terreno-4236er\/#primaryimage"},"thumbnailUrl":"https:\/\/abaa.mx\/tienda\/wp-content\/uploads\/2023\/11\/SEW-4236ER.jpg","datePublished":"2023-11-17T20:01:33+00:00","dateModified":"2023-11-17T20:01:34+00:00","breadcrumb":{"@id":"https:\/\/abaa.mx\/tienda\/medidor-de-resistencia-a-tierra-de-4-varillas-y-resistividad-de-terreno-4236er\/#breadcrumb"},"inLanguage":"es","potentialAction":[{"@type":"ReadAction","target":["https:\/\/abaa.mx\/tienda\/medidor-de-resistencia-a-tierra-de-4-varillas-y-resistividad-de-terreno-4236er\/"]}]},{"@type":"ImageObject","inLanguage":"es","@id":"https:\/\/abaa.mx\/tienda\/medidor-de-resistencia-a-tierra-de-4-varillas-y-resistividad-de-terreno-4236er\/#primaryimage","url":"https:\/\/abaa.mx\/tienda\/wp-content\/uploads\/2023\/11\/SEW-4236ER.jpg","contentUrl":"https:\/\/abaa.mx\/tienda\/wp-content\/uploads\/2023\/11\/SEW-4236ER.jpg","width":624,"height":412,"caption":"SEW-4236ER"},{"@type":"BreadcrumbList","@id":"https:\/\/abaa.mx\/tienda\/medidor-de-resistencia-a-tierra-de-4-varillas-y-resistividad-de-terreno-4236er\/#breadcrumb","itemListElement":[{"@type":"ListItem","position":1,"name":"Inicio","item":"https:\/\/abaa.mx\/tienda\/"},{"@type":"ListItem","position":2,"name":"Tienda","item":"https:\/\/abaa.mx\/tienda\/"},{"@type":"ListItem","position":3,"name":"Medidor de Resistencia a Tierra de 4 varillas y Resistividad de Terreno &#8211; 4236ER"}]},{"@type":"WebSite","@id":"https:\/\/abaa.mx\/tienda\/#website","url":"https:\/\/abaa.mx\/tienda\/","name":"Abaa tienda online","description":"Instrumentos de medici\u00f3n","publisher":{"@id":"https:\/\/abaa.mx\/tienda\/#organization"},"potentialAction":[{"@type":"SearchAction","target":{"@type":"EntryPoint","urlTemplate":"https:\/\/abaa.mx\/tienda\/?s={search_term_string}"},"query-input":{"@type":"PropertyValueSpecification","valueRequired":true,"valueName":"search_term_string"}}],"inLanguage":"es"},{"@type":"Organization","@id":"https:\/\/abaa.mx\/tienda\/#organization","name":"Abaa tienda online","url":"https:\/\/abaa.mx\/tienda\/","logo":{"@type":"ImageObject","inLanguage":"es","@id":"https:\/\/abaa.mx\/tienda\/#\/schema\/logo\/image\/","url":"https:\/\/abaa.mx\/tienda\/wp-content\/uploads\/2024\/01\/abaa-metrologia-tienda.png","contentUrl":"https:\/\/abaa.mx\/tienda\/wp-content\/uploads\/2024\/01\/abaa-metrologia-tienda.png","width":300,"height":141,"caption":"Abaa tienda online"},"image":{"@id":"https:\/\/abaa.mx\/tienda\/#\/schema\/logo\/image\/"}}]}},"_links":{"self":[{"href":"https:\/\/abaa.mx\/tienda\/wp-json\/wp\/v2\/product\/9061","targetHints":{"allow":["GET"]}}],"collection":[{"href":"https:\/\/abaa.mx\/tienda\/wp-json\/wp\/v2\/product"}],"about":[{"href":"https:\/\/abaa.mx\/tienda\/wp-json\/wp\/v2\/types\/product"}],"replies":[{"embeddable":true,"href":"https:\/\/abaa.mx\/tienda\/wp-json\/wp\/v2\/comments?post=9061"}],"wp:featuredmedia":[{"embeddable":true,"href":"https:\/\/abaa.mx\/tienda\/wp-json\/wp\/v2\/media\/9062"}],"wp:attachment":[{"href":"https:\/\/abaa.mx\/tienda\/wp-json\/wp\/v2\/media?parent=9061"}],"wp:term":[{"taxonomy":"product_brand","embeddable":true,"href":"https:\/\/abaa.mx\/tienda\/wp-json\/wp\/v2\/product_brand?post=9061"},{"taxonomy":"product_cat","embeddable":true,"href":"https:\/\/abaa.mx\/tienda\/wp-json\/wp\/v2\/product_cat?post=9061"},{"taxonomy":"product_tag","embeddable":true,"href":"https:\/\/abaa.mx\/tienda\/wp-json\/wp\/v2\/product_tag?post=9061"}],"curies":[{"name":"wp","href":"https:\/\/api.w.org\/{rel}","templated":true}]}}