{"id":9059,"date":"2023-11-17T19:55:52","date_gmt":"2023-11-17T19:55:52","guid":{"rendered":"https:\/\/abaa.mx\/tienda\/?post_type=product&#038;p=9059"},"modified":"2023-11-17T19:55:53","modified_gmt":"2023-11-17T19:55:53","slug":"kit-de-comprobador-de-tierra-inalambrico-hk-ft6031-50","status":"publish","type":"product","link":"https:\/\/abaa.mx\/tienda\/kit-de-comprobador-de-tierra-inalambrico-hk-ft6031-50\/","title":{"rendered":"Kit de comprobador de tierra inal\u00e1mbrico HK-FT6031-50"},"content":{"rendered":"<p>Kit de comprobador de tierra inal\u00e1mbrico HK-FT6031-50.<\/p>\n","protected":false},"excerpt":{"rendered":"<p>La puesta a tierra o conexi\u00f3n a tierra de los equipos el\u00e9ctricos es fundamental para sostener la seguridad, proteger vidas y eludir da\u00f1os a los equipos. El FT6031-50 es un probador de resistencia de tierra de dos polos o tres polos a prueba de polvo y tambi\u00e9n impermeable IP67 con una pantalla grande y simple de leer, varillas de puesta a tierra altamente sensibles y un revolucionario enrollador de cable que disminuye de manera significativa la cantidad de tiempo necesario para llenar la puesta a tierra. pruebas de resistencia<\/p>\n<ul>\n<li>CAT IV 100 V, CAT III 150 V, CAT II 300 V.<\/li>\n<\/ul>\n<p><b><strong>Especificaciones b\u00e1sicas:<\/strong><\/b><\/p>\n<p style=\"font-weight: 100;\">Para garantizar la seguridad, utilice el cable de prueba opcional L9787 cuando realice mediciones con el m\u00e9todo de dos electrodos.<\/p>\n<table style=\"font-weight: 100;\">\n<tbody>\n<tr>\n<td><b><strong>Sistema de medida<\/strong><\/b><\/td>\n<td colspan=\"3\">\u00a0M\u00e9todo de dos electrodos\/m\u00e9todo de tres electrodos (conmutable)<\/td>\n<\/tr>\n<tr>\n<td><b><strong>Rango de\u00a0<\/strong><\/b><b><strong>medici\u00f3n<\/strong><\/b><\/td>\n<td>20 \u03a9 (0 \u03a9\u301c20.00 \u03a9)<\/td>\n<td>200 \u03a9 (0 \u03a9\u301c200.0 \u03a9)<\/td>\n<td>2000 \u03a9 (0 \u03a9\u301c2000 \u03a9)<\/td>\n<\/tr>\n<tr>\n<td><b><strong>\u00a0<\/strong><\/b><\/p>\n<p><b><strong>Exactitud<\/strong><\/b><\/td>\n<td>\u00b11.5% rdg \u00b18 dgt<\/td>\n<td>\u00b11.5% rdg \u00b14 dgt<\/td>\n<td>\u00b11.5% rdg \u00b14 dgt<\/td>\n<\/tr>\n<tr>\n<td><b><strong>Voltaje de tierra<\/strong><\/b><\/td>\n<td colspan=\"3\">\u00a00\u301c30,0 V rms<\/p>\n<p>Precisi\u00f3n: \u00b12,3 % de lectura \u00b18 dgt (50 Hz\/60 Hz), \u00b11,3 % de lectura \u00b14 dgt (CC)<\/td>\n<\/tr>\n<tr>\n<td><b><strong>Potencial de tierra admisible<\/strong><\/b><\/td>\n<td colspan=\"3\">25.0 V rms (CC o onda sinusoidal)<\/td>\n<\/tr>\n<tr>\n<td><b><strong>A prueba de polvo e impermeable<\/strong><\/b><\/td>\n<td colspan=\"3\">IP65\/IP67 (EN60529)<\/td>\n<\/tr>\n<tr>\n<td><b><strong>Fuente de alimentaci\u00f3n<\/strong><\/b><\/td>\n<td colspan=\"3\">\u00a0Bater\u00eda alcalina LR6 \u00d74, N\u00famero posible de mediciones: 500 veces (condiciones de medici\u00f3n: m\u00e9todo de tres electrodos, medici\u00f3n de 10\u00a0\u03a9\u00a0en intervalos de 10 segundos sin Z3210 instalado)<\/td>\n<\/tr>\n<tr>\n<td><b><strong>Funciones<\/strong><\/b><\/td>\n<td colspan=\"3\">Advertencia de cable vivo, ajuste a cero, modo de medici\u00f3n continua, comunicaci\u00f3n inal\u00e1mbrica (solo cuando Z3210 est\u00e1 conectado) y\u00a0 comparador<\/td>\n<\/tr>\n<tr>\n<td><b><strong>Dimensiones y masa<\/strong><\/b><\/td>\n<td colspan=\"3\">185 mm (7,28 pulgadas) de ancho \u00d7 111 mm (4,37 pulgadas) de alto \u00d7 44 mm (1,73 pulgadas) de profundidad, 570 g (20,1 onzas) (incluidas las bater\u00edas y el protector, sin incluir las tapas de los terminales y otros accesorios)<\/td>\n<\/tr>\n<tr>\n<td><b><strong>Accesorios<\/strong><\/b><\/td>\n<td colspan=\"3\">Varilla de puesta a tierra auxiliar L9840 (juego de 2 piezas) \u00d71, cable de medici\u00f3n L9841 (negro 4 m) \u00d71, cable de medici\u00f3n L9842-11 (amarillo 10 m, equipado con enrollador) \u00d71, cable de medici\u00f3n L9842-22 (rojo 20 m, equipado con enrollador) \u00d7 1, estuche de transporte C0106 \u00d7 1, protector \u00d7 1, bater\u00eda alcalina LR6 \u00d7 4, manual de instrucciones \u00d7 1<\/td>\n<\/tr>\n<\/tbody>\n<\/table>\n","protected":false},"featured_media":9060,"comment_status":"open","ping_status":"closed","template":"","meta":{"_joinchat":[]},"product_brand":[],"product_cat":[135],"product_tag":[],"class_list":{"0":"post-9059","1":"product","2":"type-product","3":"status-publish","4":"has-post-thumbnail","6":"product_cat-terrometros","8":"first","9":"instock","10":"shipping-taxable","11":"product-type-simple"},"yoast_head":"<!-- This site is optimized with the Yoast SEO plugin v26.4 - https:\/\/yoast.com\/wordpress\/plugins\/seo\/ -->\n<title>Kit de comprobador de tierra inal\u00e1mbrico HK-FT6031-50 - Abaa tienda online<\/title>\n<meta name=\"robots\" content=\"index, follow, max-snippet:-1, max-image-preview:large, max-video-preview:-1\" \/>\n<link rel=\"canonical\" href=\"https:\/\/abaa.mx\/tienda\/kit-de-comprobador-de-tierra-inalambrico-hk-ft6031-50\/\" \/>\n<meta property=\"og:locale\" content=\"es_MX\" \/>\n<meta property=\"og:type\" content=\"article\" \/>\n<meta property=\"og:title\" content=\"Kit de comprobador de tierra inal\u00e1mbrico HK-FT6031-50 - Abaa tienda online\" \/>\n<meta property=\"og:description\" content=\"La puesta a tierra o conexi\u00f3n a tierra de los equipos el\u00e9ctricos es fundamental para sostener la seguridad, proteger vidas y eludir da\u00f1os a los equipos. El FT6031-50 es un probador de resistencia de tierra de dos polos o tres polos a prueba de polvo y tambi\u00e9n impermeable IP67 con una pantalla grande y simple de leer, varillas de puesta a tierra altamente sensibles y un revolucionario enrollador de cable que disminuye de manera significativa la cantidad de tiempo necesario para llenar la puesta a tierra. pruebas de resistencia   CAT IV 100 V, CAT III 150 V, CAT II 300 V.  Especificaciones b\u00e1sicas: Para garantizar la seguridad, utilice el cable de prueba opcional L9787 cuando realice mediciones con el m\u00e9todo de dos electrodos.     Sistema de medida \u00a0M\u00e9todo de dos electrodos\/m\u00e9todo de tres electrodos (conmutable)   Rango de\u00a0medici\u00f3n 20 \u03a9 (0 \u03a9\u301c20.00 \u03a9) 200 \u03a9 (0 \u03a9\u301c200.0 \u03a9) 2000 \u03a9 (0 \u03a9\u301c2000 \u03a9)   \u00a0  Exactitud \u00b11.5% rdg \u00b18 dgt \u00b11.5% rdg \u00b14 dgt \u00b11.5% rdg \u00b14 dgt   Voltaje de tierra \u00a00\u301c30,0 V rms  Precisi\u00f3n: \u00b12,3 % de lectura \u00b18 dgt (50 Hz\/60 Hz), \u00b11,3 % de lectura \u00b14 dgt (CC)   Potencial de tierra admisible 25.0 V rms (CC o onda sinusoidal)   A prueba de polvo e impermeable IP65\/IP67 (EN60529)   Fuente de alimentaci\u00f3n \u00a0Bater\u00eda alcalina LR6 \u00d74, N\u00famero posible de mediciones: 500 veces (condiciones de medici\u00f3n: m\u00e9todo de tres electrodos, medici\u00f3n de 10\u00a0\u03a9\u00a0en intervalos de 10 segundos sin Z3210 instalado)   Funciones Advertencia de cable vivo, ajuste a cero, modo de medici\u00f3n continua, comunicaci\u00f3n inal\u00e1mbrica (solo cuando Z3210 est\u00e1 conectado) y\u00a0 comparador   Dimensiones y masa 185 mm (7,28 pulgadas) de ancho \u00d7 111 mm (4,37 pulgadas) de alto \u00d7 44 mm (1,73 pulgadas) de profundidad, 570 g (20,1 onzas) (incluidas las bater\u00edas y el protector, sin incluir las tapas de los terminales y otros accesorios)   Accesorios Varilla de puesta a tierra auxiliar L9840 (juego de 2 piezas) \u00d71, cable de medici\u00f3n L9841 (negro 4 m) \u00d71, cable de medici\u00f3n L9842-11 (amarillo 10 m, equipado con enrollador) \u00d71, cable de medici\u00f3n L9842-22 (rojo 20 m, equipado con enrollador) \u00d7 1, estuche de transporte C0106 \u00d7 1, protector \u00d7 1, bater\u00eda alcalina LR6 \u00d7 4, manual de instrucciones \u00d7 1\" \/>\n<meta property=\"og:url\" content=\"https:\/\/abaa.mx\/tienda\/kit-de-comprobador-de-tierra-inalambrico-hk-ft6031-50\/\" \/>\n<meta property=\"og:site_name\" content=\"Abaa tienda online\" \/>\n<meta property=\"article:modified_time\" content=\"2023-11-17T19:55:53+00:00\" \/>\n<meta property=\"og:image\" content=\"https:\/\/abaa.mx\/tienda\/wp-content\/uploads\/2023\/11\/HK-FT6031-50-HK-FT6031-50.jpg\" \/>\n\t<meta property=\"og:image:width\" content=\"582\" \/>\n\t<meta property=\"og:image:height\" content=\"428\" \/>\n\t<meta property=\"og:image:type\" content=\"image\/jpeg\" \/>\n<meta name=\"twitter:card\" content=\"summary_large_image\" \/>\n<meta name=\"twitter:label1\" content=\"Tiempo de lectura\" \/>\n\t<meta name=\"twitter:data1\" content=\"1 minuto\" \/>\n<script type=\"application\/ld+json\" class=\"yoast-schema-graph\">{\"@context\":\"https:\/\/schema.org\",\"@graph\":[{\"@type\":\"WebPage\",\"@id\":\"https:\/\/abaa.mx\/tienda\/kit-de-comprobador-de-tierra-inalambrico-hk-ft6031-50\/\",\"url\":\"https:\/\/abaa.mx\/tienda\/kit-de-comprobador-de-tierra-inalambrico-hk-ft6031-50\/\",\"name\":\"Kit de comprobador de tierra inal\u00e1mbrico HK-FT6031-50 - Abaa tienda online\",\"isPartOf\":{\"@id\":\"https:\/\/abaa.mx\/tienda\/#website\"},\"primaryImageOfPage\":{\"@id\":\"https:\/\/abaa.mx\/tienda\/kit-de-comprobador-de-tierra-inalambrico-hk-ft6031-50\/#primaryimage\"},\"image\":{\"@id\":\"https:\/\/abaa.mx\/tienda\/kit-de-comprobador-de-tierra-inalambrico-hk-ft6031-50\/#primaryimage\"},\"thumbnailUrl\":\"https:\/\/abaa.mx\/tienda\/wp-content\/uploads\/2023\/11\/HK-FT6031-50-HK-FT6031-50.jpg\",\"datePublished\":\"2023-11-17T19:55:52+00:00\",\"dateModified\":\"2023-11-17T19:55:53+00:00\",\"breadcrumb\":{\"@id\":\"https:\/\/abaa.mx\/tienda\/kit-de-comprobador-de-tierra-inalambrico-hk-ft6031-50\/#breadcrumb\"},\"inLanguage\":\"es\",\"potentialAction\":[{\"@type\":\"ReadAction\",\"target\":[\"https:\/\/abaa.mx\/tienda\/kit-de-comprobador-de-tierra-inalambrico-hk-ft6031-50\/\"]}]},{\"@type\":\"ImageObject\",\"inLanguage\":\"es\",\"@id\":\"https:\/\/abaa.mx\/tienda\/kit-de-comprobador-de-tierra-inalambrico-hk-ft6031-50\/#primaryimage\",\"url\":\"https:\/\/abaa.mx\/tienda\/wp-content\/uploads\/2023\/11\/HK-FT6031-50-HK-FT6031-50.jpg\",\"contentUrl\":\"https:\/\/abaa.mx\/tienda\/wp-content\/uploads\/2023\/11\/HK-FT6031-50-HK-FT6031-50.jpg\",\"width\":582,\"height\":428,\"caption\":\"HK-FT6031-50-HK-FT6031-50\"},{\"@type\":\"BreadcrumbList\",\"@id\":\"https:\/\/abaa.mx\/tienda\/kit-de-comprobador-de-tierra-inalambrico-hk-ft6031-50\/#breadcrumb\",\"itemListElement\":[{\"@type\":\"ListItem\",\"position\":1,\"name\":\"Inicio\",\"item\":\"https:\/\/abaa.mx\/tienda\/\"},{\"@type\":\"ListItem\",\"position\":2,\"name\":\"Tienda\",\"item\":\"https:\/\/abaa.mx\/tienda\/\"},{\"@type\":\"ListItem\",\"position\":3,\"name\":\"Kit de comprobador de tierra inal\u00e1mbrico HK-FT6031-50\"}]},{\"@type\":\"WebSite\",\"@id\":\"https:\/\/abaa.mx\/tienda\/#website\",\"url\":\"https:\/\/abaa.mx\/tienda\/\",\"name\":\"Abaa tienda online\",\"description\":\"Instrumentos de medici\u00f3n\",\"publisher\":{\"@id\":\"https:\/\/abaa.mx\/tienda\/#organization\"},\"potentialAction\":[{\"@type\":\"SearchAction\",\"target\":{\"@type\":\"EntryPoint\",\"urlTemplate\":\"https:\/\/abaa.mx\/tienda\/?s={search_term_string}\"},\"query-input\":{\"@type\":\"PropertyValueSpecification\",\"valueRequired\":true,\"valueName\":\"search_term_string\"}}],\"inLanguage\":\"es\"},{\"@type\":\"Organization\",\"@id\":\"https:\/\/abaa.mx\/tienda\/#organization\",\"name\":\"Abaa tienda online\",\"url\":\"https:\/\/abaa.mx\/tienda\/\",\"logo\":{\"@type\":\"ImageObject\",\"inLanguage\":\"es\",\"@id\":\"https:\/\/abaa.mx\/tienda\/#\/schema\/logo\/image\/\",\"url\":\"https:\/\/abaa.mx\/tienda\/wp-content\/uploads\/2024\/01\/abaa-metrologia-tienda.png\",\"contentUrl\":\"https:\/\/abaa.mx\/tienda\/wp-content\/uploads\/2024\/01\/abaa-metrologia-tienda.png\",\"width\":300,\"height\":141,\"caption\":\"Abaa tienda online\"},\"image\":{\"@id\":\"https:\/\/abaa.mx\/tienda\/#\/schema\/logo\/image\/\"}}]}<\/script>\n<!-- \/ Yoast SEO plugin. -->","yoast_head_json":{"title":"Kit de comprobador de tierra inal\u00e1mbrico HK-FT6031-50 - Abaa tienda online","robots":{"index":"index","follow":"follow","max-snippet":"max-snippet:-1","max-image-preview":"max-image-preview:large","max-video-preview":"max-video-preview:-1"},"canonical":"https:\/\/abaa.mx\/tienda\/kit-de-comprobador-de-tierra-inalambrico-hk-ft6031-50\/","og_locale":"es_MX","og_type":"article","og_title":"Kit de comprobador de tierra inal\u00e1mbrico HK-FT6031-50 - Abaa tienda online","og_description":"La puesta a tierra o conexi\u00f3n a tierra de los equipos el\u00e9ctricos es fundamental para sostener la seguridad, proteger vidas y eludir da\u00f1os a los equipos. El FT6031-50 es un probador de resistencia de tierra de dos polos o tres polos a prueba de polvo y tambi\u00e9n impermeable IP67 con una pantalla grande y simple de leer, varillas de puesta a tierra altamente sensibles y un revolucionario enrollador de cable que disminuye de manera significativa la cantidad de tiempo necesario para llenar la puesta a tierra. pruebas de resistencia   CAT IV 100 V, CAT III 150 V, CAT II 300 V.  Especificaciones b\u00e1sicas: Para garantizar la seguridad, utilice el cable de prueba opcional L9787 cuando realice mediciones con el m\u00e9todo de dos electrodos.     Sistema de medida \u00a0M\u00e9todo de dos electrodos\/m\u00e9todo de tres electrodos (conmutable)   Rango de\u00a0medici\u00f3n 20 \u03a9 (0 \u03a9\u301c20.00 \u03a9) 200 \u03a9 (0 \u03a9\u301c200.0 \u03a9) 2000 \u03a9 (0 \u03a9\u301c2000 \u03a9)   \u00a0  Exactitud \u00b11.5% rdg \u00b18 dgt \u00b11.5% rdg \u00b14 dgt \u00b11.5% rdg \u00b14 dgt   Voltaje de tierra \u00a00\u301c30,0 V rms  Precisi\u00f3n: \u00b12,3 % de lectura \u00b18 dgt (50 Hz\/60 Hz), \u00b11,3 % de lectura \u00b14 dgt (CC)   Potencial de tierra admisible 25.0 V rms (CC o onda sinusoidal)   A prueba de polvo e impermeable IP65\/IP67 (EN60529)   Fuente de alimentaci\u00f3n \u00a0Bater\u00eda alcalina LR6 \u00d74, N\u00famero posible de mediciones: 500 veces (condiciones de medici\u00f3n: m\u00e9todo de tres electrodos, medici\u00f3n de 10\u00a0\u03a9\u00a0en intervalos de 10 segundos sin Z3210 instalado)   Funciones Advertencia de cable vivo, ajuste a cero, modo de medici\u00f3n continua, comunicaci\u00f3n inal\u00e1mbrica (solo cuando Z3210 est\u00e1 conectado) y\u00a0 comparador   Dimensiones y masa 185 mm (7,28 pulgadas) de ancho \u00d7 111 mm (4,37 pulgadas) de alto \u00d7 44 mm (1,73 pulgadas) de profundidad, 570 g (20,1 onzas) (incluidas las bater\u00edas y el protector, sin incluir las tapas de los terminales y otros accesorios)   Accesorios Varilla de puesta a tierra auxiliar L9840 (juego de 2 piezas) \u00d71, cable de medici\u00f3n L9841 (negro 4 m) \u00d71, cable de medici\u00f3n L9842-11 (amarillo 10 m, equipado con enrollador) \u00d71, cable de medici\u00f3n L9842-22 (rojo 20 m, equipado con enrollador) \u00d7 1, estuche de transporte C0106 \u00d7 1, protector \u00d7 1, bater\u00eda alcalina LR6 \u00d7 4, manual de instrucciones \u00d7 1","og_url":"https:\/\/abaa.mx\/tienda\/kit-de-comprobador-de-tierra-inalambrico-hk-ft6031-50\/","og_site_name":"Abaa tienda online","article_modified_time":"2023-11-17T19:55:53+00:00","og_image":[{"width":582,"height":428,"url":"https:\/\/abaa.mx\/tienda\/wp-content\/uploads\/2023\/11\/HK-FT6031-50-HK-FT6031-50.jpg","type":"image\/jpeg"}],"twitter_card":"summary_large_image","twitter_misc":{"Tiempo de lectura":"1 minuto"},"schema":{"@context":"https:\/\/schema.org","@graph":[{"@type":"WebPage","@id":"https:\/\/abaa.mx\/tienda\/kit-de-comprobador-de-tierra-inalambrico-hk-ft6031-50\/","url":"https:\/\/abaa.mx\/tienda\/kit-de-comprobador-de-tierra-inalambrico-hk-ft6031-50\/","name":"Kit de comprobador de tierra inal\u00e1mbrico HK-FT6031-50 - Abaa tienda online","isPartOf":{"@id":"https:\/\/abaa.mx\/tienda\/#website"},"primaryImageOfPage":{"@id":"https:\/\/abaa.mx\/tienda\/kit-de-comprobador-de-tierra-inalambrico-hk-ft6031-50\/#primaryimage"},"image":{"@id":"https:\/\/abaa.mx\/tienda\/kit-de-comprobador-de-tierra-inalambrico-hk-ft6031-50\/#primaryimage"},"thumbnailUrl":"https:\/\/abaa.mx\/tienda\/wp-content\/uploads\/2023\/11\/HK-FT6031-50-HK-FT6031-50.jpg","datePublished":"2023-11-17T19:55:52+00:00","dateModified":"2023-11-17T19:55:53+00:00","breadcrumb":{"@id":"https:\/\/abaa.mx\/tienda\/kit-de-comprobador-de-tierra-inalambrico-hk-ft6031-50\/#breadcrumb"},"inLanguage":"es","potentialAction":[{"@type":"ReadAction","target":["https:\/\/abaa.mx\/tienda\/kit-de-comprobador-de-tierra-inalambrico-hk-ft6031-50\/"]}]},{"@type":"ImageObject","inLanguage":"es","@id":"https:\/\/abaa.mx\/tienda\/kit-de-comprobador-de-tierra-inalambrico-hk-ft6031-50\/#primaryimage","url":"https:\/\/abaa.mx\/tienda\/wp-content\/uploads\/2023\/11\/HK-FT6031-50-HK-FT6031-50.jpg","contentUrl":"https:\/\/abaa.mx\/tienda\/wp-content\/uploads\/2023\/11\/HK-FT6031-50-HK-FT6031-50.jpg","width":582,"height":428,"caption":"HK-FT6031-50-HK-FT6031-50"},{"@type":"BreadcrumbList","@id":"https:\/\/abaa.mx\/tienda\/kit-de-comprobador-de-tierra-inalambrico-hk-ft6031-50\/#breadcrumb","itemListElement":[{"@type":"ListItem","position":1,"name":"Inicio","item":"https:\/\/abaa.mx\/tienda\/"},{"@type":"ListItem","position":2,"name":"Tienda","item":"https:\/\/abaa.mx\/tienda\/"},{"@type":"ListItem","position":3,"name":"Kit de comprobador de tierra inal\u00e1mbrico HK-FT6031-50"}]},{"@type":"WebSite","@id":"https:\/\/abaa.mx\/tienda\/#website","url":"https:\/\/abaa.mx\/tienda\/","name":"Abaa tienda online","description":"Instrumentos de medici\u00f3n","publisher":{"@id":"https:\/\/abaa.mx\/tienda\/#organization"},"potentialAction":[{"@type":"SearchAction","target":{"@type":"EntryPoint","urlTemplate":"https:\/\/abaa.mx\/tienda\/?s={search_term_string}"},"query-input":{"@type":"PropertyValueSpecification","valueRequired":true,"valueName":"search_term_string"}}],"inLanguage":"es"},{"@type":"Organization","@id":"https:\/\/abaa.mx\/tienda\/#organization","name":"Abaa tienda online","url":"https:\/\/abaa.mx\/tienda\/","logo":{"@type":"ImageObject","inLanguage":"es","@id":"https:\/\/abaa.mx\/tienda\/#\/schema\/logo\/image\/","url":"https:\/\/abaa.mx\/tienda\/wp-content\/uploads\/2024\/01\/abaa-metrologia-tienda.png","contentUrl":"https:\/\/abaa.mx\/tienda\/wp-content\/uploads\/2024\/01\/abaa-metrologia-tienda.png","width":300,"height":141,"caption":"Abaa tienda online"},"image":{"@id":"https:\/\/abaa.mx\/tienda\/#\/schema\/logo\/image\/"}}]}},"_links":{"self":[{"href":"https:\/\/abaa.mx\/tienda\/wp-json\/wp\/v2\/product\/9059","targetHints":{"allow":["GET"]}}],"collection":[{"href":"https:\/\/abaa.mx\/tienda\/wp-json\/wp\/v2\/product"}],"about":[{"href":"https:\/\/abaa.mx\/tienda\/wp-json\/wp\/v2\/types\/product"}],"replies":[{"embeddable":true,"href":"https:\/\/abaa.mx\/tienda\/wp-json\/wp\/v2\/comments?post=9059"}],"wp:featuredmedia":[{"embeddable":true,"href":"https:\/\/abaa.mx\/tienda\/wp-json\/wp\/v2\/media\/9060"}],"wp:attachment":[{"href":"https:\/\/abaa.mx\/tienda\/wp-json\/wp\/v2\/media?parent=9059"}],"wp:term":[{"taxonomy":"product_brand","embeddable":true,"href":"https:\/\/abaa.mx\/tienda\/wp-json\/wp\/v2\/product_brand?post=9059"},{"taxonomy":"product_cat","embeddable":true,"href":"https:\/\/abaa.mx\/tienda\/wp-json\/wp\/v2\/product_cat?post=9059"},{"taxonomy":"product_tag","embeddable":true,"href":"https:\/\/abaa.mx\/tienda\/wp-json\/wp\/v2\/product_tag?post=9059"}],"curies":[{"name":"wp","href":"https:\/\/api.w.org\/{rel}","templated":true}]}}