{"id":9057,"date":"2023-11-17T19:51:59","date_gmt":"2023-11-17T19:51:59","guid":{"rendered":"https:\/\/abaa.mx\/tienda\/?post_type=product&#038;p=9057"},"modified":"2023-11-17T19:52:00","modified_gmt":"2023-11-17T19:52:00","slug":"terrometro-digital-de-gancho-con-bluetooth-cat-iv-600v-hioki-ft6381","status":"publish","type":"product","link":"https:\/\/abaa.mx\/tienda\/terrometro-digital-de-gancho-con-bluetooth-cat-iv-600v-hioki-ft6381\/","title":{"rendered":"Terrometro Digital de Gancho con Bluetooth, CAT IV 600V, Hioki &#8211; FT6381"},"content":{"rendered":"<p>Terrometro Digital de Gancho con Bluetooth, CAT IV 600V, Hioki &#8211; FT6381.<\/p>\n","protected":false},"excerpt":{"rendered":"<p>El FT6381 mide la resistencia a la tierra simplemente al sujetarlo a cables de tierra con m\u00faltiples conexiones a tierra. No se necesita una varilla de conexi\u00f3n a tierra ayudar , y no hay necesidad de desconectar el cable de tierra de la varilla de conexi\u00f3n a tierra. El sensor compacto y de bajo perfil se puede emplear para sostener cables de tierra con sencillez , y tambi\u00e9n proporciona funcionalidad de medici\u00f3n de corriente alterna y puede medir corrientes que van desde la corriente de fuga del orden de varios mA hasta corrientes de carga de hasta 60 A. CAT IV 600V.<\/p>\n<p><b>Caracter\u00edsticas principales:<\/b><\/p>\n<ul>\n<li>Medici\u00f3n de la resistencia de la tierra para sistemas con varias conexiones a tierra.<\/li>\n<li>Mida la corriente de fuga con absoluta certeza con una resoluci\u00f3n altamente sensible de 0.01 mA (a un rango de 20.00 mA).<\/li>\n<li>Mida la corriente de carga hasta un rango de 60.0 A.<\/li>\n<li>Abrazadera en el punto m\u00e1s angosto.<\/li>\n<li>Transferencia de datos a tel\u00e9fonos Android \u2122 con tecnolog\u00eda inal\u00e1mbrica Bluetooth (FT6381).<\/li>\n<li>Transferencia de datos en tiempo real, generaci\u00f3n autom\u00e1tica de informes en el tel\u00e9fono Android \u2122 (FT6381).<\/li>\n<\/ul>\n","protected":false},"featured_media":9058,"comment_status":"open","ping_status":"closed","template":"","meta":{"_joinchat":[]},"product_brand":[],"product_cat":[135],"product_tag":[],"class_list":{"0":"post-9057","1":"product","2":"type-product","3":"status-publish","4":"has-post-thumbnail","6":"product_cat-terrometros","8":"first","9":"instock","10":"shipping-taxable","11":"product-type-simple"},"yoast_head":"<!-- This site is optimized with the Yoast SEO plugin v26.4 - https:\/\/yoast.com\/wordpress\/plugins\/seo\/ -->\n<title>Terrometro Digital de Gancho con Bluetooth, CAT IV 600V, Hioki - FT6381 - Abaa tienda online<\/title>\n<meta name=\"robots\" content=\"index, follow, max-snippet:-1, max-image-preview:large, max-video-preview:-1\" \/>\n<link rel=\"canonical\" href=\"https:\/\/abaa.mx\/tienda\/terrometro-digital-de-gancho-con-bluetooth-cat-iv-600v-hioki-ft6381\/\" \/>\n<meta property=\"og:locale\" content=\"es_MX\" \/>\n<meta property=\"og:type\" content=\"article\" \/>\n<meta property=\"og:title\" content=\"Terrometro Digital de Gancho con Bluetooth, CAT IV 600V, Hioki - FT6381 - Abaa tienda online\" \/>\n<meta property=\"og:description\" content=\"El FT6381 mide la resistencia a la tierra simplemente al sujetarlo a cables de tierra con m\u00faltiples conexiones a tierra. No se necesita una varilla de conexi\u00f3n a tierra ayudar , y no hay necesidad de desconectar el cable de tierra de la varilla de conexi\u00f3n a tierra. El sensor compacto y de bajo perfil se puede emplear para sostener cables de tierra con sencillez , y tambi\u00e9n proporciona funcionalidad de medici\u00f3n de corriente alterna y puede medir corrientes que van desde la corriente de fuga del orden de varios mA hasta corrientes de carga de hasta 60 A. CAT IV 600V.  Caracter\u00edsticas principales:   Medici\u00f3n de la resistencia de la tierra para sistemas con varias conexiones a tierra.  Mida la corriente de fuga con absoluta certeza con una resoluci\u00f3n altamente sensible de 0.01 mA (a un rango de 20.00 mA).  Mida la corriente de carga hasta un rango de 60.0 A.  Abrazadera en el punto m\u00e1s angosto.  Transferencia de datos a tel\u00e9fonos Android \u2122 con tecnolog\u00eda inal\u00e1mbrica Bluetooth (FT6381).  Transferencia de datos en tiempo real, generaci\u00f3n autom\u00e1tica de informes en el tel\u00e9fono Android \u2122 (FT6381).\" \/>\n<meta property=\"og:url\" content=\"https:\/\/abaa.mx\/tienda\/terrometro-digital-de-gancho-con-bluetooth-cat-iv-600v-hioki-ft6381\/\" \/>\n<meta property=\"og:site_name\" content=\"Abaa tienda online\" \/>\n<meta property=\"article:modified_time\" content=\"2023-11-17T19:52:00+00:00\" \/>\n<meta property=\"og:image\" content=\"https:\/\/abaa.mx\/tienda\/wp-content\/uploads\/2023\/11\/HIOKI-FT6381-1.jpg\" \/>\n\t<meta property=\"og:image:width\" content=\"560\" \/>\n\t<meta property=\"og:image:height\" content=\"560\" \/>\n\t<meta property=\"og:image:type\" content=\"image\/jpeg\" \/>\n<meta name=\"twitter:card\" content=\"summary_large_image\" \/>\n<meta name=\"twitter:label1\" content=\"Tiempo de lectura\" \/>\n\t<meta name=\"twitter:data1\" content=\"1 minuto\" \/>\n<script type=\"application\/ld+json\" class=\"yoast-schema-graph\">{\"@context\":\"https:\/\/schema.org\",\"@graph\":[{\"@type\":\"WebPage\",\"@id\":\"https:\/\/abaa.mx\/tienda\/terrometro-digital-de-gancho-con-bluetooth-cat-iv-600v-hioki-ft6381\/\",\"url\":\"https:\/\/abaa.mx\/tienda\/terrometro-digital-de-gancho-con-bluetooth-cat-iv-600v-hioki-ft6381\/\",\"name\":\"Terrometro Digital de Gancho con Bluetooth, CAT IV 600V, Hioki - FT6381 - Abaa tienda online\",\"isPartOf\":{\"@id\":\"https:\/\/abaa.mx\/tienda\/#website\"},\"primaryImageOfPage\":{\"@id\":\"https:\/\/abaa.mx\/tienda\/terrometro-digital-de-gancho-con-bluetooth-cat-iv-600v-hioki-ft6381\/#primaryimage\"},\"image\":{\"@id\":\"https:\/\/abaa.mx\/tienda\/terrometro-digital-de-gancho-con-bluetooth-cat-iv-600v-hioki-ft6381\/#primaryimage\"},\"thumbnailUrl\":\"https:\/\/abaa.mx\/tienda\/wp-content\/uploads\/2023\/11\/HIOKI-FT6381-1.jpg\",\"datePublished\":\"2023-11-17T19:51:59+00:00\",\"dateModified\":\"2023-11-17T19:52:00+00:00\",\"breadcrumb\":{\"@id\":\"https:\/\/abaa.mx\/tienda\/terrometro-digital-de-gancho-con-bluetooth-cat-iv-600v-hioki-ft6381\/#breadcrumb\"},\"inLanguage\":\"es\",\"potentialAction\":[{\"@type\":\"ReadAction\",\"target\":[\"https:\/\/abaa.mx\/tienda\/terrometro-digital-de-gancho-con-bluetooth-cat-iv-600v-hioki-ft6381\/\"]}]},{\"@type\":\"ImageObject\",\"inLanguage\":\"es\",\"@id\":\"https:\/\/abaa.mx\/tienda\/terrometro-digital-de-gancho-con-bluetooth-cat-iv-600v-hioki-ft6381\/#primaryimage\",\"url\":\"https:\/\/abaa.mx\/tienda\/wp-content\/uploads\/2023\/11\/HIOKI-FT6381-1.jpg\",\"contentUrl\":\"https:\/\/abaa.mx\/tienda\/wp-content\/uploads\/2023\/11\/HIOKI-FT6381-1.jpg\",\"width\":560,\"height\":560,\"caption\":\"HIOKI-FT6381\"},{\"@type\":\"BreadcrumbList\",\"@id\":\"https:\/\/abaa.mx\/tienda\/terrometro-digital-de-gancho-con-bluetooth-cat-iv-600v-hioki-ft6381\/#breadcrumb\",\"itemListElement\":[{\"@type\":\"ListItem\",\"position\":1,\"name\":\"Inicio\",\"item\":\"https:\/\/abaa.mx\/tienda\/\"},{\"@type\":\"ListItem\",\"position\":2,\"name\":\"Tienda\",\"item\":\"https:\/\/abaa.mx\/tienda\/\"},{\"@type\":\"ListItem\",\"position\":3,\"name\":\"Terrometro Digital de Gancho con Bluetooth, CAT IV 600V, Hioki &#8211; FT6381\"}]},{\"@type\":\"WebSite\",\"@id\":\"https:\/\/abaa.mx\/tienda\/#website\",\"url\":\"https:\/\/abaa.mx\/tienda\/\",\"name\":\"Abaa tienda online\",\"description\":\"Instrumentos de medici\u00f3n\",\"publisher\":{\"@id\":\"https:\/\/abaa.mx\/tienda\/#organization\"},\"potentialAction\":[{\"@type\":\"SearchAction\",\"target\":{\"@type\":\"EntryPoint\",\"urlTemplate\":\"https:\/\/abaa.mx\/tienda\/?s={search_term_string}\"},\"query-input\":{\"@type\":\"PropertyValueSpecification\",\"valueRequired\":true,\"valueName\":\"search_term_string\"}}],\"inLanguage\":\"es\"},{\"@type\":\"Organization\",\"@id\":\"https:\/\/abaa.mx\/tienda\/#organization\",\"name\":\"Abaa tienda online\",\"url\":\"https:\/\/abaa.mx\/tienda\/\",\"logo\":{\"@type\":\"ImageObject\",\"inLanguage\":\"es\",\"@id\":\"https:\/\/abaa.mx\/tienda\/#\/schema\/logo\/image\/\",\"url\":\"https:\/\/abaa.mx\/tienda\/wp-content\/uploads\/2024\/01\/abaa-metrologia-tienda.png\",\"contentUrl\":\"https:\/\/abaa.mx\/tienda\/wp-content\/uploads\/2024\/01\/abaa-metrologia-tienda.png\",\"width\":300,\"height\":141,\"caption\":\"Abaa tienda online\"},\"image\":{\"@id\":\"https:\/\/abaa.mx\/tienda\/#\/schema\/logo\/image\/\"}}]}<\/script>\n<!-- \/ Yoast SEO plugin. -->","yoast_head_json":{"title":"Terrometro Digital de Gancho con Bluetooth, CAT IV 600V, Hioki - FT6381 - Abaa tienda online","robots":{"index":"index","follow":"follow","max-snippet":"max-snippet:-1","max-image-preview":"max-image-preview:large","max-video-preview":"max-video-preview:-1"},"canonical":"https:\/\/abaa.mx\/tienda\/terrometro-digital-de-gancho-con-bluetooth-cat-iv-600v-hioki-ft6381\/","og_locale":"es_MX","og_type":"article","og_title":"Terrometro Digital de Gancho con Bluetooth, CAT IV 600V, Hioki - FT6381 - Abaa tienda online","og_description":"El FT6381 mide la resistencia a la tierra simplemente al sujetarlo a cables de tierra con m\u00faltiples conexiones a tierra. No se necesita una varilla de conexi\u00f3n a tierra ayudar , y no hay necesidad de desconectar el cable de tierra de la varilla de conexi\u00f3n a tierra. El sensor compacto y de bajo perfil se puede emplear para sostener cables de tierra con sencillez , y tambi\u00e9n proporciona funcionalidad de medici\u00f3n de corriente alterna y puede medir corrientes que van desde la corriente de fuga del orden de varios mA hasta corrientes de carga de hasta 60 A. CAT IV 600V.  Caracter\u00edsticas principales:   Medici\u00f3n de la resistencia de la tierra para sistemas con varias conexiones a tierra.  Mida la corriente de fuga con absoluta certeza con una resoluci\u00f3n altamente sensible de 0.01 mA (a un rango de 20.00 mA).  Mida la corriente de carga hasta un rango de 60.0 A.  Abrazadera en el punto m\u00e1s angosto.  Transferencia de datos a tel\u00e9fonos Android \u2122 con tecnolog\u00eda inal\u00e1mbrica Bluetooth (FT6381).  Transferencia de datos en tiempo real, generaci\u00f3n autom\u00e1tica de informes en el tel\u00e9fono Android \u2122 (FT6381).","og_url":"https:\/\/abaa.mx\/tienda\/terrometro-digital-de-gancho-con-bluetooth-cat-iv-600v-hioki-ft6381\/","og_site_name":"Abaa tienda online","article_modified_time":"2023-11-17T19:52:00+00:00","og_image":[{"width":560,"height":560,"url":"https:\/\/abaa.mx\/tienda\/wp-content\/uploads\/2023\/11\/HIOKI-FT6381-1.jpg","type":"image\/jpeg"}],"twitter_card":"summary_large_image","twitter_misc":{"Tiempo de lectura":"1 minuto"},"schema":{"@context":"https:\/\/schema.org","@graph":[{"@type":"WebPage","@id":"https:\/\/abaa.mx\/tienda\/terrometro-digital-de-gancho-con-bluetooth-cat-iv-600v-hioki-ft6381\/","url":"https:\/\/abaa.mx\/tienda\/terrometro-digital-de-gancho-con-bluetooth-cat-iv-600v-hioki-ft6381\/","name":"Terrometro Digital de Gancho con Bluetooth, CAT IV 600V, Hioki - FT6381 - Abaa tienda online","isPartOf":{"@id":"https:\/\/abaa.mx\/tienda\/#website"},"primaryImageOfPage":{"@id":"https:\/\/abaa.mx\/tienda\/terrometro-digital-de-gancho-con-bluetooth-cat-iv-600v-hioki-ft6381\/#primaryimage"},"image":{"@id":"https:\/\/abaa.mx\/tienda\/terrometro-digital-de-gancho-con-bluetooth-cat-iv-600v-hioki-ft6381\/#primaryimage"},"thumbnailUrl":"https:\/\/abaa.mx\/tienda\/wp-content\/uploads\/2023\/11\/HIOKI-FT6381-1.jpg","datePublished":"2023-11-17T19:51:59+00:00","dateModified":"2023-11-17T19:52:00+00:00","breadcrumb":{"@id":"https:\/\/abaa.mx\/tienda\/terrometro-digital-de-gancho-con-bluetooth-cat-iv-600v-hioki-ft6381\/#breadcrumb"},"inLanguage":"es","potentialAction":[{"@type":"ReadAction","target":["https:\/\/abaa.mx\/tienda\/terrometro-digital-de-gancho-con-bluetooth-cat-iv-600v-hioki-ft6381\/"]}]},{"@type":"ImageObject","inLanguage":"es","@id":"https:\/\/abaa.mx\/tienda\/terrometro-digital-de-gancho-con-bluetooth-cat-iv-600v-hioki-ft6381\/#primaryimage","url":"https:\/\/abaa.mx\/tienda\/wp-content\/uploads\/2023\/11\/HIOKI-FT6381-1.jpg","contentUrl":"https:\/\/abaa.mx\/tienda\/wp-content\/uploads\/2023\/11\/HIOKI-FT6381-1.jpg","width":560,"height":560,"caption":"HIOKI-FT6381"},{"@type":"BreadcrumbList","@id":"https:\/\/abaa.mx\/tienda\/terrometro-digital-de-gancho-con-bluetooth-cat-iv-600v-hioki-ft6381\/#breadcrumb","itemListElement":[{"@type":"ListItem","position":1,"name":"Inicio","item":"https:\/\/abaa.mx\/tienda\/"},{"@type":"ListItem","position":2,"name":"Tienda","item":"https:\/\/abaa.mx\/tienda\/"},{"@type":"ListItem","position":3,"name":"Terrometro Digital de Gancho con Bluetooth, CAT IV 600V, Hioki &#8211; FT6381"}]},{"@type":"WebSite","@id":"https:\/\/abaa.mx\/tienda\/#website","url":"https:\/\/abaa.mx\/tienda\/","name":"Abaa tienda online","description":"Instrumentos de medici\u00f3n","publisher":{"@id":"https:\/\/abaa.mx\/tienda\/#organization"},"potentialAction":[{"@type":"SearchAction","target":{"@type":"EntryPoint","urlTemplate":"https:\/\/abaa.mx\/tienda\/?s={search_term_string}"},"query-input":{"@type":"PropertyValueSpecification","valueRequired":true,"valueName":"search_term_string"}}],"inLanguage":"es"},{"@type":"Organization","@id":"https:\/\/abaa.mx\/tienda\/#organization","name":"Abaa tienda online","url":"https:\/\/abaa.mx\/tienda\/","logo":{"@type":"ImageObject","inLanguage":"es","@id":"https:\/\/abaa.mx\/tienda\/#\/schema\/logo\/image\/","url":"https:\/\/abaa.mx\/tienda\/wp-content\/uploads\/2024\/01\/abaa-metrologia-tienda.png","contentUrl":"https:\/\/abaa.mx\/tienda\/wp-content\/uploads\/2024\/01\/abaa-metrologia-tienda.png","width":300,"height":141,"caption":"Abaa tienda online"},"image":{"@id":"https:\/\/abaa.mx\/tienda\/#\/schema\/logo\/image\/"}}]}},"_links":{"self":[{"href":"https:\/\/abaa.mx\/tienda\/wp-json\/wp\/v2\/product\/9057","targetHints":{"allow":["GET"]}}],"collection":[{"href":"https:\/\/abaa.mx\/tienda\/wp-json\/wp\/v2\/product"}],"about":[{"href":"https:\/\/abaa.mx\/tienda\/wp-json\/wp\/v2\/types\/product"}],"replies":[{"embeddable":true,"href":"https:\/\/abaa.mx\/tienda\/wp-json\/wp\/v2\/comments?post=9057"}],"wp:featuredmedia":[{"embeddable":true,"href":"https:\/\/abaa.mx\/tienda\/wp-json\/wp\/v2\/media\/9058"}],"wp:attachment":[{"href":"https:\/\/abaa.mx\/tienda\/wp-json\/wp\/v2\/media?parent=9057"}],"wp:term":[{"taxonomy":"product_brand","embeddable":true,"href":"https:\/\/abaa.mx\/tienda\/wp-json\/wp\/v2\/product_brand?post=9057"},{"taxonomy":"product_cat","embeddable":true,"href":"https:\/\/abaa.mx\/tienda\/wp-json\/wp\/v2\/product_cat?post=9057"},{"taxonomy":"product_tag","embeddable":true,"href":"https:\/\/abaa.mx\/tienda\/wp-json\/wp\/v2\/product_tag?post=9057"}],"curies":[{"name":"wp","href":"https:\/\/api.w.org\/{rel}","templated":true}]}}