{"id":9054,"date":"2023-11-17T19:45:47","date_gmt":"2023-11-17T19:45:47","guid":{"rendered":"https:\/\/abaa.mx\/tienda\/?post_type=product&#038;p=9054"},"modified":"2023-11-17T19:45:48","modified_gmt":"2023-11-17T19:45:48","slug":"terrometro-digital-de-gancho-cat-iv-600v-hioki-ft6380","status":"publish","type":"product","link":"https:\/\/abaa.mx\/tienda\/terrometro-digital-de-gancho-cat-iv-600v-hioki-ft6380\/","title":{"rendered":"Terrometro Digital de Gancho, CAT IV 600V, Hioki &#8211; FT6380"},"content":{"rendered":"<p>Terrometro Digital de Gancho, CAT IV 600V, Hioki &#8211; FT6380.<\/p>\n","protected":false},"excerpt":{"rendered":"<p>El FT6380 mide la resistencia a la tierra sencillamente al sujetarlo a cables de tierra con m\u00faltiples conexiones a tierra. No se precisa una varilla de conexi\u00f3n a tierra ayudar , y no hay necesidad de desconectar el cable de tierra de la varilla de conexi\u00f3n a tierra. El sensor s\u00f3lido y de bajo perfil se puede emplear para sostener cables de tierra con facilidad , y tambi\u00e9n proporciona utilidad de medici\u00f3n de corriente alterna y puede medir corrientes que van desde la corriente de fuga del orden de m\u00faltiples mA hasta corrientes de carga de hasta 60 A. CAT IV 600V.<\/p>\n<p><strong>Caracter\u00edsticas principales <\/strong>:Medici\u00f3n de la resistencia de la tierra para sistemas con varias conexiones a tierra Mida la corriente de fuga con absoluta seguridad con una resoluci\u00f3n enormemente sensible de 0.01 mA (a un rango de 20.00 mA) Mida la corriente de carga hasta un rango de 60.0 A Abrazadera en el punto m\u00e1s angosto.<\/p>\n<p>&nbsp;<\/p>\n","protected":false},"featured_media":9056,"comment_status":"open","ping_status":"closed","template":"","meta":{"_joinchat":[]},"product_brand":[],"product_cat":[135],"product_tag":[],"class_list":{"0":"post-9054","1":"product","2":"type-product","3":"status-publish","4":"has-post-thumbnail","6":"product_cat-terrometros","8":"first","9":"instock","10":"shipping-taxable","11":"product-type-simple"},"yoast_head":"<!-- This site is optimized with the Yoast SEO plugin v26.4 - https:\/\/yoast.com\/wordpress\/plugins\/seo\/ -->\n<title>Terrometro Digital de Gancho, CAT IV 600V, Hioki - FT6380 - Abaa tienda online<\/title>\n<meta name=\"robots\" content=\"index, follow, max-snippet:-1, max-image-preview:large, max-video-preview:-1\" \/>\n<link rel=\"canonical\" href=\"https:\/\/abaa.mx\/tienda\/terrometro-digital-de-gancho-cat-iv-600v-hioki-ft6380\/\" \/>\n<meta property=\"og:locale\" content=\"es_MX\" \/>\n<meta property=\"og:type\" content=\"article\" \/>\n<meta property=\"og:title\" content=\"Terrometro Digital de Gancho, CAT IV 600V, Hioki - FT6380 - Abaa tienda online\" \/>\n<meta property=\"og:description\" content=\"El FT6380 mide la resistencia a la tierra sencillamente al sujetarlo a cables de tierra con m\u00faltiples conexiones a tierra. No se precisa una varilla de conexi\u00f3n a tierra ayudar , y no hay necesidad de desconectar el cable de tierra de la varilla de conexi\u00f3n a tierra. El sensor s\u00f3lido y de bajo perfil se puede emplear para sostener cables de tierra con facilidad , y tambi\u00e9n proporciona utilidad de medici\u00f3n de corriente alterna y puede medir corrientes que van desde la corriente de fuga del orden de m\u00faltiples mA hasta corrientes de carga de hasta 60 A. CAT IV 600V.  Caracter\u00edsticas principales :Medici\u00f3n de la resistencia de la tierra para sistemas con varias conexiones a tierra Mida la corriente de fuga con absoluta seguridad con una resoluci\u00f3n enormemente sensible de 0.01 mA (a un rango de 20.00 mA) Mida la corriente de carga hasta un rango de 60.0 A Abrazadera en el punto m\u00e1s angosto.  &nbsp;\" \/>\n<meta property=\"og:url\" content=\"https:\/\/abaa.mx\/tienda\/terrometro-digital-de-gancho-cat-iv-600v-hioki-ft6380\/\" \/>\n<meta property=\"og:site_name\" content=\"Abaa tienda online\" \/>\n<meta property=\"article:modified_time\" content=\"2023-11-17T19:45:48+00:00\" \/>\n<meta property=\"og:image\" content=\"https:\/\/abaa.mx\/tienda\/wp-content\/uploads\/2023\/11\/HIOKI-FT6380.jpg\" \/>\n\t<meta property=\"og:image:width\" content=\"1024\" \/>\n\t<meta property=\"og:image:height\" content=\"768\" \/>\n\t<meta property=\"og:image:type\" content=\"image\/jpeg\" \/>\n<meta name=\"twitter:card\" content=\"summary_large_image\" \/>\n<meta name=\"twitter:label1\" content=\"Tiempo de lectura\" \/>\n\t<meta name=\"twitter:data1\" content=\"1 minuto\" \/>\n<script type=\"application\/ld+json\" class=\"yoast-schema-graph\">{\"@context\":\"https:\/\/schema.org\",\"@graph\":[{\"@type\":\"WebPage\",\"@id\":\"https:\/\/abaa.mx\/tienda\/terrometro-digital-de-gancho-cat-iv-600v-hioki-ft6380\/\",\"url\":\"https:\/\/abaa.mx\/tienda\/terrometro-digital-de-gancho-cat-iv-600v-hioki-ft6380\/\",\"name\":\"Terrometro Digital de Gancho, CAT IV 600V, Hioki - FT6380 - Abaa tienda online\",\"isPartOf\":{\"@id\":\"https:\/\/abaa.mx\/tienda\/#website\"},\"primaryImageOfPage\":{\"@id\":\"https:\/\/abaa.mx\/tienda\/terrometro-digital-de-gancho-cat-iv-600v-hioki-ft6380\/#primaryimage\"},\"image\":{\"@id\":\"https:\/\/abaa.mx\/tienda\/terrometro-digital-de-gancho-cat-iv-600v-hioki-ft6380\/#primaryimage\"},\"thumbnailUrl\":\"https:\/\/abaa.mx\/tienda\/wp-content\/uploads\/2023\/11\/HIOKI-FT6380.jpg\",\"datePublished\":\"2023-11-17T19:45:47+00:00\",\"dateModified\":\"2023-11-17T19:45:48+00:00\",\"breadcrumb\":{\"@id\":\"https:\/\/abaa.mx\/tienda\/terrometro-digital-de-gancho-cat-iv-600v-hioki-ft6380\/#breadcrumb\"},\"inLanguage\":\"es\",\"potentialAction\":[{\"@type\":\"ReadAction\",\"target\":[\"https:\/\/abaa.mx\/tienda\/terrometro-digital-de-gancho-cat-iv-600v-hioki-ft6380\/\"]}]},{\"@type\":\"ImageObject\",\"inLanguage\":\"es\",\"@id\":\"https:\/\/abaa.mx\/tienda\/terrometro-digital-de-gancho-cat-iv-600v-hioki-ft6380\/#primaryimage\",\"url\":\"https:\/\/abaa.mx\/tienda\/wp-content\/uploads\/2023\/11\/HIOKI-FT6380.jpg\",\"contentUrl\":\"https:\/\/abaa.mx\/tienda\/wp-content\/uploads\/2023\/11\/HIOKI-FT6380.jpg\",\"width\":1024,\"height\":768,\"caption\":\"HIOKI-FT6380\"},{\"@type\":\"BreadcrumbList\",\"@id\":\"https:\/\/abaa.mx\/tienda\/terrometro-digital-de-gancho-cat-iv-600v-hioki-ft6380\/#breadcrumb\",\"itemListElement\":[{\"@type\":\"ListItem\",\"position\":1,\"name\":\"Inicio\",\"item\":\"https:\/\/abaa.mx\/tienda\/\"},{\"@type\":\"ListItem\",\"position\":2,\"name\":\"Tienda\",\"item\":\"https:\/\/abaa.mx\/tienda\/\"},{\"@type\":\"ListItem\",\"position\":3,\"name\":\"Terrometro Digital de Gancho, CAT IV 600V, Hioki &#8211; FT6380\"}]},{\"@type\":\"WebSite\",\"@id\":\"https:\/\/abaa.mx\/tienda\/#website\",\"url\":\"https:\/\/abaa.mx\/tienda\/\",\"name\":\"Abaa tienda online\",\"description\":\"Instrumentos de medici\u00f3n\",\"publisher\":{\"@id\":\"https:\/\/abaa.mx\/tienda\/#organization\"},\"potentialAction\":[{\"@type\":\"SearchAction\",\"target\":{\"@type\":\"EntryPoint\",\"urlTemplate\":\"https:\/\/abaa.mx\/tienda\/?s={search_term_string}\"},\"query-input\":{\"@type\":\"PropertyValueSpecification\",\"valueRequired\":true,\"valueName\":\"search_term_string\"}}],\"inLanguage\":\"es\"},{\"@type\":\"Organization\",\"@id\":\"https:\/\/abaa.mx\/tienda\/#organization\",\"name\":\"Abaa tienda online\",\"url\":\"https:\/\/abaa.mx\/tienda\/\",\"logo\":{\"@type\":\"ImageObject\",\"inLanguage\":\"es\",\"@id\":\"https:\/\/abaa.mx\/tienda\/#\/schema\/logo\/image\/\",\"url\":\"https:\/\/abaa.mx\/tienda\/wp-content\/uploads\/2024\/01\/abaa-metrologia-tienda.png\",\"contentUrl\":\"https:\/\/abaa.mx\/tienda\/wp-content\/uploads\/2024\/01\/abaa-metrologia-tienda.png\",\"width\":300,\"height\":141,\"caption\":\"Abaa tienda online\"},\"image\":{\"@id\":\"https:\/\/abaa.mx\/tienda\/#\/schema\/logo\/image\/\"}}]}<\/script>\n<!-- \/ Yoast SEO plugin. -->","yoast_head_json":{"title":"Terrometro Digital de Gancho, CAT IV 600V, Hioki - FT6380 - Abaa tienda online","robots":{"index":"index","follow":"follow","max-snippet":"max-snippet:-1","max-image-preview":"max-image-preview:large","max-video-preview":"max-video-preview:-1"},"canonical":"https:\/\/abaa.mx\/tienda\/terrometro-digital-de-gancho-cat-iv-600v-hioki-ft6380\/","og_locale":"es_MX","og_type":"article","og_title":"Terrometro Digital de Gancho, CAT IV 600V, Hioki - FT6380 - Abaa tienda online","og_description":"El FT6380 mide la resistencia a la tierra sencillamente al sujetarlo a cables de tierra con m\u00faltiples conexiones a tierra. No se precisa una varilla de conexi\u00f3n a tierra ayudar , y no hay necesidad de desconectar el cable de tierra de la varilla de conexi\u00f3n a tierra. El sensor s\u00f3lido y de bajo perfil se puede emplear para sostener cables de tierra con facilidad , y tambi\u00e9n proporciona utilidad de medici\u00f3n de corriente alterna y puede medir corrientes que van desde la corriente de fuga del orden de m\u00faltiples mA hasta corrientes de carga de hasta 60 A. CAT IV 600V.  Caracter\u00edsticas principales :Medici\u00f3n de la resistencia de la tierra para sistemas con varias conexiones a tierra Mida la corriente de fuga con absoluta seguridad con una resoluci\u00f3n enormemente sensible de 0.01 mA (a un rango de 20.00 mA) Mida la corriente de carga hasta un rango de 60.0 A Abrazadera en el punto m\u00e1s angosto.  &nbsp;","og_url":"https:\/\/abaa.mx\/tienda\/terrometro-digital-de-gancho-cat-iv-600v-hioki-ft6380\/","og_site_name":"Abaa tienda online","article_modified_time":"2023-11-17T19:45:48+00:00","og_image":[{"width":1024,"height":768,"url":"https:\/\/abaa.mx\/tienda\/wp-content\/uploads\/2023\/11\/HIOKI-FT6380.jpg","type":"image\/jpeg"}],"twitter_card":"summary_large_image","twitter_misc":{"Tiempo de lectura":"1 minuto"},"schema":{"@context":"https:\/\/schema.org","@graph":[{"@type":"WebPage","@id":"https:\/\/abaa.mx\/tienda\/terrometro-digital-de-gancho-cat-iv-600v-hioki-ft6380\/","url":"https:\/\/abaa.mx\/tienda\/terrometro-digital-de-gancho-cat-iv-600v-hioki-ft6380\/","name":"Terrometro Digital de Gancho, CAT IV 600V, Hioki - FT6380 - Abaa tienda online","isPartOf":{"@id":"https:\/\/abaa.mx\/tienda\/#website"},"primaryImageOfPage":{"@id":"https:\/\/abaa.mx\/tienda\/terrometro-digital-de-gancho-cat-iv-600v-hioki-ft6380\/#primaryimage"},"image":{"@id":"https:\/\/abaa.mx\/tienda\/terrometro-digital-de-gancho-cat-iv-600v-hioki-ft6380\/#primaryimage"},"thumbnailUrl":"https:\/\/abaa.mx\/tienda\/wp-content\/uploads\/2023\/11\/HIOKI-FT6380.jpg","datePublished":"2023-11-17T19:45:47+00:00","dateModified":"2023-11-17T19:45:48+00:00","breadcrumb":{"@id":"https:\/\/abaa.mx\/tienda\/terrometro-digital-de-gancho-cat-iv-600v-hioki-ft6380\/#breadcrumb"},"inLanguage":"es","potentialAction":[{"@type":"ReadAction","target":["https:\/\/abaa.mx\/tienda\/terrometro-digital-de-gancho-cat-iv-600v-hioki-ft6380\/"]}]},{"@type":"ImageObject","inLanguage":"es","@id":"https:\/\/abaa.mx\/tienda\/terrometro-digital-de-gancho-cat-iv-600v-hioki-ft6380\/#primaryimage","url":"https:\/\/abaa.mx\/tienda\/wp-content\/uploads\/2023\/11\/HIOKI-FT6380.jpg","contentUrl":"https:\/\/abaa.mx\/tienda\/wp-content\/uploads\/2023\/11\/HIOKI-FT6380.jpg","width":1024,"height":768,"caption":"HIOKI-FT6380"},{"@type":"BreadcrumbList","@id":"https:\/\/abaa.mx\/tienda\/terrometro-digital-de-gancho-cat-iv-600v-hioki-ft6380\/#breadcrumb","itemListElement":[{"@type":"ListItem","position":1,"name":"Inicio","item":"https:\/\/abaa.mx\/tienda\/"},{"@type":"ListItem","position":2,"name":"Tienda","item":"https:\/\/abaa.mx\/tienda\/"},{"@type":"ListItem","position":3,"name":"Terrometro Digital de Gancho, CAT IV 600V, Hioki &#8211; FT6380"}]},{"@type":"WebSite","@id":"https:\/\/abaa.mx\/tienda\/#website","url":"https:\/\/abaa.mx\/tienda\/","name":"Abaa tienda online","description":"Instrumentos de medici\u00f3n","publisher":{"@id":"https:\/\/abaa.mx\/tienda\/#organization"},"potentialAction":[{"@type":"SearchAction","target":{"@type":"EntryPoint","urlTemplate":"https:\/\/abaa.mx\/tienda\/?s={search_term_string}"},"query-input":{"@type":"PropertyValueSpecification","valueRequired":true,"valueName":"search_term_string"}}],"inLanguage":"es"},{"@type":"Organization","@id":"https:\/\/abaa.mx\/tienda\/#organization","name":"Abaa tienda online","url":"https:\/\/abaa.mx\/tienda\/","logo":{"@type":"ImageObject","inLanguage":"es","@id":"https:\/\/abaa.mx\/tienda\/#\/schema\/logo\/image\/","url":"https:\/\/abaa.mx\/tienda\/wp-content\/uploads\/2024\/01\/abaa-metrologia-tienda.png","contentUrl":"https:\/\/abaa.mx\/tienda\/wp-content\/uploads\/2024\/01\/abaa-metrologia-tienda.png","width":300,"height":141,"caption":"Abaa tienda online"},"image":{"@id":"https:\/\/abaa.mx\/tienda\/#\/schema\/logo\/image\/"}}]}},"_links":{"self":[{"href":"https:\/\/abaa.mx\/tienda\/wp-json\/wp\/v2\/product\/9054","targetHints":{"allow":["GET"]}}],"collection":[{"href":"https:\/\/abaa.mx\/tienda\/wp-json\/wp\/v2\/product"}],"about":[{"href":"https:\/\/abaa.mx\/tienda\/wp-json\/wp\/v2\/types\/product"}],"replies":[{"embeddable":true,"href":"https:\/\/abaa.mx\/tienda\/wp-json\/wp\/v2\/comments?post=9054"}],"wp:featuredmedia":[{"embeddable":true,"href":"https:\/\/abaa.mx\/tienda\/wp-json\/wp\/v2\/media\/9056"}],"wp:attachment":[{"href":"https:\/\/abaa.mx\/tienda\/wp-json\/wp\/v2\/media?parent=9054"}],"wp:term":[{"taxonomy":"product_brand","embeddable":true,"href":"https:\/\/abaa.mx\/tienda\/wp-json\/wp\/v2\/product_brand?post=9054"},{"taxonomy":"product_cat","embeddable":true,"href":"https:\/\/abaa.mx\/tienda\/wp-json\/wp\/v2\/product_cat?post=9054"},{"taxonomy":"product_tag","embeddable":true,"href":"https:\/\/abaa.mx\/tienda\/wp-json\/wp\/v2\/product_tag?post=9054"}],"curies":[{"name":"wp","href":"https:\/\/api.w.org\/{rel}","templated":true}]}}