{"id":9044,"date":"2023-11-17T19:22:48","date_gmt":"2023-11-17T19:22:48","guid":{"rendered":"https:\/\/abaa.mx\/tienda\/?post_type=product&#038;p=9044"},"modified":"2023-11-17T19:22:49","modified_gmt":"2023-11-17T19:22:49","slug":"terrometro-de-digital-2-varillas-1700","status":"publish","type":"product","link":"https:\/\/abaa.mx\/tienda\/terrometro-de-digital-2-varillas-1700\/","title":{"rendered":"Terrometro de digital 2 varillas &#8211; 1700"},"content":{"rendered":"<p>Terrometro de digital 2 varillas &#8211; 1700.<\/p>\n","protected":false},"excerpt":{"rendered":"<p><b>Caracter\u00edsticas:<\/b><\/p>\n<ul>\n<li>Capaz de medir voltaje de la tierra.<\/li>\n<li>Retenci\u00f3n de Datos, Funci\u00f3n M\u00e1ximo\/M\u00ednimo.<\/li>\n<li>Funci\u00f3n de Autoapagado: El probador se apagar\u00e1 autom\u00e1ticamente despu\u00e9s de 3 minutos que se presion\u00f3 el bot\u00f3n de prueba (bot\u00f3n &#8220;TEST&#8221;), esto para ahorrar energ\u00eda de las bater\u00edas.<\/li>\n<li>La corriente de 2mA la cual se mide, permite pruebas de resistencia de corriente de la tierra sin activar los cortadores de salida en la tierra del circuito durante la prueba.<\/li>\n<li>Adem\u00e1s, para la facilidad en la medici\u00f3n de precisi\u00f3n, se proveen plomos de prueba y dos sistemas de alambres tambi\u00e9n provistos como accessories.(La unidad est\u00e1ndar se puede colgar del cuello para simplificar la medici\u00f3n).<\/li>\n<li>Advertencia autom\u00e1tica cuando exista resistencia en la tierra auxiliar. Los picos est\u00e1n en el exceso de tolerancia.<\/li>\n<li>Dise\u00f1ado para cumplir con el est\u00e1ndar de seguridad IEC1010-1.<\/li>\n<\/ul>\n<p>&nbsp;<\/p>\n","protected":false},"featured_media":9045,"comment_status":"open","ping_status":"closed","template":"","meta":{"_joinchat":[]},"product_brand":[],"product_cat":[135],"product_tag":[],"class_list":{"0":"post-9044","1":"product","2":"type-product","3":"status-publish","4":"has-post-thumbnail","6":"product_cat-terrometros","8":"first","9":"instock","10":"shipping-taxable","11":"product-type-simple"},"yoast_head":"<!-- This site is optimized with the Yoast SEO plugin v26.4 - https:\/\/yoast.com\/wordpress\/plugins\/seo\/ -->\n<title>Terrometro de digital 2 varillas - 1700 - Abaa tienda online<\/title>\n<meta name=\"robots\" content=\"index, follow, max-snippet:-1, max-image-preview:large, max-video-preview:-1\" \/>\n<link rel=\"canonical\" href=\"https:\/\/abaa.mx\/tienda\/terrometro-de-digital-2-varillas-1700\/\" \/>\n<meta property=\"og:locale\" content=\"es_MX\" \/>\n<meta property=\"og:type\" content=\"article\" \/>\n<meta property=\"og:title\" content=\"Terrometro de digital 2 varillas - 1700 - Abaa tienda online\" \/>\n<meta property=\"og:description\" content=\"Caracter\u00edsticas:   Capaz de medir voltaje de la tierra.  Retenci\u00f3n de Datos, Funci\u00f3n M\u00e1ximo\/M\u00ednimo.  Funci\u00f3n de Autoapagado: El probador se apagar\u00e1 autom\u00e1ticamente despu\u00e9s de 3 minutos que se presion\u00f3 el bot\u00f3n de prueba (bot\u00f3n &quot;TEST&quot;), esto para ahorrar energ\u00eda de las bater\u00edas.  La corriente de 2mA la cual se mide, permite pruebas de resistencia de corriente de la tierra sin activar los cortadores de salida en la tierra del circuito durante la prueba.  Adem\u00e1s, para la facilidad en la medici\u00f3n de precisi\u00f3n, se proveen plomos de prueba y dos sistemas de alambres tambi\u00e9n provistos como accessories.(La unidad est\u00e1ndar se puede colgar del cuello para simplificar la medici\u00f3n).  Advertencia autom\u00e1tica cuando exista resistencia en la tierra auxiliar. Los picos est\u00e1n en el exceso de tolerancia.  Dise\u00f1ado para cumplir con el est\u00e1ndar de seguridad IEC1010-1.  &nbsp;\" \/>\n<meta property=\"og:url\" content=\"https:\/\/abaa.mx\/tienda\/terrometro-de-digital-2-varillas-1700\/\" \/>\n<meta property=\"og:site_name\" content=\"Abaa tienda online\" \/>\n<meta property=\"article:modified_time\" content=\"2023-11-17T19:22:49+00:00\" \/>\n<meta property=\"og:image\" content=\"https:\/\/abaa.mx\/tienda\/wp-content\/uploads\/2023\/11\/TES-2700.jpg\" \/>\n\t<meta property=\"og:image:width\" content=\"399\" \/>\n\t<meta property=\"og:image:height\" content=\"446\" \/>\n\t<meta property=\"og:image:type\" content=\"image\/jpeg\" \/>\n<meta name=\"twitter:card\" content=\"summary_large_image\" \/>\n<meta name=\"twitter:label1\" content=\"Tiempo de lectura\" \/>\n\t<meta name=\"twitter:data1\" content=\"1 minuto\" \/>\n<script type=\"application\/ld+json\" class=\"yoast-schema-graph\">{\"@context\":\"https:\/\/schema.org\",\"@graph\":[{\"@type\":\"WebPage\",\"@id\":\"https:\/\/abaa.mx\/tienda\/terrometro-de-digital-2-varillas-1700\/\",\"url\":\"https:\/\/abaa.mx\/tienda\/terrometro-de-digital-2-varillas-1700\/\",\"name\":\"Terrometro de digital 2 varillas - 1700 - Abaa tienda online\",\"isPartOf\":{\"@id\":\"https:\/\/abaa.mx\/tienda\/#website\"},\"primaryImageOfPage\":{\"@id\":\"https:\/\/abaa.mx\/tienda\/terrometro-de-digital-2-varillas-1700\/#primaryimage\"},\"image\":{\"@id\":\"https:\/\/abaa.mx\/tienda\/terrometro-de-digital-2-varillas-1700\/#primaryimage\"},\"thumbnailUrl\":\"https:\/\/abaa.mx\/tienda\/wp-content\/uploads\/2023\/11\/TES-2700.jpg\",\"datePublished\":\"2023-11-17T19:22:48+00:00\",\"dateModified\":\"2023-11-17T19:22:49+00:00\",\"breadcrumb\":{\"@id\":\"https:\/\/abaa.mx\/tienda\/terrometro-de-digital-2-varillas-1700\/#breadcrumb\"},\"inLanguage\":\"es\",\"potentialAction\":[{\"@type\":\"ReadAction\",\"target\":[\"https:\/\/abaa.mx\/tienda\/terrometro-de-digital-2-varillas-1700\/\"]}]},{\"@type\":\"ImageObject\",\"inLanguage\":\"es\",\"@id\":\"https:\/\/abaa.mx\/tienda\/terrometro-de-digital-2-varillas-1700\/#primaryimage\",\"url\":\"https:\/\/abaa.mx\/tienda\/wp-content\/uploads\/2023\/11\/TES-2700.jpg\",\"contentUrl\":\"https:\/\/abaa.mx\/tienda\/wp-content\/uploads\/2023\/11\/TES-2700.jpg\",\"width\":399,\"height\":446,\"caption\":\"TES-2700\"},{\"@type\":\"BreadcrumbList\",\"@id\":\"https:\/\/abaa.mx\/tienda\/terrometro-de-digital-2-varillas-1700\/#breadcrumb\",\"itemListElement\":[{\"@type\":\"ListItem\",\"position\":1,\"name\":\"Inicio\",\"item\":\"https:\/\/abaa.mx\/tienda\/\"},{\"@type\":\"ListItem\",\"position\":2,\"name\":\"Tienda\",\"item\":\"https:\/\/abaa.mx\/tienda\/\"},{\"@type\":\"ListItem\",\"position\":3,\"name\":\"Terrometro de digital 2 varillas &#8211; 1700\"}]},{\"@type\":\"WebSite\",\"@id\":\"https:\/\/abaa.mx\/tienda\/#website\",\"url\":\"https:\/\/abaa.mx\/tienda\/\",\"name\":\"Abaa tienda online\",\"description\":\"Instrumentos de medici\u00f3n\",\"publisher\":{\"@id\":\"https:\/\/abaa.mx\/tienda\/#organization\"},\"potentialAction\":[{\"@type\":\"SearchAction\",\"target\":{\"@type\":\"EntryPoint\",\"urlTemplate\":\"https:\/\/abaa.mx\/tienda\/?s={search_term_string}\"},\"query-input\":{\"@type\":\"PropertyValueSpecification\",\"valueRequired\":true,\"valueName\":\"search_term_string\"}}],\"inLanguage\":\"es\"},{\"@type\":\"Organization\",\"@id\":\"https:\/\/abaa.mx\/tienda\/#organization\",\"name\":\"Abaa tienda online\",\"url\":\"https:\/\/abaa.mx\/tienda\/\",\"logo\":{\"@type\":\"ImageObject\",\"inLanguage\":\"es\",\"@id\":\"https:\/\/abaa.mx\/tienda\/#\/schema\/logo\/image\/\",\"url\":\"https:\/\/abaa.mx\/tienda\/wp-content\/uploads\/2024\/01\/abaa-metrologia-tienda.png\",\"contentUrl\":\"https:\/\/abaa.mx\/tienda\/wp-content\/uploads\/2024\/01\/abaa-metrologia-tienda.png\",\"width\":300,\"height\":141,\"caption\":\"Abaa tienda online\"},\"image\":{\"@id\":\"https:\/\/abaa.mx\/tienda\/#\/schema\/logo\/image\/\"}}]}<\/script>\n<!-- \/ Yoast SEO plugin. -->","yoast_head_json":{"title":"Terrometro de digital 2 varillas - 1700 - Abaa tienda online","robots":{"index":"index","follow":"follow","max-snippet":"max-snippet:-1","max-image-preview":"max-image-preview:large","max-video-preview":"max-video-preview:-1"},"canonical":"https:\/\/abaa.mx\/tienda\/terrometro-de-digital-2-varillas-1700\/","og_locale":"es_MX","og_type":"article","og_title":"Terrometro de digital 2 varillas - 1700 - Abaa tienda online","og_description":"Caracter\u00edsticas:   Capaz de medir voltaje de la tierra.  Retenci\u00f3n de Datos, Funci\u00f3n M\u00e1ximo\/M\u00ednimo.  Funci\u00f3n de Autoapagado: El probador se apagar\u00e1 autom\u00e1ticamente despu\u00e9s de 3 minutos que se presion\u00f3 el bot\u00f3n de prueba (bot\u00f3n \"TEST\"), esto para ahorrar energ\u00eda de las bater\u00edas.  La corriente de 2mA la cual se mide, permite pruebas de resistencia de corriente de la tierra sin activar los cortadores de salida en la tierra del circuito durante la prueba.  Adem\u00e1s, para la facilidad en la medici\u00f3n de precisi\u00f3n, se proveen plomos de prueba y dos sistemas de alambres tambi\u00e9n provistos como accessories.(La unidad est\u00e1ndar se puede colgar del cuello para simplificar la medici\u00f3n).  Advertencia autom\u00e1tica cuando exista resistencia en la tierra auxiliar. Los picos est\u00e1n en el exceso de tolerancia.  Dise\u00f1ado para cumplir con el est\u00e1ndar de seguridad IEC1010-1.  &nbsp;","og_url":"https:\/\/abaa.mx\/tienda\/terrometro-de-digital-2-varillas-1700\/","og_site_name":"Abaa tienda online","article_modified_time":"2023-11-17T19:22:49+00:00","og_image":[{"width":399,"height":446,"url":"https:\/\/abaa.mx\/tienda\/wp-content\/uploads\/2023\/11\/TES-2700.jpg","type":"image\/jpeg"}],"twitter_card":"summary_large_image","twitter_misc":{"Tiempo de lectura":"1 minuto"},"schema":{"@context":"https:\/\/schema.org","@graph":[{"@type":"WebPage","@id":"https:\/\/abaa.mx\/tienda\/terrometro-de-digital-2-varillas-1700\/","url":"https:\/\/abaa.mx\/tienda\/terrometro-de-digital-2-varillas-1700\/","name":"Terrometro de digital 2 varillas - 1700 - Abaa tienda online","isPartOf":{"@id":"https:\/\/abaa.mx\/tienda\/#website"},"primaryImageOfPage":{"@id":"https:\/\/abaa.mx\/tienda\/terrometro-de-digital-2-varillas-1700\/#primaryimage"},"image":{"@id":"https:\/\/abaa.mx\/tienda\/terrometro-de-digital-2-varillas-1700\/#primaryimage"},"thumbnailUrl":"https:\/\/abaa.mx\/tienda\/wp-content\/uploads\/2023\/11\/TES-2700.jpg","datePublished":"2023-11-17T19:22:48+00:00","dateModified":"2023-11-17T19:22:49+00:00","breadcrumb":{"@id":"https:\/\/abaa.mx\/tienda\/terrometro-de-digital-2-varillas-1700\/#breadcrumb"},"inLanguage":"es","potentialAction":[{"@type":"ReadAction","target":["https:\/\/abaa.mx\/tienda\/terrometro-de-digital-2-varillas-1700\/"]}]},{"@type":"ImageObject","inLanguage":"es","@id":"https:\/\/abaa.mx\/tienda\/terrometro-de-digital-2-varillas-1700\/#primaryimage","url":"https:\/\/abaa.mx\/tienda\/wp-content\/uploads\/2023\/11\/TES-2700.jpg","contentUrl":"https:\/\/abaa.mx\/tienda\/wp-content\/uploads\/2023\/11\/TES-2700.jpg","width":399,"height":446,"caption":"TES-2700"},{"@type":"BreadcrumbList","@id":"https:\/\/abaa.mx\/tienda\/terrometro-de-digital-2-varillas-1700\/#breadcrumb","itemListElement":[{"@type":"ListItem","position":1,"name":"Inicio","item":"https:\/\/abaa.mx\/tienda\/"},{"@type":"ListItem","position":2,"name":"Tienda","item":"https:\/\/abaa.mx\/tienda\/"},{"@type":"ListItem","position":3,"name":"Terrometro de digital 2 varillas &#8211; 1700"}]},{"@type":"WebSite","@id":"https:\/\/abaa.mx\/tienda\/#website","url":"https:\/\/abaa.mx\/tienda\/","name":"Abaa tienda online","description":"Instrumentos de medici\u00f3n","publisher":{"@id":"https:\/\/abaa.mx\/tienda\/#organization"},"potentialAction":[{"@type":"SearchAction","target":{"@type":"EntryPoint","urlTemplate":"https:\/\/abaa.mx\/tienda\/?s={search_term_string}"},"query-input":{"@type":"PropertyValueSpecification","valueRequired":true,"valueName":"search_term_string"}}],"inLanguage":"es"},{"@type":"Organization","@id":"https:\/\/abaa.mx\/tienda\/#organization","name":"Abaa tienda online","url":"https:\/\/abaa.mx\/tienda\/","logo":{"@type":"ImageObject","inLanguage":"es","@id":"https:\/\/abaa.mx\/tienda\/#\/schema\/logo\/image\/","url":"https:\/\/abaa.mx\/tienda\/wp-content\/uploads\/2024\/01\/abaa-metrologia-tienda.png","contentUrl":"https:\/\/abaa.mx\/tienda\/wp-content\/uploads\/2024\/01\/abaa-metrologia-tienda.png","width":300,"height":141,"caption":"Abaa tienda online"},"image":{"@id":"https:\/\/abaa.mx\/tienda\/#\/schema\/logo\/image\/"}}]}},"_links":{"self":[{"href":"https:\/\/abaa.mx\/tienda\/wp-json\/wp\/v2\/product\/9044","targetHints":{"allow":["GET"]}}],"collection":[{"href":"https:\/\/abaa.mx\/tienda\/wp-json\/wp\/v2\/product"}],"about":[{"href":"https:\/\/abaa.mx\/tienda\/wp-json\/wp\/v2\/types\/product"}],"replies":[{"embeddable":true,"href":"https:\/\/abaa.mx\/tienda\/wp-json\/wp\/v2\/comments?post=9044"}],"wp:featuredmedia":[{"embeddable":true,"href":"https:\/\/abaa.mx\/tienda\/wp-json\/wp\/v2\/media\/9045"}],"wp:attachment":[{"href":"https:\/\/abaa.mx\/tienda\/wp-json\/wp\/v2\/media?parent=9044"}],"wp:term":[{"taxonomy":"product_brand","embeddable":true,"href":"https:\/\/abaa.mx\/tienda\/wp-json\/wp\/v2\/product_brand?post=9044"},{"taxonomy":"product_cat","embeddable":true,"href":"https:\/\/abaa.mx\/tienda\/wp-json\/wp\/v2\/product_cat?post=9044"},{"taxonomy":"product_tag","embeddable":true,"href":"https:\/\/abaa.mx\/tienda\/wp-json\/wp\/v2\/product_tag?post=9044"}],"curies":[{"name":"wp","href":"https:\/\/api.w.org\/{rel}","templated":true}]}}