{"id":9035,"date":"2023-11-17T17:18:40","date_gmt":"2023-11-17T17:18:40","guid":{"rendered":"https:\/\/abaa.mx\/tienda\/?post_type=product&#038;p=9035"},"modified":"2023-11-17T18:00:02","modified_gmt":"2023-11-17T18:00:02","slug":"elitech-rc-51h-datalogger-de-temperatura-y-humedad-auto-pdf-2","status":"publish","type":"product","link":"https:\/\/abaa.mx\/tienda\/elitech-rc-51h-datalogger-de-temperatura-y-humedad-auto-pdf-2\/","title":{"rendered":"Elitech RC-51H datalogger de temperatura y humedad auto PDF"},"content":{"rendered":"<p class=\"plain\" align=\"justify\"><span class=\"customtext1\">El registrador \/ data logger RC-51H de Elitech es un dispositivo de f\u00e1cil implementaci\u00f3n, cuenta con una interfaz USB para su conexi\u00f3n a cualquier computadora, para permitir un r\u00e1pido acceso a los datos recopilados de sus procesos de gesti\u00f3n de la cadena de fr\u00edo en productos farmac\u00e9uticos, alimentos, gabinetes m\u00e9dicos, gabinetes de alimentos frescos, congeladores y laboratorios.<\/span><\/p>\n<p class=\"plain\" align=\"justify\"><span class=\"customtext1\">El RC-51H de Elitech permite exportar los datos mediante reportes PDF, Excel, Gr\u00e1fica, mediante su software de descarga gratuita, el RC-51H est\u00e1 dise\u00f1ado con comunicaci\u00f3n mediante el puerto USB, que se puede conectar y reproducir f\u00e1cilmente. Puede generar informes de datos autom\u00e1ticamente, sin instalar software de gesti\u00f3n de datos. Los datos se pueden leer incluso si la bater\u00eda se agota.<\/span><\/p>\n<p class=\"plain\" align=\"justify\"><span class=\"customtext1\">Su dise\u00f1a robusto y compacto satisface las demandas din\u00e1micas en cualquier sistema de almacenamiento, transporte, etc. Registra la temperatura y humedad relativa y guarda los datos en su memoria no vol\u00e1til, se accede a los datos a trav\u00e9s del puerto USB, cuenta con pantalla LCD donde se observar\u00e1 la medici\u00f3n en el momento, temperatura y humedad relativa. Todos los registradores de datos de temperatura y humedad USB a prueba de agua de Elitech son duraderos y fuertes debido a su carcasa de PC transparente, impermeable y a prueba de golpes. Cada pieza est\u00e1 sujeta a una estricta inspecci\u00f3n de calidad seg\u00fan las normas FDA y CE.<\/span><\/p>\n<p align=\"justify\"><strong>Caracter\u00edsticas:<\/strong><\/p>\n<ul>\n<li>Genere un informe en PDF autom\u00e1ticamente.<\/li>\n<li>Indicaci\u00f3n de alarma m\u00faltiple.<\/li>\n<li>Alto grado de protecci\u00f3n impermeable, una amplia gama de aplicaciones.<\/li>\n<li>Sensor de alta precisi\u00f3n con propiedad de estabilidad a largo plazo.<\/li>\n<li>El puerto USB, plug and play f\u00e1cilmente.<\/li>\n<li>32000 puntos de grabaci\u00f3n. Despu\u00e9s de agotarse, se puede restaurar mediante la.<\/li>\n<li>configuraci\u00f3n del software.<\/li>\n<li>Duraci\u00f3n de la bater\u00eda de 1 a\u00f1o.<\/li>\n<\/ul>\n","protected":false},"excerpt":{"rendered":"<p>El RC-51H cuenta con una bater\u00eda reemplazable, algoritmo MKT \u00fanico, alto grado de protecci\u00f3n IP67 y operaci\u00f3n con un solo bot\u00f3n.<\/p>\n","protected":false},"featured_media":9027,"comment_status":"open","ping_status":"closed","template":"","meta":{"_joinchat":[]},"product_brand":[],"product_cat":[79],"product_tag":[],"class_list":{"0":"post-9035","1":"product","2":"type-product","3":"status-publish","4":"has-post-thumbnail","6":"product_cat-datalogger","8":"first","9":"instock","10":"shipping-taxable","11":"product-type-simple"},"yoast_head":"<!-- This site is optimized with the Yoast SEO plugin v26.4 - https:\/\/yoast.com\/wordpress\/plugins\/seo\/ -->\n<title>Elitech RC-51H datalogger de temperatura y humedad auto PDF - Abaa tienda online<\/title>\n<meta name=\"description\" content=\"Elitech RC-51H datalogger de temperatura y humedad auto PDF\" \/>\n<meta name=\"robots\" content=\"index, follow, max-snippet:-1, max-image-preview:large, max-video-preview:-1\" \/>\n<link rel=\"canonical\" href=\"https:\/\/abaa.mx\/tienda\/elitech-rc-51h-datalogger-de-temperatura-y-humedad-auto-pdf-2\/\" \/>\n<meta property=\"og:locale\" content=\"es_MX\" \/>\n<meta property=\"og:type\" content=\"article\" \/>\n<meta property=\"og:title\" content=\"Elitech RC-51H datalogger de temperatura y humedad auto PDF - Abaa tienda online\" \/>\n<meta property=\"og:description\" content=\"Elitech RC-51H datalogger de temperatura y humedad auto PDF\" \/>\n<meta property=\"og:url\" content=\"https:\/\/abaa.mx\/tienda\/elitech-rc-51h-datalogger-de-temperatura-y-humedad-auto-pdf-2\/\" \/>\n<meta property=\"og:site_name\" content=\"Abaa tienda online\" \/>\n<meta property=\"article:modified_time\" content=\"2023-11-17T18:00:02+00:00\" \/>\n<meta property=\"og:image\" content=\"https:\/\/abaa.mx\/tienda\/wp-content\/uploads\/2023\/03\/Elitech-RC-51H-1.jpg\" \/>\n\t<meta property=\"og:image:width\" content=\"600\" \/>\n\t<meta property=\"og:image:height\" content=\"600\" \/>\n\t<meta property=\"og:image:type\" content=\"image\/jpeg\" \/>\n<meta name=\"twitter:card\" content=\"summary_large_image\" \/>\n<meta name=\"twitter:label1\" content=\"Tiempo de lectura\" \/>\n\t<meta name=\"twitter:data1\" content=\"2 minutos\" \/>\n<script type=\"application\/ld+json\" class=\"yoast-schema-graph\">{\"@context\":\"https:\/\/schema.org\",\"@graph\":[{\"@type\":\"WebPage\",\"@id\":\"https:\/\/abaa.mx\/tienda\/elitech-rc-51h-datalogger-de-temperatura-y-humedad-auto-pdf-2\/\",\"url\":\"https:\/\/abaa.mx\/tienda\/elitech-rc-51h-datalogger-de-temperatura-y-humedad-auto-pdf-2\/\",\"name\":\"Elitech RC-51H datalogger de temperatura y humedad auto PDF - Abaa tienda online\",\"isPartOf\":{\"@id\":\"https:\/\/abaa.mx\/tienda\/#website\"},\"primaryImageOfPage\":{\"@id\":\"https:\/\/abaa.mx\/tienda\/elitech-rc-51h-datalogger-de-temperatura-y-humedad-auto-pdf-2\/#primaryimage\"},\"image\":{\"@id\":\"https:\/\/abaa.mx\/tienda\/elitech-rc-51h-datalogger-de-temperatura-y-humedad-auto-pdf-2\/#primaryimage\"},\"thumbnailUrl\":\"https:\/\/abaa.mx\/tienda\/wp-content\/uploads\/2023\/03\/Elitech-RC-51H-1.jpg\",\"datePublished\":\"2023-11-17T17:18:40+00:00\",\"dateModified\":\"2023-11-17T18:00:02+00:00\",\"description\":\"Elitech RC-51H datalogger de temperatura y humedad auto PDF\",\"breadcrumb\":{\"@id\":\"https:\/\/abaa.mx\/tienda\/elitech-rc-51h-datalogger-de-temperatura-y-humedad-auto-pdf-2\/#breadcrumb\"},\"inLanguage\":\"es\",\"potentialAction\":[{\"@type\":\"ReadAction\",\"target\":[\"https:\/\/abaa.mx\/tienda\/elitech-rc-51h-datalogger-de-temperatura-y-humedad-auto-pdf-2\/\"]}]},{\"@type\":\"ImageObject\",\"inLanguage\":\"es\",\"@id\":\"https:\/\/abaa.mx\/tienda\/elitech-rc-51h-datalogger-de-temperatura-y-humedad-auto-pdf-2\/#primaryimage\",\"url\":\"https:\/\/abaa.mx\/tienda\/wp-content\/uploads\/2023\/03\/Elitech-RC-51H-1.jpg\",\"contentUrl\":\"https:\/\/abaa.mx\/tienda\/wp-content\/uploads\/2023\/03\/Elitech-RC-51H-1.jpg\",\"width\":600,\"height\":600,\"caption\":\"Elitech RC-51H\"},{\"@type\":\"BreadcrumbList\",\"@id\":\"https:\/\/abaa.mx\/tienda\/elitech-rc-51h-datalogger-de-temperatura-y-humedad-auto-pdf-2\/#breadcrumb\",\"itemListElement\":[{\"@type\":\"ListItem\",\"position\":1,\"name\":\"Inicio\",\"item\":\"https:\/\/abaa.mx\/tienda\/\"},{\"@type\":\"ListItem\",\"position\":2,\"name\":\"Tienda\",\"item\":\"https:\/\/abaa.mx\/tienda\/\"},{\"@type\":\"ListItem\",\"position\":3,\"name\":\"Elitech RC-51H datalogger de temperatura y humedad auto PDF\"}]},{\"@type\":\"WebSite\",\"@id\":\"https:\/\/abaa.mx\/tienda\/#website\",\"url\":\"https:\/\/abaa.mx\/tienda\/\",\"name\":\"Abaa tienda online\",\"description\":\"Instrumentos de medici\u00f3n\",\"publisher\":{\"@id\":\"https:\/\/abaa.mx\/tienda\/#organization\"},\"potentialAction\":[{\"@type\":\"SearchAction\",\"target\":{\"@type\":\"EntryPoint\",\"urlTemplate\":\"https:\/\/abaa.mx\/tienda\/?s={search_term_string}\"},\"query-input\":{\"@type\":\"PropertyValueSpecification\",\"valueRequired\":true,\"valueName\":\"search_term_string\"}}],\"inLanguage\":\"es\"},{\"@type\":\"Organization\",\"@id\":\"https:\/\/abaa.mx\/tienda\/#organization\",\"name\":\"Abaa tienda online\",\"url\":\"https:\/\/abaa.mx\/tienda\/\",\"logo\":{\"@type\":\"ImageObject\",\"inLanguage\":\"es\",\"@id\":\"https:\/\/abaa.mx\/tienda\/#\/schema\/logo\/image\/\",\"url\":\"https:\/\/abaa.mx\/tienda\/wp-content\/uploads\/2024\/01\/abaa-metrologia-tienda.png\",\"contentUrl\":\"https:\/\/abaa.mx\/tienda\/wp-content\/uploads\/2024\/01\/abaa-metrologia-tienda.png\",\"width\":300,\"height\":141,\"caption\":\"Abaa tienda online\"},\"image\":{\"@id\":\"https:\/\/abaa.mx\/tienda\/#\/schema\/logo\/image\/\"}}]}<\/script>\n<!-- \/ Yoast SEO plugin. -->","yoast_head_json":{"title":"Elitech RC-51H datalogger de temperatura y humedad auto PDF - Abaa tienda online","description":"Elitech RC-51H datalogger de temperatura y humedad auto PDF","robots":{"index":"index","follow":"follow","max-snippet":"max-snippet:-1","max-image-preview":"max-image-preview:large","max-video-preview":"max-video-preview:-1"},"canonical":"https:\/\/abaa.mx\/tienda\/elitech-rc-51h-datalogger-de-temperatura-y-humedad-auto-pdf-2\/","og_locale":"es_MX","og_type":"article","og_title":"Elitech RC-51H datalogger de temperatura y humedad auto PDF - Abaa tienda online","og_description":"Elitech RC-51H datalogger de temperatura y humedad auto PDF","og_url":"https:\/\/abaa.mx\/tienda\/elitech-rc-51h-datalogger-de-temperatura-y-humedad-auto-pdf-2\/","og_site_name":"Abaa tienda online","article_modified_time":"2023-11-17T18:00:02+00:00","og_image":[{"width":600,"height":600,"url":"https:\/\/abaa.mx\/tienda\/wp-content\/uploads\/2023\/03\/Elitech-RC-51H-1.jpg","type":"image\/jpeg"}],"twitter_card":"summary_large_image","twitter_misc":{"Tiempo de lectura":"2 minutos"},"schema":{"@context":"https:\/\/schema.org","@graph":[{"@type":"WebPage","@id":"https:\/\/abaa.mx\/tienda\/elitech-rc-51h-datalogger-de-temperatura-y-humedad-auto-pdf-2\/","url":"https:\/\/abaa.mx\/tienda\/elitech-rc-51h-datalogger-de-temperatura-y-humedad-auto-pdf-2\/","name":"Elitech RC-51H datalogger de temperatura y humedad auto PDF - Abaa tienda online","isPartOf":{"@id":"https:\/\/abaa.mx\/tienda\/#website"},"primaryImageOfPage":{"@id":"https:\/\/abaa.mx\/tienda\/elitech-rc-51h-datalogger-de-temperatura-y-humedad-auto-pdf-2\/#primaryimage"},"image":{"@id":"https:\/\/abaa.mx\/tienda\/elitech-rc-51h-datalogger-de-temperatura-y-humedad-auto-pdf-2\/#primaryimage"},"thumbnailUrl":"https:\/\/abaa.mx\/tienda\/wp-content\/uploads\/2023\/03\/Elitech-RC-51H-1.jpg","datePublished":"2023-11-17T17:18:40+00:00","dateModified":"2023-11-17T18:00:02+00:00","description":"Elitech RC-51H datalogger de temperatura y humedad auto PDF","breadcrumb":{"@id":"https:\/\/abaa.mx\/tienda\/elitech-rc-51h-datalogger-de-temperatura-y-humedad-auto-pdf-2\/#breadcrumb"},"inLanguage":"es","potentialAction":[{"@type":"ReadAction","target":["https:\/\/abaa.mx\/tienda\/elitech-rc-51h-datalogger-de-temperatura-y-humedad-auto-pdf-2\/"]}]},{"@type":"ImageObject","inLanguage":"es","@id":"https:\/\/abaa.mx\/tienda\/elitech-rc-51h-datalogger-de-temperatura-y-humedad-auto-pdf-2\/#primaryimage","url":"https:\/\/abaa.mx\/tienda\/wp-content\/uploads\/2023\/03\/Elitech-RC-51H-1.jpg","contentUrl":"https:\/\/abaa.mx\/tienda\/wp-content\/uploads\/2023\/03\/Elitech-RC-51H-1.jpg","width":600,"height":600,"caption":"Elitech RC-51H"},{"@type":"BreadcrumbList","@id":"https:\/\/abaa.mx\/tienda\/elitech-rc-51h-datalogger-de-temperatura-y-humedad-auto-pdf-2\/#breadcrumb","itemListElement":[{"@type":"ListItem","position":1,"name":"Inicio","item":"https:\/\/abaa.mx\/tienda\/"},{"@type":"ListItem","position":2,"name":"Tienda","item":"https:\/\/abaa.mx\/tienda\/"},{"@type":"ListItem","position":3,"name":"Elitech RC-51H datalogger de temperatura y humedad auto PDF"}]},{"@type":"WebSite","@id":"https:\/\/abaa.mx\/tienda\/#website","url":"https:\/\/abaa.mx\/tienda\/","name":"Abaa tienda online","description":"Instrumentos de medici\u00f3n","publisher":{"@id":"https:\/\/abaa.mx\/tienda\/#organization"},"potentialAction":[{"@type":"SearchAction","target":{"@type":"EntryPoint","urlTemplate":"https:\/\/abaa.mx\/tienda\/?s={search_term_string}"},"query-input":{"@type":"PropertyValueSpecification","valueRequired":true,"valueName":"search_term_string"}}],"inLanguage":"es"},{"@type":"Organization","@id":"https:\/\/abaa.mx\/tienda\/#organization","name":"Abaa tienda online","url":"https:\/\/abaa.mx\/tienda\/","logo":{"@type":"ImageObject","inLanguage":"es","@id":"https:\/\/abaa.mx\/tienda\/#\/schema\/logo\/image\/","url":"https:\/\/abaa.mx\/tienda\/wp-content\/uploads\/2024\/01\/abaa-metrologia-tienda.png","contentUrl":"https:\/\/abaa.mx\/tienda\/wp-content\/uploads\/2024\/01\/abaa-metrologia-tienda.png","width":300,"height":141,"caption":"Abaa tienda online"},"image":{"@id":"https:\/\/abaa.mx\/tienda\/#\/schema\/logo\/image\/"}}]}},"_links":{"self":[{"href":"https:\/\/abaa.mx\/tienda\/wp-json\/wp\/v2\/product\/9035","targetHints":{"allow":["GET"]}}],"collection":[{"href":"https:\/\/abaa.mx\/tienda\/wp-json\/wp\/v2\/product"}],"about":[{"href":"https:\/\/abaa.mx\/tienda\/wp-json\/wp\/v2\/types\/product"}],"replies":[{"embeddable":true,"href":"https:\/\/abaa.mx\/tienda\/wp-json\/wp\/v2\/comments?post=9035"}],"wp:featuredmedia":[{"embeddable":true,"href":"https:\/\/abaa.mx\/tienda\/wp-json\/wp\/v2\/media\/9027"}],"wp:attachment":[{"href":"https:\/\/abaa.mx\/tienda\/wp-json\/wp\/v2\/media?parent=9035"}],"wp:term":[{"taxonomy":"product_brand","embeddable":true,"href":"https:\/\/abaa.mx\/tienda\/wp-json\/wp\/v2\/product_brand?post=9035"},{"taxonomy":"product_cat","embeddable":true,"href":"https:\/\/abaa.mx\/tienda\/wp-json\/wp\/v2\/product_cat?post=9035"},{"taxonomy":"product_tag","embeddable":true,"href":"https:\/\/abaa.mx\/tienda\/wp-json\/wp\/v2\/product_tag?post=9035"}],"curies":[{"name":"wp","href":"https:\/\/api.w.org\/{rel}","templated":true}]}}