{"id":9032,"date":"2023-11-17T17:13:09","date_gmt":"2023-11-17T17:13:09","guid":{"rendered":"https:\/\/abaa.mx\/tienda\/?post_type=product&#038;p=9032"},"modified":"2023-11-17T17:13:09","modified_gmt":"2023-11-17T17:13:09","slug":"termometro-infrarrojo-de-frente-sin-contacto-32c-a-43c-deltatrak-15007","status":"publish","type":"product","link":"https:\/\/abaa.mx\/tienda\/termometro-infrarrojo-de-frente-sin-contacto-32c-a-43c-deltatrak-15007\/","title":{"rendered":"Term\u00f3metro infrarrojo de frente sin contacto, 32\u00b0C a 43\u00b0C, DeltaTrak &#8211; 15007"},"content":{"rendered":"<p>Term\u00f3metro infrarrojo de frente sin contacto, 32\u00b0C a 43\u00b0C, DeltaTrak &#8211; 15007.<\/p>\n","protected":false},"excerpt":{"rendered":"<p>Los term\u00f3metros de temperatura infrarroja en la frente aseguran lecturas precisas y equilibrados de la temperatura corporal. Desde una distancia de 3cm &#8211; 5cm (1.2 pulgadas &#8211; 2 pulgadas), sencillamente apunte el dispositivo a la frente y lea la temperatura que se expone en la pantalla LCD.<\/p>\n<p><strong>Caracter\u00edsticas:\u00a0<\/strong><\/p>\n<ul>\n<li>Rango de selecci\u00f3n autom\u00e1tico.<\/li>\n<li>Alarma audible si la temperatura es mayor a 38\u00b0C (100.4\u00b0F).<\/li>\n<li>El sistema avanzado de detecci\u00f3n infrarroja da como resultado mediciones confiables y estables.<\/li>\n<li>Retenci\u00f3n de datos autom\u00e1tica.<\/li>\n<li>Detecci\u00f3n de calor en la frente.<\/li>\n<li>La luz de fondo Verde indica temperatura normal, la luz de fondo Naranja indica fiebre baja, la luz de fondo roja indica fiebre alta.<\/li>\n<li>Certificaciones: FDA, CE, FCC, ROH.<\/li>\n<li>Seleccionable: Modos Cuerpo, superficie o habitaci\u00f3n.<\/li>\n<li>Seleccionable: Celsius (\u00b0C) o Fahrenheit (\u00b0F).<\/li>\n<li>Garantizado para 100,000 mediciones.<\/li>\n<li>La memoria retiene 32 puntos de datos de temperatura.<\/li>\n<li>Apagado autom\u00e1tico.<\/li>\n<li>Resoluci\u00f3n de la pantalla 0.1\u00b0C (0.1\u00b0F).<\/li>\n<\/ul>\n","protected":false},"featured_media":9033,"comment_status":"open","ping_status":"closed","template":"","meta":{"_joinchat":[]},"product_brand":[],"product_cat":[134],"product_tag":[],"class_list":{"0":"post-9032","1":"product","2":"type-product","3":"status-publish","4":"has-post-thumbnail","6":"product_cat-termometros-para-temperatura","8":"first","9":"instock","10":"shipping-taxable","11":"product-type-simple"},"yoast_head":"<!-- This site is optimized with the Yoast SEO plugin v26.4 - https:\/\/yoast.com\/wordpress\/plugins\/seo\/ -->\n<title>Term\u00f3metro infrarrojo de frente sin contacto, 32\u00b0C a 43\u00b0C, DeltaTrak - 15007 - Abaa tienda online<\/title>\n<meta name=\"robots\" content=\"index, follow, max-snippet:-1, max-image-preview:large, max-video-preview:-1\" \/>\n<link rel=\"canonical\" href=\"https:\/\/abaa.mx\/tienda\/termometro-infrarrojo-de-frente-sin-contacto-32c-a-43c-deltatrak-15007\/\" \/>\n<meta property=\"og:locale\" content=\"es_MX\" \/>\n<meta property=\"og:type\" content=\"article\" \/>\n<meta property=\"og:title\" content=\"Term\u00f3metro infrarrojo de frente sin contacto, 32\u00b0C a 43\u00b0C, DeltaTrak - 15007 - Abaa tienda online\" \/>\n<meta property=\"og:description\" content=\"Los term\u00f3metros de temperatura infrarroja en la frente aseguran lecturas precisas y equilibrados de la temperatura corporal. Desde una distancia de 3cm - 5cm (1.2 pulgadas - 2 pulgadas), sencillamente apunte el dispositivo a la frente y lea la temperatura que se expone en la pantalla LCD.  Caracter\u00edsticas:\u00a0   Rango de selecci\u00f3n autom\u00e1tico.  Alarma audible si la temperatura es mayor a 38\u00b0C (100.4\u00b0F).  El sistema avanzado de detecci\u00f3n infrarroja da como resultado mediciones confiables y estables.  Retenci\u00f3n de datos autom\u00e1tica.  Detecci\u00f3n de calor en la frente.  La luz de fondo Verde indica temperatura normal, la luz de fondo Naranja indica fiebre baja, la luz de fondo roja indica fiebre alta.  Certificaciones: FDA, CE, FCC, ROH.  Seleccionable: Modos Cuerpo, superficie o habitaci\u00f3n.  Seleccionable: Celsius (\u00b0C) o Fahrenheit (\u00b0F).  Garantizado para 100,000 mediciones.  La memoria retiene 32 puntos de datos de temperatura.  Apagado autom\u00e1tico.  Resoluci\u00f3n de la pantalla 0.1\u00b0C (0.1\u00b0F).\" \/>\n<meta property=\"og:url\" content=\"https:\/\/abaa.mx\/tienda\/termometro-infrarrojo-de-frente-sin-contacto-32c-a-43c-deltatrak-15007\/\" \/>\n<meta property=\"og:site_name\" content=\"Abaa tienda online\" \/>\n<meta property=\"og:image\" content=\"https:\/\/abaa.mx\/tienda\/wp-content\/uploads\/2023\/11\/DELTA-TRAK-15007.jpg\" \/>\n\t<meta property=\"og:image:width\" content=\"356\" \/>\n\t<meta property=\"og:image:height\" content=\"481\" \/>\n\t<meta property=\"og:image:type\" content=\"image\/jpeg\" \/>\n<meta name=\"twitter:card\" content=\"summary_large_image\" \/>\n<meta name=\"twitter:label1\" content=\"Tiempo de lectura\" \/>\n\t<meta name=\"twitter:data1\" content=\"1 minuto\" \/>\n<script type=\"application\/ld+json\" class=\"yoast-schema-graph\">{\"@context\":\"https:\/\/schema.org\",\"@graph\":[{\"@type\":\"WebPage\",\"@id\":\"https:\/\/abaa.mx\/tienda\/termometro-infrarrojo-de-frente-sin-contacto-32c-a-43c-deltatrak-15007\/\",\"url\":\"https:\/\/abaa.mx\/tienda\/termometro-infrarrojo-de-frente-sin-contacto-32c-a-43c-deltatrak-15007\/\",\"name\":\"Term\u00f3metro infrarrojo de frente sin contacto, 32\u00b0C a 43\u00b0C, DeltaTrak - 15007 - Abaa tienda online\",\"isPartOf\":{\"@id\":\"https:\/\/abaa.mx\/tienda\/#website\"},\"primaryImageOfPage\":{\"@id\":\"https:\/\/abaa.mx\/tienda\/termometro-infrarrojo-de-frente-sin-contacto-32c-a-43c-deltatrak-15007\/#primaryimage\"},\"image\":{\"@id\":\"https:\/\/abaa.mx\/tienda\/termometro-infrarrojo-de-frente-sin-contacto-32c-a-43c-deltatrak-15007\/#primaryimage\"},\"thumbnailUrl\":\"https:\/\/abaa.mx\/tienda\/wp-content\/uploads\/2023\/11\/DELTA-TRAK-15007.jpg\",\"datePublished\":\"2023-11-17T17:13:09+00:00\",\"breadcrumb\":{\"@id\":\"https:\/\/abaa.mx\/tienda\/termometro-infrarrojo-de-frente-sin-contacto-32c-a-43c-deltatrak-15007\/#breadcrumb\"},\"inLanguage\":\"es\",\"potentialAction\":[{\"@type\":\"ReadAction\",\"target\":[\"https:\/\/abaa.mx\/tienda\/termometro-infrarrojo-de-frente-sin-contacto-32c-a-43c-deltatrak-15007\/\"]}]},{\"@type\":\"ImageObject\",\"inLanguage\":\"es\",\"@id\":\"https:\/\/abaa.mx\/tienda\/termometro-infrarrojo-de-frente-sin-contacto-32c-a-43c-deltatrak-15007\/#primaryimage\",\"url\":\"https:\/\/abaa.mx\/tienda\/wp-content\/uploads\/2023\/11\/DELTA-TRAK-15007.jpg\",\"contentUrl\":\"https:\/\/abaa.mx\/tienda\/wp-content\/uploads\/2023\/11\/DELTA-TRAK-15007.jpg\",\"width\":356,\"height\":481,\"caption\":\"DELTA TRAK-15007\"},{\"@type\":\"BreadcrumbList\",\"@id\":\"https:\/\/abaa.mx\/tienda\/termometro-infrarrojo-de-frente-sin-contacto-32c-a-43c-deltatrak-15007\/#breadcrumb\",\"itemListElement\":[{\"@type\":\"ListItem\",\"position\":1,\"name\":\"Inicio\",\"item\":\"https:\/\/abaa.mx\/tienda\/\"},{\"@type\":\"ListItem\",\"position\":2,\"name\":\"Tienda\",\"item\":\"https:\/\/abaa.mx\/tienda\/\"},{\"@type\":\"ListItem\",\"position\":3,\"name\":\"Term\u00f3metro infrarrojo de frente sin contacto, 32\u00b0C a 43\u00b0C, DeltaTrak &#8211; 15007\"}]},{\"@type\":\"WebSite\",\"@id\":\"https:\/\/abaa.mx\/tienda\/#website\",\"url\":\"https:\/\/abaa.mx\/tienda\/\",\"name\":\"Abaa tienda online\",\"description\":\"Instrumentos de medici\u00f3n\",\"publisher\":{\"@id\":\"https:\/\/abaa.mx\/tienda\/#organization\"},\"potentialAction\":[{\"@type\":\"SearchAction\",\"target\":{\"@type\":\"EntryPoint\",\"urlTemplate\":\"https:\/\/abaa.mx\/tienda\/?s={search_term_string}\"},\"query-input\":{\"@type\":\"PropertyValueSpecification\",\"valueRequired\":true,\"valueName\":\"search_term_string\"}}],\"inLanguage\":\"es\"},{\"@type\":\"Organization\",\"@id\":\"https:\/\/abaa.mx\/tienda\/#organization\",\"name\":\"Abaa tienda online\",\"url\":\"https:\/\/abaa.mx\/tienda\/\",\"logo\":{\"@type\":\"ImageObject\",\"inLanguage\":\"es\",\"@id\":\"https:\/\/abaa.mx\/tienda\/#\/schema\/logo\/image\/\",\"url\":\"https:\/\/abaa.mx\/tienda\/wp-content\/uploads\/2024\/01\/abaa-metrologia-tienda.png\",\"contentUrl\":\"https:\/\/abaa.mx\/tienda\/wp-content\/uploads\/2024\/01\/abaa-metrologia-tienda.png\",\"width\":300,\"height\":141,\"caption\":\"Abaa tienda online\"},\"image\":{\"@id\":\"https:\/\/abaa.mx\/tienda\/#\/schema\/logo\/image\/\"}}]}<\/script>\n<!-- \/ Yoast SEO plugin. -->","yoast_head_json":{"title":"Term\u00f3metro infrarrojo de frente sin contacto, 32\u00b0C a 43\u00b0C, DeltaTrak - 15007 - Abaa tienda online","robots":{"index":"index","follow":"follow","max-snippet":"max-snippet:-1","max-image-preview":"max-image-preview:large","max-video-preview":"max-video-preview:-1"},"canonical":"https:\/\/abaa.mx\/tienda\/termometro-infrarrojo-de-frente-sin-contacto-32c-a-43c-deltatrak-15007\/","og_locale":"es_MX","og_type":"article","og_title":"Term\u00f3metro infrarrojo de frente sin contacto, 32\u00b0C a 43\u00b0C, DeltaTrak - 15007 - Abaa tienda online","og_description":"Los term\u00f3metros de temperatura infrarroja en la frente aseguran lecturas precisas y equilibrados de la temperatura corporal. Desde una distancia de 3cm - 5cm (1.2 pulgadas - 2 pulgadas), sencillamente apunte el dispositivo a la frente y lea la temperatura que se expone en la pantalla LCD.  Caracter\u00edsticas:\u00a0   Rango de selecci\u00f3n autom\u00e1tico.  Alarma audible si la temperatura es mayor a 38\u00b0C (100.4\u00b0F).  El sistema avanzado de detecci\u00f3n infrarroja da como resultado mediciones confiables y estables.  Retenci\u00f3n de datos autom\u00e1tica.  Detecci\u00f3n de calor en la frente.  La luz de fondo Verde indica temperatura normal, la luz de fondo Naranja indica fiebre baja, la luz de fondo roja indica fiebre alta.  Certificaciones: FDA, CE, FCC, ROH.  Seleccionable: Modos Cuerpo, superficie o habitaci\u00f3n.  Seleccionable: Celsius (\u00b0C) o Fahrenheit (\u00b0F).  Garantizado para 100,000 mediciones.  La memoria retiene 32 puntos de datos de temperatura.  Apagado autom\u00e1tico.  Resoluci\u00f3n de la pantalla 0.1\u00b0C (0.1\u00b0F).","og_url":"https:\/\/abaa.mx\/tienda\/termometro-infrarrojo-de-frente-sin-contacto-32c-a-43c-deltatrak-15007\/","og_site_name":"Abaa tienda online","og_image":[{"width":356,"height":481,"url":"https:\/\/abaa.mx\/tienda\/wp-content\/uploads\/2023\/11\/DELTA-TRAK-15007.jpg","type":"image\/jpeg"}],"twitter_card":"summary_large_image","twitter_misc":{"Tiempo de lectura":"1 minuto"},"schema":{"@context":"https:\/\/schema.org","@graph":[{"@type":"WebPage","@id":"https:\/\/abaa.mx\/tienda\/termometro-infrarrojo-de-frente-sin-contacto-32c-a-43c-deltatrak-15007\/","url":"https:\/\/abaa.mx\/tienda\/termometro-infrarrojo-de-frente-sin-contacto-32c-a-43c-deltatrak-15007\/","name":"Term\u00f3metro infrarrojo de frente sin contacto, 32\u00b0C a 43\u00b0C, DeltaTrak - 15007 - Abaa tienda online","isPartOf":{"@id":"https:\/\/abaa.mx\/tienda\/#website"},"primaryImageOfPage":{"@id":"https:\/\/abaa.mx\/tienda\/termometro-infrarrojo-de-frente-sin-contacto-32c-a-43c-deltatrak-15007\/#primaryimage"},"image":{"@id":"https:\/\/abaa.mx\/tienda\/termometro-infrarrojo-de-frente-sin-contacto-32c-a-43c-deltatrak-15007\/#primaryimage"},"thumbnailUrl":"https:\/\/abaa.mx\/tienda\/wp-content\/uploads\/2023\/11\/DELTA-TRAK-15007.jpg","datePublished":"2023-11-17T17:13:09+00:00","breadcrumb":{"@id":"https:\/\/abaa.mx\/tienda\/termometro-infrarrojo-de-frente-sin-contacto-32c-a-43c-deltatrak-15007\/#breadcrumb"},"inLanguage":"es","potentialAction":[{"@type":"ReadAction","target":["https:\/\/abaa.mx\/tienda\/termometro-infrarrojo-de-frente-sin-contacto-32c-a-43c-deltatrak-15007\/"]}]},{"@type":"ImageObject","inLanguage":"es","@id":"https:\/\/abaa.mx\/tienda\/termometro-infrarrojo-de-frente-sin-contacto-32c-a-43c-deltatrak-15007\/#primaryimage","url":"https:\/\/abaa.mx\/tienda\/wp-content\/uploads\/2023\/11\/DELTA-TRAK-15007.jpg","contentUrl":"https:\/\/abaa.mx\/tienda\/wp-content\/uploads\/2023\/11\/DELTA-TRAK-15007.jpg","width":356,"height":481,"caption":"DELTA TRAK-15007"},{"@type":"BreadcrumbList","@id":"https:\/\/abaa.mx\/tienda\/termometro-infrarrojo-de-frente-sin-contacto-32c-a-43c-deltatrak-15007\/#breadcrumb","itemListElement":[{"@type":"ListItem","position":1,"name":"Inicio","item":"https:\/\/abaa.mx\/tienda\/"},{"@type":"ListItem","position":2,"name":"Tienda","item":"https:\/\/abaa.mx\/tienda\/"},{"@type":"ListItem","position":3,"name":"Term\u00f3metro infrarrojo de frente sin contacto, 32\u00b0C a 43\u00b0C, DeltaTrak &#8211; 15007"}]},{"@type":"WebSite","@id":"https:\/\/abaa.mx\/tienda\/#website","url":"https:\/\/abaa.mx\/tienda\/","name":"Abaa tienda online","description":"Instrumentos de medici\u00f3n","publisher":{"@id":"https:\/\/abaa.mx\/tienda\/#organization"},"potentialAction":[{"@type":"SearchAction","target":{"@type":"EntryPoint","urlTemplate":"https:\/\/abaa.mx\/tienda\/?s={search_term_string}"},"query-input":{"@type":"PropertyValueSpecification","valueRequired":true,"valueName":"search_term_string"}}],"inLanguage":"es"},{"@type":"Organization","@id":"https:\/\/abaa.mx\/tienda\/#organization","name":"Abaa tienda online","url":"https:\/\/abaa.mx\/tienda\/","logo":{"@type":"ImageObject","inLanguage":"es","@id":"https:\/\/abaa.mx\/tienda\/#\/schema\/logo\/image\/","url":"https:\/\/abaa.mx\/tienda\/wp-content\/uploads\/2024\/01\/abaa-metrologia-tienda.png","contentUrl":"https:\/\/abaa.mx\/tienda\/wp-content\/uploads\/2024\/01\/abaa-metrologia-tienda.png","width":300,"height":141,"caption":"Abaa tienda online"},"image":{"@id":"https:\/\/abaa.mx\/tienda\/#\/schema\/logo\/image\/"}}]}},"_links":{"self":[{"href":"https:\/\/abaa.mx\/tienda\/wp-json\/wp\/v2\/product\/9032","targetHints":{"allow":["GET"]}}],"collection":[{"href":"https:\/\/abaa.mx\/tienda\/wp-json\/wp\/v2\/product"}],"about":[{"href":"https:\/\/abaa.mx\/tienda\/wp-json\/wp\/v2\/types\/product"}],"replies":[{"embeddable":true,"href":"https:\/\/abaa.mx\/tienda\/wp-json\/wp\/v2\/comments?post=9032"}],"wp:featuredmedia":[{"embeddable":true,"href":"https:\/\/abaa.mx\/tienda\/wp-json\/wp\/v2\/media\/9033"}],"wp:attachment":[{"href":"https:\/\/abaa.mx\/tienda\/wp-json\/wp\/v2\/media?parent=9032"}],"wp:term":[{"taxonomy":"product_brand","embeddable":true,"href":"https:\/\/abaa.mx\/tienda\/wp-json\/wp\/v2\/product_brand?post=9032"},{"taxonomy":"product_cat","embeddable":true,"href":"https:\/\/abaa.mx\/tienda\/wp-json\/wp\/v2\/product_cat?post=9032"},{"taxonomy":"product_tag","embeddable":true,"href":"https:\/\/abaa.mx\/tienda\/wp-json\/wp\/v2\/product_tag?post=9032"}],"curies":[{"name":"wp","href":"https:\/\/api.w.org\/{rel}","templated":true}]}}