{"id":9029,"date":"2023-11-17T17:03:12","date_gmt":"2023-11-17T17:03:12","guid":{"rendered":"https:\/\/abaa.mx\/tienda\/?post_type=product&#038;p=9029"},"modified":"2023-11-17T17:03:13","modified_gmt":"2023-11-17T17:03:13","slug":"termometro-viajero-para-hornos-industriales-200c-a-1300c-grant-inst-omk610hs","status":"publish","type":"product","link":"https:\/\/abaa.mx\/tienda\/termometro-viajero-para-hornos-industriales-200c-a-1300c-grant-inst-omk610hs\/","title":{"rendered":"Term\u00f3metro Viajero para hornos industriales -200\u00b0C a 1300\u00b0C Grant Inst. &#8211; OMK610HS"},"content":{"rendered":"<p>Term\u00f3metro Viajero para hornos industriales -200\u00b0C a 1300\u00b0C Grant Inst. &#8211; OMK610HS.<\/p>\n","protected":false},"excerpt":{"rendered":"<p>Un sistema integral de concretes de temperatura disenado para la pintura e industria de acabado. Todo cuanto precisa para colorear perfiles de horno y c\u00e1lculos de curado de pintura en un sistema simple de usar y favorable. En el coraz\u00f3n del sistema est\u00e1 el registrador de temperatura Squirrel OQ610, con la capacidad de tomar hasta 8 lecturas por segundo y almacenando m\u00e1s de 260,000 lecturas. El registrador est\u00e1 protegido por la barrera t\u00e9rmica TB610 o TB612 espec\u00edficamente disenado para su uso en hornos de pintura y acabado.<\/p>\n<p><b>Caracter\u00edsticas:<\/b><\/p>\n<ul>\n<li>El completo generador de informes permite la creaci\u00f3n de informes totalmente personalizables, incluido los logotipos de la empresa o incorporaci\u00f3n de imagen digital.<\/li>\n<li>Sondas de respuesta r\u00e1pida para la temperatura del aire y de la superficie.<\/li>\n<li>La barrera t\u00e9rmica mejorada brinda la m\u00e1xima protecci\u00f3n.<\/li>\n<li>La pantalla LCD clara indica el porcentaje de curado al final del ciclo.<\/li>\n<li>El software PaintView configura, almacena y permite un an\u00e1lisis detallado del ciclo de curado.<\/li>\n<li>Hasta 6 canales de temperatura.<\/li>\n<li>Bandas de tolerancia horno \/ proceso configuradas f\u00e1cilmente.<\/li>\n<li>Los hornos multizona se pueden configurar f\u00e1cilmente.<\/li>\n<li>Almacenamiento sencillo y archivo de datos dentro de PaintView permite su inclusi\u00f3n en control de calidad auditado y aprobado procesos.<\/li>\n<\/ul>\n","protected":false},"featured_media":9031,"comment_status":"open","ping_status":"closed","template":"","meta":{"_joinchat":[]},"product_brand":[],"product_cat":[134],"product_tag":[],"class_list":{"0":"post-9029","1":"product","2":"type-product","3":"status-publish","4":"has-post-thumbnail","6":"product_cat-termometros-para-temperatura","8":"first","9":"instock","10":"shipping-taxable","11":"product-type-simple"},"yoast_head":"<!-- This site is optimized with the Yoast SEO plugin v26.4 - https:\/\/yoast.com\/wordpress\/plugins\/seo\/ -->\n<title>Term\u00f3metro Viajero para hornos industriales -200\u00b0C a 1300\u00b0C Grant Inst. - OMK610HS - Abaa tienda online<\/title>\n<meta name=\"robots\" content=\"index, follow, max-snippet:-1, max-image-preview:large, max-video-preview:-1\" \/>\n<link rel=\"canonical\" href=\"https:\/\/abaa.mx\/tienda\/termometro-viajero-para-hornos-industriales-200c-a-1300c-grant-inst-omk610hs\/\" \/>\n<meta property=\"og:locale\" content=\"es_MX\" \/>\n<meta property=\"og:type\" content=\"article\" \/>\n<meta property=\"og:title\" content=\"Term\u00f3metro Viajero para hornos industriales -200\u00b0C a 1300\u00b0C Grant Inst. - OMK610HS - Abaa tienda online\" \/>\n<meta property=\"og:description\" content=\"Un sistema integral de concretes de temperatura disenado para la pintura e industria de acabado. Todo cuanto precisa para colorear perfiles de horno y c\u00e1lculos de curado de pintura en un sistema simple de usar y favorable. En el coraz\u00f3n del sistema est\u00e1 el registrador de temperatura Squirrel OQ610, con la capacidad de tomar hasta 8 lecturas por segundo y almacenando m\u00e1s de 260,000 lecturas. El registrador est\u00e1 protegido por la barrera t\u00e9rmica TB610 o TB612 espec\u00edficamente disenado para su uso en hornos de pintura y acabado.  Caracter\u00edsticas:   El completo generador de informes permite la creaci\u00f3n de informes totalmente personalizables, incluido los logotipos de la empresa o incorporaci\u00f3n de imagen digital.  Sondas de respuesta r\u00e1pida para la temperatura del aire y de la superficie.  La barrera t\u00e9rmica mejorada brinda la m\u00e1xima protecci\u00f3n.  La pantalla LCD clara indica el porcentaje de curado al final del ciclo.  El software PaintView configura, almacena y permite un an\u00e1lisis detallado del ciclo de curado.  Hasta 6 canales de temperatura.  Bandas de tolerancia horno \/ proceso configuradas f\u00e1cilmente.  Los hornos multizona se pueden configurar f\u00e1cilmente.  Almacenamiento sencillo y archivo de datos dentro de PaintView permite su inclusi\u00f3n en control de calidad auditado y aprobado procesos.\" \/>\n<meta property=\"og:url\" content=\"https:\/\/abaa.mx\/tienda\/termometro-viajero-para-hornos-industriales-200c-a-1300c-grant-inst-omk610hs\/\" \/>\n<meta property=\"og:site_name\" content=\"Abaa tienda online\" \/>\n<meta property=\"article:modified_time\" content=\"2023-11-17T17:03:13+00:00\" \/>\n<meta property=\"og:image\" content=\"https:\/\/abaa.mx\/tienda\/wp-content\/uploads\/2023\/11\/GRANT-INSTRUMENTS-OMK610HS.jpg\" \/>\n\t<meta property=\"og:image:width\" content=\"495\" \/>\n\t<meta property=\"og:image:height\" content=\"414\" \/>\n\t<meta property=\"og:image:type\" content=\"image\/jpeg\" \/>\n<meta name=\"twitter:card\" content=\"summary_large_image\" \/>\n<meta name=\"twitter:label1\" content=\"Tiempo de lectura\" \/>\n\t<meta name=\"twitter:data1\" content=\"1 minuto\" \/>\n<script type=\"application\/ld+json\" class=\"yoast-schema-graph\">{\"@context\":\"https:\/\/schema.org\",\"@graph\":[{\"@type\":\"WebPage\",\"@id\":\"https:\/\/abaa.mx\/tienda\/termometro-viajero-para-hornos-industriales-200c-a-1300c-grant-inst-omk610hs\/\",\"url\":\"https:\/\/abaa.mx\/tienda\/termometro-viajero-para-hornos-industriales-200c-a-1300c-grant-inst-omk610hs\/\",\"name\":\"Term\u00f3metro Viajero para hornos industriales -200\u00b0C a 1300\u00b0C Grant Inst. - OMK610HS - Abaa tienda online\",\"isPartOf\":{\"@id\":\"https:\/\/abaa.mx\/tienda\/#website\"},\"primaryImageOfPage\":{\"@id\":\"https:\/\/abaa.mx\/tienda\/termometro-viajero-para-hornos-industriales-200c-a-1300c-grant-inst-omk610hs\/#primaryimage\"},\"image\":{\"@id\":\"https:\/\/abaa.mx\/tienda\/termometro-viajero-para-hornos-industriales-200c-a-1300c-grant-inst-omk610hs\/#primaryimage\"},\"thumbnailUrl\":\"https:\/\/abaa.mx\/tienda\/wp-content\/uploads\/2023\/11\/GRANT-INSTRUMENTS-OMK610HS.jpg\",\"datePublished\":\"2023-11-17T17:03:12+00:00\",\"dateModified\":\"2023-11-17T17:03:13+00:00\",\"breadcrumb\":{\"@id\":\"https:\/\/abaa.mx\/tienda\/termometro-viajero-para-hornos-industriales-200c-a-1300c-grant-inst-omk610hs\/#breadcrumb\"},\"inLanguage\":\"es\",\"potentialAction\":[{\"@type\":\"ReadAction\",\"target\":[\"https:\/\/abaa.mx\/tienda\/termometro-viajero-para-hornos-industriales-200c-a-1300c-grant-inst-omk610hs\/\"]}]},{\"@type\":\"ImageObject\",\"inLanguage\":\"es\",\"@id\":\"https:\/\/abaa.mx\/tienda\/termometro-viajero-para-hornos-industriales-200c-a-1300c-grant-inst-omk610hs\/#primaryimage\",\"url\":\"https:\/\/abaa.mx\/tienda\/wp-content\/uploads\/2023\/11\/GRANT-INSTRUMENTS-OMK610HS.jpg\",\"contentUrl\":\"https:\/\/abaa.mx\/tienda\/wp-content\/uploads\/2023\/11\/GRANT-INSTRUMENTS-OMK610HS.jpg\",\"width\":495,\"height\":414,\"caption\":\"GRANT INSTRUMENTS-OMK610HS\"},{\"@type\":\"BreadcrumbList\",\"@id\":\"https:\/\/abaa.mx\/tienda\/termometro-viajero-para-hornos-industriales-200c-a-1300c-grant-inst-omk610hs\/#breadcrumb\",\"itemListElement\":[{\"@type\":\"ListItem\",\"position\":1,\"name\":\"Inicio\",\"item\":\"https:\/\/abaa.mx\/tienda\/\"},{\"@type\":\"ListItem\",\"position\":2,\"name\":\"Tienda\",\"item\":\"https:\/\/abaa.mx\/tienda\/\"},{\"@type\":\"ListItem\",\"position\":3,\"name\":\"Term\u00f3metro Viajero para hornos industriales -200\u00b0C a 1300\u00b0C Grant Inst. &#8211; OMK610HS\"}]},{\"@type\":\"WebSite\",\"@id\":\"https:\/\/abaa.mx\/tienda\/#website\",\"url\":\"https:\/\/abaa.mx\/tienda\/\",\"name\":\"Abaa tienda online\",\"description\":\"Instrumentos de medici\u00f3n\",\"publisher\":{\"@id\":\"https:\/\/abaa.mx\/tienda\/#organization\"},\"potentialAction\":[{\"@type\":\"SearchAction\",\"target\":{\"@type\":\"EntryPoint\",\"urlTemplate\":\"https:\/\/abaa.mx\/tienda\/?s={search_term_string}\"},\"query-input\":{\"@type\":\"PropertyValueSpecification\",\"valueRequired\":true,\"valueName\":\"search_term_string\"}}],\"inLanguage\":\"es\"},{\"@type\":\"Organization\",\"@id\":\"https:\/\/abaa.mx\/tienda\/#organization\",\"name\":\"Abaa tienda online\",\"url\":\"https:\/\/abaa.mx\/tienda\/\",\"logo\":{\"@type\":\"ImageObject\",\"inLanguage\":\"es\",\"@id\":\"https:\/\/abaa.mx\/tienda\/#\/schema\/logo\/image\/\",\"url\":\"https:\/\/abaa.mx\/tienda\/wp-content\/uploads\/2024\/01\/abaa-metrologia-tienda.png\",\"contentUrl\":\"https:\/\/abaa.mx\/tienda\/wp-content\/uploads\/2024\/01\/abaa-metrologia-tienda.png\",\"width\":300,\"height\":141,\"caption\":\"Abaa tienda online\"},\"image\":{\"@id\":\"https:\/\/abaa.mx\/tienda\/#\/schema\/logo\/image\/\"}}]}<\/script>\n<!-- \/ Yoast SEO plugin. -->","yoast_head_json":{"title":"Term\u00f3metro Viajero para hornos industriales -200\u00b0C a 1300\u00b0C Grant Inst. - OMK610HS - Abaa tienda online","robots":{"index":"index","follow":"follow","max-snippet":"max-snippet:-1","max-image-preview":"max-image-preview:large","max-video-preview":"max-video-preview:-1"},"canonical":"https:\/\/abaa.mx\/tienda\/termometro-viajero-para-hornos-industriales-200c-a-1300c-grant-inst-omk610hs\/","og_locale":"es_MX","og_type":"article","og_title":"Term\u00f3metro Viajero para hornos industriales -200\u00b0C a 1300\u00b0C Grant Inst. - OMK610HS - Abaa tienda online","og_description":"Un sistema integral de concretes de temperatura disenado para la pintura e industria de acabado. Todo cuanto precisa para colorear perfiles de horno y c\u00e1lculos de curado de pintura en un sistema simple de usar y favorable. En el coraz\u00f3n del sistema est\u00e1 el registrador de temperatura Squirrel OQ610, con la capacidad de tomar hasta 8 lecturas por segundo y almacenando m\u00e1s de 260,000 lecturas. El registrador est\u00e1 protegido por la barrera t\u00e9rmica TB610 o TB612 espec\u00edficamente disenado para su uso en hornos de pintura y acabado.  Caracter\u00edsticas:   El completo generador de informes permite la creaci\u00f3n de informes totalmente personalizables, incluido los logotipos de la empresa o incorporaci\u00f3n de imagen digital.  Sondas de respuesta r\u00e1pida para la temperatura del aire y de la superficie.  La barrera t\u00e9rmica mejorada brinda la m\u00e1xima protecci\u00f3n.  La pantalla LCD clara indica el porcentaje de curado al final del ciclo.  El software PaintView configura, almacena y permite un an\u00e1lisis detallado del ciclo de curado.  Hasta 6 canales de temperatura.  Bandas de tolerancia horno \/ proceso configuradas f\u00e1cilmente.  Los hornos multizona se pueden configurar f\u00e1cilmente.  Almacenamiento sencillo y archivo de datos dentro de PaintView permite su inclusi\u00f3n en control de calidad auditado y aprobado procesos.","og_url":"https:\/\/abaa.mx\/tienda\/termometro-viajero-para-hornos-industriales-200c-a-1300c-grant-inst-omk610hs\/","og_site_name":"Abaa tienda online","article_modified_time":"2023-11-17T17:03:13+00:00","og_image":[{"width":495,"height":414,"url":"https:\/\/abaa.mx\/tienda\/wp-content\/uploads\/2023\/11\/GRANT-INSTRUMENTS-OMK610HS.jpg","type":"image\/jpeg"}],"twitter_card":"summary_large_image","twitter_misc":{"Tiempo de lectura":"1 minuto"},"schema":{"@context":"https:\/\/schema.org","@graph":[{"@type":"WebPage","@id":"https:\/\/abaa.mx\/tienda\/termometro-viajero-para-hornos-industriales-200c-a-1300c-grant-inst-omk610hs\/","url":"https:\/\/abaa.mx\/tienda\/termometro-viajero-para-hornos-industriales-200c-a-1300c-grant-inst-omk610hs\/","name":"Term\u00f3metro Viajero para hornos industriales -200\u00b0C a 1300\u00b0C Grant Inst. - OMK610HS - Abaa tienda online","isPartOf":{"@id":"https:\/\/abaa.mx\/tienda\/#website"},"primaryImageOfPage":{"@id":"https:\/\/abaa.mx\/tienda\/termometro-viajero-para-hornos-industriales-200c-a-1300c-grant-inst-omk610hs\/#primaryimage"},"image":{"@id":"https:\/\/abaa.mx\/tienda\/termometro-viajero-para-hornos-industriales-200c-a-1300c-grant-inst-omk610hs\/#primaryimage"},"thumbnailUrl":"https:\/\/abaa.mx\/tienda\/wp-content\/uploads\/2023\/11\/GRANT-INSTRUMENTS-OMK610HS.jpg","datePublished":"2023-11-17T17:03:12+00:00","dateModified":"2023-11-17T17:03:13+00:00","breadcrumb":{"@id":"https:\/\/abaa.mx\/tienda\/termometro-viajero-para-hornos-industriales-200c-a-1300c-grant-inst-omk610hs\/#breadcrumb"},"inLanguage":"es","potentialAction":[{"@type":"ReadAction","target":["https:\/\/abaa.mx\/tienda\/termometro-viajero-para-hornos-industriales-200c-a-1300c-grant-inst-omk610hs\/"]}]},{"@type":"ImageObject","inLanguage":"es","@id":"https:\/\/abaa.mx\/tienda\/termometro-viajero-para-hornos-industriales-200c-a-1300c-grant-inst-omk610hs\/#primaryimage","url":"https:\/\/abaa.mx\/tienda\/wp-content\/uploads\/2023\/11\/GRANT-INSTRUMENTS-OMK610HS.jpg","contentUrl":"https:\/\/abaa.mx\/tienda\/wp-content\/uploads\/2023\/11\/GRANT-INSTRUMENTS-OMK610HS.jpg","width":495,"height":414,"caption":"GRANT INSTRUMENTS-OMK610HS"},{"@type":"BreadcrumbList","@id":"https:\/\/abaa.mx\/tienda\/termometro-viajero-para-hornos-industriales-200c-a-1300c-grant-inst-omk610hs\/#breadcrumb","itemListElement":[{"@type":"ListItem","position":1,"name":"Inicio","item":"https:\/\/abaa.mx\/tienda\/"},{"@type":"ListItem","position":2,"name":"Tienda","item":"https:\/\/abaa.mx\/tienda\/"},{"@type":"ListItem","position":3,"name":"Term\u00f3metro Viajero para hornos industriales -200\u00b0C a 1300\u00b0C Grant Inst. &#8211; OMK610HS"}]},{"@type":"WebSite","@id":"https:\/\/abaa.mx\/tienda\/#website","url":"https:\/\/abaa.mx\/tienda\/","name":"Abaa tienda online","description":"Instrumentos de medici\u00f3n","publisher":{"@id":"https:\/\/abaa.mx\/tienda\/#organization"},"potentialAction":[{"@type":"SearchAction","target":{"@type":"EntryPoint","urlTemplate":"https:\/\/abaa.mx\/tienda\/?s={search_term_string}"},"query-input":{"@type":"PropertyValueSpecification","valueRequired":true,"valueName":"search_term_string"}}],"inLanguage":"es"},{"@type":"Organization","@id":"https:\/\/abaa.mx\/tienda\/#organization","name":"Abaa tienda online","url":"https:\/\/abaa.mx\/tienda\/","logo":{"@type":"ImageObject","inLanguage":"es","@id":"https:\/\/abaa.mx\/tienda\/#\/schema\/logo\/image\/","url":"https:\/\/abaa.mx\/tienda\/wp-content\/uploads\/2024\/01\/abaa-metrologia-tienda.png","contentUrl":"https:\/\/abaa.mx\/tienda\/wp-content\/uploads\/2024\/01\/abaa-metrologia-tienda.png","width":300,"height":141,"caption":"Abaa tienda online"},"image":{"@id":"https:\/\/abaa.mx\/tienda\/#\/schema\/logo\/image\/"}}]}},"_links":{"self":[{"href":"https:\/\/abaa.mx\/tienda\/wp-json\/wp\/v2\/product\/9029","targetHints":{"allow":["GET"]}}],"collection":[{"href":"https:\/\/abaa.mx\/tienda\/wp-json\/wp\/v2\/product"}],"about":[{"href":"https:\/\/abaa.mx\/tienda\/wp-json\/wp\/v2\/types\/product"}],"replies":[{"embeddable":true,"href":"https:\/\/abaa.mx\/tienda\/wp-json\/wp\/v2\/comments?post=9029"}],"wp:featuredmedia":[{"embeddable":true,"href":"https:\/\/abaa.mx\/tienda\/wp-json\/wp\/v2\/media\/9031"}],"wp:attachment":[{"href":"https:\/\/abaa.mx\/tienda\/wp-json\/wp\/v2\/media?parent=9029"}],"wp:term":[{"taxonomy":"product_brand","embeddable":true,"href":"https:\/\/abaa.mx\/tienda\/wp-json\/wp\/v2\/product_brand?post=9029"},{"taxonomy":"product_cat","embeddable":true,"href":"https:\/\/abaa.mx\/tienda\/wp-json\/wp\/v2\/product_cat?post=9029"},{"taxonomy":"product_tag","embeddable":true,"href":"https:\/\/abaa.mx\/tienda\/wp-json\/wp\/v2\/product_tag?post=9029"}],"curies":[{"name":"wp","href":"https:\/\/api.w.org\/{rel}","templated":true}]}}