{"id":9025,"date":"2023-11-17T16:57:36","date_gmt":"2023-11-17T16:57:36","guid":{"rendered":"https:\/\/abaa.mx\/tienda\/?post_type=product&#038;p=9025"},"modified":"2023-11-17T16:57:37","modified_gmt":"2023-11-17T16:57:37","slug":"termometro-infrarrojo-35-a-500oc-1327","status":"publish","type":"product","link":"https:\/\/abaa.mx\/tienda\/termometro-infrarrojo-35-a-500oc-1327\/","title":{"rendered":"Term\u00f3metro Infrarrojo -35 a 500\u00baC &#8211; 1327"},"content":{"rendered":"<p>Term\u00f3metro Infrarrojo -35 a 500\u00baC &#8211; 1327.<\/p>\n","protected":false},"excerpt":{"rendered":"<p>Term\u00f3metro infrarrojo modelo TES-1327 Peculiaridades primordiales : Entidades seleccionables, pantalla LCD con retroiluminaci\u00f3n, prop\u00f3sito l\u00e1ser, memoria de lecturas m\u00e1xima y m\u00ednima. Memoria de datos y funci\u00f3n de lectura de valores almacenados , valor de emisividad ajustable, alarma audible y aparente.<\/p>\n<p><b>Especificaciones:<\/b><\/p>\n<ul>\n<li>Rango de medici\u00f3n:-35\u00b0 a 500\u00b0C\/-31\u00b0F a 932\u00b0F.<\/li>\n<li>Resoluci\u00f3n: 0.1\u00b0C\/0.2\u00b0F.<\/li>\n<li>Exactitud:\u00b1(2% Lectura) o \u00b1(2\u00b0C).<\/li>\n<li>Respuesta espectral:6 &#8211; 14\u00b5S.<\/li>\n<li>Campo de visi\u00f3n:12:1 Relaci\u00f3n \u00f3ptica con objetivo.<\/li>\n<li>Emisividad:0.17 \u2013 1.00, (1326S : fijo 0.95).<\/li>\n<li>Memoria:50 datos.<\/li>\n<li>Apagado autom\u00e1tico:15 segundos.<\/li>\n<li>Duraci\u00f3n de la bater\u00eda:Aprox. 100 horas.<\/li>\n<li>Fuente de alimentaci\u00f3n:Pila alcalina de 9V.<\/li>\n<li>Condiciones de Operaci\u00f3n: 0\u00b0-50\u00b0C\/ H.R. &lt; 80%.<\/li>\n<li>Condiciones de almacenaje:-10\u00b0C a 60\u00b0C \/H.R. &lt; 70%.<\/li>\n<li>Dimensiones:172 x 118 x 46 mm.<\/li>\n<li>Peso:220g.<\/li>\n<li>Accesorios Incluidos: Manual de instrucciones, bater\u00eda.<\/li>\n<\/ul>\n","protected":false},"featured_media":9028,"comment_status":"open","ping_status":"closed","template":"","meta":{"_joinchat":[]},"product_brand":[],"product_cat":[134],"product_tag":[],"class_list":{"0":"post-9025","1":"product","2":"type-product","3":"status-publish","4":"has-post-thumbnail","6":"product_cat-termometros-para-temperatura","8":"first","9":"instock","10":"shipping-taxable","11":"product-type-simple"},"yoast_head":"<!-- This site is optimized with the Yoast SEO plugin v26.4 - https:\/\/yoast.com\/wordpress\/plugins\/seo\/ -->\n<title>Term\u00f3metro Infrarrojo -35 a 500\u00baC - 1327 - Abaa tienda online<\/title>\n<meta name=\"robots\" content=\"index, follow, max-snippet:-1, max-image-preview:large, max-video-preview:-1\" \/>\n<link rel=\"canonical\" href=\"https:\/\/abaa.mx\/tienda\/termometro-infrarrojo-35-a-500oc-1327\/\" \/>\n<meta property=\"og:locale\" content=\"es_MX\" \/>\n<meta property=\"og:type\" content=\"article\" \/>\n<meta property=\"og:title\" content=\"Term\u00f3metro Infrarrojo -35 a 500\u00baC - 1327 - Abaa tienda online\" \/>\n<meta property=\"og:description\" content=\"Term\u00f3metro infrarrojo modelo TES-1327 Peculiaridades primordiales : Entidades seleccionables, pantalla LCD con retroiluminaci\u00f3n, prop\u00f3sito l\u00e1ser, memoria de lecturas m\u00e1xima y m\u00ednima. Memoria de datos y funci\u00f3n de lectura de valores almacenados , valor de emisividad ajustable, alarma audible y aparente.  Especificaciones:   Rango de medici\u00f3n:-35\u00b0 a 500\u00b0C\/-31\u00b0F a 932\u00b0F.  Resoluci\u00f3n: 0.1\u00b0C\/0.2\u00b0F.  Exactitud:\u00b1(2% Lectura) o \u00b1(2\u00b0C).  Respuesta espectral:6 - 14\u00b5S.  Campo de visi\u00f3n:12:1 Relaci\u00f3n \u00f3ptica con objetivo.  Emisividad:0.17 \u2013 1.00, (1326S : fijo 0.95).  Memoria:50 datos.  Apagado autom\u00e1tico:15 segundos.  Duraci\u00f3n de la bater\u00eda:Aprox. 100 horas.  Fuente de alimentaci\u00f3n:Pila alcalina de 9V.  Condiciones de Operaci\u00f3n: 0\u00b0-50\u00b0C\/ H.R. &lt; 80%.  Condiciones de almacenaje:-10\u00b0C a 60\u00b0C \/H.R. &lt; 70%.  Dimensiones:172 x 118 x 46 mm.  Peso:220g.  Accesorios Incluidos: Manual de instrucciones, bater\u00eda.\" \/>\n<meta property=\"og:url\" content=\"https:\/\/abaa.mx\/tienda\/termometro-infrarrojo-35-a-500oc-1327\/\" \/>\n<meta property=\"og:site_name\" content=\"Abaa tienda online\" \/>\n<meta property=\"article:modified_time\" content=\"2023-11-17T16:57:37+00:00\" \/>\n<meta property=\"og:image\" content=\"https:\/\/abaa.mx\/tienda\/wp-content\/uploads\/2023\/11\/TES-1327.jpg\" \/>\n\t<meta property=\"og:image:width\" content=\"385\" \/>\n\t<meta property=\"og:image:height\" content=\"401\" \/>\n\t<meta property=\"og:image:type\" content=\"image\/jpeg\" \/>\n<meta name=\"twitter:card\" content=\"summary_large_image\" \/>\n<meta name=\"twitter:label1\" content=\"Tiempo de lectura\" \/>\n\t<meta name=\"twitter:data1\" content=\"1 minuto\" \/>\n<script type=\"application\/ld+json\" class=\"yoast-schema-graph\">{\"@context\":\"https:\/\/schema.org\",\"@graph\":[{\"@type\":\"WebPage\",\"@id\":\"https:\/\/abaa.mx\/tienda\/termometro-infrarrojo-35-a-500oc-1327\/\",\"url\":\"https:\/\/abaa.mx\/tienda\/termometro-infrarrojo-35-a-500oc-1327\/\",\"name\":\"Term\u00f3metro Infrarrojo -35 a 500\u00baC - 1327 - Abaa tienda online\",\"isPartOf\":{\"@id\":\"https:\/\/abaa.mx\/tienda\/#website\"},\"primaryImageOfPage\":{\"@id\":\"https:\/\/abaa.mx\/tienda\/termometro-infrarrojo-35-a-500oc-1327\/#primaryimage\"},\"image\":{\"@id\":\"https:\/\/abaa.mx\/tienda\/termometro-infrarrojo-35-a-500oc-1327\/#primaryimage\"},\"thumbnailUrl\":\"https:\/\/abaa.mx\/tienda\/wp-content\/uploads\/2023\/11\/TES-1327.jpg\",\"datePublished\":\"2023-11-17T16:57:36+00:00\",\"dateModified\":\"2023-11-17T16:57:37+00:00\",\"breadcrumb\":{\"@id\":\"https:\/\/abaa.mx\/tienda\/termometro-infrarrojo-35-a-500oc-1327\/#breadcrumb\"},\"inLanguage\":\"es\",\"potentialAction\":[{\"@type\":\"ReadAction\",\"target\":[\"https:\/\/abaa.mx\/tienda\/termometro-infrarrojo-35-a-500oc-1327\/\"]}]},{\"@type\":\"ImageObject\",\"inLanguage\":\"es\",\"@id\":\"https:\/\/abaa.mx\/tienda\/termometro-infrarrojo-35-a-500oc-1327\/#primaryimage\",\"url\":\"https:\/\/abaa.mx\/tienda\/wp-content\/uploads\/2023\/11\/TES-1327.jpg\",\"contentUrl\":\"https:\/\/abaa.mx\/tienda\/wp-content\/uploads\/2023\/11\/TES-1327.jpg\",\"width\":385,\"height\":401,\"caption\":\"TES-1327\"},{\"@type\":\"BreadcrumbList\",\"@id\":\"https:\/\/abaa.mx\/tienda\/termometro-infrarrojo-35-a-500oc-1327\/#breadcrumb\",\"itemListElement\":[{\"@type\":\"ListItem\",\"position\":1,\"name\":\"Inicio\",\"item\":\"https:\/\/abaa.mx\/tienda\/\"},{\"@type\":\"ListItem\",\"position\":2,\"name\":\"Tienda\",\"item\":\"https:\/\/abaa.mx\/tienda\/\"},{\"@type\":\"ListItem\",\"position\":3,\"name\":\"Term\u00f3metro Infrarrojo -35 a 500\u00baC &#8211; 1327\"}]},{\"@type\":\"WebSite\",\"@id\":\"https:\/\/abaa.mx\/tienda\/#website\",\"url\":\"https:\/\/abaa.mx\/tienda\/\",\"name\":\"Abaa tienda online\",\"description\":\"Instrumentos de medici\u00f3n\",\"publisher\":{\"@id\":\"https:\/\/abaa.mx\/tienda\/#organization\"},\"potentialAction\":[{\"@type\":\"SearchAction\",\"target\":{\"@type\":\"EntryPoint\",\"urlTemplate\":\"https:\/\/abaa.mx\/tienda\/?s={search_term_string}\"},\"query-input\":{\"@type\":\"PropertyValueSpecification\",\"valueRequired\":true,\"valueName\":\"search_term_string\"}}],\"inLanguage\":\"es\"},{\"@type\":\"Organization\",\"@id\":\"https:\/\/abaa.mx\/tienda\/#organization\",\"name\":\"Abaa tienda online\",\"url\":\"https:\/\/abaa.mx\/tienda\/\",\"logo\":{\"@type\":\"ImageObject\",\"inLanguage\":\"es\",\"@id\":\"https:\/\/abaa.mx\/tienda\/#\/schema\/logo\/image\/\",\"url\":\"https:\/\/abaa.mx\/tienda\/wp-content\/uploads\/2024\/01\/abaa-metrologia-tienda.png\",\"contentUrl\":\"https:\/\/abaa.mx\/tienda\/wp-content\/uploads\/2024\/01\/abaa-metrologia-tienda.png\",\"width\":300,\"height\":141,\"caption\":\"Abaa tienda online\"},\"image\":{\"@id\":\"https:\/\/abaa.mx\/tienda\/#\/schema\/logo\/image\/\"}}]}<\/script>\n<!-- \/ Yoast SEO plugin. -->","yoast_head_json":{"title":"Term\u00f3metro Infrarrojo -35 a 500\u00baC - 1327 - Abaa tienda online","robots":{"index":"index","follow":"follow","max-snippet":"max-snippet:-1","max-image-preview":"max-image-preview:large","max-video-preview":"max-video-preview:-1"},"canonical":"https:\/\/abaa.mx\/tienda\/termometro-infrarrojo-35-a-500oc-1327\/","og_locale":"es_MX","og_type":"article","og_title":"Term\u00f3metro Infrarrojo -35 a 500\u00baC - 1327 - Abaa tienda online","og_description":"Term\u00f3metro infrarrojo modelo TES-1327 Peculiaridades primordiales : Entidades seleccionables, pantalla LCD con retroiluminaci\u00f3n, prop\u00f3sito l\u00e1ser, memoria de lecturas m\u00e1xima y m\u00ednima. Memoria de datos y funci\u00f3n de lectura de valores almacenados , valor de emisividad ajustable, alarma audible y aparente.  Especificaciones:   Rango de medici\u00f3n:-35\u00b0 a 500\u00b0C\/-31\u00b0F a 932\u00b0F.  Resoluci\u00f3n: 0.1\u00b0C\/0.2\u00b0F.  Exactitud:\u00b1(2% Lectura) o \u00b1(2\u00b0C).  Respuesta espectral:6 - 14\u00b5S.  Campo de visi\u00f3n:12:1 Relaci\u00f3n \u00f3ptica con objetivo.  Emisividad:0.17 \u2013 1.00, (1326S : fijo 0.95).  Memoria:50 datos.  Apagado autom\u00e1tico:15 segundos.  Duraci\u00f3n de la bater\u00eda:Aprox. 100 horas.  Fuente de alimentaci\u00f3n:Pila alcalina de 9V.  Condiciones de Operaci\u00f3n: 0\u00b0-50\u00b0C\/ H.R. &lt; 80%.  Condiciones de almacenaje:-10\u00b0C a 60\u00b0C \/H.R. &lt; 70%.  Dimensiones:172 x 118 x 46 mm.  Peso:220g.  Accesorios Incluidos: Manual de instrucciones, bater\u00eda.","og_url":"https:\/\/abaa.mx\/tienda\/termometro-infrarrojo-35-a-500oc-1327\/","og_site_name":"Abaa tienda online","article_modified_time":"2023-11-17T16:57:37+00:00","og_image":[{"width":385,"height":401,"url":"https:\/\/abaa.mx\/tienda\/wp-content\/uploads\/2023\/11\/TES-1327.jpg","type":"image\/jpeg"}],"twitter_card":"summary_large_image","twitter_misc":{"Tiempo de lectura":"1 minuto"},"schema":{"@context":"https:\/\/schema.org","@graph":[{"@type":"WebPage","@id":"https:\/\/abaa.mx\/tienda\/termometro-infrarrojo-35-a-500oc-1327\/","url":"https:\/\/abaa.mx\/tienda\/termometro-infrarrojo-35-a-500oc-1327\/","name":"Term\u00f3metro Infrarrojo -35 a 500\u00baC - 1327 - Abaa tienda online","isPartOf":{"@id":"https:\/\/abaa.mx\/tienda\/#website"},"primaryImageOfPage":{"@id":"https:\/\/abaa.mx\/tienda\/termometro-infrarrojo-35-a-500oc-1327\/#primaryimage"},"image":{"@id":"https:\/\/abaa.mx\/tienda\/termometro-infrarrojo-35-a-500oc-1327\/#primaryimage"},"thumbnailUrl":"https:\/\/abaa.mx\/tienda\/wp-content\/uploads\/2023\/11\/TES-1327.jpg","datePublished":"2023-11-17T16:57:36+00:00","dateModified":"2023-11-17T16:57:37+00:00","breadcrumb":{"@id":"https:\/\/abaa.mx\/tienda\/termometro-infrarrojo-35-a-500oc-1327\/#breadcrumb"},"inLanguage":"es","potentialAction":[{"@type":"ReadAction","target":["https:\/\/abaa.mx\/tienda\/termometro-infrarrojo-35-a-500oc-1327\/"]}]},{"@type":"ImageObject","inLanguage":"es","@id":"https:\/\/abaa.mx\/tienda\/termometro-infrarrojo-35-a-500oc-1327\/#primaryimage","url":"https:\/\/abaa.mx\/tienda\/wp-content\/uploads\/2023\/11\/TES-1327.jpg","contentUrl":"https:\/\/abaa.mx\/tienda\/wp-content\/uploads\/2023\/11\/TES-1327.jpg","width":385,"height":401,"caption":"TES-1327"},{"@type":"BreadcrumbList","@id":"https:\/\/abaa.mx\/tienda\/termometro-infrarrojo-35-a-500oc-1327\/#breadcrumb","itemListElement":[{"@type":"ListItem","position":1,"name":"Inicio","item":"https:\/\/abaa.mx\/tienda\/"},{"@type":"ListItem","position":2,"name":"Tienda","item":"https:\/\/abaa.mx\/tienda\/"},{"@type":"ListItem","position":3,"name":"Term\u00f3metro Infrarrojo -35 a 500\u00baC &#8211; 1327"}]},{"@type":"WebSite","@id":"https:\/\/abaa.mx\/tienda\/#website","url":"https:\/\/abaa.mx\/tienda\/","name":"Abaa tienda online","description":"Instrumentos de medici\u00f3n","publisher":{"@id":"https:\/\/abaa.mx\/tienda\/#organization"},"potentialAction":[{"@type":"SearchAction","target":{"@type":"EntryPoint","urlTemplate":"https:\/\/abaa.mx\/tienda\/?s={search_term_string}"},"query-input":{"@type":"PropertyValueSpecification","valueRequired":true,"valueName":"search_term_string"}}],"inLanguage":"es"},{"@type":"Organization","@id":"https:\/\/abaa.mx\/tienda\/#organization","name":"Abaa tienda online","url":"https:\/\/abaa.mx\/tienda\/","logo":{"@type":"ImageObject","inLanguage":"es","@id":"https:\/\/abaa.mx\/tienda\/#\/schema\/logo\/image\/","url":"https:\/\/abaa.mx\/tienda\/wp-content\/uploads\/2024\/01\/abaa-metrologia-tienda.png","contentUrl":"https:\/\/abaa.mx\/tienda\/wp-content\/uploads\/2024\/01\/abaa-metrologia-tienda.png","width":300,"height":141,"caption":"Abaa tienda online"},"image":{"@id":"https:\/\/abaa.mx\/tienda\/#\/schema\/logo\/image\/"}}]}},"_links":{"self":[{"href":"https:\/\/abaa.mx\/tienda\/wp-json\/wp\/v2\/product\/9025","targetHints":{"allow":["GET"]}}],"collection":[{"href":"https:\/\/abaa.mx\/tienda\/wp-json\/wp\/v2\/product"}],"about":[{"href":"https:\/\/abaa.mx\/tienda\/wp-json\/wp\/v2\/types\/product"}],"replies":[{"embeddable":true,"href":"https:\/\/abaa.mx\/tienda\/wp-json\/wp\/v2\/comments?post=9025"}],"wp:featuredmedia":[{"embeddable":true,"href":"https:\/\/abaa.mx\/tienda\/wp-json\/wp\/v2\/media\/9028"}],"wp:attachment":[{"href":"https:\/\/abaa.mx\/tienda\/wp-json\/wp\/v2\/media?parent=9025"}],"wp:term":[{"taxonomy":"product_brand","embeddable":true,"href":"https:\/\/abaa.mx\/tienda\/wp-json\/wp\/v2\/product_brand?post=9025"},{"taxonomy":"product_cat","embeddable":true,"href":"https:\/\/abaa.mx\/tienda\/wp-json\/wp\/v2\/product_cat?post=9025"},{"taxonomy":"product_tag","embeddable":true,"href":"https:\/\/abaa.mx\/tienda\/wp-json\/wp\/v2\/product_tag?post=9025"}],"curies":[{"name":"wp","href":"https:\/\/api.w.org\/{rel}","templated":true}]}}