{"id":9022,"date":"2023-11-17T16:41:57","date_gmt":"2023-11-17T16:41:57","guid":{"rendered":"https:\/\/abaa.mx\/tienda\/?post_type=product&#038;p=9022"},"modified":"2023-11-17T16:41:58","modified_gmt":"2023-11-17T16:41:58","slug":"termometro-infrarrojo750-oc-dt8819","status":"publish","type":"product","link":"https:\/\/abaa.mx\/tienda\/termometro-infrarrojo750-oc-dt8819\/","title":{"rendered":"Term\u00f3metro Infrarrojo750 \u00bac &#8211; DT8819"},"content":{"rendered":"<p>Term\u00f3metro Infrarrojo750 \u00bac &#8211; DT8819.<\/p>\n","protected":false},"excerpt":{"rendered":"<p>Tipo pistola con un rango de -50\u00b0C a 750\u00b0C y apuntador de laser para mayor precisi\u00f3n.<\/p>\n<p><b>Caracter\u00edsticas:<\/b><\/p>\n<ul>\n<li>Superficie llana \u00fanica, diseno de alojamiento moderno.<\/li>\n<li>Retenci\u00f3n de datos autom\u00e1tico.<\/li>\n<li>Indicador de sobrevariedad.<\/li>\n<li>Selecci\u00f3n entre \u00b0C y \u00b0F.<\/li>\n<li>Estrecho 12:1 el campo de la vista (en 12&#8243; de distancia, mida 1&#8243; el objetivo).<\/li>\n<li>Resoluci\u00f3n 0.1 \u00b0C hasta 200 \u00b0C, 1\u00b0 mas de 200\u00b0C.<\/li>\n<li>Apagado autom\u00e1tico.<\/li>\n<li>Aputnador l\u00e1ser incorporado.<\/li>\n<li>Variedad de selecci\u00f3n autom\u00e1tica.<\/li>\n<li>Indicador de temperatura alta.<\/li>\n<li>Indicador de bater\u00eda baja.<\/li>\n<li>Pantalla LCD en v\u00eddeo inverso.<\/li>\n<li>Fijado emisivo (0.95) tapas el 90% de aplicaciones superficiales.<\/li>\n<\/ul>\n","protected":false},"featured_media":9024,"comment_status":"open","ping_status":"closed","template":"","meta":{"_joinchat":[]},"product_brand":[],"product_cat":[134],"product_tag":[],"class_list":{"0":"post-9022","1":"product","2":"type-product","3":"status-publish","4":"has-post-thumbnail","6":"product_cat-termometros-para-temperatura","8":"first","9":"instock","10":"shipping-taxable","11":"product-type-simple"},"yoast_head":"<!-- This site is optimized with the Yoast SEO plugin v26.4 - https:\/\/yoast.com\/wordpress\/plugins\/seo\/ -->\n<title>Term\u00f3metro Infrarrojo750 \u00bac - DT8819 - Abaa tienda online<\/title>\n<meta name=\"robots\" content=\"index, follow, max-snippet:-1, max-image-preview:large, max-video-preview:-1\" \/>\n<link rel=\"canonical\" href=\"https:\/\/abaa.mx\/tienda\/termometro-infrarrojo750-oc-dt8819\/\" \/>\n<meta property=\"og:locale\" content=\"es_MX\" \/>\n<meta property=\"og:type\" content=\"article\" \/>\n<meta property=\"og:title\" content=\"Term\u00f3metro Infrarrojo750 \u00bac - DT8819 - Abaa tienda online\" \/>\n<meta property=\"og:description\" content=\"Tipo pistola con un rango de -50\u00b0C a 750\u00b0C y apuntador de laser para mayor precisi\u00f3n.  Caracter\u00edsticas:   Superficie llana \u00fanica, diseno de alojamiento moderno.  Retenci\u00f3n de datos autom\u00e1tico.  Indicador de sobrevariedad.  Selecci\u00f3n entre \u00b0C y \u00b0F.  Estrecho 12:1 el campo de la vista (en 12&quot; de distancia, mida 1&quot; el objetivo).  Resoluci\u00f3n 0.1 \u00b0C hasta 200 \u00b0C, 1\u00b0 mas de 200\u00b0C.  Apagado autom\u00e1tico.  Aputnador l\u00e1ser incorporado.  Variedad de selecci\u00f3n autom\u00e1tica.  Indicador de temperatura alta.  Indicador de bater\u00eda baja.  Pantalla LCD en v\u00eddeo inverso.  Fijado emisivo (0.95) tapas el 90% de aplicaciones superficiales.\" \/>\n<meta property=\"og:url\" content=\"https:\/\/abaa.mx\/tienda\/termometro-infrarrojo750-oc-dt8819\/\" \/>\n<meta property=\"og:site_name\" content=\"Abaa tienda online\" \/>\n<meta property=\"article:modified_time\" content=\"2023-11-17T16:41:58+00:00\" \/>\n<meta property=\"og:image\" content=\"https:\/\/abaa.mx\/tienda\/wp-content\/uploads\/2023\/11\/CEM-METERS-DT8819.jpg\" \/>\n\t<meta property=\"og:image:width\" content=\"300\" \/>\n\t<meta property=\"og:image:height\" content=\"437\" \/>\n\t<meta property=\"og:image:type\" content=\"image\/jpeg\" \/>\n<meta name=\"twitter:card\" content=\"summary_large_image\" \/>\n<meta name=\"twitter:label1\" content=\"Tiempo de lectura\" \/>\n\t<meta name=\"twitter:data1\" content=\"1 minuto\" \/>\n<script type=\"application\/ld+json\" class=\"yoast-schema-graph\">{\"@context\":\"https:\/\/schema.org\",\"@graph\":[{\"@type\":\"WebPage\",\"@id\":\"https:\/\/abaa.mx\/tienda\/termometro-infrarrojo750-oc-dt8819\/\",\"url\":\"https:\/\/abaa.mx\/tienda\/termometro-infrarrojo750-oc-dt8819\/\",\"name\":\"Term\u00f3metro Infrarrojo750 \u00bac - DT8819 - Abaa tienda online\",\"isPartOf\":{\"@id\":\"https:\/\/abaa.mx\/tienda\/#website\"},\"primaryImageOfPage\":{\"@id\":\"https:\/\/abaa.mx\/tienda\/termometro-infrarrojo750-oc-dt8819\/#primaryimage\"},\"image\":{\"@id\":\"https:\/\/abaa.mx\/tienda\/termometro-infrarrojo750-oc-dt8819\/#primaryimage\"},\"thumbnailUrl\":\"https:\/\/abaa.mx\/tienda\/wp-content\/uploads\/2023\/11\/CEM-METERS-DT8819.jpg\",\"datePublished\":\"2023-11-17T16:41:57+00:00\",\"dateModified\":\"2023-11-17T16:41:58+00:00\",\"breadcrumb\":{\"@id\":\"https:\/\/abaa.mx\/tienda\/termometro-infrarrojo750-oc-dt8819\/#breadcrumb\"},\"inLanguage\":\"es\",\"potentialAction\":[{\"@type\":\"ReadAction\",\"target\":[\"https:\/\/abaa.mx\/tienda\/termometro-infrarrojo750-oc-dt8819\/\"]}]},{\"@type\":\"ImageObject\",\"inLanguage\":\"es\",\"@id\":\"https:\/\/abaa.mx\/tienda\/termometro-infrarrojo750-oc-dt8819\/#primaryimage\",\"url\":\"https:\/\/abaa.mx\/tienda\/wp-content\/uploads\/2023\/11\/CEM-METERS-DT8819.jpg\",\"contentUrl\":\"https:\/\/abaa.mx\/tienda\/wp-content\/uploads\/2023\/11\/CEM-METERS-DT8819.jpg\",\"width\":300,\"height\":437,\"caption\":\"CEM METERS-DT8819\"},{\"@type\":\"BreadcrumbList\",\"@id\":\"https:\/\/abaa.mx\/tienda\/termometro-infrarrojo750-oc-dt8819\/#breadcrumb\",\"itemListElement\":[{\"@type\":\"ListItem\",\"position\":1,\"name\":\"Inicio\",\"item\":\"https:\/\/abaa.mx\/tienda\/\"},{\"@type\":\"ListItem\",\"position\":2,\"name\":\"Tienda\",\"item\":\"https:\/\/abaa.mx\/tienda\/\"},{\"@type\":\"ListItem\",\"position\":3,\"name\":\"Term\u00f3metro Infrarrojo750 \u00bac &#8211; DT8819\"}]},{\"@type\":\"WebSite\",\"@id\":\"https:\/\/abaa.mx\/tienda\/#website\",\"url\":\"https:\/\/abaa.mx\/tienda\/\",\"name\":\"Abaa tienda online\",\"description\":\"Instrumentos de medici\u00f3n\",\"publisher\":{\"@id\":\"https:\/\/abaa.mx\/tienda\/#organization\"},\"potentialAction\":[{\"@type\":\"SearchAction\",\"target\":{\"@type\":\"EntryPoint\",\"urlTemplate\":\"https:\/\/abaa.mx\/tienda\/?s={search_term_string}\"},\"query-input\":{\"@type\":\"PropertyValueSpecification\",\"valueRequired\":true,\"valueName\":\"search_term_string\"}}],\"inLanguage\":\"es\"},{\"@type\":\"Organization\",\"@id\":\"https:\/\/abaa.mx\/tienda\/#organization\",\"name\":\"Abaa tienda online\",\"url\":\"https:\/\/abaa.mx\/tienda\/\",\"logo\":{\"@type\":\"ImageObject\",\"inLanguage\":\"es\",\"@id\":\"https:\/\/abaa.mx\/tienda\/#\/schema\/logo\/image\/\",\"url\":\"https:\/\/abaa.mx\/tienda\/wp-content\/uploads\/2024\/01\/abaa-metrologia-tienda.png\",\"contentUrl\":\"https:\/\/abaa.mx\/tienda\/wp-content\/uploads\/2024\/01\/abaa-metrologia-tienda.png\",\"width\":300,\"height\":141,\"caption\":\"Abaa tienda online\"},\"image\":{\"@id\":\"https:\/\/abaa.mx\/tienda\/#\/schema\/logo\/image\/\"}}]}<\/script>\n<!-- \/ Yoast SEO plugin. -->","yoast_head_json":{"title":"Term\u00f3metro Infrarrojo750 \u00bac - DT8819 - Abaa tienda online","robots":{"index":"index","follow":"follow","max-snippet":"max-snippet:-1","max-image-preview":"max-image-preview:large","max-video-preview":"max-video-preview:-1"},"canonical":"https:\/\/abaa.mx\/tienda\/termometro-infrarrojo750-oc-dt8819\/","og_locale":"es_MX","og_type":"article","og_title":"Term\u00f3metro Infrarrojo750 \u00bac - DT8819 - Abaa tienda online","og_description":"Tipo pistola con un rango de -50\u00b0C a 750\u00b0C y apuntador de laser para mayor precisi\u00f3n.  Caracter\u00edsticas:   Superficie llana \u00fanica, diseno de alojamiento moderno.  Retenci\u00f3n de datos autom\u00e1tico.  Indicador de sobrevariedad.  Selecci\u00f3n entre \u00b0C y \u00b0F.  Estrecho 12:1 el campo de la vista (en 12\" de distancia, mida 1\" el objetivo).  Resoluci\u00f3n 0.1 \u00b0C hasta 200 \u00b0C, 1\u00b0 mas de 200\u00b0C.  Apagado autom\u00e1tico.  Aputnador l\u00e1ser incorporado.  Variedad de selecci\u00f3n autom\u00e1tica.  Indicador de temperatura alta.  Indicador de bater\u00eda baja.  Pantalla LCD en v\u00eddeo inverso.  Fijado emisivo (0.95) tapas el 90% de aplicaciones superficiales.","og_url":"https:\/\/abaa.mx\/tienda\/termometro-infrarrojo750-oc-dt8819\/","og_site_name":"Abaa tienda online","article_modified_time":"2023-11-17T16:41:58+00:00","og_image":[{"width":300,"height":437,"url":"https:\/\/abaa.mx\/tienda\/wp-content\/uploads\/2023\/11\/CEM-METERS-DT8819.jpg","type":"image\/jpeg"}],"twitter_card":"summary_large_image","twitter_misc":{"Tiempo de lectura":"1 minuto"},"schema":{"@context":"https:\/\/schema.org","@graph":[{"@type":"WebPage","@id":"https:\/\/abaa.mx\/tienda\/termometro-infrarrojo750-oc-dt8819\/","url":"https:\/\/abaa.mx\/tienda\/termometro-infrarrojo750-oc-dt8819\/","name":"Term\u00f3metro Infrarrojo750 \u00bac - DT8819 - Abaa tienda online","isPartOf":{"@id":"https:\/\/abaa.mx\/tienda\/#website"},"primaryImageOfPage":{"@id":"https:\/\/abaa.mx\/tienda\/termometro-infrarrojo750-oc-dt8819\/#primaryimage"},"image":{"@id":"https:\/\/abaa.mx\/tienda\/termometro-infrarrojo750-oc-dt8819\/#primaryimage"},"thumbnailUrl":"https:\/\/abaa.mx\/tienda\/wp-content\/uploads\/2023\/11\/CEM-METERS-DT8819.jpg","datePublished":"2023-11-17T16:41:57+00:00","dateModified":"2023-11-17T16:41:58+00:00","breadcrumb":{"@id":"https:\/\/abaa.mx\/tienda\/termometro-infrarrojo750-oc-dt8819\/#breadcrumb"},"inLanguage":"es","potentialAction":[{"@type":"ReadAction","target":["https:\/\/abaa.mx\/tienda\/termometro-infrarrojo750-oc-dt8819\/"]}]},{"@type":"ImageObject","inLanguage":"es","@id":"https:\/\/abaa.mx\/tienda\/termometro-infrarrojo750-oc-dt8819\/#primaryimage","url":"https:\/\/abaa.mx\/tienda\/wp-content\/uploads\/2023\/11\/CEM-METERS-DT8819.jpg","contentUrl":"https:\/\/abaa.mx\/tienda\/wp-content\/uploads\/2023\/11\/CEM-METERS-DT8819.jpg","width":300,"height":437,"caption":"CEM METERS-DT8819"},{"@type":"BreadcrumbList","@id":"https:\/\/abaa.mx\/tienda\/termometro-infrarrojo750-oc-dt8819\/#breadcrumb","itemListElement":[{"@type":"ListItem","position":1,"name":"Inicio","item":"https:\/\/abaa.mx\/tienda\/"},{"@type":"ListItem","position":2,"name":"Tienda","item":"https:\/\/abaa.mx\/tienda\/"},{"@type":"ListItem","position":3,"name":"Term\u00f3metro Infrarrojo750 \u00bac &#8211; DT8819"}]},{"@type":"WebSite","@id":"https:\/\/abaa.mx\/tienda\/#website","url":"https:\/\/abaa.mx\/tienda\/","name":"Abaa tienda online","description":"Instrumentos de medici\u00f3n","publisher":{"@id":"https:\/\/abaa.mx\/tienda\/#organization"},"potentialAction":[{"@type":"SearchAction","target":{"@type":"EntryPoint","urlTemplate":"https:\/\/abaa.mx\/tienda\/?s={search_term_string}"},"query-input":{"@type":"PropertyValueSpecification","valueRequired":true,"valueName":"search_term_string"}}],"inLanguage":"es"},{"@type":"Organization","@id":"https:\/\/abaa.mx\/tienda\/#organization","name":"Abaa tienda online","url":"https:\/\/abaa.mx\/tienda\/","logo":{"@type":"ImageObject","inLanguage":"es","@id":"https:\/\/abaa.mx\/tienda\/#\/schema\/logo\/image\/","url":"https:\/\/abaa.mx\/tienda\/wp-content\/uploads\/2024\/01\/abaa-metrologia-tienda.png","contentUrl":"https:\/\/abaa.mx\/tienda\/wp-content\/uploads\/2024\/01\/abaa-metrologia-tienda.png","width":300,"height":141,"caption":"Abaa tienda online"},"image":{"@id":"https:\/\/abaa.mx\/tienda\/#\/schema\/logo\/image\/"}}]}},"_links":{"self":[{"href":"https:\/\/abaa.mx\/tienda\/wp-json\/wp\/v2\/product\/9022","targetHints":{"allow":["GET"]}}],"collection":[{"href":"https:\/\/abaa.mx\/tienda\/wp-json\/wp\/v2\/product"}],"about":[{"href":"https:\/\/abaa.mx\/tienda\/wp-json\/wp\/v2\/types\/product"}],"replies":[{"embeddable":true,"href":"https:\/\/abaa.mx\/tienda\/wp-json\/wp\/v2\/comments?post=9022"}],"wp:featuredmedia":[{"embeddable":true,"href":"https:\/\/abaa.mx\/tienda\/wp-json\/wp\/v2\/media\/9024"}],"wp:attachment":[{"href":"https:\/\/abaa.mx\/tienda\/wp-json\/wp\/v2\/media?parent=9022"}],"wp:term":[{"taxonomy":"product_brand","embeddable":true,"href":"https:\/\/abaa.mx\/tienda\/wp-json\/wp\/v2\/product_brand?post=9022"},{"taxonomy":"product_cat","embeddable":true,"href":"https:\/\/abaa.mx\/tienda\/wp-json\/wp\/v2\/product_cat?post=9022"},{"taxonomy":"product_tag","embeddable":true,"href":"https:\/\/abaa.mx\/tienda\/wp-json\/wp\/v2\/product_tag?post=9022"}],"curies":[{"name":"wp","href":"https:\/\/api.w.org\/{rel}","templated":true}]}}