{"id":9020,"date":"2023-11-17T16:36:31","date_gmt":"2023-11-17T16:36:31","guid":{"rendered":"https:\/\/abaa.mx\/tienda\/?post_type=product&#038;p=9020"},"modified":"2023-11-17T16:36:32","modified_gmt":"2023-11-17T16:36:32","slug":"termometro-infrarrojo-50-a-1000oc-dt8839","status":"publish","type":"product","link":"https:\/\/abaa.mx\/tienda\/termometro-infrarrojo-50-a-1000oc-dt8839\/","title":{"rendered":"Term\u00f3metro Infrarrojo -50 a 1000\u00baC &#8211; DT8839"},"content":{"rendered":"<p>Term\u00f3metro Infrarrojo -50 a 1000\u00baC.<\/p>\n","protected":false},"excerpt":{"rendered":"<p>El term\u00f3metro infrarrojo modelo CM-DT8839 te proveer\u00e1 de una medici\u00f3n r\u00e1pida y precisa. Puede temperatura superficial en casi todos las situaciones y su portabilidad lo hace muy \u00fatil para trabajo en el campo o en la l\u00ednea de producci\u00f3n.<\/p>\n<p><strong>Caracter\u00edsticas: <\/strong><\/p>\n<p>Tiene un campo focal con relaci\u00f3n de 50 a 1 puede medir en \u00e1reas peque\u00f1as con una mayor distancia de separaci\u00f3n entre la mano del usuario y la pieza caliente. Su rango de medici\u00f3n temperatura es amplio.<\/p>\n<p>Tiene una empu\u00f1adura y una carcaza de alta calidad y dise\u00f1o ergon\u00f3mico moderno. Incorpora un indicio de punter\u00eda laser. Retiene datos de forma autom\u00e1tica : M\u00e1xima, m\u00ednima, Diferencial, promedio. Puede establecer alarma con l\u00edmites bajo y alto. Cuenta con funci\u00f3n de ajuste de la emisividad.<\/p>\n<p>El equipo viene calibrado de fabrica y listo para emplearse , no obstante el desarrollador no incluye un certificado de medici\u00f3n con el equipo. Consulta con nuestro aparato de ventas y cotiza un certificado de calibraci\u00f3n emitido por nuestro laboratorio acreditado ante la regla ISO\/IEC 17025.<\/p>\n<p><strong>Especificaciones y modelos disponibles:<\/strong><\/p>\n<table width=\"630\">\n<tbody>\n<tr>\n<td width=\"169\"><strong>Modelo<\/strong><\/td>\n<td width=\"132\"><strong>CM-DT8839<\/strong><\/td>\n<td width=\"132\"><strong>CM-DT8859<\/strong><\/td>\n<td width=\"1\">&nbsp;<\/td>\n<\/tr>\n<tr>\n<td width=\"169\">Rango<\/td>\n<td width=\"132\">-50\u00baC to 1000\u00baC<\/td>\n<td colspan=\"2\" width=\"132\">-50\u00baC to 1600\u00baC<\/td>\n<\/tr>\n<tr>\n<td width=\"169\">Resoluci\u00f3n \u00d3ptica<\/td>\n<td width=\"132\">50:1<\/td>\n<td colspan=\"2\" width=\"132\">50:1<\/td>\n<\/tr>\n<tr>\n<td width=\"169\">Resoluci\u00f3n de Medici\u00f3n<\/td>\n<td width=\"132\">0.1\u00baC<\/td>\n<td colspan=\"2\" width=\"132\">0.1\u00baC<\/td>\n<\/tr>\n<tr>\n<td width=\"169\">Precisi\u00f3n B\u00e1sica<\/td>\n<td colspan=\"3\" width=\"264\">\u00b11.5% de la lectura \u00b12\u00baC\/\u00b14\u00baF<\/td>\n<\/tr>\n<tr>\n<td width=\"169\">Emisividad del sensor IR<\/td>\n<td colspan=\"3\" width=\"264\">Ajustable 0.10 a 1.0<\/td>\n<\/tr>\n<\/tbody>\n<\/table>\n<p>&nbsp;<\/p>\n","protected":false},"featured_media":9021,"comment_status":"open","ping_status":"closed","template":"","meta":{"_joinchat":[]},"product_brand":[],"product_cat":[134],"product_tag":[],"class_list":{"0":"post-9020","1":"product","2":"type-product","3":"status-publish","4":"has-post-thumbnail","6":"product_cat-termometros-para-temperatura","8":"first","9":"instock","10":"shipping-taxable","11":"product-type-simple"},"yoast_head":"<!-- This site is optimized with the Yoast SEO plugin v26.4 - https:\/\/yoast.com\/wordpress\/plugins\/seo\/ -->\n<title>Term\u00f3metro Infrarrojo -50 a 1000\u00baC - DT8839 - Abaa tienda online<\/title>\n<meta name=\"robots\" content=\"index, follow, max-snippet:-1, max-image-preview:large, max-video-preview:-1\" \/>\n<link rel=\"canonical\" href=\"https:\/\/abaa.mx\/tienda\/termometro-infrarrojo-50-a-1000oc-dt8839\/\" \/>\n<meta property=\"og:locale\" content=\"es_MX\" \/>\n<meta property=\"og:type\" content=\"article\" \/>\n<meta property=\"og:title\" content=\"Term\u00f3metro Infrarrojo -50 a 1000\u00baC - DT8839 - Abaa tienda online\" \/>\n<meta property=\"og:description\" content=\"El term\u00f3metro infrarrojo modelo CM-DT8839 te proveer\u00e1 de una medici\u00f3n r\u00e1pida y precisa. Puede temperatura superficial en casi todos las situaciones y su portabilidad lo hace muy \u00fatil para trabajo en el campo o en la l\u00ednea de producci\u00f3n.  Caracter\u00edsticas:   Tiene un campo focal con relaci\u00f3n de 50 a 1 puede medir en \u00e1reas peque\u00f1as con una mayor distancia de separaci\u00f3n entre la mano del usuario y la pieza caliente. Su rango de medici\u00f3n temperatura es amplio.  Tiene una empu\u00f1adura y una carcaza de alta calidad y dise\u00f1o ergon\u00f3mico moderno. Incorpora un indicio de punter\u00eda laser. Retiene datos de forma autom\u00e1tica : M\u00e1xima, m\u00ednima, Diferencial, promedio. Puede establecer alarma con l\u00edmites bajo y alto. Cuenta con funci\u00f3n de ajuste de la emisividad.  El equipo viene calibrado de fabrica y listo para emplearse , no obstante el desarrollador no incluye un certificado de medici\u00f3n con el equipo. Consulta con nuestro aparato de ventas y cotiza un certificado de calibraci\u00f3n emitido por nuestro laboratorio acreditado ante la regla ISO\/IEC 17025.  Especificaciones y modelos disponibles:    Modelo CM-DT8839 CM-DT8859 &nbsp;   Rango -50\u00baC to 1000\u00baC -50\u00baC to 1600\u00baC   Resoluci\u00f3n \u00d3ptica 50:1 50:1   Resoluci\u00f3n de Medici\u00f3n 0.1\u00baC 0.1\u00baC   Precisi\u00f3n B\u00e1sica \u00b11.5% de la lectura \u00b12\u00baC\/\u00b14\u00baF   Emisividad del sensor IR Ajustable 0.10 a 1.0    &nbsp;\" \/>\n<meta property=\"og:url\" content=\"https:\/\/abaa.mx\/tienda\/termometro-infrarrojo-50-a-1000oc-dt8839\/\" \/>\n<meta property=\"og:site_name\" content=\"Abaa tienda online\" \/>\n<meta property=\"article:modified_time\" content=\"2023-11-17T16:36:32+00:00\" \/>\n<meta property=\"og:image\" content=\"https:\/\/abaa.mx\/tienda\/wp-content\/uploads\/2023\/11\/CEM-METERS-DT8839.jpg\" \/>\n\t<meta property=\"og:image:width\" content=\"500\" \/>\n\t<meta property=\"og:image:height\" content=\"500\" \/>\n\t<meta property=\"og:image:type\" content=\"image\/jpeg\" \/>\n<meta name=\"twitter:card\" content=\"summary_large_image\" \/>\n<meta name=\"twitter:label1\" content=\"Tiempo de lectura\" \/>\n\t<meta name=\"twitter:data1\" content=\"1 minuto\" \/>\n<script type=\"application\/ld+json\" class=\"yoast-schema-graph\">{\"@context\":\"https:\/\/schema.org\",\"@graph\":[{\"@type\":\"WebPage\",\"@id\":\"https:\/\/abaa.mx\/tienda\/termometro-infrarrojo-50-a-1000oc-dt8839\/\",\"url\":\"https:\/\/abaa.mx\/tienda\/termometro-infrarrojo-50-a-1000oc-dt8839\/\",\"name\":\"Term\u00f3metro Infrarrojo -50 a 1000\u00baC - DT8839 - Abaa tienda online\",\"isPartOf\":{\"@id\":\"https:\/\/abaa.mx\/tienda\/#website\"},\"primaryImageOfPage\":{\"@id\":\"https:\/\/abaa.mx\/tienda\/termometro-infrarrojo-50-a-1000oc-dt8839\/#primaryimage\"},\"image\":{\"@id\":\"https:\/\/abaa.mx\/tienda\/termometro-infrarrojo-50-a-1000oc-dt8839\/#primaryimage\"},\"thumbnailUrl\":\"https:\/\/abaa.mx\/tienda\/wp-content\/uploads\/2023\/11\/CEM-METERS-DT8839.jpg\",\"datePublished\":\"2023-11-17T16:36:31+00:00\",\"dateModified\":\"2023-11-17T16:36:32+00:00\",\"breadcrumb\":{\"@id\":\"https:\/\/abaa.mx\/tienda\/termometro-infrarrojo-50-a-1000oc-dt8839\/#breadcrumb\"},\"inLanguage\":\"es\",\"potentialAction\":[{\"@type\":\"ReadAction\",\"target\":[\"https:\/\/abaa.mx\/tienda\/termometro-infrarrojo-50-a-1000oc-dt8839\/\"]}]},{\"@type\":\"ImageObject\",\"inLanguage\":\"es\",\"@id\":\"https:\/\/abaa.mx\/tienda\/termometro-infrarrojo-50-a-1000oc-dt8839\/#primaryimage\",\"url\":\"https:\/\/abaa.mx\/tienda\/wp-content\/uploads\/2023\/11\/CEM-METERS-DT8839.jpg\",\"contentUrl\":\"https:\/\/abaa.mx\/tienda\/wp-content\/uploads\/2023\/11\/CEM-METERS-DT8839.jpg\",\"width\":500,\"height\":500,\"caption\":\"CEM METERS-DT8839\"},{\"@type\":\"BreadcrumbList\",\"@id\":\"https:\/\/abaa.mx\/tienda\/termometro-infrarrojo-50-a-1000oc-dt8839\/#breadcrumb\",\"itemListElement\":[{\"@type\":\"ListItem\",\"position\":1,\"name\":\"Inicio\",\"item\":\"https:\/\/abaa.mx\/tienda\/\"},{\"@type\":\"ListItem\",\"position\":2,\"name\":\"Tienda\",\"item\":\"https:\/\/abaa.mx\/tienda\/\"},{\"@type\":\"ListItem\",\"position\":3,\"name\":\"Term\u00f3metro Infrarrojo -50 a 1000\u00baC &#8211; DT8839\"}]},{\"@type\":\"WebSite\",\"@id\":\"https:\/\/abaa.mx\/tienda\/#website\",\"url\":\"https:\/\/abaa.mx\/tienda\/\",\"name\":\"Abaa tienda online\",\"description\":\"Instrumentos de medici\u00f3n\",\"publisher\":{\"@id\":\"https:\/\/abaa.mx\/tienda\/#organization\"},\"potentialAction\":[{\"@type\":\"SearchAction\",\"target\":{\"@type\":\"EntryPoint\",\"urlTemplate\":\"https:\/\/abaa.mx\/tienda\/?s={search_term_string}\"},\"query-input\":{\"@type\":\"PropertyValueSpecification\",\"valueRequired\":true,\"valueName\":\"search_term_string\"}}],\"inLanguage\":\"es\"},{\"@type\":\"Organization\",\"@id\":\"https:\/\/abaa.mx\/tienda\/#organization\",\"name\":\"Abaa tienda online\",\"url\":\"https:\/\/abaa.mx\/tienda\/\",\"logo\":{\"@type\":\"ImageObject\",\"inLanguage\":\"es\",\"@id\":\"https:\/\/abaa.mx\/tienda\/#\/schema\/logo\/image\/\",\"url\":\"https:\/\/abaa.mx\/tienda\/wp-content\/uploads\/2024\/01\/abaa-metrologia-tienda.png\",\"contentUrl\":\"https:\/\/abaa.mx\/tienda\/wp-content\/uploads\/2024\/01\/abaa-metrologia-tienda.png\",\"width\":300,\"height\":141,\"caption\":\"Abaa tienda online\"},\"image\":{\"@id\":\"https:\/\/abaa.mx\/tienda\/#\/schema\/logo\/image\/\"}}]}<\/script>\n<!-- \/ Yoast SEO plugin. -->","yoast_head_json":{"title":"Term\u00f3metro Infrarrojo -50 a 1000\u00baC - DT8839 - Abaa tienda online","robots":{"index":"index","follow":"follow","max-snippet":"max-snippet:-1","max-image-preview":"max-image-preview:large","max-video-preview":"max-video-preview:-1"},"canonical":"https:\/\/abaa.mx\/tienda\/termometro-infrarrojo-50-a-1000oc-dt8839\/","og_locale":"es_MX","og_type":"article","og_title":"Term\u00f3metro Infrarrojo -50 a 1000\u00baC - DT8839 - Abaa tienda online","og_description":"El term\u00f3metro infrarrojo modelo CM-DT8839 te proveer\u00e1 de una medici\u00f3n r\u00e1pida y precisa. Puede temperatura superficial en casi todos las situaciones y su portabilidad lo hace muy \u00fatil para trabajo en el campo o en la l\u00ednea de producci\u00f3n.  Caracter\u00edsticas:   Tiene un campo focal con relaci\u00f3n de 50 a 1 puede medir en \u00e1reas peque\u00f1as con una mayor distancia de separaci\u00f3n entre la mano del usuario y la pieza caliente. Su rango de medici\u00f3n temperatura es amplio.  Tiene una empu\u00f1adura y una carcaza de alta calidad y dise\u00f1o ergon\u00f3mico moderno. Incorpora un indicio de punter\u00eda laser. Retiene datos de forma autom\u00e1tica : M\u00e1xima, m\u00ednima, Diferencial, promedio. Puede establecer alarma con l\u00edmites bajo y alto. Cuenta con funci\u00f3n de ajuste de la emisividad.  El equipo viene calibrado de fabrica y listo para emplearse , no obstante el desarrollador no incluye un certificado de medici\u00f3n con el equipo. Consulta con nuestro aparato de ventas y cotiza un certificado de calibraci\u00f3n emitido por nuestro laboratorio acreditado ante la regla ISO\/IEC 17025.  Especificaciones y modelos disponibles:    Modelo CM-DT8839 CM-DT8859 &nbsp;   Rango -50\u00baC to 1000\u00baC -50\u00baC to 1600\u00baC   Resoluci\u00f3n \u00d3ptica 50:1 50:1   Resoluci\u00f3n de Medici\u00f3n 0.1\u00baC 0.1\u00baC   Precisi\u00f3n B\u00e1sica \u00b11.5% de la lectura \u00b12\u00baC\/\u00b14\u00baF   Emisividad del sensor IR Ajustable 0.10 a 1.0    &nbsp;","og_url":"https:\/\/abaa.mx\/tienda\/termometro-infrarrojo-50-a-1000oc-dt8839\/","og_site_name":"Abaa tienda online","article_modified_time":"2023-11-17T16:36:32+00:00","og_image":[{"width":500,"height":500,"url":"https:\/\/abaa.mx\/tienda\/wp-content\/uploads\/2023\/11\/CEM-METERS-DT8839.jpg","type":"image\/jpeg"}],"twitter_card":"summary_large_image","twitter_misc":{"Tiempo de lectura":"1 minuto"},"schema":{"@context":"https:\/\/schema.org","@graph":[{"@type":"WebPage","@id":"https:\/\/abaa.mx\/tienda\/termometro-infrarrojo-50-a-1000oc-dt8839\/","url":"https:\/\/abaa.mx\/tienda\/termometro-infrarrojo-50-a-1000oc-dt8839\/","name":"Term\u00f3metro Infrarrojo -50 a 1000\u00baC - DT8839 - Abaa tienda online","isPartOf":{"@id":"https:\/\/abaa.mx\/tienda\/#website"},"primaryImageOfPage":{"@id":"https:\/\/abaa.mx\/tienda\/termometro-infrarrojo-50-a-1000oc-dt8839\/#primaryimage"},"image":{"@id":"https:\/\/abaa.mx\/tienda\/termometro-infrarrojo-50-a-1000oc-dt8839\/#primaryimage"},"thumbnailUrl":"https:\/\/abaa.mx\/tienda\/wp-content\/uploads\/2023\/11\/CEM-METERS-DT8839.jpg","datePublished":"2023-11-17T16:36:31+00:00","dateModified":"2023-11-17T16:36:32+00:00","breadcrumb":{"@id":"https:\/\/abaa.mx\/tienda\/termometro-infrarrojo-50-a-1000oc-dt8839\/#breadcrumb"},"inLanguage":"es","potentialAction":[{"@type":"ReadAction","target":["https:\/\/abaa.mx\/tienda\/termometro-infrarrojo-50-a-1000oc-dt8839\/"]}]},{"@type":"ImageObject","inLanguage":"es","@id":"https:\/\/abaa.mx\/tienda\/termometro-infrarrojo-50-a-1000oc-dt8839\/#primaryimage","url":"https:\/\/abaa.mx\/tienda\/wp-content\/uploads\/2023\/11\/CEM-METERS-DT8839.jpg","contentUrl":"https:\/\/abaa.mx\/tienda\/wp-content\/uploads\/2023\/11\/CEM-METERS-DT8839.jpg","width":500,"height":500,"caption":"CEM METERS-DT8839"},{"@type":"BreadcrumbList","@id":"https:\/\/abaa.mx\/tienda\/termometro-infrarrojo-50-a-1000oc-dt8839\/#breadcrumb","itemListElement":[{"@type":"ListItem","position":1,"name":"Inicio","item":"https:\/\/abaa.mx\/tienda\/"},{"@type":"ListItem","position":2,"name":"Tienda","item":"https:\/\/abaa.mx\/tienda\/"},{"@type":"ListItem","position":3,"name":"Term\u00f3metro Infrarrojo -50 a 1000\u00baC &#8211; DT8839"}]},{"@type":"WebSite","@id":"https:\/\/abaa.mx\/tienda\/#website","url":"https:\/\/abaa.mx\/tienda\/","name":"Abaa tienda online","description":"Instrumentos de medici\u00f3n","publisher":{"@id":"https:\/\/abaa.mx\/tienda\/#organization"},"potentialAction":[{"@type":"SearchAction","target":{"@type":"EntryPoint","urlTemplate":"https:\/\/abaa.mx\/tienda\/?s={search_term_string}"},"query-input":{"@type":"PropertyValueSpecification","valueRequired":true,"valueName":"search_term_string"}}],"inLanguage":"es"},{"@type":"Organization","@id":"https:\/\/abaa.mx\/tienda\/#organization","name":"Abaa tienda online","url":"https:\/\/abaa.mx\/tienda\/","logo":{"@type":"ImageObject","inLanguage":"es","@id":"https:\/\/abaa.mx\/tienda\/#\/schema\/logo\/image\/","url":"https:\/\/abaa.mx\/tienda\/wp-content\/uploads\/2024\/01\/abaa-metrologia-tienda.png","contentUrl":"https:\/\/abaa.mx\/tienda\/wp-content\/uploads\/2024\/01\/abaa-metrologia-tienda.png","width":300,"height":141,"caption":"Abaa tienda online"},"image":{"@id":"https:\/\/abaa.mx\/tienda\/#\/schema\/logo\/image\/"}}]}},"_links":{"self":[{"href":"https:\/\/abaa.mx\/tienda\/wp-json\/wp\/v2\/product\/9020","targetHints":{"allow":["GET"]}}],"collection":[{"href":"https:\/\/abaa.mx\/tienda\/wp-json\/wp\/v2\/product"}],"about":[{"href":"https:\/\/abaa.mx\/tienda\/wp-json\/wp\/v2\/types\/product"}],"replies":[{"embeddable":true,"href":"https:\/\/abaa.mx\/tienda\/wp-json\/wp\/v2\/comments?post=9020"}],"wp:featuredmedia":[{"embeddable":true,"href":"https:\/\/abaa.mx\/tienda\/wp-json\/wp\/v2\/media\/9021"}],"wp:attachment":[{"href":"https:\/\/abaa.mx\/tienda\/wp-json\/wp\/v2\/media?parent=9020"}],"wp:term":[{"taxonomy":"product_brand","embeddable":true,"href":"https:\/\/abaa.mx\/tienda\/wp-json\/wp\/v2\/product_brand?post=9020"},{"taxonomy":"product_cat","embeddable":true,"href":"https:\/\/abaa.mx\/tienda\/wp-json\/wp\/v2\/product_cat?post=9020"},{"taxonomy":"product_tag","embeddable":true,"href":"https:\/\/abaa.mx\/tienda\/wp-json\/wp\/v2\/product_tag?post=9020"}],"curies":[{"name":"wp","href":"https:\/\/api.w.org\/{rel}","templated":true}]}}