{"id":9018,"date":"2023-11-17T16:30:05","date_gmt":"2023-11-17T16:30:05","guid":{"rendered":"https:\/\/abaa.mx\/tienda\/?post_type=product&#038;p=9018"},"modified":"2023-11-17T16:30:06","modified_gmt":"2023-11-17T16:30:06","slug":"termometro-infrarrojo-1600-oc-dt9861","status":"publish","type":"product","link":"https:\/\/abaa.mx\/tienda\/termometro-infrarrojo-1600-oc-dt9861\/","title":{"rendered":"Term\u00f3metro Infrarrojo 1600 \u00bac &#8211; DT9861"},"content":{"rendered":"<p>Term\u00f3metro Infrarrojo 1600 \u00bac &#8211; DT9861.<\/p>\n","protected":false},"excerpt":{"rendered":"<p>Posee un rango de -50\u00baC a 1600\u00baC (-58\u00baF a 2912\u00baF) Este instrumento es con la capacidad de mediciones de temperatura sin necesidad de contacto (infrarrojo) con asistencia visual de una c\u00e1mara activada con un bot\u00f3n. El haz l\u00e1ser incrementa la precisi\u00f3n al objetivo al tiempo que la pantalla LCD iluminada y botones pr\u00e1cticos hacen de su operaci\u00f3n algo f\u00e1cil y sencillo. Este video term\u00f3metro infrarrojo puede usarse para medir la temperatura en la \u00e1rea de elementos que dif\u00edcilmente podr\u00edan medirse de la forma tradicional de contacto (ej. objetos en movimiento, superficies electrificadas u elementos dif\u00edciles de tocar). Si se utiliza y cuida de la forma adecuada , este instrumento puede garantizarle anos de servicio fiable.<\/p>\n<p><b>Caracter\u00edsticas:<\/b><\/p>\n<ul>\n<li>Pantalla LCD TFT de 2.2 pulgadas.<\/li>\n<li>Resoluci\u00f3n de 640&#215;480 pixeles (30 millones de pixeles).<\/li>\n<li>Tarjeta de memoria MicroSDo.<\/li>\n<li>Formato de imagen JPEG.<\/li>\n<li>Formato de video AVI.<\/li>\n<li>Lecturas de humedad y temperatura del aire.<\/li>\n<li>Punter\u00eda de l\u00e1ser dual.<\/li>\n<li>Entrada para sonda termopar de tipo K.<\/li>\n<li>Emisividad ajustable.<\/li>\n<li>Alta precisi\u00f3n.<\/li>\n<li>Tiempo de respuesta r\u00e1pido.<\/li>\n<li>Lecturas de punto de roc\u00edo y bulbo h\u00famedo.<\/li>\n<\/ul>\n","protected":false},"featured_media":9019,"comment_status":"open","ping_status":"closed","template":"","meta":{"_joinchat":[]},"product_brand":[],"product_cat":[134],"product_tag":[],"class_list":{"0":"post-9018","1":"product","2":"type-product","3":"status-publish","4":"has-post-thumbnail","6":"product_cat-termometros-para-temperatura","8":"first","9":"instock","10":"shipping-taxable","11":"product-type-simple"},"yoast_head":"<!-- This site is optimized with the Yoast SEO plugin v26.4 - https:\/\/yoast.com\/wordpress\/plugins\/seo\/ -->\n<title>Term\u00f3metro Infrarrojo 1600 \u00bac - DT9861 - Abaa tienda online<\/title>\n<meta name=\"robots\" content=\"index, follow, max-snippet:-1, max-image-preview:large, max-video-preview:-1\" \/>\n<link rel=\"canonical\" href=\"https:\/\/abaa.mx\/tienda\/termometro-infrarrojo-1600-oc-dt9861\/\" \/>\n<meta property=\"og:locale\" content=\"es_MX\" \/>\n<meta property=\"og:type\" content=\"article\" \/>\n<meta property=\"og:title\" content=\"Term\u00f3metro Infrarrojo 1600 \u00bac - DT9861 - Abaa tienda online\" \/>\n<meta property=\"og:description\" content=\"Posee un rango de -50\u00baC a 1600\u00baC (-58\u00baF a 2912\u00baF) Este instrumento es con la capacidad de mediciones de temperatura sin necesidad de contacto (infrarrojo) con asistencia visual de una c\u00e1mara activada con un bot\u00f3n. El haz l\u00e1ser incrementa la precisi\u00f3n al objetivo al tiempo que la pantalla LCD iluminada y botones pr\u00e1cticos hacen de su operaci\u00f3n algo f\u00e1cil y sencillo. Este video term\u00f3metro infrarrojo puede usarse para medir la temperatura en la \u00e1rea de elementos que dif\u00edcilmente podr\u00edan medirse de la forma tradicional de contacto (ej. objetos en movimiento, superficies electrificadas u elementos dif\u00edciles de tocar). Si se utiliza y cuida de la forma adecuada , este instrumento puede garantizarle anos de servicio fiable.  Caracter\u00edsticas:   Pantalla LCD TFT de 2.2 pulgadas.  Resoluci\u00f3n de 640x480 pixeles (30 millones de pixeles).  Tarjeta de memoria MicroSDo.  Formato de imagen JPEG.  Formato de video AVI.  Lecturas de humedad y temperatura del aire.  Punter\u00eda de l\u00e1ser dual.  Entrada para sonda termopar de tipo K.  Emisividad ajustable.  Alta precisi\u00f3n.  Tiempo de respuesta r\u00e1pido.  Lecturas de punto de roc\u00edo y bulbo h\u00famedo.\" \/>\n<meta property=\"og:url\" content=\"https:\/\/abaa.mx\/tienda\/termometro-infrarrojo-1600-oc-dt9861\/\" \/>\n<meta property=\"og:site_name\" content=\"Abaa tienda online\" \/>\n<meta property=\"article:modified_time\" content=\"2023-11-17T16:30:06+00:00\" \/>\n<meta property=\"og:image\" content=\"https:\/\/abaa.mx\/tienda\/wp-content\/uploads\/2023\/11\/CEM-METERS-DT9861.jpg\" \/>\n\t<meta property=\"og:image:width\" content=\"347\" \/>\n\t<meta property=\"og:image:height\" content=\"454\" \/>\n\t<meta property=\"og:image:type\" content=\"image\/jpeg\" \/>\n<meta name=\"twitter:card\" content=\"summary_large_image\" \/>\n<meta name=\"twitter:label1\" content=\"Tiempo de lectura\" \/>\n\t<meta name=\"twitter:data1\" content=\"1 minuto\" \/>\n<script type=\"application\/ld+json\" class=\"yoast-schema-graph\">{\"@context\":\"https:\/\/schema.org\",\"@graph\":[{\"@type\":\"WebPage\",\"@id\":\"https:\/\/abaa.mx\/tienda\/termometro-infrarrojo-1600-oc-dt9861\/\",\"url\":\"https:\/\/abaa.mx\/tienda\/termometro-infrarrojo-1600-oc-dt9861\/\",\"name\":\"Term\u00f3metro Infrarrojo 1600 \u00bac - DT9861 - Abaa tienda online\",\"isPartOf\":{\"@id\":\"https:\/\/abaa.mx\/tienda\/#website\"},\"primaryImageOfPage\":{\"@id\":\"https:\/\/abaa.mx\/tienda\/termometro-infrarrojo-1600-oc-dt9861\/#primaryimage\"},\"image\":{\"@id\":\"https:\/\/abaa.mx\/tienda\/termometro-infrarrojo-1600-oc-dt9861\/#primaryimage\"},\"thumbnailUrl\":\"https:\/\/abaa.mx\/tienda\/wp-content\/uploads\/2023\/11\/CEM-METERS-DT9861.jpg\",\"datePublished\":\"2023-11-17T16:30:05+00:00\",\"dateModified\":\"2023-11-17T16:30:06+00:00\",\"breadcrumb\":{\"@id\":\"https:\/\/abaa.mx\/tienda\/termometro-infrarrojo-1600-oc-dt9861\/#breadcrumb\"},\"inLanguage\":\"es\",\"potentialAction\":[{\"@type\":\"ReadAction\",\"target\":[\"https:\/\/abaa.mx\/tienda\/termometro-infrarrojo-1600-oc-dt9861\/\"]}]},{\"@type\":\"ImageObject\",\"inLanguage\":\"es\",\"@id\":\"https:\/\/abaa.mx\/tienda\/termometro-infrarrojo-1600-oc-dt9861\/#primaryimage\",\"url\":\"https:\/\/abaa.mx\/tienda\/wp-content\/uploads\/2023\/11\/CEM-METERS-DT9861.jpg\",\"contentUrl\":\"https:\/\/abaa.mx\/tienda\/wp-content\/uploads\/2023\/11\/CEM-METERS-DT9861.jpg\",\"width\":347,\"height\":454,\"caption\":\"CEM METERS-DT9861\"},{\"@type\":\"BreadcrumbList\",\"@id\":\"https:\/\/abaa.mx\/tienda\/termometro-infrarrojo-1600-oc-dt9861\/#breadcrumb\",\"itemListElement\":[{\"@type\":\"ListItem\",\"position\":1,\"name\":\"Inicio\",\"item\":\"https:\/\/abaa.mx\/tienda\/\"},{\"@type\":\"ListItem\",\"position\":2,\"name\":\"Tienda\",\"item\":\"https:\/\/abaa.mx\/tienda\/\"},{\"@type\":\"ListItem\",\"position\":3,\"name\":\"Term\u00f3metro Infrarrojo 1600 \u00bac &#8211; DT9861\"}]},{\"@type\":\"WebSite\",\"@id\":\"https:\/\/abaa.mx\/tienda\/#website\",\"url\":\"https:\/\/abaa.mx\/tienda\/\",\"name\":\"Abaa tienda online\",\"description\":\"Instrumentos de medici\u00f3n\",\"publisher\":{\"@id\":\"https:\/\/abaa.mx\/tienda\/#organization\"},\"potentialAction\":[{\"@type\":\"SearchAction\",\"target\":{\"@type\":\"EntryPoint\",\"urlTemplate\":\"https:\/\/abaa.mx\/tienda\/?s={search_term_string}\"},\"query-input\":{\"@type\":\"PropertyValueSpecification\",\"valueRequired\":true,\"valueName\":\"search_term_string\"}}],\"inLanguage\":\"es\"},{\"@type\":\"Organization\",\"@id\":\"https:\/\/abaa.mx\/tienda\/#organization\",\"name\":\"Abaa tienda online\",\"url\":\"https:\/\/abaa.mx\/tienda\/\",\"logo\":{\"@type\":\"ImageObject\",\"inLanguage\":\"es\",\"@id\":\"https:\/\/abaa.mx\/tienda\/#\/schema\/logo\/image\/\",\"url\":\"https:\/\/abaa.mx\/tienda\/wp-content\/uploads\/2024\/01\/abaa-metrologia-tienda.png\",\"contentUrl\":\"https:\/\/abaa.mx\/tienda\/wp-content\/uploads\/2024\/01\/abaa-metrologia-tienda.png\",\"width\":300,\"height\":141,\"caption\":\"Abaa tienda online\"},\"image\":{\"@id\":\"https:\/\/abaa.mx\/tienda\/#\/schema\/logo\/image\/\"}}]}<\/script>\n<!-- \/ Yoast SEO plugin. -->","yoast_head_json":{"title":"Term\u00f3metro Infrarrojo 1600 \u00bac - DT9861 - Abaa tienda online","robots":{"index":"index","follow":"follow","max-snippet":"max-snippet:-1","max-image-preview":"max-image-preview:large","max-video-preview":"max-video-preview:-1"},"canonical":"https:\/\/abaa.mx\/tienda\/termometro-infrarrojo-1600-oc-dt9861\/","og_locale":"es_MX","og_type":"article","og_title":"Term\u00f3metro Infrarrojo 1600 \u00bac - DT9861 - Abaa tienda online","og_description":"Posee un rango de -50\u00baC a 1600\u00baC (-58\u00baF a 2912\u00baF) Este instrumento es con la capacidad de mediciones de temperatura sin necesidad de contacto (infrarrojo) con asistencia visual de una c\u00e1mara activada con un bot\u00f3n. El haz l\u00e1ser incrementa la precisi\u00f3n al objetivo al tiempo que la pantalla LCD iluminada y botones pr\u00e1cticos hacen de su operaci\u00f3n algo f\u00e1cil y sencillo. Este video term\u00f3metro infrarrojo puede usarse para medir la temperatura en la \u00e1rea de elementos que dif\u00edcilmente podr\u00edan medirse de la forma tradicional de contacto (ej. objetos en movimiento, superficies electrificadas u elementos dif\u00edciles de tocar). Si se utiliza y cuida de la forma adecuada , este instrumento puede garantizarle anos de servicio fiable.  Caracter\u00edsticas:   Pantalla LCD TFT de 2.2 pulgadas.  Resoluci\u00f3n de 640x480 pixeles (30 millones de pixeles).  Tarjeta de memoria MicroSDo.  Formato de imagen JPEG.  Formato de video AVI.  Lecturas de humedad y temperatura del aire.  Punter\u00eda de l\u00e1ser dual.  Entrada para sonda termopar de tipo K.  Emisividad ajustable.  Alta precisi\u00f3n.  Tiempo de respuesta r\u00e1pido.  Lecturas de punto de roc\u00edo y bulbo h\u00famedo.","og_url":"https:\/\/abaa.mx\/tienda\/termometro-infrarrojo-1600-oc-dt9861\/","og_site_name":"Abaa tienda online","article_modified_time":"2023-11-17T16:30:06+00:00","og_image":[{"width":347,"height":454,"url":"https:\/\/abaa.mx\/tienda\/wp-content\/uploads\/2023\/11\/CEM-METERS-DT9861.jpg","type":"image\/jpeg"}],"twitter_card":"summary_large_image","twitter_misc":{"Tiempo de lectura":"1 minuto"},"schema":{"@context":"https:\/\/schema.org","@graph":[{"@type":"WebPage","@id":"https:\/\/abaa.mx\/tienda\/termometro-infrarrojo-1600-oc-dt9861\/","url":"https:\/\/abaa.mx\/tienda\/termometro-infrarrojo-1600-oc-dt9861\/","name":"Term\u00f3metro Infrarrojo 1600 \u00bac - DT9861 - Abaa tienda online","isPartOf":{"@id":"https:\/\/abaa.mx\/tienda\/#website"},"primaryImageOfPage":{"@id":"https:\/\/abaa.mx\/tienda\/termometro-infrarrojo-1600-oc-dt9861\/#primaryimage"},"image":{"@id":"https:\/\/abaa.mx\/tienda\/termometro-infrarrojo-1600-oc-dt9861\/#primaryimage"},"thumbnailUrl":"https:\/\/abaa.mx\/tienda\/wp-content\/uploads\/2023\/11\/CEM-METERS-DT9861.jpg","datePublished":"2023-11-17T16:30:05+00:00","dateModified":"2023-11-17T16:30:06+00:00","breadcrumb":{"@id":"https:\/\/abaa.mx\/tienda\/termometro-infrarrojo-1600-oc-dt9861\/#breadcrumb"},"inLanguage":"es","potentialAction":[{"@type":"ReadAction","target":["https:\/\/abaa.mx\/tienda\/termometro-infrarrojo-1600-oc-dt9861\/"]}]},{"@type":"ImageObject","inLanguage":"es","@id":"https:\/\/abaa.mx\/tienda\/termometro-infrarrojo-1600-oc-dt9861\/#primaryimage","url":"https:\/\/abaa.mx\/tienda\/wp-content\/uploads\/2023\/11\/CEM-METERS-DT9861.jpg","contentUrl":"https:\/\/abaa.mx\/tienda\/wp-content\/uploads\/2023\/11\/CEM-METERS-DT9861.jpg","width":347,"height":454,"caption":"CEM METERS-DT9861"},{"@type":"BreadcrumbList","@id":"https:\/\/abaa.mx\/tienda\/termometro-infrarrojo-1600-oc-dt9861\/#breadcrumb","itemListElement":[{"@type":"ListItem","position":1,"name":"Inicio","item":"https:\/\/abaa.mx\/tienda\/"},{"@type":"ListItem","position":2,"name":"Tienda","item":"https:\/\/abaa.mx\/tienda\/"},{"@type":"ListItem","position":3,"name":"Term\u00f3metro Infrarrojo 1600 \u00bac &#8211; DT9861"}]},{"@type":"WebSite","@id":"https:\/\/abaa.mx\/tienda\/#website","url":"https:\/\/abaa.mx\/tienda\/","name":"Abaa tienda online","description":"Instrumentos de medici\u00f3n","publisher":{"@id":"https:\/\/abaa.mx\/tienda\/#organization"},"potentialAction":[{"@type":"SearchAction","target":{"@type":"EntryPoint","urlTemplate":"https:\/\/abaa.mx\/tienda\/?s={search_term_string}"},"query-input":{"@type":"PropertyValueSpecification","valueRequired":true,"valueName":"search_term_string"}}],"inLanguage":"es"},{"@type":"Organization","@id":"https:\/\/abaa.mx\/tienda\/#organization","name":"Abaa tienda online","url":"https:\/\/abaa.mx\/tienda\/","logo":{"@type":"ImageObject","inLanguage":"es","@id":"https:\/\/abaa.mx\/tienda\/#\/schema\/logo\/image\/","url":"https:\/\/abaa.mx\/tienda\/wp-content\/uploads\/2024\/01\/abaa-metrologia-tienda.png","contentUrl":"https:\/\/abaa.mx\/tienda\/wp-content\/uploads\/2024\/01\/abaa-metrologia-tienda.png","width":300,"height":141,"caption":"Abaa tienda online"},"image":{"@id":"https:\/\/abaa.mx\/tienda\/#\/schema\/logo\/image\/"}}]}},"_links":{"self":[{"href":"https:\/\/abaa.mx\/tienda\/wp-json\/wp\/v2\/product\/9018","targetHints":{"allow":["GET"]}}],"collection":[{"href":"https:\/\/abaa.mx\/tienda\/wp-json\/wp\/v2\/product"}],"about":[{"href":"https:\/\/abaa.mx\/tienda\/wp-json\/wp\/v2\/types\/product"}],"replies":[{"embeddable":true,"href":"https:\/\/abaa.mx\/tienda\/wp-json\/wp\/v2\/comments?post=9018"}],"wp:featuredmedia":[{"embeddable":true,"href":"https:\/\/abaa.mx\/tienda\/wp-json\/wp\/v2\/media\/9019"}],"wp:attachment":[{"href":"https:\/\/abaa.mx\/tienda\/wp-json\/wp\/v2\/media?parent=9018"}],"wp:term":[{"taxonomy":"product_brand","embeddable":true,"href":"https:\/\/abaa.mx\/tienda\/wp-json\/wp\/v2\/product_brand?post=9018"},{"taxonomy":"product_cat","embeddable":true,"href":"https:\/\/abaa.mx\/tienda\/wp-json\/wp\/v2\/product_cat?post=9018"},{"taxonomy":"product_tag","embeddable":true,"href":"https:\/\/abaa.mx\/tienda\/wp-json\/wp\/v2\/product_tag?post=9018"}],"curies":[{"name":"wp","href":"https:\/\/api.w.org\/{rel}","templated":true}]}}