{"id":9016,"date":"2023-11-17T16:25:31","date_gmt":"2023-11-17T16:25:31","guid":{"rendered":"https:\/\/abaa.mx\/tienda\/?post_type=product&#038;p=9016"},"modified":"2023-11-17T16:25:32","modified_gmt":"2023-11-17T16:25:32","slug":"termometro-infrarrojo-2200-oc-dt9862","status":"publish","type":"product","link":"https:\/\/abaa.mx\/tienda\/termometro-infrarrojo-2200-oc-dt9862\/","title":{"rendered":"Term\u00f3metro Infrarrojo 2200 \u00baC &#8211; DT9862"},"content":{"rendered":"<p>Term\u00f3metro Infrarrojo 2200 \u00baC &#8211; DT9862.<\/p>\n","protected":false},"excerpt":{"rendered":"<p>Pantalla LCD TFT de 2.2 pulgadas. Resoluci\u00f3n de 640&#215;480 pixeles (30 millones de pixeles). Tarjeta de memoria Micro SD. Formato de imagen JPEG. Formato de v\u00eddeo AVI. Lecturas de humedad y temperatura del aire. Punter\u00eda de l\u00e1ser dual. Entrada para sonda termopar de tipo K. Emisividad ajustable. Alta precisi\u00f3n. Tiempo de respuesta r\u00e1pido. Lecturas de punto de roc\u00edo y bulbo h\u00famedo.<\/p>\n<p><b>Especificaciones:<\/b><\/p>\n<ul>\n<li>Tiempo de respuesta:150ms.<\/li>\n<li>Rango de Medici\u00f3n:-50 a 2200?.<\/li>\n<li>Precisi\u00f3n b\u00e1sica termopar (K):\u00b10.5% de la lectura.<\/li>\n<li>Precisi\u00f3n Temperatura Ambiente:\u00b10.5?.<\/li>\n<li>Rango de Temp. Bulbo H\u00famedo:0 &#8211; 50?.<\/li>\n<li>Tarjeta de Memoria SD:8GB m\u00e1ximo.<\/li>\n<li>Rango de temperatura ambiente:0 &#8211; 50?.<\/li>\n<li>Rango de ajuste de emisividad:0.10 &#8211; 1.0.<\/li>\n<li>Rango de Termopar tipo K:-50? a 1370? (termopar no incluido).<\/li>\n<li>Resoluci\u00f3n:0.1\u00b0 hasta 1000\u00b0, 1\u00b0despu\u00e9s de 1000\u00b0.<\/li>\n<li>Rango de Humedad:0-100% RH.<\/li>\n<li>Dimensiones:155mm x 62mm x 205mm.<\/li>\n<li>Precisi\u00f3n b\u00e1sica del IR:\u00b11.0% de la lectura.<\/li>\n<li>Resoluci\u00f3n \u00d3ptica:50:1 Distancia focal.<\/li>\n<li>Peso:410g.<\/li>\n<li>Rango de Punto de Roc\u00edo:0 &#8211; 50?.<\/li>\n<\/ul>\n","protected":false},"featured_media":9017,"comment_status":"open","ping_status":"closed","template":"","meta":{"_joinchat":[]},"product_brand":[],"product_cat":[134],"product_tag":[],"class_list":{"0":"post-9016","1":"product","2":"type-product","3":"status-publish","4":"has-post-thumbnail","6":"product_cat-termometros-para-temperatura","8":"first","9":"instock","10":"shipping-taxable","11":"product-type-simple"},"yoast_head":"<!-- This site is optimized with the Yoast SEO plugin v26.4 - https:\/\/yoast.com\/wordpress\/plugins\/seo\/ -->\n<title>Term\u00f3metro Infrarrojo 2200 \u00baC - DT9862 - Abaa tienda online<\/title>\n<meta name=\"robots\" content=\"index, follow, max-snippet:-1, max-image-preview:large, max-video-preview:-1\" \/>\n<link rel=\"canonical\" href=\"https:\/\/abaa.mx\/tienda\/termometro-infrarrojo-2200-oc-dt9862\/\" \/>\n<meta property=\"og:locale\" content=\"es_MX\" \/>\n<meta property=\"og:type\" content=\"article\" \/>\n<meta property=\"og:title\" content=\"Term\u00f3metro Infrarrojo 2200 \u00baC - DT9862 - Abaa tienda online\" \/>\n<meta property=\"og:description\" content=\"Pantalla LCD TFT de 2.2 pulgadas. Resoluci\u00f3n de 640x480 pixeles (30 millones de pixeles). Tarjeta de memoria Micro SD. Formato de imagen JPEG. Formato de v\u00eddeo AVI. Lecturas de humedad y temperatura del aire. Punter\u00eda de l\u00e1ser dual. Entrada para sonda termopar de tipo K. Emisividad ajustable. Alta precisi\u00f3n. Tiempo de respuesta r\u00e1pido. Lecturas de punto de roc\u00edo y bulbo h\u00famedo.  Especificaciones:   Tiempo de respuesta:150ms.  Rango de Medici\u00f3n:-50 a 2200?.  Precisi\u00f3n b\u00e1sica termopar (K):\u00b10.5% de la lectura.  Precisi\u00f3n Temperatura Ambiente:\u00b10.5?.  Rango de Temp. Bulbo H\u00famedo:0 - 50?.  Tarjeta de Memoria SD:8GB m\u00e1ximo.  Rango de temperatura ambiente:0 - 50?.  Rango de ajuste de emisividad:0.10 - 1.0.  Rango de Termopar tipo K:-50? a 1370? (termopar no incluido).  Resoluci\u00f3n:0.1\u00b0 hasta 1000\u00b0, 1\u00b0despu\u00e9s de 1000\u00b0.  Rango de Humedad:0-100% RH.  Dimensiones:155mm x 62mm x 205mm.  Precisi\u00f3n b\u00e1sica del IR:\u00b11.0% de la lectura.  Resoluci\u00f3n \u00d3ptica:50:1 Distancia focal.  Peso:410g.  Rango de Punto de Roc\u00edo:0 - 50?.\" \/>\n<meta property=\"og:url\" content=\"https:\/\/abaa.mx\/tienda\/termometro-infrarrojo-2200-oc-dt9862\/\" \/>\n<meta property=\"og:site_name\" content=\"Abaa tienda online\" \/>\n<meta property=\"article:modified_time\" content=\"2023-11-17T16:25:32+00:00\" \/>\n<meta property=\"og:image\" content=\"https:\/\/abaa.mx\/tienda\/wp-content\/uploads\/2023\/11\/CEM-METERS-DT9862.jpg\" \/>\n\t<meta property=\"og:image:width\" content=\"380\" \/>\n\t<meta property=\"og:image:height\" content=\"492\" \/>\n\t<meta property=\"og:image:type\" content=\"image\/jpeg\" \/>\n<meta name=\"twitter:card\" content=\"summary_large_image\" \/>\n<meta name=\"twitter:label1\" content=\"Tiempo de lectura\" \/>\n\t<meta name=\"twitter:data1\" content=\"1 minuto\" \/>\n<script type=\"application\/ld+json\" class=\"yoast-schema-graph\">{\"@context\":\"https:\/\/schema.org\",\"@graph\":[{\"@type\":\"WebPage\",\"@id\":\"https:\/\/abaa.mx\/tienda\/termometro-infrarrojo-2200-oc-dt9862\/\",\"url\":\"https:\/\/abaa.mx\/tienda\/termometro-infrarrojo-2200-oc-dt9862\/\",\"name\":\"Term\u00f3metro Infrarrojo 2200 \u00baC - DT9862 - Abaa tienda online\",\"isPartOf\":{\"@id\":\"https:\/\/abaa.mx\/tienda\/#website\"},\"primaryImageOfPage\":{\"@id\":\"https:\/\/abaa.mx\/tienda\/termometro-infrarrojo-2200-oc-dt9862\/#primaryimage\"},\"image\":{\"@id\":\"https:\/\/abaa.mx\/tienda\/termometro-infrarrojo-2200-oc-dt9862\/#primaryimage\"},\"thumbnailUrl\":\"https:\/\/abaa.mx\/tienda\/wp-content\/uploads\/2023\/11\/CEM-METERS-DT9862.jpg\",\"datePublished\":\"2023-11-17T16:25:31+00:00\",\"dateModified\":\"2023-11-17T16:25:32+00:00\",\"breadcrumb\":{\"@id\":\"https:\/\/abaa.mx\/tienda\/termometro-infrarrojo-2200-oc-dt9862\/#breadcrumb\"},\"inLanguage\":\"es\",\"potentialAction\":[{\"@type\":\"ReadAction\",\"target\":[\"https:\/\/abaa.mx\/tienda\/termometro-infrarrojo-2200-oc-dt9862\/\"]}]},{\"@type\":\"ImageObject\",\"inLanguage\":\"es\",\"@id\":\"https:\/\/abaa.mx\/tienda\/termometro-infrarrojo-2200-oc-dt9862\/#primaryimage\",\"url\":\"https:\/\/abaa.mx\/tienda\/wp-content\/uploads\/2023\/11\/CEM-METERS-DT9862.jpg\",\"contentUrl\":\"https:\/\/abaa.mx\/tienda\/wp-content\/uploads\/2023\/11\/CEM-METERS-DT9862.jpg\",\"width\":380,\"height\":492,\"caption\":\"CEM METERS-DT9862\"},{\"@type\":\"BreadcrumbList\",\"@id\":\"https:\/\/abaa.mx\/tienda\/termometro-infrarrojo-2200-oc-dt9862\/#breadcrumb\",\"itemListElement\":[{\"@type\":\"ListItem\",\"position\":1,\"name\":\"Inicio\",\"item\":\"https:\/\/abaa.mx\/tienda\/\"},{\"@type\":\"ListItem\",\"position\":2,\"name\":\"Tienda\",\"item\":\"https:\/\/abaa.mx\/tienda\/\"},{\"@type\":\"ListItem\",\"position\":3,\"name\":\"Term\u00f3metro Infrarrojo 2200 \u00baC &#8211; DT9862\"}]},{\"@type\":\"WebSite\",\"@id\":\"https:\/\/abaa.mx\/tienda\/#website\",\"url\":\"https:\/\/abaa.mx\/tienda\/\",\"name\":\"Abaa tienda online\",\"description\":\"Instrumentos de medici\u00f3n\",\"publisher\":{\"@id\":\"https:\/\/abaa.mx\/tienda\/#organization\"},\"potentialAction\":[{\"@type\":\"SearchAction\",\"target\":{\"@type\":\"EntryPoint\",\"urlTemplate\":\"https:\/\/abaa.mx\/tienda\/?s={search_term_string}\"},\"query-input\":{\"@type\":\"PropertyValueSpecification\",\"valueRequired\":true,\"valueName\":\"search_term_string\"}}],\"inLanguage\":\"es\"},{\"@type\":\"Organization\",\"@id\":\"https:\/\/abaa.mx\/tienda\/#organization\",\"name\":\"Abaa tienda online\",\"url\":\"https:\/\/abaa.mx\/tienda\/\",\"logo\":{\"@type\":\"ImageObject\",\"inLanguage\":\"es\",\"@id\":\"https:\/\/abaa.mx\/tienda\/#\/schema\/logo\/image\/\",\"url\":\"https:\/\/abaa.mx\/tienda\/wp-content\/uploads\/2024\/01\/abaa-metrologia-tienda.png\",\"contentUrl\":\"https:\/\/abaa.mx\/tienda\/wp-content\/uploads\/2024\/01\/abaa-metrologia-tienda.png\",\"width\":300,\"height\":141,\"caption\":\"Abaa tienda online\"},\"image\":{\"@id\":\"https:\/\/abaa.mx\/tienda\/#\/schema\/logo\/image\/\"}}]}<\/script>\n<!-- \/ Yoast SEO plugin. -->","yoast_head_json":{"title":"Term\u00f3metro Infrarrojo 2200 \u00baC - DT9862 - Abaa tienda online","robots":{"index":"index","follow":"follow","max-snippet":"max-snippet:-1","max-image-preview":"max-image-preview:large","max-video-preview":"max-video-preview:-1"},"canonical":"https:\/\/abaa.mx\/tienda\/termometro-infrarrojo-2200-oc-dt9862\/","og_locale":"es_MX","og_type":"article","og_title":"Term\u00f3metro Infrarrojo 2200 \u00baC - DT9862 - Abaa tienda online","og_description":"Pantalla LCD TFT de 2.2 pulgadas. Resoluci\u00f3n de 640x480 pixeles (30 millones de pixeles). Tarjeta de memoria Micro SD. Formato de imagen JPEG. Formato de v\u00eddeo AVI. Lecturas de humedad y temperatura del aire. Punter\u00eda de l\u00e1ser dual. Entrada para sonda termopar de tipo K. Emisividad ajustable. Alta precisi\u00f3n. Tiempo de respuesta r\u00e1pido. Lecturas de punto de roc\u00edo y bulbo h\u00famedo.  Especificaciones:   Tiempo de respuesta:150ms.  Rango de Medici\u00f3n:-50 a 2200?.  Precisi\u00f3n b\u00e1sica termopar (K):\u00b10.5% de la lectura.  Precisi\u00f3n Temperatura Ambiente:\u00b10.5?.  Rango de Temp. Bulbo H\u00famedo:0 - 50?.  Tarjeta de Memoria SD:8GB m\u00e1ximo.  Rango de temperatura ambiente:0 - 50?.  Rango de ajuste de emisividad:0.10 - 1.0.  Rango de Termopar tipo K:-50? a 1370? (termopar no incluido).  Resoluci\u00f3n:0.1\u00b0 hasta 1000\u00b0, 1\u00b0despu\u00e9s de 1000\u00b0.  Rango de Humedad:0-100% RH.  Dimensiones:155mm x 62mm x 205mm.  Precisi\u00f3n b\u00e1sica del IR:\u00b11.0% de la lectura.  Resoluci\u00f3n \u00d3ptica:50:1 Distancia focal.  Peso:410g.  Rango de Punto de Roc\u00edo:0 - 50?.","og_url":"https:\/\/abaa.mx\/tienda\/termometro-infrarrojo-2200-oc-dt9862\/","og_site_name":"Abaa tienda online","article_modified_time":"2023-11-17T16:25:32+00:00","og_image":[{"width":380,"height":492,"url":"https:\/\/abaa.mx\/tienda\/wp-content\/uploads\/2023\/11\/CEM-METERS-DT9862.jpg","type":"image\/jpeg"}],"twitter_card":"summary_large_image","twitter_misc":{"Tiempo de lectura":"1 minuto"},"schema":{"@context":"https:\/\/schema.org","@graph":[{"@type":"WebPage","@id":"https:\/\/abaa.mx\/tienda\/termometro-infrarrojo-2200-oc-dt9862\/","url":"https:\/\/abaa.mx\/tienda\/termometro-infrarrojo-2200-oc-dt9862\/","name":"Term\u00f3metro Infrarrojo 2200 \u00baC - DT9862 - Abaa tienda online","isPartOf":{"@id":"https:\/\/abaa.mx\/tienda\/#website"},"primaryImageOfPage":{"@id":"https:\/\/abaa.mx\/tienda\/termometro-infrarrojo-2200-oc-dt9862\/#primaryimage"},"image":{"@id":"https:\/\/abaa.mx\/tienda\/termometro-infrarrojo-2200-oc-dt9862\/#primaryimage"},"thumbnailUrl":"https:\/\/abaa.mx\/tienda\/wp-content\/uploads\/2023\/11\/CEM-METERS-DT9862.jpg","datePublished":"2023-11-17T16:25:31+00:00","dateModified":"2023-11-17T16:25:32+00:00","breadcrumb":{"@id":"https:\/\/abaa.mx\/tienda\/termometro-infrarrojo-2200-oc-dt9862\/#breadcrumb"},"inLanguage":"es","potentialAction":[{"@type":"ReadAction","target":["https:\/\/abaa.mx\/tienda\/termometro-infrarrojo-2200-oc-dt9862\/"]}]},{"@type":"ImageObject","inLanguage":"es","@id":"https:\/\/abaa.mx\/tienda\/termometro-infrarrojo-2200-oc-dt9862\/#primaryimage","url":"https:\/\/abaa.mx\/tienda\/wp-content\/uploads\/2023\/11\/CEM-METERS-DT9862.jpg","contentUrl":"https:\/\/abaa.mx\/tienda\/wp-content\/uploads\/2023\/11\/CEM-METERS-DT9862.jpg","width":380,"height":492,"caption":"CEM METERS-DT9862"},{"@type":"BreadcrumbList","@id":"https:\/\/abaa.mx\/tienda\/termometro-infrarrojo-2200-oc-dt9862\/#breadcrumb","itemListElement":[{"@type":"ListItem","position":1,"name":"Inicio","item":"https:\/\/abaa.mx\/tienda\/"},{"@type":"ListItem","position":2,"name":"Tienda","item":"https:\/\/abaa.mx\/tienda\/"},{"@type":"ListItem","position":3,"name":"Term\u00f3metro Infrarrojo 2200 \u00baC &#8211; DT9862"}]},{"@type":"WebSite","@id":"https:\/\/abaa.mx\/tienda\/#website","url":"https:\/\/abaa.mx\/tienda\/","name":"Abaa tienda online","description":"Instrumentos de medici\u00f3n","publisher":{"@id":"https:\/\/abaa.mx\/tienda\/#organization"},"potentialAction":[{"@type":"SearchAction","target":{"@type":"EntryPoint","urlTemplate":"https:\/\/abaa.mx\/tienda\/?s={search_term_string}"},"query-input":{"@type":"PropertyValueSpecification","valueRequired":true,"valueName":"search_term_string"}}],"inLanguage":"es"},{"@type":"Organization","@id":"https:\/\/abaa.mx\/tienda\/#organization","name":"Abaa tienda online","url":"https:\/\/abaa.mx\/tienda\/","logo":{"@type":"ImageObject","inLanguage":"es","@id":"https:\/\/abaa.mx\/tienda\/#\/schema\/logo\/image\/","url":"https:\/\/abaa.mx\/tienda\/wp-content\/uploads\/2024\/01\/abaa-metrologia-tienda.png","contentUrl":"https:\/\/abaa.mx\/tienda\/wp-content\/uploads\/2024\/01\/abaa-metrologia-tienda.png","width":300,"height":141,"caption":"Abaa tienda online"},"image":{"@id":"https:\/\/abaa.mx\/tienda\/#\/schema\/logo\/image\/"}}]}},"_links":{"self":[{"href":"https:\/\/abaa.mx\/tienda\/wp-json\/wp\/v2\/product\/9016","targetHints":{"allow":["GET"]}}],"collection":[{"href":"https:\/\/abaa.mx\/tienda\/wp-json\/wp\/v2\/product"}],"about":[{"href":"https:\/\/abaa.mx\/tienda\/wp-json\/wp\/v2\/types\/product"}],"replies":[{"embeddable":true,"href":"https:\/\/abaa.mx\/tienda\/wp-json\/wp\/v2\/comments?post=9016"}],"wp:featuredmedia":[{"embeddable":true,"href":"https:\/\/abaa.mx\/tienda\/wp-json\/wp\/v2\/media\/9017"}],"wp:attachment":[{"href":"https:\/\/abaa.mx\/tienda\/wp-json\/wp\/v2\/media?parent=9016"}],"wp:term":[{"taxonomy":"product_brand","embeddable":true,"href":"https:\/\/abaa.mx\/tienda\/wp-json\/wp\/v2\/product_brand?post=9016"},{"taxonomy":"product_cat","embeddable":true,"href":"https:\/\/abaa.mx\/tienda\/wp-json\/wp\/v2\/product_cat?post=9016"},{"taxonomy":"product_tag","embeddable":true,"href":"https:\/\/abaa.mx\/tienda\/wp-json\/wp\/v2\/product_tag?post=9016"}],"curies":[{"name":"wp","href":"https:\/\/api.w.org\/{rel}","templated":true}]}}