{"id":9012,"date":"2023-11-17T16:18:16","date_gmt":"2023-11-17T16:18:16","guid":{"rendered":"https:\/\/abaa.mx\/tienda\/?post_type=product&#038;p=9012"},"modified":"2023-11-17T16:18:16","modified_gmt":"2023-11-17T16:18:16","slug":"termometro-infrarrojo-dt8869","status":"publish","type":"product","link":"https:\/\/abaa.mx\/tienda\/termometro-infrarrojo-dt8869\/","title":{"rendered":"Term\u00f3metro Infrarrojo &#8211; DT8869"},"content":{"rendered":"<p>Term\u00f3metro Infrarrojo &#8211; DT8869.<\/p>\n","protected":false},"excerpt":{"rendered":"<p>Tipo pistola con doble apuntador l\u00e1ser y rapido tiempo de medici\u00f3n con un rango de -50\u00b0C a 1600\u00b0C.<\/p>\n<p><strong><b>Caracter\u00edsticas:<\/b><\/strong><\/p>\n<ul>\n<li>Indicador de sobrecarga.<\/li>\n<li>Alarma de altas y bajas temperaturas.<\/li>\n<li>Tipo de entrada K.<\/li>\n<li>Pantalla LCD retroiluminada.<\/li>\n<li>Indicador de temperatura alta.<\/li>\n<li>Amplia gama de temperaturas.<\/li>\n<li>Emisividad ajustable digitalmente de 0.1 a 1.0.<\/li>\n<li>Los dos puntos de l\u00e1ser convergen a un solo punto cuando la unidad est\u00e1 en \u00f3ptima distancia del objeto que se mide.<\/li>\n<li>Compatible con todos los conectores est\u00e1ndar termopares tipo K.<\/li>\n<li>Indicador de bater\u00eda baja.<\/li>\n<li>Interfase USB.<\/li>\n<li>Piso \u00fanico en la superficie, moderno diseno de carcasa.<\/li>\n<li>Obtenci\u00f3n de datos m\u00e1ximo, m\u00ednimo, diferencial y promedio.<\/li>\n<li>Proporcionar mucho mas r\u00e1pido, f\u00e1cil y precisa las lecturas para la mayor\u00eda de mediciones de la temperatura de la superficie con doble apuntador l\u00e1ser.<\/li>\n<li>Apagado autom\u00e1tico.<\/li>\n<li>Autom\u00e1ticamente realiza la retenci\u00f3n y bloqueo de datos.<\/li>\n<li>150ms tiempo m\u00e1s r\u00e1pido de toma de muestras con 1% de precisi\u00f3n.<\/li>\n<\/ul>\n","protected":false},"featured_media":9015,"comment_status":"open","ping_status":"closed","template":"","meta":{"_joinchat":[]},"product_brand":[],"product_cat":[134],"product_tag":[],"class_list":{"0":"post-9012","1":"product","2":"type-product","3":"status-publish","4":"has-post-thumbnail","6":"product_cat-termometros-para-temperatura","8":"first","9":"instock","10":"shipping-taxable","11":"product-type-simple"},"yoast_head":"<!-- This site is optimized with the Yoast SEO plugin v26.4 - https:\/\/yoast.com\/wordpress\/plugins\/seo\/ -->\n<title>Term\u00f3metro Infrarrojo - DT8869 - Abaa tienda online<\/title>\n<meta name=\"robots\" content=\"index, follow, max-snippet:-1, max-image-preview:large, max-video-preview:-1\" \/>\n<link rel=\"canonical\" href=\"https:\/\/abaa.mx\/tienda\/termometro-infrarrojo-dt8869\/\" \/>\n<meta property=\"og:locale\" content=\"es_MX\" \/>\n<meta property=\"og:type\" content=\"article\" \/>\n<meta property=\"og:title\" content=\"Term\u00f3metro Infrarrojo - DT8869 - Abaa tienda online\" \/>\n<meta property=\"og:description\" content=\"Tipo pistola con doble apuntador l\u00e1ser y rapido tiempo de medici\u00f3n con un rango de -50\u00b0C a 1600\u00b0C.  Caracter\u00edsticas:   Indicador de sobrecarga.  Alarma de altas y bajas temperaturas.  Tipo de entrada K.  Pantalla LCD retroiluminada.  Indicador de temperatura alta.  Amplia gama de temperaturas.  Emisividad ajustable digitalmente de 0.1 a 1.0.  Los dos puntos de l\u00e1ser convergen a un solo punto cuando la unidad est\u00e1 en \u00f3ptima distancia del objeto que se mide.  Compatible con todos los conectores est\u00e1ndar termopares tipo K.  Indicador de bater\u00eda baja.  Interfase USB.  Piso \u00fanico en la superficie, moderno diseno de carcasa.  Obtenci\u00f3n de datos m\u00e1ximo, m\u00ednimo, diferencial y promedio.  Proporcionar mucho mas r\u00e1pido, f\u00e1cil y precisa las lecturas para la mayor\u00eda de mediciones de la temperatura de la superficie con doble apuntador l\u00e1ser.  Apagado autom\u00e1tico.  Autom\u00e1ticamente realiza la retenci\u00f3n y bloqueo de datos.  150ms tiempo m\u00e1s r\u00e1pido de toma de muestras con 1% de precisi\u00f3n.\" \/>\n<meta property=\"og:url\" content=\"https:\/\/abaa.mx\/tienda\/termometro-infrarrojo-dt8869\/\" \/>\n<meta property=\"og:site_name\" content=\"Abaa tienda online\" \/>\n<meta property=\"og:image\" content=\"https:\/\/abaa.mx\/tienda\/wp-content\/uploads\/2023\/11\/CEM-METERS-DT8869.jpg\" \/>\n\t<meta property=\"og:image:width\" content=\"346\" \/>\n\t<meta property=\"og:image:height\" content=\"439\" \/>\n\t<meta property=\"og:image:type\" content=\"image\/jpeg\" \/>\n<meta name=\"twitter:card\" content=\"summary_large_image\" \/>\n<meta name=\"twitter:label1\" content=\"Tiempo de lectura\" \/>\n\t<meta name=\"twitter:data1\" content=\"1 minuto\" \/>\n<script type=\"application\/ld+json\" class=\"yoast-schema-graph\">{\"@context\":\"https:\/\/schema.org\",\"@graph\":[{\"@type\":\"WebPage\",\"@id\":\"https:\/\/abaa.mx\/tienda\/termometro-infrarrojo-dt8869\/\",\"url\":\"https:\/\/abaa.mx\/tienda\/termometro-infrarrojo-dt8869\/\",\"name\":\"Term\u00f3metro Infrarrojo - DT8869 - Abaa tienda online\",\"isPartOf\":{\"@id\":\"https:\/\/abaa.mx\/tienda\/#website\"},\"primaryImageOfPage\":{\"@id\":\"https:\/\/abaa.mx\/tienda\/termometro-infrarrojo-dt8869\/#primaryimage\"},\"image\":{\"@id\":\"https:\/\/abaa.mx\/tienda\/termometro-infrarrojo-dt8869\/#primaryimage\"},\"thumbnailUrl\":\"https:\/\/abaa.mx\/tienda\/wp-content\/uploads\/2023\/11\/CEM-METERS-DT8869.jpg\",\"datePublished\":\"2023-11-17T16:18:16+00:00\",\"breadcrumb\":{\"@id\":\"https:\/\/abaa.mx\/tienda\/termometro-infrarrojo-dt8869\/#breadcrumb\"},\"inLanguage\":\"es\",\"potentialAction\":[{\"@type\":\"ReadAction\",\"target\":[\"https:\/\/abaa.mx\/tienda\/termometro-infrarrojo-dt8869\/\"]}]},{\"@type\":\"ImageObject\",\"inLanguage\":\"es\",\"@id\":\"https:\/\/abaa.mx\/tienda\/termometro-infrarrojo-dt8869\/#primaryimage\",\"url\":\"https:\/\/abaa.mx\/tienda\/wp-content\/uploads\/2023\/11\/CEM-METERS-DT8869.jpg\",\"contentUrl\":\"https:\/\/abaa.mx\/tienda\/wp-content\/uploads\/2023\/11\/CEM-METERS-DT8869.jpg\",\"width\":346,\"height\":439,\"caption\":\"CEM METERS-DT8869\"},{\"@type\":\"BreadcrumbList\",\"@id\":\"https:\/\/abaa.mx\/tienda\/termometro-infrarrojo-dt8869\/#breadcrumb\",\"itemListElement\":[{\"@type\":\"ListItem\",\"position\":1,\"name\":\"Inicio\",\"item\":\"https:\/\/abaa.mx\/tienda\/\"},{\"@type\":\"ListItem\",\"position\":2,\"name\":\"Tienda\",\"item\":\"https:\/\/abaa.mx\/tienda\/\"},{\"@type\":\"ListItem\",\"position\":3,\"name\":\"Term\u00f3metro Infrarrojo &#8211; DT8869\"}]},{\"@type\":\"WebSite\",\"@id\":\"https:\/\/abaa.mx\/tienda\/#website\",\"url\":\"https:\/\/abaa.mx\/tienda\/\",\"name\":\"Abaa tienda online\",\"description\":\"Instrumentos de medici\u00f3n\",\"publisher\":{\"@id\":\"https:\/\/abaa.mx\/tienda\/#organization\"},\"potentialAction\":[{\"@type\":\"SearchAction\",\"target\":{\"@type\":\"EntryPoint\",\"urlTemplate\":\"https:\/\/abaa.mx\/tienda\/?s={search_term_string}\"},\"query-input\":{\"@type\":\"PropertyValueSpecification\",\"valueRequired\":true,\"valueName\":\"search_term_string\"}}],\"inLanguage\":\"es\"},{\"@type\":\"Organization\",\"@id\":\"https:\/\/abaa.mx\/tienda\/#organization\",\"name\":\"Abaa tienda online\",\"url\":\"https:\/\/abaa.mx\/tienda\/\",\"logo\":{\"@type\":\"ImageObject\",\"inLanguage\":\"es\",\"@id\":\"https:\/\/abaa.mx\/tienda\/#\/schema\/logo\/image\/\",\"url\":\"https:\/\/abaa.mx\/tienda\/wp-content\/uploads\/2024\/01\/abaa-metrologia-tienda.png\",\"contentUrl\":\"https:\/\/abaa.mx\/tienda\/wp-content\/uploads\/2024\/01\/abaa-metrologia-tienda.png\",\"width\":300,\"height\":141,\"caption\":\"Abaa tienda online\"},\"image\":{\"@id\":\"https:\/\/abaa.mx\/tienda\/#\/schema\/logo\/image\/\"}}]}<\/script>\n<!-- \/ Yoast SEO plugin. -->","yoast_head_json":{"title":"Term\u00f3metro Infrarrojo - DT8869 - Abaa tienda online","robots":{"index":"index","follow":"follow","max-snippet":"max-snippet:-1","max-image-preview":"max-image-preview:large","max-video-preview":"max-video-preview:-1"},"canonical":"https:\/\/abaa.mx\/tienda\/termometro-infrarrojo-dt8869\/","og_locale":"es_MX","og_type":"article","og_title":"Term\u00f3metro Infrarrojo - DT8869 - Abaa tienda online","og_description":"Tipo pistola con doble apuntador l\u00e1ser y rapido tiempo de medici\u00f3n con un rango de -50\u00b0C a 1600\u00b0C.  Caracter\u00edsticas:   Indicador de sobrecarga.  Alarma de altas y bajas temperaturas.  Tipo de entrada K.  Pantalla LCD retroiluminada.  Indicador de temperatura alta.  Amplia gama de temperaturas.  Emisividad ajustable digitalmente de 0.1 a 1.0.  Los dos puntos de l\u00e1ser convergen a un solo punto cuando la unidad est\u00e1 en \u00f3ptima distancia del objeto que se mide.  Compatible con todos los conectores est\u00e1ndar termopares tipo K.  Indicador de bater\u00eda baja.  Interfase USB.  Piso \u00fanico en la superficie, moderno diseno de carcasa.  Obtenci\u00f3n de datos m\u00e1ximo, m\u00ednimo, diferencial y promedio.  Proporcionar mucho mas r\u00e1pido, f\u00e1cil y precisa las lecturas para la mayor\u00eda de mediciones de la temperatura de la superficie con doble apuntador l\u00e1ser.  Apagado autom\u00e1tico.  Autom\u00e1ticamente realiza la retenci\u00f3n y bloqueo de datos.  150ms tiempo m\u00e1s r\u00e1pido de toma de muestras con 1% de precisi\u00f3n.","og_url":"https:\/\/abaa.mx\/tienda\/termometro-infrarrojo-dt8869\/","og_site_name":"Abaa tienda online","og_image":[{"width":346,"height":439,"url":"https:\/\/abaa.mx\/tienda\/wp-content\/uploads\/2023\/11\/CEM-METERS-DT8869.jpg","type":"image\/jpeg"}],"twitter_card":"summary_large_image","twitter_misc":{"Tiempo de lectura":"1 minuto"},"schema":{"@context":"https:\/\/schema.org","@graph":[{"@type":"WebPage","@id":"https:\/\/abaa.mx\/tienda\/termometro-infrarrojo-dt8869\/","url":"https:\/\/abaa.mx\/tienda\/termometro-infrarrojo-dt8869\/","name":"Term\u00f3metro Infrarrojo - DT8869 - Abaa tienda online","isPartOf":{"@id":"https:\/\/abaa.mx\/tienda\/#website"},"primaryImageOfPage":{"@id":"https:\/\/abaa.mx\/tienda\/termometro-infrarrojo-dt8869\/#primaryimage"},"image":{"@id":"https:\/\/abaa.mx\/tienda\/termometro-infrarrojo-dt8869\/#primaryimage"},"thumbnailUrl":"https:\/\/abaa.mx\/tienda\/wp-content\/uploads\/2023\/11\/CEM-METERS-DT8869.jpg","datePublished":"2023-11-17T16:18:16+00:00","breadcrumb":{"@id":"https:\/\/abaa.mx\/tienda\/termometro-infrarrojo-dt8869\/#breadcrumb"},"inLanguage":"es","potentialAction":[{"@type":"ReadAction","target":["https:\/\/abaa.mx\/tienda\/termometro-infrarrojo-dt8869\/"]}]},{"@type":"ImageObject","inLanguage":"es","@id":"https:\/\/abaa.mx\/tienda\/termometro-infrarrojo-dt8869\/#primaryimage","url":"https:\/\/abaa.mx\/tienda\/wp-content\/uploads\/2023\/11\/CEM-METERS-DT8869.jpg","contentUrl":"https:\/\/abaa.mx\/tienda\/wp-content\/uploads\/2023\/11\/CEM-METERS-DT8869.jpg","width":346,"height":439,"caption":"CEM METERS-DT8869"},{"@type":"BreadcrumbList","@id":"https:\/\/abaa.mx\/tienda\/termometro-infrarrojo-dt8869\/#breadcrumb","itemListElement":[{"@type":"ListItem","position":1,"name":"Inicio","item":"https:\/\/abaa.mx\/tienda\/"},{"@type":"ListItem","position":2,"name":"Tienda","item":"https:\/\/abaa.mx\/tienda\/"},{"@type":"ListItem","position":3,"name":"Term\u00f3metro Infrarrojo &#8211; DT8869"}]},{"@type":"WebSite","@id":"https:\/\/abaa.mx\/tienda\/#website","url":"https:\/\/abaa.mx\/tienda\/","name":"Abaa tienda online","description":"Instrumentos de medici\u00f3n","publisher":{"@id":"https:\/\/abaa.mx\/tienda\/#organization"},"potentialAction":[{"@type":"SearchAction","target":{"@type":"EntryPoint","urlTemplate":"https:\/\/abaa.mx\/tienda\/?s={search_term_string}"},"query-input":{"@type":"PropertyValueSpecification","valueRequired":true,"valueName":"search_term_string"}}],"inLanguage":"es"},{"@type":"Organization","@id":"https:\/\/abaa.mx\/tienda\/#organization","name":"Abaa tienda online","url":"https:\/\/abaa.mx\/tienda\/","logo":{"@type":"ImageObject","inLanguage":"es","@id":"https:\/\/abaa.mx\/tienda\/#\/schema\/logo\/image\/","url":"https:\/\/abaa.mx\/tienda\/wp-content\/uploads\/2024\/01\/abaa-metrologia-tienda.png","contentUrl":"https:\/\/abaa.mx\/tienda\/wp-content\/uploads\/2024\/01\/abaa-metrologia-tienda.png","width":300,"height":141,"caption":"Abaa tienda online"},"image":{"@id":"https:\/\/abaa.mx\/tienda\/#\/schema\/logo\/image\/"}}]}},"_links":{"self":[{"href":"https:\/\/abaa.mx\/tienda\/wp-json\/wp\/v2\/product\/9012","targetHints":{"allow":["GET"]}}],"collection":[{"href":"https:\/\/abaa.mx\/tienda\/wp-json\/wp\/v2\/product"}],"about":[{"href":"https:\/\/abaa.mx\/tienda\/wp-json\/wp\/v2\/types\/product"}],"replies":[{"embeddable":true,"href":"https:\/\/abaa.mx\/tienda\/wp-json\/wp\/v2\/comments?post=9012"}],"wp:featuredmedia":[{"embeddable":true,"href":"https:\/\/abaa.mx\/tienda\/wp-json\/wp\/v2\/media\/9015"}],"wp:attachment":[{"href":"https:\/\/abaa.mx\/tienda\/wp-json\/wp\/v2\/media?parent=9012"}],"wp:term":[{"taxonomy":"product_brand","embeddable":true,"href":"https:\/\/abaa.mx\/tienda\/wp-json\/wp\/v2\/product_brand?post=9012"},{"taxonomy":"product_cat","embeddable":true,"href":"https:\/\/abaa.mx\/tienda\/wp-json\/wp\/v2\/product_cat?post=9012"},{"taxonomy":"product_tag","embeddable":true,"href":"https:\/\/abaa.mx\/tienda\/wp-json\/wp\/v2\/product_tag?post=9012"}],"curies":[{"name":"wp","href":"https:\/\/api.w.org\/{rel}","templated":true}]}}