{"id":9011,"date":"2023-11-17T16:14:06","date_gmt":"2023-11-17T16:14:06","guid":{"rendered":"https:\/\/abaa.mx\/tienda\/?post_type=product&#038;p=9011"},"modified":"2023-11-17T16:14:06","modified_gmt":"2023-11-17T16:14:06","slug":"camaras-termograficas-eas250","status":"publish","type":"product","link":"https:\/\/abaa.mx\/tienda\/camaras-termograficas-eas250\/","title":{"rendered":"C\u00e1maras Termogr\u00e1ficas &#8211; EAS250"},"content":{"rendered":"<p>C\u00e1maras Termogr\u00e1ficas &#8211; EAS250.<\/p>\n","protected":false},"excerpt":{"rendered":"<p>Las c\u00e1marasa termogr\u00e1ficas de la serie GI-EAS son una exclusiva opci\u00f3n en c\u00e1maras infrarrojas. Tienen un su gran desempe\u00f1o a un precio razonable. Ha sido dise\u00f1ada para condiciones de trabajo en entornos industriales y tiene men\u00fas de operaci\u00f3n y configuraci\u00f3n f\u00e1ciles y tambi\u00e9n intuitivos. Aparte de tener un cuerpo apropiado para trabajos en altura es tan simple de operar que aun los empleados en capacitaci\u00f3n van a poder realizar inspecciones de manera f\u00e1cil con solo una mano. La c\u00e1mara tiene la m\u00e1s novedosa tecnolog\u00eda de fusi\u00f3n de imagen infrarroja que le deja encontrar picos de temperatura en zonas concretas con alta eficiencia realizando sencillo su trabajo. La c\u00e1mara cuenta con la mucho m\u00e1s nueva tecnolog\u00eda de fusi\u00f3n de imagen infrarroja que le deja encontrar zonas espec\u00edficas con alta eficiencia haciendo simple su trabajo. Perfecto para inspecciones el\u00e9ctricas, diagn\u00f3stico de inmuebles , diagn\u00f3sticos especialistas , asistencia veterinaria, mantenimientos preventivos y predictivos.<\/p>\n<p><strong> Aplicaciones :<\/strong> Mantenimiento predictivo y precautorio , inspecciones el\u00e9ctricas, diagn\u00f3stico de edificaciones, diagn\u00f3sticos t\u00e9cnicos.<\/p>\n","protected":false},"featured_media":9014,"comment_status":"open","ping_status":"closed","template":"","meta":{"_joinchat":[]},"product_brand":[],"product_cat":[134],"product_tag":[],"class_list":{"0":"post-9011","1":"product","2":"type-product","3":"status-publish","4":"has-post-thumbnail","6":"product_cat-termometros-para-temperatura","8":"first","9":"instock","10":"shipping-taxable","11":"product-type-simple"},"yoast_head":"<!-- This site is optimized with the Yoast SEO plugin v26.4 - https:\/\/yoast.com\/wordpress\/plugins\/seo\/ -->\n<title>C\u00e1maras Termogr\u00e1ficas - EAS250 - Abaa tienda online<\/title>\n<meta name=\"robots\" content=\"index, follow, max-snippet:-1, max-image-preview:large, max-video-preview:-1\" \/>\n<link rel=\"canonical\" href=\"https:\/\/abaa.mx\/tienda\/camaras-termograficas-eas250\/\" \/>\n<meta property=\"og:locale\" content=\"es_MX\" \/>\n<meta property=\"og:type\" content=\"article\" \/>\n<meta property=\"og:title\" content=\"C\u00e1maras Termogr\u00e1ficas - EAS250 - Abaa tienda online\" \/>\n<meta property=\"og:description\" content=\"Las c\u00e1marasa termogr\u00e1ficas de la serie GI-EAS son una exclusiva opci\u00f3n en c\u00e1maras infrarrojas. Tienen un su gran desempe\u00f1o a un precio razonable. Ha sido dise\u00f1ada para condiciones de trabajo en entornos industriales y tiene men\u00fas de operaci\u00f3n y configuraci\u00f3n f\u00e1ciles y tambi\u00e9n intuitivos. Aparte de tener un cuerpo apropiado para trabajos en altura es tan simple de operar que aun los empleados en capacitaci\u00f3n van a poder realizar inspecciones de manera f\u00e1cil con solo una mano. La c\u00e1mara tiene la m\u00e1s novedosa tecnolog\u00eda de fusi\u00f3n de imagen infrarroja que le deja encontrar picos de temperatura en zonas concretas con alta eficiencia realizando sencillo su trabajo. La c\u00e1mara cuenta con la mucho m\u00e1s nueva tecnolog\u00eda de fusi\u00f3n de imagen infrarroja que le deja encontrar zonas espec\u00edficas con alta eficiencia haciendo simple su trabajo. Perfecto para inspecciones el\u00e9ctricas, diagn\u00f3stico de inmuebles , diagn\u00f3sticos especialistas , asistencia veterinaria, mantenimientos preventivos y predictivos.   Aplicaciones : Mantenimiento predictivo y precautorio , inspecciones el\u00e9ctricas, diagn\u00f3stico de edificaciones, diagn\u00f3sticos t\u00e9cnicos.\" \/>\n<meta property=\"og:url\" content=\"https:\/\/abaa.mx\/tienda\/camaras-termograficas-eas250\/\" \/>\n<meta property=\"og:site_name\" content=\"Abaa tienda online\" \/>\n<meta property=\"og:image\" content=\"https:\/\/abaa.mx\/tienda\/wp-content\/uploads\/2023\/11\/GUIDE-INFRARED-EAS250.jpg\" \/>\n\t<meta property=\"og:image:width\" content=\"363\" \/>\n\t<meta property=\"og:image:height\" content=\"449\" \/>\n\t<meta property=\"og:image:type\" content=\"image\/jpeg\" \/>\n<meta name=\"twitter:card\" content=\"summary_large_image\" \/>\n<meta name=\"twitter:label1\" content=\"Tiempo de lectura\" \/>\n\t<meta name=\"twitter:data1\" content=\"1 minuto\" \/>\n<script type=\"application\/ld+json\" class=\"yoast-schema-graph\">{\"@context\":\"https:\/\/schema.org\",\"@graph\":[{\"@type\":\"WebPage\",\"@id\":\"https:\/\/abaa.mx\/tienda\/camaras-termograficas-eas250\/\",\"url\":\"https:\/\/abaa.mx\/tienda\/camaras-termograficas-eas250\/\",\"name\":\"C\u00e1maras Termogr\u00e1ficas - EAS250 - Abaa tienda online\",\"isPartOf\":{\"@id\":\"https:\/\/abaa.mx\/tienda\/#website\"},\"primaryImageOfPage\":{\"@id\":\"https:\/\/abaa.mx\/tienda\/camaras-termograficas-eas250\/#primaryimage\"},\"image\":{\"@id\":\"https:\/\/abaa.mx\/tienda\/camaras-termograficas-eas250\/#primaryimage\"},\"thumbnailUrl\":\"https:\/\/abaa.mx\/tienda\/wp-content\/uploads\/2023\/11\/GUIDE-INFRARED-EAS250.jpg\",\"datePublished\":\"2023-11-17T16:14:06+00:00\",\"breadcrumb\":{\"@id\":\"https:\/\/abaa.mx\/tienda\/camaras-termograficas-eas250\/#breadcrumb\"},\"inLanguage\":\"es\",\"potentialAction\":[{\"@type\":\"ReadAction\",\"target\":[\"https:\/\/abaa.mx\/tienda\/camaras-termograficas-eas250\/\"]}]},{\"@type\":\"ImageObject\",\"inLanguage\":\"es\",\"@id\":\"https:\/\/abaa.mx\/tienda\/camaras-termograficas-eas250\/#primaryimage\",\"url\":\"https:\/\/abaa.mx\/tienda\/wp-content\/uploads\/2023\/11\/GUIDE-INFRARED-EAS250.jpg\",\"contentUrl\":\"https:\/\/abaa.mx\/tienda\/wp-content\/uploads\/2023\/11\/GUIDE-INFRARED-EAS250.jpg\",\"width\":363,\"height\":449,\"caption\":\"GUIDE INFRARED-EAS250\"},{\"@type\":\"BreadcrumbList\",\"@id\":\"https:\/\/abaa.mx\/tienda\/camaras-termograficas-eas250\/#breadcrumb\",\"itemListElement\":[{\"@type\":\"ListItem\",\"position\":1,\"name\":\"Inicio\",\"item\":\"https:\/\/abaa.mx\/tienda\/\"},{\"@type\":\"ListItem\",\"position\":2,\"name\":\"Tienda\",\"item\":\"https:\/\/abaa.mx\/tienda\/\"},{\"@type\":\"ListItem\",\"position\":3,\"name\":\"C\u00e1maras Termogr\u00e1ficas &#8211; EAS250\"}]},{\"@type\":\"WebSite\",\"@id\":\"https:\/\/abaa.mx\/tienda\/#website\",\"url\":\"https:\/\/abaa.mx\/tienda\/\",\"name\":\"Abaa tienda online\",\"description\":\"Instrumentos de medici\u00f3n\",\"publisher\":{\"@id\":\"https:\/\/abaa.mx\/tienda\/#organization\"},\"potentialAction\":[{\"@type\":\"SearchAction\",\"target\":{\"@type\":\"EntryPoint\",\"urlTemplate\":\"https:\/\/abaa.mx\/tienda\/?s={search_term_string}\"},\"query-input\":{\"@type\":\"PropertyValueSpecification\",\"valueRequired\":true,\"valueName\":\"search_term_string\"}}],\"inLanguage\":\"es\"},{\"@type\":\"Organization\",\"@id\":\"https:\/\/abaa.mx\/tienda\/#organization\",\"name\":\"Abaa tienda online\",\"url\":\"https:\/\/abaa.mx\/tienda\/\",\"logo\":{\"@type\":\"ImageObject\",\"inLanguage\":\"es\",\"@id\":\"https:\/\/abaa.mx\/tienda\/#\/schema\/logo\/image\/\",\"url\":\"https:\/\/abaa.mx\/tienda\/wp-content\/uploads\/2024\/01\/abaa-metrologia-tienda.png\",\"contentUrl\":\"https:\/\/abaa.mx\/tienda\/wp-content\/uploads\/2024\/01\/abaa-metrologia-tienda.png\",\"width\":300,\"height\":141,\"caption\":\"Abaa tienda online\"},\"image\":{\"@id\":\"https:\/\/abaa.mx\/tienda\/#\/schema\/logo\/image\/\"}}]}<\/script>\n<!-- \/ Yoast SEO plugin. -->","yoast_head_json":{"title":"C\u00e1maras Termogr\u00e1ficas - EAS250 - Abaa tienda online","robots":{"index":"index","follow":"follow","max-snippet":"max-snippet:-1","max-image-preview":"max-image-preview:large","max-video-preview":"max-video-preview:-1"},"canonical":"https:\/\/abaa.mx\/tienda\/camaras-termograficas-eas250\/","og_locale":"es_MX","og_type":"article","og_title":"C\u00e1maras Termogr\u00e1ficas - EAS250 - Abaa tienda online","og_description":"Las c\u00e1marasa termogr\u00e1ficas de la serie GI-EAS son una exclusiva opci\u00f3n en c\u00e1maras infrarrojas. Tienen un su gran desempe\u00f1o a un precio razonable. Ha sido dise\u00f1ada para condiciones de trabajo en entornos industriales y tiene men\u00fas de operaci\u00f3n y configuraci\u00f3n f\u00e1ciles y tambi\u00e9n intuitivos. Aparte de tener un cuerpo apropiado para trabajos en altura es tan simple de operar que aun los empleados en capacitaci\u00f3n van a poder realizar inspecciones de manera f\u00e1cil con solo una mano. La c\u00e1mara tiene la m\u00e1s novedosa tecnolog\u00eda de fusi\u00f3n de imagen infrarroja que le deja encontrar picos de temperatura en zonas concretas con alta eficiencia realizando sencillo su trabajo. La c\u00e1mara cuenta con la mucho m\u00e1s nueva tecnolog\u00eda de fusi\u00f3n de imagen infrarroja que le deja encontrar zonas espec\u00edficas con alta eficiencia haciendo simple su trabajo. Perfecto para inspecciones el\u00e9ctricas, diagn\u00f3stico de inmuebles , diagn\u00f3sticos especialistas , asistencia veterinaria, mantenimientos preventivos y predictivos.   Aplicaciones : Mantenimiento predictivo y precautorio , inspecciones el\u00e9ctricas, diagn\u00f3stico de edificaciones, diagn\u00f3sticos t\u00e9cnicos.","og_url":"https:\/\/abaa.mx\/tienda\/camaras-termograficas-eas250\/","og_site_name":"Abaa tienda online","og_image":[{"width":363,"height":449,"url":"https:\/\/abaa.mx\/tienda\/wp-content\/uploads\/2023\/11\/GUIDE-INFRARED-EAS250.jpg","type":"image\/jpeg"}],"twitter_card":"summary_large_image","twitter_misc":{"Tiempo de lectura":"1 minuto"},"schema":{"@context":"https:\/\/schema.org","@graph":[{"@type":"WebPage","@id":"https:\/\/abaa.mx\/tienda\/camaras-termograficas-eas250\/","url":"https:\/\/abaa.mx\/tienda\/camaras-termograficas-eas250\/","name":"C\u00e1maras Termogr\u00e1ficas - EAS250 - Abaa tienda online","isPartOf":{"@id":"https:\/\/abaa.mx\/tienda\/#website"},"primaryImageOfPage":{"@id":"https:\/\/abaa.mx\/tienda\/camaras-termograficas-eas250\/#primaryimage"},"image":{"@id":"https:\/\/abaa.mx\/tienda\/camaras-termograficas-eas250\/#primaryimage"},"thumbnailUrl":"https:\/\/abaa.mx\/tienda\/wp-content\/uploads\/2023\/11\/GUIDE-INFRARED-EAS250.jpg","datePublished":"2023-11-17T16:14:06+00:00","breadcrumb":{"@id":"https:\/\/abaa.mx\/tienda\/camaras-termograficas-eas250\/#breadcrumb"},"inLanguage":"es","potentialAction":[{"@type":"ReadAction","target":["https:\/\/abaa.mx\/tienda\/camaras-termograficas-eas250\/"]}]},{"@type":"ImageObject","inLanguage":"es","@id":"https:\/\/abaa.mx\/tienda\/camaras-termograficas-eas250\/#primaryimage","url":"https:\/\/abaa.mx\/tienda\/wp-content\/uploads\/2023\/11\/GUIDE-INFRARED-EAS250.jpg","contentUrl":"https:\/\/abaa.mx\/tienda\/wp-content\/uploads\/2023\/11\/GUIDE-INFRARED-EAS250.jpg","width":363,"height":449,"caption":"GUIDE INFRARED-EAS250"},{"@type":"BreadcrumbList","@id":"https:\/\/abaa.mx\/tienda\/camaras-termograficas-eas250\/#breadcrumb","itemListElement":[{"@type":"ListItem","position":1,"name":"Inicio","item":"https:\/\/abaa.mx\/tienda\/"},{"@type":"ListItem","position":2,"name":"Tienda","item":"https:\/\/abaa.mx\/tienda\/"},{"@type":"ListItem","position":3,"name":"C\u00e1maras Termogr\u00e1ficas &#8211; EAS250"}]},{"@type":"WebSite","@id":"https:\/\/abaa.mx\/tienda\/#website","url":"https:\/\/abaa.mx\/tienda\/","name":"Abaa tienda online","description":"Instrumentos de medici\u00f3n","publisher":{"@id":"https:\/\/abaa.mx\/tienda\/#organization"},"potentialAction":[{"@type":"SearchAction","target":{"@type":"EntryPoint","urlTemplate":"https:\/\/abaa.mx\/tienda\/?s={search_term_string}"},"query-input":{"@type":"PropertyValueSpecification","valueRequired":true,"valueName":"search_term_string"}}],"inLanguage":"es"},{"@type":"Organization","@id":"https:\/\/abaa.mx\/tienda\/#organization","name":"Abaa tienda online","url":"https:\/\/abaa.mx\/tienda\/","logo":{"@type":"ImageObject","inLanguage":"es","@id":"https:\/\/abaa.mx\/tienda\/#\/schema\/logo\/image\/","url":"https:\/\/abaa.mx\/tienda\/wp-content\/uploads\/2024\/01\/abaa-metrologia-tienda.png","contentUrl":"https:\/\/abaa.mx\/tienda\/wp-content\/uploads\/2024\/01\/abaa-metrologia-tienda.png","width":300,"height":141,"caption":"Abaa tienda online"},"image":{"@id":"https:\/\/abaa.mx\/tienda\/#\/schema\/logo\/image\/"}}]}},"_links":{"self":[{"href":"https:\/\/abaa.mx\/tienda\/wp-json\/wp\/v2\/product\/9011","targetHints":{"allow":["GET"]}}],"collection":[{"href":"https:\/\/abaa.mx\/tienda\/wp-json\/wp\/v2\/product"}],"about":[{"href":"https:\/\/abaa.mx\/tienda\/wp-json\/wp\/v2\/types\/product"}],"replies":[{"embeddable":true,"href":"https:\/\/abaa.mx\/tienda\/wp-json\/wp\/v2\/comments?post=9011"}],"wp:featuredmedia":[{"embeddable":true,"href":"https:\/\/abaa.mx\/tienda\/wp-json\/wp\/v2\/media\/9014"}],"wp:attachment":[{"href":"https:\/\/abaa.mx\/tienda\/wp-json\/wp\/v2\/media?parent=9011"}],"wp:term":[{"taxonomy":"product_brand","embeddable":true,"href":"https:\/\/abaa.mx\/tienda\/wp-json\/wp\/v2\/product_brand?post=9011"},{"taxonomy":"product_cat","embeddable":true,"href":"https:\/\/abaa.mx\/tienda\/wp-json\/wp\/v2\/product_cat?post=9011"},{"taxonomy":"product_tag","embeddable":true,"href":"https:\/\/abaa.mx\/tienda\/wp-json\/wp\/v2\/product_tag?post=9011"}],"curies":[{"name":"wp","href":"https:\/\/api.w.org\/{rel}","templated":true}]}}