{"id":8991,"date":"2023-11-16T17:28:17","date_gmt":"2023-11-16T17:28:17","guid":{"rendered":"https:\/\/abaa.mx\/tienda\/?post_type=product&#038;p=8991"},"modified":"2023-11-16T17:28:18","modified_gmt":"2023-11-16T17:28:18","slug":"termohigrometro-ubibot-ws1-wifi-2-4-ghz-edicion-especial-ws1prowifi","status":"publish","type":"product","link":"https:\/\/abaa.mx\/tienda\/termohigrometro-ubibot-ws1-wifi-2-4-ghz-edicion-especial-ws1prowifi\/","title":{"rendered":"Termohigr\u00f3metro Ubibot WS1 &#8211; Wifi 2.4 GHz Edici\u00f3n Especial WS1PROWifi"},"content":{"rendered":"<p>Termohigr\u00f3metro Ubibot WS1 &#8211; Wifi 2.4 GHz Edici\u00f3n Especial WS1PROWifi.<\/p>\n","protected":false},"excerpt":{"rendered":"<p>Casos de empleo Con su chequeo inal\u00e1mbrico, pantalla LCD clara, sensores de grado industrial y ingreso on-line a datos, el WS1 Pro se ha utilizado para brindar tranquilidad en numerosos \u00e1mbitos , incluido el hogar inteligente , la administraci\u00f3n de agricultura y el chequeo de inventario. Introducci\u00f3n Ubisoft WS1 Pro es un sistema de monitoreo ambiental de vanguardia que explota las \u00faltimas capacidades de loT. La pantalla de 4.4 \u201dle permite ver instant\u00e1neamente las \u00faltimas lecturas y todos los datos se sincronizan en el mismo instante usando los datos m\u00f3viles * y WiFi integrados. La interfaz RS485 * incorporada y las sondas externas dejan su empleo en las condiciones mucho m\u00e1s extremas y puede entrar a sus datos en cualquier lugar de este mundo a trav\u00e9s de nuestra app o sitio web.<\/p>\n<h2>Especificaciones:<\/h2>\n<ul>\n<li>Longitud:\u00a04,96&#8221; (126 mm).<\/li>\n<li>Ancho:\u00a00,88&#8221; (22,5 mm).<\/li>\n<li>Sonda externa:\u00a02 Micro USB, admite sonda de temperatura DS18B20 (extra opcional).<\/li>\n<li>Red:\u00a0Soporta WiFi, GPRS\/3G\/4G.<\/li>\n<li>Pantalla:\u00a0LCD de 4,4&#8221;.<\/li>\n<li>Duraci\u00f3n de la bater\u00eda:\u00a08-12 meses (solo WiFi);\u00a01-2 meses (WiFi y SIM)\u00a0\u2461<\/li>\n<li>Peso:\u00a0143g \u00b1 3g (sin pilas).<\/li>\n<li>Compatibilidad:\u00a0iOS 11+, Android 8.1+ o Windows 7+ o macOS v10.8+.<\/li>\n<li>Seguridad Wi-Fi:\u00a0Admite los tipos OPEN, WEP o WPA\/WPA2, la red WPA2-Enterprise (autenticaci\u00f3n 802.1x\/RADIUS) no es compatible.<\/li>\n<li>Red m\u00f3vil*:\u00a0LTE-FDD: B1 \/ B3 \/ B5 \/ B8;\u00a0LTE-TDD:B34\/B38\/B39\/B40\/B41;\u00a0WCDMA: B1\/B5\/B8;\u00a0G\/M: 900 \/ 1800 MHz.<\/li>\n<li>Rango de detecci\u00f3n:\u00a0Temperatura -4 \u2109 a 140 \u2109 (-20 \u2103 a 60 \u2103), Humedad 10 % a 90 %\u00a0.<\/li>\n<li>Altura:\u00a03,38&#8221; (86 mm).<\/li>\n<li>Fuente de alimentaci\u00f3n:\u00a04 pilas AA o Micro USB (5V\/2A).<\/li>\n<li>Memoria integrada:\u00a0300.000 registros de detecci\u00f3n.<\/li>\n<li>Precisi\u00f3n:\u00a0Temperatura: \u00b10,3 \u2103, Humedad: \u00b13 % HR, Luz ambiental: \u00b12 %.<\/li>\n<li>Ancho del canal WiFi:\u00a0Admite 20 MHz o configuraci\u00f3n &#8220;Auto&#8221;.<\/li>\n<li>WiFi:\u00a0Requiere 2,4 GHz (802.11 b\/g\/n), canales de red 1-13 (NO se admite WiFi de 5 GHz).<\/li>\n<\/ul>\n<p>&nbsp;<\/p>\n<p>Configuraci\u00f3n del dispositivo: el intervalo m\u00ednimo de sincronizaci\u00f3n del dispositivo (carga) es de 1 minuto y el intervalo m\u00ednimo de detecci\u00f3n es de 1 minuto (temperatura, humedad, luz, sonda externa y voltaje de la bater\u00eda).<\/p>\n<p>Tipos de alarma : Acepta alertas push de apps , mail , sms SMS , se\u00f1ales de llamadas telef\u00f3nicas y alertas perceptibles. Las se\u00f1ales se pueden modificar en lecturas de sensores fundamentadas en n\u00fameros y estado de la red (p. ej., cuando se pierde la conexi\u00f3n o las bater\u00edas est\u00e1n bajas). Todas las se\u00f1ales se env\u00edan desde UbiBot Cloud.<\/p>\n<p>&nbsp;<\/p>\n","protected":false},"featured_media":8993,"comment_status":"open","ping_status":"closed","template":"","meta":{"_joinchat":[]},"product_brand":[],"product_cat":[133],"product_tag":[],"class_list":{"0":"post-8991","1":"product","2":"type-product","3":"status-publish","4":"has-post-thumbnail","6":"product_cat-termohigrometros-digitales","8":"first","9":"instock","10":"shipping-taxable","11":"product-type-simple"},"yoast_head":"<!-- This site is optimized with the Yoast SEO plugin v26.4 - https:\/\/yoast.com\/wordpress\/plugins\/seo\/ -->\n<title>Termohigr\u00f3metro Ubibot WS1 - Wifi 2.4 GHz Edici\u00f3n Especial WS1PROWifi - Abaa tienda online<\/title>\n<meta name=\"robots\" content=\"index, follow, max-snippet:-1, max-image-preview:large, max-video-preview:-1\" \/>\n<link rel=\"canonical\" href=\"https:\/\/abaa.mx\/tienda\/termohigrometro-ubibot-ws1-wifi-2-4-ghz-edicion-especial-ws1prowifi\/\" \/>\n<meta property=\"og:locale\" content=\"es_MX\" \/>\n<meta property=\"og:type\" content=\"article\" \/>\n<meta property=\"og:title\" content=\"Termohigr\u00f3metro Ubibot WS1 - Wifi 2.4 GHz Edici\u00f3n Especial WS1PROWifi - Abaa tienda online\" \/>\n<meta property=\"og:description\" content=\"Casos de empleo Con su chequeo inal\u00e1mbrico, pantalla LCD clara, sensores de grado industrial y ingreso on-line a datos, el WS1 Pro se ha utilizado para brindar tranquilidad en numerosos \u00e1mbitos , incluido el hogar inteligente , la administraci\u00f3n de agricultura y el chequeo de inventario. Introducci\u00f3n Ubisoft WS1 Pro es un sistema de monitoreo ambiental de vanguardia que explota las \u00faltimas capacidades de loT. La pantalla de 4.4 \u201dle permite ver instant\u00e1neamente las \u00faltimas lecturas y todos los datos se sincronizan en el mismo instante usando los datos m\u00f3viles * y WiFi integrados. La interfaz RS485 * incorporada y las sondas externas dejan su empleo en las condiciones mucho m\u00e1s extremas y puede entrar a sus datos en cualquier lugar de este mundo a trav\u00e9s de nuestra app o sitio web. Especificaciones:   Longitud:\u00a04,96&#039;&#039; (126 mm).  Ancho:\u00a00,88&#039;&#039; (22,5 mm).  Sonda externa:\u00a02 Micro USB, admite sonda de temperatura DS18B20 (extra opcional).  Red:\u00a0Soporta WiFi, GPRS\/3G\/4G.  Pantalla:\u00a0LCD de 4,4&#039;&#039;.  Duraci\u00f3n de la bater\u00eda:\u00a08-12 meses (solo WiFi);\u00a01-2 meses (WiFi y SIM)\u00a0\u2461  Peso:\u00a0143g \u00b1 3g (sin pilas).  Compatibilidad:\u00a0iOS 11+, Android 8.1+ o Windows 7+ o macOS v10.8+.  Seguridad Wi-Fi:\u00a0Admite los tipos OPEN, WEP o WPA\/WPA2, la red WPA2-Enterprise (autenticaci\u00f3n 802.1x\/RADIUS) no es compatible.  Red m\u00f3vil*:\u00a0LTE-FDD: B1 \/ B3 \/ B5 \/ B8;\u00a0LTE-TDD:B34\/B38\/B39\/B40\/B41;\u00a0WCDMA: B1\/B5\/B8;\u00a0G\/M: 900 \/ 1800 MHz.  Rango de detecci\u00f3n:\u00a0Temperatura -4 \u2109 a 140 \u2109 (-20 \u2103 a 60 \u2103), Humedad 10 % a 90 %\u00a0.  Altura:\u00a03,38&#039;&#039; (86 mm).  Fuente de alimentaci\u00f3n:\u00a04 pilas AA o Micro USB (5V\/2A).  Memoria integrada:\u00a0300.000 registros de detecci\u00f3n.  Precisi\u00f3n:\u00a0Temperatura: \u00b10,3 \u2103, Humedad: \u00b13 % HR, Luz ambiental: \u00b12 %.  Ancho del canal WiFi:\u00a0Admite 20 MHz o configuraci\u00f3n &quot;Auto&quot;.  WiFi:\u00a0Requiere 2,4 GHz (802.11 b\/g\/n), canales de red 1-13 (NO se admite WiFi de 5 GHz).  &nbsp;  Configuraci\u00f3n del dispositivo: el intervalo m\u00ednimo de sincronizaci\u00f3n del dispositivo (carga) es de 1 minuto y el intervalo m\u00ednimo de detecci\u00f3n es de 1 minuto (temperatura, humedad, luz, sonda externa y voltaje de la bater\u00eda).  Tipos de alarma : Acepta alertas push de apps , mail , sms SMS , se\u00f1ales de llamadas telef\u00f3nicas y alertas perceptibles. Las se\u00f1ales se pueden modificar en lecturas de sensores fundamentadas en n\u00fameros y estado de la red (p. ej., cuando se pierde la conexi\u00f3n o las bater\u00edas est\u00e1n bajas). Todas las se\u00f1ales se env\u00edan desde UbiBot Cloud.  &nbsp;\" \/>\n<meta property=\"og:url\" content=\"https:\/\/abaa.mx\/tienda\/termohigrometro-ubibot-ws1-wifi-2-4-ghz-edicion-especial-ws1prowifi\/\" \/>\n<meta property=\"og:site_name\" content=\"Abaa tienda online\" \/>\n<meta property=\"article:modified_time\" content=\"2023-11-16T17:28:18+00:00\" \/>\n<meta property=\"og:image\" content=\"https:\/\/abaa.mx\/tienda\/wp-content\/uploads\/2023\/11\/UBI-WS1PROWIFI.jpg\" \/>\n\t<meta property=\"og:image:width\" content=\"367\" \/>\n\t<meta property=\"og:image:height\" content=\"344\" \/>\n\t<meta property=\"og:image:type\" content=\"image\/jpeg\" \/>\n<meta name=\"twitter:card\" content=\"summary_large_image\" \/>\n<meta name=\"twitter:label1\" content=\"Tiempo de lectura\" \/>\n\t<meta name=\"twitter:data1\" content=\"1 minuto\" \/>\n<script type=\"application\/ld+json\" class=\"yoast-schema-graph\">{\"@context\":\"https:\/\/schema.org\",\"@graph\":[{\"@type\":\"WebPage\",\"@id\":\"https:\/\/abaa.mx\/tienda\/termohigrometro-ubibot-ws1-wifi-2-4-ghz-edicion-especial-ws1prowifi\/\",\"url\":\"https:\/\/abaa.mx\/tienda\/termohigrometro-ubibot-ws1-wifi-2-4-ghz-edicion-especial-ws1prowifi\/\",\"name\":\"Termohigr\u00f3metro Ubibot WS1 - Wifi 2.4 GHz Edici\u00f3n Especial WS1PROWifi - Abaa tienda online\",\"isPartOf\":{\"@id\":\"https:\/\/abaa.mx\/tienda\/#website\"},\"primaryImageOfPage\":{\"@id\":\"https:\/\/abaa.mx\/tienda\/termohigrometro-ubibot-ws1-wifi-2-4-ghz-edicion-especial-ws1prowifi\/#primaryimage\"},\"image\":{\"@id\":\"https:\/\/abaa.mx\/tienda\/termohigrometro-ubibot-ws1-wifi-2-4-ghz-edicion-especial-ws1prowifi\/#primaryimage\"},\"thumbnailUrl\":\"https:\/\/abaa.mx\/tienda\/wp-content\/uploads\/2023\/11\/UBI-WS1PROWIFI.jpg\",\"datePublished\":\"2023-11-16T17:28:17+00:00\",\"dateModified\":\"2023-11-16T17:28:18+00:00\",\"breadcrumb\":{\"@id\":\"https:\/\/abaa.mx\/tienda\/termohigrometro-ubibot-ws1-wifi-2-4-ghz-edicion-especial-ws1prowifi\/#breadcrumb\"},\"inLanguage\":\"es\",\"potentialAction\":[{\"@type\":\"ReadAction\",\"target\":[\"https:\/\/abaa.mx\/tienda\/termohigrometro-ubibot-ws1-wifi-2-4-ghz-edicion-especial-ws1prowifi\/\"]}]},{\"@type\":\"ImageObject\",\"inLanguage\":\"es\",\"@id\":\"https:\/\/abaa.mx\/tienda\/termohigrometro-ubibot-ws1-wifi-2-4-ghz-edicion-especial-ws1prowifi\/#primaryimage\",\"url\":\"https:\/\/abaa.mx\/tienda\/wp-content\/uploads\/2023\/11\/UBI-WS1PROWIFI.jpg\",\"contentUrl\":\"https:\/\/abaa.mx\/tienda\/wp-content\/uploads\/2023\/11\/UBI-WS1PROWIFI.jpg\",\"width\":367,\"height\":344,\"caption\":\"UBI-WS1PROWIFI\"},{\"@type\":\"BreadcrumbList\",\"@id\":\"https:\/\/abaa.mx\/tienda\/termohigrometro-ubibot-ws1-wifi-2-4-ghz-edicion-especial-ws1prowifi\/#breadcrumb\",\"itemListElement\":[{\"@type\":\"ListItem\",\"position\":1,\"name\":\"Inicio\",\"item\":\"https:\/\/abaa.mx\/tienda\/\"},{\"@type\":\"ListItem\",\"position\":2,\"name\":\"Tienda\",\"item\":\"https:\/\/abaa.mx\/tienda\/\"},{\"@type\":\"ListItem\",\"position\":3,\"name\":\"Termohigr\u00f3metro Ubibot WS1 &#8211; Wifi 2.4 GHz Edici\u00f3n Especial WS1PROWifi\"}]},{\"@type\":\"WebSite\",\"@id\":\"https:\/\/abaa.mx\/tienda\/#website\",\"url\":\"https:\/\/abaa.mx\/tienda\/\",\"name\":\"Abaa tienda online\",\"description\":\"Instrumentos de medici\u00f3n\",\"publisher\":{\"@id\":\"https:\/\/abaa.mx\/tienda\/#organization\"},\"potentialAction\":[{\"@type\":\"SearchAction\",\"target\":{\"@type\":\"EntryPoint\",\"urlTemplate\":\"https:\/\/abaa.mx\/tienda\/?s={search_term_string}\"},\"query-input\":{\"@type\":\"PropertyValueSpecification\",\"valueRequired\":true,\"valueName\":\"search_term_string\"}}],\"inLanguage\":\"es\"},{\"@type\":\"Organization\",\"@id\":\"https:\/\/abaa.mx\/tienda\/#organization\",\"name\":\"Abaa tienda online\",\"url\":\"https:\/\/abaa.mx\/tienda\/\",\"logo\":{\"@type\":\"ImageObject\",\"inLanguage\":\"es\",\"@id\":\"https:\/\/abaa.mx\/tienda\/#\/schema\/logo\/image\/\",\"url\":\"https:\/\/abaa.mx\/tienda\/wp-content\/uploads\/2024\/01\/abaa-metrologia-tienda.png\",\"contentUrl\":\"https:\/\/abaa.mx\/tienda\/wp-content\/uploads\/2024\/01\/abaa-metrologia-tienda.png\",\"width\":300,\"height\":141,\"caption\":\"Abaa tienda online\"},\"image\":{\"@id\":\"https:\/\/abaa.mx\/tienda\/#\/schema\/logo\/image\/\"}}]}<\/script>\n<!-- \/ Yoast SEO plugin. -->","yoast_head_json":{"title":"Termohigr\u00f3metro Ubibot WS1 - Wifi 2.4 GHz Edici\u00f3n Especial WS1PROWifi - Abaa tienda online","robots":{"index":"index","follow":"follow","max-snippet":"max-snippet:-1","max-image-preview":"max-image-preview:large","max-video-preview":"max-video-preview:-1"},"canonical":"https:\/\/abaa.mx\/tienda\/termohigrometro-ubibot-ws1-wifi-2-4-ghz-edicion-especial-ws1prowifi\/","og_locale":"es_MX","og_type":"article","og_title":"Termohigr\u00f3metro Ubibot WS1 - Wifi 2.4 GHz Edici\u00f3n Especial WS1PROWifi - Abaa tienda online","og_description":"Casos de empleo Con su chequeo inal\u00e1mbrico, pantalla LCD clara, sensores de grado industrial y ingreso on-line a datos, el WS1 Pro se ha utilizado para brindar tranquilidad en numerosos \u00e1mbitos , incluido el hogar inteligente , la administraci\u00f3n de agricultura y el chequeo de inventario. Introducci\u00f3n Ubisoft WS1 Pro es un sistema de monitoreo ambiental de vanguardia que explota las \u00faltimas capacidades de loT. La pantalla de 4.4 \u201dle permite ver instant\u00e1neamente las \u00faltimas lecturas y todos los datos se sincronizan en el mismo instante usando los datos m\u00f3viles * y WiFi integrados. La interfaz RS485 * incorporada y las sondas externas dejan su empleo en las condiciones mucho m\u00e1s extremas y puede entrar a sus datos en cualquier lugar de este mundo a trav\u00e9s de nuestra app o sitio web. Especificaciones:   Longitud:\u00a04,96'' (126 mm).  Ancho:\u00a00,88'' (22,5 mm).  Sonda externa:\u00a02 Micro USB, admite sonda de temperatura DS18B20 (extra opcional).  Red:\u00a0Soporta WiFi, GPRS\/3G\/4G.  Pantalla:\u00a0LCD de 4,4''.  Duraci\u00f3n de la bater\u00eda:\u00a08-12 meses (solo WiFi);\u00a01-2 meses (WiFi y SIM)\u00a0\u2461  Peso:\u00a0143g \u00b1 3g (sin pilas).  Compatibilidad:\u00a0iOS 11+, Android 8.1+ o Windows 7+ o macOS v10.8+.  Seguridad Wi-Fi:\u00a0Admite los tipos OPEN, WEP o WPA\/WPA2, la red WPA2-Enterprise (autenticaci\u00f3n 802.1x\/RADIUS) no es compatible.  Red m\u00f3vil*:\u00a0LTE-FDD: B1 \/ B3 \/ B5 \/ B8;\u00a0LTE-TDD:B34\/B38\/B39\/B40\/B41;\u00a0WCDMA: B1\/B5\/B8;\u00a0G\/M: 900 \/ 1800 MHz.  Rango de detecci\u00f3n:\u00a0Temperatura -4 \u2109 a 140 \u2109 (-20 \u2103 a 60 \u2103), Humedad 10 % a 90 %\u00a0.  Altura:\u00a03,38'' (86 mm).  Fuente de alimentaci\u00f3n:\u00a04 pilas AA o Micro USB (5V\/2A).  Memoria integrada:\u00a0300.000 registros de detecci\u00f3n.  Precisi\u00f3n:\u00a0Temperatura: \u00b10,3 \u2103, Humedad: \u00b13 % HR, Luz ambiental: \u00b12 %.  Ancho del canal WiFi:\u00a0Admite 20 MHz o configuraci\u00f3n \"Auto\".  WiFi:\u00a0Requiere 2,4 GHz (802.11 b\/g\/n), canales de red 1-13 (NO se admite WiFi de 5 GHz).  &nbsp;  Configuraci\u00f3n del dispositivo: el intervalo m\u00ednimo de sincronizaci\u00f3n del dispositivo (carga) es de 1 minuto y el intervalo m\u00ednimo de detecci\u00f3n es de 1 minuto (temperatura, humedad, luz, sonda externa y voltaje de la bater\u00eda).  Tipos de alarma : Acepta alertas push de apps , mail , sms SMS , se\u00f1ales de llamadas telef\u00f3nicas y alertas perceptibles. Las se\u00f1ales se pueden modificar en lecturas de sensores fundamentadas en n\u00fameros y estado de la red (p. ej., cuando se pierde la conexi\u00f3n o las bater\u00edas est\u00e1n bajas). Todas las se\u00f1ales se env\u00edan desde UbiBot Cloud.  &nbsp;","og_url":"https:\/\/abaa.mx\/tienda\/termohigrometro-ubibot-ws1-wifi-2-4-ghz-edicion-especial-ws1prowifi\/","og_site_name":"Abaa tienda online","article_modified_time":"2023-11-16T17:28:18+00:00","og_image":[{"width":367,"height":344,"url":"https:\/\/abaa.mx\/tienda\/wp-content\/uploads\/2023\/11\/UBI-WS1PROWIFI.jpg","type":"image\/jpeg"}],"twitter_card":"summary_large_image","twitter_misc":{"Tiempo de lectura":"1 minuto"},"schema":{"@context":"https:\/\/schema.org","@graph":[{"@type":"WebPage","@id":"https:\/\/abaa.mx\/tienda\/termohigrometro-ubibot-ws1-wifi-2-4-ghz-edicion-especial-ws1prowifi\/","url":"https:\/\/abaa.mx\/tienda\/termohigrometro-ubibot-ws1-wifi-2-4-ghz-edicion-especial-ws1prowifi\/","name":"Termohigr\u00f3metro Ubibot WS1 - Wifi 2.4 GHz Edici\u00f3n Especial WS1PROWifi - Abaa tienda online","isPartOf":{"@id":"https:\/\/abaa.mx\/tienda\/#website"},"primaryImageOfPage":{"@id":"https:\/\/abaa.mx\/tienda\/termohigrometro-ubibot-ws1-wifi-2-4-ghz-edicion-especial-ws1prowifi\/#primaryimage"},"image":{"@id":"https:\/\/abaa.mx\/tienda\/termohigrometro-ubibot-ws1-wifi-2-4-ghz-edicion-especial-ws1prowifi\/#primaryimage"},"thumbnailUrl":"https:\/\/abaa.mx\/tienda\/wp-content\/uploads\/2023\/11\/UBI-WS1PROWIFI.jpg","datePublished":"2023-11-16T17:28:17+00:00","dateModified":"2023-11-16T17:28:18+00:00","breadcrumb":{"@id":"https:\/\/abaa.mx\/tienda\/termohigrometro-ubibot-ws1-wifi-2-4-ghz-edicion-especial-ws1prowifi\/#breadcrumb"},"inLanguage":"es","potentialAction":[{"@type":"ReadAction","target":["https:\/\/abaa.mx\/tienda\/termohigrometro-ubibot-ws1-wifi-2-4-ghz-edicion-especial-ws1prowifi\/"]}]},{"@type":"ImageObject","inLanguage":"es","@id":"https:\/\/abaa.mx\/tienda\/termohigrometro-ubibot-ws1-wifi-2-4-ghz-edicion-especial-ws1prowifi\/#primaryimage","url":"https:\/\/abaa.mx\/tienda\/wp-content\/uploads\/2023\/11\/UBI-WS1PROWIFI.jpg","contentUrl":"https:\/\/abaa.mx\/tienda\/wp-content\/uploads\/2023\/11\/UBI-WS1PROWIFI.jpg","width":367,"height":344,"caption":"UBI-WS1PROWIFI"},{"@type":"BreadcrumbList","@id":"https:\/\/abaa.mx\/tienda\/termohigrometro-ubibot-ws1-wifi-2-4-ghz-edicion-especial-ws1prowifi\/#breadcrumb","itemListElement":[{"@type":"ListItem","position":1,"name":"Inicio","item":"https:\/\/abaa.mx\/tienda\/"},{"@type":"ListItem","position":2,"name":"Tienda","item":"https:\/\/abaa.mx\/tienda\/"},{"@type":"ListItem","position":3,"name":"Termohigr\u00f3metro Ubibot WS1 &#8211; Wifi 2.4 GHz Edici\u00f3n Especial WS1PROWifi"}]},{"@type":"WebSite","@id":"https:\/\/abaa.mx\/tienda\/#website","url":"https:\/\/abaa.mx\/tienda\/","name":"Abaa tienda online","description":"Instrumentos de medici\u00f3n","publisher":{"@id":"https:\/\/abaa.mx\/tienda\/#organization"},"potentialAction":[{"@type":"SearchAction","target":{"@type":"EntryPoint","urlTemplate":"https:\/\/abaa.mx\/tienda\/?s={search_term_string}"},"query-input":{"@type":"PropertyValueSpecification","valueRequired":true,"valueName":"search_term_string"}}],"inLanguage":"es"},{"@type":"Organization","@id":"https:\/\/abaa.mx\/tienda\/#organization","name":"Abaa tienda online","url":"https:\/\/abaa.mx\/tienda\/","logo":{"@type":"ImageObject","inLanguage":"es","@id":"https:\/\/abaa.mx\/tienda\/#\/schema\/logo\/image\/","url":"https:\/\/abaa.mx\/tienda\/wp-content\/uploads\/2024\/01\/abaa-metrologia-tienda.png","contentUrl":"https:\/\/abaa.mx\/tienda\/wp-content\/uploads\/2024\/01\/abaa-metrologia-tienda.png","width":300,"height":141,"caption":"Abaa tienda online"},"image":{"@id":"https:\/\/abaa.mx\/tienda\/#\/schema\/logo\/image\/"}}]}},"_links":{"self":[{"href":"https:\/\/abaa.mx\/tienda\/wp-json\/wp\/v2\/product\/8991","targetHints":{"allow":["GET"]}}],"collection":[{"href":"https:\/\/abaa.mx\/tienda\/wp-json\/wp\/v2\/product"}],"about":[{"href":"https:\/\/abaa.mx\/tienda\/wp-json\/wp\/v2\/types\/product"}],"replies":[{"embeddable":true,"href":"https:\/\/abaa.mx\/tienda\/wp-json\/wp\/v2\/comments?post=8991"}],"wp:featuredmedia":[{"embeddable":true,"href":"https:\/\/abaa.mx\/tienda\/wp-json\/wp\/v2\/media\/8993"}],"wp:attachment":[{"href":"https:\/\/abaa.mx\/tienda\/wp-json\/wp\/v2\/media?parent=8991"}],"wp:term":[{"taxonomy":"product_brand","embeddable":true,"href":"https:\/\/abaa.mx\/tienda\/wp-json\/wp\/v2\/product_brand?post=8991"},{"taxonomy":"product_cat","embeddable":true,"href":"https:\/\/abaa.mx\/tienda\/wp-json\/wp\/v2\/product_cat?post=8991"},{"taxonomy":"product_tag","embeddable":true,"href":"https:\/\/abaa.mx\/tienda\/wp-json\/wp\/v2\/product_tag?post=8991"}],"curies":[{"name":"wp","href":"https:\/\/api.w.org\/{rel}","templated":true}]}}