{"id":8989,"date":"2023-11-16T17:18:21","date_gmt":"2023-11-16T17:18:21","guid":{"rendered":"https:\/\/abaa.mx\/tienda\/?post_type=product&#038;p=8989"},"modified":"2023-11-16T17:18:22","modified_gmt":"2023-11-16T17:18:22","slug":"termohigrometro-industrial-ubibot-gs1-ethernet-wifi-24-ghz-ubi-gs1aeth1rs","status":"publish","type":"product","link":"https:\/\/abaa.mx\/tienda\/termohigrometro-industrial-ubibot-gs1-ethernet-wifi-24-ghz-ubi-gs1aeth1rs\/","title":{"rendered":"Termohigr\u00f3metro Industrial Ubibot GS1 Ethernet Wifi 2,4 GHz Ubi &#8211; GS1AETH1RS"},"content":{"rendered":"<p>Termohigr\u00f3metro Industrial Ubibot GS1 Ethernet Wifi 2,4 GHz Ubi &#8211; GS1AETH1RS.<\/p>\n","protected":false},"excerpt":{"rendered":"<p>El Ubi-Bot GS1 usa las tecnolog\u00edas loT de vanguardia para ofrecer un chequeo ambiental mucho m\u00e1s estable con un prominente rendimiento.<\/p>\n<p>Est\u00e1 especialmente dise\u00f1ado para uso industrial con clasificaci\u00f3n de impermeabilidad IP65.<\/p>\n<p>Este dispositivo da m\u00faltiples m\u00e9todos de transmisi\u00f3n de datos, incluidos WiFi, GPRS\/ tercera generaci\u00f3n o 3G \/4G y cable ethernet. Descubre datos ambientales durante todo el d\u00eda y sincroniza de manera autom\u00e1tica todos y cada uno de los datos con la interfaz UbiBot loT. La pantalla clara de 4 \u201dle deja ver instant\u00e1neamente los datos m\u00e1s recientes. Tambi\u00e9n puede entrar a las lecturas de su dispositivo en tiempo real a trav\u00e9s de nuestra aplicaci\u00f3n o utilizando un navegador en cualquier lugar de este mundo.<\/p>\n<p>La interfaz RS485 incorporada garantiza la utilizaci\u00f3n de m\u00faltiples sondas externas , como la sonda de temperatura y humedad del suelo, la sonda de velocidad del viento, la sonda de valor de ph, etc.<\/p>\n<p>Acceso en l\u00ednea \/ sin conexi\u00f3n<\/p>\n<p>El GS1 monitorea de forma continua las condiciones ambientales y sincroniza los datos con la plataforma ubibot loT. Al sugerir 4 maneras de transmisi\u00f3n de datos, puede asegurar que diferentes usuarios accedan a los datos on line utilizando nuestra aplicaci\u00f3n o el sitio web.<\/p>\n<p>Si no hay una red libre , el GS1 contin\u00faa monitoreando el ambiente y guarda los datos en su enorme memoria interna. A continuaci\u00f3n , puede acompasar los datos de forma generalizada a trav\u00e9s de USB o moviendo temporalmente el dispositivo a una localizaci\u00f3n con WiFi.<\/p>\n","protected":false},"featured_media":8990,"comment_status":"open","ping_status":"closed","template":"","meta":{"_joinchat":[]},"product_brand":[],"product_cat":[133],"product_tag":[],"class_list":{"0":"post-8989","1":"product","2":"type-product","3":"status-publish","4":"has-post-thumbnail","6":"product_cat-termohigrometros-digitales","8":"first","9":"instock","10":"shipping-taxable","11":"product-type-simple"},"yoast_head":"<!-- This site is optimized with the Yoast SEO plugin v26.4 - https:\/\/yoast.com\/wordpress\/plugins\/seo\/ -->\n<title>Termohigr\u00f3metro Industrial Ubibot GS1 Ethernet Wifi 2,4 GHz Ubi - GS1AETH1RS - Abaa tienda online<\/title>\n<meta name=\"robots\" content=\"index, follow, max-snippet:-1, max-image-preview:large, max-video-preview:-1\" \/>\n<link rel=\"canonical\" href=\"https:\/\/abaa.mx\/tienda\/termohigrometro-industrial-ubibot-gs1-ethernet-wifi-24-ghz-ubi-gs1aeth1rs\/\" \/>\n<meta property=\"og:locale\" content=\"es_MX\" \/>\n<meta property=\"og:type\" content=\"article\" \/>\n<meta property=\"og:title\" content=\"Termohigr\u00f3metro Industrial Ubibot GS1 Ethernet Wifi 2,4 GHz Ubi - GS1AETH1RS - Abaa tienda online\" \/>\n<meta property=\"og:description\" content=\"El Ubi-Bot GS1 usa las tecnolog\u00edas loT de vanguardia para ofrecer un chequeo ambiental mucho m\u00e1s estable con un prominente rendimiento.  Est\u00e1 especialmente dise\u00f1ado para uso industrial con clasificaci\u00f3n de impermeabilidad IP65.  Este dispositivo da m\u00faltiples m\u00e9todos de transmisi\u00f3n de datos, incluidos WiFi, GPRS\/ tercera generaci\u00f3n o 3G \/4G y cable ethernet. Descubre datos ambientales durante todo el d\u00eda y sincroniza de manera autom\u00e1tica todos y cada uno de los datos con la interfaz UbiBot loT. La pantalla clara de 4 \u201dle deja ver instant\u00e1neamente los datos m\u00e1s recientes. Tambi\u00e9n puede entrar a las lecturas de su dispositivo en tiempo real a trav\u00e9s de nuestra aplicaci\u00f3n o utilizando un navegador en cualquier lugar de este mundo.  La interfaz RS485 incorporada garantiza la utilizaci\u00f3n de m\u00faltiples sondas externas , como la sonda de temperatura y humedad del suelo, la sonda de velocidad del viento, la sonda de valor de ph, etc.  Acceso en l\u00ednea \/ sin conexi\u00f3n  El GS1 monitorea de forma continua las condiciones ambientales y sincroniza los datos con la plataforma ubibot loT. Al sugerir 4 maneras de transmisi\u00f3n de datos, puede asegurar que diferentes usuarios accedan a los datos on line utilizando nuestra aplicaci\u00f3n o el sitio web.  Si no hay una red libre , el GS1 contin\u00faa monitoreando el ambiente y guarda los datos en su enorme memoria interna. A continuaci\u00f3n , puede acompasar los datos de forma generalizada a trav\u00e9s de USB o moviendo temporalmente el dispositivo a una localizaci\u00f3n con WiFi.\" \/>\n<meta property=\"og:url\" content=\"https:\/\/abaa.mx\/tienda\/termohigrometro-industrial-ubibot-gs1-ethernet-wifi-24-ghz-ubi-gs1aeth1rs\/\" \/>\n<meta property=\"og:site_name\" content=\"Abaa tienda online\" \/>\n<meta property=\"article:modified_time\" content=\"2023-11-16T17:18:22+00:00\" \/>\n<meta property=\"og:image\" content=\"https:\/\/abaa.mx\/tienda\/wp-content\/uploads\/2023\/11\/UBI-GS1AETH1RS.jpg\" \/>\n\t<meta property=\"og:image:width\" content=\"469\" \/>\n\t<meta property=\"og:image:height\" content=\"432\" \/>\n\t<meta property=\"og:image:type\" content=\"image\/jpeg\" \/>\n<meta name=\"twitter:card\" content=\"summary_large_image\" \/>\n<meta name=\"twitter:label1\" content=\"Tiempo de lectura\" \/>\n\t<meta name=\"twitter:data1\" content=\"1 minuto\" \/>\n<script type=\"application\/ld+json\" class=\"yoast-schema-graph\">{\"@context\":\"https:\/\/schema.org\",\"@graph\":[{\"@type\":\"WebPage\",\"@id\":\"https:\/\/abaa.mx\/tienda\/termohigrometro-industrial-ubibot-gs1-ethernet-wifi-24-ghz-ubi-gs1aeth1rs\/\",\"url\":\"https:\/\/abaa.mx\/tienda\/termohigrometro-industrial-ubibot-gs1-ethernet-wifi-24-ghz-ubi-gs1aeth1rs\/\",\"name\":\"Termohigr\u00f3metro Industrial Ubibot GS1 Ethernet Wifi 2,4 GHz Ubi - GS1AETH1RS - Abaa tienda online\",\"isPartOf\":{\"@id\":\"https:\/\/abaa.mx\/tienda\/#website\"},\"primaryImageOfPage\":{\"@id\":\"https:\/\/abaa.mx\/tienda\/termohigrometro-industrial-ubibot-gs1-ethernet-wifi-24-ghz-ubi-gs1aeth1rs\/#primaryimage\"},\"image\":{\"@id\":\"https:\/\/abaa.mx\/tienda\/termohigrometro-industrial-ubibot-gs1-ethernet-wifi-24-ghz-ubi-gs1aeth1rs\/#primaryimage\"},\"thumbnailUrl\":\"https:\/\/abaa.mx\/tienda\/wp-content\/uploads\/2023\/11\/UBI-GS1AETH1RS.jpg\",\"datePublished\":\"2023-11-16T17:18:21+00:00\",\"dateModified\":\"2023-11-16T17:18:22+00:00\",\"breadcrumb\":{\"@id\":\"https:\/\/abaa.mx\/tienda\/termohigrometro-industrial-ubibot-gs1-ethernet-wifi-24-ghz-ubi-gs1aeth1rs\/#breadcrumb\"},\"inLanguage\":\"es\",\"potentialAction\":[{\"@type\":\"ReadAction\",\"target\":[\"https:\/\/abaa.mx\/tienda\/termohigrometro-industrial-ubibot-gs1-ethernet-wifi-24-ghz-ubi-gs1aeth1rs\/\"]}]},{\"@type\":\"ImageObject\",\"inLanguage\":\"es\",\"@id\":\"https:\/\/abaa.mx\/tienda\/termohigrometro-industrial-ubibot-gs1-ethernet-wifi-24-ghz-ubi-gs1aeth1rs\/#primaryimage\",\"url\":\"https:\/\/abaa.mx\/tienda\/wp-content\/uploads\/2023\/11\/UBI-GS1AETH1RS.jpg\",\"contentUrl\":\"https:\/\/abaa.mx\/tienda\/wp-content\/uploads\/2023\/11\/UBI-GS1AETH1RS.jpg\",\"width\":469,\"height\":432,\"caption\":\"UBI-GS1AETH1RS\"},{\"@type\":\"BreadcrumbList\",\"@id\":\"https:\/\/abaa.mx\/tienda\/termohigrometro-industrial-ubibot-gs1-ethernet-wifi-24-ghz-ubi-gs1aeth1rs\/#breadcrumb\",\"itemListElement\":[{\"@type\":\"ListItem\",\"position\":1,\"name\":\"Inicio\",\"item\":\"https:\/\/abaa.mx\/tienda\/\"},{\"@type\":\"ListItem\",\"position\":2,\"name\":\"Tienda\",\"item\":\"https:\/\/abaa.mx\/tienda\/\"},{\"@type\":\"ListItem\",\"position\":3,\"name\":\"Termohigr\u00f3metro Industrial Ubibot GS1 Ethernet Wifi 2,4 GHz Ubi &#8211; GS1AETH1RS\"}]},{\"@type\":\"WebSite\",\"@id\":\"https:\/\/abaa.mx\/tienda\/#website\",\"url\":\"https:\/\/abaa.mx\/tienda\/\",\"name\":\"Abaa tienda online\",\"description\":\"Instrumentos de medici\u00f3n\",\"publisher\":{\"@id\":\"https:\/\/abaa.mx\/tienda\/#organization\"},\"potentialAction\":[{\"@type\":\"SearchAction\",\"target\":{\"@type\":\"EntryPoint\",\"urlTemplate\":\"https:\/\/abaa.mx\/tienda\/?s={search_term_string}\"},\"query-input\":{\"@type\":\"PropertyValueSpecification\",\"valueRequired\":true,\"valueName\":\"search_term_string\"}}],\"inLanguage\":\"es\"},{\"@type\":\"Organization\",\"@id\":\"https:\/\/abaa.mx\/tienda\/#organization\",\"name\":\"Abaa tienda online\",\"url\":\"https:\/\/abaa.mx\/tienda\/\",\"logo\":{\"@type\":\"ImageObject\",\"inLanguage\":\"es\",\"@id\":\"https:\/\/abaa.mx\/tienda\/#\/schema\/logo\/image\/\",\"url\":\"https:\/\/abaa.mx\/tienda\/wp-content\/uploads\/2024\/01\/abaa-metrologia-tienda.png\",\"contentUrl\":\"https:\/\/abaa.mx\/tienda\/wp-content\/uploads\/2024\/01\/abaa-metrologia-tienda.png\",\"width\":300,\"height\":141,\"caption\":\"Abaa tienda online\"},\"image\":{\"@id\":\"https:\/\/abaa.mx\/tienda\/#\/schema\/logo\/image\/\"}}]}<\/script>\n<!-- \/ Yoast SEO plugin. -->","yoast_head_json":{"title":"Termohigr\u00f3metro Industrial Ubibot GS1 Ethernet Wifi 2,4 GHz Ubi - GS1AETH1RS - Abaa tienda online","robots":{"index":"index","follow":"follow","max-snippet":"max-snippet:-1","max-image-preview":"max-image-preview:large","max-video-preview":"max-video-preview:-1"},"canonical":"https:\/\/abaa.mx\/tienda\/termohigrometro-industrial-ubibot-gs1-ethernet-wifi-24-ghz-ubi-gs1aeth1rs\/","og_locale":"es_MX","og_type":"article","og_title":"Termohigr\u00f3metro Industrial Ubibot GS1 Ethernet Wifi 2,4 GHz Ubi - GS1AETH1RS - Abaa tienda online","og_description":"El Ubi-Bot GS1 usa las tecnolog\u00edas loT de vanguardia para ofrecer un chequeo ambiental mucho m\u00e1s estable con un prominente rendimiento.  Est\u00e1 especialmente dise\u00f1ado para uso industrial con clasificaci\u00f3n de impermeabilidad IP65.  Este dispositivo da m\u00faltiples m\u00e9todos de transmisi\u00f3n de datos, incluidos WiFi, GPRS\/ tercera generaci\u00f3n o 3G \/4G y cable ethernet. Descubre datos ambientales durante todo el d\u00eda y sincroniza de manera autom\u00e1tica todos y cada uno de los datos con la interfaz UbiBot loT. La pantalla clara de 4 \u201dle deja ver instant\u00e1neamente los datos m\u00e1s recientes. Tambi\u00e9n puede entrar a las lecturas de su dispositivo en tiempo real a trav\u00e9s de nuestra aplicaci\u00f3n o utilizando un navegador en cualquier lugar de este mundo.  La interfaz RS485 incorporada garantiza la utilizaci\u00f3n de m\u00faltiples sondas externas , como la sonda de temperatura y humedad del suelo, la sonda de velocidad del viento, la sonda de valor de ph, etc.  Acceso en l\u00ednea \/ sin conexi\u00f3n  El GS1 monitorea de forma continua las condiciones ambientales y sincroniza los datos con la plataforma ubibot loT. Al sugerir 4 maneras de transmisi\u00f3n de datos, puede asegurar que diferentes usuarios accedan a los datos on line utilizando nuestra aplicaci\u00f3n o el sitio web.  Si no hay una red libre , el GS1 contin\u00faa monitoreando el ambiente y guarda los datos en su enorme memoria interna. A continuaci\u00f3n , puede acompasar los datos de forma generalizada a trav\u00e9s de USB o moviendo temporalmente el dispositivo a una localizaci\u00f3n con WiFi.","og_url":"https:\/\/abaa.mx\/tienda\/termohigrometro-industrial-ubibot-gs1-ethernet-wifi-24-ghz-ubi-gs1aeth1rs\/","og_site_name":"Abaa tienda online","article_modified_time":"2023-11-16T17:18:22+00:00","og_image":[{"width":469,"height":432,"url":"https:\/\/abaa.mx\/tienda\/wp-content\/uploads\/2023\/11\/UBI-GS1AETH1RS.jpg","type":"image\/jpeg"}],"twitter_card":"summary_large_image","twitter_misc":{"Tiempo de lectura":"1 minuto"},"schema":{"@context":"https:\/\/schema.org","@graph":[{"@type":"WebPage","@id":"https:\/\/abaa.mx\/tienda\/termohigrometro-industrial-ubibot-gs1-ethernet-wifi-24-ghz-ubi-gs1aeth1rs\/","url":"https:\/\/abaa.mx\/tienda\/termohigrometro-industrial-ubibot-gs1-ethernet-wifi-24-ghz-ubi-gs1aeth1rs\/","name":"Termohigr\u00f3metro Industrial Ubibot GS1 Ethernet Wifi 2,4 GHz Ubi - GS1AETH1RS - Abaa tienda online","isPartOf":{"@id":"https:\/\/abaa.mx\/tienda\/#website"},"primaryImageOfPage":{"@id":"https:\/\/abaa.mx\/tienda\/termohigrometro-industrial-ubibot-gs1-ethernet-wifi-24-ghz-ubi-gs1aeth1rs\/#primaryimage"},"image":{"@id":"https:\/\/abaa.mx\/tienda\/termohigrometro-industrial-ubibot-gs1-ethernet-wifi-24-ghz-ubi-gs1aeth1rs\/#primaryimage"},"thumbnailUrl":"https:\/\/abaa.mx\/tienda\/wp-content\/uploads\/2023\/11\/UBI-GS1AETH1RS.jpg","datePublished":"2023-11-16T17:18:21+00:00","dateModified":"2023-11-16T17:18:22+00:00","breadcrumb":{"@id":"https:\/\/abaa.mx\/tienda\/termohigrometro-industrial-ubibot-gs1-ethernet-wifi-24-ghz-ubi-gs1aeth1rs\/#breadcrumb"},"inLanguage":"es","potentialAction":[{"@type":"ReadAction","target":["https:\/\/abaa.mx\/tienda\/termohigrometro-industrial-ubibot-gs1-ethernet-wifi-24-ghz-ubi-gs1aeth1rs\/"]}]},{"@type":"ImageObject","inLanguage":"es","@id":"https:\/\/abaa.mx\/tienda\/termohigrometro-industrial-ubibot-gs1-ethernet-wifi-24-ghz-ubi-gs1aeth1rs\/#primaryimage","url":"https:\/\/abaa.mx\/tienda\/wp-content\/uploads\/2023\/11\/UBI-GS1AETH1RS.jpg","contentUrl":"https:\/\/abaa.mx\/tienda\/wp-content\/uploads\/2023\/11\/UBI-GS1AETH1RS.jpg","width":469,"height":432,"caption":"UBI-GS1AETH1RS"},{"@type":"BreadcrumbList","@id":"https:\/\/abaa.mx\/tienda\/termohigrometro-industrial-ubibot-gs1-ethernet-wifi-24-ghz-ubi-gs1aeth1rs\/#breadcrumb","itemListElement":[{"@type":"ListItem","position":1,"name":"Inicio","item":"https:\/\/abaa.mx\/tienda\/"},{"@type":"ListItem","position":2,"name":"Tienda","item":"https:\/\/abaa.mx\/tienda\/"},{"@type":"ListItem","position":3,"name":"Termohigr\u00f3metro Industrial Ubibot GS1 Ethernet Wifi 2,4 GHz Ubi &#8211; GS1AETH1RS"}]},{"@type":"WebSite","@id":"https:\/\/abaa.mx\/tienda\/#website","url":"https:\/\/abaa.mx\/tienda\/","name":"Abaa tienda online","description":"Instrumentos de medici\u00f3n","publisher":{"@id":"https:\/\/abaa.mx\/tienda\/#organization"},"potentialAction":[{"@type":"SearchAction","target":{"@type":"EntryPoint","urlTemplate":"https:\/\/abaa.mx\/tienda\/?s={search_term_string}"},"query-input":{"@type":"PropertyValueSpecification","valueRequired":true,"valueName":"search_term_string"}}],"inLanguage":"es"},{"@type":"Organization","@id":"https:\/\/abaa.mx\/tienda\/#organization","name":"Abaa tienda online","url":"https:\/\/abaa.mx\/tienda\/","logo":{"@type":"ImageObject","inLanguage":"es","@id":"https:\/\/abaa.mx\/tienda\/#\/schema\/logo\/image\/","url":"https:\/\/abaa.mx\/tienda\/wp-content\/uploads\/2024\/01\/abaa-metrologia-tienda.png","contentUrl":"https:\/\/abaa.mx\/tienda\/wp-content\/uploads\/2024\/01\/abaa-metrologia-tienda.png","width":300,"height":141,"caption":"Abaa tienda online"},"image":{"@id":"https:\/\/abaa.mx\/tienda\/#\/schema\/logo\/image\/"}}]}},"_links":{"self":[{"href":"https:\/\/abaa.mx\/tienda\/wp-json\/wp\/v2\/product\/8989","targetHints":{"allow":["GET"]}}],"collection":[{"href":"https:\/\/abaa.mx\/tienda\/wp-json\/wp\/v2\/product"}],"about":[{"href":"https:\/\/abaa.mx\/tienda\/wp-json\/wp\/v2\/types\/product"}],"replies":[{"embeddable":true,"href":"https:\/\/abaa.mx\/tienda\/wp-json\/wp\/v2\/comments?post=8989"}],"wp:featuredmedia":[{"embeddable":true,"href":"https:\/\/abaa.mx\/tienda\/wp-json\/wp\/v2\/media\/8990"}],"wp:attachment":[{"href":"https:\/\/abaa.mx\/tienda\/wp-json\/wp\/v2\/media?parent=8989"}],"wp:term":[{"taxonomy":"product_brand","embeddable":true,"href":"https:\/\/abaa.mx\/tienda\/wp-json\/wp\/v2\/product_brand?post=8989"},{"taxonomy":"product_cat","embeddable":true,"href":"https:\/\/abaa.mx\/tienda\/wp-json\/wp\/v2\/product_cat?post=8989"},{"taxonomy":"product_tag","embeddable":true,"href":"https:\/\/abaa.mx\/tienda\/wp-json\/wp\/v2\/product_tag?post=8989"}],"curies":[{"name":"wp","href":"https:\/\/api.w.org\/{rel}","templated":true}]}}