{"id":8982,"date":"2023-11-16T17:05:21","date_gmt":"2023-11-16T17:05:21","guid":{"rendered":"https:\/\/abaa.mx\/tienda\/?post_type=product&#038;p=8982"},"modified":"2023-12-04T17:19:17","modified_gmt":"2023-12-04T17:19:17","slug":"mini-datalogger-temperatura-humedad-2-canales-40-a-85c-hioki-lr5001","status":"publish","type":"product","link":"https:\/\/abaa.mx\/tienda\/mini-datalogger-temperatura-humedad-2-canales-40-a-85c-hioki-lr5001\/","title":{"rendered":"Mini Datalogger Temperatura-Humedad 2 Canales, -40 a 85\u00b0C, Hioki &#8211; LR5001"},"content":{"rendered":"<p>Mini Datalogger Temperatura\/Humedad 2 Canales, -40 a 85\u00b0C, Hioki &#8211; LR5001.<\/p>\n","protected":false},"excerpt":{"rendered":"<p>Los registradores de datos compactos de 1 o 2 canales Hioki tiene un grupo de datos de 60,000 \/ memoria de canal para medir se\u00f1ales de temperatura, humedad, voltaje o instrumentaci\u00f3n. El LR5001 registra la temperatura y la humedad en 2 canales en intervalos de 1 segundo.<\/p>\n<p><b>Caracter\u00edsticas principales:<\/b><\/p>\n<ul>\n<li>Monta f\u00e1cilmente los le\u00f1adores livianos y de bolsillo en espacios reducidos.<\/li>\n<li>Nota: La grabaci\u00f3n se interrumpe durante el reemplazo de la bater\u00eda si la bater\u00eda est\u00e1 muy d\u00e9bil. Despu\u00e9s de reemplazar las bater\u00edas, la grabaci\u00f3n se reanuda autom\u00e1ticamente. Los datos grabados previamente no se pierden durante el reemplazo de la bater\u00eda.<\/li>\n<li>La copia de seguridad sin preocupaciones conserva los datos grabados incluso si se inicia una nueva medici\u00f3n por error.<\/li>\n<li>Pantalla doble f\u00e1cil de ver.<\/li>\n<li>Transfiere datos a la PC incluso durante la grabaci\u00f3n.<\/li>\n<li>Reemplace las bater\u00edas mientras graba (l\u00edmite de 30 segundos).<\/li>\n<li>Grabar sin perder fluctuaciones en el modo STAT.<\/li>\n<li>7 veces la capacidad de memoria que el predecesor (registro de 60,000 datos por canal).<\/li>\n<li>Los datos de medici\u00f3n se conservan incluso despu\u00e9s de que la bater\u00eda muere.<\/li>\n<\/ul>\n","protected":false},"featured_media":8984,"comment_status":"open","ping_status":"closed","template":"","meta":{"_joinchat":[]},"product_brand":[],"product_cat":[133],"product_tag":[],"class_list":{"0":"post-8982","1":"product","2":"type-product","3":"status-publish","4":"has-post-thumbnail","6":"product_cat-termohigrometros-digitales","8":"first","9":"instock","10":"shipping-taxable","11":"product-type-simple"},"yoast_head":"<!-- This site is optimized with the Yoast SEO plugin v26.4 - https:\/\/yoast.com\/wordpress\/plugins\/seo\/ -->\n<title>Mini Datalogger Temperatura-Humedad 2 Canales, -40 a 85\u00b0C, Hioki - LR5001 - Abaa tienda online<\/title>\n<meta name=\"robots\" content=\"index, follow, max-snippet:-1, max-image-preview:large, max-video-preview:-1\" \/>\n<link rel=\"canonical\" href=\"https:\/\/abaa.mx\/tienda\/mini-datalogger-temperatura-humedad-2-canales-40-a-85c-hioki-lr5001\/\" \/>\n<meta property=\"og:locale\" content=\"es_MX\" \/>\n<meta property=\"og:type\" content=\"article\" \/>\n<meta property=\"og:title\" content=\"Mini Datalogger Temperatura-Humedad 2 Canales, -40 a 85\u00b0C, Hioki - LR5001 - Abaa tienda online\" \/>\n<meta property=\"og:description\" content=\"Los registradores de datos compactos de 1 o 2 canales Hioki tiene un grupo de datos de 60,000 \/ memoria de canal para medir se\u00f1ales de temperatura, humedad, voltaje o instrumentaci\u00f3n. El LR5001 registra la temperatura y la humedad en 2 canales en intervalos de 1 segundo.  Caracter\u00edsticas principales:   Monta f\u00e1cilmente los le\u00f1adores livianos y de bolsillo en espacios reducidos.  Nota: La grabaci\u00f3n se interrumpe durante el reemplazo de la bater\u00eda si la bater\u00eda est\u00e1 muy d\u00e9bil. Despu\u00e9s de reemplazar las bater\u00edas, la grabaci\u00f3n se reanuda autom\u00e1ticamente. Los datos grabados previamente no se pierden durante el reemplazo de la bater\u00eda.  La copia de seguridad sin preocupaciones conserva los datos grabados incluso si se inicia una nueva medici\u00f3n por error.  Pantalla doble f\u00e1cil de ver.  Transfiere datos a la PC incluso durante la grabaci\u00f3n.  Reemplace las bater\u00edas mientras graba (l\u00edmite de 30 segundos).  Grabar sin perder fluctuaciones en el modo STAT.  7 veces la capacidad de memoria que el predecesor (registro de 60,000 datos por canal).  Los datos de medici\u00f3n se conservan incluso despu\u00e9s de que la bater\u00eda muere.\" \/>\n<meta property=\"og:url\" content=\"https:\/\/abaa.mx\/tienda\/mini-datalogger-temperatura-humedad-2-canales-40-a-85c-hioki-lr5001\/\" \/>\n<meta property=\"og:site_name\" content=\"Abaa tienda online\" \/>\n<meta property=\"article:modified_time\" content=\"2023-12-04T17:19:17+00:00\" \/>\n<meta property=\"og:image\" content=\"https:\/\/abaa.mx\/tienda\/wp-content\/uploads\/2023\/11\/HIOKI-LR5001.jpg\" \/>\n\t<meta property=\"og:image:width\" content=\"440\" \/>\n\t<meta property=\"og:image:height\" content=\"390\" \/>\n\t<meta property=\"og:image:type\" content=\"image\/jpeg\" \/>\n<meta name=\"twitter:card\" content=\"summary_large_image\" \/>\n<meta name=\"twitter:label1\" content=\"Tiempo de lectura\" \/>\n\t<meta name=\"twitter:data1\" content=\"1 minuto\" \/>\n<script type=\"application\/ld+json\" class=\"yoast-schema-graph\">{\"@context\":\"https:\/\/schema.org\",\"@graph\":[{\"@type\":\"WebPage\",\"@id\":\"https:\/\/abaa.mx\/tienda\/mini-datalogger-temperatura-humedad-2-canales-40-a-85c-hioki-lr5001\/\",\"url\":\"https:\/\/abaa.mx\/tienda\/mini-datalogger-temperatura-humedad-2-canales-40-a-85c-hioki-lr5001\/\",\"name\":\"Mini Datalogger Temperatura-Humedad 2 Canales, -40 a 85\u00b0C, Hioki - LR5001 - Abaa tienda online\",\"isPartOf\":{\"@id\":\"https:\/\/abaa.mx\/tienda\/#website\"},\"primaryImageOfPage\":{\"@id\":\"https:\/\/abaa.mx\/tienda\/mini-datalogger-temperatura-humedad-2-canales-40-a-85c-hioki-lr5001\/#primaryimage\"},\"image\":{\"@id\":\"https:\/\/abaa.mx\/tienda\/mini-datalogger-temperatura-humedad-2-canales-40-a-85c-hioki-lr5001\/#primaryimage\"},\"thumbnailUrl\":\"https:\/\/abaa.mx\/tienda\/wp-content\/uploads\/2023\/11\/HIOKI-LR5001.jpg\",\"datePublished\":\"2023-11-16T17:05:21+00:00\",\"dateModified\":\"2023-12-04T17:19:17+00:00\",\"breadcrumb\":{\"@id\":\"https:\/\/abaa.mx\/tienda\/mini-datalogger-temperatura-humedad-2-canales-40-a-85c-hioki-lr5001\/#breadcrumb\"},\"inLanguage\":\"es\",\"potentialAction\":[{\"@type\":\"ReadAction\",\"target\":[\"https:\/\/abaa.mx\/tienda\/mini-datalogger-temperatura-humedad-2-canales-40-a-85c-hioki-lr5001\/\"]}]},{\"@type\":\"ImageObject\",\"inLanguage\":\"es\",\"@id\":\"https:\/\/abaa.mx\/tienda\/mini-datalogger-temperatura-humedad-2-canales-40-a-85c-hioki-lr5001\/#primaryimage\",\"url\":\"https:\/\/abaa.mx\/tienda\/wp-content\/uploads\/2023\/11\/HIOKI-LR5001.jpg\",\"contentUrl\":\"https:\/\/abaa.mx\/tienda\/wp-content\/uploads\/2023\/11\/HIOKI-LR5001.jpg\",\"width\":440,\"height\":390,\"caption\":\"HIOKI-LR5001\"},{\"@type\":\"BreadcrumbList\",\"@id\":\"https:\/\/abaa.mx\/tienda\/mini-datalogger-temperatura-humedad-2-canales-40-a-85c-hioki-lr5001\/#breadcrumb\",\"itemListElement\":[{\"@type\":\"ListItem\",\"position\":1,\"name\":\"Inicio\",\"item\":\"https:\/\/abaa.mx\/tienda\/\"},{\"@type\":\"ListItem\",\"position\":2,\"name\":\"Tienda\",\"item\":\"https:\/\/abaa.mx\/tienda\/\"},{\"@type\":\"ListItem\",\"position\":3,\"name\":\"Mini Datalogger Temperatura-Humedad 2 Canales, -40 a 85\u00b0C, Hioki &#8211; LR5001\"}]},{\"@type\":\"WebSite\",\"@id\":\"https:\/\/abaa.mx\/tienda\/#website\",\"url\":\"https:\/\/abaa.mx\/tienda\/\",\"name\":\"Abaa tienda online\",\"description\":\"Instrumentos de medici\u00f3n\",\"publisher\":{\"@id\":\"https:\/\/abaa.mx\/tienda\/#organization\"},\"potentialAction\":[{\"@type\":\"SearchAction\",\"target\":{\"@type\":\"EntryPoint\",\"urlTemplate\":\"https:\/\/abaa.mx\/tienda\/?s={search_term_string}\"},\"query-input\":{\"@type\":\"PropertyValueSpecification\",\"valueRequired\":true,\"valueName\":\"search_term_string\"}}],\"inLanguage\":\"es\"},{\"@type\":\"Organization\",\"@id\":\"https:\/\/abaa.mx\/tienda\/#organization\",\"name\":\"Abaa tienda online\",\"url\":\"https:\/\/abaa.mx\/tienda\/\",\"logo\":{\"@type\":\"ImageObject\",\"inLanguage\":\"es\",\"@id\":\"https:\/\/abaa.mx\/tienda\/#\/schema\/logo\/image\/\",\"url\":\"https:\/\/abaa.mx\/tienda\/wp-content\/uploads\/2024\/01\/abaa-metrologia-tienda.png\",\"contentUrl\":\"https:\/\/abaa.mx\/tienda\/wp-content\/uploads\/2024\/01\/abaa-metrologia-tienda.png\",\"width\":300,\"height\":141,\"caption\":\"Abaa tienda online\"},\"image\":{\"@id\":\"https:\/\/abaa.mx\/tienda\/#\/schema\/logo\/image\/\"}}]}<\/script>\n<!-- \/ Yoast SEO plugin. -->","yoast_head_json":{"title":"Mini Datalogger Temperatura-Humedad 2 Canales, -40 a 85\u00b0C, Hioki - LR5001 - Abaa tienda online","robots":{"index":"index","follow":"follow","max-snippet":"max-snippet:-1","max-image-preview":"max-image-preview:large","max-video-preview":"max-video-preview:-1"},"canonical":"https:\/\/abaa.mx\/tienda\/mini-datalogger-temperatura-humedad-2-canales-40-a-85c-hioki-lr5001\/","og_locale":"es_MX","og_type":"article","og_title":"Mini Datalogger Temperatura-Humedad 2 Canales, -40 a 85\u00b0C, Hioki - LR5001 - Abaa tienda online","og_description":"Los registradores de datos compactos de 1 o 2 canales Hioki tiene un grupo de datos de 60,000 \/ memoria de canal para medir se\u00f1ales de temperatura, humedad, voltaje o instrumentaci\u00f3n. El LR5001 registra la temperatura y la humedad en 2 canales en intervalos de 1 segundo.  Caracter\u00edsticas principales:   Monta f\u00e1cilmente los le\u00f1adores livianos y de bolsillo en espacios reducidos.  Nota: La grabaci\u00f3n se interrumpe durante el reemplazo de la bater\u00eda si la bater\u00eda est\u00e1 muy d\u00e9bil. Despu\u00e9s de reemplazar las bater\u00edas, la grabaci\u00f3n se reanuda autom\u00e1ticamente. Los datos grabados previamente no se pierden durante el reemplazo de la bater\u00eda.  La copia de seguridad sin preocupaciones conserva los datos grabados incluso si se inicia una nueva medici\u00f3n por error.  Pantalla doble f\u00e1cil de ver.  Transfiere datos a la PC incluso durante la grabaci\u00f3n.  Reemplace las bater\u00edas mientras graba (l\u00edmite de 30 segundos).  Grabar sin perder fluctuaciones en el modo STAT.  7 veces la capacidad de memoria que el predecesor (registro de 60,000 datos por canal).  Los datos de medici\u00f3n se conservan incluso despu\u00e9s de que la bater\u00eda muere.","og_url":"https:\/\/abaa.mx\/tienda\/mini-datalogger-temperatura-humedad-2-canales-40-a-85c-hioki-lr5001\/","og_site_name":"Abaa tienda online","article_modified_time":"2023-12-04T17:19:17+00:00","og_image":[{"width":440,"height":390,"url":"https:\/\/abaa.mx\/tienda\/wp-content\/uploads\/2023\/11\/HIOKI-LR5001.jpg","type":"image\/jpeg"}],"twitter_card":"summary_large_image","twitter_misc":{"Tiempo de lectura":"1 minuto"},"schema":{"@context":"https:\/\/schema.org","@graph":[{"@type":"WebPage","@id":"https:\/\/abaa.mx\/tienda\/mini-datalogger-temperatura-humedad-2-canales-40-a-85c-hioki-lr5001\/","url":"https:\/\/abaa.mx\/tienda\/mini-datalogger-temperatura-humedad-2-canales-40-a-85c-hioki-lr5001\/","name":"Mini Datalogger Temperatura-Humedad 2 Canales, -40 a 85\u00b0C, Hioki - LR5001 - Abaa tienda online","isPartOf":{"@id":"https:\/\/abaa.mx\/tienda\/#website"},"primaryImageOfPage":{"@id":"https:\/\/abaa.mx\/tienda\/mini-datalogger-temperatura-humedad-2-canales-40-a-85c-hioki-lr5001\/#primaryimage"},"image":{"@id":"https:\/\/abaa.mx\/tienda\/mini-datalogger-temperatura-humedad-2-canales-40-a-85c-hioki-lr5001\/#primaryimage"},"thumbnailUrl":"https:\/\/abaa.mx\/tienda\/wp-content\/uploads\/2023\/11\/HIOKI-LR5001.jpg","datePublished":"2023-11-16T17:05:21+00:00","dateModified":"2023-12-04T17:19:17+00:00","breadcrumb":{"@id":"https:\/\/abaa.mx\/tienda\/mini-datalogger-temperatura-humedad-2-canales-40-a-85c-hioki-lr5001\/#breadcrumb"},"inLanguage":"es","potentialAction":[{"@type":"ReadAction","target":["https:\/\/abaa.mx\/tienda\/mini-datalogger-temperatura-humedad-2-canales-40-a-85c-hioki-lr5001\/"]}]},{"@type":"ImageObject","inLanguage":"es","@id":"https:\/\/abaa.mx\/tienda\/mini-datalogger-temperatura-humedad-2-canales-40-a-85c-hioki-lr5001\/#primaryimage","url":"https:\/\/abaa.mx\/tienda\/wp-content\/uploads\/2023\/11\/HIOKI-LR5001.jpg","contentUrl":"https:\/\/abaa.mx\/tienda\/wp-content\/uploads\/2023\/11\/HIOKI-LR5001.jpg","width":440,"height":390,"caption":"HIOKI-LR5001"},{"@type":"BreadcrumbList","@id":"https:\/\/abaa.mx\/tienda\/mini-datalogger-temperatura-humedad-2-canales-40-a-85c-hioki-lr5001\/#breadcrumb","itemListElement":[{"@type":"ListItem","position":1,"name":"Inicio","item":"https:\/\/abaa.mx\/tienda\/"},{"@type":"ListItem","position":2,"name":"Tienda","item":"https:\/\/abaa.mx\/tienda\/"},{"@type":"ListItem","position":3,"name":"Mini Datalogger Temperatura-Humedad 2 Canales, -40 a 85\u00b0C, Hioki &#8211; LR5001"}]},{"@type":"WebSite","@id":"https:\/\/abaa.mx\/tienda\/#website","url":"https:\/\/abaa.mx\/tienda\/","name":"Abaa tienda online","description":"Instrumentos de medici\u00f3n","publisher":{"@id":"https:\/\/abaa.mx\/tienda\/#organization"},"potentialAction":[{"@type":"SearchAction","target":{"@type":"EntryPoint","urlTemplate":"https:\/\/abaa.mx\/tienda\/?s={search_term_string}"},"query-input":{"@type":"PropertyValueSpecification","valueRequired":true,"valueName":"search_term_string"}}],"inLanguage":"es"},{"@type":"Organization","@id":"https:\/\/abaa.mx\/tienda\/#organization","name":"Abaa tienda online","url":"https:\/\/abaa.mx\/tienda\/","logo":{"@type":"ImageObject","inLanguage":"es","@id":"https:\/\/abaa.mx\/tienda\/#\/schema\/logo\/image\/","url":"https:\/\/abaa.mx\/tienda\/wp-content\/uploads\/2024\/01\/abaa-metrologia-tienda.png","contentUrl":"https:\/\/abaa.mx\/tienda\/wp-content\/uploads\/2024\/01\/abaa-metrologia-tienda.png","width":300,"height":141,"caption":"Abaa tienda online"},"image":{"@id":"https:\/\/abaa.mx\/tienda\/#\/schema\/logo\/image\/"}}]}},"_links":{"self":[{"href":"https:\/\/abaa.mx\/tienda\/wp-json\/wp\/v2\/product\/8982","targetHints":{"allow":["GET"]}}],"collection":[{"href":"https:\/\/abaa.mx\/tienda\/wp-json\/wp\/v2\/product"}],"about":[{"href":"https:\/\/abaa.mx\/tienda\/wp-json\/wp\/v2\/types\/product"}],"replies":[{"embeddable":true,"href":"https:\/\/abaa.mx\/tienda\/wp-json\/wp\/v2\/comments?post=8982"}],"wp:featuredmedia":[{"embeddable":true,"href":"https:\/\/abaa.mx\/tienda\/wp-json\/wp\/v2\/media\/8984"}],"wp:attachment":[{"href":"https:\/\/abaa.mx\/tienda\/wp-json\/wp\/v2\/media?parent=8982"}],"wp:term":[{"taxonomy":"product_brand","embeddable":true,"href":"https:\/\/abaa.mx\/tienda\/wp-json\/wp\/v2\/product_brand?post=8982"},{"taxonomy":"product_cat","embeddable":true,"href":"https:\/\/abaa.mx\/tienda\/wp-json\/wp\/v2\/product_cat?post=8982"},{"taxonomy":"product_tag","embeddable":true,"href":"https:\/\/abaa.mx\/tienda\/wp-json\/wp\/v2\/product_tag?post=8982"}],"curies":[{"name":"wp","href":"https:\/\/api.w.org\/{rel}","templated":true}]}}