{"id":8978,"date":"2023-11-16T16:57:08","date_gmt":"2023-11-16T16:57:08","guid":{"rendered":"https:\/\/abaa.mx\/tienda\/?post_type=product&#038;p=8978"},"modified":"2023-11-16T16:57:09","modified_gmt":"2023-11-16T16:57:09","slug":"termohigrometro-data-logger-dt171","status":"publish","type":"product","link":"https:\/\/abaa.mx\/tienda\/termohigrometro-data-logger-dt171\/","title":{"rendered":"Termohigr\u00f3metro Data-Logger &#8211; DT171"},"content":{"rendered":"<p>Termohigr\u00f3metro Data-Logger &#8211; DT171.<\/p>\n","protected":false},"excerpt":{"rendered":"<p><b>Caracter\u00edsticas:<\/b> Memoria para 16,000 lecturas de Temperatura y humedad.Intervalo de registro de datos seleccionable 2s, 5s, 10s, 30s, 1m, 5m, 10m, 30m, 1hr, 2hr, 3hr, 6hr, 12hr, 24hr. Despliega toda la informaci\u00f3n de estado con dos indicadores LED. Descargue los datos colectados directamente a una PC a trav\u00e9s de su interface USB. La alarma se activa si los valores exceden limites definidos por el usuario. Utilice el software de an\u00e1lisis para visualizar graficas de los valores capturados. Puede instalar soporte en pared para ubicarlo en el \u00e1rea de su preferencia.<\/p>\n<p><b>Especificaciones:<\/b><\/p>\n<ul>\n<li>Rango de Medici\u00f3n:0-100% Humedad Relativa, Temperatura de -40 a 70 \u00b0C.<\/li>\n<li>Precisi\u00f3n:\u00b1 2% HR, \u00b1 1\u00b0C.<\/li>\n<li>Resoluci\u00f3n:0.1% de humedad relativa, 0.1 \u00b0C.<\/li>\n<li>Memoria:32000 (16000 para la temperatura y el resto de humedad).<\/li>\n<li>Intervalos de Medici\u00f3n:desde 1 segundo hasta 2horas.<\/li>\n<li>Software de an\u00e1lisis:compatible con Windows 98\/2000\/XP.<\/li>\n<li>Dimensiones:(Alto x Ancho x Espesor):130mm x 30mm x 25mm.<\/li>\n<li>Peso:20 gramos.<\/li>\n<li>Garant\u00eda:1 ano.<\/li>\n<\/ul>\n","protected":false},"featured_media":8979,"comment_status":"open","ping_status":"closed","template":"","meta":{"_joinchat":[]},"product_brand":[],"product_cat":[133],"product_tag":[],"class_list":{"0":"post-8978","1":"product","2":"type-product","3":"status-publish","4":"has-post-thumbnail","6":"product_cat-termohigrometros-digitales","8":"first","9":"instock","10":"shipping-taxable","11":"product-type-simple"},"yoast_head":"<!-- This site is optimized with the Yoast SEO plugin v26.4 - https:\/\/yoast.com\/wordpress\/plugins\/seo\/ -->\n<title>Termohigr\u00f3metro Data-Logger - DT171 - Abaa tienda online<\/title>\n<meta name=\"robots\" content=\"index, follow, max-snippet:-1, max-image-preview:large, max-video-preview:-1\" \/>\n<link rel=\"canonical\" href=\"https:\/\/abaa.mx\/tienda\/termohigrometro-data-logger-dt171\/\" \/>\n<meta property=\"og:locale\" content=\"es_MX\" \/>\n<meta property=\"og:type\" content=\"article\" \/>\n<meta property=\"og:title\" content=\"Termohigr\u00f3metro Data-Logger - DT171 - Abaa tienda online\" \/>\n<meta property=\"og:description\" content=\"Caracter\u00edsticas: Memoria para 16,000 lecturas de Temperatura y humedad.Intervalo de registro de datos seleccionable 2s, 5s, 10s, 30s, 1m, 5m, 10m, 30m, 1hr, 2hr, 3hr, 6hr, 12hr, 24hr. Despliega toda la informaci\u00f3n de estado con dos indicadores LED. Descargue los datos colectados directamente a una PC a trav\u00e9s de su interface USB. La alarma se activa si los valores exceden limites definidos por el usuario. Utilice el software de an\u00e1lisis para visualizar graficas de los valores capturados. Puede instalar soporte en pared para ubicarlo en el \u00e1rea de su preferencia.  Especificaciones:   Rango de Medici\u00f3n:0-100% Humedad Relativa, Temperatura de -40 a 70 \u00b0C.  Precisi\u00f3n:\u00b1 2% HR, \u00b1 1\u00b0C.  Resoluci\u00f3n:0.1% de humedad relativa, 0.1 \u00b0C.  Memoria:32000 (16000 para la temperatura y el resto de humedad).  Intervalos de Medici\u00f3n:desde 1 segundo hasta 2horas.  Software de an\u00e1lisis:compatible con Windows 98\/2000\/XP.  Dimensiones:(Alto x Ancho x Espesor):130mm x 30mm x 25mm.  Peso:20 gramos.  Garant\u00eda:1 ano.\" \/>\n<meta property=\"og:url\" content=\"https:\/\/abaa.mx\/tienda\/termohigrometro-data-logger-dt171\/\" \/>\n<meta property=\"og:site_name\" content=\"Abaa tienda online\" \/>\n<meta property=\"article:modified_time\" content=\"2023-11-16T16:57:09+00:00\" \/>\n<meta property=\"og:image\" content=\"https:\/\/abaa.mx\/tienda\/wp-content\/uploads\/2023\/11\/CEM-METER-DT171.jpg\" \/>\n\t<meta property=\"og:image:width\" content=\"463\" \/>\n\t<meta property=\"og:image:height\" content=\"362\" \/>\n\t<meta property=\"og:image:type\" content=\"image\/jpeg\" \/>\n<meta name=\"twitter:card\" content=\"summary_large_image\" \/>\n<meta name=\"twitter:label1\" content=\"Tiempo de lectura\" \/>\n\t<meta name=\"twitter:data1\" content=\"1 minuto\" \/>\n<script type=\"application\/ld+json\" class=\"yoast-schema-graph\">{\"@context\":\"https:\/\/schema.org\",\"@graph\":[{\"@type\":\"WebPage\",\"@id\":\"https:\/\/abaa.mx\/tienda\/termohigrometro-data-logger-dt171\/\",\"url\":\"https:\/\/abaa.mx\/tienda\/termohigrometro-data-logger-dt171\/\",\"name\":\"Termohigr\u00f3metro Data-Logger - DT171 - Abaa tienda online\",\"isPartOf\":{\"@id\":\"https:\/\/abaa.mx\/tienda\/#website\"},\"primaryImageOfPage\":{\"@id\":\"https:\/\/abaa.mx\/tienda\/termohigrometro-data-logger-dt171\/#primaryimage\"},\"image\":{\"@id\":\"https:\/\/abaa.mx\/tienda\/termohigrometro-data-logger-dt171\/#primaryimage\"},\"thumbnailUrl\":\"https:\/\/abaa.mx\/tienda\/wp-content\/uploads\/2023\/11\/CEM-METER-DT171.jpg\",\"datePublished\":\"2023-11-16T16:57:08+00:00\",\"dateModified\":\"2023-11-16T16:57:09+00:00\",\"breadcrumb\":{\"@id\":\"https:\/\/abaa.mx\/tienda\/termohigrometro-data-logger-dt171\/#breadcrumb\"},\"inLanguage\":\"es\",\"potentialAction\":[{\"@type\":\"ReadAction\",\"target\":[\"https:\/\/abaa.mx\/tienda\/termohigrometro-data-logger-dt171\/\"]}]},{\"@type\":\"ImageObject\",\"inLanguage\":\"es\",\"@id\":\"https:\/\/abaa.mx\/tienda\/termohigrometro-data-logger-dt171\/#primaryimage\",\"url\":\"https:\/\/abaa.mx\/tienda\/wp-content\/uploads\/2023\/11\/CEM-METER-DT171.jpg\",\"contentUrl\":\"https:\/\/abaa.mx\/tienda\/wp-content\/uploads\/2023\/11\/CEM-METER-DT171.jpg\",\"width\":463,\"height\":362,\"caption\":\"CEM-METER-DT171\"},{\"@type\":\"BreadcrumbList\",\"@id\":\"https:\/\/abaa.mx\/tienda\/termohigrometro-data-logger-dt171\/#breadcrumb\",\"itemListElement\":[{\"@type\":\"ListItem\",\"position\":1,\"name\":\"Inicio\",\"item\":\"https:\/\/abaa.mx\/tienda\/\"},{\"@type\":\"ListItem\",\"position\":2,\"name\":\"Tienda\",\"item\":\"https:\/\/abaa.mx\/tienda\/\"},{\"@type\":\"ListItem\",\"position\":3,\"name\":\"Termohigr\u00f3metro Data-Logger &#8211; DT171\"}]},{\"@type\":\"WebSite\",\"@id\":\"https:\/\/abaa.mx\/tienda\/#website\",\"url\":\"https:\/\/abaa.mx\/tienda\/\",\"name\":\"Abaa tienda online\",\"description\":\"Instrumentos de medici\u00f3n\",\"publisher\":{\"@id\":\"https:\/\/abaa.mx\/tienda\/#organization\"},\"potentialAction\":[{\"@type\":\"SearchAction\",\"target\":{\"@type\":\"EntryPoint\",\"urlTemplate\":\"https:\/\/abaa.mx\/tienda\/?s={search_term_string}\"},\"query-input\":{\"@type\":\"PropertyValueSpecification\",\"valueRequired\":true,\"valueName\":\"search_term_string\"}}],\"inLanguage\":\"es\"},{\"@type\":\"Organization\",\"@id\":\"https:\/\/abaa.mx\/tienda\/#organization\",\"name\":\"Abaa tienda online\",\"url\":\"https:\/\/abaa.mx\/tienda\/\",\"logo\":{\"@type\":\"ImageObject\",\"inLanguage\":\"es\",\"@id\":\"https:\/\/abaa.mx\/tienda\/#\/schema\/logo\/image\/\",\"url\":\"https:\/\/abaa.mx\/tienda\/wp-content\/uploads\/2024\/01\/abaa-metrologia-tienda.png\",\"contentUrl\":\"https:\/\/abaa.mx\/tienda\/wp-content\/uploads\/2024\/01\/abaa-metrologia-tienda.png\",\"width\":300,\"height\":141,\"caption\":\"Abaa tienda online\"},\"image\":{\"@id\":\"https:\/\/abaa.mx\/tienda\/#\/schema\/logo\/image\/\"}}]}<\/script>\n<!-- \/ Yoast SEO plugin. -->","yoast_head_json":{"title":"Termohigr\u00f3metro Data-Logger - DT171 - Abaa tienda online","robots":{"index":"index","follow":"follow","max-snippet":"max-snippet:-1","max-image-preview":"max-image-preview:large","max-video-preview":"max-video-preview:-1"},"canonical":"https:\/\/abaa.mx\/tienda\/termohigrometro-data-logger-dt171\/","og_locale":"es_MX","og_type":"article","og_title":"Termohigr\u00f3metro Data-Logger - DT171 - Abaa tienda online","og_description":"Caracter\u00edsticas: Memoria para 16,000 lecturas de Temperatura y humedad.Intervalo de registro de datos seleccionable 2s, 5s, 10s, 30s, 1m, 5m, 10m, 30m, 1hr, 2hr, 3hr, 6hr, 12hr, 24hr. Despliega toda la informaci\u00f3n de estado con dos indicadores LED. Descargue los datos colectados directamente a una PC a trav\u00e9s de su interface USB. La alarma se activa si los valores exceden limites definidos por el usuario. Utilice el software de an\u00e1lisis para visualizar graficas de los valores capturados. Puede instalar soporte en pared para ubicarlo en el \u00e1rea de su preferencia.  Especificaciones:   Rango de Medici\u00f3n:0-100% Humedad Relativa, Temperatura de -40 a 70 \u00b0C.  Precisi\u00f3n:\u00b1 2% HR, \u00b1 1\u00b0C.  Resoluci\u00f3n:0.1% de humedad relativa, 0.1 \u00b0C.  Memoria:32000 (16000 para la temperatura y el resto de humedad).  Intervalos de Medici\u00f3n:desde 1 segundo hasta 2horas.  Software de an\u00e1lisis:compatible con Windows 98\/2000\/XP.  Dimensiones:(Alto x Ancho x Espesor):130mm x 30mm x 25mm.  Peso:20 gramos.  Garant\u00eda:1 ano.","og_url":"https:\/\/abaa.mx\/tienda\/termohigrometro-data-logger-dt171\/","og_site_name":"Abaa tienda online","article_modified_time":"2023-11-16T16:57:09+00:00","og_image":[{"width":463,"height":362,"url":"https:\/\/abaa.mx\/tienda\/wp-content\/uploads\/2023\/11\/CEM-METER-DT171.jpg","type":"image\/jpeg"}],"twitter_card":"summary_large_image","twitter_misc":{"Tiempo de lectura":"1 minuto"},"schema":{"@context":"https:\/\/schema.org","@graph":[{"@type":"WebPage","@id":"https:\/\/abaa.mx\/tienda\/termohigrometro-data-logger-dt171\/","url":"https:\/\/abaa.mx\/tienda\/termohigrometro-data-logger-dt171\/","name":"Termohigr\u00f3metro Data-Logger - DT171 - Abaa tienda online","isPartOf":{"@id":"https:\/\/abaa.mx\/tienda\/#website"},"primaryImageOfPage":{"@id":"https:\/\/abaa.mx\/tienda\/termohigrometro-data-logger-dt171\/#primaryimage"},"image":{"@id":"https:\/\/abaa.mx\/tienda\/termohigrometro-data-logger-dt171\/#primaryimage"},"thumbnailUrl":"https:\/\/abaa.mx\/tienda\/wp-content\/uploads\/2023\/11\/CEM-METER-DT171.jpg","datePublished":"2023-11-16T16:57:08+00:00","dateModified":"2023-11-16T16:57:09+00:00","breadcrumb":{"@id":"https:\/\/abaa.mx\/tienda\/termohigrometro-data-logger-dt171\/#breadcrumb"},"inLanguage":"es","potentialAction":[{"@type":"ReadAction","target":["https:\/\/abaa.mx\/tienda\/termohigrometro-data-logger-dt171\/"]}]},{"@type":"ImageObject","inLanguage":"es","@id":"https:\/\/abaa.mx\/tienda\/termohigrometro-data-logger-dt171\/#primaryimage","url":"https:\/\/abaa.mx\/tienda\/wp-content\/uploads\/2023\/11\/CEM-METER-DT171.jpg","contentUrl":"https:\/\/abaa.mx\/tienda\/wp-content\/uploads\/2023\/11\/CEM-METER-DT171.jpg","width":463,"height":362,"caption":"CEM-METER-DT171"},{"@type":"BreadcrumbList","@id":"https:\/\/abaa.mx\/tienda\/termohigrometro-data-logger-dt171\/#breadcrumb","itemListElement":[{"@type":"ListItem","position":1,"name":"Inicio","item":"https:\/\/abaa.mx\/tienda\/"},{"@type":"ListItem","position":2,"name":"Tienda","item":"https:\/\/abaa.mx\/tienda\/"},{"@type":"ListItem","position":3,"name":"Termohigr\u00f3metro Data-Logger &#8211; DT171"}]},{"@type":"WebSite","@id":"https:\/\/abaa.mx\/tienda\/#website","url":"https:\/\/abaa.mx\/tienda\/","name":"Abaa tienda online","description":"Instrumentos de medici\u00f3n","publisher":{"@id":"https:\/\/abaa.mx\/tienda\/#organization"},"potentialAction":[{"@type":"SearchAction","target":{"@type":"EntryPoint","urlTemplate":"https:\/\/abaa.mx\/tienda\/?s={search_term_string}"},"query-input":{"@type":"PropertyValueSpecification","valueRequired":true,"valueName":"search_term_string"}}],"inLanguage":"es"},{"@type":"Organization","@id":"https:\/\/abaa.mx\/tienda\/#organization","name":"Abaa tienda online","url":"https:\/\/abaa.mx\/tienda\/","logo":{"@type":"ImageObject","inLanguage":"es","@id":"https:\/\/abaa.mx\/tienda\/#\/schema\/logo\/image\/","url":"https:\/\/abaa.mx\/tienda\/wp-content\/uploads\/2024\/01\/abaa-metrologia-tienda.png","contentUrl":"https:\/\/abaa.mx\/tienda\/wp-content\/uploads\/2024\/01\/abaa-metrologia-tienda.png","width":300,"height":141,"caption":"Abaa tienda online"},"image":{"@id":"https:\/\/abaa.mx\/tienda\/#\/schema\/logo\/image\/"}}]}},"_links":{"self":[{"href":"https:\/\/abaa.mx\/tienda\/wp-json\/wp\/v2\/product\/8978","targetHints":{"allow":["GET"]}}],"collection":[{"href":"https:\/\/abaa.mx\/tienda\/wp-json\/wp\/v2\/product"}],"about":[{"href":"https:\/\/abaa.mx\/tienda\/wp-json\/wp\/v2\/types\/product"}],"replies":[{"embeddable":true,"href":"https:\/\/abaa.mx\/tienda\/wp-json\/wp\/v2\/comments?post=8978"}],"wp:featuredmedia":[{"embeddable":true,"href":"https:\/\/abaa.mx\/tienda\/wp-json\/wp\/v2\/media\/8979"}],"wp:attachment":[{"href":"https:\/\/abaa.mx\/tienda\/wp-json\/wp\/v2\/media?parent=8978"}],"wp:term":[{"taxonomy":"product_brand","embeddable":true,"href":"https:\/\/abaa.mx\/tienda\/wp-json\/wp\/v2\/product_brand?post=8978"},{"taxonomy":"product_cat","embeddable":true,"href":"https:\/\/abaa.mx\/tienda\/wp-json\/wp\/v2\/product_cat?post=8978"},{"taxonomy":"product_tag","embeddable":true,"href":"https:\/\/abaa.mx\/tienda\/wp-json\/wp\/v2\/product_tag?post=8978"}],"curies":[{"name":"wp","href":"https:\/\/api.w.org\/{rel}","templated":true}]}}