{"id":8970,"date":"2023-11-16T16:45:26","date_gmt":"2023-11-16T16:45:26","guid":{"rendered":"https:\/\/abaa.mx\/tienda\/?post_type=product&#038;p=8970"},"modified":"2023-11-16T16:45:26","modified_gmt":"2023-11-16T16:45:26","slug":"termohigrometro-condiciones-termicas-abatidas-usb-tenmars-tm188d","status":"publish","type":"product","link":"https:\/\/abaa.mx\/tienda\/termohigrometro-condiciones-termicas-abatidas-usb-tenmars-tm188d\/","title":{"rendered":"Termohigrometro condiciones t\u00e9rmicas abatidas USB, Tenmars &#8211; TM188D"},"content":{"rendered":"<p>Termohigrometro condiciones t\u00e9rmicas abatidas USB, Tenmars &#8211; TM188D.<\/p>\n","protected":false},"excerpt":{"rendered":"<ul>\n<li>M\u00e1x\/Min y retenci\u00f3n de datos.<\/li>\n<li>ISO7243: ambientes calientes. Estimaci\u00f3n del estr\u00e9s por calor en el hombre trabajador.<\/li>\n<li>ISO7726: Ergonom\u00eda del entorno t\u00e9rmico-instrumentos para medir magnitudes f\u00edsicas.<\/li>\n<li>Cambie la unidad de temperatura a ? o ?.<\/li>\n<li>Bola de lat\u00f3n negra de 50 mm de di\u00e1metro.<\/li>\n<li>Indicaci\u00f3n de bater\u00eda baja.<\/li>\n<li>Visualizaci\u00f3n de registros de datos.<\/li>\n<li>OSHA: Administraci\u00f3n de Seguridad y Salud Ocupacional.<\/li>\n<li>JISHA: Asociaci\u00f3n de Seguridad y Salud Industrial de Jap\u00f3n.<\/li>\n<li>Capacidad de registro de datos: 12000 registros, interfaz serial USB PC (TM-188D).<\/li>\n<li>Ajuste de alarma WBGT.<\/li>\n<li>Sensor de capacidad de respuesta r\u00e1pida, medici\u00f3n precisa de la temperatura del globo del bulbo h\u00famedo (WBGT), temperatura del globo negro (TG), humedad (% RH), temperatura del aire (TA), bulbo h\u00famedo (WET) y punto de roc\u00edo (DEW).<\/li>\n<li>Intervalo de muestreo: m\u00e1ximo 24 horas; Min 1 segundo (TM-188D).<\/li>\n<li>Para medir el \u00edndice WBGT, debe consultar las siguientes regulaciones:<\/li>\n<li>Apagado autom\u00e1tico con funci\u00f3n de desactivaci\u00f3n.<\/li>\n<li>Pantalla LCD con retroiluminaci\u00f3n LED.<\/li>\n<\/ul>\n<div>\n<div><b>Especificaciones el\u00e9ctricas\u00a0\u00a0<\/b>(23 \u2103 \u00b1 5 \u2103)<\/div>\n<\/div>\n<div>\n<div class=\"table-responsive\">\n<div class=\"scrollable-wrapper\">\n<table border=\"1\" cellspacing=\"1\" cellpadding=\"1\">\n<tbody>\n<tr>\n<td colspan=\"5\">\n<div><strong>Temperatura de globo de bulbo h\u00famedo (WBGT)<\/strong><\/div>\n<\/td>\n<\/tr>\n<tr>\n<td colspan=\"2\">\n<div>Unidad<\/div>\n<\/td>\n<td>\n<div>Rango<\/div>\n<\/td>\n<td>\n<div>Resoluci\u00f3n<\/div>\n<\/td>\n<td>\n<div>Exactitud<\/div>\n<div>@15~40\u00a0\u00b0C<\/div>\n<\/td>\n<\/tr>\n<tr>\n<td rowspan=\"2\">\n<div>interior y exterior<br \/>\nsin luz solar<\/div>\n<\/td>\n<td>\n<div>\u00baC<\/div>\n<\/td>\n<td>\n<div>0~59,0<\/div>\n<\/td>\n<td>\n<div>0.1<\/div>\n<\/td>\n<td>\n<div>\u00b11,0<\/div>\n<\/td>\n<\/tr>\n<tr>\n<td>\n<div>\u00b0F<\/div>\n<\/td>\n<td>\n<div>32,0~138,0<\/div>\n<\/td>\n<td>\n<div>0.1<\/div>\n<\/td>\n<td>\n<div>\u00b11,8<\/div>\n<\/td>\n<\/tr>\n<tr>\n<td rowspan=\"2\">\n<div>Exterior Con luz solar<\/div>\n<\/td>\n<td>\n<div>\u00baC<\/div>\n<\/td>\n<td>\n<div>0~56,0<\/div>\n<\/td>\n<td>\n<div>0.1<\/div>\n<\/td>\n<td>\n<div>\u00b11,5<\/div>\n<\/td>\n<\/tr>\n<tr>\n<td>\n<div>\u00b0F<\/div>\n<\/td>\n<td>\n<div>32,0~132,0<\/div>\n<\/td>\n<td>\n<div>0.1<\/div>\n<\/td>\n<td>\n<div>\u00b12,7<\/div>\n<\/td>\n<\/tr>\n<tr>\n<td colspan=\"5\">\n<div>\u203binterior y exterior sin luz solar: WBGT = (0.7\u00d7WET)+(0.3\u00d7TG)<\/div>\n<div>Exterior con luz solar: WBGT=(0.7\u00d7WET)+(0.2\u00d7TG)+(0.1\u00d7TA)<\/div>\n<\/td>\n<\/tr>\n<\/tbody>\n<\/table>\n<\/div>\n<div class=\"scrollable-wrapper\">\n<table border=\"1\" cellspacing=\"1\" cellpadding=\"1\">\n<tbody>\n<tr>\n<td colspan=\"4\">\n<div><strong>Temperatura del aire (TA)<\/strong><\/div>\n<\/td>\n<\/tr>\n<tr>\n<td>\n<div>Unidad<\/div>\n<\/td>\n<td>\n<div>Rango<\/div>\n<\/td>\n<td>\n<div>Resoluci\u00f3n<\/div>\n<\/td>\n<td>\n<div>Exactitud<\/div>\n<div>@15~40\u00a0\u00b0C<\/div>\n<\/td>\n<\/tr>\n<tr>\n<td>\n<div>\u00baC<\/div>\n<\/td>\n<td>\n<div>0~50,0<\/div>\n<\/td>\n<td>\n<div>0.1<\/div>\n<\/td>\n<td>\n<div>\u00b10,8<\/div>\n<\/td>\n<\/tr>\n<tr>\n<td>\n<div>\u00b0F<\/div>\n<\/td>\n<td>\n<div>32,0~122,0<\/div>\n<\/td>\n<td>\n<div>0.1<\/div>\n<\/td>\n<td>\n<div>\u00b11,5<\/div>\n<\/td>\n<\/tr>\n<\/tbody>\n<\/table>\n<\/div>\n<div class=\"scrollable-wrapper\">\n<table border=\"1\" cellspacing=\"1\" cellpadding=\"1\">\n<tbody>\n<tr>\n<td colspan=\"4\">\n<div><strong>Temperatura del globo negro (TG)<\/strong><\/div>\n<\/td>\n<\/tr>\n<tr>\n<td>\n<div>Unidad<\/div>\n<\/td>\n<td>\n<div>Rango<\/div>\n<\/td>\n<td>\n<div>Resoluci\u00f3n<\/div>\n<\/td>\n<td>\n<div>Exactitud<\/div>\n<div>@15~40\u00a0\u00b0C<\/div>\n<\/td>\n<\/tr>\n<tr>\n<td>\n<div>\u00baC<\/div>\n<\/td>\n<td>\n<div>0~80.0<\/div>\n<\/td>\n<td>\n<div>0.1<\/div>\n<\/td>\n<td>\n<div>\u00b10,6<\/div>\n<\/td>\n<\/tr>\n<tr>\n<td>\n<div>\u00b0F<\/div>\n<\/td>\n<td>\n<div>32,0~176,0<\/div>\n<\/td>\n<td>\n<div>0.1<\/div>\n<\/td>\n<td>\n<div>\u00b11,1<\/div>\n<\/td>\n<\/tr>\n<\/tbody>\n<\/table>\n<\/div>\n<div class=\"scrollable-wrapper\">\n<table border=\"1\" cellspacing=\"1\" cellpadding=\"1\">\n<tbody>\n<tr>\n<td colspan=\"2\">\n<div><strong>Humedad relativa (%HR)<\/strong><\/div>\n<\/td>\n<\/tr>\n<tr>\n<td>\n<div>\u00a0Rango de medicion<\/div>\n<\/td>\n<td>\n<div>\u00a01%~99%<\/div>\n<\/td>\n<\/tr>\n<tr>\n<td>\n<div>\u00a0Exactitud<\/div>\n<\/td>\n<td>\n<div>\u00a0\u00b13,0 % HR (20~80 %)\u00a0a 25\u00a0\u00b0C<\/div>\n<div>\u00a0\u00b15,0 %HR(&lt;20 %,&gt;80 %)\u00a0\u00a0a 25\u00a0\u00b0C<\/div>\n<\/td>\n<\/tr>\n<tr>\n<td>\n<div>\u00a0Resoluci\u00f3n<\/div>\n<\/td>\n<td>\n<div>\u00a00,1%<\/div>\n<\/td>\n<\/tr>\n<\/tbody>\n<\/table>\n<\/div>\n<div class=\"scrollable-wrapper\">\n<table border=\"1\" cellspacing=\"1\" cellpadding=\"1\">\n<tbody>\n<tr>\n<td colspan=\"3\">\n<div><strong>Temperatura de punto de roc\u00edo (DEW)<\/strong><\/div>\n<\/td>\n<\/tr>\n<tr>\n<td>\n<div>Unidad<\/div>\n<\/td>\n<td>\n<div>Rango<\/div>\n<\/td>\n<td>\n<div>Resoluci\u00f3n<\/div>\n<\/td>\n<\/tr>\n<tr>\n<td>\n<div>\u00baC<\/div>\n<\/td>\n<td>\n<div>-35,3~48,9<\/div>\n<\/td>\n<td>\n<div>0.1<\/div>\n<\/td>\n<\/tr>\n<tr>\n<td>\n<div>\u00b0F<\/div>\n<\/td>\n<td>\n<div>-31,5~120,1<\/div>\n<\/td>\n<td>\n<div>0.1<\/div>\n<\/td>\n<\/tr>\n<tr>\n<td colspan=\"3\">\n<div>El valor se calcula a partir de la HR y la temperatura del aire.<\/div>\n<\/td>\n<\/tr>\n<\/tbody>\n<\/table>\n<\/div>\n<div class=\"scrollable-wrapper\">\n<table border=\"1\" cellspacing=\"1\" cellpadding=\"1\">\n<tbody>\n<tr>\n<td colspan=\"3\">\n<div><strong>Temperatura de bulbo h\u00famedo (WET)<\/strong><\/div>\n<\/td>\n<\/tr>\n<tr>\n<td>\n<div>Unidad<\/div>\n<\/td>\n<td>\n<div>Rango<\/div>\n<\/td>\n<td>\n<div>Resoluci\u00f3n<\/div>\n<\/td>\n<\/tr>\n<tr>\n<td>\n<div>\u00baC<\/div>\n<\/td>\n<td>\n<div>-21,6~50,0<\/div>\n<\/td>\n<td>\n<div>0.1<\/div>\n<\/td>\n<\/tr>\n<tr>\n<td>\n<div>\u00b0F<\/div>\n<\/td>\n<td>\n<div>-6,9~122,0<\/div>\n<\/td>\n<td>\n<div>0.1<\/div>\n<\/td>\n<\/tr>\n<tr>\n<td colspan=\"3\">\n<div>El valor se calcula a partir de la HR y la temperatura del aire.<\/div>\n<\/td>\n<\/tr>\n<\/tbody>\n<\/table>\n<\/div>\n<\/div>\n<\/div>\n","protected":false},"featured_media":8971,"comment_status":"open","ping_status":"closed","template":"","meta":{"_joinchat":[]},"product_brand":[],"product_cat":[133],"product_tag":[],"class_list":{"0":"post-8970","1":"product","2":"type-product","3":"status-publish","4":"has-post-thumbnail","6":"product_cat-termohigrometros-digitales","8":"first","9":"instock","10":"shipping-taxable","11":"product-type-simple"},"yoast_head":"<!-- This site is optimized with the Yoast SEO plugin v26.4 - https:\/\/yoast.com\/wordpress\/plugins\/seo\/ -->\n<title>Termohigrometro condiciones t\u00e9rmicas abatidas USB, Tenmars - TM188D - Abaa tienda online<\/title>\n<meta name=\"robots\" content=\"index, follow, max-snippet:-1, max-image-preview:large, max-video-preview:-1\" \/>\n<link rel=\"canonical\" href=\"https:\/\/abaa.mx\/tienda\/termohigrometro-condiciones-termicas-abatidas-usb-tenmars-tm188d\/\" \/>\n<meta property=\"og:locale\" content=\"es_MX\" \/>\n<meta property=\"og:type\" content=\"article\" \/>\n<meta property=\"og:title\" content=\"Termohigrometro condiciones t\u00e9rmicas abatidas USB, Tenmars - TM188D - Abaa tienda online\" \/>\n<meta property=\"og:description\" content=\"M\u00e1x\/Min y retenci\u00f3n de datos.  ISO7243: ambientes calientes. Estimaci\u00f3n del estr\u00e9s por calor en el hombre trabajador.  ISO7726: Ergonom\u00eda del entorno t\u00e9rmico-instrumentos para medir magnitudes f\u00edsicas.  Cambie la unidad de temperatura a ? o ?.  Bola de lat\u00f3n negra de 50 mm de di\u00e1metro.  Indicaci\u00f3n de bater\u00eda baja.  Visualizaci\u00f3n de registros de datos.  OSHA: Administraci\u00f3n de Seguridad y Salud Ocupacional.  JISHA: Asociaci\u00f3n de Seguridad y Salud Industrial de Jap\u00f3n.  Capacidad de registro de datos: 12000 registros, interfaz serial USB PC (TM-188D).  Ajuste de alarma WBGT.  Sensor de capacidad de respuesta r\u00e1pida, medici\u00f3n precisa de la temperatura del globo del bulbo h\u00famedo (WBGT), temperatura del globo negro (TG), humedad (% RH), temperatura del aire (TA), bulbo h\u00famedo (WET) y punto de roc\u00edo (DEW).  Intervalo de muestreo: m\u00e1ximo 24 horas; Min 1 segundo (TM-188D).  Para medir el \u00edndice WBGT, debe consultar las siguientes regulaciones:  Apagado autom\u00e1tico con funci\u00f3n de desactivaci\u00f3n.  Pantalla LCD con retroiluminaci\u00f3n LED.   Especificaciones el\u00e9ctricas\u00a0\u00a0(23 \u2103 \u00b1 5 \u2103)         Temperatura de globo de bulbo h\u00famedo (WBGT)    Unidad  Rango  Resoluci\u00f3n  Exactitud @15~40\u00a0\u00b0C    interior y exterior sin luz solar  \u00baC  0~59,0  0.1  \u00b11,0    \u00b0F  32,0~138,0  0.1  \u00b11,8    Exterior Con luz solar  \u00baC  0~56,0  0.1  \u00b11,5    \u00b0F  32,0~132,0  0.1  \u00b12,7    \u203binterior y exterior sin luz solar: WBGT = (0.7\u00d7WET)+(0.3\u00d7TG) Exterior con luz solar: WBGT=(0.7\u00d7WET)+(0.2\u00d7TG)+(0.1\u00d7TA)          Temperatura del aire (TA)    Unidad  Rango  Resoluci\u00f3n  Exactitud @15~40\u00a0\u00b0C    \u00baC  0~50,0  0.1  \u00b10,8    \u00b0F  32,0~122,0  0.1  \u00b11,5          Temperatura del globo negro (TG)    Unidad  Rango  Resoluci\u00f3n  Exactitud @15~40\u00a0\u00b0C    \u00baC  0~80.0  0.1  \u00b10,6    \u00b0F  32,0~176,0  0.1  \u00b11,1          Humedad relativa (%HR)    \u00a0Rango de medicion  \u00a01%~99%    \u00a0Exactitud  \u00a0\u00b13,0 % HR (20~80 %)\u00a0a 25\u00a0\u00b0C \u00a0\u00b15,0 %HR(&lt;20 %,&gt;80 %)\u00a0\u00a0a 25\u00a0\u00b0C    \u00a0Resoluci\u00f3n  \u00a00,1%          Temperatura de punto de roc\u00edo (DEW)    Unidad  Rango  Resoluci\u00f3n    \u00baC  -35,3~48,9  0.1    \u00b0F  -31,5~120,1  0.1    El valor se calcula a partir de la HR y la temperatura del aire.          Temperatura de bulbo h\u00famedo (WET)    Unidad  Rango  Resoluci\u00f3n    \u00baC  -21,6~50,0  0.1    \u00b0F  -6,9~122,0  0.1    El valor se calcula a partir de la HR y la temperatura del aire.\" \/>\n<meta property=\"og:url\" content=\"https:\/\/abaa.mx\/tienda\/termohigrometro-condiciones-termicas-abatidas-usb-tenmars-tm188d\/\" \/>\n<meta property=\"og:site_name\" content=\"Abaa tienda online\" \/>\n<meta property=\"og:image\" content=\"https:\/\/abaa.mx\/tienda\/wp-content\/uploads\/2023\/11\/TENMARS-TM188D.jpg\" \/>\n\t<meta property=\"og:image:width\" content=\"358\" \/>\n\t<meta property=\"og:image:height\" content=\"433\" \/>\n\t<meta property=\"og:image:type\" content=\"image\/jpeg\" \/>\n<meta name=\"twitter:card\" content=\"summary_large_image\" \/>\n<meta name=\"twitter:label1\" content=\"Tiempo de lectura\" \/>\n\t<meta name=\"twitter:data1\" content=\"1 minuto\" \/>\n<script type=\"application\/ld+json\" class=\"yoast-schema-graph\">{\"@context\":\"https:\/\/schema.org\",\"@graph\":[{\"@type\":\"WebPage\",\"@id\":\"https:\/\/abaa.mx\/tienda\/termohigrometro-condiciones-termicas-abatidas-usb-tenmars-tm188d\/\",\"url\":\"https:\/\/abaa.mx\/tienda\/termohigrometro-condiciones-termicas-abatidas-usb-tenmars-tm188d\/\",\"name\":\"Termohigrometro condiciones t\u00e9rmicas abatidas USB, Tenmars - TM188D - Abaa tienda online\",\"isPartOf\":{\"@id\":\"https:\/\/abaa.mx\/tienda\/#website\"},\"primaryImageOfPage\":{\"@id\":\"https:\/\/abaa.mx\/tienda\/termohigrometro-condiciones-termicas-abatidas-usb-tenmars-tm188d\/#primaryimage\"},\"image\":{\"@id\":\"https:\/\/abaa.mx\/tienda\/termohigrometro-condiciones-termicas-abatidas-usb-tenmars-tm188d\/#primaryimage\"},\"thumbnailUrl\":\"https:\/\/abaa.mx\/tienda\/wp-content\/uploads\/2023\/11\/TENMARS-TM188D.jpg\",\"datePublished\":\"2023-11-16T16:45:26+00:00\",\"breadcrumb\":{\"@id\":\"https:\/\/abaa.mx\/tienda\/termohigrometro-condiciones-termicas-abatidas-usb-tenmars-tm188d\/#breadcrumb\"},\"inLanguage\":\"es\",\"potentialAction\":[{\"@type\":\"ReadAction\",\"target\":[\"https:\/\/abaa.mx\/tienda\/termohigrometro-condiciones-termicas-abatidas-usb-tenmars-tm188d\/\"]}]},{\"@type\":\"ImageObject\",\"inLanguage\":\"es\",\"@id\":\"https:\/\/abaa.mx\/tienda\/termohigrometro-condiciones-termicas-abatidas-usb-tenmars-tm188d\/#primaryimage\",\"url\":\"https:\/\/abaa.mx\/tienda\/wp-content\/uploads\/2023\/11\/TENMARS-TM188D.jpg\",\"contentUrl\":\"https:\/\/abaa.mx\/tienda\/wp-content\/uploads\/2023\/11\/TENMARS-TM188D.jpg\",\"width\":358,\"height\":433,\"caption\":\"TENMARS-TM188D\"},{\"@type\":\"BreadcrumbList\",\"@id\":\"https:\/\/abaa.mx\/tienda\/termohigrometro-condiciones-termicas-abatidas-usb-tenmars-tm188d\/#breadcrumb\",\"itemListElement\":[{\"@type\":\"ListItem\",\"position\":1,\"name\":\"Inicio\",\"item\":\"https:\/\/abaa.mx\/tienda\/\"},{\"@type\":\"ListItem\",\"position\":2,\"name\":\"Tienda\",\"item\":\"https:\/\/abaa.mx\/tienda\/\"},{\"@type\":\"ListItem\",\"position\":3,\"name\":\"Termohigrometro condiciones t\u00e9rmicas abatidas USB, Tenmars &#8211; TM188D\"}]},{\"@type\":\"WebSite\",\"@id\":\"https:\/\/abaa.mx\/tienda\/#website\",\"url\":\"https:\/\/abaa.mx\/tienda\/\",\"name\":\"Abaa tienda online\",\"description\":\"Instrumentos de medici\u00f3n\",\"publisher\":{\"@id\":\"https:\/\/abaa.mx\/tienda\/#organization\"},\"potentialAction\":[{\"@type\":\"SearchAction\",\"target\":{\"@type\":\"EntryPoint\",\"urlTemplate\":\"https:\/\/abaa.mx\/tienda\/?s={search_term_string}\"},\"query-input\":{\"@type\":\"PropertyValueSpecification\",\"valueRequired\":true,\"valueName\":\"search_term_string\"}}],\"inLanguage\":\"es\"},{\"@type\":\"Organization\",\"@id\":\"https:\/\/abaa.mx\/tienda\/#organization\",\"name\":\"Abaa tienda online\",\"url\":\"https:\/\/abaa.mx\/tienda\/\",\"logo\":{\"@type\":\"ImageObject\",\"inLanguage\":\"es\",\"@id\":\"https:\/\/abaa.mx\/tienda\/#\/schema\/logo\/image\/\",\"url\":\"https:\/\/abaa.mx\/tienda\/wp-content\/uploads\/2024\/01\/abaa-metrologia-tienda.png\",\"contentUrl\":\"https:\/\/abaa.mx\/tienda\/wp-content\/uploads\/2024\/01\/abaa-metrologia-tienda.png\",\"width\":300,\"height\":141,\"caption\":\"Abaa tienda online\"},\"image\":{\"@id\":\"https:\/\/abaa.mx\/tienda\/#\/schema\/logo\/image\/\"}}]}<\/script>\n<!-- \/ Yoast SEO plugin. -->","yoast_head_json":{"title":"Termohigrometro condiciones t\u00e9rmicas abatidas USB, Tenmars - TM188D - Abaa tienda online","robots":{"index":"index","follow":"follow","max-snippet":"max-snippet:-1","max-image-preview":"max-image-preview:large","max-video-preview":"max-video-preview:-1"},"canonical":"https:\/\/abaa.mx\/tienda\/termohigrometro-condiciones-termicas-abatidas-usb-tenmars-tm188d\/","og_locale":"es_MX","og_type":"article","og_title":"Termohigrometro condiciones t\u00e9rmicas abatidas USB, Tenmars - TM188D - Abaa tienda online","og_description":"M\u00e1x\/Min y retenci\u00f3n de datos.  ISO7243: ambientes calientes. Estimaci\u00f3n del estr\u00e9s por calor en el hombre trabajador.  ISO7726: Ergonom\u00eda del entorno t\u00e9rmico-instrumentos para medir magnitudes f\u00edsicas.  Cambie la unidad de temperatura a ? o ?.  Bola de lat\u00f3n negra de 50 mm de di\u00e1metro.  Indicaci\u00f3n de bater\u00eda baja.  Visualizaci\u00f3n de registros de datos.  OSHA: Administraci\u00f3n de Seguridad y Salud Ocupacional.  JISHA: Asociaci\u00f3n de Seguridad y Salud Industrial de Jap\u00f3n.  Capacidad de registro de datos: 12000 registros, interfaz serial USB PC (TM-188D).  Ajuste de alarma WBGT.  Sensor de capacidad de respuesta r\u00e1pida, medici\u00f3n precisa de la temperatura del globo del bulbo h\u00famedo (WBGT), temperatura del globo negro (TG), humedad (% RH), temperatura del aire (TA), bulbo h\u00famedo (WET) y punto de roc\u00edo (DEW).  Intervalo de muestreo: m\u00e1ximo 24 horas; Min 1 segundo (TM-188D).  Para medir el \u00edndice WBGT, debe consultar las siguientes regulaciones:  Apagado autom\u00e1tico con funci\u00f3n de desactivaci\u00f3n.  Pantalla LCD con retroiluminaci\u00f3n LED.   Especificaciones el\u00e9ctricas\u00a0\u00a0(23 \u2103 \u00b1 5 \u2103)         Temperatura de globo de bulbo h\u00famedo (WBGT)    Unidad  Rango  Resoluci\u00f3n  Exactitud @15~40\u00a0\u00b0C    interior y exterior sin luz solar  \u00baC  0~59,0  0.1  \u00b11,0    \u00b0F  32,0~138,0  0.1  \u00b11,8    Exterior Con luz solar  \u00baC  0~56,0  0.1  \u00b11,5    \u00b0F  32,0~132,0  0.1  \u00b12,7    \u203binterior y exterior sin luz solar: WBGT = (0.7\u00d7WET)+(0.3\u00d7TG) Exterior con luz solar: WBGT=(0.7\u00d7WET)+(0.2\u00d7TG)+(0.1\u00d7TA)          Temperatura del aire (TA)    Unidad  Rango  Resoluci\u00f3n  Exactitud @15~40\u00a0\u00b0C    \u00baC  0~50,0  0.1  \u00b10,8    \u00b0F  32,0~122,0  0.1  \u00b11,5          Temperatura del globo negro (TG)    Unidad  Rango  Resoluci\u00f3n  Exactitud @15~40\u00a0\u00b0C    \u00baC  0~80.0  0.1  \u00b10,6    \u00b0F  32,0~176,0  0.1  \u00b11,1          Humedad relativa (%HR)    \u00a0Rango de medicion  \u00a01%~99%    \u00a0Exactitud  \u00a0\u00b13,0 % HR (20~80 %)\u00a0a 25\u00a0\u00b0C \u00a0\u00b15,0 %HR(&lt;20 %,&gt;80 %)\u00a0\u00a0a 25\u00a0\u00b0C    \u00a0Resoluci\u00f3n  \u00a00,1%          Temperatura de punto de roc\u00edo (DEW)    Unidad  Rango  Resoluci\u00f3n    \u00baC  -35,3~48,9  0.1    \u00b0F  -31,5~120,1  0.1    El valor se calcula a partir de la HR y la temperatura del aire.          Temperatura de bulbo h\u00famedo (WET)    Unidad  Rango  Resoluci\u00f3n    \u00baC  -21,6~50,0  0.1    \u00b0F  -6,9~122,0  0.1    El valor se calcula a partir de la HR y la temperatura del aire.","og_url":"https:\/\/abaa.mx\/tienda\/termohigrometro-condiciones-termicas-abatidas-usb-tenmars-tm188d\/","og_site_name":"Abaa tienda online","og_image":[{"width":358,"height":433,"url":"https:\/\/abaa.mx\/tienda\/wp-content\/uploads\/2023\/11\/TENMARS-TM188D.jpg","type":"image\/jpeg"}],"twitter_card":"summary_large_image","twitter_misc":{"Tiempo de lectura":"1 minuto"},"schema":{"@context":"https:\/\/schema.org","@graph":[{"@type":"WebPage","@id":"https:\/\/abaa.mx\/tienda\/termohigrometro-condiciones-termicas-abatidas-usb-tenmars-tm188d\/","url":"https:\/\/abaa.mx\/tienda\/termohigrometro-condiciones-termicas-abatidas-usb-tenmars-tm188d\/","name":"Termohigrometro condiciones t\u00e9rmicas abatidas USB, Tenmars - TM188D - Abaa tienda online","isPartOf":{"@id":"https:\/\/abaa.mx\/tienda\/#website"},"primaryImageOfPage":{"@id":"https:\/\/abaa.mx\/tienda\/termohigrometro-condiciones-termicas-abatidas-usb-tenmars-tm188d\/#primaryimage"},"image":{"@id":"https:\/\/abaa.mx\/tienda\/termohigrometro-condiciones-termicas-abatidas-usb-tenmars-tm188d\/#primaryimage"},"thumbnailUrl":"https:\/\/abaa.mx\/tienda\/wp-content\/uploads\/2023\/11\/TENMARS-TM188D.jpg","datePublished":"2023-11-16T16:45:26+00:00","breadcrumb":{"@id":"https:\/\/abaa.mx\/tienda\/termohigrometro-condiciones-termicas-abatidas-usb-tenmars-tm188d\/#breadcrumb"},"inLanguage":"es","potentialAction":[{"@type":"ReadAction","target":["https:\/\/abaa.mx\/tienda\/termohigrometro-condiciones-termicas-abatidas-usb-tenmars-tm188d\/"]}]},{"@type":"ImageObject","inLanguage":"es","@id":"https:\/\/abaa.mx\/tienda\/termohigrometro-condiciones-termicas-abatidas-usb-tenmars-tm188d\/#primaryimage","url":"https:\/\/abaa.mx\/tienda\/wp-content\/uploads\/2023\/11\/TENMARS-TM188D.jpg","contentUrl":"https:\/\/abaa.mx\/tienda\/wp-content\/uploads\/2023\/11\/TENMARS-TM188D.jpg","width":358,"height":433,"caption":"TENMARS-TM188D"},{"@type":"BreadcrumbList","@id":"https:\/\/abaa.mx\/tienda\/termohigrometro-condiciones-termicas-abatidas-usb-tenmars-tm188d\/#breadcrumb","itemListElement":[{"@type":"ListItem","position":1,"name":"Inicio","item":"https:\/\/abaa.mx\/tienda\/"},{"@type":"ListItem","position":2,"name":"Tienda","item":"https:\/\/abaa.mx\/tienda\/"},{"@type":"ListItem","position":3,"name":"Termohigrometro condiciones t\u00e9rmicas abatidas USB, Tenmars &#8211; TM188D"}]},{"@type":"WebSite","@id":"https:\/\/abaa.mx\/tienda\/#website","url":"https:\/\/abaa.mx\/tienda\/","name":"Abaa tienda online","description":"Instrumentos de medici\u00f3n","publisher":{"@id":"https:\/\/abaa.mx\/tienda\/#organization"},"potentialAction":[{"@type":"SearchAction","target":{"@type":"EntryPoint","urlTemplate":"https:\/\/abaa.mx\/tienda\/?s={search_term_string}"},"query-input":{"@type":"PropertyValueSpecification","valueRequired":true,"valueName":"search_term_string"}}],"inLanguage":"es"},{"@type":"Organization","@id":"https:\/\/abaa.mx\/tienda\/#organization","name":"Abaa tienda online","url":"https:\/\/abaa.mx\/tienda\/","logo":{"@type":"ImageObject","inLanguage":"es","@id":"https:\/\/abaa.mx\/tienda\/#\/schema\/logo\/image\/","url":"https:\/\/abaa.mx\/tienda\/wp-content\/uploads\/2024\/01\/abaa-metrologia-tienda.png","contentUrl":"https:\/\/abaa.mx\/tienda\/wp-content\/uploads\/2024\/01\/abaa-metrologia-tienda.png","width":300,"height":141,"caption":"Abaa tienda online"},"image":{"@id":"https:\/\/abaa.mx\/tienda\/#\/schema\/logo\/image\/"}}]}},"_links":{"self":[{"href":"https:\/\/abaa.mx\/tienda\/wp-json\/wp\/v2\/product\/8970","targetHints":{"allow":["GET"]}}],"collection":[{"href":"https:\/\/abaa.mx\/tienda\/wp-json\/wp\/v2\/product"}],"about":[{"href":"https:\/\/abaa.mx\/tienda\/wp-json\/wp\/v2\/types\/product"}],"replies":[{"embeddable":true,"href":"https:\/\/abaa.mx\/tienda\/wp-json\/wp\/v2\/comments?post=8970"}],"wp:featuredmedia":[{"embeddable":true,"href":"https:\/\/abaa.mx\/tienda\/wp-json\/wp\/v2\/media\/8971"}],"wp:attachment":[{"href":"https:\/\/abaa.mx\/tienda\/wp-json\/wp\/v2\/media?parent=8970"}],"wp:term":[{"taxonomy":"product_brand","embeddable":true,"href":"https:\/\/abaa.mx\/tienda\/wp-json\/wp\/v2\/product_brand?post=8970"},{"taxonomy":"product_cat","embeddable":true,"href":"https:\/\/abaa.mx\/tienda\/wp-json\/wp\/v2\/product_cat?post=8970"},{"taxonomy":"product_tag","embeddable":true,"href":"https:\/\/abaa.mx\/tienda\/wp-json\/wp\/v2\/product_tag?post=8970"}],"curies":[{"name":"wp","href":"https:\/\/api.w.org\/{rel}","templated":true}]}}