{"id":897,"date":"2020-10-21T16:24:10","date_gmt":"2020-10-21T16:24:10","guid":{"rendered":"https:\/\/abaa.mx\/tienda\/?post_type=product&#038;p=897"},"modified":"2021-04-06T19:46:23","modified_gmt":"2021-04-06T19:46:23","slug":"termometro-taylor-5925n","status":"publish","type":"product","link":"https:\/\/abaa.mx\/tienda\/termometro-taylor-5925n\/","title":{"rendered":"Term\u00f3metro Taylor 5925N"},"content":{"rendered":"<p>Caracter\u00edsticas de term\u00f3metro Taylor 5925N<\/p>\n<table>\n<tbody>\n<tr>\n<td width=\"599\">Funci\u00f3n.<\/td>\n<\/tr>\n<tr>\n<td width=\"599\">Refrigerador\/Congelador.<\/td>\n<\/tr>\n<tr>\n<td width=\"599\">Registro.<\/td>\n<\/tr>\n<tr>\n<td width=\"599\">\u00b0C y \u00b0F.<\/td>\n<\/tr>\n<tr>\n<td width=\"599\">Rango Celsius.<\/td>\n<\/tr>\n<tr>\n<td width=\"599\">-30\u00b0C a 30\u00b0C.<\/td>\n<\/tr>\n<tr>\n<td width=\"599\">Rango Fahrenheit.<\/td>\n<\/tr>\n<tr>\n<td width=\"599\">-20\u00b0F a 80\u00b0F.<\/td>\n<\/tr>\n<tr>\n<td width=\"599\">Lectura.<\/td>\n<\/tr>\n<tr>\n<td width=\"599\">An\u00e1logo.<\/td>\n<\/tr>\n<tr>\n<td width=\"599\">Montaje.<\/td>\n<\/tr>\n<tr>\n<td width=\"599\">Sostenible\/Colgable.<\/td>\n<\/tr>\n<tr>\n<td width=\"599\">Bater\u00eda.<\/td>\n<\/tr>\n<tr>\n<td width=\"599\">No requiere bater\u00edas.<\/td>\n<\/tr>\n<tr>\n<td width=\"599\">Tama\u00f1o.<\/td>\n<\/tr>\n<tr>\n<td width=\"599\">3&#8243;.<\/td>\n<\/tr>\n<tr>\n<td width=\"599\">Dimensiones.<\/td>\n<\/tr>\n<tr>\n<td width=\"599\">.82 x 6 x 4.5 in.<\/td>\n<\/tr>\n<tr>\n<td width=\"599\">Certificaci\u00f3n.<\/td>\n<\/tr>\n<tr>\n<td width=\"599\">NSF.<\/td>\n<\/tr>\n<tr>\n<td width=\"599\">Material.<\/td>\n<\/tr>\n<tr>\n<td width=\"599\">Pl\u00e1stico.<\/td>\n<\/tr>\n<tr>\n<td width=\"599\">Uso.<\/td>\n<\/tr>\n<tr>\n<td width=\"599\">Cocina.<\/td>\n<\/tr>\n<\/tbody>\n<\/table>\n","protected":false},"excerpt":{"rendered":"<p>El equipo da un funcionamiento correcto.<\/p>\n<table>\n<tbody>\n<tr>\n<td width=\"599\">Lente de pl\u00e1stico resistente.<\/td>\n<\/tr>\n<tr>\n<td width=\"599\">Tama\u00f1o de 3&#8243;.<\/td>\n<\/tr>\n<tr>\n<td width=\"599\">Display grande para facilitar la lectura.<\/td>\n<\/tr>\n<tr>\n<td width=\"599\">El instrumento cuenta con un recubrimiento pl\u00e1stico en el tubo de vidrio con l\u00edquido no t\u00f3xico.<\/td>\n<\/tr>\n<tr>\n<td width=\"599\">Se puede sostener o colgar.<\/td>\n<\/tr>\n<tr>\n<td width=\"599\">Indicadores seguros de temperatura por zona.<\/td>\n<\/tr>\n<tr>\n<td width=\"599\">Columna de permacolor.<\/td>\n<\/tr>\n<\/tbody>\n<\/table>\n","protected":false},"featured_media":1055,"comment_status":"open","ping_status":"closed","template":"","meta":{"_joinchat":[]},"product_brand":[],"product_cat":[57],"product_tag":[],"class_list":{"0":"post-897","1":"product","2":"type-product","3":"status-publish","4":"has-post-thumbnail","6":"product_cat-termometros","8":"first","9":"instock","10":"shipping-taxable","11":"product-type-simple"},"yoast_head":"<!-- This site is optimized with the Yoast SEO plugin v26.4 - https:\/\/yoast.com\/wordpress\/plugins\/seo\/ -->\n<title>Term\u00f3metro Taylor 5925N - Abaa tienda online<\/title>\n<meta name=\"robots\" content=\"index, follow, max-snippet:-1, max-image-preview:large, max-video-preview:-1\" \/>\n<link rel=\"canonical\" href=\"https:\/\/abaa.mx\/tienda\/termometro-taylor-5925n\/\" \/>\n<meta property=\"og:locale\" content=\"es_MX\" \/>\n<meta property=\"og:type\" content=\"article\" \/>\n<meta property=\"og:title\" content=\"Term\u00f3metro Taylor 5925N - Abaa tienda online\" \/>\n<meta property=\"og:description\" content=\"El equipo da un funcionamiento correcto.    Lente de pl\u00e1stico resistente.   Tama\u00f1o de 3&quot;.   Display grande para facilitar la lectura.   El instrumento cuenta con un recubrimiento pl\u00e1stico en el tubo de vidrio con l\u00edquido no t\u00f3xico.   Se puede sostener o colgar.   Indicadores seguros de temperatura por zona.   Columna de permacolor.\" \/>\n<meta property=\"og:url\" content=\"https:\/\/abaa.mx\/tienda\/termometro-taylor-5925n\/\" \/>\n<meta property=\"og:site_name\" content=\"Abaa tienda online\" \/>\n<meta property=\"article:modified_time\" content=\"2021-04-06T19:46:23+00:00\" \/>\n<meta property=\"og:image\" content=\"https:\/\/abaa.mx\/tienda\/wp-content\/uploads\/2020\/10\/Termometro-Taylor-5925N.jpg\" \/>\n\t<meta property=\"og:image:width\" content=\"800\" \/>\n\t<meta property=\"og:image:height\" content=\"800\" \/>\n\t<meta property=\"og:image:type\" content=\"image\/jpeg\" \/>\n<meta name=\"twitter:card\" content=\"summary_large_image\" \/>\n<script type=\"application\/ld+json\" class=\"yoast-schema-graph\">{\"@context\":\"https:\/\/schema.org\",\"@graph\":[{\"@type\":\"WebPage\",\"@id\":\"https:\/\/abaa.mx\/tienda\/termometro-taylor-5925n\/\",\"url\":\"https:\/\/abaa.mx\/tienda\/termometro-taylor-5925n\/\",\"name\":\"Term\u00f3metro Taylor 5925N - Abaa tienda online\",\"isPartOf\":{\"@id\":\"https:\/\/abaa.mx\/tienda\/#website\"},\"primaryImageOfPage\":{\"@id\":\"https:\/\/abaa.mx\/tienda\/termometro-taylor-5925n\/#primaryimage\"},\"image\":{\"@id\":\"https:\/\/abaa.mx\/tienda\/termometro-taylor-5925n\/#primaryimage\"},\"thumbnailUrl\":\"https:\/\/abaa.mx\/tienda\/wp-content\/uploads\/2020\/10\/Termometro-Taylor-5925N.jpg\",\"datePublished\":\"2020-10-21T16:24:10+00:00\",\"dateModified\":\"2021-04-06T19:46:23+00:00\",\"breadcrumb\":{\"@id\":\"https:\/\/abaa.mx\/tienda\/termometro-taylor-5925n\/#breadcrumb\"},\"inLanguage\":\"es\",\"potentialAction\":[{\"@type\":\"ReadAction\",\"target\":[\"https:\/\/abaa.mx\/tienda\/termometro-taylor-5925n\/\"]}]},{\"@type\":\"ImageObject\",\"inLanguage\":\"es\",\"@id\":\"https:\/\/abaa.mx\/tienda\/termometro-taylor-5925n\/#primaryimage\",\"url\":\"https:\/\/abaa.mx\/tienda\/wp-content\/uploads\/2020\/10\/Termometro-Taylor-5925N.jpg\",\"contentUrl\":\"https:\/\/abaa.mx\/tienda\/wp-content\/uploads\/2020\/10\/Termometro-Taylor-5925N.jpg\",\"width\":800,\"height\":800,\"caption\":\"Term\u00f3metro Taylor 5925N\"},{\"@type\":\"BreadcrumbList\",\"@id\":\"https:\/\/abaa.mx\/tienda\/termometro-taylor-5925n\/#breadcrumb\",\"itemListElement\":[{\"@type\":\"ListItem\",\"position\":1,\"name\":\"Inicio\",\"item\":\"https:\/\/abaa.mx\/tienda\/\"},{\"@type\":\"ListItem\",\"position\":2,\"name\":\"Tienda\",\"item\":\"https:\/\/abaa.mx\/tienda\/\"},{\"@type\":\"ListItem\",\"position\":3,\"name\":\"Term\u00f3metro Taylor 5925N\"}]},{\"@type\":\"WebSite\",\"@id\":\"https:\/\/abaa.mx\/tienda\/#website\",\"url\":\"https:\/\/abaa.mx\/tienda\/\",\"name\":\"Abaa tienda online\",\"description\":\"Instrumentos de medici\u00f3n\",\"publisher\":{\"@id\":\"https:\/\/abaa.mx\/tienda\/#organization\"},\"potentialAction\":[{\"@type\":\"SearchAction\",\"target\":{\"@type\":\"EntryPoint\",\"urlTemplate\":\"https:\/\/abaa.mx\/tienda\/?s={search_term_string}\"},\"query-input\":{\"@type\":\"PropertyValueSpecification\",\"valueRequired\":true,\"valueName\":\"search_term_string\"}}],\"inLanguage\":\"es\"},{\"@type\":\"Organization\",\"@id\":\"https:\/\/abaa.mx\/tienda\/#organization\",\"name\":\"Abaa tienda online\",\"url\":\"https:\/\/abaa.mx\/tienda\/\",\"logo\":{\"@type\":\"ImageObject\",\"inLanguage\":\"es\",\"@id\":\"https:\/\/abaa.mx\/tienda\/#\/schema\/logo\/image\/\",\"url\":\"https:\/\/abaa.mx\/tienda\/wp-content\/uploads\/2024\/01\/abaa-metrologia-tienda.png\",\"contentUrl\":\"https:\/\/abaa.mx\/tienda\/wp-content\/uploads\/2024\/01\/abaa-metrologia-tienda.png\",\"width\":300,\"height\":141,\"caption\":\"Abaa tienda online\"},\"image\":{\"@id\":\"https:\/\/abaa.mx\/tienda\/#\/schema\/logo\/image\/\"}}]}<\/script>\n<!-- \/ Yoast SEO plugin. -->","yoast_head_json":{"title":"Term\u00f3metro Taylor 5925N - Abaa tienda online","robots":{"index":"index","follow":"follow","max-snippet":"max-snippet:-1","max-image-preview":"max-image-preview:large","max-video-preview":"max-video-preview:-1"},"canonical":"https:\/\/abaa.mx\/tienda\/termometro-taylor-5925n\/","og_locale":"es_MX","og_type":"article","og_title":"Term\u00f3metro Taylor 5925N - Abaa tienda online","og_description":"El equipo da un funcionamiento correcto.    Lente de pl\u00e1stico resistente.   Tama\u00f1o de 3\".   Display grande para facilitar la lectura.   El instrumento cuenta con un recubrimiento pl\u00e1stico en el tubo de vidrio con l\u00edquido no t\u00f3xico.   Se puede sostener o colgar.   Indicadores seguros de temperatura por zona.   Columna de permacolor.","og_url":"https:\/\/abaa.mx\/tienda\/termometro-taylor-5925n\/","og_site_name":"Abaa tienda online","article_modified_time":"2021-04-06T19:46:23+00:00","og_image":[{"width":800,"height":800,"url":"https:\/\/abaa.mx\/tienda\/wp-content\/uploads\/2020\/10\/Termometro-Taylor-5925N.jpg","type":"image\/jpeg"}],"twitter_card":"summary_large_image","schema":{"@context":"https:\/\/schema.org","@graph":[{"@type":"WebPage","@id":"https:\/\/abaa.mx\/tienda\/termometro-taylor-5925n\/","url":"https:\/\/abaa.mx\/tienda\/termometro-taylor-5925n\/","name":"Term\u00f3metro Taylor 5925N - Abaa tienda online","isPartOf":{"@id":"https:\/\/abaa.mx\/tienda\/#website"},"primaryImageOfPage":{"@id":"https:\/\/abaa.mx\/tienda\/termometro-taylor-5925n\/#primaryimage"},"image":{"@id":"https:\/\/abaa.mx\/tienda\/termometro-taylor-5925n\/#primaryimage"},"thumbnailUrl":"https:\/\/abaa.mx\/tienda\/wp-content\/uploads\/2020\/10\/Termometro-Taylor-5925N.jpg","datePublished":"2020-10-21T16:24:10+00:00","dateModified":"2021-04-06T19:46:23+00:00","breadcrumb":{"@id":"https:\/\/abaa.mx\/tienda\/termometro-taylor-5925n\/#breadcrumb"},"inLanguage":"es","potentialAction":[{"@type":"ReadAction","target":["https:\/\/abaa.mx\/tienda\/termometro-taylor-5925n\/"]}]},{"@type":"ImageObject","inLanguage":"es","@id":"https:\/\/abaa.mx\/tienda\/termometro-taylor-5925n\/#primaryimage","url":"https:\/\/abaa.mx\/tienda\/wp-content\/uploads\/2020\/10\/Termometro-Taylor-5925N.jpg","contentUrl":"https:\/\/abaa.mx\/tienda\/wp-content\/uploads\/2020\/10\/Termometro-Taylor-5925N.jpg","width":800,"height":800,"caption":"Term\u00f3metro Taylor 5925N"},{"@type":"BreadcrumbList","@id":"https:\/\/abaa.mx\/tienda\/termometro-taylor-5925n\/#breadcrumb","itemListElement":[{"@type":"ListItem","position":1,"name":"Inicio","item":"https:\/\/abaa.mx\/tienda\/"},{"@type":"ListItem","position":2,"name":"Tienda","item":"https:\/\/abaa.mx\/tienda\/"},{"@type":"ListItem","position":3,"name":"Term\u00f3metro Taylor 5925N"}]},{"@type":"WebSite","@id":"https:\/\/abaa.mx\/tienda\/#website","url":"https:\/\/abaa.mx\/tienda\/","name":"Abaa tienda online","description":"Instrumentos de medici\u00f3n","publisher":{"@id":"https:\/\/abaa.mx\/tienda\/#organization"},"potentialAction":[{"@type":"SearchAction","target":{"@type":"EntryPoint","urlTemplate":"https:\/\/abaa.mx\/tienda\/?s={search_term_string}"},"query-input":{"@type":"PropertyValueSpecification","valueRequired":true,"valueName":"search_term_string"}}],"inLanguage":"es"},{"@type":"Organization","@id":"https:\/\/abaa.mx\/tienda\/#organization","name":"Abaa tienda online","url":"https:\/\/abaa.mx\/tienda\/","logo":{"@type":"ImageObject","inLanguage":"es","@id":"https:\/\/abaa.mx\/tienda\/#\/schema\/logo\/image\/","url":"https:\/\/abaa.mx\/tienda\/wp-content\/uploads\/2024\/01\/abaa-metrologia-tienda.png","contentUrl":"https:\/\/abaa.mx\/tienda\/wp-content\/uploads\/2024\/01\/abaa-metrologia-tienda.png","width":300,"height":141,"caption":"Abaa tienda online"},"image":{"@id":"https:\/\/abaa.mx\/tienda\/#\/schema\/logo\/image\/"}}]}},"_links":{"self":[{"href":"https:\/\/abaa.mx\/tienda\/wp-json\/wp\/v2\/product\/897","targetHints":{"allow":["GET"]}}],"collection":[{"href":"https:\/\/abaa.mx\/tienda\/wp-json\/wp\/v2\/product"}],"about":[{"href":"https:\/\/abaa.mx\/tienda\/wp-json\/wp\/v2\/types\/product"}],"replies":[{"embeddable":true,"href":"https:\/\/abaa.mx\/tienda\/wp-json\/wp\/v2\/comments?post=897"}],"wp:featuredmedia":[{"embeddable":true,"href":"https:\/\/abaa.mx\/tienda\/wp-json\/wp\/v2\/media\/1055"}],"wp:attachment":[{"href":"https:\/\/abaa.mx\/tienda\/wp-json\/wp\/v2\/media?parent=897"}],"wp:term":[{"taxonomy":"product_brand","embeddable":true,"href":"https:\/\/abaa.mx\/tienda\/wp-json\/wp\/v2\/product_brand?post=897"},{"taxonomy":"product_cat","embeddable":true,"href":"https:\/\/abaa.mx\/tienda\/wp-json\/wp\/v2\/product_cat?post=897"},{"taxonomy":"product_tag","embeddable":true,"href":"https:\/\/abaa.mx\/tienda\/wp-json\/wp\/v2\/product_tag?post=897"}],"curies":[{"name":"wp","href":"https:\/\/api.w.org\/{rel}","templated":true}]}}