{"id":8964,"date":"2023-11-16T16:34:07","date_gmt":"2023-11-16T16:34:07","guid":{"rendered":"https:\/\/abaa.mx\/tienda\/?post_type=product&#038;p=8964"},"modified":"2023-11-16T16:34:07","modified_gmt":"2023-11-16T16:34:07","slug":"termohigrometro-de-panel-he230ath","status":"publish","type":"product","link":"https:\/\/abaa.mx\/tienda\/termohigrometro-de-panel-he230ath\/","title":{"rendered":"Termohigr\u00f3metro De Panel &#8211; HE230ATH"},"content":{"rendered":"<p>Termohigr\u00f3metro De Panel &#8211; HE230ATH.<\/p>\n","protected":false},"excerpt":{"rendered":"<p><strong>Caracter\u00edsticas:<\/strong><\/p>\n<ul>\n<li>Con sensor de temperatura de humedad integrado, y alta precisi\u00f3n y estabilidad<\/li>\n<li>Con sensores externos de temperatura y humedad.<\/li>\n<li>Pantalla LCD, exhibici\u00f3n humedad y tiempo simult\u00e1neamente.<\/li>\n<li>Con desviaci\u00f3n funci\u00f3n de calibraci\u00f3n.<\/li>\n<li>Fuente de alimentaci\u00f3n del con 100 ~ 240VAC.<\/li>\n<\/ul>\n<table>\n<tbody>\n<tr>\n<td width=\"294\"><strong>Tama\u00f1o de LED (pulgadas)\u00a0 <\/strong><\/td>\n<td width=\"294\"><strong>3.0\u2033<\/strong><\/td>\n<\/tr>\n<tr>\n<td width=\"294\"><strong>Rango visual<\/strong><\/td>\n<td width=\"294\"><strong>40M.<\/strong><\/td>\n<\/tr>\n<tr>\n<td width=\"294\"><strong>Precisi\u00f3n de temperatura<\/strong><\/td>\n<td width=\"294\"><strong>\u00b10,3 <\/strong><strong>\u2103<\/strong><strong> (0 <\/strong><strong>\u2103<\/strong><strong>~50 <\/strong><strong>\u2103<\/strong><strong>), \u00b10,5 <\/strong><strong>\u2103<\/strong><strong> (otro rango)<\/strong><\/p>\n<p>&nbsp;<\/td>\n<\/tr>\n<tr>\n<td width=\"294\"><strong>Precisi\u00f3n de humedad\u00a0\u00a0<\/strong><\/td>\n<td width=\"294\"><strong>\u00b13 % HR (25 <\/strong><strong>\u2103<\/strong><strong>, 20 % HR ~ 80 % HR), \u00b1 5 % HR (otro rango)<\/strong><\/td>\n<\/tr>\n<tr>\n<td width=\"294\"><strong>Tipo de sensor\u00a0\u00a0<\/strong><\/td>\n<td width=\"294\"><strong>Integrado en un costado derecho<\/strong><\/td>\n<\/tr>\n<tr>\n<td width=\"294\"><strong>Rango de medici\u00f3n de temperatura\u00a0 \u00a0<\/strong><\/td>\n<td width=\"294\"><strong>-40~85<\/strong><strong>\u2103<\/strong><\/td>\n<\/tr>\n<tr>\n<td width=\"294\"><strong>Rango de medici\u00f3n de humedad\u00a0 \u00a0<\/strong><\/td>\n<td width=\"294\"><strong>0~100%HR<\/strong><\/td>\n<\/tr>\n<tr>\n<td width=\"294\"><strong>Caracter\u00edsticas opcionales\u00a0externa de luz y sonido.\u00a0 \u00a0 \u00a0 \u00a0 \u00a0 \u00a0 \u00a0 \u00a0 \u00a0 \u00a0 \u00a0 \u00a0 \u00a0 \u00a0 \u00a0 \u00a0 \u00a0 \u00a0 \u00a0 \u00a0 \u00a0 \u00a0 \u00a0 \u00a0 \u00a0 \u00a0 \u00a0 <\/strong><\/td>\n<td width=\"294\"><strong>\u2460<\/strong><strong> Alarma externa de luz y sonido.<\/strong><\/p>\n<p><strong>\u2461<\/strong><strong> Alarma\u00a0\u00a0\u00a0 GSM.<\/strong><\/p>\n<p><strong>\u2462<\/strong><strong>Comunicaci\u00f3n RS485.<\/strong><\/p>\n<p><strong>\u2463<\/strong><strong> Comunicaci\u00f3n TCP\/IP.<\/strong><\/p>\n<p><strong>\u2464<\/strong><strong> Comunicaci\u00f3n WiFi.<\/strong><\/p>\n<p><strong>\u2465<\/strong><strong> Registro de datos.<\/strong><\/td>\n<\/tr>\n<tr>\n<td width=\"294\"><strong>Dimensi\u00f3n del producto (CM). <\/strong><\/td>\n<td width=\"294\"><strong>38,5\u00d724,2\u00d74,6.<\/strong><\/td>\n<\/tr>\n<tr>\n<td width=\"294\"><strong>Dimensi\u00f3n de embalaje (CM).\u00a0 \u00a0\u00a0<\/strong><\/td>\n<td width=\"294\"><strong>46\u00d731,5\u00d78,5.<\/strong><\/td>\n<\/tr>\n<\/tbody>\n<\/table>\n<p>&nbsp;<\/p>\n","protected":false},"featured_media":8967,"comment_status":"open","ping_status":"closed","template":"","meta":{"_joinchat":[]},"product_brand":[],"product_cat":[133],"product_tag":[],"class_list":{"0":"post-8964","1":"product","2":"type-product","3":"status-publish","4":"has-post-thumbnail","6":"product_cat-termohigrometros-digitales","8":"first","9":"instock","10":"shipping-taxable","11":"product-type-simple"},"yoast_head":"<!-- This site is optimized with the Yoast SEO plugin v26.4 - https:\/\/yoast.com\/wordpress\/plugins\/seo\/ -->\n<title>Termohigr\u00f3metro De Panel - HE230ATH - Abaa tienda online<\/title>\n<meta name=\"robots\" content=\"index, follow, max-snippet:-1, max-image-preview:large, max-video-preview:-1\" \/>\n<link rel=\"canonical\" href=\"https:\/\/abaa.mx\/tienda\/termohigrometro-de-panel-he230ath\/\" \/>\n<meta property=\"og:locale\" content=\"es_MX\" \/>\n<meta property=\"og:type\" content=\"article\" \/>\n<meta property=\"og:title\" content=\"Termohigr\u00f3metro De Panel - HE230ATH - Abaa tienda online\" \/>\n<meta property=\"og:description\" content=\"Caracter\u00edsticas:   Con sensor de temperatura de humedad integrado, y alta precisi\u00f3n y estabilidad  Con sensores externos de temperatura y humedad.  Pantalla LCD, exhibici\u00f3n humedad y tiempo simult\u00e1neamente.  Con desviaci\u00f3n funci\u00f3n de calibraci\u00f3n.  Fuente de alimentaci\u00f3n del con 100 ~ 240VAC.     Tama\u00f1o de LED (pulgadas)\u00a0  3.0\u2033   Rango visual 40M.   Precisi\u00f3n de temperatura \u00b10,3 \u2103 (0 \u2103~50 \u2103), \u00b10,5 \u2103 (otro rango)  &nbsp;   Precisi\u00f3n de humedad\u00a0\u00a0 \u00b13 % HR (25 \u2103, 20 % HR ~ 80 % HR), \u00b1 5 % HR (otro rango)   Tipo de sensor\u00a0\u00a0 Integrado en un costado derecho   Rango de medici\u00f3n de temperatura\u00a0 \u00a0 -40~85\u2103   Rango de medici\u00f3n de humedad\u00a0 \u00a0 0~100%HR   Caracter\u00edsticas opcionales\u00a0externa de luz y sonido.\u00a0 \u00a0 \u00a0 \u00a0 \u00a0 \u00a0 \u00a0 \u00a0 \u00a0 \u00a0 \u00a0 \u00a0 \u00a0 \u00a0 \u00a0 \u00a0 \u00a0 \u00a0 \u00a0 \u00a0 \u00a0 \u00a0 \u00a0 \u00a0 \u00a0 \u00a0 \u00a0  \u2460 Alarma externa de luz y sonido.  \u2461 Alarma\u00a0\u00a0\u00a0 GSM.  \u2462Comunicaci\u00f3n RS485.  \u2463 Comunicaci\u00f3n TCP\/IP.  \u2464 Comunicaci\u00f3n WiFi.  \u2465 Registro de datos.   Dimensi\u00f3n del producto (CM).  38,5\u00d724,2\u00d74,6.   Dimensi\u00f3n de embalaje (CM).\u00a0 \u00a0\u00a0 46\u00d731,5\u00d78,5.    &nbsp;\" \/>\n<meta property=\"og:url\" content=\"https:\/\/abaa.mx\/tienda\/termohigrometro-de-panel-he230ath\/\" \/>\n<meta property=\"og:site_name\" content=\"Abaa tienda online\" \/>\n<meta property=\"og:image\" content=\"https:\/\/abaa.mx\/tienda\/wp-content\/uploads\/2023\/11\/HUATO-HE230ATH.jpg\" \/>\n\t<meta property=\"og:image:width\" content=\"544\" \/>\n\t<meta property=\"og:image:height\" content=\"388\" \/>\n\t<meta property=\"og:image:type\" content=\"image\/jpeg\" \/>\n<meta name=\"twitter:card\" content=\"summary_large_image\" \/>\n<meta name=\"twitter:label1\" content=\"Tiempo de lectura\" \/>\n\t<meta name=\"twitter:data1\" content=\"1 minuto\" \/>\n<script type=\"application\/ld+json\" class=\"yoast-schema-graph\">{\"@context\":\"https:\/\/schema.org\",\"@graph\":[{\"@type\":\"WebPage\",\"@id\":\"https:\/\/abaa.mx\/tienda\/termohigrometro-de-panel-he230ath\/\",\"url\":\"https:\/\/abaa.mx\/tienda\/termohigrometro-de-panel-he230ath\/\",\"name\":\"Termohigr\u00f3metro De Panel - HE230ATH - Abaa tienda online\",\"isPartOf\":{\"@id\":\"https:\/\/abaa.mx\/tienda\/#website\"},\"primaryImageOfPage\":{\"@id\":\"https:\/\/abaa.mx\/tienda\/termohigrometro-de-panel-he230ath\/#primaryimage\"},\"image\":{\"@id\":\"https:\/\/abaa.mx\/tienda\/termohigrometro-de-panel-he230ath\/#primaryimage\"},\"thumbnailUrl\":\"https:\/\/abaa.mx\/tienda\/wp-content\/uploads\/2023\/11\/HUATO-HE230ATH.jpg\",\"datePublished\":\"2023-11-16T16:34:07+00:00\",\"breadcrumb\":{\"@id\":\"https:\/\/abaa.mx\/tienda\/termohigrometro-de-panel-he230ath\/#breadcrumb\"},\"inLanguage\":\"es\",\"potentialAction\":[{\"@type\":\"ReadAction\",\"target\":[\"https:\/\/abaa.mx\/tienda\/termohigrometro-de-panel-he230ath\/\"]}]},{\"@type\":\"ImageObject\",\"inLanguage\":\"es\",\"@id\":\"https:\/\/abaa.mx\/tienda\/termohigrometro-de-panel-he230ath\/#primaryimage\",\"url\":\"https:\/\/abaa.mx\/tienda\/wp-content\/uploads\/2023\/11\/HUATO-HE230ATH.jpg\",\"contentUrl\":\"https:\/\/abaa.mx\/tienda\/wp-content\/uploads\/2023\/11\/HUATO-HE230ATH.jpg\",\"width\":544,\"height\":388,\"caption\":\"HUATO-HE230ATH\"},{\"@type\":\"BreadcrumbList\",\"@id\":\"https:\/\/abaa.mx\/tienda\/termohigrometro-de-panel-he230ath\/#breadcrumb\",\"itemListElement\":[{\"@type\":\"ListItem\",\"position\":1,\"name\":\"Inicio\",\"item\":\"https:\/\/abaa.mx\/tienda\/\"},{\"@type\":\"ListItem\",\"position\":2,\"name\":\"Tienda\",\"item\":\"https:\/\/abaa.mx\/tienda\/\"},{\"@type\":\"ListItem\",\"position\":3,\"name\":\"Termohigr\u00f3metro De Panel &#8211; HE230ATH\"}]},{\"@type\":\"WebSite\",\"@id\":\"https:\/\/abaa.mx\/tienda\/#website\",\"url\":\"https:\/\/abaa.mx\/tienda\/\",\"name\":\"Abaa tienda online\",\"description\":\"Instrumentos de medici\u00f3n\",\"publisher\":{\"@id\":\"https:\/\/abaa.mx\/tienda\/#organization\"},\"potentialAction\":[{\"@type\":\"SearchAction\",\"target\":{\"@type\":\"EntryPoint\",\"urlTemplate\":\"https:\/\/abaa.mx\/tienda\/?s={search_term_string}\"},\"query-input\":{\"@type\":\"PropertyValueSpecification\",\"valueRequired\":true,\"valueName\":\"search_term_string\"}}],\"inLanguage\":\"es\"},{\"@type\":\"Organization\",\"@id\":\"https:\/\/abaa.mx\/tienda\/#organization\",\"name\":\"Abaa tienda online\",\"url\":\"https:\/\/abaa.mx\/tienda\/\",\"logo\":{\"@type\":\"ImageObject\",\"inLanguage\":\"es\",\"@id\":\"https:\/\/abaa.mx\/tienda\/#\/schema\/logo\/image\/\",\"url\":\"https:\/\/abaa.mx\/tienda\/wp-content\/uploads\/2024\/01\/abaa-metrologia-tienda.png\",\"contentUrl\":\"https:\/\/abaa.mx\/tienda\/wp-content\/uploads\/2024\/01\/abaa-metrologia-tienda.png\",\"width\":300,\"height\":141,\"caption\":\"Abaa tienda online\"},\"image\":{\"@id\":\"https:\/\/abaa.mx\/tienda\/#\/schema\/logo\/image\/\"}}]}<\/script>\n<!-- \/ Yoast SEO plugin. -->","yoast_head_json":{"title":"Termohigr\u00f3metro De Panel - HE230ATH - Abaa tienda online","robots":{"index":"index","follow":"follow","max-snippet":"max-snippet:-1","max-image-preview":"max-image-preview:large","max-video-preview":"max-video-preview:-1"},"canonical":"https:\/\/abaa.mx\/tienda\/termohigrometro-de-panel-he230ath\/","og_locale":"es_MX","og_type":"article","og_title":"Termohigr\u00f3metro De Panel - HE230ATH - Abaa tienda online","og_description":"Caracter\u00edsticas:   Con sensor de temperatura de humedad integrado, y alta precisi\u00f3n y estabilidad  Con sensores externos de temperatura y humedad.  Pantalla LCD, exhibici\u00f3n humedad y tiempo simult\u00e1neamente.  Con desviaci\u00f3n funci\u00f3n de calibraci\u00f3n.  Fuente de alimentaci\u00f3n del con 100 ~ 240VAC.     Tama\u00f1o de LED (pulgadas)\u00a0  3.0\u2033   Rango visual 40M.   Precisi\u00f3n de temperatura \u00b10,3 \u2103 (0 \u2103~50 \u2103), \u00b10,5 \u2103 (otro rango)  &nbsp;   Precisi\u00f3n de humedad\u00a0\u00a0 \u00b13 % HR (25 \u2103, 20 % HR ~ 80 % HR), \u00b1 5 % HR (otro rango)   Tipo de sensor\u00a0\u00a0 Integrado en un costado derecho   Rango de medici\u00f3n de temperatura\u00a0 \u00a0 -40~85\u2103   Rango de medici\u00f3n de humedad\u00a0 \u00a0 0~100%HR   Caracter\u00edsticas opcionales\u00a0externa de luz y sonido.\u00a0 \u00a0 \u00a0 \u00a0 \u00a0 \u00a0 \u00a0 \u00a0 \u00a0 \u00a0 \u00a0 \u00a0 \u00a0 \u00a0 \u00a0 \u00a0 \u00a0 \u00a0 \u00a0 \u00a0 \u00a0 \u00a0 \u00a0 \u00a0 \u00a0 \u00a0 \u00a0  \u2460 Alarma externa de luz y sonido.  \u2461 Alarma\u00a0\u00a0\u00a0 GSM.  \u2462Comunicaci\u00f3n RS485.  \u2463 Comunicaci\u00f3n TCP\/IP.  \u2464 Comunicaci\u00f3n WiFi.  \u2465 Registro de datos.   Dimensi\u00f3n del producto (CM).  38,5\u00d724,2\u00d74,6.   Dimensi\u00f3n de embalaje (CM).\u00a0 \u00a0\u00a0 46\u00d731,5\u00d78,5.    &nbsp;","og_url":"https:\/\/abaa.mx\/tienda\/termohigrometro-de-panel-he230ath\/","og_site_name":"Abaa tienda online","og_image":[{"width":544,"height":388,"url":"https:\/\/abaa.mx\/tienda\/wp-content\/uploads\/2023\/11\/HUATO-HE230ATH.jpg","type":"image\/jpeg"}],"twitter_card":"summary_large_image","twitter_misc":{"Tiempo de lectura":"1 minuto"},"schema":{"@context":"https:\/\/schema.org","@graph":[{"@type":"WebPage","@id":"https:\/\/abaa.mx\/tienda\/termohigrometro-de-panel-he230ath\/","url":"https:\/\/abaa.mx\/tienda\/termohigrometro-de-panel-he230ath\/","name":"Termohigr\u00f3metro De Panel - HE230ATH - Abaa tienda online","isPartOf":{"@id":"https:\/\/abaa.mx\/tienda\/#website"},"primaryImageOfPage":{"@id":"https:\/\/abaa.mx\/tienda\/termohigrometro-de-panel-he230ath\/#primaryimage"},"image":{"@id":"https:\/\/abaa.mx\/tienda\/termohigrometro-de-panel-he230ath\/#primaryimage"},"thumbnailUrl":"https:\/\/abaa.mx\/tienda\/wp-content\/uploads\/2023\/11\/HUATO-HE230ATH.jpg","datePublished":"2023-11-16T16:34:07+00:00","breadcrumb":{"@id":"https:\/\/abaa.mx\/tienda\/termohigrometro-de-panel-he230ath\/#breadcrumb"},"inLanguage":"es","potentialAction":[{"@type":"ReadAction","target":["https:\/\/abaa.mx\/tienda\/termohigrometro-de-panel-he230ath\/"]}]},{"@type":"ImageObject","inLanguage":"es","@id":"https:\/\/abaa.mx\/tienda\/termohigrometro-de-panel-he230ath\/#primaryimage","url":"https:\/\/abaa.mx\/tienda\/wp-content\/uploads\/2023\/11\/HUATO-HE230ATH.jpg","contentUrl":"https:\/\/abaa.mx\/tienda\/wp-content\/uploads\/2023\/11\/HUATO-HE230ATH.jpg","width":544,"height":388,"caption":"HUATO-HE230ATH"},{"@type":"BreadcrumbList","@id":"https:\/\/abaa.mx\/tienda\/termohigrometro-de-panel-he230ath\/#breadcrumb","itemListElement":[{"@type":"ListItem","position":1,"name":"Inicio","item":"https:\/\/abaa.mx\/tienda\/"},{"@type":"ListItem","position":2,"name":"Tienda","item":"https:\/\/abaa.mx\/tienda\/"},{"@type":"ListItem","position":3,"name":"Termohigr\u00f3metro De Panel &#8211; HE230ATH"}]},{"@type":"WebSite","@id":"https:\/\/abaa.mx\/tienda\/#website","url":"https:\/\/abaa.mx\/tienda\/","name":"Abaa tienda online","description":"Instrumentos de medici\u00f3n","publisher":{"@id":"https:\/\/abaa.mx\/tienda\/#organization"},"potentialAction":[{"@type":"SearchAction","target":{"@type":"EntryPoint","urlTemplate":"https:\/\/abaa.mx\/tienda\/?s={search_term_string}"},"query-input":{"@type":"PropertyValueSpecification","valueRequired":true,"valueName":"search_term_string"}}],"inLanguage":"es"},{"@type":"Organization","@id":"https:\/\/abaa.mx\/tienda\/#organization","name":"Abaa tienda online","url":"https:\/\/abaa.mx\/tienda\/","logo":{"@type":"ImageObject","inLanguage":"es","@id":"https:\/\/abaa.mx\/tienda\/#\/schema\/logo\/image\/","url":"https:\/\/abaa.mx\/tienda\/wp-content\/uploads\/2024\/01\/abaa-metrologia-tienda.png","contentUrl":"https:\/\/abaa.mx\/tienda\/wp-content\/uploads\/2024\/01\/abaa-metrologia-tienda.png","width":300,"height":141,"caption":"Abaa tienda online"},"image":{"@id":"https:\/\/abaa.mx\/tienda\/#\/schema\/logo\/image\/"}}]}},"_links":{"self":[{"href":"https:\/\/abaa.mx\/tienda\/wp-json\/wp\/v2\/product\/8964","targetHints":{"allow":["GET"]}}],"collection":[{"href":"https:\/\/abaa.mx\/tienda\/wp-json\/wp\/v2\/product"}],"about":[{"href":"https:\/\/abaa.mx\/tienda\/wp-json\/wp\/v2\/types\/product"}],"replies":[{"embeddable":true,"href":"https:\/\/abaa.mx\/tienda\/wp-json\/wp\/v2\/comments?post=8964"}],"wp:featuredmedia":[{"embeddable":true,"href":"https:\/\/abaa.mx\/tienda\/wp-json\/wp\/v2\/media\/8967"}],"wp:attachment":[{"href":"https:\/\/abaa.mx\/tienda\/wp-json\/wp\/v2\/media?parent=8964"}],"wp:term":[{"taxonomy":"product_brand","embeddable":true,"href":"https:\/\/abaa.mx\/tienda\/wp-json\/wp\/v2\/product_brand?post=8964"},{"taxonomy":"product_cat","embeddable":true,"href":"https:\/\/abaa.mx\/tienda\/wp-json\/wp\/v2\/product_cat?post=8964"},{"taxonomy":"product_tag","embeddable":true,"href":"https:\/\/abaa.mx\/tienda\/wp-json\/wp\/v2\/product_tag?post=8964"}],"curies":[{"name":"wp","href":"https:\/\/api.w.org\/{rel}","templated":true}]}}