{"id":8956,"date":"2023-11-16T15:44:22","date_gmt":"2023-11-16T15:44:22","guid":{"rendered":"https:\/\/abaa.mx\/tienda\/?post_type=product&#038;p=8956"},"modified":"2023-11-16T15:44:22","modified_gmt":"2023-11-16T15:44:22","slug":"termohigrometro-prhtemp","status":"publish","type":"product","link":"https:\/\/abaa.mx\/tienda\/termohigrometro-prhtemp\/","title":{"rendered":"Termohigrometro &#8211; PRHTEMP"},"content":{"rendered":"<p>Termohigrometro &#8211; PRHTEMP.<\/p>\n","protected":false},"excerpt":{"rendered":"<p><b>Caracteristicas:<\/b><\/p>\n<ul>\n<li>M\u00ednimo m\u00e1ximo. &amp; Promedio de estad\u00edsticas.<\/li>\n<li>Visualizaci\u00f3n simult\u00e1nea de temperatura, humedad y presi\u00f3n.<\/li>\n<li>Montaje en pared.<\/li>\n<li>Teclado frontal w \/ funci\u00f3n de bloqueo.<\/li>\n<li>Gran pantalla LCD retroiluminada.<\/li>\n<li>Convenientes indicadores de estado.<\/li>\n<li>Unidades de medida seleccionables por el usuario.<\/li>\n<li>Tiempo de inicio \/ parada programable.<\/li>\n<li>Aprobado CE.<\/li>\n<li>Bater\u00eda reemplazable por el usuario y alimentaci\u00f3n externa.<\/li>\n<\/ul>\n<p><b>Caracter\u00edsticas del software:<\/b><\/p>\n<ul>\n<li>Temperatura cin\u00e9tica media.<\/li>\n<li>Multiling\u00fce.<\/li>\n<li>Anotaci\u00f3n de datos.<\/li>\n<li>Ampliar reducir.<\/li>\n<li>Ecuaciones de letalidad (F0, PU).<\/li>\n<li>M\u00faltiples superposiciones de gr\u00e1ficos.<\/li>\n<li>Estad\u00edstica.<\/li>\n<li>Generaci\u00f3n autom\u00e1tica de informes.<\/li>\n<li>Vista de resumen.<\/li>\n<li>Soporte de zona horaria completa.<\/li>\n<li>Vista de tabla de datos.<\/li>\n<li>Calibraci\u00f3n digital.<\/li>\n<li>\/Max.\/Aeropuerto l\u00edneas.<\/li>\n<\/ul>\n","protected":false},"featured_media":8957,"comment_status":"open","ping_status":"closed","template":"","meta":{"_joinchat":[]},"product_brand":[],"product_cat":[133],"product_tag":[],"class_list":{"0":"post-8956","1":"product","2":"type-product","3":"status-publish","4":"has-post-thumbnail","6":"product_cat-termohigrometros-digitales","8":"first","9":"instock","10":"shipping-taxable","11":"product-type-simple"},"yoast_head":"<!-- This site is optimized with the Yoast SEO plugin v26.4 - https:\/\/yoast.com\/wordpress\/plugins\/seo\/ -->\n<title>Termohigrometro - PRHTEMP - Abaa tienda online<\/title>\n<meta name=\"robots\" content=\"index, follow, max-snippet:-1, max-image-preview:large, max-video-preview:-1\" \/>\n<link rel=\"canonical\" href=\"https:\/\/abaa.mx\/tienda\/termohigrometro-prhtemp\/\" \/>\n<meta property=\"og:locale\" content=\"es_MX\" \/>\n<meta property=\"og:type\" content=\"article\" \/>\n<meta property=\"og:title\" content=\"Termohigrometro - PRHTEMP - Abaa tienda online\" \/>\n<meta property=\"og:description\" content=\"Caracteristicas:   M\u00ednimo m\u00e1ximo. &amp; Promedio de estad\u00edsticas.  Visualizaci\u00f3n simult\u00e1nea de temperatura, humedad y presi\u00f3n.  Montaje en pared.  Teclado frontal w \/ funci\u00f3n de bloqueo.  Gran pantalla LCD retroiluminada.  Convenientes indicadores de estado.  Unidades de medida seleccionables por el usuario.  Tiempo de inicio \/ parada programable.  Aprobado CE.  Bater\u00eda reemplazable por el usuario y alimentaci\u00f3n externa.  Caracter\u00edsticas del software:   Temperatura cin\u00e9tica media.  Multiling\u00fce.  Anotaci\u00f3n de datos.  Ampliar reducir.  Ecuaciones de letalidad (F0, PU).  M\u00faltiples superposiciones de gr\u00e1ficos.  Estad\u00edstica.  Generaci\u00f3n autom\u00e1tica de informes.  Vista de resumen.  Soporte de zona horaria completa.  Vista de tabla de datos.  Calibraci\u00f3n digital.  \/Max.\/Aeropuerto l\u00edneas.\" \/>\n<meta property=\"og:url\" content=\"https:\/\/abaa.mx\/tienda\/termohigrometro-prhtemp\/\" \/>\n<meta property=\"og:site_name\" content=\"Abaa tienda online\" \/>\n<meta property=\"og:image\" content=\"https:\/\/abaa.mx\/tienda\/wp-content\/uploads\/2023\/11\/PTC-PRHTEMP.jpg\" \/>\n\t<meta property=\"og:image:width\" content=\"454\" \/>\n\t<meta property=\"og:image:height\" content=\"316\" \/>\n\t<meta property=\"og:image:type\" content=\"image\/jpeg\" \/>\n<meta name=\"twitter:card\" content=\"summary_large_image\" \/>\n<meta name=\"twitter:label1\" content=\"Tiempo de lectura\" \/>\n\t<meta name=\"twitter:data1\" content=\"1 minuto\" \/>\n<script type=\"application\/ld+json\" class=\"yoast-schema-graph\">{\"@context\":\"https:\/\/schema.org\",\"@graph\":[{\"@type\":\"WebPage\",\"@id\":\"https:\/\/abaa.mx\/tienda\/termohigrometro-prhtemp\/\",\"url\":\"https:\/\/abaa.mx\/tienda\/termohigrometro-prhtemp\/\",\"name\":\"Termohigrometro - PRHTEMP - Abaa tienda online\",\"isPartOf\":{\"@id\":\"https:\/\/abaa.mx\/tienda\/#website\"},\"primaryImageOfPage\":{\"@id\":\"https:\/\/abaa.mx\/tienda\/termohigrometro-prhtemp\/#primaryimage\"},\"image\":{\"@id\":\"https:\/\/abaa.mx\/tienda\/termohigrometro-prhtemp\/#primaryimage\"},\"thumbnailUrl\":\"https:\/\/abaa.mx\/tienda\/wp-content\/uploads\/2023\/11\/PTC-PRHTEMP.jpg\",\"datePublished\":\"2023-11-16T15:44:22+00:00\",\"breadcrumb\":{\"@id\":\"https:\/\/abaa.mx\/tienda\/termohigrometro-prhtemp\/#breadcrumb\"},\"inLanguage\":\"es\",\"potentialAction\":[{\"@type\":\"ReadAction\",\"target\":[\"https:\/\/abaa.mx\/tienda\/termohigrometro-prhtemp\/\"]}]},{\"@type\":\"ImageObject\",\"inLanguage\":\"es\",\"@id\":\"https:\/\/abaa.mx\/tienda\/termohigrometro-prhtemp\/#primaryimage\",\"url\":\"https:\/\/abaa.mx\/tienda\/wp-content\/uploads\/2023\/11\/PTC-PRHTEMP.jpg\",\"contentUrl\":\"https:\/\/abaa.mx\/tienda\/wp-content\/uploads\/2023\/11\/PTC-PRHTEMP.jpg\",\"width\":454,\"height\":316,\"caption\":\"PTC-PRHTEMP\"},{\"@type\":\"BreadcrumbList\",\"@id\":\"https:\/\/abaa.mx\/tienda\/termohigrometro-prhtemp\/#breadcrumb\",\"itemListElement\":[{\"@type\":\"ListItem\",\"position\":1,\"name\":\"Inicio\",\"item\":\"https:\/\/abaa.mx\/tienda\/\"},{\"@type\":\"ListItem\",\"position\":2,\"name\":\"Tienda\",\"item\":\"https:\/\/abaa.mx\/tienda\/\"},{\"@type\":\"ListItem\",\"position\":3,\"name\":\"Termohigrometro &#8211; PRHTEMP\"}]},{\"@type\":\"WebSite\",\"@id\":\"https:\/\/abaa.mx\/tienda\/#website\",\"url\":\"https:\/\/abaa.mx\/tienda\/\",\"name\":\"Abaa tienda online\",\"description\":\"Instrumentos de medici\u00f3n\",\"publisher\":{\"@id\":\"https:\/\/abaa.mx\/tienda\/#organization\"},\"potentialAction\":[{\"@type\":\"SearchAction\",\"target\":{\"@type\":\"EntryPoint\",\"urlTemplate\":\"https:\/\/abaa.mx\/tienda\/?s={search_term_string}\"},\"query-input\":{\"@type\":\"PropertyValueSpecification\",\"valueRequired\":true,\"valueName\":\"search_term_string\"}}],\"inLanguage\":\"es\"},{\"@type\":\"Organization\",\"@id\":\"https:\/\/abaa.mx\/tienda\/#organization\",\"name\":\"Abaa tienda online\",\"url\":\"https:\/\/abaa.mx\/tienda\/\",\"logo\":{\"@type\":\"ImageObject\",\"inLanguage\":\"es\",\"@id\":\"https:\/\/abaa.mx\/tienda\/#\/schema\/logo\/image\/\",\"url\":\"https:\/\/abaa.mx\/tienda\/wp-content\/uploads\/2024\/01\/abaa-metrologia-tienda.png\",\"contentUrl\":\"https:\/\/abaa.mx\/tienda\/wp-content\/uploads\/2024\/01\/abaa-metrologia-tienda.png\",\"width\":300,\"height\":141,\"caption\":\"Abaa tienda online\"},\"image\":{\"@id\":\"https:\/\/abaa.mx\/tienda\/#\/schema\/logo\/image\/\"}}]}<\/script>\n<!-- \/ Yoast SEO plugin. -->","yoast_head_json":{"title":"Termohigrometro - PRHTEMP - Abaa tienda online","robots":{"index":"index","follow":"follow","max-snippet":"max-snippet:-1","max-image-preview":"max-image-preview:large","max-video-preview":"max-video-preview:-1"},"canonical":"https:\/\/abaa.mx\/tienda\/termohigrometro-prhtemp\/","og_locale":"es_MX","og_type":"article","og_title":"Termohigrometro - PRHTEMP - Abaa tienda online","og_description":"Caracteristicas:   M\u00ednimo m\u00e1ximo. &amp; Promedio de estad\u00edsticas.  Visualizaci\u00f3n simult\u00e1nea de temperatura, humedad y presi\u00f3n.  Montaje en pared.  Teclado frontal w \/ funci\u00f3n de bloqueo.  Gran pantalla LCD retroiluminada.  Convenientes indicadores de estado.  Unidades de medida seleccionables por el usuario.  Tiempo de inicio \/ parada programable.  Aprobado CE.  Bater\u00eda reemplazable por el usuario y alimentaci\u00f3n externa.  Caracter\u00edsticas del software:   Temperatura cin\u00e9tica media.  Multiling\u00fce.  Anotaci\u00f3n de datos.  Ampliar reducir.  Ecuaciones de letalidad (F0, PU).  M\u00faltiples superposiciones de gr\u00e1ficos.  Estad\u00edstica.  Generaci\u00f3n autom\u00e1tica de informes.  Vista de resumen.  Soporte de zona horaria completa.  Vista de tabla de datos.  Calibraci\u00f3n digital.  \/Max.\/Aeropuerto l\u00edneas.","og_url":"https:\/\/abaa.mx\/tienda\/termohigrometro-prhtemp\/","og_site_name":"Abaa tienda online","og_image":[{"width":454,"height":316,"url":"https:\/\/abaa.mx\/tienda\/wp-content\/uploads\/2023\/11\/PTC-PRHTEMP.jpg","type":"image\/jpeg"}],"twitter_card":"summary_large_image","twitter_misc":{"Tiempo de lectura":"1 minuto"},"schema":{"@context":"https:\/\/schema.org","@graph":[{"@type":"WebPage","@id":"https:\/\/abaa.mx\/tienda\/termohigrometro-prhtemp\/","url":"https:\/\/abaa.mx\/tienda\/termohigrometro-prhtemp\/","name":"Termohigrometro - PRHTEMP - Abaa tienda online","isPartOf":{"@id":"https:\/\/abaa.mx\/tienda\/#website"},"primaryImageOfPage":{"@id":"https:\/\/abaa.mx\/tienda\/termohigrometro-prhtemp\/#primaryimage"},"image":{"@id":"https:\/\/abaa.mx\/tienda\/termohigrometro-prhtemp\/#primaryimage"},"thumbnailUrl":"https:\/\/abaa.mx\/tienda\/wp-content\/uploads\/2023\/11\/PTC-PRHTEMP.jpg","datePublished":"2023-11-16T15:44:22+00:00","breadcrumb":{"@id":"https:\/\/abaa.mx\/tienda\/termohigrometro-prhtemp\/#breadcrumb"},"inLanguage":"es","potentialAction":[{"@type":"ReadAction","target":["https:\/\/abaa.mx\/tienda\/termohigrometro-prhtemp\/"]}]},{"@type":"ImageObject","inLanguage":"es","@id":"https:\/\/abaa.mx\/tienda\/termohigrometro-prhtemp\/#primaryimage","url":"https:\/\/abaa.mx\/tienda\/wp-content\/uploads\/2023\/11\/PTC-PRHTEMP.jpg","contentUrl":"https:\/\/abaa.mx\/tienda\/wp-content\/uploads\/2023\/11\/PTC-PRHTEMP.jpg","width":454,"height":316,"caption":"PTC-PRHTEMP"},{"@type":"BreadcrumbList","@id":"https:\/\/abaa.mx\/tienda\/termohigrometro-prhtemp\/#breadcrumb","itemListElement":[{"@type":"ListItem","position":1,"name":"Inicio","item":"https:\/\/abaa.mx\/tienda\/"},{"@type":"ListItem","position":2,"name":"Tienda","item":"https:\/\/abaa.mx\/tienda\/"},{"@type":"ListItem","position":3,"name":"Termohigrometro &#8211; PRHTEMP"}]},{"@type":"WebSite","@id":"https:\/\/abaa.mx\/tienda\/#website","url":"https:\/\/abaa.mx\/tienda\/","name":"Abaa tienda online","description":"Instrumentos de medici\u00f3n","publisher":{"@id":"https:\/\/abaa.mx\/tienda\/#organization"},"potentialAction":[{"@type":"SearchAction","target":{"@type":"EntryPoint","urlTemplate":"https:\/\/abaa.mx\/tienda\/?s={search_term_string}"},"query-input":{"@type":"PropertyValueSpecification","valueRequired":true,"valueName":"search_term_string"}}],"inLanguage":"es"},{"@type":"Organization","@id":"https:\/\/abaa.mx\/tienda\/#organization","name":"Abaa tienda online","url":"https:\/\/abaa.mx\/tienda\/","logo":{"@type":"ImageObject","inLanguage":"es","@id":"https:\/\/abaa.mx\/tienda\/#\/schema\/logo\/image\/","url":"https:\/\/abaa.mx\/tienda\/wp-content\/uploads\/2024\/01\/abaa-metrologia-tienda.png","contentUrl":"https:\/\/abaa.mx\/tienda\/wp-content\/uploads\/2024\/01\/abaa-metrologia-tienda.png","width":300,"height":141,"caption":"Abaa tienda online"},"image":{"@id":"https:\/\/abaa.mx\/tienda\/#\/schema\/logo\/image\/"}}]}},"_links":{"self":[{"href":"https:\/\/abaa.mx\/tienda\/wp-json\/wp\/v2\/product\/8956","targetHints":{"allow":["GET"]}}],"collection":[{"href":"https:\/\/abaa.mx\/tienda\/wp-json\/wp\/v2\/product"}],"about":[{"href":"https:\/\/abaa.mx\/tienda\/wp-json\/wp\/v2\/types\/product"}],"replies":[{"embeddable":true,"href":"https:\/\/abaa.mx\/tienda\/wp-json\/wp\/v2\/comments?post=8956"}],"wp:featuredmedia":[{"embeddable":true,"href":"https:\/\/abaa.mx\/tienda\/wp-json\/wp\/v2\/media\/8957"}],"wp:attachment":[{"href":"https:\/\/abaa.mx\/tienda\/wp-json\/wp\/v2\/media?parent=8956"}],"wp:term":[{"taxonomy":"product_brand","embeddable":true,"href":"https:\/\/abaa.mx\/tienda\/wp-json\/wp\/v2\/product_brand?post=8956"},{"taxonomy":"product_cat","embeddable":true,"href":"https:\/\/abaa.mx\/tienda\/wp-json\/wp\/v2\/product_cat?post=8956"},{"taxonomy":"product_tag","embeddable":true,"href":"https:\/\/abaa.mx\/tienda\/wp-json\/wp\/v2\/product_tag?post=8956"}],"curies":[{"name":"wp","href":"https:\/\/api.w.org\/{rel}","templated":true}]}}