{"id":8951,"date":"2023-11-16T15:40:19","date_gmt":"2023-11-16T15:40:19","guid":{"rendered":"https:\/\/abaa.mx\/tienda\/?post_type=product&#038;p=8951"},"modified":"2023-11-16T15:40:19","modified_gmt":"2023-11-16T15:40:19","slug":"medidor-de-temperatura-humedadtemperatura-de-punto-de-rocio-y-bulbo-humedo-sensor-tipo-cabletenmars-tm183p","status":"publish","type":"product","link":"https:\/\/abaa.mx\/tienda\/medidor-de-temperatura-humedadtemperatura-de-punto-de-rocio-y-bulbo-humedo-sensor-tipo-cabletenmars-tm183p\/","title":{"rendered":"Medidor de temperatura-Humedad,temperatura de punto de roc\u00edo y bulbo h\u00famedo, Sensor tipo Cable,Tenmars &#8211; TM183P"},"content":{"rendered":"<p>Medidor de temperatura-Humedad,temperatura de punto de roc\u00edo y bulbo h\u00famedo, Sensor tipo Cable,Tenmars &#8211; TM183P.<\/p>\n","protected":false},"excerpt":{"rendered":"<ul>Medidor de temperatura \/ humedad TM-183P<\/ul>\n<p><strong>Especificaciones:<\/strong><\/p>\n<ul>\n<li>Temperatura y humedad de funcionamiento: 0 \u00b0 C ~ + 60 \u00b0 C.<\/li>\n<li>VPrecisi\u00f3n: Humedad: \u00b1 3% (20 ~ 80% HR, @ 25 \u00b0 C) \u00b1 5% (80%, @ 25 \u00b0 C).<\/li>\n<li>Funci\u00f3n de valor de resta relativo (REL).<\/li>\n<li>Rango de medici\u00f3n de temperatura: -20.0 \u00b0 C ~ + 60.0 \u00b0 C (-4.0 \u00b0 F Humedad).<\/li>\n<li>Pantalla: pantalla LCD doble. El valor m\u00e1ximo en la pantalla principal es 1999.<\/li>\n<li>Mantenga simult\u00e1neamente la temperatura y lecturas de humedad.<\/li>\n<li>El valor m\u00e1ximo en la pantalla secundaria es 9999.<\/li>\n<li>Fuente de alimentaci\u00f3n: una bater\u00eda de 9V, NEDA 1604, IEC 6F22 o JIS 006P.<\/li>\n<li>Temperatura y humedad de almacenamiento: -10 a 60 \u00b0 C.<\/li>\n<li>Almacena hasta 200 lecturas.<\/li>\n<li>Temperatura de punto de roc\u00edo y bulbo h\u00famedo medici\u00f3n.<\/li>\n<li>Seleccione entre diferentes escalas de temperatura(\u00b0C\/\u00b0F).<\/li>\n<li>Dimensiones: 200 \u00d7 55 \u00d7 38 mm (L \u00d7 W \u00d7 H) (TM-183) 130 \u00d7 56 \u00d7 38 mm (largo \u00d7 ancho \u00d7 alto) (TM-183P).<\/li>\n<li>Rango de medici\u00f3n de humedad: 1% ~ 99% RH.<\/li>\n<li>Duraci\u00f3n de la bater\u00eda: 200 horas durante el uso consecutivo.<\/li>\n<li>Velocidad de muestreo: 1 muestra por segundo.<\/li>\n<li>Accesorios: manual de usuario, bater\u00eda, malet\u00edn de transporte, sonda de temperatura y humedad (TM-183P).<\/li>\n<li>Pantalla dual de temperatura y humedad.<\/li>\n<li>Apagado autom\u00e1tico.<\/li>\n<li>Funci\u00f3n de alerta de alarma (SET).<\/li>\n<li>Indicador de bater\u00eda baja: cuando la pantalla LCD muestra el s\u00edmbolo, reemplace la bater\u00eda.<\/li>\n<li>Temperatura: \u00b1 0.8 \u00b0 C, \u00b1 1.5 \u00b0 F.<\/li>\n<li>Simult\u00e1neamente mantenga tanto M\u00e1ximo como lecturas m\u00ednimas y medias (MAX \/ MIN \/ AVG) con marcas de tiempo.<\/li>\n<li>Peso: 200 g (sin incluir la bater\u00eda).<\/li>\n<\/ul>\n<p>&nbsp;<\/p>\n","protected":false},"featured_media":8955,"comment_status":"open","ping_status":"closed","template":"","meta":{"_joinchat":[]},"product_brand":[],"product_cat":[133],"product_tag":[],"class_list":{"0":"post-8951","1":"product","2":"type-product","3":"status-publish","4":"has-post-thumbnail","6":"product_cat-termohigrometros-digitales","8":"first","9":"instock","10":"shipping-taxable","11":"product-type-simple"},"yoast_head":"<!-- This site is optimized with the Yoast SEO plugin v26.4 - https:\/\/yoast.com\/wordpress\/plugins\/seo\/ -->\n<title>Medidor de temperatura-Humedad,temperatura de punto de roc\u00edo y bulbo h\u00famedo, Sensor tipo Cable,Tenmars - TM183P - Abaa tienda online<\/title>\n<meta name=\"robots\" content=\"index, follow, max-snippet:-1, max-image-preview:large, max-video-preview:-1\" \/>\n<link rel=\"canonical\" href=\"https:\/\/abaa.mx\/tienda\/medidor-de-temperatura-humedadtemperatura-de-punto-de-rocio-y-bulbo-humedo-sensor-tipo-cabletenmars-tm183p\/\" \/>\n<meta property=\"og:locale\" content=\"es_MX\" \/>\n<meta property=\"og:type\" content=\"article\" \/>\n<meta property=\"og:title\" content=\"Medidor de temperatura-Humedad,temperatura de punto de roc\u00edo y bulbo h\u00famedo, Sensor tipo Cable,Tenmars - TM183P - Abaa tienda online\" \/>\n<meta property=\"og:description\" content=\"Medidor de temperatura \/ humedad TM-183P Especificaciones:   Temperatura y humedad de funcionamiento: 0 \u00b0 C ~ + 60 \u00b0 C.  VPrecisi\u00f3n: Humedad: \u00b1 3% (20 ~ 80% HR, @ 25 \u00b0 C) \u00b1 5% (80%, @ 25 \u00b0 C).  Funci\u00f3n de valor de resta relativo (REL).  Rango de medici\u00f3n de temperatura: -20.0 \u00b0 C ~ + 60.0 \u00b0 C (-4.0 \u00b0 F Humedad).  Pantalla: pantalla LCD doble. El valor m\u00e1ximo en la pantalla principal es 1999.  Mantenga simult\u00e1neamente la temperatura y lecturas de humedad.  El valor m\u00e1ximo en la pantalla secundaria es 9999.  Fuente de alimentaci\u00f3n: una bater\u00eda de 9V, NEDA 1604, IEC 6F22 o JIS 006P.  Temperatura y humedad de almacenamiento: -10 a 60 \u00b0 C.  Almacena hasta 200 lecturas.  Temperatura de punto de roc\u00edo y bulbo h\u00famedo medici\u00f3n.  Seleccione entre diferentes escalas de temperatura(\u00b0C\/\u00b0F).  Dimensiones: 200 \u00d7 55 \u00d7 38 mm (L \u00d7 W \u00d7 H) (TM-183) 130 \u00d7 56 \u00d7 38 mm (largo \u00d7 ancho \u00d7 alto) (TM-183P).  Rango de medici\u00f3n de humedad: 1% ~ 99% RH.  Duraci\u00f3n de la bater\u00eda: 200 horas durante el uso consecutivo.  Velocidad de muestreo: 1 muestra por segundo.  Accesorios: manual de usuario, bater\u00eda, malet\u00edn de transporte, sonda de temperatura y humedad (TM-183P).  Pantalla dual de temperatura y humedad.  Apagado autom\u00e1tico.  Funci\u00f3n de alerta de alarma (SET).  Indicador de bater\u00eda baja: cuando la pantalla LCD muestra el s\u00edmbolo, reemplace la bater\u00eda.  Temperatura: \u00b1 0.8 \u00b0 C, \u00b1 1.5 \u00b0 F.  Simult\u00e1neamente mantenga tanto M\u00e1ximo como lecturas m\u00ednimas y medias (MAX \/ MIN \/ AVG) con marcas de tiempo.  Peso: 200 g (sin incluir la bater\u00eda).  &nbsp;\" \/>\n<meta property=\"og:url\" content=\"https:\/\/abaa.mx\/tienda\/medidor-de-temperatura-humedadtemperatura-de-punto-de-rocio-y-bulbo-humedo-sensor-tipo-cabletenmars-tm183p\/\" \/>\n<meta property=\"og:site_name\" content=\"Abaa tienda online\" \/>\n<meta property=\"og:image\" content=\"https:\/\/abaa.mx\/tienda\/wp-content\/uploads\/2023\/11\/TENMARS-TM183P-1.jpg\" \/>\n\t<meta property=\"og:image:width\" content=\"348\" \/>\n\t<meta property=\"og:image:height\" content=\"376\" \/>\n\t<meta property=\"og:image:type\" content=\"image\/jpeg\" \/>\n<meta name=\"twitter:card\" content=\"summary_large_image\" \/>\n<meta name=\"twitter:label1\" content=\"Tiempo de lectura\" \/>\n\t<meta name=\"twitter:data1\" content=\"1 minuto\" \/>\n<script type=\"application\/ld+json\" class=\"yoast-schema-graph\">{\"@context\":\"https:\/\/schema.org\",\"@graph\":[{\"@type\":\"WebPage\",\"@id\":\"https:\/\/abaa.mx\/tienda\/medidor-de-temperatura-humedadtemperatura-de-punto-de-rocio-y-bulbo-humedo-sensor-tipo-cabletenmars-tm183p\/\",\"url\":\"https:\/\/abaa.mx\/tienda\/medidor-de-temperatura-humedadtemperatura-de-punto-de-rocio-y-bulbo-humedo-sensor-tipo-cabletenmars-tm183p\/\",\"name\":\"Medidor de temperatura-Humedad,temperatura de punto de roc\u00edo y bulbo h\u00famedo, Sensor tipo Cable,Tenmars - TM183P - Abaa tienda online\",\"isPartOf\":{\"@id\":\"https:\/\/abaa.mx\/tienda\/#website\"},\"primaryImageOfPage\":{\"@id\":\"https:\/\/abaa.mx\/tienda\/medidor-de-temperatura-humedadtemperatura-de-punto-de-rocio-y-bulbo-humedo-sensor-tipo-cabletenmars-tm183p\/#primaryimage\"},\"image\":{\"@id\":\"https:\/\/abaa.mx\/tienda\/medidor-de-temperatura-humedadtemperatura-de-punto-de-rocio-y-bulbo-humedo-sensor-tipo-cabletenmars-tm183p\/#primaryimage\"},\"thumbnailUrl\":\"https:\/\/abaa.mx\/tienda\/wp-content\/uploads\/2023\/11\/TENMARS-TM183P-1.jpg\",\"datePublished\":\"2023-11-16T15:40:19+00:00\",\"breadcrumb\":{\"@id\":\"https:\/\/abaa.mx\/tienda\/medidor-de-temperatura-humedadtemperatura-de-punto-de-rocio-y-bulbo-humedo-sensor-tipo-cabletenmars-tm183p\/#breadcrumb\"},\"inLanguage\":\"es\",\"potentialAction\":[{\"@type\":\"ReadAction\",\"target\":[\"https:\/\/abaa.mx\/tienda\/medidor-de-temperatura-humedadtemperatura-de-punto-de-rocio-y-bulbo-humedo-sensor-tipo-cabletenmars-tm183p\/\"]}]},{\"@type\":\"ImageObject\",\"inLanguage\":\"es\",\"@id\":\"https:\/\/abaa.mx\/tienda\/medidor-de-temperatura-humedadtemperatura-de-punto-de-rocio-y-bulbo-humedo-sensor-tipo-cabletenmars-tm183p\/#primaryimage\",\"url\":\"https:\/\/abaa.mx\/tienda\/wp-content\/uploads\/2023\/11\/TENMARS-TM183P-1.jpg\",\"contentUrl\":\"https:\/\/abaa.mx\/tienda\/wp-content\/uploads\/2023\/11\/TENMARS-TM183P-1.jpg\",\"width\":348,\"height\":376,\"caption\":\"TENMARS-TM183P\"},{\"@type\":\"BreadcrumbList\",\"@id\":\"https:\/\/abaa.mx\/tienda\/medidor-de-temperatura-humedadtemperatura-de-punto-de-rocio-y-bulbo-humedo-sensor-tipo-cabletenmars-tm183p\/#breadcrumb\",\"itemListElement\":[{\"@type\":\"ListItem\",\"position\":1,\"name\":\"Inicio\",\"item\":\"https:\/\/abaa.mx\/tienda\/\"},{\"@type\":\"ListItem\",\"position\":2,\"name\":\"Tienda\",\"item\":\"https:\/\/abaa.mx\/tienda\/\"},{\"@type\":\"ListItem\",\"position\":3,\"name\":\"Medidor de temperatura-Humedad,temperatura de punto de roc\u00edo y bulbo h\u00famedo, Sensor tipo Cable,Tenmars &#8211; TM183P\"}]},{\"@type\":\"WebSite\",\"@id\":\"https:\/\/abaa.mx\/tienda\/#website\",\"url\":\"https:\/\/abaa.mx\/tienda\/\",\"name\":\"Abaa tienda online\",\"description\":\"Instrumentos de medici\u00f3n\",\"publisher\":{\"@id\":\"https:\/\/abaa.mx\/tienda\/#organization\"},\"potentialAction\":[{\"@type\":\"SearchAction\",\"target\":{\"@type\":\"EntryPoint\",\"urlTemplate\":\"https:\/\/abaa.mx\/tienda\/?s={search_term_string}\"},\"query-input\":{\"@type\":\"PropertyValueSpecification\",\"valueRequired\":true,\"valueName\":\"search_term_string\"}}],\"inLanguage\":\"es\"},{\"@type\":\"Organization\",\"@id\":\"https:\/\/abaa.mx\/tienda\/#organization\",\"name\":\"Abaa tienda online\",\"url\":\"https:\/\/abaa.mx\/tienda\/\",\"logo\":{\"@type\":\"ImageObject\",\"inLanguage\":\"es\",\"@id\":\"https:\/\/abaa.mx\/tienda\/#\/schema\/logo\/image\/\",\"url\":\"https:\/\/abaa.mx\/tienda\/wp-content\/uploads\/2024\/01\/abaa-metrologia-tienda.png\",\"contentUrl\":\"https:\/\/abaa.mx\/tienda\/wp-content\/uploads\/2024\/01\/abaa-metrologia-tienda.png\",\"width\":300,\"height\":141,\"caption\":\"Abaa tienda online\"},\"image\":{\"@id\":\"https:\/\/abaa.mx\/tienda\/#\/schema\/logo\/image\/\"}}]}<\/script>\n<!-- \/ Yoast SEO plugin. -->","yoast_head_json":{"title":"Medidor de temperatura-Humedad,temperatura de punto de roc\u00edo y bulbo h\u00famedo, Sensor tipo Cable,Tenmars - TM183P - Abaa tienda online","robots":{"index":"index","follow":"follow","max-snippet":"max-snippet:-1","max-image-preview":"max-image-preview:large","max-video-preview":"max-video-preview:-1"},"canonical":"https:\/\/abaa.mx\/tienda\/medidor-de-temperatura-humedadtemperatura-de-punto-de-rocio-y-bulbo-humedo-sensor-tipo-cabletenmars-tm183p\/","og_locale":"es_MX","og_type":"article","og_title":"Medidor de temperatura-Humedad,temperatura de punto de roc\u00edo y bulbo h\u00famedo, Sensor tipo Cable,Tenmars - TM183P - Abaa tienda online","og_description":"Medidor de temperatura \/ humedad TM-183P Especificaciones:   Temperatura y humedad de funcionamiento: 0 \u00b0 C ~ + 60 \u00b0 C.  VPrecisi\u00f3n: Humedad: \u00b1 3% (20 ~ 80% HR, @ 25 \u00b0 C) \u00b1 5% (80%, @ 25 \u00b0 C).  Funci\u00f3n de valor de resta relativo (REL).  Rango de medici\u00f3n de temperatura: -20.0 \u00b0 C ~ + 60.0 \u00b0 C (-4.0 \u00b0 F Humedad).  Pantalla: pantalla LCD doble. El valor m\u00e1ximo en la pantalla principal es 1999.  Mantenga simult\u00e1neamente la temperatura y lecturas de humedad.  El valor m\u00e1ximo en la pantalla secundaria es 9999.  Fuente de alimentaci\u00f3n: una bater\u00eda de 9V, NEDA 1604, IEC 6F22 o JIS 006P.  Temperatura y humedad de almacenamiento: -10 a 60 \u00b0 C.  Almacena hasta 200 lecturas.  Temperatura de punto de roc\u00edo y bulbo h\u00famedo medici\u00f3n.  Seleccione entre diferentes escalas de temperatura(\u00b0C\/\u00b0F).  Dimensiones: 200 \u00d7 55 \u00d7 38 mm (L \u00d7 W \u00d7 H) (TM-183) 130 \u00d7 56 \u00d7 38 mm (largo \u00d7 ancho \u00d7 alto) (TM-183P).  Rango de medici\u00f3n de humedad: 1% ~ 99% RH.  Duraci\u00f3n de la bater\u00eda: 200 horas durante el uso consecutivo.  Velocidad de muestreo: 1 muestra por segundo.  Accesorios: manual de usuario, bater\u00eda, malet\u00edn de transporte, sonda de temperatura y humedad (TM-183P).  Pantalla dual de temperatura y humedad.  Apagado autom\u00e1tico.  Funci\u00f3n de alerta de alarma (SET).  Indicador de bater\u00eda baja: cuando la pantalla LCD muestra el s\u00edmbolo, reemplace la bater\u00eda.  Temperatura: \u00b1 0.8 \u00b0 C, \u00b1 1.5 \u00b0 F.  Simult\u00e1neamente mantenga tanto M\u00e1ximo como lecturas m\u00ednimas y medias (MAX \/ MIN \/ AVG) con marcas de tiempo.  Peso: 200 g (sin incluir la bater\u00eda).  &nbsp;","og_url":"https:\/\/abaa.mx\/tienda\/medidor-de-temperatura-humedadtemperatura-de-punto-de-rocio-y-bulbo-humedo-sensor-tipo-cabletenmars-tm183p\/","og_site_name":"Abaa tienda online","og_image":[{"width":348,"height":376,"url":"https:\/\/abaa.mx\/tienda\/wp-content\/uploads\/2023\/11\/TENMARS-TM183P-1.jpg","type":"image\/jpeg"}],"twitter_card":"summary_large_image","twitter_misc":{"Tiempo de lectura":"1 minuto"},"schema":{"@context":"https:\/\/schema.org","@graph":[{"@type":"WebPage","@id":"https:\/\/abaa.mx\/tienda\/medidor-de-temperatura-humedadtemperatura-de-punto-de-rocio-y-bulbo-humedo-sensor-tipo-cabletenmars-tm183p\/","url":"https:\/\/abaa.mx\/tienda\/medidor-de-temperatura-humedadtemperatura-de-punto-de-rocio-y-bulbo-humedo-sensor-tipo-cabletenmars-tm183p\/","name":"Medidor de temperatura-Humedad,temperatura de punto de roc\u00edo y bulbo h\u00famedo, Sensor tipo Cable,Tenmars - TM183P - Abaa tienda online","isPartOf":{"@id":"https:\/\/abaa.mx\/tienda\/#website"},"primaryImageOfPage":{"@id":"https:\/\/abaa.mx\/tienda\/medidor-de-temperatura-humedadtemperatura-de-punto-de-rocio-y-bulbo-humedo-sensor-tipo-cabletenmars-tm183p\/#primaryimage"},"image":{"@id":"https:\/\/abaa.mx\/tienda\/medidor-de-temperatura-humedadtemperatura-de-punto-de-rocio-y-bulbo-humedo-sensor-tipo-cabletenmars-tm183p\/#primaryimage"},"thumbnailUrl":"https:\/\/abaa.mx\/tienda\/wp-content\/uploads\/2023\/11\/TENMARS-TM183P-1.jpg","datePublished":"2023-11-16T15:40:19+00:00","breadcrumb":{"@id":"https:\/\/abaa.mx\/tienda\/medidor-de-temperatura-humedadtemperatura-de-punto-de-rocio-y-bulbo-humedo-sensor-tipo-cabletenmars-tm183p\/#breadcrumb"},"inLanguage":"es","potentialAction":[{"@type":"ReadAction","target":["https:\/\/abaa.mx\/tienda\/medidor-de-temperatura-humedadtemperatura-de-punto-de-rocio-y-bulbo-humedo-sensor-tipo-cabletenmars-tm183p\/"]}]},{"@type":"ImageObject","inLanguage":"es","@id":"https:\/\/abaa.mx\/tienda\/medidor-de-temperatura-humedadtemperatura-de-punto-de-rocio-y-bulbo-humedo-sensor-tipo-cabletenmars-tm183p\/#primaryimage","url":"https:\/\/abaa.mx\/tienda\/wp-content\/uploads\/2023\/11\/TENMARS-TM183P-1.jpg","contentUrl":"https:\/\/abaa.mx\/tienda\/wp-content\/uploads\/2023\/11\/TENMARS-TM183P-1.jpg","width":348,"height":376,"caption":"TENMARS-TM183P"},{"@type":"BreadcrumbList","@id":"https:\/\/abaa.mx\/tienda\/medidor-de-temperatura-humedadtemperatura-de-punto-de-rocio-y-bulbo-humedo-sensor-tipo-cabletenmars-tm183p\/#breadcrumb","itemListElement":[{"@type":"ListItem","position":1,"name":"Inicio","item":"https:\/\/abaa.mx\/tienda\/"},{"@type":"ListItem","position":2,"name":"Tienda","item":"https:\/\/abaa.mx\/tienda\/"},{"@type":"ListItem","position":3,"name":"Medidor de temperatura-Humedad,temperatura de punto de roc\u00edo y bulbo h\u00famedo, Sensor tipo Cable,Tenmars &#8211; TM183P"}]},{"@type":"WebSite","@id":"https:\/\/abaa.mx\/tienda\/#website","url":"https:\/\/abaa.mx\/tienda\/","name":"Abaa tienda online","description":"Instrumentos de medici\u00f3n","publisher":{"@id":"https:\/\/abaa.mx\/tienda\/#organization"},"potentialAction":[{"@type":"SearchAction","target":{"@type":"EntryPoint","urlTemplate":"https:\/\/abaa.mx\/tienda\/?s={search_term_string}"},"query-input":{"@type":"PropertyValueSpecification","valueRequired":true,"valueName":"search_term_string"}}],"inLanguage":"es"},{"@type":"Organization","@id":"https:\/\/abaa.mx\/tienda\/#organization","name":"Abaa tienda online","url":"https:\/\/abaa.mx\/tienda\/","logo":{"@type":"ImageObject","inLanguage":"es","@id":"https:\/\/abaa.mx\/tienda\/#\/schema\/logo\/image\/","url":"https:\/\/abaa.mx\/tienda\/wp-content\/uploads\/2024\/01\/abaa-metrologia-tienda.png","contentUrl":"https:\/\/abaa.mx\/tienda\/wp-content\/uploads\/2024\/01\/abaa-metrologia-tienda.png","width":300,"height":141,"caption":"Abaa tienda online"},"image":{"@id":"https:\/\/abaa.mx\/tienda\/#\/schema\/logo\/image\/"}}]}},"_links":{"self":[{"href":"https:\/\/abaa.mx\/tienda\/wp-json\/wp\/v2\/product\/8951","targetHints":{"allow":["GET"]}}],"collection":[{"href":"https:\/\/abaa.mx\/tienda\/wp-json\/wp\/v2\/product"}],"about":[{"href":"https:\/\/abaa.mx\/tienda\/wp-json\/wp\/v2\/types\/product"}],"replies":[{"embeddable":true,"href":"https:\/\/abaa.mx\/tienda\/wp-json\/wp\/v2\/comments?post=8951"}],"wp:featuredmedia":[{"embeddable":true,"href":"https:\/\/abaa.mx\/tienda\/wp-json\/wp\/v2\/media\/8955"}],"wp:attachment":[{"href":"https:\/\/abaa.mx\/tienda\/wp-json\/wp\/v2\/media?parent=8951"}],"wp:term":[{"taxonomy":"product_brand","embeddable":true,"href":"https:\/\/abaa.mx\/tienda\/wp-json\/wp\/v2\/product_brand?post=8951"},{"taxonomy":"product_cat","embeddable":true,"href":"https:\/\/abaa.mx\/tienda\/wp-json\/wp\/v2\/product_cat?post=8951"},{"taxonomy":"product_tag","embeddable":true,"href":"https:\/\/abaa.mx\/tienda\/wp-json\/wp\/v2\/product_tag?post=8951"}],"curies":[{"name":"wp","href":"https:\/\/api.w.org\/{rel}","templated":true}]}}