{"id":8950,"date":"2023-11-16T15:27:57","date_gmt":"2023-11-16T15:27:57","guid":{"rendered":"https:\/\/abaa.mx\/tienda\/?post_type=product&#038;p=8950"},"modified":"2023-12-04T17:20:42","modified_gmt":"2023-12-04T17:20:42","slug":"medidor-de-temperatura-humedadtemperatura-de-punto-de-rocio-y-bulbo-humedo-sensor-integrado-datalogger-tenmars-tm182","status":"publish","type":"product","link":"https:\/\/abaa.mx\/tienda\/medidor-de-temperatura-humedadtemperatura-de-punto-de-rocio-y-bulbo-humedo-sensor-integrado-datalogger-tenmars-tm182\/","title":{"rendered":"Medidor de temperatura-Humedad,temperatura de punto de roc\u00edo y bulbo h\u00famedo, Sensor Integrado, Datalogger, Tenmars -TM182"},"content":{"rendered":"<p>Medidor de temperatura\/Humedad,temperatura de punto de roc\u00edo y bulbo h\u00famedo, Sensor Integrado, Datalogger, Tenmars -TM182.<\/p>\n","protected":false},"excerpt":{"rendered":"<p><strong>Especificaciones:<\/strong><\/p>\n<ul>\n<li>Medidor de temperatura y humedad TM-182 con funci\u00f3n de registro de datos.<\/li>\n<li>Temperatura de punto de roc\u00edo y bulbo h\u00famedo.<\/li>\n<li>Apagado autom\u00e1tico<\/li>\n<li>Pantalla de sobrecarga.<\/li>\n<li>La medici\u00f3n de \u00b0C o \u00b0F.<\/li>\n<li>Indicaci\u00f3n de bater\u00eda baja.<\/li>\n<li>Muestra tanto el valor de la temperatura como la humedad.<\/li>\n<li>Funci\u00f3n de retenci\u00f3n de datos.<\/li>\n<li>Funci\u00f3n de alarma.<\/li>\n<li>Datos en tiempo real.<\/li>\n<li>Interfaz USB para PC.<\/li>\n<li>Luz de fondo.<\/li>\n<\/ul>\n","protected":false},"featured_media":8953,"comment_status":"open","ping_status":"closed","template":"","meta":{"_joinchat":[]},"product_brand":[],"product_cat":[133],"product_tag":[],"class_list":{"0":"post-8950","1":"product","2":"type-product","3":"status-publish","4":"has-post-thumbnail","6":"product_cat-termohigrometros-digitales","8":"first","9":"instock","10":"shipping-taxable","11":"product-type-simple"},"yoast_head":"<!-- This site is optimized with the Yoast SEO plugin v26.4 - https:\/\/yoast.com\/wordpress\/plugins\/seo\/ -->\n<title>Medidor de temperatura-Humedad,temperatura de punto de roc\u00edo y bulbo h\u00famedo, Sensor Integrado, Datalogger, Tenmars -TM182 - Abaa tienda online<\/title>\n<meta name=\"robots\" content=\"index, follow, max-snippet:-1, max-image-preview:large, max-video-preview:-1\" \/>\n<link rel=\"canonical\" href=\"https:\/\/abaa.mx\/tienda\/medidor-de-temperatura-humedadtemperatura-de-punto-de-rocio-y-bulbo-humedo-sensor-integrado-datalogger-tenmars-tm182\/\" \/>\n<meta property=\"og:locale\" content=\"es_MX\" \/>\n<meta property=\"og:type\" content=\"article\" \/>\n<meta property=\"og:title\" content=\"Medidor de temperatura-Humedad,temperatura de punto de roc\u00edo y bulbo h\u00famedo, Sensor Integrado, Datalogger, Tenmars -TM182 - Abaa tienda online\" \/>\n<meta property=\"og:description\" content=\"Especificaciones:   Medidor de temperatura y humedad TM-182 con funci\u00f3n de registro de datos.  Temperatura de punto de roc\u00edo y bulbo h\u00famedo.  Apagado autom\u00e1tico  Pantalla de sobrecarga.  La medici\u00f3n de \u00b0C o \u00b0F.  Indicaci\u00f3n de bater\u00eda baja.  Muestra tanto el valor de la temperatura como la humedad.  Funci\u00f3n de retenci\u00f3n de datos.  Funci\u00f3n de alarma.  Datos en tiempo real.  Interfaz USB para PC.  Luz de fondo.\" \/>\n<meta property=\"og:url\" content=\"https:\/\/abaa.mx\/tienda\/medidor-de-temperatura-humedadtemperatura-de-punto-de-rocio-y-bulbo-humedo-sensor-integrado-datalogger-tenmars-tm182\/\" \/>\n<meta property=\"og:site_name\" content=\"Abaa tienda online\" \/>\n<meta property=\"article:modified_time\" content=\"2023-12-04T17:20:42+00:00\" \/>\n<meta property=\"og:image\" content=\"https:\/\/abaa.mx\/tienda\/wp-content\/uploads\/2023\/11\/TENMARS-TM182-1.jpg\" \/>\n\t<meta property=\"og:image:width\" content=\"331\" \/>\n\t<meta property=\"og:image:height\" content=\"402\" \/>\n\t<meta property=\"og:image:type\" content=\"image\/jpeg\" \/>\n<meta name=\"twitter:card\" content=\"summary_large_image\" \/>\n<meta name=\"twitter:label1\" content=\"Tiempo de lectura\" \/>\n\t<meta name=\"twitter:data1\" content=\"1 minuto\" \/>\n<script type=\"application\/ld+json\" class=\"yoast-schema-graph\">{\"@context\":\"https:\/\/schema.org\",\"@graph\":[{\"@type\":\"WebPage\",\"@id\":\"https:\/\/abaa.mx\/tienda\/medidor-de-temperatura-humedadtemperatura-de-punto-de-rocio-y-bulbo-humedo-sensor-integrado-datalogger-tenmars-tm182\/\",\"url\":\"https:\/\/abaa.mx\/tienda\/medidor-de-temperatura-humedadtemperatura-de-punto-de-rocio-y-bulbo-humedo-sensor-integrado-datalogger-tenmars-tm182\/\",\"name\":\"Medidor de temperatura-Humedad,temperatura de punto de roc\u00edo y bulbo h\u00famedo, Sensor Integrado, Datalogger, Tenmars -TM182 - Abaa tienda online\",\"isPartOf\":{\"@id\":\"https:\/\/abaa.mx\/tienda\/#website\"},\"primaryImageOfPage\":{\"@id\":\"https:\/\/abaa.mx\/tienda\/medidor-de-temperatura-humedadtemperatura-de-punto-de-rocio-y-bulbo-humedo-sensor-integrado-datalogger-tenmars-tm182\/#primaryimage\"},\"image\":{\"@id\":\"https:\/\/abaa.mx\/tienda\/medidor-de-temperatura-humedadtemperatura-de-punto-de-rocio-y-bulbo-humedo-sensor-integrado-datalogger-tenmars-tm182\/#primaryimage\"},\"thumbnailUrl\":\"https:\/\/abaa.mx\/tienda\/wp-content\/uploads\/2023\/11\/TENMARS-TM182-1.jpg\",\"datePublished\":\"2023-11-16T15:27:57+00:00\",\"dateModified\":\"2023-12-04T17:20:42+00:00\",\"breadcrumb\":{\"@id\":\"https:\/\/abaa.mx\/tienda\/medidor-de-temperatura-humedadtemperatura-de-punto-de-rocio-y-bulbo-humedo-sensor-integrado-datalogger-tenmars-tm182\/#breadcrumb\"},\"inLanguage\":\"es\",\"potentialAction\":[{\"@type\":\"ReadAction\",\"target\":[\"https:\/\/abaa.mx\/tienda\/medidor-de-temperatura-humedadtemperatura-de-punto-de-rocio-y-bulbo-humedo-sensor-integrado-datalogger-tenmars-tm182\/\"]}]},{\"@type\":\"ImageObject\",\"inLanguage\":\"es\",\"@id\":\"https:\/\/abaa.mx\/tienda\/medidor-de-temperatura-humedadtemperatura-de-punto-de-rocio-y-bulbo-humedo-sensor-integrado-datalogger-tenmars-tm182\/#primaryimage\",\"url\":\"https:\/\/abaa.mx\/tienda\/wp-content\/uploads\/2023\/11\/TENMARS-TM182-1.jpg\",\"contentUrl\":\"https:\/\/abaa.mx\/tienda\/wp-content\/uploads\/2023\/11\/TENMARS-TM182-1.jpg\",\"width\":331,\"height\":402,\"caption\":\"TENMARS-TM182\"},{\"@type\":\"BreadcrumbList\",\"@id\":\"https:\/\/abaa.mx\/tienda\/medidor-de-temperatura-humedadtemperatura-de-punto-de-rocio-y-bulbo-humedo-sensor-integrado-datalogger-tenmars-tm182\/#breadcrumb\",\"itemListElement\":[{\"@type\":\"ListItem\",\"position\":1,\"name\":\"Inicio\",\"item\":\"https:\/\/abaa.mx\/tienda\/\"},{\"@type\":\"ListItem\",\"position\":2,\"name\":\"Tienda\",\"item\":\"https:\/\/abaa.mx\/tienda\/\"},{\"@type\":\"ListItem\",\"position\":3,\"name\":\"Medidor de temperatura-Humedad,temperatura de punto de roc\u00edo y bulbo h\u00famedo, Sensor Integrado, Datalogger, Tenmars -TM182\"}]},{\"@type\":\"WebSite\",\"@id\":\"https:\/\/abaa.mx\/tienda\/#website\",\"url\":\"https:\/\/abaa.mx\/tienda\/\",\"name\":\"Abaa tienda online\",\"description\":\"Instrumentos de medici\u00f3n\",\"publisher\":{\"@id\":\"https:\/\/abaa.mx\/tienda\/#organization\"},\"potentialAction\":[{\"@type\":\"SearchAction\",\"target\":{\"@type\":\"EntryPoint\",\"urlTemplate\":\"https:\/\/abaa.mx\/tienda\/?s={search_term_string}\"},\"query-input\":{\"@type\":\"PropertyValueSpecification\",\"valueRequired\":true,\"valueName\":\"search_term_string\"}}],\"inLanguage\":\"es\"},{\"@type\":\"Organization\",\"@id\":\"https:\/\/abaa.mx\/tienda\/#organization\",\"name\":\"Abaa tienda online\",\"url\":\"https:\/\/abaa.mx\/tienda\/\",\"logo\":{\"@type\":\"ImageObject\",\"inLanguage\":\"es\",\"@id\":\"https:\/\/abaa.mx\/tienda\/#\/schema\/logo\/image\/\",\"url\":\"https:\/\/abaa.mx\/tienda\/wp-content\/uploads\/2024\/01\/abaa-metrologia-tienda.png\",\"contentUrl\":\"https:\/\/abaa.mx\/tienda\/wp-content\/uploads\/2024\/01\/abaa-metrologia-tienda.png\",\"width\":300,\"height\":141,\"caption\":\"Abaa tienda online\"},\"image\":{\"@id\":\"https:\/\/abaa.mx\/tienda\/#\/schema\/logo\/image\/\"}}]}<\/script>\n<!-- \/ Yoast SEO plugin. -->","yoast_head_json":{"title":"Medidor de temperatura-Humedad,temperatura de punto de roc\u00edo y bulbo h\u00famedo, Sensor Integrado, Datalogger, Tenmars -TM182 - Abaa tienda online","robots":{"index":"index","follow":"follow","max-snippet":"max-snippet:-1","max-image-preview":"max-image-preview:large","max-video-preview":"max-video-preview:-1"},"canonical":"https:\/\/abaa.mx\/tienda\/medidor-de-temperatura-humedadtemperatura-de-punto-de-rocio-y-bulbo-humedo-sensor-integrado-datalogger-tenmars-tm182\/","og_locale":"es_MX","og_type":"article","og_title":"Medidor de temperatura-Humedad,temperatura de punto de roc\u00edo y bulbo h\u00famedo, Sensor Integrado, Datalogger, Tenmars -TM182 - Abaa tienda online","og_description":"Especificaciones:   Medidor de temperatura y humedad TM-182 con funci\u00f3n de registro de datos.  Temperatura de punto de roc\u00edo y bulbo h\u00famedo.  Apagado autom\u00e1tico  Pantalla de sobrecarga.  La medici\u00f3n de \u00b0C o \u00b0F.  Indicaci\u00f3n de bater\u00eda baja.  Muestra tanto el valor de la temperatura como la humedad.  Funci\u00f3n de retenci\u00f3n de datos.  Funci\u00f3n de alarma.  Datos en tiempo real.  Interfaz USB para PC.  Luz de fondo.","og_url":"https:\/\/abaa.mx\/tienda\/medidor-de-temperatura-humedadtemperatura-de-punto-de-rocio-y-bulbo-humedo-sensor-integrado-datalogger-tenmars-tm182\/","og_site_name":"Abaa tienda online","article_modified_time":"2023-12-04T17:20:42+00:00","og_image":[{"width":331,"height":402,"url":"https:\/\/abaa.mx\/tienda\/wp-content\/uploads\/2023\/11\/TENMARS-TM182-1.jpg","type":"image\/jpeg"}],"twitter_card":"summary_large_image","twitter_misc":{"Tiempo de lectura":"1 minuto"},"schema":{"@context":"https:\/\/schema.org","@graph":[{"@type":"WebPage","@id":"https:\/\/abaa.mx\/tienda\/medidor-de-temperatura-humedadtemperatura-de-punto-de-rocio-y-bulbo-humedo-sensor-integrado-datalogger-tenmars-tm182\/","url":"https:\/\/abaa.mx\/tienda\/medidor-de-temperatura-humedadtemperatura-de-punto-de-rocio-y-bulbo-humedo-sensor-integrado-datalogger-tenmars-tm182\/","name":"Medidor de temperatura-Humedad,temperatura de punto de roc\u00edo y bulbo h\u00famedo, Sensor Integrado, Datalogger, Tenmars -TM182 - Abaa tienda online","isPartOf":{"@id":"https:\/\/abaa.mx\/tienda\/#website"},"primaryImageOfPage":{"@id":"https:\/\/abaa.mx\/tienda\/medidor-de-temperatura-humedadtemperatura-de-punto-de-rocio-y-bulbo-humedo-sensor-integrado-datalogger-tenmars-tm182\/#primaryimage"},"image":{"@id":"https:\/\/abaa.mx\/tienda\/medidor-de-temperatura-humedadtemperatura-de-punto-de-rocio-y-bulbo-humedo-sensor-integrado-datalogger-tenmars-tm182\/#primaryimage"},"thumbnailUrl":"https:\/\/abaa.mx\/tienda\/wp-content\/uploads\/2023\/11\/TENMARS-TM182-1.jpg","datePublished":"2023-11-16T15:27:57+00:00","dateModified":"2023-12-04T17:20:42+00:00","breadcrumb":{"@id":"https:\/\/abaa.mx\/tienda\/medidor-de-temperatura-humedadtemperatura-de-punto-de-rocio-y-bulbo-humedo-sensor-integrado-datalogger-tenmars-tm182\/#breadcrumb"},"inLanguage":"es","potentialAction":[{"@type":"ReadAction","target":["https:\/\/abaa.mx\/tienda\/medidor-de-temperatura-humedadtemperatura-de-punto-de-rocio-y-bulbo-humedo-sensor-integrado-datalogger-tenmars-tm182\/"]}]},{"@type":"ImageObject","inLanguage":"es","@id":"https:\/\/abaa.mx\/tienda\/medidor-de-temperatura-humedadtemperatura-de-punto-de-rocio-y-bulbo-humedo-sensor-integrado-datalogger-tenmars-tm182\/#primaryimage","url":"https:\/\/abaa.mx\/tienda\/wp-content\/uploads\/2023\/11\/TENMARS-TM182-1.jpg","contentUrl":"https:\/\/abaa.mx\/tienda\/wp-content\/uploads\/2023\/11\/TENMARS-TM182-1.jpg","width":331,"height":402,"caption":"TENMARS-TM182"},{"@type":"BreadcrumbList","@id":"https:\/\/abaa.mx\/tienda\/medidor-de-temperatura-humedadtemperatura-de-punto-de-rocio-y-bulbo-humedo-sensor-integrado-datalogger-tenmars-tm182\/#breadcrumb","itemListElement":[{"@type":"ListItem","position":1,"name":"Inicio","item":"https:\/\/abaa.mx\/tienda\/"},{"@type":"ListItem","position":2,"name":"Tienda","item":"https:\/\/abaa.mx\/tienda\/"},{"@type":"ListItem","position":3,"name":"Medidor de temperatura-Humedad,temperatura de punto de roc\u00edo y bulbo h\u00famedo, Sensor Integrado, Datalogger, Tenmars -TM182"}]},{"@type":"WebSite","@id":"https:\/\/abaa.mx\/tienda\/#website","url":"https:\/\/abaa.mx\/tienda\/","name":"Abaa tienda online","description":"Instrumentos de medici\u00f3n","publisher":{"@id":"https:\/\/abaa.mx\/tienda\/#organization"},"potentialAction":[{"@type":"SearchAction","target":{"@type":"EntryPoint","urlTemplate":"https:\/\/abaa.mx\/tienda\/?s={search_term_string}"},"query-input":{"@type":"PropertyValueSpecification","valueRequired":true,"valueName":"search_term_string"}}],"inLanguage":"es"},{"@type":"Organization","@id":"https:\/\/abaa.mx\/tienda\/#organization","name":"Abaa tienda online","url":"https:\/\/abaa.mx\/tienda\/","logo":{"@type":"ImageObject","inLanguage":"es","@id":"https:\/\/abaa.mx\/tienda\/#\/schema\/logo\/image\/","url":"https:\/\/abaa.mx\/tienda\/wp-content\/uploads\/2024\/01\/abaa-metrologia-tienda.png","contentUrl":"https:\/\/abaa.mx\/tienda\/wp-content\/uploads\/2024\/01\/abaa-metrologia-tienda.png","width":300,"height":141,"caption":"Abaa tienda online"},"image":{"@id":"https:\/\/abaa.mx\/tienda\/#\/schema\/logo\/image\/"}}]}},"_links":{"self":[{"href":"https:\/\/abaa.mx\/tienda\/wp-json\/wp\/v2\/product\/8950","targetHints":{"allow":["GET"]}}],"collection":[{"href":"https:\/\/abaa.mx\/tienda\/wp-json\/wp\/v2\/product"}],"about":[{"href":"https:\/\/abaa.mx\/tienda\/wp-json\/wp\/v2\/types\/product"}],"replies":[{"embeddable":true,"href":"https:\/\/abaa.mx\/tienda\/wp-json\/wp\/v2\/comments?post=8950"}],"wp:featuredmedia":[{"embeddable":true,"href":"https:\/\/abaa.mx\/tienda\/wp-json\/wp\/v2\/media\/8953"}],"wp:attachment":[{"href":"https:\/\/abaa.mx\/tienda\/wp-json\/wp\/v2\/media?parent=8950"}],"wp:term":[{"taxonomy":"product_brand","embeddable":true,"href":"https:\/\/abaa.mx\/tienda\/wp-json\/wp\/v2\/product_brand?post=8950"},{"taxonomy":"product_cat","embeddable":true,"href":"https:\/\/abaa.mx\/tienda\/wp-json\/wp\/v2\/product_cat?post=8950"},{"taxonomy":"product_tag","embeddable":true,"href":"https:\/\/abaa.mx\/tienda\/wp-json\/wp\/v2\/product_tag?post=8950"}],"curies":[{"name":"wp","href":"https:\/\/api.w.org\/{rel}","templated":true}]}}