{"id":8948,"date":"2023-11-16T15:29:10","date_gmt":"2023-11-16T15:29:10","guid":{"rendered":"https:\/\/abaa.mx\/tienda\/?post_type=product&#038;p=8948"},"modified":"2023-11-16T15:29:11","modified_gmt":"2023-11-16T15:29:11","slug":"termohigrometro-barometro-mhb382sd","status":"publish","type":"product","link":"https:\/\/abaa.mx\/tienda\/termohigrometro-barometro-mhb382sd\/","title":{"rendered":"Termohigr\u00f3metro + Bar\u00f3metro &#8211; MHB382SD"},"content":{"rendered":"<p>Termohigr\u00f3metro + Bar\u00f3metro &#8211; MHB382SD.<\/p>\n","protected":false},"excerpt":{"rendered":"<p>El termo higr\u00f3metro con funci\u00f3n de bar\u00f3metro modelo LT-MHB382SD es un monitor de tiempo real con grabador de datos que registra temperatura, humedad y presi\u00f3n barom\u00e9trica con etiqueta de fecha y hora en una tarjeta de memoria. El archivo que se forma con la tabulaci\u00f3n constru\u00edda por el aparato tiene un formato que puede ser descargado a MS Excel por lo que no requiere de software adicional. El usuario va a poder graficar y analizar los datos por s\u00ed mismo.<\/p>\n<p>Despliega los datos de humedad, temperatura y presi\u00f3n al mismo tiempo en la pantalla. Emplea un sensor de humedad tipo capacitor de alta precisi\u00f3n para la medici\u00f3n profesional y precisa de la humedad.<\/p>\n<p>El puerto de memoria acepta tarjetas tipo SD con capacidad desde 1 hasta 16 GB (no incluida). Resoluci\u00f3n de humedad de 0.1 %HR y resoluci\u00f3n de temperatura de 0.1\u00b0, la presi\u00f3n barom\u00e9trica se pude expresar en entidades de hPA, mmHg o inHg.<\/p>\n","protected":false},"featured_media":8949,"comment_status":"open","ping_status":"closed","template":"","meta":{"_joinchat":[]},"product_brand":[],"product_cat":[133],"product_tag":[],"class_list":{"0":"post-8948","1":"product","2":"type-product","3":"status-publish","4":"has-post-thumbnail","6":"product_cat-termohigrometros-digitales","8":"first","9":"instock","10":"shipping-taxable","11":"product-type-simple"},"yoast_head":"<!-- This site is optimized with the Yoast SEO plugin v26.4 - https:\/\/yoast.com\/wordpress\/plugins\/seo\/ -->\n<title>Termohigr\u00f3metro + Bar\u00f3metro - MHB382SD - Abaa tienda online<\/title>\n<meta name=\"robots\" content=\"index, follow, max-snippet:-1, max-image-preview:large, max-video-preview:-1\" \/>\n<link rel=\"canonical\" href=\"https:\/\/abaa.mx\/tienda\/termohigrometro-barometro-mhb382sd\/\" \/>\n<meta property=\"og:locale\" content=\"es_MX\" \/>\n<meta property=\"og:type\" content=\"article\" \/>\n<meta property=\"og:title\" content=\"Termohigr\u00f3metro + Bar\u00f3metro - MHB382SD - Abaa tienda online\" \/>\n<meta property=\"og:description\" content=\"El termo higr\u00f3metro con funci\u00f3n de bar\u00f3metro modelo LT-MHB382SD es un monitor de tiempo real con grabador de datos que registra temperatura, humedad y presi\u00f3n barom\u00e9trica con etiqueta de fecha y hora en una tarjeta de memoria. El archivo que se forma con la tabulaci\u00f3n constru\u00edda por el aparato tiene un formato que puede ser descargado a MS Excel por lo que no requiere de software adicional. El usuario va a poder graficar y analizar los datos por s\u00ed mismo.  Despliega los datos de humedad, temperatura y presi\u00f3n al mismo tiempo en la pantalla. Emplea un sensor de humedad tipo capacitor de alta precisi\u00f3n para la medici\u00f3n profesional y precisa de la humedad.  El puerto de memoria acepta tarjetas tipo SD con capacidad desde 1 hasta 16 GB (no incluida). Resoluci\u00f3n de humedad de 0.1 %HR y resoluci\u00f3n de temperatura de 0.1\u00b0, la presi\u00f3n barom\u00e9trica se pude expresar en entidades de hPA, mmHg o inHg.\" \/>\n<meta property=\"og:url\" content=\"https:\/\/abaa.mx\/tienda\/termohigrometro-barometro-mhb382sd\/\" \/>\n<meta property=\"og:site_name\" content=\"Abaa tienda online\" \/>\n<meta property=\"article:modified_time\" content=\"2023-11-16T15:29:11+00:00\" \/>\n<meta property=\"og:image\" content=\"https:\/\/abaa.mx\/tienda\/wp-content\/uploads\/2023\/11\/LUTRON-MHB3825D.jpg\" \/>\n\t<meta property=\"og:image:width\" content=\"269\" \/>\n\t<meta property=\"og:image:height\" content=\"388\" \/>\n\t<meta property=\"og:image:type\" content=\"image\/jpeg\" \/>\n<meta name=\"twitter:card\" content=\"summary_large_image\" \/>\n<meta name=\"twitter:label1\" content=\"Tiempo de lectura\" \/>\n\t<meta name=\"twitter:data1\" content=\"1 minuto\" \/>\n<script type=\"application\/ld+json\" class=\"yoast-schema-graph\">{\"@context\":\"https:\/\/schema.org\",\"@graph\":[{\"@type\":\"WebPage\",\"@id\":\"https:\/\/abaa.mx\/tienda\/termohigrometro-barometro-mhb382sd\/\",\"url\":\"https:\/\/abaa.mx\/tienda\/termohigrometro-barometro-mhb382sd\/\",\"name\":\"Termohigr\u00f3metro + Bar\u00f3metro - MHB382SD - Abaa tienda online\",\"isPartOf\":{\"@id\":\"https:\/\/abaa.mx\/tienda\/#website\"},\"primaryImageOfPage\":{\"@id\":\"https:\/\/abaa.mx\/tienda\/termohigrometro-barometro-mhb382sd\/#primaryimage\"},\"image\":{\"@id\":\"https:\/\/abaa.mx\/tienda\/termohigrometro-barometro-mhb382sd\/#primaryimage\"},\"thumbnailUrl\":\"https:\/\/abaa.mx\/tienda\/wp-content\/uploads\/2023\/11\/LUTRON-MHB3825D.jpg\",\"datePublished\":\"2023-11-16T15:29:10+00:00\",\"dateModified\":\"2023-11-16T15:29:11+00:00\",\"breadcrumb\":{\"@id\":\"https:\/\/abaa.mx\/tienda\/termohigrometro-barometro-mhb382sd\/#breadcrumb\"},\"inLanguage\":\"es\",\"potentialAction\":[{\"@type\":\"ReadAction\",\"target\":[\"https:\/\/abaa.mx\/tienda\/termohigrometro-barometro-mhb382sd\/\"]}]},{\"@type\":\"ImageObject\",\"inLanguage\":\"es\",\"@id\":\"https:\/\/abaa.mx\/tienda\/termohigrometro-barometro-mhb382sd\/#primaryimage\",\"url\":\"https:\/\/abaa.mx\/tienda\/wp-content\/uploads\/2023\/11\/LUTRON-MHB3825D.jpg\",\"contentUrl\":\"https:\/\/abaa.mx\/tienda\/wp-content\/uploads\/2023\/11\/LUTRON-MHB3825D.jpg\",\"width\":269,\"height\":388,\"caption\":\"LUTRON-MHB3825D\"},{\"@type\":\"BreadcrumbList\",\"@id\":\"https:\/\/abaa.mx\/tienda\/termohigrometro-barometro-mhb382sd\/#breadcrumb\",\"itemListElement\":[{\"@type\":\"ListItem\",\"position\":1,\"name\":\"Inicio\",\"item\":\"https:\/\/abaa.mx\/tienda\/\"},{\"@type\":\"ListItem\",\"position\":2,\"name\":\"Tienda\",\"item\":\"https:\/\/abaa.mx\/tienda\/\"},{\"@type\":\"ListItem\",\"position\":3,\"name\":\"Termohigr\u00f3metro + Bar\u00f3metro &#8211; MHB382SD\"}]},{\"@type\":\"WebSite\",\"@id\":\"https:\/\/abaa.mx\/tienda\/#website\",\"url\":\"https:\/\/abaa.mx\/tienda\/\",\"name\":\"Abaa tienda online\",\"description\":\"Instrumentos de medici\u00f3n\",\"publisher\":{\"@id\":\"https:\/\/abaa.mx\/tienda\/#organization\"},\"potentialAction\":[{\"@type\":\"SearchAction\",\"target\":{\"@type\":\"EntryPoint\",\"urlTemplate\":\"https:\/\/abaa.mx\/tienda\/?s={search_term_string}\"},\"query-input\":{\"@type\":\"PropertyValueSpecification\",\"valueRequired\":true,\"valueName\":\"search_term_string\"}}],\"inLanguage\":\"es\"},{\"@type\":\"Organization\",\"@id\":\"https:\/\/abaa.mx\/tienda\/#organization\",\"name\":\"Abaa tienda online\",\"url\":\"https:\/\/abaa.mx\/tienda\/\",\"logo\":{\"@type\":\"ImageObject\",\"inLanguage\":\"es\",\"@id\":\"https:\/\/abaa.mx\/tienda\/#\/schema\/logo\/image\/\",\"url\":\"https:\/\/abaa.mx\/tienda\/wp-content\/uploads\/2024\/01\/abaa-metrologia-tienda.png\",\"contentUrl\":\"https:\/\/abaa.mx\/tienda\/wp-content\/uploads\/2024\/01\/abaa-metrologia-tienda.png\",\"width\":300,\"height\":141,\"caption\":\"Abaa tienda online\"},\"image\":{\"@id\":\"https:\/\/abaa.mx\/tienda\/#\/schema\/logo\/image\/\"}}]}<\/script>\n<!-- \/ Yoast SEO plugin. -->","yoast_head_json":{"title":"Termohigr\u00f3metro + Bar\u00f3metro - MHB382SD - Abaa tienda online","robots":{"index":"index","follow":"follow","max-snippet":"max-snippet:-1","max-image-preview":"max-image-preview:large","max-video-preview":"max-video-preview:-1"},"canonical":"https:\/\/abaa.mx\/tienda\/termohigrometro-barometro-mhb382sd\/","og_locale":"es_MX","og_type":"article","og_title":"Termohigr\u00f3metro + Bar\u00f3metro - MHB382SD - Abaa tienda online","og_description":"El termo higr\u00f3metro con funci\u00f3n de bar\u00f3metro modelo LT-MHB382SD es un monitor de tiempo real con grabador de datos que registra temperatura, humedad y presi\u00f3n barom\u00e9trica con etiqueta de fecha y hora en una tarjeta de memoria. El archivo que se forma con la tabulaci\u00f3n constru\u00edda por el aparato tiene un formato que puede ser descargado a MS Excel por lo que no requiere de software adicional. El usuario va a poder graficar y analizar los datos por s\u00ed mismo.  Despliega los datos de humedad, temperatura y presi\u00f3n al mismo tiempo en la pantalla. Emplea un sensor de humedad tipo capacitor de alta precisi\u00f3n para la medici\u00f3n profesional y precisa de la humedad.  El puerto de memoria acepta tarjetas tipo SD con capacidad desde 1 hasta 16 GB (no incluida). Resoluci\u00f3n de humedad de 0.1 %HR y resoluci\u00f3n de temperatura de 0.1\u00b0, la presi\u00f3n barom\u00e9trica se pude expresar en entidades de hPA, mmHg o inHg.","og_url":"https:\/\/abaa.mx\/tienda\/termohigrometro-barometro-mhb382sd\/","og_site_name":"Abaa tienda online","article_modified_time":"2023-11-16T15:29:11+00:00","og_image":[{"width":269,"height":388,"url":"https:\/\/abaa.mx\/tienda\/wp-content\/uploads\/2023\/11\/LUTRON-MHB3825D.jpg","type":"image\/jpeg"}],"twitter_card":"summary_large_image","twitter_misc":{"Tiempo de lectura":"1 minuto"},"schema":{"@context":"https:\/\/schema.org","@graph":[{"@type":"WebPage","@id":"https:\/\/abaa.mx\/tienda\/termohigrometro-barometro-mhb382sd\/","url":"https:\/\/abaa.mx\/tienda\/termohigrometro-barometro-mhb382sd\/","name":"Termohigr\u00f3metro + Bar\u00f3metro - MHB382SD - Abaa tienda online","isPartOf":{"@id":"https:\/\/abaa.mx\/tienda\/#website"},"primaryImageOfPage":{"@id":"https:\/\/abaa.mx\/tienda\/termohigrometro-barometro-mhb382sd\/#primaryimage"},"image":{"@id":"https:\/\/abaa.mx\/tienda\/termohigrometro-barometro-mhb382sd\/#primaryimage"},"thumbnailUrl":"https:\/\/abaa.mx\/tienda\/wp-content\/uploads\/2023\/11\/LUTRON-MHB3825D.jpg","datePublished":"2023-11-16T15:29:10+00:00","dateModified":"2023-11-16T15:29:11+00:00","breadcrumb":{"@id":"https:\/\/abaa.mx\/tienda\/termohigrometro-barometro-mhb382sd\/#breadcrumb"},"inLanguage":"es","potentialAction":[{"@type":"ReadAction","target":["https:\/\/abaa.mx\/tienda\/termohigrometro-barometro-mhb382sd\/"]}]},{"@type":"ImageObject","inLanguage":"es","@id":"https:\/\/abaa.mx\/tienda\/termohigrometro-barometro-mhb382sd\/#primaryimage","url":"https:\/\/abaa.mx\/tienda\/wp-content\/uploads\/2023\/11\/LUTRON-MHB3825D.jpg","contentUrl":"https:\/\/abaa.mx\/tienda\/wp-content\/uploads\/2023\/11\/LUTRON-MHB3825D.jpg","width":269,"height":388,"caption":"LUTRON-MHB3825D"},{"@type":"BreadcrumbList","@id":"https:\/\/abaa.mx\/tienda\/termohigrometro-barometro-mhb382sd\/#breadcrumb","itemListElement":[{"@type":"ListItem","position":1,"name":"Inicio","item":"https:\/\/abaa.mx\/tienda\/"},{"@type":"ListItem","position":2,"name":"Tienda","item":"https:\/\/abaa.mx\/tienda\/"},{"@type":"ListItem","position":3,"name":"Termohigr\u00f3metro + Bar\u00f3metro &#8211; MHB382SD"}]},{"@type":"WebSite","@id":"https:\/\/abaa.mx\/tienda\/#website","url":"https:\/\/abaa.mx\/tienda\/","name":"Abaa tienda online","description":"Instrumentos de medici\u00f3n","publisher":{"@id":"https:\/\/abaa.mx\/tienda\/#organization"},"potentialAction":[{"@type":"SearchAction","target":{"@type":"EntryPoint","urlTemplate":"https:\/\/abaa.mx\/tienda\/?s={search_term_string}"},"query-input":{"@type":"PropertyValueSpecification","valueRequired":true,"valueName":"search_term_string"}}],"inLanguage":"es"},{"@type":"Organization","@id":"https:\/\/abaa.mx\/tienda\/#organization","name":"Abaa tienda online","url":"https:\/\/abaa.mx\/tienda\/","logo":{"@type":"ImageObject","inLanguage":"es","@id":"https:\/\/abaa.mx\/tienda\/#\/schema\/logo\/image\/","url":"https:\/\/abaa.mx\/tienda\/wp-content\/uploads\/2024\/01\/abaa-metrologia-tienda.png","contentUrl":"https:\/\/abaa.mx\/tienda\/wp-content\/uploads\/2024\/01\/abaa-metrologia-tienda.png","width":300,"height":141,"caption":"Abaa tienda online"},"image":{"@id":"https:\/\/abaa.mx\/tienda\/#\/schema\/logo\/image\/"}}]}},"_links":{"self":[{"href":"https:\/\/abaa.mx\/tienda\/wp-json\/wp\/v2\/product\/8948","targetHints":{"allow":["GET"]}}],"collection":[{"href":"https:\/\/abaa.mx\/tienda\/wp-json\/wp\/v2\/product"}],"about":[{"href":"https:\/\/abaa.mx\/tienda\/wp-json\/wp\/v2\/types\/product"}],"replies":[{"embeddable":true,"href":"https:\/\/abaa.mx\/tienda\/wp-json\/wp\/v2\/comments?post=8948"}],"wp:featuredmedia":[{"embeddable":true,"href":"https:\/\/abaa.mx\/tienda\/wp-json\/wp\/v2\/media\/8949"}],"wp:attachment":[{"href":"https:\/\/abaa.mx\/tienda\/wp-json\/wp\/v2\/media?parent=8948"}],"wp:term":[{"taxonomy":"product_brand","embeddable":true,"href":"https:\/\/abaa.mx\/tienda\/wp-json\/wp\/v2\/product_brand?post=8948"},{"taxonomy":"product_cat","embeddable":true,"href":"https:\/\/abaa.mx\/tienda\/wp-json\/wp\/v2\/product_cat?post=8948"},{"taxonomy":"product_tag","embeddable":true,"href":"https:\/\/abaa.mx\/tienda\/wp-json\/wp\/v2\/product_tag?post=8948"}],"curies":[{"name":"wp","href":"https:\/\/api.w.org\/{rel}","templated":true}]}}