{"id":8944,"date":"2023-11-16T15:08:13","date_gmt":"2023-11-16T15:08:13","guid":{"rendered":"https:\/\/abaa.mx\/tienda\/?post_type=product&#038;p=8944"},"modified":"2023-11-16T15:08:14","modified_gmt":"2023-11-16T15:08:14","slug":"termo-higrometro-para-intemperie-tgp4500","status":"publish","type":"product","link":"https:\/\/abaa.mx\/tienda\/termo-higrometro-para-intemperie-tgp4500\/","title":{"rendered":"Termo higr\u00f3metro Para Intemperie &#8211; TGP4500"},"content":{"rendered":"<p>Termo higr\u00f3metro Para Intemperie &#8211; TGP4500.<\/p>\n","protected":false},"excerpt":{"rendered":"<p>Tinytag Explorer es el software primordial para operar los registradores de datos de Tinytag. Este programa apoyado en Windows es simple e deducible de emplear , lo que deja a los individuos regentar f\u00e1cilmente tanto los registradores de Tinytag como los datos grabados. Una p\u00e1gina de lanzamiento f\u00e1cil de usar que deja la edici\u00f3n f\u00e1cil de la configuraci\u00f3n de un registrador de datos, al paso que al tiempo los resume claramente. Cuando se descargan, los datos grabados se presentan inicialmente como un gr\u00e1fico, pero tambi\u00e9n se pueden ense\u00f1ar como una tabla de lecturas si es necesario. Estas vistas se complementan con una vista de informaci\u00f3n, que sintetiza los datos de los datos que se muestran , y una vista m\u00ednima \/ m\u00e1xima diaria. El software tambi\u00e9n incluye una herramienta de punto de roc\u00edo para registradores de datos de temperatura y humedad relativa. Los datos se pueden exportar f\u00e1cilmente desde las 4 vistas en programas como MS Excel y Word, as\u00ed sea como un archivo o simplemente copiando y pegando. El programa acepta varios lenguajes y tambi\u00e9n hay un archivo de ayuda completo e ilustrado para llevar al usuario mediante los conceptos b\u00e1sicos del software y sus especificaciones m\u00e1s destacadas.<\/p>\n","protected":false},"featured_media":8946,"comment_status":"open","ping_status":"closed","template":"","meta":{"_joinchat":[]},"product_brand":[],"product_cat":[133],"product_tag":[],"class_list":{"0":"post-8944","1":"product","2":"type-product","3":"status-publish","4":"has-post-thumbnail","6":"product_cat-termohigrometros-digitales","8":"first","9":"instock","10":"shipping-taxable","11":"product-type-simple"},"yoast_head":"<!-- This site is optimized with the Yoast SEO plugin v26.4 - https:\/\/yoast.com\/wordpress\/plugins\/seo\/ -->\n<title>Termo higr\u00f3metro Para Intemperie - TGP4500 - Abaa tienda online<\/title>\n<meta name=\"robots\" content=\"index, follow, max-snippet:-1, max-image-preview:large, max-video-preview:-1\" \/>\n<link rel=\"canonical\" href=\"https:\/\/abaa.mx\/tienda\/termo-higrometro-para-intemperie-tgp4500\/\" \/>\n<meta property=\"og:locale\" content=\"es_MX\" \/>\n<meta property=\"og:type\" content=\"article\" \/>\n<meta property=\"og:title\" content=\"Termo higr\u00f3metro Para Intemperie - TGP4500 - Abaa tienda online\" \/>\n<meta property=\"og:description\" content=\"Tinytag Explorer es el software primordial para operar los registradores de datos de Tinytag. Este programa apoyado en Windows es simple e deducible de emplear , lo que deja a los individuos regentar f\u00e1cilmente tanto los registradores de Tinytag como los datos grabados. Una p\u00e1gina de lanzamiento f\u00e1cil de usar que deja la edici\u00f3n f\u00e1cil de la configuraci\u00f3n de un registrador de datos, al paso que al tiempo los resume claramente. Cuando se descargan, los datos grabados se presentan inicialmente como un gr\u00e1fico, pero tambi\u00e9n se pueden ense\u00f1ar como una tabla de lecturas si es necesario. Estas vistas se complementan con una vista de informaci\u00f3n, que sintetiza los datos de los datos que se muestran , y una vista m\u00ednima \/ m\u00e1xima diaria. El software tambi\u00e9n incluye una herramienta de punto de roc\u00edo para registradores de datos de temperatura y humedad relativa. Los datos se pueden exportar f\u00e1cilmente desde las 4 vistas en programas como MS Excel y Word, as\u00ed sea como un archivo o simplemente copiando y pegando. El programa acepta varios lenguajes y tambi\u00e9n hay un archivo de ayuda completo e ilustrado para llevar al usuario mediante los conceptos b\u00e1sicos del software y sus especificaciones m\u00e1s destacadas.\" \/>\n<meta property=\"og:url\" content=\"https:\/\/abaa.mx\/tienda\/termo-higrometro-para-intemperie-tgp4500\/\" \/>\n<meta property=\"og:site_name\" content=\"Abaa tienda online\" \/>\n<meta property=\"article:modified_time\" content=\"2023-11-16T15:08:14+00:00\" \/>\n<meta property=\"og:image\" content=\"https:\/\/abaa.mx\/tienda\/wp-content\/uploads\/2023\/11\/GEMINI-TGP4500.jpg\" \/>\n\t<meta property=\"og:image:width\" content=\"318\" \/>\n\t<meta property=\"og:image:height\" content=\"333\" \/>\n\t<meta property=\"og:image:type\" content=\"image\/jpeg\" \/>\n<meta name=\"twitter:card\" content=\"summary_large_image\" \/>\n<meta name=\"twitter:label1\" content=\"Tiempo de lectura\" \/>\n\t<meta name=\"twitter:data1\" content=\"1 minuto\" \/>\n<script type=\"application\/ld+json\" class=\"yoast-schema-graph\">{\"@context\":\"https:\/\/schema.org\",\"@graph\":[{\"@type\":\"WebPage\",\"@id\":\"https:\/\/abaa.mx\/tienda\/termo-higrometro-para-intemperie-tgp4500\/\",\"url\":\"https:\/\/abaa.mx\/tienda\/termo-higrometro-para-intemperie-tgp4500\/\",\"name\":\"Termo higr\u00f3metro Para Intemperie - TGP4500 - Abaa tienda online\",\"isPartOf\":{\"@id\":\"https:\/\/abaa.mx\/tienda\/#website\"},\"primaryImageOfPage\":{\"@id\":\"https:\/\/abaa.mx\/tienda\/termo-higrometro-para-intemperie-tgp4500\/#primaryimage\"},\"image\":{\"@id\":\"https:\/\/abaa.mx\/tienda\/termo-higrometro-para-intemperie-tgp4500\/#primaryimage\"},\"thumbnailUrl\":\"https:\/\/abaa.mx\/tienda\/wp-content\/uploads\/2023\/11\/GEMINI-TGP4500.jpg\",\"datePublished\":\"2023-11-16T15:08:13+00:00\",\"dateModified\":\"2023-11-16T15:08:14+00:00\",\"breadcrumb\":{\"@id\":\"https:\/\/abaa.mx\/tienda\/termo-higrometro-para-intemperie-tgp4500\/#breadcrumb\"},\"inLanguage\":\"es\",\"potentialAction\":[{\"@type\":\"ReadAction\",\"target\":[\"https:\/\/abaa.mx\/tienda\/termo-higrometro-para-intemperie-tgp4500\/\"]}]},{\"@type\":\"ImageObject\",\"inLanguage\":\"es\",\"@id\":\"https:\/\/abaa.mx\/tienda\/termo-higrometro-para-intemperie-tgp4500\/#primaryimage\",\"url\":\"https:\/\/abaa.mx\/tienda\/wp-content\/uploads\/2023\/11\/GEMINI-TGP4500.jpg\",\"contentUrl\":\"https:\/\/abaa.mx\/tienda\/wp-content\/uploads\/2023\/11\/GEMINI-TGP4500.jpg\",\"width\":318,\"height\":333,\"caption\":\"GEMINI-TGP4500\"},{\"@type\":\"BreadcrumbList\",\"@id\":\"https:\/\/abaa.mx\/tienda\/termo-higrometro-para-intemperie-tgp4500\/#breadcrumb\",\"itemListElement\":[{\"@type\":\"ListItem\",\"position\":1,\"name\":\"Inicio\",\"item\":\"https:\/\/abaa.mx\/tienda\/\"},{\"@type\":\"ListItem\",\"position\":2,\"name\":\"Tienda\",\"item\":\"https:\/\/abaa.mx\/tienda\/\"},{\"@type\":\"ListItem\",\"position\":3,\"name\":\"Termo higr\u00f3metro Para Intemperie &#8211; TGP4500\"}]},{\"@type\":\"WebSite\",\"@id\":\"https:\/\/abaa.mx\/tienda\/#website\",\"url\":\"https:\/\/abaa.mx\/tienda\/\",\"name\":\"Abaa tienda online\",\"description\":\"Instrumentos de medici\u00f3n\",\"publisher\":{\"@id\":\"https:\/\/abaa.mx\/tienda\/#organization\"},\"potentialAction\":[{\"@type\":\"SearchAction\",\"target\":{\"@type\":\"EntryPoint\",\"urlTemplate\":\"https:\/\/abaa.mx\/tienda\/?s={search_term_string}\"},\"query-input\":{\"@type\":\"PropertyValueSpecification\",\"valueRequired\":true,\"valueName\":\"search_term_string\"}}],\"inLanguage\":\"es\"},{\"@type\":\"Organization\",\"@id\":\"https:\/\/abaa.mx\/tienda\/#organization\",\"name\":\"Abaa tienda online\",\"url\":\"https:\/\/abaa.mx\/tienda\/\",\"logo\":{\"@type\":\"ImageObject\",\"inLanguage\":\"es\",\"@id\":\"https:\/\/abaa.mx\/tienda\/#\/schema\/logo\/image\/\",\"url\":\"https:\/\/abaa.mx\/tienda\/wp-content\/uploads\/2024\/01\/abaa-metrologia-tienda.png\",\"contentUrl\":\"https:\/\/abaa.mx\/tienda\/wp-content\/uploads\/2024\/01\/abaa-metrologia-tienda.png\",\"width\":300,\"height\":141,\"caption\":\"Abaa tienda online\"},\"image\":{\"@id\":\"https:\/\/abaa.mx\/tienda\/#\/schema\/logo\/image\/\"}}]}<\/script>\n<!-- \/ Yoast SEO plugin. -->","yoast_head_json":{"title":"Termo higr\u00f3metro Para Intemperie - TGP4500 - Abaa tienda online","robots":{"index":"index","follow":"follow","max-snippet":"max-snippet:-1","max-image-preview":"max-image-preview:large","max-video-preview":"max-video-preview:-1"},"canonical":"https:\/\/abaa.mx\/tienda\/termo-higrometro-para-intemperie-tgp4500\/","og_locale":"es_MX","og_type":"article","og_title":"Termo higr\u00f3metro Para Intemperie - TGP4500 - Abaa tienda online","og_description":"Tinytag Explorer es el software primordial para operar los registradores de datos de Tinytag. Este programa apoyado en Windows es simple e deducible de emplear , lo que deja a los individuos regentar f\u00e1cilmente tanto los registradores de Tinytag como los datos grabados. Una p\u00e1gina de lanzamiento f\u00e1cil de usar que deja la edici\u00f3n f\u00e1cil de la configuraci\u00f3n de un registrador de datos, al paso que al tiempo los resume claramente. Cuando se descargan, los datos grabados se presentan inicialmente como un gr\u00e1fico, pero tambi\u00e9n se pueden ense\u00f1ar como una tabla de lecturas si es necesario. Estas vistas se complementan con una vista de informaci\u00f3n, que sintetiza los datos de los datos que se muestran , y una vista m\u00ednima \/ m\u00e1xima diaria. El software tambi\u00e9n incluye una herramienta de punto de roc\u00edo para registradores de datos de temperatura y humedad relativa. Los datos se pueden exportar f\u00e1cilmente desde las 4 vistas en programas como MS Excel y Word, as\u00ed sea como un archivo o simplemente copiando y pegando. El programa acepta varios lenguajes y tambi\u00e9n hay un archivo de ayuda completo e ilustrado para llevar al usuario mediante los conceptos b\u00e1sicos del software y sus especificaciones m\u00e1s destacadas.","og_url":"https:\/\/abaa.mx\/tienda\/termo-higrometro-para-intemperie-tgp4500\/","og_site_name":"Abaa tienda online","article_modified_time":"2023-11-16T15:08:14+00:00","og_image":[{"width":318,"height":333,"url":"https:\/\/abaa.mx\/tienda\/wp-content\/uploads\/2023\/11\/GEMINI-TGP4500.jpg","type":"image\/jpeg"}],"twitter_card":"summary_large_image","twitter_misc":{"Tiempo de lectura":"1 minuto"},"schema":{"@context":"https:\/\/schema.org","@graph":[{"@type":"WebPage","@id":"https:\/\/abaa.mx\/tienda\/termo-higrometro-para-intemperie-tgp4500\/","url":"https:\/\/abaa.mx\/tienda\/termo-higrometro-para-intemperie-tgp4500\/","name":"Termo higr\u00f3metro Para Intemperie - TGP4500 - Abaa tienda online","isPartOf":{"@id":"https:\/\/abaa.mx\/tienda\/#website"},"primaryImageOfPage":{"@id":"https:\/\/abaa.mx\/tienda\/termo-higrometro-para-intemperie-tgp4500\/#primaryimage"},"image":{"@id":"https:\/\/abaa.mx\/tienda\/termo-higrometro-para-intemperie-tgp4500\/#primaryimage"},"thumbnailUrl":"https:\/\/abaa.mx\/tienda\/wp-content\/uploads\/2023\/11\/GEMINI-TGP4500.jpg","datePublished":"2023-11-16T15:08:13+00:00","dateModified":"2023-11-16T15:08:14+00:00","breadcrumb":{"@id":"https:\/\/abaa.mx\/tienda\/termo-higrometro-para-intemperie-tgp4500\/#breadcrumb"},"inLanguage":"es","potentialAction":[{"@type":"ReadAction","target":["https:\/\/abaa.mx\/tienda\/termo-higrometro-para-intemperie-tgp4500\/"]}]},{"@type":"ImageObject","inLanguage":"es","@id":"https:\/\/abaa.mx\/tienda\/termo-higrometro-para-intemperie-tgp4500\/#primaryimage","url":"https:\/\/abaa.mx\/tienda\/wp-content\/uploads\/2023\/11\/GEMINI-TGP4500.jpg","contentUrl":"https:\/\/abaa.mx\/tienda\/wp-content\/uploads\/2023\/11\/GEMINI-TGP4500.jpg","width":318,"height":333,"caption":"GEMINI-TGP4500"},{"@type":"BreadcrumbList","@id":"https:\/\/abaa.mx\/tienda\/termo-higrometro-para-intemperie-tgp4500\/#breadcrumb","itemListElement":[{"@type":"ListItem","position":1,"name":"Inicio","item":"https:\/\/abaa.mx\/tienda\/"},{"@type":"ListItem","position":2,"name":"Tienda","item":"https:\/\/abaa.mx\/tienda\/"},{"@type":"ListItem","position":3,"name":"Termo higr\u00f3metro Para Intemperie &#8211; TGP4500"}]},{"@type":"WebSite","@id":"https:\/\/abaa.mx\/tienda\/#website","url":"https:\/\/abaa.mx\/tienda\/","name":"Abaa tienda online","description":"Instrumentos de medici\u00f3n","publisher":{"@id":"https:\/\/abaa.mx\/tienda\/#organization"},"potentialAction":[{"@type":"SearchAction","target":{"@type":"EntryPoint","urlTemplate":"https:\/\/abaa.mx\/tienda\/?s={search_term_string}"},"query-input":{"@type":"PropertyValueSpecification","valueRequired":true,"valueName":"search_term_string"}}],"inLanguage":"es"},{"@type":"Organization","@id":"https:\/\/abaa.mx\/tienda\/#organization","name":"Abaa tienda online","url":"https:\/\/abaa.mx\/tienda\/","logo":{"@type":"ImageObject","inLanguage":"es","@id":"https:\/\/abaa.mx\/tienda\/#\/schema\/logo\/image\/","url":"https:\/\/abaa.mx\/tienda\/wp-content\/uploads\/2024\/01\/abaa-metrologia-tienda.png","contentUrl":"https:\/\/abaa.mx\/tienda\/wp-content\/uploads\/2024\/01\/abaa-metrologia-tienda.png","width":300,"height":141,"caption":"Abaa tienda online"},"image":{"@id":"https:\/\/abaa.mx\/tienda\/#\/schema\/logo\/image\/"}}]}},"_links":{"self":[{"href":"https:\/\/abaa.mx\/tienda\/wp-json\/wp\/v2\/product\/8944","targetHints":{"allow":["GET"]}}],"collection":[{"href":"https:\/\/abaa.mx\/tienda\/wp-json\/wp\/v2\/product"}],"about":[{"href":"https:\/\/abaa.mx\/tienda\/wp-json\/wp\/v2\/types\/product"}],"replies":[{"embeddable":true,"href":"https:\/\/abaa.mx\/tienda\/wp-json\/wp\/v2\/comments?post=8944"}],"wp:featuredmedia":[{"embeddable":true,"href":"https:\/\/abaa.mx\/tienda\/wp-json\/wp\/v2\/media\/8946"}],"wp:attachment":[{"href":"https:\/\/abaa.mx\/tienda\/wp-json\/wp\/v2\/media?parent=8944"}],"wp:term":[{"taxonomy":"product_brand","embeddable":true,"href":"https:\/\/abaa.mx\/tienda\/wp-json\/wp\/v2\/product_brand?post=8944"},{"taxonomy":"product_cat","embeddable":true,"href":"https:\/\/abaa.mx\/tienda\/wp-json\/wp\/v2\/product_cat?post=8944"},{"taxonomy":"product_tag","embeddable":true,"href":"https:\/\/abaa.mx\/tienda\/wp-json\/wp\/v2\/product_tag?post=8944"}],"curies":[{"name":"wp","href":"https:\/\/api.w.org\/{rel}","templated":true}]}}