{"id":8942,"date":"2023-11-16T15:03:51","date_gmt":"2023-11-16T15:03:51","guid":{"rendered":"https:\/\/abaa.mx\/tienda\/?post_type=product&#038;p=8942"},"modified":"2023-11-16T15:03:51","modified_gmt":"2023-11-16T15:03:51","slug":"termohigrometro-anemometro-am4205a","status":"publish","type":"product","link":"https:\/\/abaa.mx\/tienda\/termohigrometro-anemometro-am4205a\/","title":{"rendered":"Termohigr\u00f3metro + Anem\u00f3metro &#8211; AM4205A"},"content":{"rendered":"<p>Termohigr\u00f3metro + Anem\u00f3metro &#8211; AM4205A.<\/p>\n","protected":false},"excerpt":{"rendered":"<p>Anem\u00f3metro, Humedad\/Temperatura y el medidor del term\u00f3metro del tipo K \/ J se combinan en un medidor de dise\u00f1o inteligente:<\/p>\n<ul>\n<li>El circuito del microprocesador asegura la m\u00e1xima exactitud posible, proporciona funciones y caracter\u00edsticas especiales.<\/li>\n<li>El anem\u00f3metro port\u00e1til proporciona lecturas r\u00e1pidas y precisas con lectura digital y la conveniencia de un sensor remoto por separado.<\/li>\n<li>Caja resistente y compacta.<\/li>\n<li>Construir en la temperatura, la medida.<\/li>\n<li>Pantalla del medidor de doble funci\u00f3n.<\/li>\n<li>Sensor de termistor para temperatura, medici\u00f3n, tiempo de respuesta r\u00e1pido.<\/li>\n<li>Retenci\u00f3n de datos.<\/li>\n<li>Las ruedas de paleta de bola de baja fricci\u00f3n son precisas en ambas velocidades altas y bajas para el anem\u00f3metro.<\/li>\n<li>Multi-funciones para la medici\u00f3n del caudal de aire: m \/ s, km \/ h, ft \/ min, nudos. Milla\/h.<\/li>\n<li>Interfaz serie RS-232 a PC.<\/li>\n<li>Sensor de capacitancia de pel\u00edcula delgada para la medici\u00f3n de la humedad, alta precisi\u00f3n, respuesta r\u00e1pida.<\/li>\n<li>Registra las lecturas m\u00e1ximas y m\u00ednimas con recordatorio.<\/li>\n<li>Estuche r\u00edgido de lujo, f\u00e1cil transporte y almacenamiento.<\/li>\n<li>Amplias aplicaciones: Para verificar los sistemas de aire acondicionado y calefacci\u00f3n, mida las velocidades del aire, las velocidades del viento, la temperatura de la humedad, etc.<\/li>\n<li>S\u00faper gran pantalla LCD, f\u00e1cil de leer.<\/li>\n<li>Utiliz\u00f3 los componentes duraderos y duraderos.<\/li>\n<li>El apagado autom\u00e1tico ahorra bater\u00eda.<\/li>\n<\/ul>\n","protected":false},"featured_media":8943,"comment_status":"open","ping_status":"closed","template":"","meta":{"_joinchat":[]},"product_brand":[],"product_cat":[133],"product_tag":[],"class_list":{"0":"post-8942","1":"product","2":"type-product","3":"status-publish","4":"has-post-thumbnail","6":"product_cat-termohigrometros-digitales","8":"first","9":"instock","10":"shipping-taxable","11":"product-type-simple"},"yoast_head":"<!-- This site is optimized with the Yoast SEO plugin v26.4 - https:\/\/yoast.com\/wordpress\/plugins\/seo\/ -->\n<title>Termohigr\u00f3metro + Anem\u00f3metro - AM4205A - Abaa tienda online<\/title>\n<meta name=\"robots\" content=\"index, follow, max-snippet:-1, max-image-preview:large, max-video-preview:-1\" \/>\n<link rel=\"canonical\" href=\"https:\/\/abaa.mx\/tienda\/termohigrometro-anemometro-am4205a\/\" \/>\n<meta property=\"og:locale\" content=\"es_MX\" \/>\n<meta property=\"og:type\" content=\"article\" \/>\n<meta property=\"og:title\" content=\"Termohigr\u00f3metro + Anem\u00f3metro - AM4205A - Abaa tienda online\" \/>\n<meta property=\"og:description\" content=\"Anem\u00f3metro, Humedad\/Temperatura y el medidor del term\u00f3metro del tipo K \/ J se combinan en un medidor de dise\u00f1o inteligente:   El circuito del microprocesador asegura la m\u00e1xima exactitud posible, proporciona funciones y caracter\u00edsticas especiales.  El anem\u00f3metro port\u00e1til proporciona lecturas r\u00e1pidas y precisas con lectura digital y la conveniencia de un sensor remoto por separado.  Caja resistente y compacta.  Construir en la temperatura, la medida.  Pantalla del medidor de doble funci\u00f3n.  Sensor de termistor para temperatura, medici\u00f3n, tiempo de respuesta r\u00e1pido.  Retenci\u00f3n de datos.  Las ruedas de paleta de bola de baja fricci\u00f3n son precisas en ambas velocidades altas y bajas para el anem\u00f3metro.  Multi-funciones para la medici\u00f3n del caudal de aire: m \/ s, km \/ h, ft \/ min, nudos. Milla\/h.  Interfaz serie RS-232 a PC.  Sensor de capacitancia de pel\u00edcula delgada para la medici\u00f3n de la humedad, alta precisi\u00f3n, respuesta r\u00e1pida.  Registra las lecturas m\u00e1ximas y m\u00ednimas con recordatorio.  Estuche r\u00edgido de lujo, f\u00e1cil transporte y almacenamiento.  Amplias aplicaciones: Para verificar los sistemas de aire acondicionado y calefacci\u00f3n, mida las velocidades del aire, las velocidades del viento, la temperatura de la humedad, etc.  S\u00faper gran pantalla LCD, f\u00e1cil de leer.  Utiliz\u00f3 los componentes duraderos y duraderos.  El apagado autom\u00e1tico ahorra bater\u00eda.\" \/>\n<meta property=\"og:url\" content=\"https:\/\/abaa.mx\/tienda\/termohigrometro-anemometro-am4205a\/\" \/>\n<meta property=\"og:site_name\" content=\"Abaa tienda online\" \/>\n<meta property=\"og:image\" content=\"https:\/\/abaa.mx\/tienda\/wp-content\/uploads\/2023\/11\/LUTRON-AM4205A.jpg\" \/>\n\t<meta property=\"og:image:width\" content=\"437\" \/>\n\t<meta property=\"og:image:height\" content=\"419\" \/>\n\t<meta property=\"og:image:type\" content=\"image\/jpeg\" \/>\n<meta name=\"twitter:card\" content=\"summary_large_image\" \/>\n<meta name=\"twitter:label1\" content=\"Tiempo de lectura\" \/>\n\t<meta name=\"twitter:data1\" content=\"1 minuto\" \/>\n<script type=\"application\/ld+json\" class=\"yoast-schema-graph\">{\"@context\":\"https:\/\/schema.org\",\"@graph\":[{\"@type\":\"WebPage\",\"@id\":\"https:\/\/abaa.mx\/tienda\/termohigrometro-anemometro-am4205a\/\",\"url\":\"https:\/\/abaa.mx\/tienda\/termohigrometro-anemometro-am4205a\/\",\"name\":\"Termohigr\u00f3metro + Anem\u00f3metro - AM4205A - Abaa tienda online\",\"isPartOf\":{\"@id\":\"https:\/\/abaa.mx\/tienda\/#website\"},\"primaryImageOfPage\":{\"@id\":\"https:\/\/abaa.mx\/tienda\/termohigrometro-anemometro-am4205a\/#primaryimage\"},\"image\":{\"@id\":\"https:\/\/abaa.mx\/tienda\/termohigrometro-anemometro-am4205a\/#primaryimage\"},\"thumbnailUrl\":\"https:\/\/abaa.mx\/tienda\/wp-content\/uploads\/2023\/11\/LUTRON-AM4205A.jpg\",\"datePublished\":\"2023-11-16T15:03:51+00:00\",\"breadcrumb\":{\"@id\":\"https:\/\/abaa.mx\/tienda\/termohigrometro-anemometro-am4205a\/#breadcrumb\"},\"inLanguage\":\"es\",\"potentialAction\":[{\"@type\":\"ReadAction\",\"target\":[\"https:\/\/abaa.mx\/tienda\/termohigrometro-anemometro-am4205a\/\"]}]},{\"@type\":\"ImageObject\",\"inLanguage\":\"es\",\"@id\":\"https:\/\/abaa.mx\/tienda\/termohigrometro-anemometro-am4205a\/#primaryimage\",\"url\":\"https:\/\/abaa.mx\/tienda\/wp-content\/uploads\/2023\/11\/LUTRON-AM4205A.jpg\",\"contentUrl\":\"https:\/\/abaa.mx\/tienda\/wp-content\/uploads\/2023\/11\/LUTRON-AM4205A.jpg\",\"width\":437,\"height\":419,\"caption\":\"LUTRON-AM4205A\"},{\"@type\":\"BreadcrumbList\",\"@id\":\"https:\/\/abaa.mx\/tienda\/termohigrometro-anemometro-am4205a\/#breadcrumb\",\"itemListElement\":[{\"@type\":\"ListItem\",\"position\":1,\"name\":\"Inicio\",\"item\":\"https:\/\/abaa.mx\/tienda\/\"},{\"@type\":\"ListItem\",\"position\":2,\"name\":\"Tienda\",\"item\":\"https:\/\/abaa.mx\/tienda\/\"},{\"@type\":\"ListItem\",\"position\":3,\"name\":\"Termohigr\u00f3metro + Anem\u00f3metro &#8211; AM4205A\"}]},{\"@type\":\"WebSite\",\"@id\":\"https:\/\/abaa.mx\/tienda\/#website\",\"url\":\"https:\/\/abaa.mx\/tienda\/\",\"name\":\"Abaa tienda online\",\"description\":\"Instrumentos de medici\u00f3n\",\"publisher\":{\"@id\":\"https:\/\/abaa.mx\/tienda\/#organization\"},\"potentialAction\":[{\"@type\":\"SearchAction\",\"target\":{\"@type\":\"EntryPoint\",\"urlTemplate\":\"https:\/\/abaa.mx\/tienda\/?s={search_term_string}\"},\"query-input\":{\"@type\":\"PropertyValueSpecification\",\"valueRequired\":true,\"valueName\":\"search_term_string\"}}],\"inLanguage\":\"es\"},{\"@type\":\"Organization\",\"@id\":\"https:\/\/abaa.mx\/tienda\/#organization\",\"name\":\"Abaa tienda online\",\"url\":\"https:\/\/abaa.mx\/tienda\/\",\"logo\":{\"@type\":\"ImageObject\",\"inLanguage\":\"es\",\"@id\":\"https:\/\/abaa.mx\/tienda\/#\/schema\/logo\/image\/\",\"url\":\"https:\/\/abaa.mx\/tienda\/wp-content\/uploads\/2024\/01\/abaa-metrologia-tienda.png\",\"contentUrl\":\"https:\/\/abaa.mx\/tienda\/wp-content\/uploads\/2024\/01\/abaa-metrologia-tienda.png\",\"width\":300,\"height\":141,\"caption\":\"Abaa tienda online\"},\"image\":{\"@id\":\"https:\/\/abaa.mx\/tienda\/#\/schema\/logo\/image\/\"}}]}<\/script>\n<!-- \/ Yoast SEO plugin. -->","yoast_head_json":{"title":"Termohigr\u00f3metro + Anem\u00f3metro - AM4205A - Abaa tienda online","robots":{"index":"index","follow":"follow","max-snippet":"max-snippet:-1","max-image-preview":"max-image-preview:large","max-video-preview":"max-video-preview:-1"},"canonical":"https:\/\/abaa.mx\/tienda\/termohigrometro-anemometro-am4205a\/","og_locale":"es_MX","og_type":"article","og_title":"Termohigr\u00f3metro + Anem\u00f3metro - AM4205A - Abaa tienda online","og_description":"Anem\u00f3metro, Humedad\/Temperatura y el medidor del term\u00f3metro del tipo K \/ J se combinan en un medidor de dise\u00f1o inteligente:   El circuito del microprocesador asegura la m\u00e1xima exactitud posible, proporciona funciones y caracter\u00edsticas especiales.  El anem\u00f3metro port\u00e1til proporciona lecturas r\u00e1pidas y precisas con lectura digital y la conveniencia de un sensor remoto por separado.  Caja resistente y compacta.  Construir en la temperatura, la medida.  Pantalla del medidor de doble funci\u00f3n.  Sensor de termistor para temperatura, medici\u00f3n, tiempo de respuesta r\u00e1pido.  Retenci\u00f3n de datos.  Las ruedas de paleta de bola de baja fricci\u00f3n son precisas en ambas velocidades altas y bajas para el anem\u00f3metro.  Multi-funciones para la medici\u00f3n del caudal de aire: m \/ s, km \/ h, ft \/ min, nudos. Milla\/h.  Interfaz serie RS-232 a PC.  Sensor de capacitancia de pel\u00edcula delgada para la medici\u00f3n de la humedad, alta precisi\u00f3n, respuesta r\u00e1pida.  Registra las lecturas m\u00e1ximas y m\u00ednimas con recordatorio.  Estuche r\u00edgido de lujo, f\u00e1cil transporte y almacenamiento.  Amplias aplicaciones: Para verificar los sistemas de aire acondicionado y calefacci\u00f3n, mida las velocidades del aire, las velocidades del viento, la temperatura de la humedad, etc.  S\u00faper gran pantalla LCD, f\u00e1cil de leer.  Utiliz\u00f3 los componentes duraderos y duraderos.  El apagado autom\u00e1tico ahorra bater\u00eda.","og_url":"https:\/\/abaa.mx\/tienda\/termohigrometro-anemometro-am4205a\/","og_site_name":"Abaa tienda online","og_image":[{"width":437,"height":419,"url":"https:\/\/abaa.mx\/tienda\/wp-content\/uploads\/2023\/11\/LUTRON-AM4205A.jpg","type":"image\/jpeg"}],"twitter_card":"summary_large_image","twitter_misc":{"Tiempo de lectura":"1 minuto"},"schema":{"@context":"https:\/\/schema.org","@graph":[{"@type":"WebPage","@id":"https:\/\/abaa.mx\/tienda\/termohigrometro-anemometro-am4205a\/","url":"https:\/\/abaa.mx\/tienda\/termohigrometro-anemometro-am4205a\/","name":"Termohigr\u00f3metro + Anem\u00f3metro - AM4205A - Abaa tienda online","isPartOf":{"@id":"https:\/\/abaa.mx\/tienda\/#website"},"primaryImageOfPage":{"@id":"https:\/\/abaa.mx\/tienda\/termohigrometro-anemometro-am4205a\/#primaryimage"},"image":{"@id":"https:\/\/abaa.mx\/tienda\/termohigrometro-anemometro-am4205a\/#primaryimage"},"thumbnailUrl":"https:\/\/abaa.mx\/tienda\/wp-content\/uploads\/2023\/11\/LUTRON-AM4205A.jpg","datePublished":"2023-11-16T15:03:51+00:00","breadcrumb":{"@id":"https:\/\/abaa.mx\/tienda\/termohigrometro-anemometro-am4205a\/#breadcrumb"},"inLanguage":"es","potentialAction":[{"@type":"ReadAction","target":["https:\/\/abaa.mx\/tienda\/termohigrometro-anemometro-am4205a\/"]}]},{"@type":"ImageObject","inLanguage":"es","@id":"https:\/\/abaa.mx\/tienda\/termohigrometro-anemometro-am4205a\/#primaryimage","url":"https:\/\/abaa.mx\/tienda\/wp-content\/uploads\/2023\/11\/LUTRON-AM4205A.jpg","contentUrl":"https:\/\/abaa.mx\/tienda\/wp-content\/uploads\/2023\/11\/LUTRON-AM4205A.jpg","width":437,"height":419,"caption":"LUTRON-AM4205A"},{"@type":"BreadcrumbList","@id":"https:\/\/abaa.mx\/tienda\/termohigrometro-anemometro-am4205a\/#breadcrumb","itemListElement":[{"@type":"ListItem","position":1,"name":"Inicio","item":"https:\/\/abaa.mx\/tienda\/"},{"@type":"ListItem","position":2,"name":"Tienda","item":"https:\/\/abaa.mx\/tienda\/"},{"@type":"ListItem","position":3,"name":"Termohigr\u00f3metro + Anem\u00f3metro &#8211; AM4205A"}]},{"@type":"WebSite","@id":"https:\/\/abaa.mx\/tienda\/#website","url":"https:\/\/abaa.mx\/tienda\/","name":"Abaa tienda online","description":"Instrumentos de medici\u00f3n","publisher":{"@id":"https:\/\/abaa.mx\/tienda\/#organization"},"potentialAction":[{"@type":"SearchAction","target":{"@type":"EntryPoint","urlTemplate":"https:\/\/abaa.mx\/tienda\/?s={search_term_string}"},"query-input":{"@type":"PropertyValueSpecification","valueRequired":true,"valueName":"search_term_string"}}],"inLanguage":"es"},{"@type":"Organization","@id":"https:\/\/abaa.mx\/tienda\/#organization","name":"Abaa tienda online","url":"https:\/\/abaa.mx\/tienda\/","logo":{"@type":"ImageObject","inLanguage":"es","@id":"https:\/\/abaa.mx\/tienda\/#\/schema\/logo\/image\/","url":"https:\/\/abaa.mx\/tienda\/wp-content\/uploads\/2024\/01\/abaa-metrologia-tienda.png","contentUrl":"https:\/\/abaa.mx\/tienda\/wp-content\/uploads\/2024\/01\/abaa-metrologia-tienda.png","width":300,"height":141,"caption":"Abaa tienda online"},"image":{"@id":"https:\/\/abaa.mx\/tienda\/#\/schema\/logo\/image\/"}}]}},"_links":{"self":[{"href":"https:\/\/abaa.mx\/tienda\/wp-json\/wp\/v2\/product\/8942","targetHints":{"allow":["GET"]}}],"collection":[{"href":"https:\/\/abaa.mx\/tienda\/wp-json\/wp\/v2\/product"}],"about":[{"href":"https:\/\/abaa.mx\/tienda\/wp-json\/wp\/v2\/types\/product"}],"replies":[{"embeddable":true,"href":"https:\/\/abaa.mx\/tienda\/wp-json\/wp\/v2\/comments?post=8942"}],"wp:featuredmedia":[{"embeddable":true,"href":"https:\/\/abaa.mx\/tienda\/wp-json\/wp\/v2\/media\/8943"}],"wp:attachment":[{"href":"https:\/\/abaa.mx\/tienda\/wp-json\/wp\/v2\/media?parent=8942"}],"wp:term":[{"taxonomy":"product_brand","embeddable":true,"href":"https:\/\/abaa.mx\/tienda\/wp-json\/wp\/v2\/product_brand?post=8942"},{"taxonomy":"product_cat","embeddable":true,"href":"https:\/\/abaa.mx\/tienda\/wp-json\/wp\/v2\/product_cat?post=8942"},{"taxonomy":"product_tag","embeddable":true,"href":"https:\/\/abaa.mx\/tienda\/wp-json\/wp\/v2\/product_tag?post=8942"}],"curies":[{"name":"wp","href":"https:\/\/api.w.org\/{rel}","templated":true}]}}