{"id":8932,"date":"2023-11-15T20:38:44","date_gmt":"2023-11-15T20:38:44","guid":{"rendered":"https:\/\/abaa.mx\/tienda\/?post_type=product&#038;p=8932"},"modified":"2023-11-15T20:40:02","modified_gmt":"2023-11-15T20:40:02","slug":"termohigrometro-data-logger-con-pantalla-dt172","status":"publish","type":"product","link":"https:\/\/abaa.mx\/tienda\/termohigrometro-data-logger-con-pantalla-dt172\/","title":{"rendered":"Termohigr\u00f3metro Data Logger con Pantalla &#8211; DT172"},"content":{"rendered":"<p>Termohigr\u00f3metro Data Logger con Pantalla &#8211; DT172.<\/p>\n","protected":false},"excerpt":{"rendered":"<p>En el software se tienen la posibilidad de desarrollar l\u00edmites de alarmas y los registros se transfieren y tambi\u00e9n imprimen de manera f\u00e1cil como gr\u00e1fico o lista.<\/p>\n<p>El DT172 es un registrador de datos capaz con sensores internos de humedad y temperatura. Todos y cada uno de los valores se muestran en la pantalla, esto es , presente, m\u00e1x., m\u00edn. y tiempo. El registrador es perfecto para muchas aplicaciones distintas , como entornos de oficina, transporte con temperatura controlada o salas limpias. Los registros est\u00e1n marcados con hora y fecha y la gran memoria permite el registro de 16.000 conjuntos de datos.<\/p>\n<p>El DT172 se entrega listo para utilizar con bater\u00eda, soporte de pared, programa , cable USB y manual.<\/p>\n<p>Caracter\u00edsticas : Memoria de 32,700 lecturas (16,350 de temperatura y 16,350 de humedad). Indicaci\u00f3n del punto de Roc\u00edo a trav\u00e9s del Programa de Windows. Per\u00edodo de medici\u00f3n seleccionable: 2s, 5s, 10s, 30s, 1m, 5m, 10m, 30m, 1hr, 2hr, 3hr, 6hr, 12hr, 24hr. Indicio de status por medio de LED Rojo \/Amarillo\/Verde. Interfaz USB para configuraci\u00f3n y descarga de datos. Se tienen la posibilidad de programar valores l\u00edmite de alarma programables para temperatura y humedad relativa. Software de an\u00e1lisis genera gr\u00e1ficas con los datos logrados. Cuenta adem\u00e1s con una bater\u00eda de extendida duraci\u00f3n.<\/p>\n<h3><b>Especificaciones:<\/b><\/h3>\n<p>\u2022 Precisi\u00f3n de temperatura:\u00b11\u00b0C.<br \/>\n\u2022 Capacidad de memoria:32,700 datos (16,350 para temperatura y 16,350 para humedad).<br \/>\n\u2022 Rango de temperatura:-40 a 70\u00b0C.<br \/>\n\u2022 Precisi\u00f3n de humedad:\u00b12%RH.<br \/>\n\u2022 Ciclo de medici\u00f3n:De 1 segundo hasta 24 horas.<\/p>\n<p>\u2022 Rango de humedad:0 a 100%RH.<\/p>\n<h3><b>Incluye:<\/b><\/h3>\n<ul>\n<li>Soporte de pared.<\/li>\n<li>Manual de instrucciones.<\/li>\n<li>bater\u00eda de litio.<\/li>\n<li>Candado para bloqueo de instrumento.<\/li>\n<li>Cable USB.<\/li>\n<\/ul>\n","protected":false},"featured_media":8934,"comment_status":"open","ping_status":"closed","template":"","meta":{"_joinchat":[]},"product_brand":[],"product_cat":[133],"product_tag":[],"class_list":{"0":"post-8932","1":"product","2":"type-product","3":"status-publish","4":"has-post-thumbnail","6":"product_cat-termohigrometros-digitales","8":"first","9":"instock","10":"shipping-taxable","11":"product-type-simple"},"yoast_head":"<!-- This site is optimized with the Yoast SEO plugin v26.4 - https:\/\/yoast.com\/wordpress\/plugins\/seo\/ -->\n<title>Termohigr\u00f3metro Data Logger con Pantalla - DT172 - Abaa tienda online<\/title>\n<meta name=\"robots\" content=\"index, follow, max-snippet:-1, max-image-preview:large, max-video-preview:-1\" \/>\n<link rel=\"canonical\" href=\"https:\/\/abaa.mx\/tienda\/termohigrometro-data-logger-con-pantalla-dt172\/\" \/>\n<meta property=\"og:locale\" content=\"es_MX\" \/>\n<meta property=\"og:type\" content=\"article\" \/>\n<meta property=\"og:title\" content=\"Termohigr\u00f3metro Data Logger con Pantalla - DT172 - Abaa tienda online\" \/>\n<meta property=\"og:description\" content=\"En el software se tienen la posibilidad de desarrollar l\u00edmites de alarmas y los registros se transfieren y tambi\u00e9n imprimen de manera f\u00e1cil como gr\u00e1fico o lista.  El DT172 es un registrador de datos capaz con sensores internos de humedad y temperatura. Todos y cada uno de los valores se muestran en la pantalla, esto es , presente, m\u00e1x., m\u00edn. y tiempo. El registrador es perfecto para muchas aplicaciones distintas , como entornos de oficina, transporte con temperatura controlada o salas limpias. Los registros est\u00e1n marcados con hora y fecha y la gran memoria permite el registro de 16.000 conjuntos de datos.  El DT172 se entrega listo para utilizar con bater\u00eda, soporte de pared, programa , cable USB y manual.  Caracter\u00edsticas : Memoria de 32,700 lecturas (16,350 de temperatura y 16,350 de humedad). Indicaci\u00f3n del punto de Roc\u00edo a trav\u00e9s del Programa de Windows. Per\u00edodo de medici\u00f3n seleccionable: 2s, 5s, 10s, 30s, 1m, 5m, 10m, 30m, 1hr, 2hr, 3hr, 6hr, 12hr, 24hr. Indicio de status por medio de LED Rojo \/Amarillo\/Verde. Interfaz USB para configuraci\u00f3n y descarga de datos. Se tienen la posibilidad de programar valores l\u00edmite de alarma programables para temperatura y humedad relativa. Software de an\u00e1lisis genera gr\u00e1ficas con los datos logrados. Cuenta adem\u00e1s con una bater\u00eda de extendida duraci\u00f3n. Especificaciones: \u2022 Precisi\u00f3n de temperatura:\u00b11\u00b0C. \u2022 Capacidad de memoria:32,700 datos (16,350 para temperatura y 16,350 para humedad). \u2022 Rango de temperatura:-40 a 70\u00b0C. \u2022 Precisi\u00f3n de humedad:\u00b12%RH. \u2022 Ciclo de medici\u00f3n:De 1 segundo hasta 24 horas.  \u2022 Rango de humedad:0 a 100%RH. Incluye:   Soporte de pared.  Manual de instrucciones.  bater\u00eda de litio.  Candado para bloqueo de instrumento.  Cable USB.\" \/>\n<meta property=\"og:url\" content=\"https:\/\/abaa.mx\/tienda\/termohigrometro-data-logger-con-pantalla-dt172\/\" \/>\n<meta property=\"og:site_name\" content=\"Abaa tienda online\" \/>\n<meta property=\"article:modified_time\" content=\"2023-11-15T20:40:02+00:00\" \/>\n<meta property=\"og:image\" content=\"https:\/\/abaa.mx\/tienda\/wp-content\/uploads\/2023\/11\/CEM-METERS-DT172.jpg\" \/>\n\t<meta property=\"og:image:width\" content=\"361\" \/>\n\t<meta property=\"og:image:height\" content=\"446\" \/>\n\t<meta property=\"og:image:type\" content=\"image\/jpeg\" \/>\n<meta name=\"twitter:card\" content=\"summary_large_image\" \/>\n<meta name=\"twitter:label1\" content=\"Tiempo de lectura\" \/>\n\t<meta name=\"twitter:data1\" content=\"1 minuto\" \/>\n<script type=\"application\/ld+json\" class=\"yoast-schema-graph\">{\"@context\":\"https:\/\/schema.org\",\"@graph\":[{\"@type\":\"WebPage\",\"@id\":\"https:\/\/abaa.mx\/tienda\/termohigrometro-data-logger-con-pantalla-dt172\/\",\"url\":\"https:\/\/abaa.mx\/tienda\/termohigrometro-data-logger-con-pantalla-dt172\/\",\"name\":\"Termohigr\u00f3metro Data Logger con Pantalla - DT172 - Abaa tienda online\",\"isPartOf\":{\"@id\":\"https:\/\/abaa.mx\/tienda\/#website\"},\"primaryImageOfPage\":{\"@id\":\"https:\/\/abaa.mx\/tienda\/termohigrometro-data-logger-con-pantalla-dt172\/#primaryimage\"},\"image\":{\"@id\":\"https:\/\/abaa.mx\/tienda\/termohigrometro-data-logger-con-pantalla-dt172\/#primaryimage\"},\"thumbnailUrl\":\"https:\/\/abaa.mx\/tienda\/wp-content\/uploads\/2023\/11\/CEM-METERS-DT172.jpg\",\"datePublished\":\"2023-11-15T20:38:44+00:00\",\"dateModified\":\"2023-11-15T20:40:02+00:00\",\"breadcrumb\":{\"@id\":\"https:\/\/abaa.mx\/tienda\/termohigrometro-data-logger-con-pantalla-dt172\/#breadcrumb\"},\"inLanguage\":\"es\",\"potentialAction\":[{\"@type\":\"ReadAction\",\"target\":[\"https:\/\/abaa.mx\/tienda\/termohigrometro-data-logger-con-pantalla-dt172\/\"]}]},{\"@type\":\"ImageObject\",\"inLanguage\":\"es\",\"@id\":\"https:\/\/abaa.mx\/tienda\/termohigrometro-data-logger-con-pantalla-dt172\/#primaryimage\",\"url\":\"https:\/\/abaa.mx\/tienda\/wp-content\/uploads\/2023\/11\/CEM-METERS-DT172.jpg\",\"contentUrl\":\"https:\/\/abaa.mx\/tienda\/wp-content\/uploads\/2023\/11\/CEM-METERS-DT172.jpg\",\"width\":361,\"height\":446,\"caption\":\"CEM METERS-DT172\"},{\"@type\":\"BreadcrumbList\",\"@id\":\"https:\/\/abaa.mx\/tienda\/termohigrometro-data-logger-con-pantalla-dt172\/#breadcrumb\",\"itemListElement\":[{\"@type\":\"ListItem\",\"position\":1,\"name\":\"Inicio\",\"item\":\"https:\/\/abaa.mx\/tienda\/\"},{\"@type\":\"ListItem\",\"position\":2,\"name\":\"Tienda\",\"item\":\"https:\/\/abaa.mx\/tienda\/\"},{\"@type\":\"ListItem\",\"position\":3,\"name\":\"Termohigr\u00f3metro Data Logger con Pantalla &#8211; DT172\"}]},{\"@type\":\"WebSite\",\"@id\":\"https:\/\/abaa.mx\/tienda\/#website\",\"url\":\"https:\/\/abaa.mx\/tienda\/\",\"name\":\"Abaa tienda online\",\"description\":\"Instrumentos de medici\u00f3n\",\"publisher\":{\"@id\":\"https:\/\/abaa.mx\/tienda\/#organization\"},\"potentialAction\":[{\"@type\":\"SearchAction\",\"target\":{\"@type\":\"EntryPoint\",\"urlTemplate\":\"https:\/\/abaa.mx\/tienda\/?s={search_term_string}\"},\"query-input\":{\"@type\":\"PropertyValueSpecification\",\"valueRequired\":true,\"valueName\":\"search_term_string\"}}],\"inLanguage\":\"es\"},{\"@type\":\"Organization\",\"@id\":\"https:\/\/abaa.mx\/tienda\/#organization\",\"name\":\"Abaa tienda online\",\"url\":\"https:\/\/abaa.mx\/tienda\/\",\"logo\":{\"@type\":\"ImageObject\",\"inLanguage\":\"es\",\"@id\":\"https:\/\/abaa.mx\/tienda\/#\/schema\/logo\/image\/\",\"url\":\"https:\/\/abaa.mx\/tienda\/wp-content\/uploads\/2024\/01\/abaa-metrologia-tienda.png\",\"contentUrl\":\"https:\/\/abaa.mx\/tienda\/wp-content\/uploads\/2024\/01\/abaa-metrologia-tienda.png\",\"width\":300,\"height\":141,\"caption\":\"Abaa tienda online\"},\"image\":{\"@id\":\"https:\/\/abaa.mx\/tienda\/#\/schema\/logo\/image\/\"}}]}<\/script>\n<!-- \/ Yoast SEO plugin. -->","yoast_head_json":{"title":"Termohigr\u00f3metro Data Logger con Pantalla - DT172 - Abaa tienda online","robots":{"index":"index","follow":"follow","max-snippet":"max-snippet:-1","max-image-preview":"max-image-preview:large","max-video-preview":"max-video-preview:-1"},"canonical":"https:\/\/abaa.mx\/tienda\/termohigrometro-data-logger-con-pantalla-dt172\/","og_locale":"es_MX","og_type":"article","og_title":"Termohigr\u00f3metro Data Logger con Pantalla - DT172 - Abaa tienda online","og_description":"En el software se tienen la posibilidad de desarrollar l\u00edmites de alarmas y los registros se transfieren y tambi\u00e9n imprimen de manera f\u00e1cil como gr\u00e1fico o lista.  El DT172 es un registrador de datos capaz con sensores internos de humedad y temperatura. Todos y cada uno de los valores se muestran en la pantalla, esto es , presente, m\u00e1x., m\u00edn. y tiempo. El registrador es perfecto para muchas aplicaciones distintas , como entornos de oficina, transporte con temperatura controlada o salas limpias. Los registros est\u00e1n marcados con hora y fecha y la gran memoria permite el registro de 16.000 conjuntos de datos.  El DT172 se entrega listo para utilizar con bater\u00eda, soporte de pared, programa , cable USB y manual.  Caracter\u00edsticas : Memoria de 32,700 lecturas (16,350 de temperatura y 16,350 de humedad). Indicaci\u00f3n del punto de Roc\u00edo a trav\u00e9s del Programa de Windows. Per\u00edodo de medici\u00f3n seleccionable: 2s, 5s, 10s, 30s, 1m, 5m, 10m, 30m, 1hr, 2hr, 3hr, 6hr, 12hr, 24hr. Indicio de status por medio de LED Rojo \/Amarillo\/Verde. Interfaz USB para configuraci\u00f3n y descarga de datos. Se tienen la posibilidad de programar valores l\u00edmite de alarma programables para temperatura y humedad relativa. Software de an\u00e1lisis genera gr\u00e1ficas con los datos logrados. Cuenta adem\u00e1s con una bater\u00eda de extendida duraci\u00f3n. Especificaciones: \u2022 Precisi\u00f3n de temperatura:\u00b11\u00b0C. \u2022 Capacidad de memoria:32,700 datos (16,350 para temperatura y 16,350 para humedad). \u2022 Rango de temperatura:-40 a 70\u00b0C. \u2022 Precisi\u00f3n de humedad:\u00b12%RH. \u2022 Ciclo de medici\u00f3n:De 1 segundo hasta 24 horas.  \u2022 Rango de humedad:0 a 100%RH. Incluye:   Soporte de pared.  Manual de instrucciones.  bater\u00eda de litio.  Candado para bloqueo de instrumento.  Cable USB.","og_url":"https:\/\/abaa.mx\/tienda\/termohigrometro-data-logger-con-pantalla-dt172\/","og_site_name":"Abaa tienda online","article_modified_time":"2023-11-15T20:40:02+00:00","og_image":[{"width":361,"height":446,"url":"https:\/\/abaa.mx\/tienda\/wp-content\/uploads\/2023\/11\/CEM-METERS-DT172.jpg","type":"image\/jpeg"}],"twitter_card":"summary_large_image","twitter_misc":{"Tiempo de lectura":"1 minuto"},"schema":{"@context":"https:\/\/schema.org","@graph":[{"@type":"WebPage","@id":"https:\/\/abaa.mx\/tienda\/termohigrometro-data-logger-con-pantalla-dt172\/","url":"https:\/\/abaa.mx\/tienda\/termohigrometro-data-logger-con-pantalla-dt172\/","name":"Termohigr\u00f3metro Data Logger con Pantalla - DT172 - Abaa tienda online","isPartOf":{"@id":"https:\/\/abaa.mx\/tienda\/#website"},"primaryImageOfPage":{"@id":"https:\/\/abaa.mx\/tienda\/termohigrometro-data-logger-con-pantalla-dt172\/#primaryimage"},"image":{"@id":"https:\/\/abaa.mx\/tienda\/termohigrometro-data-logger-con-pantalla-dt172\/#primaryimage"},"thumbnailUrl":"https:\/\/abaa.mx\/tienda\/wp-content\/uploads\/2023\/11\/CEM-METERS-DT172.jpg","datePublished":"2023-11-15T20:38:44+00:00","dateModified":"2023-11-15T20:40:02+00:00","breadcrumb":{"@id":"https:\/\/abaa.mx\/tienda\/termohigrometro-data-logger-con-pantalla-dt172\/#breadcrumb"},"inLanguage":"es","potentialAction":[{"@type":"ReadAction","target":["https:\/\/abaa.mx\/tienda\/termohigrometro-data-logger-con-pantalla-dt172\/"]}]},{"@type":"ImageObject","inLanguage":"es","@id":"https:\/\/abaa.mx\/tienda\/termohigrometro-data-logger-con-pantalla-dt172\/#primaryimage","url":"https:\/\/abaa.mx\/tienda\/wp-content\/uploads\/2023\/11\/CEM-METERS-DT172.jpg","contentUrl":"https:\/\/abaa.mx\/tienda\/wp-content\/uploads\/2023\/11\/CEM-METERS-DT172.jpg","width":361,"height":446,"caption":"CEM METERS-DT172"},{"@type":"BreadcrumbList","@id":"https:\/\/abaa.mx\/tienda\/termohigrometro-data-logger-con-pantalla-dt172\/#breadcrumb","itemListElement":[{"@type":"ListItem","position":1,"name":"Inicio","item":"https:\/\/abaa.mx\/tienda\/"},{"@type":"ListItem","position":2,"name":"Tienda","item":"https:\/\/abaa.mx\/tienda\/"},{"@type":"ListItem","position":3,"name":"Termohigr\u00f3metro Data Logger con Pantalla &#8211; DT172"}]},{"@type":"WebSite","@id":"https:\/\/abaa.mx\/tienda\/#website","url":"https:\/\/abaa.mx\/tienda\/","name":"Abaa tienda online","description":"Instrumentos de medici\u00f3n","publisher":{"@id":"https:\/\/abaa.mx\/tienda\/#organization"},"potentialAction":[{"@type":"SearchAction","target":{"@type":"EntryPoint","urlTemplate":"https:\/\/abaa.mx\/tienda\/?s={search_term_string}"},"query-input":{"@type":"PropertyValueSpecification","valueRequired":true,"valueName":"search_term_string"}}],"inLanguage":"es"},{"@type":"Organization","@id":"https:\/\/abaa.mx\/tienda\/#organization","name":"Abaa tienda online","url":"https:\/\/abaa.mx\/tienda\/","logo":{"@type":"ImageObject","inLanguage":"es","@id":"https:\/\/abaa.mx\/tienda\/#\/schema\/logo\/image\/","url":"https:\/\/abaa.mx\/tienda\/wp-content\/uploads\/2024\/01\/abaa-metrologia-tienda.png","contentUrl":"https:\/\/abaa.mx\/tienda\/wp-content\/uploads\/2024\/01\/abaa-metrologia-tienda.png","width":300,"height":141,"caption":"Abaa tienda online"},"image":{"@id":"https:\/\/abaa.mx\/tienda\/#\/schema\/logo\/image\/"}}]}},"_links":{"self":[{"href":"https:\/\/abaa.mx\/tienda\/wp-json\/wp\/v2\/product\/8932","targetHints":{"allow":["GET"]}}],"collection":[{"href":"https:\/\/abaa.mx\/tienda\/wp-json\/wp\/v2\/product"}],"about":[{"href":"https:\/\/abaa.mx\/tienda\/wp-json\/wp\/v2\/types\/product"}],"replies":[{"embeddable":true,"href":"https:\/\/abaa.mx\/tienda\/wp-json\/wp\/v2\/comments?post=8932"}],"wp:featuredmedia":[{"embeddable":true,"href":"https:\/\/abaa.mx\/tienda\/wp-json\/wp\/v2\/media\/8934"}],"wp:attachment":[{"href":"https:\/\/abaa.mx\/tienda\/wp-json\/wp\/v2\/media?parent=8932"}],"wp:term":[{"taxonomy":"product_brand","embeddable":true,"href":"https:\/\/abaa.mx\/tienda\/wp-json\/wp\/v2\/product_brand?post=8932"},{"taxonomy":"product_cat","embeddable":true,"href":"https:\/\/abaa.mx\/tienda\/wp-json\/wp\/v2\/product_cat?post=8932"},{"taxonomy":"product_tag","embeddable":true,"href":"https:\/\/abaa.mx\/tienda\/wp-json\/wp\/v2\/product_tag?post=8932"}],"curies":[{"name":"wp","href":"https:\/\/api.w.org\/{rel}","templated":true}]}}