{"id":8915,"date":"2023-11-15T16:29:43","date_gmt":"2023-11-15T16:29:43","guid":{"rendered":"https:\/\/abaa.mx\/tienda\/?post_type=product&#038;p=8915"},"modified":"2023-11-15T16:29:44","modified_gmt":"2023-11-15T16:29:44","slug":"fototacometro-dt2236","status":"publish","type":"product","link":"https:\/\/abaa.mx\/tienda\/fototacometro-dt2236\/","title":{"rendered":"Fototac\u00f3metro -DT2236"},"content":{"rendered":"<p><strong>Fototac\u00f3metro -DT2236.<\/strong><\/p>\n","protected":false},"excerpt":{"rendered":"<p><b>Caracter\u00edsticas:<\/b><\/p>\n<ul>\n<li>Gran tama\u00f1o de pantalla LCD para una lectura exacta sin errores de apreciaci\u00f3n y aparte ahorra Bater\u00eda.<\/li>\n<li>Alta precisi\u00f3n con 0.05% de efectividad.<\/li>\n<li>El \u00faltimo valor m\u00e1ximo y el \u00faltimo m\u00ednimo se graban en la memoria autom\u00e1ticamente y se pueden obtener presionando el boton de LLAMADO DE MEMORIA.<\/li>\n<li>Este tac\u00f3metro utiliza el exclusivo CIRCUITO LSI MICRO-COMPUTADOR y base de tiempo de cristal, ofrece la lectura m\u00e1s confiable y el m\u00e1s r\u00e1pido tiempo de muestreo<\/li>\n<li>Patente Mundial, Multi funciones, un instrumento que combina Fototac\u00f3metro (RPM) y Tac\u00f3metro de cont\u00e1cto (RPM, m\/min, pies\/min).<\/li>\n<li>El uso de componentes durables y de larga duraci\u00f3n, incluyendo una carcasa ligera pero fuerte hecha a base de pl\u00e1stico ABS, asegura un casi nulo mantenimiento por varios a\u00f1os.<\/li>\n<li>El gabinete carcasa del equipo est\u00e1 dise\u00f1ado para que quepa ergon\u00f3micamente en ambas manos.<\/li>\n<\/ul>\n<p>&nbsp;<\/p>\n","protected":false},"featured_media":8919,"comment_status":"open","ping_status":"closed","template":"","meta":{"_joinchat":[]},"product_brand":[],"product_cat":[132],"product_tag":[],"class_list":{"0":"post-8915","1":"product","2":"type-product","3":"status-publish","4":"has-post-thumbnail","6":"product_cat-tacometros-y-fototacometros","8":"first","9":"instock","10":"shipping-taxable","11":"product-type-simple"},"yoast_head":"<!-- This site is optimized with the Yoast SEO plugin v26.4 - https:\/\/yoast.com\/wordpress\/plugins\/seo\/ -->\n<title>Fototac\u00f3metro -DT2236 - Abaa tienda online<\/title>\n<meta name=\"robots\" content=\"index, follow, max-snippet:-1, max-image-preview:large, max-video-preview:-1\" \/>\n<link rel=\"canonical\" href=\"https:\/\/abaa.mx\/tienda\/fototacometro-dt2236\/\" \/>\n<meta property=\"og:locale\" content=\"es_MX\" \/>\n<meta property=\"og:type\" content=\"article\" \/>\n<meta property=\"og:title\" content=\"Fototac\u00f3metro -DT2236 - Abaa tienda online\" \/>\n<meta property=\"og:description\" content=\"Caracter\u00edsticas:   Gran tama\u00f1o de pantalla LCD para una lectura exacta sin errores de apreciaci\u00f3n y aparte ahorra Bater\u00eda.  Alta precisi\u00f3n con 0.05% de efectividad.  El \u00faltimo valor m\u00e1ximo y el \u00faltimo m\u00ednimo se graban en la memoria autom\u00e1ticamente y se pueden obtener presionando el boton de LLAMADO DE MEMORIA.  Este tac\u00f3metro utiliza el exclusivo CIRCUITO LSI MICRO-COMPUTADOR y base de tiempo de cristal, ofrece la lectura m\u00e1s confiable y el m\u00e1s r\u00e1pido tiempo de muestreo  Patente Mundial, Multi funciones, un instrumento que combina Fototac\u00f3metro (RPM) y Tac\u00f3metro de cont\u00e1cto (RPM, m\/min, pies\/min).  El uso de componentes durables y de larga duraci\u00f3n, incluyendo una carcasa ligera pero fuerte hecha a base de pl\u00e1stico ABS, asegura un casi nulo mantenimiento por varios a\u00f1os.  El gabinete carcasa del equipo est\u00e1 dise\u00f1ado para que quepa ergon\u00f3micamente en ambas manos.  &nbsp;\" \/>\n<meta property=\"og:url\" content=\"https:\/\/abaa.mx\/tienda\/fototacometro-dt2236\/\" \/>\n<meta property=\"og:site_name\" content=\"Abaa tienda online\" \/>\n<meta property=\"article:modified_time\" content=\"2023-11-15T16:29:44+00:00\" \/>\n<meta property=\"og:image\" content=\"https:\/\/abaa.mx\/tienda\/wp-content\/uploads\/2023\/11\/LUTRON-DT2236.jpg\" \/>\n\t<meta property=\"og:image:width\" content=\"357\" \/>\n\t<meta property=\"og:image:height\" content=\"408\" \/>\n\t<meta property=\"og:image:type\" content=\"image\/jpeg\" \/>\n<meta name=\"twitter:card\" content=\"summary_large_image\" \/>\n<meta name=\"twitter:label1\" content=\"Tiempo de lectura\" \/>\n\t<meta name=\"twitter:data1\" content=\"1 minuto\" \/>\n<script type=\"application\/ld+json\" class=\"yoast-schema-graph\">{\"@context\":\"https:\/\/schema.org\",\"@graph\":[{\"@type\":\"WebPage\",\"@id\":\"https:\/\/abaa.mx\/tienda\/fototacometro-dt2236\/\",\"url\":\"https:\/\/abaa.mx\/tienda\/fototacometro-dt2236\/\",\"name\":\"Fototac\u00f3metro -DT2236 - Abaa tienda online\",\"isPartOf\":{\"@id\":\"https:\/\/abaa.mx\/tienda\/#website\"},\"primaryImageOfPage\":{\"@id\":\"https:\/\/abaa.mx\/tienda\/fototacometro-dt2236\/#primaryimage\"},\"image\":{\"@id\":\"https:\/\/abaa.mx\/tienda\/fototacometro-dt2236\/#primaryimage\"},\"thumbnailUrl\":\"https:\/\/abaa.mx\/tienda\/wp-content\/uploads\/2023\/11\/LUTRON-DT2236.jpg\",\"datePublished\":\"2023-11-15T16:29:43+00:00\",\"dateModified\":\"2023-11-15T16:29:44+00:00\",\"breadcrumb\":{\"@id\":\"https:\/\/abaa.mx\/tienda\/fototacometro-dt2236\/#breadcrumb\"},\"inLanguage\":\"es\",\"potentialAction\":[{\"@type\":\"ReadAction\",\"target\":[\"https:\/\/abaa.mx\/tienda\/fototacometro-dt2236\/\"]}]},{\"@type\":\"ImageObject\",\"inLanguage\":\"es\",\"@id\":\"https:\/\/abaa.mx\/tienda\/fototacometro-dt2236\/#primaryimage\",\"url\":\"https:\/\/abaa.mx\/tienda\/wp-content\/uploads\/2023\/11\/LUTRON-DT2236.jpg\",\"contentUrl\":\"https:\/\/abaa.mx\/tienda\/wp-content\/uploads\/2023\/11\/LUTRON-DT2236.jpg\",\"width\":357,\"height\":408,\"caption\":\"LUTRON-DT2236\"},{\"@type\":\"BreadcrumbList\",\"@id\":\"https:\/\/abaa.mx\/tienda\/fototacometro-dt2236\/#breadcrumb\",\"itemListElement\":[{\"@type\":\"ListItem\",\"position\":1,\"name\":\"Inicio\",\"item\":\"https:\/\/abaa.mx\/tienda\/\"},{\"@type\":\"ListItem\",\"position\":2,\"name\":\"Tienda\",\"item\":\"https:\/\/abaa.mx\/tienda\/\"},{\"@type\":\"ListItem\",\"position\":3,\"name\":\"Fototac\u00f3metro -DT2236\"}]},{\"@type\":\"WebSite\",\"@id\":\"https:\/\/abaa.mx\/tienda\/#website\",\"url\":\"https:\/\/abaa.mx\/tienda\/\",\"name\":\"Abaa tienda online\",\"description\":\"Instrumentos de medici\u00f3n\",\"publisher\":{\"@id\":\"https:\/\/abaa.mx\/tienda\/#organization\"},\"potentialAction\":[{\"@type\":\"SearchAction\",\"target\":{\"@type\":\"EntryPoint\",\"urlTemplate\":\"https:\/\/abaa.mx\/tienda\/?s={search_term_string}\"},\"query-input\":{\"@type\":\"PropertyValueSpecification\",\"valueRequired\":true,\"valueName\":\"search_term_string\"}}],\"inLanguage\":\"es\"},{\"@type\":\"Organization\",\"@id\":\"https:\/\/abaa.mx\/tienda\/#organization\",\"name\":\"Abaa tienda online\",\"url\":\"https:\/\/abaa.mx\/tienda\/\",\"logo\":{\"@type\":\"ImageObject\",\"inLanguage\":\"es\",\"@id\":\"https:\/\/abaa.mx\/tienda\/#\/schema\/logo\/image\/\",\"url\":\"https:\/\/abaa.mx\/tienda\/wp-content\/uploads\/2024\/01\/abaa-metrologia-tienda.png\",\"contentUrl\":\"https:\/\/abaa.mx\/tienda\/wp-content\/uploads\/2024\/01\/abaa-metrologia-tienda.png\",\"width\":300,\"height\":141,\"caption\":\"Abaa tienda online\"},\"image\":{\"@id\":\"https:\/\/abaa.mx\/tienda\/#\/schema\/logo\/image\/\"}}]}<\/script>\n<!-- \/ Yoast SEO plugin. -->","yoast_head_json":{"title":"Fototac\u00f3metro -DT2236 - Abaa tienda online","robots":{"index":"index","follow":"follow","max-snippet":"max-snippet:-1","max-image-preview":"max-image-preview:large","max-video-preview":"max-video-preview:-1"},"canonical":"https:\/\/abaa.mx\/tienda\/fototacometro-dt2236\/","og_locale":"es_MX","og_type":"article","og_title":"Fototac\u00f3metro -DT2236 - Abaa tienda online","og_description":"Caracter\u00edsticas:   Gran tama\u00f1o de pantalla LCD para una lectura exacta sin errores de apreciaci\u00f3n y aparte ahorra Bater\u00eda.  Alta precisi\u00f3n con 0.05% de efectividad.  El \u00faltimo valor m\u00e1ximo y el \u00faltimo m\u00ednimo se graban en la memoria autom\u00e1ticamente y se pueden obtener presionando el boton de LLAMADO DE MEMORIA.  Este tac\u00f3metro utiliza el exclusivo CIRCUITO LSI MICRO-COMPUTADOR y base de tiempo de cristal, ofrece la lectura m\u00e1s confiable y el m\u00e1s r\u00e1pido tiempo de muestreo  Patente Mundial, Multi funciones, un instrumento que combina Fototac\u00f3metro (RPM) y Tac\u00f3metro de cont\u00e1cto (RPM, m\/min, pies\/min).  El uso de componentes durables y de larga duraci\u00f3n, incluyendo una carcasa ligera pero fuerte hecha a base de pl\u00e1stico ABS, asegura un casi nulo mantenimiento por varios a\u00f1os.  El gabinete carcasa del equipo est\u00e1 dise\u00f1ado para que quepa ergon\u00f3micamente en ambas manos.  &nbsp;","og_url":"https:\/\/abaa.mx\/tienda\/fototacometro-dt2236\/","og_site_name":"Abaa tienda online","article_modified_time":"2023-11-15T16:29:44+00:00","og_image":[{"width":357,"height":408,"url":"https:\/\/abaa.mx\/tienda\/wp-content\/uploads\/2023\/11\/LUTRON-DT2236.jpg","type":"image\/jpeg"}],"twitter_card":"summary_large_image","twitter_misc":{"Tiempo de lectura":"1 minuto"},"schema":{"@context":"https:\/\/schema.org","@graph":[{"@type":"WebPage","@id":"https:\/\/abaa.mx\/tienda\/fototacometro-dt2236\/","url":"https:\/\/abaa.mx\/tienda\/fototacometro-dt2236\/","name":"Fototac\u00f3metro -DT2236 - Abaa tienda online","isPartOf":{"@id":"https:\/\/abaa.mx\/tienda\/#website"},"primaryImageOfPage":{"@id":"https:\/\/abaa.mx\/tienda\/fototacometro-dt2236\/#primaryimage"},"image":{"@id":"https:\/\/abaa.mx\/tienda\/fototacometro-dt2236\/#primaryimage"},"thumbnailUrl":"https:\/\/abaa.mx\/tienda\/wp-content\/uploads\/2023\/11\/LUTRON-DT2236.jpg","datePublished":"2023-11-15T16:29:43+00:00","dateModified":"2023-11-15T16:29:44+00:00","breadcrumb":{"@id":"https:\/\/abaa.mx\/tienda\/fototacometro-dt2236\/#breadcrumb"},"inLanguage":"es","potentialAction":[{"@type":"ReadAction","target":["https:\/\/abaa.mx\/tienda\/fototacometro-dt2236\/"]}]},{"@type":"ImageObject","inLanguage":"es","@id":"https:\/\/abaa.mx\/tienda\/fototacometro-dt2236\/#primaryimage","url":"https:\/\/abaa.mx\/tienda\/wp-content\/uploads\/2023\/11\/LUTRON-DT2236.jpg","contentUrl":"https:\/\/abaa.mx\/tienda\/wp-content\/uploads\/2023\/11\/LUTRON-DT2236.jpg","width":357,"height":408,"caption":"LUTRON-DT2236"},{"@type":"BreadcrumbList","@id":"https:\/\/abaa.mx\/tienda\/fototacometro-dt2236\/#breadcrumb","itemListElement":[{"@type":"ListItem","position":1,"name":"Inicio","item":"https:\/\/abaa.mx\/tienda\/"},{"@type":"ListItem","position":2,"name":"Tienda","item":"https:\/\/abaa.mx\/tienda\/"},{"@type":"ListItem","position":3,"name":"Fototac\u00f3metro -DT2236"}]},{"@type":"WebSite","@id":"https:\/\/abaa.mx\/tienda\/#website","url":"https:\/\/abaa.mx\/tienda\/","name":"Abaa tienda online","description":"Instrumentos de medici\u00f3n","publisher":{"@id":"https:\/\/abaa.mx\/tienda\/#organization"},"potentialAction":[{"@type":"SearchAction","target":{"@type":"EntryPoint","urlTemplate":"https:\/\/abaa.mx\/tienda\/?s={search_term_string}"},"query-input":{"@type":"PropertyValueSpecification","valueRequired":true,"valueName":"search_term_string"}}],"inLanguage":"es"},{"@type":"Organization","@id":"https:\/\/abaa.mx\/tienda\/#organization","name":"Abaa tienda online","url":"https:\/\/abaa.mx\/tienda\/","logo":{"@type":"ImageObject","inLanguage":"es","@id":"https:\/\/abaa.mx\/tienda\/#\/schema\/logo\/image\/","url":"https:\/\/abaa.mx\/tienda\/wp-content\/uploads\/2024\/01\/abaa-metrologia-tienda.png","contentUrl":"https:\/\/abaa.mx\/tienda\/wp-content\/uploads\/2024\/01\/abaa-metrologia-tienda.png","width":300,"height":141,"caption":"Abaa tienda online"},"image":{"@id":"https:\/\/abaa.mx\/tienda\/#\/schema\/logo\/image\/"}}]}},"_links":{"self":[{"href":"https:\/\/abaa.mx\/tienda\/wp-json\/wp\/v2\/product\/8915","targetHints":{"allow":["GET"]}}],"collection":[{"href":"https:\/\/abaa.mx\/tienda\/wp-json\/wp\/v2\/product"}],"about":[{"href":"https:\/\/abaa.mx\/tienda\/wp-json\/wp\/v2\/types\/product"}],"replies":[{"embeddable":true,"href":"https:\/\/abaa.mx\/tienda\/wp-json\/wp\/v2\/comments?post=8915"}],"wp:featuredmedia":[{"embeddable":true,"href":"https:\/\/abaa.mx\/tienda\/wp-json\/wp\/v2\/media\/8919"}],"wp:attachment":[{"href":"https:\/\/abaa.mx\/tienda\/wp-json\/wp\/v2\/media?parent=8915"}],"wp:term":[{"taxonomy":"product_brand","embeddable":true,"href":"https:\/\/abaa.mx\/tienda\/wp-json\/wp\/v2\/product_brand?post=8915"},{"taxonomy":"product_cat","embeddable":true,"href":"https:\/\/abaa.mx\/tienda\/wp-json\/wp\/v2\/product_cat?post=8915"},{"taxonomy":"product_tag","embeddable":true,"href":"https:\/\/abaa.mx\/tienda\/wp-json\/wp\/v2\/product_tag?post=8915"}],"curies":[{"name":"wp","href":"https:\/\/api.w.org\/{rel}","templated":true}]}}