{"id":8906,"date":"2023-11-15T15:54:16","date_gmt":"2023-11-15T15:54:16","guid":{"rendered":"https:\/\/abaa.mx\/tienda\/?post_type=product&#038;p=8906"},"modified":"2024-01-05T19:57:10","modified_gmt":"2024-01-05T19:57:10","slug":"fototacometro-hi-tester-rotacion-30-00-a-199-99-r-min-hioki-ft3405","status":"publish","type":"product","link":"https:\/\/abaa.mx\/tienda\/fototacometro-hi-tester-rotacion-30-00-a-199-99-r-min-hioki-ft3405\/","title":{"rendered":"Fototacometro Hi-Tester, Rotaci\u00f3n 30.00 a 199.99 r-min, Hioki-FT3405"},"content":{"rendered":"<p>Fototacometro Hi-Tester, Rotaci\u00f3n 30.00 a 199.99 r\/min, Hioki-FT3405.<\/p>\n","protected":false},"excerpt":{"rendered":"<p>Los Hioki FT3405 y FT3406 son tac\u00f3metros digitales sin contacto que usan la luz reflejada del espectro aparente para medir la velocidad de un objeto giratorio al que se ha fijado una cinta reflectante. Los instrumentos tambi\u00e9n se pueden usar como un tac\u00f3metro de contacto mediante la conexi\u00f3n del adaptador de contacto Z5003.<\/p>\n<p><b>Caracter\u00edsticas principales:<\/b><\/p>\n<ul>\n<li>Construcci\u00f3n a prueba de polvo y a prueba de ca\u00eddas a 1 metro.<\/li>\n<li>Amplio rango de medici\u00f3n de 0.5000 r \/ s (30.00 r \/ min) a 99990 r \/ min.<\/li>\n<li>Prueba de estilo de contacto disponible con adaptador de contacto opcional.<\/li>\n<li>Funciones de salida anal\u00f3gicas y de pulso convenientes (solo FT3406).<\/li>\n<li>Adaptador de CA opcional (solo FT3406).<\/li>\n<li>Convenientes funciones de salida an\u00e1loga y de pulso.<\/li>\n<\/ul>\n<p>&nbsp;<\/p>\n","protected":false},"featured_media":8907,"comment_status":"open","ping_status":"closed","template":"","meta":{"_joinchat":[]},"product_brand":[],"product_cat":[132],"product_tag":[],"class_list":{"0":"post-8906","1":"product","2":"type-product","3":"status-publish","4":"has-post-thumbnail","6":"product_cat-tacometros-y-fototacometros","8":"first","9":"instock","10":"shipping-taxable","11":"product-type-simple"},"yoast_head":"<!-- This site is optimized with the Yoast SEO plugin v26.4 - https:\/\/yoast.com\/wordpress\/plugins\/seo\/ -->\n<title>Fototacometro Hi-Tester, Rotaci\u00f3n 30.00 a 199.99 r-min, Hioki-FT3405 - Abaa tienda online<\/title>\n<meta name=\"robots\" content=\"index, follow, max-snippet:-1, max-image-preview:large, max-video-preview:-1\" \/>\n<link rel=\"canonical\" href=\"https:\/\/abaa.mx\/tienda\/fototacometro-hi-tester-rotacion-30-00-a-199-99-r-min-hioki-ft3405\/\" \/>\n<meta property=\"og:locale\" content=\"es_MX\" \/>\n<meta property=\"og:type\" content=\"article\" \/>\n<meta property=\"og:title\" content=\"Fototacometro Hi-Tester, Rotaci\u00f3n 30.00 a 199.99 r-min, Hioki-FT3405 - Abaa tienda online\" \/>\n<meta property=\"og:description\" content=\"Los Hioki FT3405 y FT3406 son tac\u00f3metros digitales sin contacto que usan la luz reflejada del espectro aparente para medir la velocidad de un objeto giratorio al que se ha fijado una cinta reflectante. Los instrumentos tambi\u00e9n se pueden usar como un tac\u00f3metro de contacto mediante la conexi\u00f3n del adaptador de contacto Z5003.  Caracter\u00edsticas principales:   Construcci\u00f3n a prueba de polvo y a prueba de ca\u00eddas a 1 metro.  Amplio rango de medici\u00f3n de 0.5000 r \/ s (30.00 r \/ min) a 99990 r \/ min.  Prueba de estilo de contacto disponible con adaptador de contacto opcional.  Funciones de salida anal\u00f3gicas y de pulso convenientes (solo FT3406).  Adaptador de CA opcional (solo FT3406).  Convenientes funciones de salida an\u00e1loga y de pulso.  &nbsp;\" \/>\n<meta property=\"og:url\" content=\"https:\/\/abaa.mx\/tienda\/fototacometro-hi-tester-rotacion-30-00-a-199-99-r-min-hioki-ft3405\/\" \/>\n<meta property=\"og:site_name\" content=\"Abaa tienda online\" \/>\n<meta property=\"article:modified_time\" content=\"2024-01-05T19:57:10+00:00\" \/>\n<meta property=\"og:image\" content=\"https:\/\/abaa.mx\/tienda\/wp-content\/uploads\/2023\/11\/HIOKI-FT3405.jpg\" \/>\n\t<meta property=\"og:image:width\" content=\"361\" \/>\n\t<meta property=\"og:image:height\" content=\"389\" \/>\n\t<meta property=\"og:image:type\" content=\"image\/jpeg\" \/>\n<meta name=\"twitter:card\" content=\"summary_large_image\" \/>\n<meta name=\"twitter:label1\" content=\"Tiempo de lectura\" \/>\n\t<meta name=\"twitter:data1\" content=\"1 minuto\" \/>\n<script type=\"application\/ld+json\" class=\"yoast-schema-graph\">{\"@context\":\"https:\/\/schema.org\",\"@graph\":[{\"@type\":\"WebPage\",\"@id\":\"https:\/\/abaa.mx\/tienda\/fototacometro-hi-tester-rotacion-30-00-a-199-99-r-min-hioki-ft3405\/\",\"url\":\"https:\/\/abaa.mx\/tienda\/fototacometro-hi-tester-rotacion-30-00-a-199-99-r-min-hioki-ft3405\/\",\"name\":\"Fototacometro Hi-Tester, Rotaci\u00f3n 30.00 a 199.99 r-min, Hioki-FT3405 - Abaa tienda online\",\"isPartOf\":{\"@id\":\"https:\/\/abaa.mx\/tienda\/#website\"},\"primaryImageOfPage\":{\"@id\":\"https:\/\/abaa.mx\/tienda\/fototacometro-hi-tester-rotacion-30-00-a-199-99-r-min-hioki-ft3405\/#primaryimage\"},\"image\":{\"@id\":\"https:\/\/abaa.mx\/tienda\/fototacometro-hi-tester-rotacion-30-00-a-199-99-r-min-hioki-ft3405\/#primaryimage\"},\"thumbnailUrl\":\"https:\/\/abaa.mx\/tienda\/wp-content\/uploads\/2023\/11\/HIOKI-FT3405.jpg\",\"datePublished\":\"2023-11-15T15:54:16+00:00\",\"dateModified\":\"2024-01-05T19:57:10+00:00\",\"breadcrumb\":{\"@id\":\"https:\/\/abaa.mx\/tienda\/fototacometro-hi-tester-rotacion-30-00-a-199-99-r-min-hioki-ft3405\/#breadcrumb\"},\"inLanguage\":\"es\",\"potentialAction\":[{\"@type\":\"ReadAction\",\"target\":[\"https:\/\/abaa.mx\/tienda\/fototacometro-hi-tester-rotacion-30-00-a-199-99-r-min-hioki-ft3405\/\"]}]},{\"@type\":\"ImageObject\",\"inLanguage\":\"es\",\"@id\":\"https:\/\/abaa.mx\/tienda\/fototacometro-hi-tester-rotacion-30-00-a-199-99-r-min-hioki-ft3405\/#primaryimage\",\"url\":\"https:\/\/abaa.mx\/tienda\/wp-content\/uploads\/2023\/11\/HIOKI-FT3405.jpg\",\"contentUrl\":\"https:\/\/abaa.mx\/tienda\/wp-content\/uploads\/2023\/11\/HIOKI-FT3405.jpg\",\"width\":361,\"height\":389,\"caption\":\"HIOKI-FT3405\"},{\"@type\":\"BreadcrumbList\",\"@id\":\"https:\/\/abaa.mx\/tienda\/fototacometro-hi-tester-rotacion-30-00-a-199-99-r-min-hioki-ft3405\/#breadcrumb\",\"itemListElement\":[{\"@type\":\"ListItem\",\"position\":1,\"name\":\"Inicio\",\"item\":\"https:\/\/abaa.mx\/tienda\/\"},{\"@type\":\"ListItem\",\"position\":2,\"name\":\"Tienda\",\"item\":\"https:\/\/abaa.mx\/tienda\/\"},{\"@type\":\"ListItem\",\"position\":3,\"name\":\"Fototacometro Hi-Tester, Rotaci\u00f3n 30.00 a 199.99 r-min, Hioki-FT3405\"}]},{\"@type\":\"WebSite\",\"@id\":\"https:\/\/abaa.mx\/tienda\/#website\",\"url\":\"https:\/\/abaa.mx\/tienda\/\",\"name\":\"Abaa tienda online\",\"description\":\"Instrumentos de medici\u00f3n\",\"publisher\":{\"@id\":\"https:\/\/abaa.mx\/tienda\/#organization\"},\"potentialAction\":[{\"@type\":\"SearchAction\",\"target\":{\"@type\":\"EntryPoint\",\"urlTemplate\":\"https:\/\/abaa.mx\/tienda\/?s={search_term_string}\"},\"query-input\":{\"@type\":\"PropertyValueSpecification\",\"valueRequired\":true,\"valueName\":\"search_term_string\"}}],\"inLanguage\":\"es\"},{\"@type\":\"Organization\",\"@id\":\"https:\/\/abaa.mx\/tienda\/#organization\",\"name\":\"Abaa tienda online\",\"url\":\"https:\/\/abaa.mx\/tienda\/\",\"logo\":{\"@type\":\"ImageObject\",\"inLanguage\":\"es\",\"@id\":\"https:\/\/abaa.mx\/tienda\/#\/schema\/logo\/image\/\",\"url\":\"https:\/\/abaa.mx\/tienda\/wp-content\/uploads\/2024\/01\/abaa-metrologia-tienda.png\",\"contentUrl\":\"https:\/\/abaa.mx\/tienda\/wp-content\/uploads\/2024\/01\/abaa-metrologia-tienda.png\",\"width\":300,\"height\":141,\"caption\":\"Abaa tienda online\"},\"image\":{\"@id\":\"https:\/\/abaa.mx\/tienda\/#\/schema\/logo\/image\/\"}}]}<\/script>\n<!-- \/ Yoast SEO plugin. -->","yoast_head_json":{"title":"Fototacometro Hi-Tester, Rotaci\u00f3n 30.00 a 199.99 r-min, Hioki-FT3405 - Abaa tienda online","robots":{"index":"index","follow":"follow","max-snippet":"max-snippet:-1","max-image-preview":"max-image-preview:large","max-video-preview":"max-video-preview:-1"},"canonical":"https:\/\/abaa.mx\/tienda\/fototacometro-hi-tester-rotacion-30-00-a-199-99-r-min-hioki-ft3405\/","og_locale":"es_MX","og_type":"article","og_title":"Fototacometro Hi-Tester, Rotaci\u00f3n 30.00 a 199.99 r-min, Hioki-FT3405 - Abaa tienda online","og_description":"Los Hioki FT3405 y FT3406 son tac\u00f3metros digitales sin contacto que usan la luz reflejada del espectro aparente para medir la velocidad de un objeto giratorio al que se ha fijado una cinta reflectante. Los instrumentos tambi\u00e9n se pueden usar como un tac\u00f3metro de contacto mediante la conexi\u00f3n del adaptador de contacto Z5003.  Caracter\u00edsticas principales:   Construcci\u00f3n a prueba de polvo y a prueba de ca\u00eddas a 1 metro.  Amplio rango de medici\u00f3n de 0.5000 r \/ s (30.00 r \/ min) a 99990 r \/ min.  Prueba de estilo de contacto disponible con adaptador de contacto opcional.  Funciones de salida anal\u00f3gicas y de pulso convenientes (solo FT3406).  Adaptador de CA opcional (solo FT3406).  Convenientes funciones de salida an\u00e1loga y de pulso.  &nbsp;","og_url":"https:\/\/abaa.mx\/tienda\/fototacometro-hi-tester-rotacion-30-00-a-199-99-r-min-hioki-ft3405\/","og_site_name":"Abaa tienda online","article_modified_time":"2024-01-05T19:57:10+00:00","og_image":[{"width":361,"height":389,"url":"https:\/\/abaa.mx\/tienda\/wp-content\/uploads\/2023\/11\/HIOKI-FT3405.jpg","type":"image\/jpeg"}],"twitter_card":"summary_large_image","twitter_misc":{"Tiempo de lectura":"1 minuto"},"schema":{"@context":"https:\/\/schema.org","@graph":[{"@type":"WebPage","@id":"https:\/\/abaa.mx\/tienda\/fototacometro-hi-tester-rotacion-30-00-a-199-99-r-min-hioki-ft3405\/","url":"https:\/\/abaa.mx\/tienda\/fototacometro-hi-tester-rotacion-30-00-a-199-99-r-min-hioki-ft3405\/","name":"Fototacometro Hi-Tester, Rotaci\u00f3n 30.00 a 199.99 r-min, Hioki-FT3405 - Abaa tienda online","isPartOf":{"@id":"https:\/\/abaa.mx\/tienda\/#website"},"primaryImageOfPage":{"@id":"https:\/\/abaa.mx\/tienda\/fototacometro-hi-tester-rotacion-30-00-a-199-99-r-min-hioki-ft3405\/#primaryimage"},"image":{"@id":"https:\/\/abaa.mx\/tienda\/fototacometro-hi-tester-rotacion-30-00-a-199-99-r-min-hioki-ft3405\/#primaryimage"},"thumbnailUrl":"https:\/\/abaa.mx\/tienda\/wp-content\/uploads\/2023\/11\/HIOKI-FT3405.jpg","datePublished":"2023-11-15T15:54:16+00:00","dateModified":"2024-01-05T19:57:10+00:00","breadcrumb":{"@id":"https:\/\/abaa.mx\/tienda\/fototacometro-hi-tester-rotacion-30-00-a-199-99-r-min-hioki-ft3405\/#breadcrumb"},"inLanguage":"es","potentialAction":[{"@type":"ReadAction","target":["https:\/\/abaa.mx\/tienda\/fototacometro-hi-tester-rotacion-30-00-a-199-99-r-min-hioki-ft3405\/"]}]},{"@type":"ImageObject","inLanguage":"es","@id":"https:\/\/abaa.mx\/tienda\/fototacometro-hi-tester-rotacion-30-00-a-199-99-r-min-hioki-ft3405\/#primaryimage","url":"https:\/\/abaa.mx\/tienda\/wp-content\/uploads\/2023\/11\/HIOKI-FT3405.jpg","contentUrl":"https:\/\/abaa.mx\/tienda\/wp-content\/uploads\/2023\/11\/HIOKI-FT3405.jpg","width":361,"height":389,"caption":"HIOKI-FT3405"},{"@type":"BreadcrumbList","@id":"https:\/\/abaa.mx\/tienda\/fototacometro-hi-tester-rotacion-30-00-a-199-99-r-min-hioki-ft3405\/#breadcrumb","itemListElement":[{"@type":"ListItem","position":1,"name":"Inicio","item":"https:\/\/abaa.mx\/tienda\/"},{"@type":"ListItem","position":2,"name":"Tienda","item":"https:\/\/abaa.mx\/tienda\/"},{"@type":"ListItem","position":3,"name":"Fototacometro Hi-Tester, Rotaci\u00f3n 30.00 a 199.99 r-min, Hioki-FT3405"}]},{"@type":"WebSite","@id":"https:\/\/abaa.mx\/tienda\/#website","url":"https:\/\/abaa.mx\/tienda\/","name":"Abaa tienda online","description":"Instrumentos de medici\u00f3n","publisher":{"@id":"https:\/\/abaa.mx\/tienda\/#organization"},"potentialAction":[{"@type":"SearchAction","target":{"@type":"EntryPoint","urlTemplate":"https:\/\/abaa.mx\/tienda\/?s={search_term_string}"},"query-input":{"@type":"PropertyValueSpecification","valueRequired":true,"valueName":"search_term_string"}}],"inLanguage":"es"},{"@type":"Organization","@id":"https:\/\/abaa.mx\/tienda\/#organization","name":"Abaa tienda online","url":"https:\/\/abaa.mx\/tienda\/","logo":{"@type":"ImageObject","inLanguage":"es","@id":"https:\/\/abaa.mx\/tienda\/#\/schema\/logo\/image\/","url":"https:\/\/abaa.mx\/tienda\/wp-content\/uploads\/2024\/01\/abaa-metrologia-tienda.png","contentUrl":"https:\/\/abaa.mx\/tienda\/wp-content\/uploads\/2024\/01\/abaa-metrologia-tienda.png","width":300,"height":141,"caption":"Abaa tienda online"},"image":{"@id":"https:\/\/abaa.mx\/tienda\/#\/schema\/logo\/image\/"}}]}},"_links":{"self":[{"href":"https:\/\/abaa.mx\/tienda\/wp-json\/wp\/v2\/product\/8906","targetHints":{"allow":["GET"]}}],"collection":[{"href":"https:\/\/abaa.mx\/tienda\/wp-json\/wp\/v2\/product"}],"about":[{"href":"https:\/\/abaa.mx\/tienda\/wp-json\/wp\/v2\/types\/product"}],"replies":[{"embeddable":true,"href":"https:\/\/abaa.mx\/tienda\/wp-json\/wp\/v2\/comments?post=8906"}],"wp:featuredmedia":[{"embeddable":true,"href":"https:\/\/abaa.mx\/tienda\/wp-json\/wp\/v2\/media\/8907"}],"wp:attachment":[{"href":"https:\/\/abaa.mx\/tienda\/wp-json\/wp\/v2\/media?parent=8906"}],"wp:term":[{"taxonomy":"product_brand","embeddable":true,"href":"https:\/\/abaa.mx\/tienda\/wp-json\/wp\/v2\/product_brand?post=8906"},{"taxonomy":"product_cat","embeddable":true,"href":"https:\/\/abaa.mx\/tienda\/wp-json\/wp\/v2\/product_cat?post=8906"},{"taxonomy":"product_tag","embeddable":true,"href":"https:\/\/abaa.mx\/tienda\/wp-json\/wp\/v2\/product_tag?post=8906"}],"curies":[{"name":"wp","href":"https:\/\/api.w.org\/{rel}","templated":true}]}}