{"id":8900,"date":"2023-11-15T15:51:48","date_gmt":"2023-11-15T15:51:48","guid":{"rendered":"https:\/\/abaa.mx\/tienda\/?post_type=product&#038;p=8900"},"modified":"2023-11-15T15:51:49","modified_gmt":"2023-11-15T15:51:49","slug":"tacometro-dt2237","status":"publish","type":"product","link":"https:\/\/abaa.mx\/tienda\/tacometro-dt2237\/","title":{"rendered":"Tac\u00f3metro &#8211; DT2237"},"content":{"rendered":"<p><strong>Tac\u00f3metro &#8211; DT2237.<\/strong><\/p>\n","protected":false},"excerpt":{"rendered":"<p><b>Caracter\u00edsticas<\/b><strong>\u00a0principales:<\/strong><\/p>\n<p>Medici\u00f3n de motor de gasolina de alta precisi\u00f3n RPM, para medir \u00fanicamente ponga la mordaza del sensor inductivo al cable de alta tensi\u00f3n. Tac\u00f3metro secundario. M\u00e9todo de medici\u00f3n, da igual que cilindro sea. Elija interruptor 4 ciclos &amp; 2 ciclos, libre el motor de autom\u00f3vil, motor de la motocicleta , motor generador. Separe el sensor inductivo. Memoriza el \u00faltimo valor m\u00e1ximo, valor, m\u00ednimo valor. Emplea el chip de un exclusivo circuito LSI del microordenador, base de tiempo de cristal. Caja fuerte.<\/p>\n<p>&nbsp;<\/p>\n","protected":false},"featured_media":8905,"comment_status":"open","ping_status":"closed","template":"","meta":{"_joinchat":[]},"product_brand":[],"product_cat":[132],"product_tag":[],"class_list":{"0":"post-8900","1":"product","2":"type-product","3":"status-publish","4":"has-post-thumbnail","6":"product_cat-tacometros-y-fototacometros","8":"first","9":"instock","10":"shipping-taxable","11":"product-type-simple"},"yoast_head":"<!-- This site is optimized with the Yoast SEO plugin v26.4 - https:\/\/yoast.com\/wordpress\/plugins\/seo\/ -->\n<title>Tac\u00f3metro - DT2237 - Abaa tienda online<\/title>\n<meta name=\"robots\" content=\"index, follow, max-snippet:-1, max-image-preview:large, max-video-preview:-1\" \/>\n<link rel=\"canonical\" href=\"https:\/\/abaa.mx\/tienda\/tacometro-dt2237\/\" \/>\n<meta property=\"og:locale\" content=\"es_MX\" \/>\n<meta property=\"og:type\" content=\"article\" \/>\n<meta property=\"og:title\" content=\"Tac\u00f3metro - DT2237 - Abaa tienda online\" \/>\n<meta property=\"og:description\" content=\"Caracter\u00edsticas\u00a0principales:  Medici\u00f3n de motor de gasolina de alta precisi\u00f3n RPM, para medir \u00fanicamente ponga la mordaza del sensor inductivo al cable de alta tensi\u00f3n. Tac\u00f3metro secundario. M\u00e9todo de medici\u00f3n, da igual que cilindro sea. Elija interruptor 4 ciclos &amp; 2 ciclos, libre el motor de autom\u00f3vil, motor de la motocicleta , motor generador. Separe el sensor inductivo. Memoriza el \u00faltimo valor m\u00e1ximo, valor, m\u00ednimo valor. Emplea el chip de un exclusivo circuito LSI del microordenador, base de tiempo de cristal. Caja fuerte.  &nbsp;\" \/>\n<meta property=\"og:url\" content=\"https:\/\/abaa.mx\/tienda\/tacometro-dt2237\/\" \/>\n<meta property=\"og:site_name\" content=\"Abaa tienda online\" \/>\n<meta property=\"article:modified_time\" content=\"2023-11-15T15:51:49+00:00\" \/>\n<meta property=\"og:image\" content=\"https:\/\/abaa.mx\/tienda\/wp-content\/uploads\/2023\/11\/LUTRON-DT2237.jpg\" \/>\n\t<meta property=\"og:image:width\" content=\"358\" \/>\n\t<meta property=\"og:image:height\" content=\"357\" \/>\n\t<meta property=\"og:image:type\" content=\"image\/jpeg\" \/>\n<meta name=\"twitter:card\" content=\"summary_large_image\" \/>\n<meta name=\"twitter:label1\" content=\"Tiempo de lectura\" \/>\n\t<meta name=\"twitter:data1\" content=\"1 minuto\" \/>\n<script type=\"application\/ld+json\" class=\"yoast-schema-graph\">{\"@context\":\"https:\/\/schema.org\",\"@graph\":[{\"@type\":\"WebPage\",\"@id\":\"https:\/\/abaa.mx\/tienda\/tacometro-dt2237\/\",\"url\":\"https:\/\/abaa.mx\/tienda\/tacometro-dt2237\/\",\"name\":\"Tac\u00f3metro - DT2237 - Abaa tienda online\",\"isPartOf\":{\"@id\":\"https:\/\/abaa.mx\/tienda\/#website\"},\"primaryImageOfPage\":{\"@id\":\"https:\/\/abaa.mx\/tienda\/tacometro-dt2237\/#primaryimage\"},\"image\":{\"@id\":\"https:\/\/abaa.mx\/tienda\/tacometro-dt2237\/#primaryimage\"},\"thumbnailUrl\":\"https:\/\/abaa.mx\/tienda\/wp-content\/uploads\/2023\/11\/LUTRON-DT2237.jpg\",\"datePublished\":\"2023-11-15T15:51:48+00:00\",\"dateModified\":\"2023-11-15T15:51:49+00:00\",\"breadcrumb\":{\"@id\":\"https:\/\/abaa.mx\/tienda\/tacometro-dt2237\/#breadcrumb\"},\"inLanguage\":\"es\",\"potentialAction\":[{\"@type\":\"ReadAction\",\"target\":[\"https:\/\/abaa.mx\/tienda\/tacometro-dt2237\/\"]}]},{\"@type\":\"ImageObject\",\"inLanguage\":\"es\",\"@id\":\"https:\/\/abaa.mx\/tienda\/tacometro-dt2237\/#primaryimage\",\"url\":\"https:\/\/abaa.mx\/tienda\/wp-content\/uploads\/2023\/11\/LUTRON-DT2237.jpg\",\"contentUrl\":\"https:\/\/abaa.mx\/tienda\/wp-content\/uploads\/2023\/11\/LUTRON-DT2237.jpg\",\"width\":358,\"height\":357,\"caption\":\"LUTRON-DT2237\"},{\"@type\":\"BreadcrumbList\",\"@id\":\"https:\/\/abaa.mx\/tienda\/tacometro-dt2237\/#breadcrumb\",\"itemListElement\":[{\"@type\":\"ListItem\",\"position\":1,\"name\":\"Inicio\",\"item\":\"https:\/\/abaa.mx\/tienda\/\"},{\"@type\":\"ListItem\",\"position\":2,\"name\":\"Tienda\",\"item\":\"https:\/\/abaa.mx\/tienda\/\"},{\"@type\":\"ListItem\",\"position\":3,\"name\":\"Tac\u00f3metro &#8211; DT2237\"}]},{\"@type\":\"WebSite\",\"@id\":\"https:\/\/abaa.mx\/tienda\/#website\",\"url\":\"https:\/\/abaa.mx\/tienda\/\",\"name\":\"Abaa tienda online\",\"description\":\"Instrumentos de medici\u00f3n\",\"publisher\":{\"@id\":\"https:\/\/abaa.mx\/tienda\/#organization\"},\"potentialAction\":[{\"@type\":\"SearchAction\",\"target\":{\"@type\":\"EntryPoint\",\"urlTemplate\":\"https:\/\/abaa.mx\/tienda\/?s={search_term_string}\"},\"query-input\":{\"@type\":\"PropertyValueSpecification\",\"valueRequired\":true,\"valueName\":\"search_term_string\"}}],\"inLanguage\":\"es\"},{\"@type\":\"Organization\",\"@id\":\"https:\/\/abaa.mx\/tienda\/#organization\",\"name\":\"Abaa tienda online\",\"url\":\"https:\/\/abaa.mx\/tienda\/\",\"logo\":{\"@type\":\"ImageObject\",\"inLanguage\":\"es\",\"@id\":\"https:\/\/abaa.mx\/tienda\/#\/schema\/logo\/image\/\",\"url\":\"https:\/\/abaa.mx\/tienda\/wp-content\/uploads\/2024\/01\/abaa-metrologia-tienda.png\",\"contentUrl\":\"https:\/\/abaa.mx\/tienda\/wp-content\/uploads\/2024\/01\/abaa-metrologia-tienda.png\",\"width\":300,\"height\":141,\"caption\":\"Abaa tienda online\"},\"image\":{\"@id\":\"https:\/\/abaa.mx\/tienda\/#\/schema\/logo\/image\/\"}}]}<\/script>\n<!-- \/ Yoast SEO plugin. -->","yoast_head_json":{"title":"Tac\u00f3metro - DT2237 - Abaa tienda online","robots":{"index":"index","follow":"follow","max-snippet":"max-snippet:-1","max-image-preview":"max-image-preview:large","max-video-preview":"max-video-preview:-1"},"canonical":"https:\/\/abaa.mx\/tienda\/tacometro-dt2237\/","og_locale":"es_MX","og_type":"article","og_title":"Tac\u00f3metro - DT2237 - Abaa tienda online","og_description":"Caracter\u00edsticas\u00a0principales:  Medici\u00f3n de motor de gasolina de alta precisi\u00f3n RPM, para medir \u00fanicamente ponga la mordaza del sensor inductivo al cable de alta tensi\u00f3n. Tac\u00f3metro secundario. M\u00e9todo de medici\u00f3n, da igual que cilindro sea. Elija interruptor 4 ciclos &amp; 2 ciclos, libre el motor de autom\u00f3vil, motor de la motocicleta , motor generador. Separe el sensor inductivo. Memoriza el \u00faltimo valor m\u00e1ximo, valor, m\u00ednimo valor. Emplea el chip de un exclusivo circuito LSI del microordenador, base de tiempo de cristal. Caja fuerte.  &nbsp;","og_url":"https:\/\/abaa.mx\/tienda\/tacometro-dt2237\/","og_site_name":"Abaa tienda online","article_modified_time":"2023-11-15T15:51:49+00:00","og_image":[{"width":358,"height":357,"url":"https:\/\/abaa.mx\/tienda\/wp-content\/uploads\/2023\/11\/LUTRON-DT2237.jpg","type":"image\/jpeg"}],"twitter_card":"summary_large_image","twitter_misc":{"Tiempo de lectura":"1 minuto"},"schema":{"@context":"https:\/\/schema.org","@graph":[{"@type":"WebPage","@id":"https:\/\/abaa.mx\/tienda\/tacometro-dt2237\/","url":"https:\/\/abaa.mx\/tienda\/tacometro-dt2237\/","name":"Tac\u00f3metro - DT2237 - Abaa tienda online","isPartOf":{"@id":"https:\/\/abaa.mx\/tienda\/#website"},"primaryImageOfPage":{"@id":"https:\/\/abaa.mx\/tienda\/tacometro-dt2237\/#primaryimage"},"image":{"@id":"https:\/\/abaa.mx\/tienda\/tacometro-dt2237\/#primaryimage"},"thumbnailUrl":"https:\/\/abaa.mx\/tienda\/wp-content\/uploads\/2023\/11\/LUTRON-DT2237.jpg","datePublished":"2023-11-15T15:51:48+00:00","dateModified":"2023-11-15T15:51:49+00:00","breadcrumb":{"@id":"https:\/\/abaa.mx\/tienda\/tacometro-dt2237\/#breadcrumb"},"inLanguage":"es","potentialAction":[{"@type":"ReadAction","target":["https:\/\/abaa.mx\/tienda\/tacometro-dt2237\/"]}]},{"@type":"ImageObject","inLanguage":"es","@id":"https:\/\/abaa.mx\/tienda\/tacometro-dt2237\/#primaryimage","url":"https:\/\/abaa.mx\/tienda\/wp-content\/uploads\/2023\/11\/LUTRON-DT2237.jpg","contentUrl":"https:\/\/abaa.mx\/tienda\/wp-content\/uploads\/2023\/11\/LUTRON-DT2237.jpg","width":358,"height":357,"caption":"LUTRON-DT2237"},{"@type":"BreadcrumbList","@id":"https:\/\/abaa.mx\/tienda\/tacometro-dt2237\/#breadcrumb","itemListElement":[{"@type":"ListItem","position":1,"name":"Inicio","item":"https:\/\/abaa.mx\/tienda\/"},{"@type":"ListItem","position":2,"name":"Tienda","item":"https:\/\/abaa.mx\/tienda\/"},{"@type":"ListItem","position":3,"name":"Tac\u00f3metro &#8211; DT2237"}]},{"@type":"WebSite","@id":"https:\/\/abaa.mx\/tienda\/#website","url":"https:\/\/abaa.mx\/tienda\/","name":"Abaa tienda online","description":"Instrumentos de medici\u00f3n","publisher":{"@id":"https:\/\/abaa.mx\/tienda\/#organization"},"potentialAction":[{"@type":"SearchAction","target":{"@type":"EntryPoint","urlTemplate":"https:\/\/abaa.mx\/tienda\/?s={search_term_string}"},"query-input":{"@type":"PropertyValueSpecification","valueRequired":true,"valueName":"search_term_string"}}],"inLanguage":"es"},{"@type":"Organization","@id":"https:\/\/abaa.mx\/tienda\/#organization","name":"Abaa tienda online","url":"https:\/\/abaa.mx\/tienda\/","logo":{"@type":"ImageObject","inLanguage":"es","@id":"https:\/\/abaa.mx\/tienda\/#\/schema\/logo\/image\/","url":"https:\/\/abaa.mx\/tienda\/wp-content\/uploads\/2024\/01\/abaa-metrologia-tienda.png","contentUrl":"https:\/\/abaa.mx\/tienda\/wp-content\/uploads\/2024\/01\/abaa-metrologia-tienda.png","width":300,"height":141,"caption":"Abaa tienda online"},"image":{"@id":"https:\/\/abaa.mx\/tienda\/#\/schema\/logo\/image\/"}}]}},"_links":{"self":[{"href":"https:\/\/abaa.mx\/tienda\/wp-json\/wp\/v2\/product\/8900","targetHints":{"allow":["GET"]}}],"collection":[{"href":"https:\/\/abaa.mx\/tienda\/wp-json\/wp\/v2\/product"}],"about":[{"href":"https:\/\/abaa.mx\/tienda\/wp-json\/wp\/v2\/types\/product"}],"replies":[{"embeddable":true,"href":"https:\/\/abaa.mx\/tienda\/wp-json\/wp\/v2\/comments?post=8900"}],"wp:featuredmedia":[{"embeddable":true,"href":"https:\/\/abaa.mx\/tienda\/wp-json\/wp\/v2\/media\/8905"}],"wp:attachment":[{"href":"https:\/\/abaa.mx\/tienda\/wp-json\/wp\/v2\/media?parent=8900"}],"wp:term":[{"taxonomy":"product_brand","embeddable":true,"href":"https:\/\/abaa.mx\/tienda\/wp-json\/wp\/v2\/product_brand?post=8900"},{"taxonomy":"product_cat","embeddable":true,"href":"https:\/\/abaa.mx\/tienda\/wp-json\/wp\/v2\/product_cat?post=8900"},{"taxonomy":"product_tag","embeddable":true,"href":"https:\/\/abaa.mx\/tienda\/wp-json\/wp\/v2\/product_tag?post=8900"}],"curies":[{"name":"wp","href":"https:\/\/api.w.org\/{rel}","templated":true}]}}