{"id":8899,"date":"2023-11-15T15:30:44","date_gmt":"2023-11-15T15:30:44","guid":{"rendered":"https:\/\/abaa.mx\/tienda\/?post_type=product&#038;p=8899"},"modified":"2023-11-15T15:30:45","modified_gmt":"2023-11-15T15:30:45","slug":"tacometro-dt2235b","status":"publish","type":"product","link":"https:\/\/abaa.mx\/tienda\/tacometro-dt2235b\/","title":{"rendered":"Tac\u00f3metro &#8211; DT2235B"},"content":{"rendered":"<p>Tac\u00f3metro &#8211; DT2235B.<\/p>\n","protected":false},"excerpt":{"rendered":"<p>El tac\u00f3metro de contacto modelo LT-DT2235B es un equipo s\u00f3lido que opera por bater\u00edas y de un tama\u00f1o convenientemente peque\u00f1o para poder llevarlo en la mano. Podr\u00e1 realizar mediciones de revoluciones por minuto de volante rotores, y otras piezas en movimiento circular con solo tocar el eje del cuerpo en movimiento. Este equipo adem\u00e1s de determinar la cantidad de revoluciones por minuto directamente del eje de giro asimismo tiene una rueda de prueba que indica la velocidad de giro de la pieza en movimiento.<\/p>\n<p><b>Caracter\u00edsticas:<\/b><\/p>\n<ul>\n<li>Peso:280g (0.62 LB)\/ Incluyendo bater\u00eda.<\/li>\n<li>Temperatura de Operaci\u00f3n: 0\u00ba a 50\u00baC.<\/li>\n<li>Monitor:5 d\u00edgitos, 10 mm ( 0.4&#8243; ) LCD.<\/li>\n<li>Dimensiones:208 x 72 x 37 mm (8.2 x 2.8 x 1.5 inch).<\/li>\n<li>Bater\u00eda:Pilas Alcalinas de 1.5 V AA (4 pza.)<\/li>\n<li>Base de tiempo:Cristal de cuarzo.<\/li>\n<li>Tiempo de muestreo:1 segundo ( 6 RPM ).<\/li>\n<li>Memoria:\u00daltimo valor, m\u00e1x. Valor, Min. valor.<\/li>\n<\/ul>\n","protected":false},"featured_media":8902,"comment_status":"open","ping_status":"closed","template":"","meta":{"_joinchat":[]},"product_brand":[],"product_cat":[132],"product_tag":[],"class_list":{"0":"post-8899","1":"product","2":"type-product","3":"status-publish","4":"has-post-thumbnail","6":"product_cat-tacometros-y-fototacometros","8":"first","9":"instock","10":"shipping-taxable","11":"product-type-simple"},"yoast_head":"<!-- This site is optimized with the Yoast SEO plugin v26.4 - https:\/\/yoast.com\/wordpress\/plugins\/seo\/ -->\n<title>Tac\u00f3metro - DT2235B - Abaa tienda online<\/title>\n<meta name=\"robots\" content=\"index, follow, max-snippet:-1, max-image-preview:large, max-video-preview:-1\" \/>\n<link rel=\"canonical\" href=\"https:\/\/abaa.mx\/tienda\/tacometro-dt2235b\/\" \/>\n<meta property=\"og:locale\" content=\"es_MX\" \/>\n<meta property=\"og:type\" content=\"article\" \/>\n<meta property=\"og:title\" content=\"Tac\u00f3metro - DT2235B - Abaa tienda online\" \/>\n<meta property=\"og:description\" content=\"El tac\u00f3metro de contacto modelo LT-DT2235B es un equipo s\u00f3lido que opera por bater\u00edas y de un tama\u00f1o convenientemente peque\u00f1o para poder llevarlo en la mano. Podr\u00e1 realizar mediciones de revoluciones por minuto de volante rotores, y otras piezas en movimiento circular con solo tocar el eje del cuerpo en movimiento. Este equipo adem\u00e1s de determinar la cantidad de revoluciones por minuto directamente del eje de giro asimismo tiene una rueda de prueba que indica la velocidad de giro de la pieza en movimiento.  Caracter\u00edsticas:   Peso:280g (0.62 LB)\/ Incluyendo bater\u00eda.  Temperatura de Operaci\u00f3n: 0\u00ba a 50\u00baC.  Monitor:5 d\u00edgitos, 10 mm ( 0.4&quot; ) LCD.  Dimensiones:208 x 72 x 37 mm (8.2 x 2.8 x 1.5 inch).  Bater\u00eda:Pilas Alcalinas de 1.5 V AA (4 pza.)  Base de tiempo:Cristal de cuarzo.  Tiempo de muestreo:1 segundo ( 6 RPM ).  Memoria:\u00daltimo valor, m\u00e1x. Valor, Min. valor.\" \/>\n<meta property=\"og:url\" content=\"https:\/\/abaa.mx\/tienda\/tacometro-dt2235b\/\" \/>\n<meta property=\"og:site_name\" content=\"Abaa tienda online\" \/>\n<meta property=\"article:modified_time\" content=\"2023-11-15T15:30:45+00:00\" \/>\n<meta property=\"og:image\" content=\"https:\/\/abaa.mx\/tienda\/wp-content\/uploads\/2023\/11\/LUTRON-DT2235B.jpg\" \/>\n\t<meta property=\"og:image:width\" content=\"339\" \/>\n\t<meta property=\"og:image:height\" content=\"435\" \/>\n\t<meta property=\"og:image:type\" content=\"image\/jpeg\" \/>\n<meta name=\"twitter:card\" content=\"summary_large_image\" \/>\n<meta name=\"twitter:label1\" content=\"Tiempo de lectura\" \/>\n\t<meta name=\"twitter:data1\" content=\"1 minuto\" \/>\n<script type=\"application\/ld+json\" class=\"yoast-schema-graph\">{\"@context\":\"https:\/\/schema.org\",\"@graph\":[{\"@type\":\"WebPage\",\"@id\":\"https:\/\/abaa.mx\/tienda\/tacometro-dt2235b\/\",\"url\":\"https:\/\/abaa.mx\/tienda\/tacometro-dt2235b\/\",\"name\":\"Tac\u00f3metro - DT2235B - Abaa tienda online\",\"isPartOf\":{\"@id\":\"https:\/\/abaa.mx\/tienda\/#website\"},\"primaryImageOfPage\":{\"@id\":\"https:\/\/abaa.mx\/tienda\/tacometro-dt2235b\/#primaryimage\"},\"image\":{\"@id\":\"https:\/\/abaa.mx\/tienda\/tacometro-dt2235b\/#primaryimage\"},\"thumbnailUrl\":\"https:\/\/abaa.mx\/tienda\/wp-content\/uploads\/2023\/11\/LUTRON-DT2235B.jpg\",\"datePublished\":\"2023-11-15T15:30:44+00:00\",\"dateModified\":\"2023-11-15T15:30:45+00:00\",\"breadcrumb\":{\"@id\":\"https:\/\/abaa.mx\/tienda\/tacometro-dt2235b\/#breadcrumb\"},\"inLanguage\":\"es\",\"potentialAction\":[{\"@type\":\"ReadAction\",\"target\":[\"https:\/\/abaa.mx\/tienda\/tacometro-dt2235b\/\"]}]},{\"@type\":\"ImageObject\",\"inLanguage\":\"es\",\"@id\":\"https:\/\/abaa.mx\/tienda\/tacometro-dt2235b\/#primaryimage\",\"url\":\"https:\/\/abaa.mx\/tienda\/wp-content\/uploads\/2023\/11\/LUTRON-DT2235B.jpg\",\"contentUrl\":\"https:\/\/abaa.mx\/tienda\/wp-content\/uploads\/2023\/11\/LUTRON-DT2235B.jpg\",\"width\":339,\"height\":435,\"caption\":\"LUTRON-DT2235B\"},{\"@type\":\"BreadcrumbList\",\"@id\":\"https:\/\/abaa.mx\/tienda\/tacometro-dt2235b\/#breadcrumb\",\"itemListElement\":[{\"@type\":\"ListItem\",\"position\":1,\"name\":\"Inicio\",\"item\":\"https:\/\/abaa.mx\/tienda\/\"},{\"@type\":\"ListItem\",\"position\":2,\"name\":\"Tienda\",\"item\":\"https:\/\/abaa.mx\/tienda\/\"},{\"@type\":\"ListItem\",\"position\":3,\"name\":\"Tac\u00f3metro &#8211; DT2235B\"}]},{\"@type\":\"WebSite\",\"@id\":\"https:\/\/abaa.mx\/tienda\/#website\",\"url\":\"https:\/\/abaa.mx\/tienda\/\",\"name\":\"Abaa tienda online\",\"description\":\"Instrumentos de medici\u00f3n\",\"publisher\":{\"@id\":\"https:\/\/abaa.mx\/tienda\/#organization\"},\"potentialAction\":[{\"@type\":\"SearchAction\",\"target\":{\"@type\":\"EntryPoint\",\"urlTemplate\":\"https:\/\/abaa.mx\/tienda\/?s={search_term_string}\"},\"query-input\":{\"@type\":\"PropertyValueSpecification\",\"valueRequired\":true,\"valueName\":\"search_term_string\"}}],\"inLanguage\":\"es\"},{\"@type\":\"Organization\",\"@id\":\"https:\/\/abaa.mx\/tienda\/#organization\",\"name\":\"Abaa tienda online\",\"url\":\"https:\/\/abaa.mx\/tienda\/\",\"logo\":{\"@type\":\"ImageObject\",\"inLanguage\":\"es\",\"@id\":\"https:\/\/abaa.mx\/tienda\/#\/schema\/logo\/image\/\",\"url\":\"https:\/\/abaa.mx\/tienda\/wp-content\/uploads\/2024\/01\/abaa-metrologia-tienda.png\",\"contentUrl\":\"https:\/\/abaa.mx\/tienda\/wp-content\/uploads\/2024\/01\/abaa-metrologia-tienda.png\",\"width\":300,\"height\":141,\"caption\":\"Abaa tienda online\"},\"image\":{\"@id\":\"https:\/\/abaa.mx\/tienda\/#\/schema\/logo\/image\/\"}}]}<\/script>\n<!-- \/ Yoast SEO plugin. -->","yoast_head_json":{"title":"Tac\u00f3metro - DT2235B - Abaa tienda online","robots":{"index":"index","follow":"follow","max-snippet":"max-snippet:-1","max-image-preview":"max-image-preview:large","max-video-preview":"max-video-preview:-1"},"canonical":"https:\/\/abaa.mx\/tienda\/tacometro-dt2235b\/","og_locale":"es_MX","og_type":"article","og_title":"Tac\u00f3metro - DT2235B - Abaa tienda online","og_description":"El tac\u00f3metro de contacto modelo LT-DT2235B es un equipo s\u00f3lido que opera por bater\u00edas y de un tama\u00f1o convenientemente peque\u00f1o para poder llevarlo en la mano. Podr\u00e1 realizar mediciones de revoluciones por minuto de volante rotores, y otras piezas en movimiento circular con solo tocar el eje del cuerpo en movimiento. Este equipo adem\u00e1s de determinar la cantidad de revoluciones por minuto directamente del eje de giro asimismo tiene una rueda de prueba que indica la velocidad de giro de la pieza en movimiento.  Caracter\u00edsticas:   Peso:280g (0.62 LB)\/ Incluyendo bater\u00eda.  Temperatura de Operaci\u00f3n: 0\u00ba a 50\u00baC.  Monitor:5 d\u00edgitos, 10 mm ( 0.4\" ) LCD.  Dimensiones:208 x 72 x 37 mm (8.2 x 2.8 x 1.5 inch).  Bater\u00eda:Pilas Alcalinas de 1.5 V AA (4 pza.)  Base de tiempo:Cristal de cuarzo.  Tiempo de muestreo:1 segundo ( 6 RPM ).  Memoria:\u00daltimo valor, m\u00e1x. Valor, Min. valor.","og_url":"https:\/\/abaa.mx\/tienda\/tacometro-dt2235b\/","og_site_name":"Abaa tienda online","article_modified_time":"2023-11-15T15:30:45+00:00","og_image":[{"width":339,"height":435,"url":"https:\/\/abaa.mx\/tienda\/wp-content\/uploads\/2023\/11\/LUTRON-DT2235B.jpg","type":"image\/jpeg"}],"twitter_card":"summary_large_image","twitter_misc":{"Tiempo de lectura":"1 minuto"},"schema":{"@context":"https:\/\/schema.org","@graph":[{"@type":"WebPage","@id":"https:\/\/abaa.mx\/tienda\/tacometro-dt2235b\/","url":"https:\/\/abaa.mx\/tienda\/tacometro-dt2235b\/","name":"Tac\u00f3metro - DT2235B - Abaa tienda online","isPartOf":{"@id":"https:\/\/abaa.mx\/tienda\/#website"},"primaryImageOfPage":{"@id":"https:\/\/abaa.mx\/tienda\/tacometro-dt2235b\/#primaryimage"},"image":{"@id":"https:\/\/abaa.mx\/tienda\/tacometro-dt2235b\/#primaryimage"},"thumbnailUrl":"https:\/\/abaa.mx\/tienda\/wp-content\/uploads\/2023\/11\/LUTRON-DT2235B.jpg","datePublished":"2023-11-15T15:30:44+00:00","dateModified":"2023-11-15T15:30:45+00:00","breadcrumb":{"@id":"https:\/\/abaa.mx\/tienda\/tacometro-dt2235b\/#breadcrumb"},"inLanguage":"es","potentialAction":[{"@type":"ReadAction","target":["https:\/\/abaa.mx\/tienda\/tacometro-dt2235b\/"]}]},{"@type":"ImageObject","inLanguage":"es","@id":"https:\/\/abaa.mx\/tienda\/tacometro-dt2235b\/#primaryimage","url":"https:\/\/abaa.mx\/tienda\/wp-content\/uploads\/2023\/11\/LUTRON-DT2235B.jpg","contentUrl":"https:\/\/abaa.mx\/tienda\/wp-content\/uploads\/2023\/11\/LUTRON-DT2235B.jpg","width":339,"height":435,"caption":"LUTRON-DT2235B"},{"@type":"BreadcrumbList","@id":"https:\/\/abaa.mx\/tienda\/tacometro-dt2235b\/#breadcrumb","itemListElement":[{"@type":"ListItem","position":1,"name":"Inicio","item":"https:\/\/abaa.mx\/tienda\/"},{"@type":"ListItem","position":2,"name":"Tienda","item":"https:\/\/abaa.mx\/tienda\/"},{"@type":"ListItem","position":3,"name":"Tac\u00f3metro &#8211; DT2235B"}]},{"@type":"WebSite","@id":"https:\/\/abaa.mx\/tienda\/#website","url":"https:\/\/abaa.mx\/tienda\/","name":"Abaa tienda online","description":"Instrumentos de medici\u00f3n","publisher":{"@id":"https:\/\/abaa.mx\/tienda\/#organization"},"potentialAction":[{"@type":"SearchAction","target":{"@type":"EntryPoint","urlTemplate":"https:\/\/abaa.mx\/tienda\/?s={search_term_string}"},"query-input":{"@type":"PropertyValueSpecification","valueRequired":true,"valueName":"search_term_string"}}],"inLanguage":"es"},{"@type":"Organization","@id":"https:\/\/abaa.mx\/tienda\/#organization","name":"Abaa tienda online","url":"https:\/\/abaa.mx\/tienda\/","logo":{"@type":"ImageObject","inLanguage":"es","@id":"https:\/\/abaa.mx\/tienda\/#\/schema\/logo\/image\/","url":"https:\/\/abaa.mx\/tienda\/wp-content\/uploads\/2024\/01\/abaa-metrologia-tienda.png","contentUrl":"https:\/\/abaa.mx\/tienda\/wp-content\/uploads\/2024\/01\/abaa-metrologia-tienda.png","width":300,"height":141,"caption":"Abaa tienda online"},"image":{"@id":"https:\/\/abaa.mx\/tienda\/#\/schema\/logo\/image\/"}}]}},"_links":{"self":[{"href":"https:\/\/abaa.mx\/tienda\/wp-json\/wp\/v2\/product\/8899","targetHints":{"allow":["GET"]}}],"collection":[{"href":"https:\/\/abaa.mx\/tienda\/wp-json\/wp\/v2\/product"}],"about":[{"href":"https:\/\/abaa.mx\/tienda\/wp-json\/wp\/v2\/types\/product"}],"replies":[{"embeddable":true,"href":"https:\/\/abaa.mx\/tienda\/wp-json\/wp\/v2\/comments?post=8899"}],"wp:featuredmedia":[{"embeddable":true,"href":"https:\/\/abaa.mx\/tienda\/wp-json\/wp\/v2\/media\/8902"}],"wp:attachment":[{"href":"https:\/\/abaa.mx\/tienda\/wp-json\/wp\/v2\/media?parent=8899"}],"wp:term":[{"taxonomy":"product_brand","embeddable":true,"href":"https:\/\/abaa.mx\/tienda\/wp-json\/wp\/v2\/product_brand?post=8899"},{"taxonomy":"product_cat","embeddable":true,"href":"https:\/\/abaa.mx\/tienda\/wp-json\/wp\/v2\/product_cat?post=8899"},{"taxonomy":"product_tag","embeddable":true,"href":"https:\/\/abaa.mx\/tienda\/wp-json\/wp\/v2\/product_tag?post=8899"}],"curies":[{"name":"wp","href":"https:\/\/api.w.org\/{rel}","templated":true}]}}