{"id":8894,"date":"2023-11-15T15:24:39","date_gmt":"2023-11-15T15:24:39","guid":{"rendered":"https:\/\/abaa.mx\/tienda\/?post_type=product&#038;p=8894"},"modified":"2023-11-15T15:24:40","modified_gmt":"2023-11-15T15:24:40","slug":"tacometro-dt2240d","status":"publish","type":"product","link":"https:\/\/abaa.mx\/tienda\/tacometro-dt2240d\/","title":{"rendered":"Tac\u00f3metro &#8211; DT2240D"},"content":{"rendered":"<p>Tac\u00f3metro &#8211; DT2240D.<\/p>\n","protected":false},"excerpt":{"rendered":"<p><strong>Caracter\u00edsticas principales:<\/strong><\/p>\n<p><strong>Aplicaciones:<\/strong><\/p>\n<p>Al comprar el Tac\u00f3metro Tipo Panel, va a deber de comprar cualquiera de los 2 Sensores (Complementos ), seg\u00fan sean sus necesidades.<\/p>\n<div class=\"scrollable-wrapper\">\n<table id=\"Tabla\" border=\"0\" cellspacing=\"0\" cellpadding=\"0\" align=\"center\">\n<tbody>\n<tr>\n<td class=\"Titulo_Tabla_Izquierda\" colspan=\"3\">Sensor de Proximidad, Modelo: LT-PX01<\/td>\n<\/tr>\n<tr>\n<td class=\"Titulo_Tabla_Izquierda\" rowspan=\"7\" width=\"40%\"><img loading=\"lazy\" decoding=\"async\" src=\"https:\/\/twilight.mx\/imagenes-instrumentos\/Tacometros\/LT-DT2240D-02.png\" width=\"207\" height=\"133\" \/><\/td>\n<td class=\"Titulo_Tabla_Izquierda\" width=\"24%\">Suministro de energ\u00eda<\/td>\n<td class=\"Texto_Tabla_Justificado\" width=\"36%\">DC 12V a 24V<\/td>\n<\/tr>\n<tr>\n<td class=\"Titulo_Tabla_Izquierda\">Objeto detectable<\/td>\n<td class=\"Texto_Tabla_Justificado\">Objeto met\u00e1lico (material ferroso)<\/td>\n<\/tr>\n<tr>\n<td class=\"Titulo_Tabla_Izquierda\">Distancia de detecci\u00f3n<\/td>\n<td class=\"Texto_Tabla_Justificado\">4 mm<\/td>\n<\/tr>\n<tr>\n<td class=\"Titulo_Tabla_Izquierda\">Distancia de detecci\u00f3n<\/td>\n<td class=\"Texto_Tabla_Justificado\">4 mm<\/td>\n<\/tr>\n<tr>\n<td class=\"Titulo_Tabla_Izquierda\">Tiempo de respuesta<\/td>\n<td class=\"Texto_Tabla_Justificado\">600 Hz, max<\/td>\n<\/tr>\n<tr>\n<td class=\"Titulo_Tabla_Izquierda\">Consumo de energ\u00eda<\/td>\n<td class=\"Texto_Tabla_Justificado\">aprox. 10 mA<\/td>\n<\/tr>\n<tr>\n<td class=\"Titulo_Tabla_Izquierda\">Longuitud del cable<\/td>\n<td class=\"Texto_Tabla_Justificado\">1 mto<\/td>\n<\/tr>\n<\/tbody>\n<\/table>\n<\/div>\n<div class=\"scrollable-wrapper\">\n<table id=\"Tabla\" border=\"0\" cellspacing=\"0\" cellpadding=\"0\" align=\"center\">\n<tbody>\n<tr>\n<td class=\"Titulo_Tabla_Izquierda\" colspan=\"3\">Foto Sensor, Modelo: LT-PI06<\/td>\n<\/tr>\n<tr>\n<td class=\"Titulo_Tabla_Izquierda\" rowspan=\"2\" align=\"center\" width=\"40%\"><img loading=\"lazy\" decoding=\"async\" src=\"https:\/\/twilight.mx\/imagenes-instrumentos\/Tacometros\/LT-DT2240D-01.png\" width=\"250\" height=\"149\" \/><\/td>\n<td class=\"Titulo_Tabla_Izquierda\" width=\"24%\">Suministro de energ\u00eda<\/td>\n<td class=\"Texto_Tabla_Justificado\" width=\"36%\">Corriente Continua 12v un 30v<\/td>\n<\/tr>\n<tr>\n<td class=\"Titulo_Tabla_Izquierda\" valign=\"top\">3 Cables:<\/td>\n<td class=\"Texto_Tabla_Justificado\" valign=\"top\">Poder<br \/>\nSenal<br \/>\nTierra<\/td>\n<\/tr>\n<\/tbody>\n<\/table>\n<\/div>\n<div class=\"Titulos2\">ESPECIFICACIONES T\u00e9cnicas<\/div>\n<div class=\"scrollable-wrapper\">\n<table id=\"Tabla\" border=\"0\" width=\"100%\" cellspacing=\"0\" cellpadding=\"0\">\n<tbody>\n<tr>\n<td class=\"Titulo_Tabla_Izquierda\" width=\"29%\">Rango<\/td>\n<td class=\"Texto_Tabla_Justificado\" width=\"71%\">5-99990 RPM<\/td>\n<\/tr>\n<tr>\n<td class=\"Titulo_Tabla_Izquierda\">Resoluci\u00f3n<\/td>\n<td class=\"Texto_Tabla_Justificado\">0.1 RPM (5-999.9 RPM)<br \/>\n1 RPM (1000 &#8211; 9999 RPM)<br \/>\n10 RPM (&gt;10000 RPM)<\/td>\n<\/tr>\n<tr>\n<td class=\"Titulo_Tabla_Izquierda\">Exactitud<\/td>\n<td class=\"Texto_Tabla_Justificado\">\u00b1 (0.05% + 1d)<\/td>\n<\/tr>\n<tr>\n<td class=\"Titulo_Tabla_Izquierda\">Senal de Entrada<\/td>\n<td class=\"Texto_Tabla_Justificado\">1 Pulso \/ 1 Rotaci\u00f3n<\/td>\n<\/tr>\n<tr>\n<td class=\"Titulo_Tabla_Izquierda\">Circuito<\/td>\n<td class=\"Texto_Tabla_Justificado\">Microporcesador IC CKT<\/td>\n<\/tr>\n<tr>\n<td class=\"Titulo_Tabla_Izquierda\" width=\"29%\">Demostraci\u00f3n<\/td>\n<td class=\"Texto_Tabla_Justificado\" width=\"71%\">14.3 mm (0.56&#8243;) resplandor alto rojo CONDUCIDO. 4 d\u00edgitos., demostraci\u00f3n m\u00e1xima 9999<\/td>\n<\/tr>\n<tr>\n<td class=\"Titulo_Tabla_Izquierda\">Entrada de senal<\/td>\n<td class=\"Texto_Tabla_Justificado\">Un puerto de entrada para adquirir la senal de RPM del sensor (Se recomienda seleccionar sensor de proximidad LT-PX01 o el sensor \u00f3ptico LT-PI06)<\/td>\n<\/tr>\n<tr>\n<td class=\"Titulo_Tabla_Izquierda\">Rango<\/td>\n<td class=\"Texto_Tabla_Justificado\">5 a 9,9990 RPM<\/td>\n<\/tr>\n<tr>\n<td class=\"Titulo_Tabla_Izquierda\" rowspan=\"3\">Resoluci\u00f3n<\/td>\n<td class=\"Texto_Tabla_Justificado\">0.1RPM (5 a 999 RPM)<\/td>\n<\/tr>\n<tr>\n<td class=\"Texto_Tabla_Justificado\">1 RPM (1000 a 9,999 RPM)<\/td>\n<\/tr>\n<tr>\n<td class=\"Texto_Tabla_Justificado\">10 RPM (hasta 10,000 RPM)<\/td>\n<\/tr>\n<tr>\n<td class=\"Titulo_Tabla_Izquierda\">Exactitud<\/td>\n<td class=\"Texto_Tabla_Justificado\">\u00b1 (0.05% + 1 d)<\/td>\n<\/tr>\n<tr>\n<td class=\"Titulo_Tabla_Izquierda\">Prueba de tiempo<\/td>\n<td class=\"Texto_Tabla_Justificado\">1 segundo hasta 60 RPM<\/td>\n<\/tr>\n<tr>\n<td class=\"Titulo_Tabla_Izquierda\">Rango seleccionado<\/td>\n<td class=\"Texto_Tabla_Justificado\">Autom\u00e1tico midiendo el valor m\u00e1s de 9999 RPM, la demostraci\u00f3n mostrar\u00e1 &#8220;x 10&#8221; indicador de LED<\/td>\n<\/tr>\n<tr>\n<td class=\"Titulo_Tabla_Izquierda\">Temperatura de operaciones<\/td>\n<td class=\"Texto_Tabla_Justificado\">0\u00b0C hasta 50\u00b0C (32\u00b0F hasta 122\u00b0F)<\/td>\n<\/tr>\n<tr>\n<td class=\"Titulo_Tabla_Izquierda\">Humedad de operaciones<\/td>\n<td class=\"Texto_Tabla_Justificado\">RH de menos del 80 %<\/td>\n<\/tr>\n<tr>\n<td class=\"Titulo_Tabla_Izquierda\">Suministro de energ\u00eda<\/td>\n<td class=\"Texto_Tabla_Justificado\">Corriente alterna 110v, 220v, 50760 Hz (o 230V ajuste interno)<\/td>\n<\/tr>\n<tr>\n<td class=\"Titulo_Tabla_Izquierda\">Consumo de energ\u00eda<\/td>\n<td class=\"Texto_Tabla_Justificado\">Aprox. CA 16 mA (CA 110v poder). Aprox. CA 9 mA (CA 220v\/230 poder)<\/td>\n<\/tr>\n<\/tbody>\n<\/table>\n<\/div>\n","protected":false},"featured_media":8897,"comment_status":"open","ping_status":"closed","template":"","meta":{"_joinchat":[]},"product_brand":[],"product_cat":[132],"product_tag":[],"class_list":{"0":"post-8894","1":"product","2":"type-product","3":"status-publish","4":"has-post-thumbnail","6":"product_cat-tacometros-y-fototacometros","8":"first","9":"instock","10":"shipping-taxable","11":"product-type-simple"},"yoast_head":"<!-- This site is optimized with the Yoast SEO plugin v26.4 - https:\/\/yoast.com\/wordpress\/plugins\/seo\/ -->\n<title>Tac\u00f3metro - DT2240D - Abaa tienda online<\/title>\n<meta name=\"robots\" content=\"index, follow, max-snippet:-1, max-image-preview:large, max-video-preview:-1\" \/>\n<link rel=\"canonical\" href=\"https:\/\/abaa.mx\/tienda\/tacometro-dt2240d\/\" \/>\n<meta property=\"og:locale\" content=\"es_MX\" \/>\n<meta property=\"og:type\" content=\"article\" \/>\n<meta property=\"og:title\" content=\"Tac\u00f3metro - DT2240D - Abaa tienda online\" \/>\n<meta property=\"og:description\" content=\"Caracter\u00edsticas principales:  Aplicaciones:  Al comprar el Tac\u00f3metro Tipo Panel, va a deber de comprar cualquiera de los 2 Sensores (Complementos ), seg\u00fan sean sus necesidades.     Sensor de Proximidad, Modelo: LT-PX01    Suministro de energ\u00eda DC 12V a 24V   Objeto detectable Objeto met\u00e1lico (material ferroso)   Distancia de detecci\u00f3n 4 mm   Distancia de detecci\u00f3n 4 mm   Tiempo de respuesta 600 Hz, max   Consumo de energ\u00eda aprox. 10 mA   Longuitud del cable 1 mto         Foto Sensor, Modelo: LT-PI06    Suministro de energ\u00eda Corriente Continua 12v un 30v   3 Cables: Poder Senal Tierra     ESPECIFICACIONES T\u00e9cnicas     Rango 5-99990 RPM   Resoluci\u00f3n 0.1 RPM (5-999.9 RPM) 1 RPM (1000 - 9999 RPM) 10 RPM (&gt;10000 RPM)   Exactitud \u00b1 (0.05% + 1d)   Senal de Entrada 1 Pulso \/ 1 Rotaci\u00f3n   Circuito Microporcesador IC CKT   Demostraci\u00f3n 14.3 mm (0.56&quot;) resplandor alto rojo CONDUCIDO. 4 d\u00edgitos., demostraci\u00f3n m\u00e1xima 9999   Entrada de senal Un puerto de entrada para adquirir la senal de RPM del sensor (Se recomienda seleccionar sensor de proximidad LT-PX01 o el sensor \u00f3ptico LT-PI06)   Rango 5 a 9,9990 RPM   Resoluci\u00f3n 0.1RPM (5 a 999 RPM)   1 RPM (1000 a 9,999 RPM)   10 RPM (hasta 10,000 RPM)   Exactitud \u00b1 (0.05% + 1 d)   Prueba de tiempo 1 segundo hasta 60 RPM   Rango seleccionado Autom\u00e1tico midiendo el valor m\u00e1s de 9999 RPM, la demostraci\u00f3n mostrar\u00e1 &quot;x 10&quot; indicador de LED   Temperatura de operaciones 0\u00b0C hasta 50\u00b0C (32\u00b0F hasta 122\u00b0F)   Humedad de operaciones RH de menos del 80 %   Suministro de energ\u00eda Corriente alterna 110v, 220v, 50760 Hz (o 230V ajuste interno)   Consumo de energ\u00eda Aprox. CA 16 mA (CA 110v poder). Aprox. CA 9 mA (CA 220v\/230 poder)\" \/>\n<meta property=\"og:url\" content=\"https:\/\/abaa.mx\/tienda\/tacometro-dt2240d\/\" \/>\n<meta property=\"og:site_name\" content=\"Abaa tienda online\" \/>\n<meta property=\"article:modified_time\" content=\"2023-11-15T15:24:40+00:00\" \/>\n<meta property=\"og:image\" content=\"https:\/\/abaa.mx\/tienda\/wp-content\/uploads\/2023\/11\/LUTRON-DT2240D.jpg\" \/>\n\t<meta property=\"og:image:width\" content=\"392\" \/>\n\t<meta property=\"og:image:height\" content=\"363\" \/>\n\t<meta property=\"og:image:type\" content=\"image\/jpeg\" \/>\n<meta name=\"twitter:card\" content=\"summary_large_image\" \/>\n<meta name=\"twitter:label1\" content=\"Tiempo de lectura\" \/>\n\t<meta name=\"twitter:data1\" content=\"1 minuto\" \/>\n<script type=\"application\/ld+json\" class=\"yoast-schema-graph\">{\"@context\":\"https:\/\/schema.org\",\"@graph\":[{\"@type\":\"WebPage\",\"@id\":\"https:\/\/abaa.mx\/tienda\/tacometro-dt2240d\/\",\"url\":\"https:\/\/abaa.mx\/tienda\/tacometro-dt2240d\/\",\"name\":\"Tac\u00f3metro - DT2240D - Abaa tienda online\",\"isPartOf\":{\"@id\":\"https:\/\/abaa.mx\/tienda\/#website\"},\"primaryImageOfPage\":{\"@id\":\"https:\/\/abaa.mx\/tienda\/tacometro-dt2240d\/#primaryimage\"},\"image\":{\"@id\":\"https:\/\/abaa.mx\/tienda\/tacometro-dt2240d\/#primaryimage\"},\"thumbnailUrl\":\"https:\/\/abaa.mx\/tienda\/wp-content\/uploads\/2023\/11\/LUTRON-DT2240D.jpg\",\"datePublished\":\"2023-11-15T15:24:39+00:00\",\"dateModified\":\"2023-11-15T15:24:40+00:00\",\"breadcrumb\":{\"@id\":\"https:\/\/abaa.mx\/tienda\/tacometro-dt2240d\/#breadcrumb\"},\"inLanguage\":\"es\",\"potentialAction\":[{\"@type\":\"ReadAction\",\"target\":[\"https:\/\/abaa.mx\/tienda\/tacometro-dt2240d\/\"]}]},{\"@type\":\"ImageObject\",\"inLanguage\":\"es\",\"@id\":\"https:\/\/abaa.mx\/tienda\/tacometro-dt2240d\/#primaryimage\",\"url\":\"https:\/\/abaa.mx\/tienda\/wp-content\/uploads\/2023\/11\/LUTRON-DT2240D.jpg\",\"contentUrl\":\"https:\/\/abaa.mx\/tienda\/wp-content\/uploads\/2023\/11\/LUTRON-DT2240D.jpg\",\"width\":392,\"height\":363,\"caption\":\"LUTRON-DT2240D\"},{\"@type\":\"BreadcrumbList\",\"@id\":\"https:\/\/abaa.mx\/tienda\/tacometro-dt2240d\/#breadcrumb\",\"itemListElement\":[{\"@type\":\"ListItem\",\"position\":1,\"name\":\"Inicio\",\"item\":\"https:\/\/abaa.mx\/tienda\/\"},{\"@type\":\"ListItem\",\"position\":2,\"name\":\"Tienda\",\"item\":\"https:\/\/abaa.mx\/tienda\/\"},{\"@type\":\"ListItem\",\"position\":3,\"name\":\"Tac\u00f3metro &#8211; DT2240D\"}]},{\"@type\":\"WebSite\",\"@id\":\"https:\/\/abaa.mx\/tienda\/#website\",\"url\":\"https:\/\/abaa.mx\/tienda\/\",\"name\":\"Abaa tienda online\",\"description\":\"Instrumentos de medici\u00f3n\",\"publisher\":{\"@id\":\"https:\/\/abaa.mx\/tienda\/#organization\"},\"potentialAction\":[{\"@type\":\"SearchAction\",\"target\":{\"@type\":\"EntryPoint\",\"urlTemplate\":\"https:\/\/abaa.mx\/tienda\/?s={search_term_string}\"},\"query-input\":{\"@type\":\"PropertyValueSpecification\",\"valueRequired\":true,\"valueName\":\"search_term_string\"}}],\"inLanguage\":\"es\"},{\"@type\":\"Organization\",\"@id\":\"https:\/\/abaa.mx\/tienda\/#organization\",\"name\":\"Abaa tienda online\",\"url\":\"https:\/\/abaa.mx\/tienda\/\",\"logo\":{\"@type\":\"ImageObject\",\"inLanguage\":\"es\",\"@id\":\"https:\/\/abaa.mx\/tienda\/#\/schema\/logo\/image\/\",\"url\":\"https:\/\/abaa.mx\/tienda\/wp-content\/uploads\/2024\/01\/abaa-metrologia-tienda.png\",\"contentUrl\":\"https:\/\/abaa.mx\/tienda\/wp-content\/uploads\/2024\/01\/abaa-metrologia-tienda.png\",\"width\":300,\"height\":141,\"caption\":\"Abaa tienda online\"},\"image\":{\"@id\":\"https:\/\/abaa.mx\/tienda\/#\/schema\/logo\/image\/\"}}]}<\/script>\n<!-- \/ Yoast SEO plugin. -->","yoast_head_json":{"title":"Tac\u00f3metro - DT2240D - Abaa tienda online","robots":{"index":"index","follow":"follow","max-snippet":"max-snippet:-1","max-image-preview":"max-image-preview:large","max-video-preview":"max-video-preview:-1"},"canonical":"https:\/\/abaa.mx\/tienda\/tacometro-dt2240d\/","og_locale":"es_MX","og_type":"article","og_title":"Tac\u00f3metro - DT2240D - Abaa tienda online","og_description":"Caracter\u00edsticas principales:  Aplicaciones:  Al comprar el Tac\u00f3metro Tipo Panel, va a deber de comprar cualquiera de los 2 Sensores (Complementos ), seg\u00fan sean sus necesidades.     Sensor de Proximidad, Modelo: LT-PX01    Suministro de energ\u00eda DC 12V a 24V   Objeto detectable Objeto met\u00e1lico (material ferroso)   Distancia de detecci\u00f3n 4 mm   Distancia de detecci\u00f3n 4 mm   Tiempo de respuesta 600 Hz, max   Consumo de energ\u00eda aprox. 10 mA   Longuitud del cable 1 mto         Foto Sensor, Modelo: LT-PI06    Suministro de energ\u00eda Corriente Continua 12v un 30v   3 Cables: Poder Senal Tierra     ESPECIFICACIONES T\u00e9cnicas     Rango 5-99990 RPM   Resoluci\u00f3n 0.1 RPM (5-999.9 RPM) 1 RPM (1000 - 9999 RPM) 10 RPM (&gt;10000 RPM)   Exactitud \u00b1 (0.05% + 1d)   Senal de Entrada 1 Pulso \/ 1 Rotaci\u00f3n   Circuito Microporcesador IC CKT   Demostraci\u00f3n 14.3 mm (0.56\") resplandor alto rojo CONDUCIDO. 4 d\u00edgitos., demostraci\u00f3n m\u00e1xima 9999   Entrada de senal Un puerto de entrada para adquirir la senal de RPM del sensor (Se recomienda seleccionar sensor de proximidad LT-PX01 o el sensor \u00f3ptico LT-PI06)   Rango 5 a 9,9990 RPM   Resoluci\u00f3n 0.1RPM (5 a 999 RPM)   1 RPM (1000 a 9,999 RPM)   10 RPM (hasta 10,000 RPM)   Exactitud \u00b1 (0.05% + 1 d)   Prueba de tiempo 1 segundo hasta 60 RPM   Rango seleccionado Autom\u00e1tico midiendo el valor m\u00e1s de 9999 RPM, la demostraci\u00f3n mostrar\u00e1 \"x 10\" indicador de LED   Temperatura de operaciones 0\u00b0C hasta 50\u00b0C (32\u00b0F hasta 122\u00b0F)   Humedad de operaciones RH de menos del 80 %   Suministro de energ\u00eda Corriente alterna 110v, 220v, 50760 Hz (o 230V ajuste interno)   Consumo de energ\u00eda Aprox. CA 16 mA (CA 110v poder). Aprox. CA 9 mA (CA 220v\/230 poder)","og_url":"https:\/\/abaa.mx\/tienda\/tacometro-dt2240d\/","og_site_name":"Abaa tienda online","article_modified_time":"2023-11-15T15:24:40+00:00","og_image":[{"width":392,"height":363,"url":"https:\/\/abaa.mx\/tienda\/wp-content\/uploads\/2023\/11\/LUTRON-DT2240D.jpg","type":"image\/jpeg"}],"twitter_card":"summary_large_image","twitter_misc":{"Tiempo de lectura":"1 minuto"},"schema":{"@context":"https:\/\/schema.org","@graph":[{"@type":"WebPage","@id":"https:\/\/abaa.mx\/tienda\/tacometro-dt2240d\/","url":"https:\/\/abaa.mx\/tienda\/tacometro-dt2240d\/","name":"Tac\u00f3metro - DT2240D - Abaa tienda online","isPartOf":{"@id":"https:\/\/abaa.mx\/tienda\/#website"},"primaryImageOfPage":{"@id":"https:\/\/abaa.mx\/tienda\/tacometro-dt2240d\/#primaryimage"},"image":{"@id":"https:\/\/abaa.mx\/tienda\/tacometro-dt2240d\/#primaryimage"},"thumbnailUrl":"https:\/\/abaa.mx\/tienda\/wp-content\/uploads\/2023\/11\/LUTRON-DT2240D.jpg","datePublished":"2023-11-15T15:24:39+00:00","dateModified":"2023-11-15T15:24:40+00:00","breadcrumb":{"@id":"https:\/\/abaa.mx\/tienda\/tacometro-dt2240d\/#breadcrumb"},"inLanguage":"es","potentialAction":[{"@type":"ReadAction","target":["https:\/\/abaa.mx\/tienda\/tacometro-dt2240d\/"]}]},{"@type":"ImageObject","inLanguage":"es","@id":"https:\/\/abaa.mx\/tienda\/tacometro-dt2240d\/#primaryimage","url":"https:\/\/abaa.mx\/tienda\/wp-content\/uploads\/2023\/11\/LUTRON-DT2240D.jpg","contentUrl":"https:\/\/abaa.mx\/tienda\/wp-content\/uploads\/2023\/11\/LUTRON-DT2240D.jpg","width":392,"height":363,"caption":"LUTRON-DT2240D"},{"@type":"BreadcrumbList","@id":"https:\/\/abaa.mx\/tienda\/tacometro-dt2240d\/#breadcrumb","itemListElement":[{"@type":"ListItem","position":1,"name":"Inicio","item":"https:\/\/abaa.mx\/tienda\/"},{"@type":"ListItem","position":2,"name":"Tienda","item":"https:\/\/abaa.mx\/tienda\/"},{"@type":"ListItem","position":3,"name":"Tac\u00f3metro &#8211; DT2240D"}]},{"@type":"WebSite","@id":"https:\/\/abaa.mx\/tienda\/#website","url":"https:\/\/abaa.mx\/tienda\/","name":"Abaa tienda online","description":"Instrumentos de medici\u00f3n","publisher":{"@id":"https:\/\/abaa.mx\/tienda\/#organization"},"potentialAction":[{"@type":"SearchAction","target":{"@type":"EntryPoint","urlTemplate":"https:\/\/abaa.mx\/tienda\/?s={search_term_string}"},"query-input":{"@type":"PropertyValueSpecification","valueRequired":true,"valueName":"search_term_string"}}],"inLanguage":"es"},{"@type":"Organization","@id":"https:\/\/abaa.mx\/tienda\/#organization","name":"Abaa tienda online","url":"https:\/\/abaa.mx\/tienda\/","logo":{"@type":"ImageObject","inLanguage":"es","@id":"https:\/\/abaa.mx\/tienda\/#\/schema\/logo\/image\/","url":"https:\/\/abaa.mx\/tienda\/wp-content\/uploads\/2024\/01\/abaa-metrologia-tienda.png","contentUrl":"https:\/\/abaa.mx\/tienda\/wp-content\/uploads\/2024\/01\/abaa-metrologia-tienda.png","width":300,"height":141,"caption":"Abaa tienda online"},"image":{"@id":"https:\/\/abaa.mx\/tienda\/#\/schema\/logo\/image\/"}}]}},"_links":{"self":[{"href":"https:\/\/abaa.mx\/tienda\/wp-json\/wp\/v2\/product\/8894","targetHints":{"allow":["GET"]}}],"collection":[{"href":"https:\/\/abaa.mx\/tienda\/wp-json\/wp\/v2\/product"}],"about":[{"href":"https:\/\/abaa.mx\/tienda\/wp-json\/wp\/v2\/types\/product"}],"replies":[{"embeddable":true,"href":"https:\/\/abaa.mx\/tienda\/wp-json\/wp\/v2\/comments?post=8894"}],"wp:featuredmedia":[{"embeddable":true,"href":"https:\/\/abaa.mx\/tienda\/wp-json\/wp\/v2\/media\/8897"}],"wp:attachment":[{"href":"https:\/\/abaa.mx\/tienda\/wp-json\/wp\/v2\/media?parent=8894"}],"wp:term":[{"taxonomy":"product_brand","embeddable":true,"href":"https:\/\/abaa.mx\/tienda\/wp-json\/wp\/v2\/product_brand?post=8894"},{"taxonomy":"product_cat","embeddable":true,"href":"https:\/\/abaa.mx\/tienda\/wp-json\/wp\/v2\/product_cat?post=8894"},{"taxonomy":"product_tag","embeddable":true,"href":"https:\/\/abaa.mx\/tienda\/wp-json\/wp\/v2\/product_tag?post=8894"}],"curies":[{"name":"wp","href":"https:\/\/api.w.org\/{rel}","templated":true}]}}